{"id":7886,"date":"2014-04-11T10:27:32","date_gmt":"2014-04-11T08:27:32","guid":{"rendered":"http:\/\/www.maxima-dia.com\/?post_type=products&#038;p=7886"},"modified":"2021-12-10T10:30:47","modified_gmt":"2021-12-10T09:30:47","slug":"cer-blanc-turbo","status":"publish","type":"page","link":"https:\/\/www.maxima-dia.com\/fr\/disques-diamantes-pour-ceramique\/cer-blanc-turbo\/","title":{"rendered":"Cer Blanc Turbo"},"content":{"rendered":"<div class=\"wpb-content-wrapper\"><p>[vc_row][vc_column text_align=\u00a0\u00bbcenter\u00a0\u00bb width=\u00a0\u00bb1\/4&Prime;][vc_column_text]<a href=\"\/wp-content\/uploads\/2017\/02\/cer-bianco-turbo.jpg\"><img loading=\"lazy\" decoding=\"async\" class=\"alignnone size-thumbnail wp-image-13833\" src=\"\/wp-content\/uploads\/2017\/02\/cer-bianco-turbo-150x150.jpg\" alt=\"CER BIANCO TURBO\" width=\"150\" height=\"150\" srcset=\"https:\/\/www.maxima-dia.com\/wp-content\/uploads\/2017\/02\/cer-bianco-turbo-150x150.jpg 150w, https:\/\/www.maxima-dia.com\/wp-content\/uploads\/2017\/02\/cer-bianco-turbo-300x300.jpg 300w, https:\/\/www.maxima-dia.com\/wp-content\/uploads\/2017\/02\/cer-bianco-turbo-768x768.jpg 768w, https:\/\/www.maxima-dia.com\/wp-content\/uploads\/2017\/02\/cer-bianco-turbo-1024x1024.jpg 1024w, https:\/\/www.maxima-dia.com\/wp-content\/uploads\/2017\/02\/cer-bianco-turbo-80x80.jpg 80w, https:\/\/www.maxima-dia.com\/wp-content\/uploads\/2017\/02\/cer-bianco-turbo-500x500.jpg 500w, https:\/\/www.maxima-dia.com\/wp-content\/uploads\/2017\/02\/cer-bianco-turbo-1000x1000.jpg 1000w, https:\/\/www.maxima-dia.com\/wp-content\/uploads\/2017\/02\/cer-bianco-turbo.jpg 1200w\" sizes=\"(max-width: 150px) 100vw, 150px\" \/><\/a><\/p>\n<p><span style=\"background-color: #cc0000; color: #ffffff; padding: 5px;\">Sp. 1,4 mm<\/span>[\/vc_column_text][vc_column_text css_animation=\u00a0\u00bbslideInDown\u00a0\u00bb el_class=\u00a0\u00bbhidebuybutton\u00a0\u00bb]<a href=\"https:\/\/www.storemaxima.com\/fr\/disques-diamante-pour-ceramique\/170-cer-rouge-turbo.html\" target=\"_blank\" rel=\"noopener\"><img loading=\"lazy\" decoding=\"async\" class=\"alignnone\" title=\"Acheter sur www.storemaxima.com\" src=\"https:\/\/www.maxima-dia.com\/wp-content\/uploads\/2019\/12\/pulsante-acquista-storemaxima.com-fr.svg\" alt=\"Acheter sur www.storemaxima.com\" width=\"180\" height=\"80\"><\/a>[\/vc_column_text][vc_btn title=\u00a0\u00bbFiche du produit\u00a0\u00bb style=\u00a0\u00bboutline-custom\u00a0\u00bb outline_custom_color=\u00a0\u00bb#cc0000&Prime; outline_custom_hover_background=\u00a0\u00bb#910000&Prime; outline_custom_hover_text=\u00a0\u00bb#f7f7f7&Prime; align=\u00a0\u00bbcenter\u00a0\u00bb i_icon_fontawesome=\u00a0\u00bbfas fa-download\u00a0\u00bb add_icon=\u00a0\u00bbtrue\u00a0\u00bb css=\u00a0\u00bb.vc_custom_1639128640099{margin-top: 5px !important;margin-right: 5px !important;margin-bottom: 5px !important;margin-left: 5px !important;}\u00a0\u00bb link=\u00a0\u00bburl:%2Fdl.php%3Ffile_url%3Dhttps%3A%2F%2Fwww.maxima-dia.com%2Fwp-content%2Fuploads%2F2021%2F11%2FDISQUES-POUR-CE%25CC%2581RAMIQUE-CER-ROSE-TURBO-CER-ROSE-LASER-CER-BLANC-TURBO-FR.pdf\u00a0\u00bb][\/vc_column][vc_column width=\u00a0\u00bb3\/4&Prime;][vc_column_text]Le <strong>Cer Blanc Turbo<\/strong> est un disque diamant\u00e9 id\u00e9al pour une utilisation non intensive sur le gr\u00e8s c\u00e9rame. Convient aux utilisateurs soucieux des co\u00fbts mais qui ne veulent pas renoncer \u00e0 la qualit\u00e9, offre un excellent rapport qualit\u00e9\/prix. Ce mod\u00e8le offre toute la fiabilit\u00e9 et les performances Maxima \u00e0 des conditions avantageuses.<br \/>\n<strong>Pour des raisons de s\u00e9curit\u00e9, il est d\u00e9conseill\u00e9 d\u2019utiliser des disques ultraminces pour la coupe en biseau.<\/strong><\/p>\n<table class=\"tabellatecnica\" style=\"width: 80%;\" border=\"0\" cellspacing=\"0\" cellpadding=\"0\">\n<thead>\n<tr>\n<td class=\"testata\" colspan=\"2\">TABLEAU TECHNIQUE<\/td>\n<\/tr>\n<\/thead>\n<tbody>\n<tr>\n<td class=\"prima\">B\u00e9ton durci \/ Briques \/ Tuiles<\/td>\n<td class=\"seconda\">&nbsp;<\/td>\n<\/tr>\n<tr>\n<td class=\"prima\">B\u00e9ton l\u00e9g\u00e8rement arm\u00e9<\/td>\n<td class=\"seconda\">&nbsp;<\/td>\n<\/tr>\n<tr>\n<td class=\"prima\">B\u00e9ton fortement arm\u00e9<\/td>\n<td class=\"seconda\">&nbsp;<\/td>\n<\/tr>\n<tr>\n<td class=\"prima\">Granits \/ Pierres naturelles \/ Porphyres<\/td>\n<td class=\"seconda\"><b class=\"txtred\">\u2605<\/b><b class=\"txtred\">\u2605<\/b><b class=\"txtred\">\u2605<\/b><\/td>\n<\/tr>\n<tr>\n<td class=\"prima\">Marbres<\/td>\n<td class=\"seconda\"><b class=\"txtred\">\u2605<\/b><b class=\"txtred\">\u2605<\/b><b class=\"txtred\">\u2605<\/b><b class=\"txtred\">\u2605<\/b><\/td>\n<\/tr>\n<tr>\n<td class=\"prima\">R\u00e9fractaires<\/td>\n<td class=\"seconda\">&nbsp;<\/td>\n<\/tr>\n<tr>\n<td class=\"prima\">Gr\u00e8s \/ Plaques de jard lav\u00e9<\/td>\n<td class=\"seconda\">&nbsp;<\/td>\n<\/tr>\n<tr>\n<td class=\"prima\">C\u00e9ramique double cuisson<\/td>\n<td class=\"seconda\"><b class=\"txtred\">\u2605<\/b><b class=\"txtred\">\u2605<\/b><b class=\"txtred\">\u2605<\/b><b class=\"txtred\">\u2605<\/b><\/td>\n<\/tr>\n<tr>\n<td class=\"prima\">C\u00e9ramique monocuisson<\/td>\n<td class=\"seconda\"><b class=\"txtred\">\u2605<\/b><b class=\"txtred\">\u2605<\/b><b class=\"txtred\">\u2605<\/b><b class=\"txtred\">\u2605<\/b><\/td>\n<\/tr>\n<tr>\n<td class=\"prima\">Gr\u00e8s porcelain\u00e9 \/ Clinker<\/td>\n<td class=\"seconda\"><b class=\"txtred\">\u2605<\/b><b class=\"txtred\">\u2605<\/b><b class=\"txtred\">\u2605<\/b><b class=\"txtred\">\u2605<\/b><\/td>\n<\/tr>\n<tr>\n<td class=\"prima\">Ciment frais<\/td>\n<td class=\"seconda\">&nbsp;<\/td>\n<\/tr>\n<tr>\n<td class=\"prima\">Asphalte<\/td>\n<td class=\"seconda\">&nbsp;<\/td>\n<\/tr>\n<tr>\n<td class=\"intervallo\" colspan=\"2\">&nbsp;<\/td>\n<\/tr>\n<tr>\n<td class=\"prima\">Vitesse de coupe<\/td>\n<td class=\"seconda\"><b class=\"txtred\">\u2605<\/b><b class=\"txtred\">\u2605<\/b><b class=\"txtred\">\u2605<\/b><b class=\"txtred\">\u2605<\/b><\/td>\n<\/tr>\n<tr>\n<td class=\"prima\">Dur\u00e9e de vie moyenne<\/td>\n<td class=\"seconda\"><b class=\"txtred\">\u2605<\/b><b class=\"txtred\">\u2605<\/b><\/td>\n<\/tr>\n<tr>\n<td class=\"legenda\" colspan=\"2\"><strong>passable<\/strong>&nbsp;<b class=\"txtred\">\u2605<\/b>&nbsp;<strong>moyen<\/strong>&nbsp;<b class=\"txtred\">\u2605<\/b><b class=\"txtred\">\u2605<\/b>&nbsp;<strong>bon<\/strong>&nbsp;<b class=\"txtred\">\u2605<\/b><b class=\"txtred\">\u2605<\/b><b class=\"txtred\">\u2605<\/b>&nbsp;<strong>excellent&nbsp;<\/strong><b class=\"txtred\">\u2605<\/b><b class=\"txtred\">\u2605<\/b><b class=\"txtred\">\u2605<\/b><b class=\"txtred\">\u2605<\/b>&nbsp;<strong>super<\/strong>&nbsp;<b class=\"txtred\">\u2605<\/b><b class=\"txtred\">\u2605<\/b><b class=\"txtred\">\u2605<\/b><b class=\"txtred\">\u2605<\/b><b class=\"txtred\">\u2605<\/b><\/td>\n<\/tr>\n<\/tbody>\n<\/table>\n<p>&nbsp;<\/p>\n<table class=\"tabellatecnica\" style=\"width: 80%;\" border=\"0\" cellspacing=\"0\" cellpadding=\"0\">\n<thead>\n<tr>\n<td class=\"testata\">DIAM\u00c8TRES DISPONIBLES<\/td>\n<\/tr>\n<\/thead>\n<tbody>\n<tr>\n<td><img loading=\"lazy\" decoding=\"async\" class=\"alignleft\" style=\"margin-bottom: 30px;\" src=\"\/wp-content\/uploads\/2013\/10\/s-taglio1.png\" alt=\"s-taglio1\" width=\"64\" height=\"30\"> 115<\/td>\n<\/tr>\n<\/tbody>\n<\/table>\n<p>&nbsp;[\/vc_column_text][\/vc_column][\/vc_row]<\/p>\n<\/div>","protected":false},"excerpt":{"rendered":"<p>[vc_row][vc_column text_align=\u00a0\u00bbcenter\u00a0\u00bb width=\u00a0\u00bb1\/4&Prime;][vc_column_text] Sp. 1,4 mm[\/vc_column_text][vc_column_text css_animation=\u00a0\u00bbslideInDown\u00a0\u00bb el_class=\u00a0\u00bbhidebuybutton\u00a0\u00bb][\/vc_column_text][vc_btn title=\u00a0\u00bbFiche du produit\u00a0\u00bb style=\u00a0\u00bboutline-custom\u00a0\u00bb outline_custom_color=\u00a0\u00bb#cc0000&Prime; outline_custom_hover_background=\u00a0\u00bb#910000&Prime; outline_custom_hover_text=\u00a0\u00bb#f7f7f7&Prime; align=\u00a0\u00bbcenter\u00a0\u00bb i_icon_fontawesome=\u00a0\u00bbfas fa-download\u00a0\u00bb add_icon=\u00a0\u00bbtrue\u00a0\u00bb css=\u00a0\u00bb.vc_custom_1639128640099{margin-top: 5px !important;margin-right: 5px !important;margin-bottom: 5px !important;margin-left: 5px !important;}\u00a0\u00bb link=\u00a0\u00bburl:%2Fdl.php%3Ffile_url%3Dhttps%3A%2F%2Fwww.maxima-dia.com%2Fwp-content%2Fuploads%2F2021%2F11%2FDISQUES-POUR-CE%25CC%2581RAMIQUE-CER-ROSE-TURBO-CER-ROSE-LASER-CER-BLANC-TURBO-FR.pdf\u00a0\u00bb][\/vc_column][vc_column width=\u00a0\u00bb3\/4&Prime;][vc_column_text]Le Cer Blanc Turbo est un disque diamant\u00e9 id\u00e9al pour une utilisation non intensive sur le gr\u00e8s c\u00e9rame. Convient aux utilisateurs soucieux des co\u00fbts mais qui ne veulent pas renoncer \u00e0 la qualit\u00e9, offre un excellent rapport qualit\u00e9\/prix. Ce mod\u00e8le offre toute la fiabilit\u00e9 et les performances Maxima \u00e0 des conditions avantageuses. Pour des raisons de s\u00e9curit\u00e9, il est d\u00e9conseill\u00e9 d\u2019utiliser des disques ultraminces pour la coupe en biseau. TABLEAU TECHNIQUE B\u00e9ton durci \/ Briques \/ Tuiles &nbsp; B\u00e9ton l\u00e9g\u00e8rement arm\u00e9 &nbsp; B\u00e9ton fortement arm\u00e9 &nbsp; Granits \/ Pierres naturelles \/ Porphyres \u2605\u2605\u2605 Marbres \u2605\u2605\u2605\u2605 R\u00e9fractaires &nbsp; Gr\u00e8s \/ Plaques de jard lav\u00e9 &nbsp; C\u00e9ramique double cuisson \u2605\u2605\u2605\u2605 C\u00e9ramique monocuisson \u2605\u2605\u2605\u2605 Gr\u00e8s porcelain\u00e9 \/ Clinker \u2605\u2605\u2605\u2605 Ciment frais &nbsp; Asphalte &nbsp; &nbsp; Vitesse de coupe \u2605\u2605\u2605\u2605 Dur\u00e9e de vie moyenne \u2605\u2605 passable&nbsp;\u2605&nbsp;moyen&nbsp;\u2605\u2605&nbsp;bon&nbsp;\u2605\u2605\u2605&nbsp;excellent&nbsp;\u2605\u2605\u2605\u2605&nbsp;super&nbsp;\u2605\u2605\u2605\u2605\u2605 &nbsp; DIAM\u00c8TRES DISPONIBLES 115 &nbsp;[\/vc_column_text][\/vc_column][\/vc_row]<\/p>\n","protected":false},"author":29,"featured_media":24276,"parent":12413,"menu_order":6,"comment_status":"closed","ping_status":"closed","template":"","meta":{"ngg_post_thumbnail":0,"_joinchat":[],"footnotes":""},"class_list":["post-7886","page","type-page","status-publish","has-post-thumbnail","hentry"],"yoast_head":"<!-- This site is optimized with the Yoast SEO plugin v25.5 - https:\/\/yoast.com\/wordpress\/plugins\/seo\/ -->\n<title>Cer Blanc Turbo - Maxima SpA<\/title>\n<meta name=\"description\" content=\"Des performances sup\u00e9rieures pour un disque diamant\u00e9 \u00e0 forte sp\u00e9cialisation. Cer Blanc a \u00e9t\u00e9 con\u00e7u et r\u00e9alis\u00e9 pour la c\u00e9ramique \u00e0 double cuisson, monocuisson et pour le gr\u00e8s.\" \/>\n<meta name=\"robots\" content=\"index, follow, max-snippet:-1, max-image-preview:large, max-video-preview:-1\" \/>\n<link rel=\"canonical\" href=\"https:\/\/www.maxima-dia.com\/fr\/disques-diamantes-pour-ceramique\/cer-blanc-turbo\/\" \/>\n<meta property=\"og:locale\" content=\"fr_FR\" \/>\n<meta property=\"og:type\" content=\"article\" \/>\n<meta property=\"og:title\" content=\"Cer Blanc Turbo - Maxima SpA\" \/>\n<meta property=\"og:description\" content=\"Des performances sup\u00e9rieures pour un disque diamant\u00e9 \u00e0 forte sp\u00e9cialisation. Cer Blanc a \u00e9t\u00e9 con\u00e7u et r\u00e9alis\u00e9 pour la c\u00e9ramique \u00e0 double cuisson, monocuisson et pour le gr\u00e8s.\" \/>\n<meta property=\"og:url\" content=\"https:\/\/www.maxima-dia.com\/fr\/disques-diamantes-pour-ceramique\/cer-blanc-turbo\/\" \/>\n<meta property=\"og:site_name\" content=\"Maxima SpA\" \/>\n<meta property=\"article:publisher\" content=\"https:\/\/www.facebook.com\/Maxima-spa-106098566139597\" \/>\n<meta property=\"article:modified_time\" content=\"2021-12-10T09:30:47+00:00\" \/>\n<meta property=\"og:image\" content=\"https:\/\/www.maxima-dia.com\/wp-content\/uploads\/2017\/02\/cer-bianco-turbo.jpg\" \/>\n\t<meta property=\"og:image:width\" content=\"1200\" \/>\n\t<meta property=\"og:image:height\" content=\"1200\" \/>\n\t<meta property=\"og:image:type\" content=\"image\/jpeg\" \/>\n<meta name=\"twitter:card\" content=\"summary_large_image\" \/>\n<meta name=\"twitter:site\" content=\"@Maximadia\" \/>\n<meta name=\"twitter:label1\" content=\"Dur\u00e9e de lecture estim\u00e9e\" \/>\n\t<meta name=\"twitter:data1\" content=\"10 minutes\" \/>\n<script type=\"application\/ld+json\" class=\"yoast-schema-graph\">{\"@context\":\"https:\/\/schema.org\",\"@graph\":[{\"@type\":\"WebPage\",\"@id\":\"https:\/\/www.maxima-dia.com\/fr\/disques-diamantes-pour-ceramique\/cer-blanc-turbo\/\",\"url\":\"https:\/\/www.maxima-dia.com\/fr\/disques-diamantes-pour-ceramique\/cer-blanc-turbo\/\",\"name\":\"Cer Blanc Turbo - Maxima SpA\",\"isPartOf\":{\"@id\":\"https:\/\/www.maxima-dia.com\/fr\/#website\"},\"primaryImageOfPage\":{\"@id\":\"https:\/\/www.maxima-dia.com\/fr\/disques-diamantes-pour-ceramique\/cer-blanc-turbo\/#primaryimage\"},\"image\":{\"@id\":\"https:\/\/www.maxima-dia.com\/fr\/disques-diamantes-pour-ceramique\/cer-blanc-turbo\/#primaryimage\"},\"thumbnailUrl\":\"https:\/\/www.maxima-dia.com\/wp-content\/uploads\/2017\/02\/cer-bianco-turbo.jpg\",\"datePublished\":\"2014-04-11T08:27:32+00:00\",\"dateModified\":\"2021-12-10T09:30:47+00:00\",\"description\":\"Des performances sup\u00e9rieures pour un disque diamant\u00e9 \u00e0 forte sp\u00e9cialisation. Cer Blanc a \u00e9t\u00e9 con\u00e7u et r\u00e9alis\u00e9 pour la c\u00e9ramique \u00e0 double cuisson, monocuisson et pour le gr\u00e8s.\",\"breadcrumb\":{\"@id\":\"https:\/\/www.maxima-dia.com\/fr\/disques-diamantes-pour-ceramique\/cer-blanc-turbo\/#breadcrumb\"},\"inLanguage\":\"fr-FR\",\"potentialAction\":[{\"@type\":\"ReadAction\",\"target\":[\"https:\/\/www.maxima-dia.com\/fr\/disques-diamantes-pour-ceramique\/cer-blanc-turbo\/\"]}]},{\"@type\":\"ImageObject\",\"inLanguage\":\"fr-FR\",\"@id\":\"https:\/\/www.maxima-dia.com\/fr\/disques-diamantes-pour-ceramique\/cer-blanc-turbo\/#primaryimage\",\"url\":\"https:\/\/www.maxima-dia.com\/wp-content\/uploads\/2017\/02\/cer-bianco-turbo.jpg\",\"contentUrl\":\"https:\/\/www.maxima-dia.com\/wp-content\/uploads\/2017\/02\/cer-bianco-turbo.jpg\",\"width\":1200,\"height\":1200},{\"@type\":\"BreadcrumbList\",\"@id\":\"https:\/\/www.maxima-dia.com\/fr\/disques-diamantes-pour-ceramique\/cer-blanc-turbo\/#breadcrumb\",\"itemListElement\":[{\"@type\":\"ListItem\",\"position\":1,\"name\":\"Home\",\"item\":\"https:\/\/www.maxima-dia.com\/fr\/\"},{\"@type\":\"ListItem\",\"position\":2,\"name\":\"Disques Diamant\u00e9s pour C\u00e8ramique\",\"item\":\"https:\/\/www.maxima-dia.com\/fr\/disques-diamantes-pour-ceramique\/\"},{\"@type\":\"ListItem\",\"position\":3,\"name\":\"Cer Blanc Turbo\"}]},{\"@type\":\"WebSite\",\"@id\":\"https:\/\/www.maxima-dia.com\/fr\/#website\",\"url\":\"https:\/\/www.maxima-dia.com\/fr\/\",\"name\":\"Maxima SpA\",\"description\":\"Only for the real professionals\",\"potentialAction\":[{\"@type\":\"SearchAction\",\"target\":{\"@type\":\"EntryPoint\",\"urlTemplate\":\"https:\/\/www.maxima-dia.com\/fr\/?s={search_term_string}\"},\"query-input\":{\"@type\":\"PropertyValueSpecification\",\"valueRequired\":true,\"valueName\":\"search_term_string\"}}],\"inLanguage\":\"fr-FR\"}]}<\/script>\n<!-- \/ Yoast SEO plugin. -->","yoast_head_json":{"title":"Cer Blanc Turbo - Maxima SpA","description":"Des performances sup\u00e9rieures pour un disque diamant\u00e9 \u00e0 forte sp\u00e9cialisation. Cer Blanc a \u00e9t\u00e9 con\u00e7u et r\u00e9alis\u00e9 pour la c\u00e9ramique \u00e0 double cuisson, monocuisson et pour le gr\u00e8s.","robots":{"index":"index","follow":"follow","max-snippet":"max-snippet:-1","max-image-preview":"max-image-preview:large","max-video-preview":"max-video-preview:-1"},"canonical":"https:\/\/www.maxima-dia.com\/fr\/disques-diamantes-pour-ceramique\/cer-blanc-turbo\/","og_locale":"fr_FR","og_type":"article","og_title":"Cer Blanc Turbo - Maxima SpA","og_description":"Des performances sup\u00e9rieures pour un disque diamant\u00e9 \u00e0 forte sp\u00e9cialisation. Cer Blanc a \u00e9t\u00e9 con\u00e7u et r\u00e9alis\u00e9 pour la c\u00e9ramique \u00e0 double cuisson, monocuisson et pour le gr\u00e8s.","og_url":"https:\/\/www.maxima-dia.com\/fr\/disques-diamantes-pour-ceramique\/cer-blanc-turbo\/","og_site_name":"Maxima SpA","article_publisher":"https:\/\/www.facebook.com\/Maxima-spa-106098566139597","article_modified_time":"2021-12-10T09:30:47+00:00","og_image":[{"width":1200,"height":1200,"url":"https:\/\/www.maxima-dia.com\/wp-content\/uploads\/2017\/02\/cer-bianco-turbo.jpg","type":"image\/jpeg"}],"twitter_card":"summary_large_image","twitter_site":"@Maximadia","twitter_misc":{"Dur\u00e9e de lecture estim\u00e9e":"10 minutes"},"schema":{"@context":"https:\/\/schema.org","@graph":[{"@type":"WebPage","@id":"https:\/\/www.maxima-dia.com\/fr\/disques-diamantes-pour-ceramique\/cer-blanc-turbo\/","url":"https:\/\/www.maxima-dia.com\/fr\/disques-diamantes-pour-ceramique\/cer-blanc-turbo\/","name":"Cer Blanc Turbo - Maxima SpA","isPartOf":{"@id":"https:\/\/www.maxima-dia.com\/fr\/#website"},"primaryImageOfPage":{"@id":"https:\/\/www.maxima-dia.com\/fr\/disques-diamantes-pour-ceramique\/cer-blanc-turbo\/#primaryimage"},"image":{"@id":"https:\/\/www.maxima-dia.com\/fr\/disques-diamantes-pour-ceramique\/cer-blanc-turbo\/#primaryimage"},"thumbnailUrl":"https:\/\/www.maxima-dia.com\/wp-content\/uploads\/2017\/02\/cer-bianco-turbo.jpg","datePublished":"2014-04-11T08:27:32+00:00","dateModified":"2021-12-10T09:30:47+00:00","description":"Des performances sup\u00e9rieures pour un disque diamant\u00e9 \u00e0 forte sp\u00e9cialisation. Cer Blanc a \u00e9t\u00e9 con\u00e7u et r\u00e9alis\u00e9 pour la c\u00e9ramique \u00e0 double cuisson, monocuisson et pour le gr\u00e8s.","breadcrumb":{"@id":"https:\/\/www.maxima-dia.com\/fr\/disques-diamantes-pour-ceramique\/cer-blanc-turbo\/#breadcrumb"},"inLanguage":"fr-FR","potentialAction":[{"@type":"ReadAction","target":["https:\/\/www.maxima-dia.com\/fr\/disques-diamantes-pour-ceramique\/cer-blanc-turbo\/"]}]},{"@type":"ImageObject","inLanguage":"fr-FR","@id":"https:\/\/www.maxima-dia.com\/fr\/disques-diamantes-pour-ceramique\/cer-blanc-turbo\/#primaryimage","url":"https:\/\/www.maxima-dia.com\/wp-content\/uploads\/2017\/02\/cer-bianco-turbo.jpg","contentUrl":"https:\/\/www.maxima-dia.com\/wp-content\/uploads\/2017\/02\/cer-bianco-turbo.jpg","width":1200,"height":1200},{"@type":"BreadcrumbList","@id":"https:\/\/www.maxima-dia.com\/fr\/disques-diamantes-pour-ceramique\/cer-blanc-turbo\/#breadcrumb","itemListElement":[{"@type":"ListItem","position":1,"name":"Home","item":"https:\/\/www.maxima-dia.com\/fr\/"},{"@type":"ListItem","position":2,"name":"Disques Diamant\u00e9s pour C\u00e8ramique","item":"https:\/\/www.maxima-dia.com\/fr\/disques-diamantes-pour-ceramique\/"},{"@type":"ListItem","position":3,"name":"Cer Blanc Turbo"}]},{"@type":"WebSite","@id":"https:\/\/www.maxima-dia.com\/fr\/#website","url":"https:\/\/www.maxima-dia.com\/fr\/","name":"Maxima SpA","description":"Only for the real professionals","potentialAction":[{"@type":"SearchAction","target":{"@type":"EntryPoint","urlTemplate":"https:\/\/www.maxima-dia.com\/fr\/?s={search_term_string}"},"query-input":{"@type":"PropertyValueSpecification","valueRequired":true,"valueName":"search_term_string"}}],"inLanguage":"fr-FR"}]}},"_links":{"self":[{"href":"https:\/\/www.maxima-dia.com\/fr\/wp-json\/wp\/v2\/pages\/7886"}],"collection":[{"href":"https:\/\/www.maxima-dia.com\/fr\/wp-json\/wp\/v2\/pages"}],"about":[{"href":"https:\/\/www.maxima-dia.com\/fr\/wp-json\/wp\/v2\/types\/page"}],"author":[{"embeddable":true,"href":"https:\/\/www.maxima-dia.com\/fr\/wp-json\/wp\/v2\/users\/29"}],"replies":[{"embeddable":true,"href":"https:\/\/www.maxima-dia.com\/fr\/wp-json\/wp\/v2\/comments?post=7886"}],"version-history":[{"count":0,"href":"https:\/\/www.maxima-dia.com\/fr\/wp-json\/wp\/v2\/pages\/7886\/revisions"}],"up":[{"embeddable":true,"href":"https:\/\/www.maxima-dia.com\/fr\/wp-json\/wp\/v2\/pages\/12413"}],"wp:featuredmedia":[{"embeddable":true,"href":"https:\/\/www.maxima-dia.com\/fr\/wp-json\/wp\/v2\/media\/24276"}],"wp:attachment":[{"href":"https:\/\/www.maxima-dia.com\/fr\/wp-json\/wp\/v2\/media?parent=7886"}],"curies":[{"name":"wp","href":"https:\/\/api.w.org\/{rel}","templated":true}]}}