{"id":7898,"date":"2014-04-11T11:21:39","date_gmt":"2014-04-11T09:21:39","guid":{"rendered":"http:\/\/www.maxima-dia.com\/?post_type=products&#038;p=7898"},"modified":"2024-04-30T15:55:20","modified_gmt":"2024-04-30T13:55:20","slug":"rouge-metal","status":"publish","type":"page","link":"https:\/\/www.maxima-dia.com\/fr\/disques-diamantes-specifiques\/rouge-metal\/","title":{"rendered":"Rouge M\u00e9tal"},"content":{"rendered":"<div class=\"wpb-content-wrapper\"><p>[vc_row][vc_column text_align=\u00a0\u00bbcenter\u00a0\u00bb width=\u00a0\u00bb1\/4&Prime;][vc_column_text]<a href=\"\/wp-content\/uploads\/2017\/02\/rosso-metal.jpg\"><img loading=\"lazy\" decoding=\"async\" class=\"alignnone size-thumbnail wp-image-13909\" src=\"\/wp-content\/uploads\/2017\/02\/rosso-metal-150x150.jpg\" alt=\"ROSSO METAL\" width=\"150\" height=\"150\" srcset=\"https:\/\/www.maxima-dia.com\/wp-content\/uploads\/2017\/02\/rosso-metal-150x150.jpg 150w, https:\/\/www.maxima-dia.com\/wp-content\/uploads\/2017\/02\/rosso-metal-300x300.jpg 300w, https:\/\/www.maxima-dia.com\/wp-content\/uploads\/2017\/02\/rosso-metal-768x768.jpg 768w, https:\/\/www.maxima-dia.com\/wp-content\/uploads\/2017\/02\/rosso-metal-1024x1024.jpg 1024w, https:\/\/www.maxima-dia.com\/wp-content\/uploads\/2017\/02\/rosso-metal-80x80.jpg 80w, https:\/\/www.maxima-dia.com\/wp-content\/uploads\/2017\/02\/rosso-metal-500x500.jpg 500w, https:\/\/www.maxima-dia.com\/wp-content\/uploads\/2017\/02\/rosso-metal-1000x1000.jpg 1000w, https:\/\/www.maxima-dia.com\/wp-content\/uploads\/2017\/02\/rosso-metal.jpg 1200w\" sizes=\"(max-width: 150px) 100vw, 150px\" \/><\/a><\/p>\n<p><span style=\"background-color: #cc0000; color: #ffffff; padding: 5px;\">Sp. 1,3 mm<\/span>[\/vc_column_text][vc_column_text css_animation=\u00a0\u00bbslideInDown\u00a0\u00bb el_class=\u00a0\u00bbhidebuybutton\u00a0\u00bb]<a href=\"https:\/\/www.storemaxima.com\/fr\/disques-diamante-specifiques\/33-rouge-metal.html\" target=\"_blank\" rel=\"noopener\"><img loading=\"lazy\" decoding=\"async\" class=\"alignnone\" title=\"Acheter sur www.storemaxima.com\" src=\"https:\/\/www.maxima-dia.com\/wp-content\/uploads\/2019\/12\/pulsante-acquista-storemaxima.com-fr.svg\" alt=\"Acheter sur www.storemaxima.com\" width=\"180\" height=\"80\"><\/a>[\/vc_column_text][vc_btn title=\u00a0\u00bbFiche du produit\u00a0\u00bb style=\u00a0\u00bboutline-custom\u00a0\u00bb outline_custom_color=\u00a0\u00bb#cc0000&Prime; outline_custom_hover_background=\u00a0\u00bb#910000&Prime; outline_custom_hover_text=\u00a0\u00bb#f7f7f7&Prime; align=\u00a0\u00bbcenter\u00a0\u00bb i_icon_fontawesome=\u00a0\u00bbfas fa-download\u00a0\u00bb add_icon=\u00a0\u00bbtrue\u00a0\u00bb css=\u00a0\u00bb.vc_custom_1639128823966{margin-top: 5px !important;margin-right: 5px !important;margin-bottom: 5px !important;margin-left: 5px !important;}\u00a0\u00bb link=\u00a0\u00bburl:%2Fdl.php%3Ffile_url%3Dhttps%3A%2F%2Fwww.maxima-dia.com%2Fwp-content%2Fuploads%2F2021%2F11%2FDISQUES-SPE%25CC%2581CIFIQUES-ROUGE-METAL-MEULES-ABRASIVES-FR.pdf\u00a0\u00bb][\/vc_column][vc_column width=\u00a0\u00bb3\/4&Prime;][vc_column_text]La deuxi\u00e8me g\u00e9n\u00e9ration de disques diamant\u00e9s pour fer est en mesure de remplacer d\u00e9finitivement le disque abrasif, en garantissant de meilleures performances \u00e0 des prix plus bas. La technique de production sp\u00e9ciale et la haute qualit\u00e9 des mati\u00e8res premi\u00e8res utilis\u00e9es font que <strong>Rouge Metal<\/strong> peut durer jusqu\u2019\u00e0 60\/80 fois plus longtemps qu\u2019un disque abrasif standard pour fer, il est plus s\u00fbr et plus \u00e9cologique. Le co\u00fbt est bien inf\u00e9rieur aux disques abrasifs normaux, gr\u00e2ce aussi \u00e0 sa grande vitesse de coupe due \u00e0 l\u2019\u00e9paisseur ultra-mince. Maintient son diam\u00e8tre jusqu\u2019\u00e0 la fin de sa vie utile.<br \/>\n<strong>Disponible aussi dans la version X-Lock dans les diam. 115 et 125.<\/strong><\/p>\n<table class=\"tabellatecnica\" style=\"width: 80%;\" border=\"0\" cellspacing=\"0\" cellpadding=\"0\">\n<thead>\n<tr>\n<td class=\"testata\" colspan=\"2\">TABLEAU TECHNIQUE<\/td>\n<\/tr>\n<\/thead>\n<tbody>\n<tr>\n<td class=\"prima\">Acier souple \/ Tuyaux ronds<\/td>\n<td class=\"seconda\"><span style=\"color: #ff0000; font-size: 14px;\"><strong>EXTRA<\/strong><\/span><\/td>\n<\/tr>\n<tr>\n<td class=\"prima\">Acier souple \/ Tuyaux carr\u00e9s<\/td>\n<td class=\"seconda\"><b class=\"txtred\">\u2605<\/b><b class=\"txtred\">\u2605<\/b><b class=\"txtred\">\u2605<\/b><b class=\"txtred\">\u2605<\/b><b class=\"txtred\">\u2605<\/b><\/td>\n<\/tr>\n<tr>\n<td class=\"prima\">Fer angulaire<\/td>\n<td class=\"seconda\"><b class=\"txtred\">\u2605<\/b><b class=\"txtred\">\u2605<\/b><b class=\"txtred\">\u2605<\/b><b class=\"txtred\">\u2605<\/b><b class=\"txtred\">\u2605<\/b><\/td>\n<\/tr>\n<tr>\n<td class=\"prima\">Tuyaux en cuivre<\/td>\n<td class=\"seconda\"><b class=\"txtred\">\u2605<\/b><b class=\"txtred\">\u2605\u2605<\/b><\/td>\n<\/tr>\n<tr>\n<td class=\"prima\">Profils en acier<\/td>\n<td class=\"seconda\"><b class=\"txtred\">\u2605<\/b><b class=\"txtred\">\u2605<\/b><b class=\"txtred\">\u2605<\/b><b class=\"txtred\">\u2605<\/b><b class=\"txtred\">\u2605<\/b><\/td>\n<\/tr>\n<tr>\n<td class=\"prima\">Acier inox<\/td>\n<td class=\"seconda\"><b class=\"txtred\">\u2605<\/b><b class=\"txtred\">\u2605<\/b><b class=\"txtred\">\u2605<\/b><\/td>\n<\/tr>\n<tr>\n<td class=\"prima\">Acier \u00e0 faible teneur en carbone<\/td>\n<td class=\"seconda\"><b class=\"txtred\">\u2605<\/b><b class=\"txtred\">\u2605<\/b><b class=\"txtred\">\u2605<\/b><b class=\"txtred\">\u2605<\/b><b class=\"txtred\">\u2605<\/b><\/td>\n<\/tr>\n<tr>\n<td class=\"prima\">Acier \u00e0 forte teneur en carbone<\/td>\n<td class=\"seconda\"><b class=\"txtred\">\u2605<\/b><b class=\"txtred\">\u2605<\/b><b class=\"txtred\">\u2605<\/b><b class=\"txtred\">\u2605<\/b><\/td>\n<\/tr>\n<tr>\n<td class=\"prima\">Rails<\/td>\n<td class=\"seconda\"><b class=\"txtred\">\u2605<\/b><b class=\"txtred\">\u2605<\/b><b class=\"txtred\">\u2605<\/b><b class=\"txtred\">\u2605<\/b><b class=\"txtred\">\u2605<\/b><\/td>\n<\/tr>\n<tr>\n<td class=\"prima\">Fonte sph\u00e9roidale<\/td>\n<td class=\"seconda\"><b class=\"txtred\">\u2605<\/b><b class=\"txtred\">\u2605<\/b><b class=\"txtred\">\u2605<\/b><b class=\"txtred\">\u2605<\/b><b class=\"txtred\">\u2605<\/b><\/td>\n<\/tr>\n<tr>\n<td class=\"prima\">Alliages lourds<\/td>\n<td class=\"seconda\"><b class=\"txtred\">\u2605<\/b><b class=\"txtred\">\u2605<\/b><b class=\"txtred\">\u2605<\/b><b class=\"txtred\">\u2605<\/b><b class=\"txtred\">\u2605<\/b><\/td>\n<\/tr>\n<tr>\n<td class=\"prima\">&nbsp;<\/td>\n<td class=\"seconda\">&nbsp;<\/td>\n<\/tr>\n<tr>\n<td class=\"intervallo\" colspan=\"2\">&nbsp;<\/td>\n<\/tr>\n<tr>\n<td class=\"prima\">Vitesse de coupe<\/td>\n<td class=\"seconda\"><b class=\"txtred\">\u2605<\/b><b class=\"txtred\">\u2605<\/b><b class=\"txtred\">\u2605<\/b><b class=\"txtred\">\u2605<\/b><b class=\"txtred\">\u2605<\/b><\/td>\n<\/tr>\n<tr>\n<td class=\"prima\">Dur\u00e9e de vie moyenne<br \/>\n(par rapport \u00e0 un disque abrasif traditionnel)<\/td>\n<td class=\"seconda\"><span style=\"color: #ff0000; font-size: 14px;\"><strong>EXTRA<\/strong><\/span><\/td>\n<\/tr>\n<tr>\n<td class=\"legenda\" colspan=\"2\"><strong>passable<\/strong>&nbsp;<b class=\"txtred\">\u2605<\/b>&nbsp;<strong>moyen<\/strong>&nbsp;<b class=\"txtred\">\u2605<\/b><b class=\"txtred\">\u2605<\/b>&nbsp;<strong>bon<\/strong>&nbsp;<b class=\"txtred\">\u2605<\/b><b class=\"txtred\">\u2605<\/b><b class=\"txtred\">\u2605<\/b>&nbsp;<strong>excellent&nbsp;<\/strong><b class=\"txtred\">\u2605<\/b><b class=\"txtred\">\u2605<\/b><b class=\"txtred\">\u2605<\/b><b class=\"txtred\">\u2605<\/b>&nbsp;<strong>super<\/strong>&nbsp;<b class=\"txtred\">\u2605<\/b><b class=\"txtred\">\u2605<\/b><b class=\"txtred\">\u2605<\/b><b class=\"txtred\">\u2605<\/b><b class=\"txtred\">\u2605<\/b><\/td>\n<\/tr>\n<\/tbody>\n<\/table>\n<p>&nbsp;<\/p>\n<table class=\"tabellatecnica\" style=\"width: 80%;\" border=\"0\" cellspacing=\"0\" cellpadding=\"0\">\n<thead>\n<tr>\n<td class=\"testata\" colspan=\"3\">DIAM\u00c8TRES DISPONIBLES<\/td>\n<\/tr>\n<\/thead>\n<tbody>\n<tr>\n<td colspan=\"3\"><img decoding=\"async\" class=\"alignleft\" src=\"\/wp-content\/uploads\/2013\/10\/s-taglio1.png\" alt=\"s-taglio1\" height=\"30\"> 115-125-230<\/td>\n<\/tr>\n<\/tbody>\n<\/table>\n<p>&nbsp;[\/vc_column_text][\/vc_column][\/vc_row]<\/p>\n<\/div>","protected":false},"excerpt":{"rendered":"<p>[vc_row][vc_column text_align=\u00a0\u00bbcenter\u00a0\u00bb width=\u00a0\u00bb1\/4&Prime;][vc_column_text] Sp. 1,3 mm[\/vc_column_text][vc_column_text css_animation=\u00a0\u00bbslideInDown\u00a0\u00bb el_class=\u00a0\u00bbhidebuybutton\u00a0\u00bb][\/vc_column_text][vc_btn title=\u00a0\u00bbFiche du produit\u00a0\u00bb style=\u00a0\u00bboutline-custom\u00a0\u00bb outline_custom_color=\u00a0\u00bb#cc0000&Prime; outline_custom_hover_background=\u00a0\u00bb#910000&Prime; outline_custom_hover_text=\u00a0\u00bb#f7f7f7&Prime; align=\u00a0\u00bbcenter\u00a0\u00bb i_icon_fontawesome=\u00a0\u00bbfas fa-download\u00a0\u00bb add_icon=\u00a0\u00bbtrue\u00a0\u00bb css=\u00a0\u00bb.vc_custom_1639128823966{margin-top: 5px !important;margin-right: 5px !important;margin-bottom: 5px !important;margin-left: 5px !important;}\u00a0\u00bb link=\u00a0\u00bburl:%2Fdl.php%3Ffile_url%3Dhttps%3A%2F%2Fwww.maxima-dia.com%2Fwp-content%2Fuploads%2F2021%2F11%2FDISQUES-SPE%25CC%2581CIFIQUES-ROUGE-METAL-MEULES-ABRASIVES-FR.pdf\u00a0\u00bb][\/vc_column][vc_column width=\u00a0\u00bb3\/4&Prime;][vc_column_text]La deuxi\u00e8me g\u00e9n\u00e9ration de disques diamant\u00e9s pour fer est en mesure de remplacer d\u00e9finitivement le disque abrasif, en garantissant de meilleures performances \u00e0 des prix plus bas. La technique de production sp\u00e9ciale et la haute qualit\u00e9 des mati\u00e8res premi\u00e8res utilis\u00e9es font que Rouge Metal peut durer jusqu\u2019\u00e0 60\/80 fois plus longtemps qu\u2019un disque abrasif standard pour fer, il est plus s\u00fbr et plus \u00e9cologique. Le co\u00fbt est bien inf\u00e9rieur aux disques abrasifs normaux, gr\u00e2ce aussi \u00e0 sa grande vitesse de coupe due \u00e0 l\u2019\u00e9paisseur ultra-mince. Maintient son diam\u00e8tre jusqu\u2019\u00e0 la fin de sa vie utile. Disponible aussi dans la version X-Lock dans les diam. 115 et 125. TABLEAU TECHNIQUE Acier souple \/ Tuyaux ronds EXTRA Acier souple \/ Tuyaux carr\u00e9s \u2605\u2605\u2605\u2605\u2605 Fer angulaire \u2605\u2605\u2605\u2605\u2605 Tuyaux en cuivre \u2605\u2605\u2605 Profils en acier \u2605\u2605\u2605\u2605\u2605 Acier inox \u2605\u2605\u2605 Acier \u00e0 faible teneur en carbone \u2605\u2605\u2605\u2605\u2605 Acier \u00e0 forte teneur en carbone \u2605\u2605\u2605\u2605 Rails \u2605\u2605\u2605\u2605\u2605 Fonte sph\u00e9roidale \u2605\u2605\u2605\u2605\u2605 Alliages lourds \u2605\u2605\u2605\u2605\u2605 &nbsp; &nbsp; &nbsp; Vitesse de coupe \u2605\u2605\u2605\u2605\u2605 Dur\u00e9e de vie moyenne (par rapport \u00e0 [&hellip;]<\/p>\n","protected":false},"author":29,"featured_media":24306,"parent":12551,"menu_order":4,"comment_status":"closed","ping_status":"closed","template":"","meta":{"ngg_post_thumbnail":0,"_joinchat":[],"footnotes":""},"class_list":["post-7898","page","type-page","status-publish","has-post-thumbnail","hentry"],"yoast_head":"<!-- This site is optimized with the Yoast SEO plugin v25.5 - https:\/\/yoast.com\/wordpress\/plugins\/seo\/ -->\n<title>Rouge M\u00e9tal - Maxima SpA<\/title>\n<meta name=\"description\" content=\"La nouvelle g\u00e9n\u00e9ration de disque diamant\u00e9 pour le fer, la ligne qui remplacera d\u00e9finitivement le disque abrasif.\" \/>\n<meta name=\"robots\" content=\"index, follow, max-snippet:-1, max-image-preview:large, max-video-preview:-1\" \/>\n<link rel=\"canonical\" href=\"https:\/\/www.maxima-dia.com\/fr\/disques-diamantes-specifiques\/rouge-metal\/\" \/>\n<meta property=\"og:locale\" content=\"fr_FR\" \/>\n<meta property=\"og:type\" content=\"article\" \/>\n<meta property=\"og:title\" content=\"Rouge M\u00e9tal - Maxima SpA\" \/>\n<meta property=\"og:description\" content=\"La nouvelle g\u00e9n\u00e9ration de disque diamant\u00e9 pour le fer, la ligne qui remplacera d\u00e9finitivement le disque abrasif.\" \/>\n<meta property=\"og:url\" content=\"https:\/\/www.maxima-dia.com\/fr\/disques-diamantes-specifiques\/rouge-metal\/\" \/>\n<meta property=\"og:site_name\" content=\"Maxima SpA\" \/>\n<meta property=\"article:publisher\" content=\"https:\/\/www.facebook.com\/Maxima-spa-106098566139597\" \/>\n<meta property=\"article:modified_time\" content=\"2024-04-30T13:55:20+00:00\" \/>\n<meta property=\"og:image\" content=\"https:\/\/www.maxima-dia.com\/wp-content\/uploads\/2017\/02\/rosso-metal.jpg\" \/>\n\t<meta property=\"og:image:width\" content=\"1200\" \/>\n\t<meta property=\"og:image:height\" content=\"1200\" \/>\n\t<meta property=\"og:image:type\" content=\"image\/jpeg\" \/>\n<meta name=\"twitter:card\" content=\"summary_large_image\" \/>\n<meta name=\"twitter:site\" content=\"@Maximadia\" \/>\n<meta name=\"twitter:label1\" content=\"Dur\u00e9e de lecture estim\u00e9e\" \/>\n\t<meta name=\"twitter:data1\" content=\"15 minutes\" \/>\n<script type=\"application\/ld+json\" class=\"yoast-schema-graph\">{\"@context\":\"https:\/\/schema.org\",\"@graph\":[{\"@type\":\"WebPage\",\"@id\":\"https:\/\/www.maxima-dia.com\/fr\/disques-diamantes-specifiques\/rouge-metal\/\",\"url\":\"https:\/\/www.maxima-dia.com\/fr\/disques-diamantes-specifiques\/rouge-metal\/\",\"name\":\"Rouge M\u00e9tal - Maxima SpA\",\"isPartOf\":{\"@id\":\"https:\/\/www.maxima-dia.com\/fr\/#website\"},\"primaryImageOfPage\":{\"@id\":\"https:\/\/www.maxima-dia.com\/fr\/disques-diamantes-specifiques\/rouge-metal\/#primaryimage\"},\"image\":{\"@id\":\"https:\/\/www.maxima-dia.com\/fr\/disques-diamantes-specifiques\/rouge-metal\/#primaryimage\"},\"thumbnailUrl\":\"https:\/\/www.maxima-dia.com\/wp-content\/uploads\/2017\/02\/rosso-metal.jpg\",\"datePublished\":\"2014-04-11T09:21:39+00:00\",\"dateModified\":\"2024-04-30T13:55:20+00:00\",\"description\":\"La nouvelle g\u00e9n\u00e9ration de disque diamant\u00e9 pour le fer, la ligne qui remplacera d\u00e9finitivement le disque abrasif.\",\"breadcrumb\":{\"@id\":\"https:\/\/www.maxima-dia.com\/fr\/disques-diamantes-specifiques\/rouge-metal\/#breadcrumb\"},\"inLanguage\":\"fr-FR\",\"potentialAction\":[{\"@type\":\"ReadAction\",\"target\":[\"https:\/\/www.maxima-dia.com\/fr\/disques-diamantes-specifiques\/rouge-metal\/\"]}]},{\"@type\":\"ImageObject\",\"inLanguage\":\"fr-FR\",\"@id\":\"https:\/\/www.maxima-dia.com\/fr\/disques-diamantes-specifiques\/rouge-metal\/#primaryimage\",\"url\":\"https:\/\/www.maxima-dia.com\/wp-content\/uploads\/2017\/02\/rosso-metal.jpg\",\"contentUrl\":\"https:\/\/www.maxima-dia.com\/wp-content\/uploads\/2017\/02\/rosso-metal.jpg\",\"width\":1200,\"height\":1200},{\"@type\":\"BreadcrumbList\",\"@id\":\"https:\/\/www.maxima-dia.com\/fr\/disques-diamantes-specifiques\/rouge-metal\/#breadcrumb\",\"itemListElement\":[{\"@type\":\"ListItem\",\"position\":1,\"name\":\"Home\",\"item\":\"https:\/\/www.maxima-dia.com\/fr\/\"},{\"@type\":\"ListItem\",\"position\":2,\"name\":\"Disques Diamant\u00e9s Sp\u00e8cifiques\",\"item\":\"https:\/\/www.maxima-dia.com\/fr\/disques-diamantes-specifiques\/\"},{\"@type\":\"ListItem\",\"position\":3,\"name\":\"Rouge M\u00e9tal\"}]},{\"@type\":\"WebSite\",\"@id\":\"https:\/\/www.maxima-dia.com\/fr\/#website\",\"url\":\"https:\/\/www.maxima-dia.com\/fr\/\",\"name\":\"Maxima SpA\",\"description\":\"Only for the real professionals\",\"potentialAction\":[{\"@type\":\"SearchAction\",\"target\":{\"@type\":\"EntryPoint\",\"urlTemplate\":\"https:\/\/www.maxima-dia.com\/fr\/?s={search_term_string}\"},\"query-input\":{\"@type\":\"PropertyValueSpecification\",\"valueRequired\":true,\"valueName\":\"search_term_string\"}}],\"inLanguage\":\"fr-FR\"}]}<\/script>\n<!-- \/ Yoast SEO plugin. -->","yoast_head_json":{"title":"Rouge M\u00e9tal - Maxima SpA","description":"La nouvelle g\u00e9n\u00e9ration de disque diamant\u00e9 pour le fer, la ligne qui remplacera d\u00e9finitivement le disque abrasif.","robots":{"index":"index","follow":"follow","max-snippet":"max-snippet:-1","max-image-preview":"max-image-preview:large","max-video-preview":"max-video-preview:-1"},"canonical":"https:\/\/www.maxima-dia.com\/fr\/disques-diamantes-specifiques\/rouge-metal\/","og_locale":"fr_FR","og_type":"article","og_title":"Rouge M\u00e9tal - Maxima SpA","og_description":"La nouvelle g\u00e9n\u00e9ration de disque diamant\u00e9 pour le fer, la ligne qui remplacera d\u00e9finitivement le disque abrasif.","og_url":"https:\/\/www.maxima-dia.com\/fr\/disques-diamantes-specifiques\/rouge-metal\/","og_site_name":"Maxima SpA","article_publisher":"https:\/\/www.facebook.com\/Maxima-spa-106098566139597","article_modified_time":"2024-04-30T13:55:20+00:00","og_image":[{"width":1200,"height":1200,"url":"https:\/\/www.maxima-dia.com\/wp-content\/uploads\/2017\/02\/rosso-metal.jpg","type":"image\/jpeg"}],"twitter_card":"summary_large_image","twitter_site":"@Maximadia","twitter_misc":{"Dur\u00e9e de lecture estim\u00e9e":"15 minutes"},"schema":{"@context":"https:\/\/schema.org","@graph":[{"@type":"WebPage","@id":"https:\/\/www.maxima-dia.com\/fr\/disques-diamantes-specifiques\/rouge-metal\/","url":"https:\/\/www.maxima-dia.com\/fr\/disques-diamantes-specifiques\/rouge-metal\/","name":"Rouge M\u00e9tal - Maxima SpA","isPartOf":{"@id":"https:\/\/www.maxima-dia.com\/fr\/#website"},"primaryImageOfPage":{"@id":"https:\/\/www.maxima-dia.com\/fr\/disques-diamantes-specifiques\/rouge-metal\/#primaryimage"},"image":{"@id":"https:\/\/www.maxima-dia.com\/fr\/disques-diamantes-specifiques\/rouge-metal\/#primaryimage"},"thumbnailUrl":"https:\/\/www.maxima-dia.com\/wp-content\/uploads\/2017\/02\/rosso-metal.jpg","datePublished":"2014-04-11T09:21:39+00:00","dateModified":"2024-04-30T13:55:20+00:00","description":"La nouvelle g\u00e9n\u00e9ration de disque diamant\u00e9 pour le fer, la ligne qui remplacera d\u00e9finitivement le disque abrasif.","breadcrumb":{"@id":"https:\/\/www.maxima-dia.com\/fr\/disques-diamantes-specifiques\/rouge-metal\/#breadcrumb"},"inLanguage":"fr-FR","potentialAction":[{"@type":"ReadAction","target":["https:\/\/www.maxima-dia.com\/fr\/disques-diamantes-specifiques\/rouge-metal\/"]}]},{"@type":"ImageObject","inLanguage":"fr-FR","@id":"https:\/\/www.maxima-dia.com\/fr\/disques-diamantes-specifiques\/rouge-metal\/#primaryimage","url":"https:\/\/www.maxima-dia.com\/wp-content\/uploads\/2017\/02\/rosso-metal.jpg","contentUrl":"https:\/\/www.maxima-dia.com\/wp-content\/uploads\/2017\/02\/rosso-metal.jpg","width":1200,"height":1200},{"@type":"BreadcrumbList","@id":"https:\/\/www.maxima-dia.com\/fr\/disques-diamantes-specifiques\/rouge-metal\/#breadcrumb","itemListElement":[{"@type":"ListItem","position":1,"name":"Home","item":"https:\/\/www.maxima-dia.com\/fr\/"},{"@type":"ListItem","position":2,"name":"Disques Diamant\u00e9s Sp\u00e8cifiques","item":"https:\/\/www.maxima-dia.com\/fr\/disques-diamantes-specifiques\/"},{"@type":"ListItem","position":3,"name":"Rouge M\u00e9tal"}]},{"@type":"WebSite","@id":"https:\/\/www.maxima-dia.com\/fr\/#website","url":"https:\/\/www.maxima-dia.com\/fr\/","name":"Maxima SpA","description":"Only for the real professionals","potentialAction":[{"@type":"SearchAction","target":{"@type":"EntryPoint","urlTemplate":"https:\/\/www.maxima-dia.com\/fr\/?s={search_term_string}"},"query-input":{"@type":"PropertyValueSpecification","valueRequired":true,"valueName":"search_term_string"}}],"inLanguage":"fr-FR"}]}},"_links":{"self":[{"href":"https:\/\/www.maxima-dia.com\/fr\/wp-json\/wp\/v2\/pages\/7898"}],"collection":[{"href":"https:\/\/www.maxima-dia.com\/fr\/wp-json\/wp\/v2\/pages"}],"about":[{"href":"https:\/\/www.maxima-dia.com\/fr\/wp-json\/wp\/v2\/types\/page"}],"author":[{"embeddable":true,"href":"https:\/\/www.maxima-dia.com\/fr\/wp-json\/wp\/v2\/users\/29"}],"replies":[{"embeddable":true,"href":"https:\/\/www.maxima-dia.com\/fr\/wp-json\/wp\/v2\/comments?post=7898"}],"version-history":[{"count":1,"href":"https:\/\/www.maxima-dia.com\/fr\/wp-json\/wp\/v2\/pages\/7898\/revisions"}],"predecessor-version":[{"id":43069,"href":"https:\/\/www.maxima-dia.com\/fr\/wp-json\/wp\/v2\/pages\/7898\/revisions\/43069"}],"up":[{"embeddable":true,"href":"https:\/\/www.maxima-dia.com\/fr\/wp-json\/wp\/v2\/pages\/12551"}],"wp:featuredmedia":[{"embeddable":true,"href":"https:\/\/www.maxima-dia.com\/fr\/wp-json\/wp\/v2\/media\/24306"}],"wp:attachment":[{"href":"https:\/\/www.maxima-dia.com\/fr\/wp-json\/wp\/v2\/media?parent=7898"}],"curies":[{"name":"wp","href":"https:\/\/api.w.org\/{rel}","templated":true}]}}