{"id":8025,"date":"2014-04-14T11:32:51","date_gmt":"2014-04-14T09:32:51","guid":{"rendered":"http:\/\/www.maxima-dia.com\/?post_type=products&#038;p=8025"},"modified":"2021-12-10T09:58:55","modified_gmt":"2021-12-10T08:58:55","slug":"scanmax-180-evo","status":"publish","type":"page","link":"https:\/\/www.maxima-dia.com\/fr\/machines-de-coupe-pour-le-batiment\/scanmax-180-evo\/","title":{"rendered":"Scanmax 180 Evo"},"content":{"rendered":"<div class=\"wpb-content-wrapper\"><p>[vc_row][vc_column text_align=\u00a0\u00bbcenter\u00a0\u00bb width=\u00a0\u00bb1\/4&Prime;][vc_column_text]<a href=\"\/wp-content\/uploads\/2017\/02\/scanmax-180-evo.jpg\"><img loading=\"lazy\" decoding=\"async\" class=\"alignnone size-thumbnail wp-image-13912\" src=\"\/wp-content\/uploads\/2017\/02\/scanmax-180-evo-150x150.jpg\" alt=\"SCANMAX 180 EVO\" width=\"150\" height=\"150\" srcset=\"https:\/\/www.maxima-dia.com\/wp-content\/uploads\/2017\/02\/scanmax-180-evo-150x150.jpg 150w, https:\/\/www.maxima-dia.com\/wp-content\/uploads\/2017\/02\/scanmax-180-evo-300x300.jpg 300w, https:\/\/www.maxima-dia.com\/wp-content\/uploads\/2017\/02\/scanmax-180-evo-768x768.jpg 768w, https:\/\/www.maxima-dia.com\/wp-content\/uploads\/2017\/02\/scanmax-180-evo-1024x1024.jpg 1024w, https:\/\/www.maxima-dia.com\/wp-content\/uploads\/2017\/02\/scanmax-180-evo-80x80.jpg 80w, https:\/\/www.maxima-dia.com\/wp-content\/uploads\/2017\/02\/scanmax-180-evo-500x500.jpg 500w, https:\/\/www.maxima-dia.com\/wp-content\/uploads\/2017\/02\/scanmax-180-evo-1000x1000.jpg 1000w, https:\/\/www.maxima-dia.com\/wp-content\/uploads\/2017\/02\/scanmax-180-evo.jpg 1200w\" sizes=\"(max-width: 150px) 100vw, 150px\" \/><\/a><\/p>\n<p>Fabriqu\u00e9 en EU&nbsp;<img loading=\"lazy\" decoding=\"async\" src=\"\/wp-content\/uploads\/2013\/11\/eu.png\" alt=\"eu\" width=\"24\" height=\"16\"> &#8211; certifi\u00e9&nbsp;<span style=\"font-family: arial,helvetica,sans-serif;\">CE<\/span>[\/vc_column_text][vc_column_text css_animation=\u00a0\u00bbslideInDown\u00a0\u00bb el_class=\u00a0\u00bbhidebuybutton\u00a0\u00bb]<a href=\"https:\/\/www.storemaxima.com\/fr\/machines-de-coupe-pour-le-batiment\/53-scanmax-180-evo.html\" target=\"_blank\" rel=\"noopener\"><img loading=\"lazy\" decoding=\"async\" class=\"alignnone\" title=\"Acheter sur www.storemaxima.com\" src=\"https:\/\/www.maxima-dia.com\/wp-content\/uploads\/2019\/12\/pulsante-acquista-storemaxima.com-fr.svg\" alt=\"Acheter sur www.storemaxima.com\" width=\"180\" height=\"80\"><\/a>[\/vc_column_text][vc_btn title=\u00a0\u00bbFiche du produit\u00a0\u00bb style=\u00a0\u00bboutline-custom\u00a0\u00bb outline_custom_color=\u00a0\u00bb#cc0000&Prime; outline_custom_hover_background=\u00a0\u00bb#910000&Prime; outline_custom_hover_text=\u00a0\u00bb#f7f7f7&Prime; align=\u00a0\u00bbcenter\u00a0\u00bb i_icon_fontawesome=\u00a0\u00bbfas fa-download\u00a0\u00bb add_icon=\u00a0\u00bbtrue\u00a0\u00bb css=\u00a0\u00bb.vc_custom_1639126730640{margin-top: 5px !important;margin-right: 5px !important;margin-bottom: 5px !important;margin-left: 5px !important;}\u00a0\u00bb link=\u00a0\u00bburl:%2Fdl.php%3Ffile_url%3Dhttps%3A%2F%2Fwww.maxima-dia.com%2Fwp-content%2Fuploads%2F2021%2F11%2FSCANMAX-180-EVO-FR.pdf\u00a0\u00bb][\/vc_column][vc_column width=\u00a0\u00bb3\/4&Prime;][vc_column_text]Ce mod\u00e8le repr\u00e9sente l\u2019\u00e9volution du pr\u00e9c\u00e9dent, il a \u00e9t\u00e9 am\u00e9lior\u00e9 au niveau de l\u2019aspiration des poussi\u00e8res avec l\u2019ajout d\u2019un carter basculant et au niveau de la poign\u00e9e, qui est d\u00e9sormais plus ergonomique, et de la fixation des c\u00e2bles \u00e9lectriques, qui sont d\u00e9sormais hors du rayon d\u2019action de l\u2019op\u00e9rateur. Puissant et l\u00e9ger, il est le seul sur le march\u00e9 avec capacit\u00e9 de coupe 6&#215;6 : la profondeur de coupe Maximale est de 6 cm, r\u00e9glable; la largeur de coupe Maximale est de 6 cm, r\u00e9glable. La machine est livr\u00e9e avec 2 disques <a href=\"https:\/\/www.maxima-dia.com\/fr\/disques-diamantes-specifiques\/laser-scan-rouge\/\"><strong>Laser Scan Rouge<\/strong><\/a> de 180 mm de diam\u00e8tre.<\/p>\n<table class=\"tabellafotocarotaggio\" style=\"width: 100%;\">\n<tbody>\n<tr>\n<td style=\"text-align: center; width: 25%;\"><a href=\"https:\/\/www.maxima-dia.com\/wp-content\/uploads\/2021\/07\/SCANMAX_180EVO-3.jpg\"><img loading=\"lazy\" decoding=\"async\" class=\"alignnone size-thumbnail wp-image-29038\" src=\"https:\/\/www.maxima-dia.com\/wp-content\/uploads\/2021\/07\/SCANMAX_180EVO-3-150x150.jpg\" alt=\"\" width=\"150\" height=\"150\" srcset=\"https:\/\/www.maxima-dia.com\/wp-content\/uploads\/2021\/07\/SCANMAX_180EVO-3-150x150.jpg 150w, https:\/\/www.maxima-dia.com\/wp-content\/uploads\/2021\/07\/SCANMAX_180EVO-3-300x300.jpg 300w, https:\/\/www.maxima-dia.com\/wp-content\/uploads\/2021\/07\/SCANMAX_180EVO-3-1024x1024.jpg 1024w, https:\/\/www.maxima-dia.com\/wp-content\/uploads\/2021\/07\/SCANMAX_180EVO-3-768x768.jpg 768w, https:\/\/www.maxima-dia.com\/wp-content\/uploads\/2021\/07\/SCANMAX_180EVO-3-1536x1536.jpg 1536w, https:\/\/www.maxima-dia.com\/wp-content\/uploads\/2021\/07\/SCANMAX_180EVO-3-80x80.jpg 80w, https:\/\/www.maxima-dia.com\/wp-content\/uploads\/2021\/07\/SCANMAX_180EVO-3-500x500.jpg 500w, https:\/\/www.maxima-dia.com\/wp-content\/uploads\/2021\/07\/SCANMAX_180EVO-3-1000x1000.jpg 1000w, https:\/\/www.maxima-dia.com\/wp-content\/uploads\/2021\/07\/SCANMAX_180EVO-3.jpg 1700w\" sizes=\"(max-width: 150px) 100vw, 150px\" \/><\/a><\/td>\n<td style=\"text-align: center; width: 25%;\"><a href=\"https:\/\/www.maxima-dia.com\/wp-content\/uploads\/2021\/07\/SCANMAX_180EVO-4.jpg\"><img loading=\"lazy\" decoding=\"async\" class=\"alignnone size-thumbnail wp-image-29044\" src=\"https:\/\/www.maxima-dia.com\/wp-content\/uploads\/2021\/07\/SCANMAX_180EVO-4-150x150.jpg\" alt=\"\" width=\"150\" height=\"150\" srcset=\"https:\/\/www.maxima-dia.com\/wp-content\/uploads\/2021\/07\/SCANMAX_180EVO-4-150x150.jpg 150w, https:\/\/www.maxima-dia.com\/wp-content\/uploads\/2021\/07\/SCANMAX_180EVO-4-300x300.jpg 300w, https:\/\/www.maxima-dia.com\/wp-content\/uploads\/2021\/07\/SCANMAX_180EVO-4-1024x1024.jpg 1024w, https:\/\/www.maxima-dia.com\/wp-content\/uploads\/2021\/07\/SCANMAX_180EVO-4-768x768.jpg 768w, https:\/\/www.maxima-dia.com\/wp-content\/uploads\/2021\/07\/SCANMAX_180EVO-4-1536x1536.jpg 1536w, https:\/\/www.maxima-dia.com\/wp-content\/uploads\/2021\/07\/SCANMAX_180EVO-4-80x80.jpg 80w, https:\/\/www.maxima-dia.com\/wp-content\/uploads\/2021\/07\/SCANMAX_180EVO-4-500x500.jpg 500w, https:\/\/www.maxima-dia.com\/wp-content\/uploads\/2021\/07\/SCANMAX_180EVO-4-1000x1000.jpg 1000w, https:\/\/www.maxima-dia.com\/wp-content\/uploads\/2021\/07\/SCANMAX_180EVO-4.jpg 1700w\" sizes=\"(max-width: 150px) 100vw, 150px\" \/><\/a><\/td>\n<td style=\"text-align: center; width: 25%;\"><a href=\"https:\/\/www.maxima-dia.com\/wp-content\/uploads\/2021\/07\/SCANMAX_180EVO-5.jpg\"><img loading=\"lazy\" decoding=\"async\" class=\"alignnone size-thumbnail wp-image-29050\" src=\"https:\/\/www.maxima-dia.com\/wp-content\/uploads\/2021\/07\/SCANMAX_180EVO-5-150x150.jpg\" alt=\"\" width=\"150\" height=\"150\" srcset=\"https:\/\/www.maxima-dia.com\/wp-content\/uploads\/2021\/07\/SCANMAX_180EVO-5-150x150.jpg 150w, https:\/\/www.maxima-dia.com\/wp-content\/uploads\/2021\/07\/SCANMAX_180EVO-5-300x300.jpg 300w, https:\/\/www.maxima-dia.com\/wp-content\/uploads\/2021\/07\/SCANMAX_180EVO-5-1024x1024.jpg 1024w, https:\/\/www.maxima-dia.com\/wp-content\/uploads\/2021\/07\/SCANMAX_180EVO-5-768x768.jpg 768w, https:\/\/www.maxima-dia.com\/wp-content\/uploads\/2021\/07\/SCANMAX_180EVO-5-1536x1536.jpg 1536w, https:\/\/www.maxima-dia.com\/wp-content\/uploads\/2021\/07\/SCANMAX_180EVO-5-80x80.jpg 80w, https:\/\/www.maxima-dia.com\/wp-content\/uploads\/2021\/07\/SCANMAX_180EVO-5-500x500.jpg 500w, https:\/\/www.maxima-dia.com\/wp-content\/uploads\/2021\/07\/SCANMAX_180EVO-5-1000x1000.jpg 1000w, https:\/\/www.maxima-dia.com\/wp-content\/uploads\/2021\/07\/SCANMAX_180EVO-5.jpg 1700w\" sizes=\"(max-width: 150px) 100vw, 150px\" \/><\/a><\/td>\n<td style=\"text-align: center; width: 25%;\"><a href=\"https:\/\/www.maxima-dia.com\/wp-content\/uploads\/2021\/07\/SCANMAX_180EVO-2.jpg\"><img loading=\"lazy\" decoding=\"async\" class=\"alignnone size-thumbnail wp-image-29032\" src=\"https:\/\/www.maxima-dia.com\/wp-content\/uploads\/2021\/07\/SCANMAX_180EVO-2-150x150.jpg\" alt=\"\" width=\"150\" height=\"150\" srcset=\"https:\/\/www.maxima-dia.com\/wp-content\/uploads\/2021\/07\/SCANMAX_180EVO-2-150x150.jpg 150w, https:\/\/www.maxima-dia.com\/wp-content\/uploads\/2021\/07\/SCANMAX_180EVO-2-300x300.jpg 300w, https:\/\/www.maxima-dia.com\/wp-content\/uploads\/2021\/07\/SCANMAX_180EVO-2-1024x1024.jpg 1024w, https:\/\/www.maxima-dia.com\/wp-content\/uploads\/2021\/07\/SCANMAX_180EVO-2-768x768.jpg 768w, https:\/\/www.maxima-dia.com\/wp-content\/uploads\/2021\/07\/SCANMAX_180EVO-2-1536x1536.jpg 1536w, https:\/\/www.maxima-dia.com\/wp-content\/uploads\/2021\/07\/SCANMAX_180EVO-2-80x80.jpg 80w, https:\/\/www.maxima-dia.com\/wp-content\/uploads\/2021\/07\/SCANMAX_180EVO-2-500x500.jpg 500w, https:\/\/www.maxima-dia.com\/wp-content\/uploads\/2021\/07\/SCANMAX_180EVO-2-1000x1000.jpg 1000w, https:\/\/www.maxima-dia.com\/wp-content\/uploads\/2021\/07\/SCANMAX_180EVO-2.jpg 1700w\" sizes=\"(max-width: 150px) 100vw, 150px\" \/><\/a><\/td>\n<\/tr>\n<\/tbody>\n<\/table>\n<p>&nbsp;<\/p>\n<table class=\"tabellatecnica\" style=\"width: 100%;\" border=\"0\" cellspacing=\"0\" cellpadding=\"0\">\n<thead>\n<tr>\n<td class=\"testata\" colspan=\"2\">CARACT\u00c9RISTIQUES TECHNIQUES<\/td>\n<\/tr>\n<\/thead>\n<tbody>\n<tr>\n<td class=\"coltesto1\" style=\"width: 50%;\">Puissance absorb\u00e9e: 1800W &#8211; 230 V<\/td>\n<td class=\"coltesto2\" style=\"width: 50%;\">Vitesse de coupe: 0,5 m \/ min sur b\u00e9ton arm\u00e9<\/td>\n<\/tr>\n<tr>\n<td class=\"coltesto1\" style=\"width: 50%;\">Disques de diam. 180 mm &#8211; Al\u00e9sage 22,2<\/td>\n<td class=\"coltesto2\" style=\"width: 50%;\">Pr\u00e9-\u00e9quipement pour aspirateur de poussi\u00e8res<\/td>\n<\/tr>\n<tr>\n<td class=\"coltesto1\" style=\"width: 50%;\">Tours \u00e0 vide: 4900 \/ Min<\/td>\n<td class=\"coltesto2\" style=\"width: 50%;\">Absence compl\u00e8te de vibrations<\/td>\n<\/tr>\n<tr>\n<td class=\"coltesto1\" style=\"width: 50%;\">Largeur de coupe de 20 \u00e0 60 mm<\/td>\n<td class=\"coltesto2\" style=\"width: 50%;\">Fourni avec: Disques Diamant\u00e9s et coffret m\u00e9tallique<\/td>\n<\/tr>\n<tr>\n<td class=\"coltesto1\" style=\"width: 50%;\">Profondeur de coupe de 30 \u00e0 60 mm<\/td>\n<td class=\"coltesto2\" style=\"width: 50%;\">Poids: 6 KG<\/td>\n<\/tr>\n<tr>\n<td class=\"coltesto1\" style=\"width: 50%;\">Vitesse de coupe: 2 m \/ min sur brique perfor\u00e9e<\/td>\n<td class=\"coltesto2\" style=\"width: 50%;\">&nbsp;<\/td>\n<\/tr>\n<\/tbody>\n<\/table>\n<p>[\/vc_column_text][\/vc_column][\/vc_row]<\/p>\n<\/div>","protected":false},"excerpt":{"rendered":"<p>[vc_row][vc_column text_align=\u00a0\u00bbcenter\u00a0\u00bb width=\u00a0\u00bb1\/4&Prime;][vc_column_text] Fabriqu\u00e9 en EU&nbsp; &#8211; certifi\u00e9&nbsp;CE[\/vc_column_text][vc_column_text css_animation=\u00a0\u00bbslideInDown\u00a0\u00bb el_class=\u00a0\u00bbhidebuybutton\u00a0\u00bb][\/vc_column_text][vc_btn title=\u00a0\u00bbFiche du produit\u00a0\u00bb style=\u00a0\u00bboutline-custom\u00a0\u00bb outline_custom_color=\u00a0\u00bb#cc0000&Prime; outline_custom_hover_background=\u00a0\u00bb#910000&Prime; outline_custom_hover_text=\u00a0\u00bb#f7f7f7&Prime; align=\u00a0\u00bbcenter\u00a0\u00bb i_icon_fontawesome=\u00a0\u00bbfas fa-download\u00a0\u00bb add_icon=\u00a0\u00bbtrue\u00a0\u00bb css=\u00a0\u00bb.vc_custom_1639126730640{margin-top: 5px !important;margin-right: 5px !important;margin-bottom: 5px !important;margin-left: 5px !important;}\u00a0\u00bb link=\u00a0\u00bburl:%2Fdl.php%3Ffile_url%3Dhttps%3A%2F%2Fwww.maxima-dia.com%2Fwp-content%2Fuploads%2F2021%2F11%2FSCANMAX-180-EVO-FR.pdf\u00a0\u00bb][\/vc_column][vc_column width=\u00a0\u00bb3\/4&Prime;][vc_column_text]Ce mod\u00e8le repr\u00e9sente l\u2019\u00e9volution du pr\u00e9c\u00e9dent, il a \u00e9t\u00e9 am\u00e9lior\u00e9 au niveau de l\u2019aspiration des poussi\u00e8res avec l\u2019ajout d\u2019un carter basculant et au niveau de la poign\u00e9e, qui est d\u00e9sormais plus ergonomique, et de la fixation des c\u00e2bles \u00e9lectriques, qui sont d\u00e9sormais hors du rayon d\u2019action de l\u2019op\u00e9rateur. Puissant et l\u00e9ger, il est le seul sur le march\u00e9 avec capacit\u00e9 de coupe 6&#215;6 : la profondeur de coupe Maximale est de 6 cm, r\u00e9glable; la largeur de coupe Maximale est de 6 cm, r\u00e9glable. La machine est livr\u00e9e avec 2 disques Laser Scan Rouge de 180 mm de diam\u00e8tre. &nbsp; CARACT\u00c9RISTIQUES TECHNIQUES Puissance absorb\u00e9e: 1800W &#8211; 230 V Vitesse de coupe: 0,5 m \/ min sur b\u00e9ton arm\u00e9 Disques de diam. 180 mm &#8211; Al\u00e9sage 22,2 Pr\u00e9-\u00e9quipement pour aspirateur de poussi\u00e8res Tours \u00e0 vide: 4900 \/ Min Absence compl\u00e8te de vibrations Largeur de coupe de 20 \u00e0 60 mm Fourni avec: Disques Diamant\u00e9s et coffret m\u00e9tallique Profondeur de coupe de 30 \u00e0 60 mm Poids: 6 KG Vitesse de [&hellip;]<\/p>\n","protected":false},"author":29,"featured_media":24590,"parent":12475,"menu_order":1,"comment_status":"closed","ping_status":"closed","template":"","meta":{"ngg_post_thumbnail":0,"_joinchat":[],"footnotes":""},"class_list":["post-8025","page","type-page","status-publish","has-post-thumbnail","hentry"],"yoast_head":"<!-- This site is optimized with the Yoast SEO plugin v25.5 - https:\/\/yoast.com\/wordpress\/plugins\/seo\/ -->\n<title>Scanmax 180 Evo - Maxima SpA<\/title>\n<meta name=\"robots\" content=\"index, follow, max-snippet:-1, max-image-preview:large, max-video-preview:-1\" \/>\n<link rel=\"canonical\" href=\"https:\/\/www.maxima-dia.com\/fr\/machines-de-coupe-pour-le-batiment\/scanmax-180-evo\/\" \/>\n<meta property=\"og:locale\" content=\"fr_FR\" \/>\n<meta property=\"og:type\" content=\"article\" \/>\n<meta property=\"og:title\" content=\"Scanmax 180 Evo - Maxima SpA\" \/>\n<meta property=\"og:description\" content=\"[vc_row][vc_column text_align=\u00a0\u00bbcenter\u00a0\u00bb width=\u00a0\u00bb1\/4&Prime;][vc_column_text] Fabriqu\u00e9 en EU&nbsp; &#8211; certifi\u00e9&nbsp;CE[\/vc_column_text][vc_column_text css_animation=\u00a0\u00bbslideInDown\u00a0\u00bb el_class=\u00a0\u00bbhidebuybutton\u00a0\u00bb][\/vc_column_text][vc_btn title=\u00a0\u00bbFiche du produit\u00a0\u00bb style=\u00a0\u00bboutline-custom\u00a0\u00bb outline_custom_color=\u00a0\u00bb#cc0000&Prime; outline_custom_hover_background=\u00a0\u00bb#910000&Prime; outline_custom_hover_text=\u00a0\u00bb#f7f7f7&Prime; align=\u00a0\u00bbcenter\u00a0\u00bb i_icon_fontawesome=\u00a0\u00bbfas fa-download\u00a0\u00bb add_icon=\u00a0\u00bbtrue\u00a0\u00bb css=\u00a0\u00bb.vc_custom_1639126730640{margin-top: 5px !important;margin-right: 5px !important;margin-bottom: 5px !important;margin-left: 5px !important;}\u00a0\u00bb link=\u00a0\u00bburl:%2Fdl.php%3Ffile_url%3Dhttps%3A%2F%2Fwww.maxima-dia.com%2Fwp-content%2Fuploads%2F2021%2F11%2FSCANMAX-180-EVO-FR.pdf\u00a0\u00bb][\/vc_column][vc_column width=\u00a0\u00bb3\/4&Prime;][vc_column_text]Ce mod\u00e8le repr\u00e9sente l\u2019\u00e9volution du pr\u00e9c\u00e9dent, il a \u00e9t\u00e9 am\u00e9lior\u00e9 au niveau de l\u2019aspiration des poussi\u00e8res avec l\u2019ajout d\u2019un carter basculant et au niveau de la poign\u00e9e, qui est d\u00e9sormais plus ergonomique, et de la fixation des c\u00e2bles \u00e9lectriques, qui sont d\u00e9sormais hors du rayon d\u2019action de l\u2019op\u00e9rateur. Puissant et l\u00e9ger, il est le seul sur le march\u00e9 avec capacit\u00e9 de coupe 6&#215;6 : la profondeur de coupe Maximale est de 6 cm, r\u00e9glable; la largeur de coupe Maximale est de 6 cm, r\u00e9glable. La machine est livr\u00e9e avec 2 disques Laser Scan Rouge de 180 mm de diam\u00e8tre. &nbsp; CARACT\u00c9RISTIQUES TECHNIQUES Puissance absorb\u00e9e: 1800W &#8211; 230 V Vitesse de coupe: 0,5 m \/ min sur b\u00e9ton arm\u00e9 Disques de diam. 180 mm &#8211; Al\u00e9sage 22,2 Pr\u00e9-\u00e9quipement pour aspirateur de poussi\u00e8res Tours \u00e0 vide: 4900 \/ Min Absence compl\u00e8te de vibrations Largeur de coupe de 20 \u00e0 60 mm Fourni avec: Disques Diamant\u00e9s et coffret m\u00e9tallique Profondeur de coupe de 30 \u00e0 60 mm Poids: 6 KG Vitesse de [&hellip;]\" \/>\n<meta property=\"og:url\" content=\"https:\/\/www.maxima-dia.com\/fr\/machines-de-coupe-pour-le-batiment\/scanmax-180-evo\/\" \/>\n<meta property=\"og:site_name\" content=\"Maxima SpA\" \/>\n<meta property=\"article:publisher\" content=\"https:\/\/www.facebook.com\/Maxima-spa-106098566139597\" \/>\n<meta property=\"article:modified_time\" content=\"2021-12-10T08:58:55+00:00\" \/>\n<meta property=\"og:image\" content=\"https:\/\/www.maxima-dia.com\/wp-content\/uploads\/2017\/02\/scanmax-180-evo.jpg\" \/>\n\t<meta property=\"og:image:width\" content=\"1200\" \/>\n\t<meta property=\"og:image:height\" content=\"1200\" \/>\n\t<meta property=\"og:image:type\" content=\"image\/jpeg\" \/>\n<meta name=\"twitter:card\" content=\"summary_large_image\" \/>\n<meta name=\"twitter:site\" content=\"@Maximadia\" \/>\n<meta name=\"twitter:label1\" content=\"Dur\u00e9e de lecture estim\u00e9e\" \/>\n\t<meta name=\"twitter:data1\" content=\"3 minutes\" \/>\n<script type=\"application\/ld+json\" class=\"yoast-schema-graph\">{\"@context\":\"https:\/\/schema.org\",\"@graph\":[{\"@type\":\"WebPage\",\"@id\":\"https:\/\/www.maxima-dia.com\/fr\/machines-de-coupe-pour-le-batiment\/scanmax-180-evo\/\",\"url\":\"https:\/\/www.maxima-dia.com\/fr\/machines-de-coupe-pour-le-batiment\/scanmax-180-evo\/\",\"name\":\"Scanmax 180 Evo - Maxima SpA\",\"isPartOf\":{\"@id\":\"https:\/\/www.maxima-dia.com\/fr\/#website\"},\"primaryImageOfPage\":{\"@id\":\"https:\/\/www.maxima-dia.com\/fr\/machines-de-coupe-pour-le-batiment\/scanmax-180-evo\/#primaryimage\"},\"image\":{\"@id\":\"https:\/\/www.maxima-dia.com\/fr\/machines-de-coupe-pour-le-batiment\/scanmax-180-evo\/#primaryimage\"},\"thumbnailUrl\":\"https:\/\/www.maxima-dia.com\/wp-content\/uploads\/2017\/02\/scanmax-180-evo.jpg\",\"datePublished\":\"2014-04-14T09:32:51+00:00\",\"dateModified\":\"2021-12-10T08:58:55+00:00\",\"breadcrumb\":{\"@id\":\"https:\/\/www.maxima-dia.com\/fr\/machines-de-coupe-pour-le-batiment\/scanmax-180-evo\/#breadcrumb\"},\"inLanguage\":\"fr-FR\",\"potentialAction\":[{\"@type\":\"ReadAction\",\"target\":[\"https:\/\/www.maxima-dia.com\/fr\/machines-de-coupe-pour-le-batiment\/scanmax-180-evo\/\"]}]},{\"@type\":\"ImageObject\",\"inLanguage\":\"fr-FR\",\"@id\":\"https:\/\/www.maxima-dia.com\/fr\/machines-de-coupe-pour-le-batiment\/scanmax-180-evo\/#primaryimage\",\"url\":\"https:\/\/www.maxima-dia.com\/wp-content\/uploads\/2017\/02\/scanmax-180-evo.jpg\",\"contentUrl\":\"https:\/\/www.maxima-dia.com\/wp-content\/uploads\/2017\/02\/scanmax-180-evo.jpg\",\"width\":1200,\"height\":1200},{\"@type\":\"BreadcrumbList\",\"@id\":\"https:\/\/www.maxima-dia.com\/fr\/machines-de-coupe-pour-le-batiment\/scanmax-180-evo\/#breadcrumb\",\"itemListElement\":[{\"@type\":\"ListItem\",\"position\":1,\"name\":\"Home\",\"item\":\"https:\/\/www.maxima-dia.com\/fr\/\"},{\"@type\":\"ListItem\",\"position\":2,\"name\":\"Machines de coupe pour le b\u00e2timent\",\"item\":\"https:\/\/www.maxima-dia.com\/fr\/machines-de-coupe-pour-le-batiment\/\"},{\"@type\":\"ListItem\",\"position\":3,\"name\":\"Scanmax 180 Evo\"}]},{\"@type\":\"WebSite\",\"@id\":\"https:\/\/www.maxima-dia.com\/fr\/#website\",\"url\":\"https:\/\/www.maxima-dia.com\/fr\/\",\"name\":\"Maxima SpA\",\"description\":\"Only for the real professionals\",\"potentialAction\":[{\"@type\":\"SearchAction\",\"target\":{\"@type\":\"EntryPoint\",\"urlTemplate\":\"https:\/\/www.maxima-dia.com\/fr\/?s={search_term_string}\"},\"query-input\":{\"@type\":\"PropertyValueSpecification\",\"valueRequired\":true,\"valueName\":\"search_term_string\"}}],\"inLanguage\":\"fr-FR\"}]}<\/script>\n<!-- \/ Yoast SEO plugin. -->","yoast_head_json":{"title":"Scanmax 180 Evo - Maxima SpA","robots":{"index":"index","follow":"follow","max-snippet":"max-snippet:-1","max-image-preview":"max-image-preview:large","max-video-preview":"max-video-preview:-1"},"canonical":"https:\/\/www.maxima-dia.com\/fr\/machines-de-coupe-pour-le-batiment\/scanmax-180-evo\/","og_locale":"fr_FR","og_type":"article","og_title":"Scanmax 180 Evo - Maxima SpA","og_description":"[vc_row][vc_column text_align=\u00a0\u00bbcenter\u00a0\u00bb width=\u00a0\u00bb1\/4&Prime;][vc_column_text] Fabriqu\u00e9 en EU&nbsp; &#8211; certifi\u00e9&nbsp;CE[\/vc_column_text][vc_column_text css_animation=\u00a0\u00bbslideInDown\u00a0\u00bb el_class=\u00a0\u00bbhidebuybutton\u00a0\u00bb][\/vc_column_text][vc_btn title=\u00a0\u00bbFiche du produit\u00a0\u00bb style=\u00a0\u00bboutline-custom\u00a0\u00bb outline_custom_color=\u00a0\u00bb#cc0000&Prime; outline_custom_hover_background=\u00a0\u00bb#910000&Prime; outline_custom_hover_text=\u00a0\u00bb#f7f7f7&Prime; align=\u00a0\u00bbcenter\u00a0\u00bb i_icon_fontawesome=\u00a0\u00bbfas fa-download\u00a0\u00bb add_icon=\u00a0\u00bbtrue\u00a0\u00bb css=\u00a0\u00bb.vc_custom_1639126730640{margin-top: 5px !important;margin-right: 5px !important;margin-bottom: 5px !important;margin-left: 5px !important;}\u00a0\u00bb link=\u00a0\u00bburl:%2Fdl.php%3Ffile_url%3Dhttps%3A%2F%2Fwww.maxima-dia.com%2Fwp-content%2Fuploads%2F2021%2F11%2FSCANMAX-180-EVO-FR.pdf\u00a0\u00bb][\/vc_column][vc_column width=\u00a0\u00bb3\/4&Prime;][vc_column_text]Ce mod\u00e8le repr\u00e9sente l\u2019\u00e9volution du pr\u00e9c\u00e9dent, il a \u00e9t\u00e9 am\u00e9lior\u00e9 au niveau de l\u2019aspiration des poussi\u00e8res avec l\u2019ajout d\u2019un carter basculant et au niveau de la poign\u00e9e, qui est d\u00e9sormais plus ergonomique, et de la fixation des c\u00e2bles \u00e9lectriques, qui sont d\u00e9sormais hors du rayon d\u2019action de l\u2019op\u00e9rateur. Puissant et l\u00e9ger, il est le seul sur le march\u00e9 avec capacit\u00e9 de coupe 6&#215;6 : la profondeur de coupe Maximale est de 6 cm, r\u00e9glable; la largeur de coupe Maximale est de 6 cm, r\u00e9glable. La machine est livr\u00e9e avec 2 disques Laser Scan Rouge de 180 mm de diam\u00e8tre. &nbsp; CARACT\u00c9RISTIQUES TECHNIQUES Puissance absorb\u00e9e: 1800W &#8211; 230 V Vitesse de coupe: 0,5 m \/ min sur b\u00e9ton arm\u00e9 Disques de diam. 180 mm &#8211; Al\u00e9sage 22,2 Pr\u00e9-\u00e9quipement pour aspirateur de poussi\u00e8res Tours \u00e0 vide: 4900 \/ Min Absence compl\u00e8te de vibrations Largeur de coupe de 20 \u00e0 60 mm Fourni avec: Disques Diamant\u00e9s et coffret m\u00e9tallique Profondeur de coupe de 30 \u00e0 60 mm Poids: 6 KG Vitesse de [&hellip;]","og_url":"https:\/\/www.maxima-dia.com\/fr\/machines-de-coupe-pour-le-batiment\/scanmax-180-evo\/","og_site_name":"Maxima SpA","article_publisher":"https:\/\/www.facebook.com\/Maxima-spa-106098566139597","article_modified_time":"2021-12-10T08:58:55+00:00","og_image":[{"width":1200,"height":1200,"url":"https:\/\/www.maxima-dia.com\/wp-content\/uploads\/2017\/02\/scanmax-180-evo.jpg","type":"image\/jpeg"}],"twitter_card":"summary_large_image","twitter_site":"@Maximadia","twitter_misc":{"Dur\u00e9e de lecture estim\u00e9e":"3 minutes"},"schema":{"@context":"https:\/\/schema.org","@graph":[{"@type":"WebPage","@id":"https:\/\/www.maxima-dia.com\/fr\/machines-de-coupe-pour-le-batiment\/scanmax-180-evo\/","url":"https:\/\/www.maxima-dia.com\/fr\/machines-de-coupe-pour-le-batiment\/scanmax-180-evo\/","name":"Scanmax 180 Evo - Maxima SpA","isPartOf":{"@id":"https:\/\/www.maxima-dia.com\/fr\/#website"},"primaryImageOfPage":{"@id":"https:\/\/www.maxima-dia.com\/fr\/machines-de-coupe-pour-le-batiment\/scanmax-180-evo\/#primaryimage"},"image":{"@id":"https:\/\/www.maxima-dia.com\/fr\/machines-de-coupe-pour-le-batiment\/scanmax-180-evo\/#primaryimage"},"thumbnailUrl":"https:\/\/www.maxima-dia.com\/wp-content\/uploads\/2017\/02\/scanmax-180-evo.jpg","datePublished":"2014-04-14T09:32:51+00:00","dateModified":"2021-12-10T08:58:55+00:00","breadcrumb":{"@id":"https:\/\/www.maxima-dia.com\/fr\/machines-de-coupe-pour-le-batiment\/scanmax-180-evo\/#breadcrumb"},"inLanguage":"fr-FR","potentialAction":[{"@type":"ReadAction","target":["https:\/\/www.maxima-dia.com\/fr\/machines-de-coupe-pour-le-batiment\/scanmax-180-evo\/"]}]},{"@type":"ImageObject","inLanguage":"fr-FR","@id":"https:\/\/www.maxima-dia.com\/fr\/machines-de-coupe-pour-le-batiment\/scanmax-180-evo\/#primaryimage","url":"https:\/\/www.maxima-dia.com\/wp-content\/uploads\/2017\/02\/scanmax-180-evo.jpg","contentUrl":"https:\/\/www.maxima-dia.com\/wp-content\/uploads\/2017\/02\/scanmax-180-evo.jpg","width":1200,"height":1200},{"@type":"BreadcrumbList","@id":"https:\/\/www.maxima-dia.com\/fr\/machines-de-coupe-pour-le-batiment\/scanmax-180-evo\/#breadcrumb","itemListElement":[{"@type":"ListItem","position":1,"name":"Home","item":"https:\/\/www.maxima-dia.com\/fr\/"},{"@type":"ListItem","position":2,"name":"Machines de coupe pour le b\u00e2timent","item":"https:\/\/www.maxima-dia.com\/fr\/machines-de-coupe-pour-le-batiment\/"},{"@type":"ListItem","position":3,"name":"Scanmax 180 Evo"}]},{"@type":"WebSite","@id":"https:\/\/www.maxima-dia.com\/fr\/#website","url":"https:\/\/www.maxima-dia.com\/fr\/","name":"Maxima SpA","description":"Only for the real professionals","potentialAction":[{"@type":"SearchAction","target":{"@type":"EntryPoint","urlTemplate":"https:\/\/www.maxima-dia.com\/fr\/?s={search_term_string}"},"query-input":{"@type":"PropertyValueSpecification","valueRequired":true,"valueName":"search_term_string"}}],"inLanguage":"fr-FR"}]}},"_links":{"self":[{"href":"https:\/\/www.maxima-dia.com\/fr\/wp-json\/wp\/v2\/pages\/8025"}],"collection":[{"href":"https:\/\/www.maxima-dia.com\/fr\/wp-json\/wp\/v2\/pages"}],"about":[{"href":"https:\/\/www.maxima-dia.com\/fr\/wp-json\/wp\/v2\/types\/page"}],"author":[{"embeddable":true,"href":"https:\/\/www.maxima-dia.com\/fr\/wp-json\/wp\/v2\/users\/29"}],"replies":[{"embeddable":true,"href":"https:\/\/www.maxima-dia.com\/fr\/wp-json\/wp\/v2\/comments?post=8025"}],"version-history":[{"count":0,"href":"https:\/\/www.maxima-dia.com\/fr\/wp-json\/wp\/v2\/pages\/8025\/revisions"}],"up":[{"embeddable":true,"href":"https:\/\/www.maxima-dia.com\/fr\/wp-json\/wp\/v2\/pages\/12475"}],"wp:featuredmedia":[{"embeddable":true,"href":"https:\/\/www.maxima-dia.com\/fr\/wp-json\/wp\/v2\/media\/24590"}],"wp:attachment":[{"href":"https:\/\/www.maxima-dia.com\/fr\/wp-json\/wp\/v2\/media?parent=8025"}],"curies":[{"name":"wp","href":"https:\/\/api.w.org\/{rel}","templated":true}]}}