{"id":8039,"date":"2014-04-14T13:49:58","date_gmt":"2014-04-14T11:49:58","guid":{"rendered":"http:\/\/www.maxima-dia.com\/?post_type=products&#038;p=8039"},"modified":"2021-12-10T08:55:45","modified_gmt":"2021-12-10T07:55:45","slug":"levimax-125","status":"publish","type":"page","link":"https:\/\/www.maxima-dia.com\/fr\/machine-a-poncer-pour-la-construction\/levimax-125\/","title":{"rendered":"Levimax 125"},"content":{"rendered":"<div class=\"wpb-content-wrapper\"><p>[vc_row][vc_column text_align=\u00a0\u00bbcenter\u00a0\u00bb width=\u00a0\u00bb1\/4&Prime;][vc_column_text]<a href=\"\/wp-content\/uploads\/2017\/02\/levimax-125.jpg\"><img loading=\"lazy\" decoding=\"async\" class=\"alignnone size-thumbnail wp-image-13862\" src=\"\/wp-content\/uploads\/2017\/02\/levimax-125-150x150.jpg\" alt=\"LEVIMAX 125\" width=\"150\" height=\"150\" srcset=\"https:\/\/www.maxima-dia.com\/wp-content\/uploads\/2017\/02\/levimax-125-150x150.jpg 150w, https:\/\/www.maxima-dia.com\/wp-content\/uploads\/2017\/02\/levimax-125-300x300.jpg 300w, https:\/\/www.maxima-dia.com\/wp-content\/uploads\/2017\/02\/levimax-125-1024x1024.jpg 1024w, https:\/\/www.maxima-dia.com\/wp-content\/uploads\/2017\/02\/levimax-125-768x768.jpg 768w, https:\/\/www.maxima-dia.com\/wp-content\/uploads\/2017\/02\/levimax-125-80x80.jpg 80w, https:\/\/www.maxima-dia.com\/wp-content\/uploads\/2017\/02\/levimax-125-500x500.jpg 500w, https:\/\/www.maxima-dia.com\/wp-content\/uploads\/2017\/02\/levimax-125-1000x1000.jpg 1000w, https:\/\/www.maxima-dia.com\/wp-content\/uploads\/2017\/02\/levimax-125.jpg 1200w\" sizes=\"(max-width: 150px) 100vw, 150px\" \/><\/a><\/p>\n<p>Fabriqu\u00e9 en EU&nbsp;<img loading=\"lazy\" decoding=\"async\" src=\"\/wp-content\/uploads\/2013\/11\/eu.png\" alt=\"eu\" width=\"24\" height=\"16\"> &#8211; certifi\u00e9&nbsp;<span style=\"font-family: arial,helvetica,sans-serif;\">CE<\/span>[\/vc_column_text][vc_column_text css_animation=\u00a0\u00bbslideInDown\u00a0\u00bb el_class=\u00a0\u00bbhidebuybutton\u00a0\u00bb]<a href=\"https:\/\/www.storemaxima.com\/fr\/poncage\/54-levimax-125.html\" target=\"_blank\" rel=\"noopener\"><img loading=\"lazy\" decoding=\"async\" class=\"alignnone\" title=\"Acheter sur www.storemaxima.com\" src=\"https:\/\/www.maxima-dia.com\/wp-content\/uploads\/2019\/12\/pulsante-acquista-storemaxima.com-fr.svg\" alt=\"Acheter sur www.storemaxima.com\" width=\"180\" height=\"80\"><\/a>[\/vc_column_text][vc_btn title=\u00a0\u00bbFiche du produit\u00a0\u00bb style=\u00a0\u00bboutline-custom\u00a0\u00bb outline_custom_color=\u00a0\u00bb#cc0000&Prime; outline_custom_hover_background=\u00a0\u00bb#910000&Prime; outline_custom_hover_text=\u00a0\u00bb#f7f7f7&Prime; align=\u00a0\u00bbcenter\u00a0\u00bb i_icon_fontawesome=\u00a0\u00bbfas fa-download\u00a0\u00bb add_icon=\u00a0\u00bbtrue\u00a0\u00bb css=\u00a0\u00bb.vc_custom_1639122937241{margin-top: 5px !important;margin-right: 5px !important;margin-bottom: 5px !important;margin-left: 5px !important;}\u00a0\u00bb link=\u00a0\u00bburl:%2Fdl.php%3Ffile_url%3Dhttps%3A%2F%2Fwww.maxima-dia.com%2Fwp-content%2Fuploads%2F2021%2F11%2FLEVIMAX-125-FR.pdf\u00a0\u00bb][\/vc_column][vc_column width=\u00a0\u00bb3\/4&Prime;][vc_column_text]Ponceuse professionnelle pour la construction, elle se distingue des machines concurrentes par certains d\u00e9tails techniques et de conception de grande valeur, comme la pr\u00e9sence du double embrayage \u00e9lectronique et m\u00e9canique, qui pr\u00e9viennent les surcharges et les accidents lors des utilisations les plus lourdes; une carte \u00e9lectronique stabilisatrice de puissance qui facilite l\u2019utilisation; le carter r\u00e9glable \u00e0 angle droit pour des usages au ras du mur et dans les angles des surfaces \u00e0 traiter. Avec sa puissance de 1800W, il est possible d\u2019y monter seulement le plateau de pon\u00e7age Laser Cup 125 avec al\u00e9sage 22,2, qui est fourni. Il est possible de r\u00e9gler la profondeur du pon\u00e7age grace au r\u00e9glage sp\u00e9cial plac\u00e9 sur le carter de protection.<\/p>\n<table class=\"tabellafotocarotaggio\" style=\"width: 100%;\">\n<tbody>\n<tr>\n<td style=\"width: 50%; text-align: center;\"><a href=\"\/wp-content\/uploads\/2017\/02\/levimax-125-platorello.jpg\"><img loading=\"lazy\" decoding=\"async\" class=\"alignnone wp-image-13861 size-thumbnail\" src=\"\/wp-content\/uploads\/2017\/02\/levimax-125-platorello-150x150.jpg\" width=\"150\" height=\"150\" srcset=\"https:\/\/www.maxima-dia.com\/wp-content\/uploads\/2017\/02\/levimax-125-platorello-150x150.jpg 150w, https:\/\/www.maxima-dia.com\/wp-content\/uploads\/2017\/02\/levimax-125-platorello-80x80.jpg 80w, https:\/\/www.maxima-dia.com\/wp-content\/uploads\/2017\/02\/levimax-125-platorello-500x500.jpg 500w, https:\/\/www.maxima-dia.com\/wp-content\/uploads\/2017\/02\/levimax-125-platorello-1000x1000.jpg 1000w\" sizes=\"(max-width: 150px) 100vw, 150px\" \/><\/a><\/td>\n<td style=\"width: 50%; text-align: center;\"><a href=\"\/wp-content\/uploads\/2017\/02\/levimax-125-leva.jpg\"><img loading=\"lazy\" decoding=\"async\" class=\"alignnone wp-image-13860 size-thumbnail\" src=\"\/wp-content\/uploads\/2017\/02\/levimax-125-leva-150x150.jpg\" width=\"150\" height=\"150\" srcset=\"https:\/\/www.maxima-dia.com\/wp-content\/uploads\/2017\/02\/levimax-125-leva-150x150.jpg 150w, https:\/\/www.maxima-dia.com\/wp-content\/uploads\/2017\/02\/levimax-125-leva-80x80.jpg 80w, https:\/\/www.maxima-dia.com\/wp-content\/uploads\/2017\/02\/levimax-125-leva-500x500.jpg 500w, https:\/\/www.maxima-dia.com\/wp-content\/uploads\/2017\/02\/levimax-125-leva-1000x1000.jpg 1000w\" sizes=\"(max-width: 150px) 100vw, 150px\" \/><\/a><\/td>\n<\/tr>\n<\/tbody>\n<\/table>\n<p>&nbsp;<\/p>\n<table class=\"tabellatecnica\" style=\"width: 100%;\" border=\"0\" cellspacing=\"0\" cellpadding=\"0\">\n<thead>\n<tr>\n<td class=\"testata\" colspan=\"2\">CARACT\u00c9RISTIQUES TECHNIQUES<\/td>\n<\/tr>\n<\/thead>\n<tbody>\n<tr>\n<td class=\"coltesto1\" style=\"width: 50%;\">Puissance absorb\u00e9e: 1600 W &#8211; 230 V<\/td>\n<td class=\"coltesto2\" style=\"width: 50%;\">Raccord: al\u00e9sage&nbsp;22,2<\/td>\n<\/tr>\n<tr>\n<td class=\"coltesto1\" style=\"width: 50%;\">Diam\u00e8tre du plateau de pon\u00e7age: 125 MM<\/td>\n<td class=\"coltesto2\" style=\"width: 50%;\">Profondeur de pon\u00e7age r\u00e9glable: 0 &#8211; 7 MM<\/td>\n<\/tr>\n<tr>\n<td class=\"coltesto1\" style=\"width: 50%;\" rowspan=\"2\">Vitesse: 10.000 tours&nbsp;\/ min&nbsp;plateau de pon\u00e7age<br \/>\n20.000 tours&nbsp;\/ min&nbsp;moteur<\/td>\n<td class=\"coltesto2\" style=\"width: 50%;\">Digital Electronic System<\/td>\n<\/tr>\n<tr>\n<td class=\"coltesto2\" style=\"width: 50%;\" rowspan=\"2\">Fourni avec: coffret m\u00e9tallique, cl\u00e9s de d\u00e9montage et plateau de pon\u00e7age diamant\u00e9<\/td>\n<\/tr>\n<tr>\n<td class=\"coltesto1\" style=\"width: 50%;\">Embrayage M\u00e9canique de S\u00e9curit\u00e9<\/td>\n<\/tr>\n<tr>\n<td class=\"coltesto1\" style=\"width: 50%;\">Contr\u00f4le \u00c9lectronique de la surcharge<\/td>\n<td class=\"coltesto2\" style=\"width: 50%;\">Poids: 4,6 KG<\/td>\n<\/tr>\n<\/tbody>\n<\/table>\n<p>[\/vc_column_text][\/vc_column][\/vc_row]<\/p>\n<\/div>","protected":false},"excerpt":{"rendered":"<p>[vc_row][vc_column text_align=\u00a0\u00bbcenter\u00a0\u00bb width=\u00a0\u00bb1\/4&Prime;][vc_column_text] Fabriqu\u00e9 en EU&nbsp; &#8211; certifi\u00e9&nbsp;CE[\/vc_column_text][vc_column_text css_animation=\u00a0\u00bbslideInDown\u00a0\u00bb el_class=\u00a0\u00bbhidebuybutton\u00a0\u00bb][\/vc_column_text][vc_btn title=\u00a0\u00bbFiche du produit\u00a0\u00bb style=\u00a0\u00bboutline-custom\u00a0\u00bb outline_custom_color=\u00a0\u00bb#cc0000&Prime; outline_custom_hover_background=\u00a0\u00bb#910000&Prime; outline_custom_hover_text=\u00a0\u00bb#f7f7f7&Prime; align=\u00a0\u00bbcenter\u00a0\u00bb i_icon_fontawesome=\u00a0\u00bbfas fa-download\u00a0\u00bb add_icon=\u00a0\u00bbtrue\u00a0\u00bb css=\u00a0\u00bb.vc_custom_1639122937241{margin-top: 5px !important;margin-right: 5px !important;margin-bottom: 5px !important;margin-left: 5px !important;}\u00a0\u00bb link=\u00a0\u00bburl:%2Fdl.php%3Ffile_url%3Dhttps%3A%2F%2Fwww.maxima-dia.com%2Fwp-content%2Fuploads%2F2021%2F11%2FLEVIMAX-125-FR.pdf\u00a0\u00bb][\/vc_column][vc_column width=\u00a0\u00bb3\/4&Prime;][vc_column_text]Ponceuse professionnelle pour la construction, elle se distingue des machines concurrentes par certains d\u00e9tails techniques et de conception de grande valeur, comme la pr\u00e9sence du double embrayage \u00e9lectronique et m\u00e9canique, qui pr\u00e9viennent les surcharges et les accidents lors des utilisations les plus lourdes; une carte \u00e9lectronique stabilisatrice de puissance qui facilite l\u2019utilisation; le carter r\u00e9glable \u00e0 angle droit pour des usages au ras du mur et dans les angles des surfaces \u00e0 traiter. Avec sa puissance de 1800W, il est possible d\u2019y monter seulement le plateau de pon\u00e7age Laser Cup 125 avec al\u00e9sage 22,2, qui est fourni. Il est possible de r\u00e9gler la profondeur du pon\u00e7age grace au r\u00e9glage sp\u00e9cial plac\u00e9 sur le carter de protection. &nbsp; CARACT\u00c9RISTIQUES TECHNIQUES Puissance absorb\u00e9e: 1600 W &#8211; 230 V Raccord: al\u00e9sage&nbsp;22,2 Diam\u00e8tre du plateau de pon\u00e7age: 125 MM Profondeur de pon\u00e7age r\u00e9glable: 0 &#8211; 7 MM Vitesse: 10.000 tours&nbsp;\/ min&nbsp;plateau de pon\u00e7age 20.000 tours&nbsp;\/ min&nbsp;moteur Digital Electronic System Fourni avec: coffret m\u00e9tallique, cl\u00e9s de d\u00e9montage et plateau de pon\u00e7age diamant\u00e9 Embrayage M\u00e9canique [&hellip;]<\/p>\n","protected":false},"author":29,"featured_media":24580,"parent":19026,"menu_order":1,"comment_status":"closed","ping_status":"closed","template":"","meta":{"ngg_post_thumbnail":0,"_joinchat":[],"footnotes":""},"class_list":["post-8039","page","type-page","status-publish","has-post-thumbnail","hentry"],"yoast_head":"<!-- This site is optimized with the Yoast SEO plugin v25.5 - https:\/\/yoast.com\/wordpress\/plugins\/seo\/ -->\n<title>Levimax 125 - Maxima SpA<\/title>\n<meta name=\"robots\" content=\"index, follow, max-snippet:-1, max-image-preview:large, max-video-preview:-1\" \/>\n<link rel=\"canonical\" href=\"https:\/\/www.maxima-dia.com\/fr\/machine-a-poncer-pour-la-construction\/levimax-125\/\" \/>\n<meta property=\"og:locale\" content=\"fr_FR\" \/>\n<meta property=\"og:type\" content=\"article\" \/>\n<meta property=\"og:title\" content=\"Levimax 125 - Maxima SpA\" \/>\n<meta property=\"og:description\" content=\"[vc_row][vc_column text_align=\u00a0\u00bbcenter\u00a0\u00bb width=\u00a0\u00bb1\/4&Prime;][vc_column_text] Fabriqu\u00e9 en EU&nbsp; &#8211; certifi\u00e9&nbsp;CE[\/vc_column_text][vc_column_text css_animation=\u00a0\u00bbslideInDown\u00a0\u00bb el_class=\u00a0\u00bbhidebuybutton\u00a0\u00bb][\/vc_column_text][vc_btn title=\u00a0\u00bbFiche du produit\u00a0\u00bb style=\u00a0\u00bboutline-custom\u00a0\u00bb outline_custom_color=\u00a0\u00bb#cc0000&Prime; outline_custom_hover_background=\u00a0\u00bb#910000&Prime; outline_custom_hover_text=\u00a0\u00bb#f7f7f7&Prime; align=\u00a0\u00bbcenter\u00a0\u00bb i_icon_fontawesome=\u00a0\u00bbfas fa-download\u00a0\u00bb add_icon=\u00a0\u00bbtrue\u00a0\u00bb css=\u00a0\u00bb.vc_custom_1639122937241{margin-top: 5px !important;margin-right: 5px !important;margin-bottom: 5px !important;margin-left: 5px !important;}\u00a0\u00bb link=\u00a0\u00bburl:%2Fdl.php%3Ffile_url%3Dhttps%3A%2F%2Fwww.maxima-dia.com%2Fwp-content%2Fuploads%2F2021%2F11%2FLEVIMAX-125-FR.pdf\u00a0\u00bb][\/vc_column][vc_column width=\u00a0\u00bb3\/4&Prime;][vc_column_text]Ponceuse professionnelle pour la construction, elle se distingue des machines concurrentes par certains d\u00e9tails techniques et de conception de grande valeur, comme la pr\u00e9sence du double embrayage \u00e9lectronique et m\u00e9canique, qui pr\u00e9viennent les surcharges et les accidents lors des utilisations les plus lourdes; une carte \u00e9lectronique stabilisatrice de puissance qui facilite l\u2019utilisation; le carter r\u00e9glable \u00e0 angle droit pour des usages au ras du mur et dans les angles des surfaces \u00e0 traiter. Avec sa puissance de 1800W, il est possible d\u2019y monter seulement le plateau de pon\u00e7age Laser Cup 125 avec al\u00e9sage 22,2, qui est fourni. Il est possible de r\u00e9gler la profondeur du pon\u00e7age grace au r\u00e9glage sp\u00e9cial plac\u00e9 sur le carter de protection. &nbsp; CARACT\u00c9RISTIQUES TECHNIQUES Puissance absorb\u00e9e: 1600 W &#8211; 230 V Raccord: al\u00e9sage&nbsp;22,2 Diam\u00e8tre du plateau de pon\u00e7age: 125 MM Profondeur de pon\u00e7age r\u00e9glable: 0 &#8211; 7 MM Vitesse: 10.000 tours&nbsp;\/ min&nbsp;plateau de pon\u00e7age 20.000 tours&nbsp;\/ min&nbsp;moteur Digital Electronic System Fourni avec: coffret m\u00e9tallique, cl\u00e9s de d\u00e9montage et plateau de pon\u00e7age diamant\u00e9 Embrayage M\u00e9canique [&hellip;]\" \/>\n<meta property=\"og:url\" content=\"https:\/\/www.maxima-dia.com\/fr\/machine-a-poncer-pour-la-construction\/levimax-125\/\" \/>\n<meta property=\"og:site_name\" content=\"Maxima SpA\" \/>\n<meta property=\"article:publisher\" content=\"https:\/\/www.facebook.com\/Maxima-spa-106098566139597\" \/>\n<meta property=\"article:modified_time\" content=\"2021-12-10T07:55:45+00:00\" \/>\n<meta property=\"og:image\" content=\"https:\/\/www.maxima-dia.com\/wp-content\/uploads\/2017\/02\/levimax-125.jpg\" \/>\n\t<meta property=\"og:image:width\" content=\"1200\" \/>\n\t<meta property=\"og:image:height\" content=\"1200\" \/>\n\t<meta property=\"og:image:type\" content=\"image\/jpeg\" \/>\n<meta name=\"twitter:card\" content=\"summary_large_image\" \/>\n<meta name=\"twitter:site\" content=\"@Maximadia\" \/>\n<meta name=\"twitter:label1\" content=\"Dur\u00e9e de lecture estim\u00e9e\" \/>\n\t<meta name=\"twitter:data1\" content=\"2 minutes\" \/>\n<script type=\"application\/ld+json\" class=\"yoast-schema-graph\">{\"@context\":\"https:\/\/schema.org\",\"@graph\":[{\"@type\":\"WebPage\",\"@id\":\"https:\/\/www.maxima-dia.com\/fr\/machine-a-poncer-pour-la-construction\/levimax-125\/\",\"url\":\"https:\/\/www.maxima-dia.com\/fr\/machine-a-poncer-pour-la-construction\/levimax-125\/\",\"name\":\"Levimax 125 - Maxima SpA\",\"isPartOf\":{\"@id\":\"https:\/\/www.maxima-dia.com\/fr\/#website\"},\"primaryImageOfPage\":{\"@id\":\"https:\/\/www.maxima-dia.com\/fr\/machine-a-poncer-pour-la-construction\/levimax-125\/#primaryimage\"},\"image\":{\"@id\":\"https:\/\/www.maxima-dia.com\/fr\/machine-a-poncer-pour-la-construction\/levimax-125\/#primaryimage\"},\"thumbnailUrl\":\"https:\/\/www.maxima-dia.com\/wp-content\/uploads\/2017\/02\/levimax-125.jpg\",\"datePublished\":\"2014-04-14T11:49:58+00:00\",\"dateModified\":\"2021-12-10T07:55:45+00:00\",\"breadcrumb\":{\"@id\":\"https:\/\/www.maxima-dia.com\/fr\/machine-a-poncer-pour-la-construction\/levimax-125\/#breadcrumb\"},\"inLanguage\":\"fr-FR\",\"potentialAction\":[{\"@type\":\"ReadAction\",\"target\":[\"https:\/\/www.maxima-dia.com\/fr\/machine-a-poncer-pour-la-construction\/levimax-125\/\"]}]},{\"@type\":\"ImageObject\",\"inLanguage\":\"fr-FR\",\"@id\":\"https:\/\/www.maxima-dia.com\/fr\/machine-a-poncer-pour-la-construction\/levimax-125\/#primaryimage\",\"url\":\"https:\/\/www.maxima-dia.com\/wp-content\/uploads\/2017\/02\/levimax-125.jpg\",\"contentUrl\":\"https:\/\/www.maxima-dia.com\/wp-content\/uploads\/2017\/02\/levimax-125.jpg\",\"width\":1200,\"height\":1200,\"caption\":\"Levimax 150\"},{\"@type\":\"BreadcrumbList\",\"@id\":\"https:\/\/www.maxima-dia.com\/fr\/machine-a-poncer-pour-la-construction\/levimax-125\/#breadcrumb\",\"itemListElement\":[{\"@type\":\"ListItem\",\"position\":1,\"name\":\"Home\",\"item\":\"https:\/\/www.maxima-dia.com\/fr\/\"},{\"@type\":\"ListItem\",\"position\":2,\"name\":\"Machine \u00e0 poncer pour la construction\",\"item\":\"https:\/\/www.maxima-dia.com\/fr\/machine-a-poncer-pour-la-construction\/\"},{\"@type\":\"ListItem\",\"position\":3,\"name\":\"Levimax 125\"}]},{\"@type\":\"WebSite\",\"@id\":\"https:\/\/www.maxima-dia.com\/fr\/#website\",\"url\":\"https:\/\/www.maxima-dia.com\/fr\/\",\"name\":\"Maxima SpA\",\"description\":\"Only for the real professionals\",\"potentialAction\":[{\"@type\":\"SearchAction\",\"target\":{\"@type\":\"EntryPoint\",\"urlTemplate\":\"https:\/\/www.maxima-dia.com\/fr\/?s={search_term_string}\"},\"query-input\":{\"@type\":\"PropertyValueSpecification\",\"valueRequired\":true,\"valueName\":\"search_term_string\"}}],\"inLanguage\":\"fr-FR\"}]}<\/script>\n<!-- \/ Yoast SEO plugin. -->","yoast_head_json":{"title":"Levimax 125 - Maxima SpA","robots":{"index":"index","follow":"follow","max-snippet":"max-snippet:-1","max-image-preview":"max-image-preview:large","max-video-preview":"max-video-preview:-1"},"canonical":"https:\/\/www.maxima-dia.com\/fr\/machine-a-poncer-pour-la-construction\/levimax-125\/","og_locale":"fr_FR","og_type":"article","og_title":"Levimax 125 - Maxima SpA","og_description":"[vc_row][vc_column text_align=\u00a0\u00bbcenter\u00a0\u00bb width=\u00a0\u00bb1\/4&Prime;][vc_column_text] Fabriqu\u00e9 en EU&nbsp; &#8211; certifi\u00e9&nbsp;CE[\/vc_column_text][vc_column_text css_animation=\u00a0\u00bbslideInDown\u00a0\u00bb el_class=\u00a0\u00bbhidebuybutton\u00a0\u00bb][\/vc_column_text][vc_btn title=\u00a0\u00bbFiche du produit\u00a0\u00bb style=\u00a0\u00bboutline-custom\u00a0\u00bb outline_custom_color=\u00a0\u00bb#cc0000&Prime; outline_custom_hover_background=\u00a0\u00bb#910000&Prime; outline_custom_hover_text=\u00a0\u00bb#f7f7f7&Prime; align=\u00a0\u00bbcenter\u00a0\u00bb i_icon_fontawesome=\u00a0\u00bbfas fa-download\u00a0\u00bb add_icon=\u00a0\u00bbtrue\u00a0\u00bb css=\u00a0\u00bb.vc_custom_1639122937241{margin-top: 5px !important;margin-right: 5px !important;margin-bottom: 5px !important;margin-left: 5px !important;}\u00a0\u00bb link=\u00a0\u00bburl:%2Fdl.php%3Ffile_url%3Dhttps%3A%2F%2Fwww.maxima-dia.com%2Fwp-content%2Fuploads%2F2021%2F11%2FLEVIMAX-125-FR.pdf\u00a0\u00bb][\/vc_column][vc_column width=\u00a0\u00bb3\/4&Prime;][vc_column_text]Ponceuse professionnelle pour la construction, elle se distingue des machines concurrentes par certains d\u00e9tails techniques et de conception de grande valeur, comme la pr\u00e9sence du double embrayage \u00e9lectronique et m\u00e9canique, qui pr\u00e9viennent les surcharges et les accidents lors des utilisations les plus lourdes; une carte \u00e9lectronique stabilisatrice de puissance qui facilite l\u2019utilisation; le carter r\u00e9glable \u00e0 angle droit pour des usages au ras du mur et dans les angles des surfaces \u00e0 traiter. Avec sa puissance de 1800W, il est possible d\u2019y monter seulement le plateau de pon\u00e7age Laser Cup 125 avec al\u00e9sage 22,2, qui est fourni. Il est possible de r\u00e9gler la profondeur du pon\u00e7age grace au r\u00e9glage sp\u00e9cial plac\u00e9 sur le carter de protection. &nbsp; CARACT\u00c9RISTIQUES TECHNIQUES Puissance absorb\u00e9e: 1600 W &#8211; 230 V Raccord: al\u00e9sage&nbsp;22,2 Diam\u00e8tre du plateau de pon\u00e7age: 125 MM Profondeur de pon\u00e7age r\u00e9glable: 0 &#8211; 7 MM Vitesse: 10.000 tours&nbsp;\/ min&nbsp;plateau de pon\u00e7age 20.000 tours&nbsp;\/ min&nbsp;moteur Digital Electronic System Fourni avec: coffret m\u00e9tallique, cl\u00e9s de d\u00e9montage et plateau de pon\u00e7age diamant\u00e9 Embrayage M\u00e9canique [&hellip;]","og_url":"https:\/\/www.maxima-dia.com\/fr\/machine-a-poncer-pour-la-construction\/levimax-125\/","og_site_name":"Maxima SpA","article_publisher":"https:\/\/www.facebook.com\/Maxima-spa-106098566139597","article_modified_time":"2021-12-10T07:55:45+00:00","og_image":[{"width":1200,"height":1200,"url":"https:\/\/www.maxima-dia.com\/wp-content\/uploads\/2017\/02\/levimax-125.jpg","type":"image\/jpeg"}],"twitter_card":"summary_large_image","twitter_site":"@Maximadia","twitter_misc":{"Dur\u00e9e de lecture estim\u00e9e":"2 minutes"},"schema":{"@context":"https:\/\/schema.org","@graph":[{"@type":"WebPage","@id":"https:\/\/www.maxima-dia.com\/fr\/machine-a-poncer-pour-la-construction\/levimax-125\/","url":"https:\/\/www.maxima-dia.com\/fr\/machine-a-poncer-pour-la-construction\/levimax-125\/","name":"Levimax 125 - Maxima SpA","isPartOf":{"@id":"https:\/\/www.maxima-dia.com\/fr\/#website"},"primaryImageOfPage":{"@id":"https:\/\/www.maxima-dia.com\/fr\/machine-a-poncer-pour-la-construction\/levimax-125\/#primaryimage"},"image":{"@id":"https:\/\/www.maxima-dia.com\/fr\/machine-a-poncer-pour-la-construction\/levimax-125\/#primaryimage"},"thumbnailUrl":"https:\/\/www.maxima-dia.com\/wp-content\/uploads\/2017\/02\/levimax-125.jpg","datePublished":"2014-04-14T11:49:58+00:00","dateModified":"2021-12-10T07:55:45+00:00","breadcrumb":{"@id":"https:\/\/www.maxima-dia.com\/fr\/machine-a-poncer-pour-la-construction\/levimax-125\/#breadcrumb"},"inLanguage":"fr-FR","potentialAction":[{"@type":"ReadAction","target":["https:\/\/www.maxima-dia.com\/fr\/machine-a-poncer-pour-la-construction\/levimax-125\/"]}]},{"@type":"ImageObject","inLanguage":"fr-FR","@id":"https:\/\/www.maxima-dia.com\/fr\/machine-a-poncer-pour-la-construction\/levimax-125\/#primaryimage","url":"https:\/\/www.maxima-dia.com\/wp-content\/uploads\/2017\/02\/levimax-125.jpg","contentUrl":"https:\/\/www.maxima-dia.com\/wp-content\/uploads\/2017\/02\/levimax-125.jpg","width":1200,"height":1200,"caption":"Levimax 150"},{"@type":"BreadcrumbList","@id":"https:\/\/www.maxima-dia.com\/fr\/machine-a-poncer-pour-la-construction\/levimax-125\/#breadcrumb","itemListElement":[{"@type":"ListItem","position":1,"name":"Home","item":"https:\/\/www.maxima-dia.com\/fr\/"},{"@type":"ListItem","position":2,"name":"Machine \u00e0 poncer pour la construction","item":"https:\/\/www.maxima-dia.com\/fr\/machine-a-poncer-pour-la-construction\/"},{"@type":"ListItem","position":3,"name":"Levimax 125"}]},{"@type":"WebSite","@id":"https:\/\/www.maxima-dia.com\/fr\/#website","url":"https:\/\/www.maxima-dia.com\/fr\/","name":"Maxima SpA","description":"Only for the real professionals","potentialAction":[{"@type":"SearchAction","target":{"@type":"EntryPoint","urlTemplate":"https:\/\/www.maxima-dia.com\/fr\/?s={search_term_string}"},"query-input":{"@type":"PropertyValueSpecification","valueRequired":true,"valueName":"search_term_string"}}],"inLanguage":"fr-FR"}]}},"_links":{"self":[{"href":"https:\/\/www.maxima-dia.com\/fr\/wp-json\/wp\/v2\/pages\/8039"}],"collection":[{"href":"https:\/\/www.maxima-dia.com\/fr\/wp-json\/wp\/v2\/pages"}],"about":[{"href":"https:\/\/www.maxima-dia.com\/fr\/wp-json\/wp\/v2\/types\/page"}],"author":[{"embeddable":true,"href":"https:\/\/www.maxima-dia.com\/fr\/wp-json\/wp\/v2\/users\/29"}],"replies":[{"embeddable":true,"href":"https:\/\/www.maxima-dia.com\/fr\/wp-json\/wp\/v2\/comments?post=8039"}],"version-history":[{"count":0,"href":"https:\/\/www.maxima-dia.com\/fr\/wp-json\/wp\/v2\/pages\/8039\/revisions"}],"up":[{"embeddable":true,"href":"https:\/\/www.maxima-dia.com\/fr\/wp-json\/wp\/v2\/pages\/19026"}],"wp:featuredmedia":[{"embeddable":true,"href":"https:\/\/www.maxima-dia.com\/fr\/wp-json\/wp\/v2\/media\/24580"}],"wp:attachment":[{"href":"https:\/\/www.maxima-dia.com\/fr\/wp-json\/wp\/v2\/media?parent=8039"}],"curies":[{"name":"wp","href":"https:\/\/api.w.org\/{rel}","templated":true}]}}