{"id":8359,"date":"2014-05-15T15:00:32","date_gmt":"2014-05-15T13:00:32","guid":{"rendered":"http:\/\/www.maxima-dia.com\/?post_type=products&#038;p=8359"},"modified":"2022-03-28T11:15:23","modified_gmt":"2022-03-28T09:15:23","slug":"pavimax-450","status":"publish","type":"page","link":"https:\/\/www.maxima-dia.com\/fr\/machines-de-coupe-pour-le-batiment\/pavimax-450\/","title":{"rendered":"Pavimax 450"},"content":{"rendered":"<div class=\"wpb-content-wrapper\"><p>[vc_row][vc_column text_align=\u00a0\u00bbcenter\u00a0\u00bb width=\u00a0\u00bb1\/4&Prime;][vc_column_text]<a href=\"\/wp-content\/uploads\/2017\/02\/pavimax-450.jpg\"><img loading=\"lazy\" decoding=\"async\" class=\"alignnone size-thumbnail wp-image-13903\" src=\"\/wp-content\/uploads\/2017\/02\/pavimax-450-150x150.jpg\" alt=\"PAVIMAX 450\" width=\"150\" height=\"150\" srcset=\"https:\/\/www.maxima-dia.com\/wp-content\/uploads\/2017\/02\/pavimax-450-150x150.jpg 150w, https:\/\/www.maxima-dia.com\/wp-content\/uploads\/2017\/02\/pavimax-450-300x300.jpg 300w, https:\/\/www.maxima-dia.com\/wp-content\/uploads\/2017\/02\/pavimax-450-768x768.jpg 768w, https:\/\/www.maxima-dia.com\/wp-content\/uploads\/2017\/02\/pavimax-450-1024x1024.jpg 1024w, https:\/\/www.maxima-dia.com\/wp-content\/uploads\/2017\/02\/pavimax-450-80x80.jpg 80w, https:\/\/www.maxima-dia.com\/wp-content\/uploads\/2017\/02\/pavimax-450-500x500.jpg 500w, https:\/\/www.maxima-dia.com\/wp-content\/uploads\/2017\/02\/pavimax-450-1000x1000.jpg 1000w, https:\/\/www.maxima-dia.com\/wp-content\/uploads\/2017\/02\/pavimax-450.jpg 1200w\" sizes=\"(max-width: 150px) 100vw, 150px\" \/><\/a><\/p>\n<p>Fabriqu\u00e9 en EU &nbsp;<img loading=\"lazy\" decoding=\"async\" src=\"\/wp-content\/uploads\/2013\/11\/eu.png\" alt=\"eu\" width=\"24\" height=\"16\"> &#8211;&nbsp;certifi\u00e9&nbsp;CE[\/vc_column_text][vc_column_text css_animation=\u00a0\u00bbslideInDown\u00a0\u00bb el_class=\u00a0\u00bbhidebuybutton\u00a0\u00bb]<a href=\"https:\/\/www.storemaxima.com\/fr\/machines-de-coupe-pour-le-batiment\/64-pavimax-450.html\" target=\"_blank\" rel=\"noopener\"><img loading=\"lazy\" decoding=\"async\" class=\"alignnone\" title=\"Acheter sur www.storemaxima.com\" src=\"https:\/\/www.maxima-dia.com\/wp-content\/uploads\/2019\/12\/pulsante-acquista-storemaxima.com-fr.svg\" alt=\"Acheter sur www.storemaxima.com\" width=\"180\" height=\"80\"><\/a>[\/vc_column_text][vc_btn title=\u00a0\u00bbFiche du produit\u00a0\u00bb style=\u00a0\u00bboutline-custom\u00a0\u00bb outline_custom_color=\u00a0\u00bb#cc0000&Prime; outline_custom_hover_background=\u00a0\u00bb#910000&Prime; outline_custom_hover_text=\u00a0\u00bb#f7f7f7&Prime; align=\u00a0\u00bbcenter\u00a0\u00bb i_icon_fontawesome=\u00a0\u00bbfas fa-download\u00a0\u00bb add_icon=\u00a0\u00bbtrue\u00a0\u00bb css=\u00a0\u00bb.vc_custom_1639128414142{margin-top: 5px !important;margin-right: 5px !important;margin-bottom: 5px !important;margin-left: 5px !important;}\u00a0\u00bb link=\u00a0\u00bburl:%2Fdl.php%3Ffile_url%3Dhttps%3A%2F%2Fwww.maxima-dia.com%2Fwp-content%2Fuploads%2F2021%2F11%2FPAVIMAX-450-FR.pdf\u00a0\u00bb][\/vc_column][vc_column width=\u00a0\u00bb3\/4&Prime;][vc_column_text]La scie de sol la plus vendue de la gamme. Id\u00e9ale pour les usages intensifs comme la location \u00e0 des tiers. En ce sens, le moteur Honda GX-390 \u00e0 d\u00e9marrage par lanceur ma-nuel offre des garanties absolues en termes de performances et disponibilit\u00e9 des pi\u00e8ces d\u00e9tach\u00e9es. Robuste et stable, gr\u00e2ce \u00e0 son pas court et au r\u00e9servoir d\u2019eau mont\u00e9 sur le moteur, elle est pr\u00e9cise et tr\u00e8s bien \u00e9quilibr\u00e9e. La profondeur de coupe maximum est de 17 cm et la machine est livr\u00e9e avec un disque diamant\u00e9 de 450 mm de diam\u00e8tre au choix du client, \u00e0 pr\u00e9ciser au moment de la commande.<\/p>\n<table class=\"tabellafotocarotaggio\" style=\"width: 100%;\">\n<tbody>\n<tr>\n<td style=\"width: 20%; text-align: center;\"><a href=\"\/wp-content\/uploads\/2017\/02\/pavimax-450-f1.jpg\"><img loading=\"lazy\" decoding=\"async\" class=\"alignnone wp-image-13894 size-thumbnail\" src=\"\/wp-content\/uploads\/2017\/02\/pavimax-450-f1-150x150.jpg\" width=\"150\" height=\"150\"><\/a><\/td>\n<td style=\"width: 20%; text-align: center;\"><a href=\"\/wp-content\/uploads\/2017\/02\/pavimax-450-f2.jpg\"><img loading=\"lazy\" decoding=\"async\" class=\"alignnone wp-image-13894 size-thumbnail\" src=\"\/wp-content\/uploads\/2017\/02\/pavimax-450-f2-150x150.jpg\" width=\"150\" height=\"150\"><\/a><\/td>\n<td style=\"width: 20%; text-align: center;\"><a href=\"\/wp-content\/uploads\/2017\/02\/pavimax-450-f3.jpg\"><img loading=\"lazy\" decoding=\"async\" class=\"alignnone wp-image-13894 size-thumbnail\" src=\"\/wp-content\/uploads\/2017\/02\/pavimax-450-f3-150x150.jpg\" width=\"150\" height=\"150\"><\/a><\/td>\n<td style=\"width: 20%; text-align: center;\"><a href=\"\/wp-content\/uploads\/2017\/02\/pavimax-450-f4.jpg\"><img loading=\"lazy\" decoding=\"async\" class=\"alignnone wp-image-13894 size-thumbnail\" src=\"\/wp-content\/uploads\/2017\/02\/pavimax-450-f4-150x150.jpg\" width=\"150\" height=\"150\"><\/a><\/td>\n<td style=\"width: 20%; text-align: center;\"><a href=\"\/wp-content\/uploads\/2017\/02\/pavimax-450-f5.jpg\"><img loading=\"lazy\" decoding=\"async\" class=\"alignnone wp-image-13894 size-thumbnail\" src=\"\/wp-content\/uploads\/2017\/02\/pavimax-450-f5-150x150.jpg\" width=\"150\" height=\"150\"><\/a><\/td>\n<\/tr>\n<\/tbody>\n<\/table>\n<p>&nbsp;<\/p>\n<table class=\"tabellatecnica\" style=\"width: 100%;\" border=\"0\" cellspacing=\"0\" cellpadding=\"0\">\n<thead>\n<tr>\n<td class=\"testata\" colspan=\"2\">CARACT\u00c9RISTIQUES TECHNIQUES<\/td>\n<\/tr>\n<\/thead>\n<tbody>\n<tr>\n<td class=\"coltesto1\" style=\"width: 50%;\">Disque de diam\u00e8tre 450 mm &#8211; al\u00e9sage 25,4 mm<\/td>\n<td class=\"coltesto2\" style=\"width: 50%;\">Nb de tours du moteur 3600 tours \/ min<\/td>\n<\/tr>\n<tr>\n<td class=\"coltesto1\" style=\"width: 50%;\">Profondeur de coupe 17 cm (avec disque de 450 mm)<\/td>\n<td class=\"coltesto2\" style=\"width: 50%;\">R\u00e9servoir d\u2019eau de 33&nbsp;l<\/td>\n<\/tr>\n<tr>\n<td class=\"coltesto1\" style=\"width: 50%;\" rowspan=\"2\">Moteur Honda GX390 8.7 kW &#8211; 11.7 HP<br \/>\navec d\u00e9marrage par lanceur manuel<\/td>\n<td class=\"coltesto2\" style=\"width: 50%;\">Dimensions (LxlxH) 112&nbsp;x&nbsp;55&nbsp;x 106 cm<\/td>\n<\/tr>\n<tr>\n<td class=\"coltesto2\" style=\"width: 50%;\">Poids 113&nbsp;Kg<\/td>\n<\/tr>\n<\/tbody>\n<\/table>\n<p>[\/vc_column_text][\/vc_column][\/vc_row]<\/p>\n<\/div>","protected":false},"excerpt":{"rendered":"<p>[vc_row][vc_column text_align=\u00a0\u00bbcenter\u00a0\u00bb width=\u00a0\u00bb1\/4&Prime;][vc_column_text] Fabriqu\u00e9 en EU &nbsp; &#8211;&nbsp;certifi\u00e9&nbsp;CE[\/vc_column_text][vc_column_text css_animation=\u00a0\u00bbslideInDown\u00a0\u00bb el_class=\u00a0\u00bbhidebuybutton\u00a0\u00bb][\/vc_column_text][vc_btn title=\u00a0\u00bbFiche du produit\u00a0\u00bb style=\u00a0\u00bboutline-custom\u00a0\u00bb outline_custom_color=\u00a0\u00bb#cc0000&Prime; outline_custom_hover_background=\u00a0\u00bb#910000&Prime; outline_custom_hover_text=\u00a0\u00bb#f7f7f7&Prime; align=\u00a0\u00bbcenter\u00a0\u00bb i_icon_fontawesome=\u00a0\u00bbfas fa-download\u00a0\u00bb add_icon=\u00a0\u00bbtrue\u00a0\u00bb css=\u00a0\u00bb.vc_custom_1639128414142{margin-top: 5px !important;margin-right: 5px !important;margin-bottom: 5px !important;margin-left: 5px !important;}\u00a0\u00bb link=\u00a0\u00bburl:%2Fdl.php%3Ffile_url%3Dhttps%3A%2F%2Fwww.maxima-dia.com%2Fwp-content%2Fuploads%2F2021%2F11%2FPAVIMAX-450-FR.pdf\u00a0\u00bb][\/vc_column][vc_column width=\u00a0\u00bb3\/4&Prime;][vc_column_text]La scie de sol la plus vendue de la gamme. Id\u00e9ale pour les usages intensifs comme la location \u00e0 des tiers. En ce sens, le moteur Honda GX-390 \u00e0 d\u00e9marrage par lanceur ma-nuel offre des garanties absolues en termes de performances et disponibilit\u00e9 des pi\u00e8ces d\u00e9tach\u00e9es. Robuste et stable, gr\u00e2ce \u00e0 son pas court et au r\u00e9servoir d\u2019eau mont\u00e9 sur le moteur, elle est pr\u00e9cise et tr\u00e8s bien \u00e9quilibr\u00e9e. La profondeur de coupe maximum est de 17 cm et la machine est livr\u00e9e avec un disque diamant\u00e9 de 450 mm de diam\u00e8tre au choix du client, \u00e0 pr\u00e9ciser au moment de la commande. &nbsp; CARACT\u00c9RISTIQUES TECHNIQUES Disque de diam\u00e8tre 450 mm &#8211; al\u00e9sage 25,4 mm Nb de tours du moteur 3600 tours \/ min Profondeur de coupe 17 cm (avec disque de 450 mm) R\u00e9servoir d\u2019eau de 33&nbsp;l Moteur Honda GX390 8.7 kW &#8211; 11.7 HP avec d\u00e9marrage par lanceur manuel Dimensions (LxlxH) 112&nbsp;x&nbsp;55&nbsp;x 106 cm Poids 113&nbsp;Kg [\/vc_column_text][\/vc_column][\/vc_row]<\/p>\n","protected":false},"author":29,"featured_media":24663,"parent":12475,"menu_order":11,"comment_status":"closed","ping_status":"closed","template":"","meta":{"ngg_post_thumbnail":0,"_joinchat":[],"footnotes":""},"class_list":["post-8359","page","type-page","status-publish","has-post-thumbnail","hentry"],"yoast_head":"<!-- This site is optimized with the Yoast SEO plugin v25.5 - https:\/\/yoast.com\/wordpress\/plugins\/seo\/ -->\n<title>Pavimax 450 - Maxima SpA<\/title>\n<meta name=\"description\" content=\"La scie de sol la plus vendue de la gamme id\u00e9ale pour les usages intensifs comme la location \u00e0 des tiers\" \/>\n<meta name=\"robots\" content=\"index, follow, max-snippet:-1, max-image-preview:large, max-video-preview:-1\" \/>\n<link rel=\"canonical\" href=\"https:\/\/www.maxima-dia.com\/fr\/machines-de-coupe-pour-le-batiment\/pavimax-450\/\" \/>\n<meta property=\"og:locale\" content=\"fr_FR\" \/>\n<meta property=\"og:type\" content=\"article\" \/>\n<meta property=\"og:title\" content=\"Pavimax 450 - Maxima SpA\" \/>\n<meta property=\"og:description\" content=\"La scie de sol la plus vendue de la gamme id\u00e9ale pour les usages intensifs comme la location \u00e0 des tiers\" \/>\n<meta property=\"og:url\" content=\"https:\/\/www.maxima-dia.com\/fr\/machines-de-coupe-pour-le-batiment\/pavimax-450\/\" \/>\n<meta property=\"og:site_name\" content=\"Maxima SpA\" \/>\n<meta property=\"article:publisher\" content=\"https:\/\/www.facebook.com\/Maxima-spa-106098566139597\" \/>\n<meta property=\"article:modified_time\" content=\"2022-03-28T09:15:23+00:00\" \/>\n<meta property=\"og:image\" content=\"https:\/\/www.maxima-dia.com\/wp-content\/uploads\/2017\/02\/pavimax-450.jpg\" \/>\n\t<meta property=\"og:image:width\" content=\"1200\" \/>\n\t<meta property=\"og:image:height\" content=\"1200\" \/>\n\t<meta property=\"og:image:type\" content=\"image\/jpeg\" \/>\n<meta name=\"twitter:card\" content=\"summary_large_image\" \/>\n<meta name=\"twitter:site\" content=\"@Maximadia\" \/>\n<meta name=\"twitter:label1\" content=\"Dur\u00e9e de lecture estim\u00e9e\" \/>\n\t<meta name=\"twitter:data1\" content=\"3 minutes\" \/>\n<script type=\"application\/ld+json\" class=\"yoast-schema-graph\">{\"@context\":\"https:\/\/schema.org\",\"@graph\":[{\"@type\":\"WebPage\",\"@id\":\"https:\/\/www.maxima-dia.com\/fr\/machines-de-coupe-pour-le-batiment\/pavimax-450\/\",\"url\":\"https:\/\/www.maxima-dia.com\/fr\/machines-de-coupe-pour-le-batiment\/pavimax-450\/\",\"name\":\"Pavimax 450 - Maxima SpA\",\"isPartOf\":{\"@id\":\"https:\/\/www.maxima-dia.com\/fr\/#website\"},\"primaryImageOfPage\":{\"@id\":\"https:\/\/www.maxima-dia.com\/fr\/machines-de-coupe-pour-le-batiment\/pavimax-450\/#primaryimage\"},\"image\":{\"@id\":\"https:\/\/www.maxima-dia.com\/fr\/machines-de-coupe-pour-le-batiment\/pavimax-450\/#primaryimage\"},\"thumbnailUrl\":\"https:\/\/www.maxima-dia.com\/wp-content\/uploads\/2017\/02\/pavimax-450.jpg\",\"datePublished\":\"2014-05-15T13:00:32+00:00\",\"dateModified\":\"2022-03-28T09:15:23+00:00\",\"description\":\"La scie de sol la plus vendue de la gamme id\u00e9ale pour les usages intensifs comme la location \u00e0 des tiers\",\"breadcrumb\":{\"@id\":\"https:\/\/www.maxima-dia.com\/fr\/machines-de-coupe-pour-le-batiment\/pavimax-450\/#breadcrumb\"},\"inLanguage\":\"fr-FR\",\"potentialAction\":[{\"@type\":\"ReadAction\",\"target\":[\"https:\/\/www.maxima-dia.com\/fr\/machines-de-coupe-pour-le-batiment\/pavimax-450\/\"]}]},{\"@type\":\"ImageObject\",\"inLanguage\":\"fr-FR\",\"@id\":\"https:\/\/www.maxima-dia.com\/fr\/machines-de-coupe-pour-le-batiment\/pavimax-450\/#primaryimage\",\"url\":\"https:\/\/www.maxima-dia.com\/wp-content\/uploads\/2017\/02\/pavimax-450.jpg\",\"contentUrl\":\"https:\/\/www.maxima-dia.com\/wp-content\/uploads\/2017\/02\/pavimax-450.jpg\",\"width\":1200,\"height\":1200},{\"@type\":\"BreadcrumbList\",\"@id\":\"https:\/\/www.maxima-dia.com\/fr\/machines-de-coupe-pour-le-batiment\/pavimax-450\/#breadcrumb\",\"itemListElement\":[{\"@type\":\"ListItem\",\"position\":1,\"name\":\"Home\",\"item\":\"https:\/\/www.maxima-dia.com\/fr\/\"},{\"@type\":\"ListItem\",\"position\":2,\"name\":\"Machines de coupe pour le b\u00e2timent\",\"item\":\"https:\/\/www.maxima-dia.com\/fr\/machines-de-coupe-pour-le-batiment\/\"},{\"@type\":\"ListItem\",\"position\":3,\"name\":\"Pavimax 450\"}]},{\"@type\":\"WebSite\",\"@id\":\"https:\/\/www.maxima-dia.com\/fr\/#website\",\"url\":\"https:\/\/www.maxima-dia.com\/fr\/\",\"name\":\"Maxima SpA\",\"description\":\"Only for the real professionals\",\"potentialAction\":[{\"@type\":\"SearchAction\",\"target\":{\"@type\":\"EntryPoint\",\"urlTemplate\":\"https:\/\/www.maxima-dia.com\/fr\/?s={search_term_string}\"},\"query-input\":{\"@type\":\"PropertyValueSpecification\",\"valueRequired\":true,\"valueName\":\"search_term_string\"}}],\"inLanguage\":\"fr-FR\"}]}<\/script>\n<!-- \/ Yoast SEO plugin. -->","yoast_head_json":{"title":"Pavimax 450 - Maxima SpA","description":"La scie de sol la plus vendue de la gamme id\u00e9ale pour les usages intensifs comme la location \u00e0 des tiers","robots":{"index":"index","follow":"follow","max-snippet":"max-snippet:-1","max-image-preview":"max-image-preview:large","max-video-preview":"max-video-preview:-1"},"canonical":"https:\/\/www.maxima-dia.com\/fr\/machines-de-coupe-pour-le-batiment\/pavimax-450\/","og_locale":"fr_FR","og_type":"article","og_title":"Pavimax 450 - Maxima SpA","og_description":"La scie de sol la plus vendue de la gamme id\u00e9ale pour les usages intensifs comme la location \u00e0 des tiers","og_url":"https:\/\/www.maxima-dia.com\/fr\/machines-de-coupe-pour-le-batiment\/pavimax-450\/","og_site_name":"Maxima SpA","article_publisher":"https:\/\/www.facebook.com\/Maxima-spa-106098566139597","article_modified_time":"2022-03-28T09:15:23+00:00","og_image":[{"width":1200,"height":1200,"url":"https:\/\/www.maxima-dia.com\/wp-content\/uploads\/2017\/02\/pavimax-450.jpg","type":"image\/jpeg"}],"twitter_card":"summary_large_image","twitter_site":"@Maximadia","twitter_misc":{"Dur\u00e9e de lecture estim\u00e9e":"3 minutes"},"schema":{"@context":"https:\/\/schema.org","@graph":[{"@type":"WebPage","@id":"https:\/\/www.maxima-dia.com\/fr\/machines-de-coupe-pour-le-batiment\/pavimax-450\/","url":"https:\/\/www.maxima-dia.com\/fr\/machines-de-coupe-pour-le-batiment\/pavimax-450\/","name":"Pavimax 450 - Maxima SpA","isPartOf":{"@id":"https:\/\/www.maxima-dia.com\/fr\/#website"},"primaryImageOfPage":{"@id":"https:\/\/www.maxima-dia.com\/fr\/machines-de-coupe-pour-le-batiment\/pavimax-450\/#primaryimage"},"image":{"@id":"https:\/\/www.maxima-dia.com\/fr\/machines-de-coupe-pour-le-batiment\/pavimax-450\/#primaryimage"},"thumbnailUrl":"https:\/\/www.maxima-dia.com\/wp-content\/uploads\/2017\/02\/pavimax-450.jpg","datePublished":"2014-05-15T13:00:32+00:00","dateModified":"2022-03-28T09:15:23+00:00","description":"La scie de sol la plus vendue de la gamme id\u00e9ale pour les usages intensifs comme la location \u00e0 des tiers","breadcrumb":{"@id":"https:\/\/www.maxima-dia.com\/fr\/machines-de-coupe-pour-le-batiment\/pavimax-450\/#breadcrumb"},"inLanguage":"fr-FR","potentialAction":[{"@type":"ReadAction","target":["https:\/\/www.maxima-dia.com\/fr\/machines-de-coupe-pour-le-batiment\/pavimax-450\/"]}]},{"@type":"ImageObject","inLanguage":"fr-FR","@id":"https:\/\/www.maxima-dia.com\/fr\/machines-de-coupe-pour-le-batiment\/pavimax-450\/#primaryimage","url":"https:\/\/www.maxima-dia.com\/wp-content\/uploads\/2017\/02\/pavimax-450.jpg","contentUrl":"https:\/\/www.maxima-dia.com\/wp-content\/uploads\/2017\/02\/pavimax-450.jpg","width":1200,"height":1200},{"@type":"BreadcrumbList","@id":"https:\/\/www.maxima-dia.com\/fr\/machines-de-coupe-pour-le-batiment\/pavimax-450\/#breadcrumb","itemListElement":[{"@type":"ListItem","position":1,"name":"Home","item":"https:\/\/www.maxima-dia.com\/fr\/"},{"@type":"ListItem","position":2,"name":"Machines de coupe pour le b\u00e2timent","item":"https:\/\/www.maxima-dia.com\/fr\/machines-de-coupe-pour-le-batiment\/"},{"@type":"ListItem","position":3,"name":"Pavimax 450"}]},{"@type":"WebSite","@id":"https:\/\/www.maxima-dia.com\/fr\/#website","url":"https:\/\/www.maxima-dia.com\/fr\/","name":"Maxima SpA","description":"Only for the real professionals","potentialAction":[{"@type":"SearchAction","target":{"@type":"EntryPoint","urlTemplate":"https:\/\/www.maxima-dia.com\/fr\/?s={search_term_string}"},"query-input":{"@type":"PropertyValueSpecification","valueRequired":true,"valueName":"search_term_string"}}],"inLanguage":"fr-FR"}]}},"_links":{"self":[{"href":"https:\/\/www.maxima-dia.com\/fr\/wp-json\/wp\/v2\/pages\/8359"}],"collection":[{"href":"https:\/\/www.maxima-dia.com\/fr\/wp-json\/wp\/v2\/pages"}],"about":[{"href":"https:\/\/www.maxima-dia.com\/fr\/wp-json\/wp\/v2\/types\/page"}],"author":[{"embeddable":true,"href":"https:\/\/www.maxima-dia.com\/fr\/wp-json\/wp\/v2\/users\/29"}],"replies":[{"embeddable":true,"href":"https:\/\/www.maxima-dia.com\/fr\/wp-json\/wp\/v2\/comments?post=8359"}],"version-history":[{"count":2,"href":"https:\/\/www.maxima-dia.com\/fr\/wp-json\/wp\/v2\/pages\/8359\/revisions"}],"predecessor-version":[{"id":34533,"href":"https:\/\/www.maxima-dia.com\/fr\/wp-json\/wp\/v2\/pages\/8359\/revisions\/34533"}],"up":[{"embeddable":true,"href":"https:\/\/www.maxima-dia.com\/fr\/wp-json\/wp\/v2\/pages\/12475"}],"wp:featuredmedia":[{"embeddable":true,"href":"https:\/\/www.maxima-dia.com\/fr\/wp-json\/wp\/v2\/media\/24663"}],"wp:attachment":[{"href":"https:\/\/www.maxima-dia.com\/fr\/wp-json\/wp\/v2\/media?parent=8359"}],"curies":[{"name":"wp","href":"https:\/\/api.w.org\/{rel}","templated":true}]}}