{"id":8389,"date":"2014-05-15T17:23:20","date_gmt":"2014-05-15T15:23:20","guid":{"rendered":"http:\/\/www.maxima-dia.com\/?post_type=products&#038;p=8389"},"modified":"2021-12-20T11:54:37","modified_gmt":"2021-12-20T10:54:37","slug":"vibramax-60-12","status":"publish","type":"page","link":"https:\/\/www.maxima-dia.com\/fr\/machine-pour-le-compactage\/vibramax-60-12\/","title":{"rendered":"Vibramax 60\/12"},"content":{"rendered":"<div class=\"wpb-content-wrapper\"><p>[vc_row][vc_column text_align=\u00a0\u00bbcenter\u00a0\u00bb width=\u00a0\u00bb1\/4&Prime;][vc_column_text]<a href=\"\/wp-content\/uploads\/2017\/02\/vibramax.jpg\"><img loading=\"lazy\" decoding=\"async\" class=\"alignnone size-thumbnail wp-image-13928\" src=\"\/wp-content\/uploads\/2017\/02\/vibramax-150x150.jpg\" alt=\"VIBRAMAX 60\/12\" width=\"150\" height=\"150\" srcset=\"https:\/\/www.maxima-dia.com\/wp-content\/uploads\/2017\/02\/vibramax-150x150.jpg 150w, https:\/\/www.maxima-dia.com\/wp-content\/uploads\/2017\/02\/vibramax-300x300.jpg 300w, https:\/\/www.maxima-dia.com\/wp-content\/uploads\/2017\/02\/vibramax-768x768.jpg 768w, https:\/\/www.maxima-dia.com\/wp-content\/uploads\/2017\/02\/vibramax-1024x1024.jpg 1024w, https:\/\/www.maxima-dia.com\/wp-content\/uploads\/2017\/02\/vibramax-80x80.jpg 80w, https:\/\/www.maxima-dia.com\/wp-content\/uploads\/2017\/02\/vibramax-500x500.jpg 500w, https:\/\/www.maxima-dia.com\/wp-content\/uploads\/2017\/02\/vibramax-1000x1000.jpg 1000w, https:\/\/www.maxima-dia.com\/wp-content\/uploads\/2017\/02\/vibramax.jpg 1200w\" sizes=\"(max-width: 150px) 100vw, 150px\" \/><\/a><\/p>\n<p>Fabriqu\u00e9 en EU&nbsp;<img loading=\"lazy\" decoding=\"async\" src=\"\/wp-content\/uploads\/2013\/11\/eu.png\" alt=\"eu\" width=\"24\" height=\"16\"> &#8211; certifi\u00e9&nbsp;<span style=\"font-family: arial,helvetica,sans-serif;\">CE<\/span>[\/vc_column_text][vc_column_text css_animation=\u00a0\u00bbslideInDown\u00a0\u00bb el_class=\u00a0\u00bbhidebuybutton\u00a0\u00bb]<a href=\"https:\/\/www.storemaxima.com\/fr\/compactage\/66-vibramax-60-11.html\" target=\"_blank\" rel=\"noopener\"><img loading=\"lazy\" decoding=\"async\" class=\"alignnone\" title=\"Acheter sur www.storemaxima.com\" src=\"https:\/\/www.maxima-dia.com\/wp-content\/uploads\/2019\/12\/pulsante-acquista-storemaxima.com-fr.svg\" alt=\"Acheter sur www.storemaxima.com\" width=\"180\" height=\"80\"><\/a>[\/vc_column_text][vc_btn title=\u00a0\u00bbFiche du produit\u00a0\u00bb style=\u00a0\u00bboutline-custom\u00a0\u00bb outline_custom_color=\u00a0\u00bb#cc0000&Prime; outline_custom_hover_background=\u00a0\u00bb#910000&Prime; outline_custom_hover_text=\u00a0\u00bb#f7f7f7&Prime; align=\u00a0\u00bbcenter\u00a0\u00bb i_icon_fontawesome=\u00a0\u00bbfas fa-download\u00a0\u00bb add_icon=\u00a0\u00bbtrue\u00a0\u00bb css=\u00a0\u00bb.vc_custom_1639122248990{margin-top: 5px !important;margin-right: 5px !important;margin-bottom: 5px !important;margin-left: 5px !important;}\u00a0\u00bb link=\u00a0\u00bburl:%2Fdl.php%3Ffile_url%3Dhttps%3A%2F%2Fwww.maxima-dia.com%2Fwp-content%2Fuploads%2F2021%2F11%2FVIBRAMAX-60-12-FR.pdf\u00a0\u00bb][\/vc_column][vc_column width=\u00a0\u00bb3\/4&Prime;][vc_column_text]<strong>Vibramax 60\/12<\/strong> est pr\u00e9sente dans la gamme pour satisfaire les n\u00e9cessit\u00e9s de travail sur de petites dimensions mais de fa\u00e7on professionnelle, en simplifiant les op\u00e9rations de transport et d\u2019utilisation de la machine. Les dimensions r\u00e9duites de la plaque et du moteur en font le mod\u00e8le id\u00e9al pour une utilisation dans les cours et les jardins priv\u00e9s ou pour l\u2019ins\u00e9rer dans les doubles coupes sur l\u2019asphalte. Le moteur Honda assure performances et fiabilit\u00e9. Id\u00e9ale \u00e9galement pour une utilisation sur les cailloux\/galets, sur du sable\/gravier et terrain compact\u00e9. \u00c9quip\u00e9 d\u2019une barre qui prot\u00e8ge des coups. La machine est livr\u00e9e avec des roues pour le transport et le compteur d\u2019heures, un outil particuli\u00e8rement utile pour ceux qui louent ou pour ceux qui veulent simplement garder un \u0153il sur les intervalles d\u2019entretien. Equip\u00e9 d\u2019un crochet de levage et d\u2019une barre de protection. La base de la plaque est en acier \u00e0 haute r\u00e9sistance et il est garanti 6 ans.<\/p>\n<table class=\"tabellafotocarotaggio\" style=\"width: 100%;\">\n<tbody>\n<tr>\n<td style=\"width: 50%; text-align: center;\"><a href=\"\/wp-content\/uploads\/2017\/02\/vibramax-f1.jpg\"><img loading=\"lazy\" decoding=\"async\" class=\"alignnone wp-image-13926 size-thumbnail\" src=\"\/wp-content\/uploads\/2017\/02\/vibramax-f1-150x150.jpg\" width=\"150\" height=\"150\" srcset=\"https:\/\/www.maxima-dia.com\/wp-content\/uploads\/2017\/02\/vibramax-f1-150x150.jpg 150w, https:\/\/www.maxima-dia.com\/wp-content\/uploads\/2017\/02\/vibramax-f1-80x80.jpg 80w, https:\/\/www.maxima-dia.com\/wp-content\/uploads\/2017\/02\/vibramax-f1-500x500.jpg 500w\" sizes=\"(max-width: 150px) 100vw, 150px\" \/><\/a><\/td>\n<td style=\"width: 50%; text-align: center;\"><a href=\"\/wp-content\/uploads\/2017\/02\/vibramax-f2.jpg\"><img loading=\"lazy\" decoding=\"async\" class=\"alignnone wp-image-13894 size-thumbnail\" src=\"\/wp-content\/uploads\/2017\/02\/vibramax-f2-150x150.jpg\" width=\"150\" height=\"150\"><\/a><\/td>\n<\/tr>\n<\/tbody>\n<\/table>\n<p style=\"text-align: justify;\">&nbsp;<\/p>\n<table class=\"tabellatecnica\" style=\"width: 100%;\" border=\"0\" cellspacing=\"0\" cellpadding=\"0\">\n<thead>\n<tr>\n<td class=\"testata\" colspan=\"2\">CARACT\u00c9RISTIQUES TECHNIQUES<\/td>\n<\/tr>\n<\/thead>\n<tbody>\n<tr>\n<td class=\"coltesto1\" style=\"width: 50%;\">Force Centrifuge 12&nbsp;kN<\/td>\n<td class=\"coltesto2\" style=\"width: 50%;\">Fr\u00e9quence 92 Hz<\/td>\n<\/tr>\n<tr>\n<td class=\"coltesto1\" style=\"width: 50%;\">Largeur de la plaque 330&nbsp;mm<\/td>\n<td class=\"coltesto2\" style=\"width: 50%;\">Vitesse max. 30 m\/min<\/td>\n<\/tr>\n<tr>\n<td class=\"coltesto1\" style=\"width: 50%;\">Longueur de la plaque 450&nbsp;mm<\/td>\n<td class=\"coltesto2\" style=\"width: 50%;\">Pente max. 40%<\/td>\n<\/tr>\n<tr>\n<td class=\"coltesto2\" style=\"width: 50%;\">Moteur Honda GX120 \u00e0 essence sans plomb<\/td>\n<td class=\"coltesto2\" style=\"width: 50%;\">Dimensions (ferm\u00e9e) 710 x 320 x 850&nbsp;mm<\/td>\n<\/tr>\n<tr>\n<td class=\"coltesto2\" style=\"width: 50%;\">Puissance Moteur 2,6 kW\/ 3,5 CV<\/td>\n<td class=\"coltesto2\" style=\"width: 50%;\">R\u00e9servoir d\u2019eau inclus<\/td>\n<\/tr>\n<tr>\n<td class=\"coltesto2\" style=\"width: 50%;\">Nb de tours du moteur 3600 tours\/min<\/td>\n<td class=\"coltesto2\" style=\"width: 50%;\">Kit roulettes inclus<\/td>\n<\/tr>\n<tr>\n<td class=\"coltesto2\" style=\"width: 50%;\">Pression statique en surface 0,067 Kg\/cm2<\/td>\n<td class=\"coltesto2\" style=\"width: 50%;\">Poids 67&nbsp;Kg<\/td>\n<\/tr>\n<\/tbody>\n<\/table>\n<p>[\/vc_column_text][\/vc_column][\/vc_row]<\/p>\n<\/div>","protected":false},"excerpt":{"rendered":"<p>[vc_row][vc_column text_align=\u00a0\u00bbcenter\u00a0\u00bb width=\u00a0\u00bb1\/4&Prime;][vc_column_text] Fabriqu\u00e9 en EU&nbsp; &#8211; certifi\u00e9&nbsp;CE[\/vc_column_text][vc_column_text css_animation=\u00a0\u00bbslideInDown\u00a0\u00bb el_class=\u00a0\u00bbhidebuybutton\u00a0\u00bb][\/vc_column_text][vc_btn title=\u00a0\u00bbFiche du produit\u00a0\u00bb style=\u00a0\u00bboutline-custom\u00a0\u00bb outline_custom_color=\u00a0\u00bb#cc0000&Prime; outline_custom_hover_background=\u00a0\u00bb#910000&Prime; outline_custom_hover_text=\u00a0\u00bb#f7f7f7&Prime; align=\u00a0\u00bbcenter\u00a0\u00bb i_icon_fontawesome=\u00a0\u00bbfas fa-download\u00a0\u00bb add_icon=\u00a0\u00bbtrue\u00a0\u00bb css=\u00a0\u00bb.vc_custom_1639122248990{margin-top: 5px !important;margin-right: 5px !important;margin-bottom: 5px !important;margin-left: 5px !important;}\u00a0\u00bb link=\u00a0\u00bburl:%2Fdl.php%3Ffile_url%3Dhttps%3A%2F%2Fwww.maxima-dia.com%2Fwp-content%2Fuploads%2F2021%2F11%2FVIBRAMAX-60-12-FR.pdf\u00a0\u00bb][\/vc_column][vc_column width=\u00a0\u00bb3\/4&Prime;][vc_column_text]Vibramax 60\/12 est pr\u00e9sente dans la gamme pour satisfaire les n\u00e9cessit\u00e9s de travail sur de petites dimensions mais de fa\u00e7on professionnelle, en simplifiant les op\u00e9rations de transport et d\u2019utilisation de la machine. Les dimensions r\u00e9duites de la plaque et du moteur en font le mod\u00e8le id\u00e9al pour une utilisation dans les cours et les jardins priv\u00e9s ou pour l\u2019ins\u00e9rer dans les doubles coupes sur l\u2019asphalte. Le moteur Honda assure performances et fiabilit\u00e9. Id\u00e9ale \u00e9galement pour une utilisation sur les cailloux\/galets, sur du sable\/gravier et terrain compact\u00e9. \u00c9quip\u00e9 d\u2019une barre qui prot\u00e8ge des coups. La machine est livr\u00e9e avec des roues pour le transport et le compteur d\u2019heures, un outil particuli\u00e8rement utile pour ceux qui louent ou pour ceux qui veulent simplement garder un \u0153il sur les intervalles d\u2019entretien. Equip\u00e9 d\u2019un crochet de levage et d\u2019une barre de protection. La base de la plaque est en acier \u00e0 haute r\u00e9sistance et il est garanti 6 ans. &nbsp; CARACT\u00c9RISTIQUES TECHNIQUES Force Centrifuge 12&nbsp;kN Fr\u00e9quence 92 Hz Largeur de la plaque 330&nbsp;mm [&hellip;]<\/p>\n","protected":false},"author":29,"featured_media":24682,"parent":33189,"menu_order":2,"comment_status":"closed","ping_status":"closed","template":"","meta":{"ngg_post_thumbnail":0,"_joinchat":[],"footnotes":""},"class_list":["post-8389","page","type-page","status-publish","has-post-thumbnail","hentry"],"yoast_head":"<!-- This site is optimized with the Yoast SEO plugin v25.5 - https:\/\/yoast.com\/wordpress\/plugins\/seo\/ -->\n<title>Vibramax 60\/12 - Maxima SpA<\/title>\n<meta name=\"description\" content=\"Vibramax 60\/12 machine de compactage pour asphalte cailloux pierres sable gravier\" \/>\n<meta name=\"robots\" content=\"index, follow, max-snippet:-1, max-image-preview:large, max-video-preview:-1\" \/>\n<link rel=\"canonical\" href=\"https:\/\/www.maxima-dia.com\/fr\/machine-pour-le-compactage\/vibramax-60-12\/\" \/>\n<meta property=\"og:locale\" content=\"fr_FR\" \/>\n<meta property=\"og:type\" content=\"article\" \/>\n<meta property=\"og:title\" content=\"Vibramax 60\/12 - Maxima SpA\" \/>\n<meta property=\"og:description\" content=\"Vibramax 60\/12 machine de compactage pour asphalte cailloux pierres sable gravier\" \/>\n<meta property=\"og:url\" content=\"https:\/\/www.maxima-dia.com\/fr\/machine-pour-le-compactage\/vibramax-60-12\/\" \/>\n<meta property=\"og:site_name\" content=\"Maxima SpA\" \/>\n<meta property=\"article:publisher\" content=\"https:\/\/www.facebook.com\/Maxima-spa-106098566139597\" \/>\n<meta property=\"article:modified_time\" content=\"2021-12-20T10:54:37+00:00\" \/>\n<meta property=\"og:image\" content=\"https:\/\/www.maxima-dia.com\/wp-content\/uploads\/2017\/02\/vibramax.jpg\" \/>\n\t<meta property=\"og:image:width\" content=\"1200\" \/>\n\t<meta property=\"og:image:height\" content=\"1200\" \/>\n\t<meta property=\"og:image:type\" content=\"image\/jpeg\" \/>\n<meta name=\"twitter:card\" content=\"summary_large_image\" \/>\n<meta name=\"twitter:site\" content=\"@Maximadia\" \/>\n<meta name=\"twitter:label1\" content=\"Dur\u00e9e de lecture estim\u00e9e\" \/>\n\t<meta name=\"twitter:data1\" content=\"3 minutes\" \/>\n<script type=\"application\/ld+json\" class=\"yoast-schema-graph\">{\"@context\":\"https:\/\/schema.org\",\"@graph\":[{\"@type\":\"WebPage\",\"@id\":\"https:\/\/www.maxima-dia.com\/fr\/machine-pour-le-compactage\/vibramax-60-12\/\",\"url\":\"https:\/\/www.maxima-dia.com\/fr\/machine-pour-le-compactage\/vibramax-60-12\/\",\"name\":\"Vibramax 60\/12 - Maxima SpA\",\"isPartOf\":{\"@id\":\"https:\/\/www.maxima-dia.com\/fr\/#website\"},\"primaryImageOfPage\":{\"@id\":\"https:\/\/www.maxima-dia.com\/fr\/machine-pour-le-compactage\/vibramax-60-12\/#primaryimage\"},\"image\":{\"@id\":\"https:\/\/www.maxima-dia.com\/fr\/machine-pour-le-compactage\/vibramax-60-12\/#primaryimage\"},\"thumbnailUrl\":\"https:\/\/www.maxima-dia.com\/wp-content\/uploads\/2017\/02\/vibramax.jpg\",\"datePublished\":\"2014-05-15T15:23:20+00:00\",\"dateModified\":\"2021-12-20T10:54:37+00:00\",\"description\":\"Vibramax 60\/12 machine de compactage pour asphalte cailloux pierres sable gravier\",\"breadcrumb\":{\"@id\":\"https:\/\/www.maxima-dia.com\/fr\/machine-pour-le-compactage\/vibramax-60-12\/#breadcrumb\"},\"inLanguage\":\"fr-FR\",\"potentialAction\":[{\"@type\":\"ReadAction\",\"target\":[\"https:\/\/www.maxima-dia.com\/fr\/machine-pour-le-compactage\/vibramax-60-12\/\"]}]},{\"@type\":\"ImageObject\",\"inLanguage\":\"fr-FR\",\"@id\":\"https:\/\/www.maxima-dia.com\/fr\/machine-pour-le-compactage\/vibramax-60-12\/#primaryimage\",\"url\":\"https:\/\/www.maxima-dia.com\/wp-content\/uploads\/2017\/02\/vibramax.jpg\",\"contentUrl\":\"https:\/\/www.maxima-dia.com\/wp-content\/uploads\/2017\/02\/vibramax.jpg\",\"width\":1200,\"height\":1200},{\"@type\":\"BreadcrumbList\",\"@id\":\"https:\/\/www.maxima-dia.com\/fr\/machine-pour-le-compactage\/vibramax-60-12\/#breadcrumb\",\"itemListElement\":[{\"@type\":\"ListItem\",\"position\":1,\"name\":\"Home\",\"item\":\"https:\/\/www.maxima-dia.com\/fr\/\"},{\"@type\":\"ListItem\",\"position\":2,\"name\":\"Machine pour le compactage\",\"item\":\"https:\/\/www.maxima-dia.com\/fr\/machine-pour-le-compactage\/\"},{\"@type\":\"ListItem\",\"position\":3,\"name\":\"Vibramax 60\/12\"}]},{\"@type\":\"WebSite\",\"@id\":\"https:\/\/www.maxima-dia.com\/fr\/#website\",\"url\":\"https:\/\/www.maxima-dia.com\/fr\/\",\"name\":\"Maxima SpA\",\"description\":\"Only for the real professionals\",\"potentialAction\":[{\"@type\":\"SearchAction\",\"target\":{\"@type\":\"EntryPoint\",\"urlTemplate\":\"https:\/\/www.maxima-dia.com\/fr\/?s={search_term_string}\"},\"query-input\":{\"@type\":\"PropertyValueSpecification\",\"valueRequired\":true,\"valueName\":\"search_term_string\"}}],\"inLanguage\":\"fr-FR\"}]}<\/script>\n<!-- \/ Yoast SEO plugin. -->","yoast_head_json":{"title":"Vibramax 60\/12 - Maxima SpA","description":"Vibramax 60\/12 machine de compactage pour asphalte cailloux pierres sable gravier","robots":{"index":"index","follow":"follow","max-snippet":"max-snippet:-1","max-image-preview":"max-image-preview:large","max-video-preview":"max-video-preview:-1"},"canonical":"https:\/\/www.maxima-dia.com\/fr\/machine-pour-le-compactage\/vibramax-60-12\/","og_locale":"fr_FR","og_type":"article","og_title":"Vibramax 60\/12 - Maxima SpA","og_description":"Vibramax 60\/12 machine de compactage pour asphalte cailloux pierres sable gravier","og_url":"https:\/\/www.maxima-dia.com\/fr\/machine-pour-le-compactage\/vibramax-60-12\/","og_site_name":"Maxima SpA","article_publisher":"https:\/\/www.facebook.com\/Maxima-spa-106098566139597","article_modified_time":"2021-12-20T10:54:37+00:00","og_image":[{"width":1200,"height":1200,"url":"https:\/\/www.maxima-dia.com\/wp-content\/uploads\/2017\/02\/vibramax.jpg","type":"image\/jpeg"}],"twitter_card":"summary_large_image","twitter_site":"@Maximadia","twitter_misc":{"Dur\u00e9e de lecture estim\u00e9e":"3 minutes"},"schema":{"@context":"https:\/\/schema.org","@graph":[{"@type":"WebPage","@id":"https:\/\/www.maxima-dia.com\/fr\/machine-pour-le-compactage\/vibramax-60-12\/","url":"https:\/\/www.maxima-dia.com\/fr\/machine-pour-le-compactage\/vibramax-60-12\/","name":"Vibramax 60\/12 - Maxima SpA","isPartOf":{"@id":"https:\/\/www.maxima-dia.com\/fr\/#website"},"primaryImageOfPage":{"@id":"https:\/\/www.maxima-dia.com\/fr\/machine-pour-le-compactage\/vibramax-60-12\/#primaryimage"},"image":{"@id":"https:\/\/www.maxima-dia.com\/fr\/machine-pour-le-compactage\/vibramax-60-12\/#primaryimage"},"thumbnailUrl":"https:\/\/www.maxima-dia.com\/wp-content\/uploads\/2017\/02\/vibramax.jpg","datePublished":"2014-05-15T15:23:20+00:00","dateModified":"2021-12-20T10:54:37+00:00","description":"Vibramax 60\/12 machine de compactage pour asphalte cailloux pierres sable gravier","breadcrumb":{"@id":"https:\/\/www.maxima-dia.com\/fr\/machine-pour-le-compactage\/vibramax-60-12\/#breadcrumb"},"inLanguage":"fr-FR","potentialAction":[{"@type":"ReadAction","target":["https:\/\/www.maxima-dia.com\/fr\/machine-pour-le-compactage\/vibramax-60-12\/"]}]},{"@type":"ImageObject","inLanguage":"fr-FR","@id":"https:\/\/www.maxima-dia.com\/fr\/machine-pour-le-compactage\/vibramax-60-12\/#primaryimage","url":"https:\/\/www.maxima-dia.com\/wp-content\/uploads\/2017\/02\/vibramax.jpg","contentUrl":"https:\/\/www.maxima-dia.com\/wp-content\/uploads\/2017\/02\/vibramax.jpg","width":1200,"height":1200},{"@type":"BreadcrumbList","@id":"https:\/\/www.maxima-dia.com\/fr\/machine-pour-le-compactage\/vibramax-60-12\/#breadcrumb","itemListElement":[{"@type":"ListItem","position":1,"name":"Home","item":"https:\/\/www.maxima-dia.com\/fr\/"},{"@type":"ListItem","position":2,"name":"Machine pour le compactage","item":"https:\/\/www.maxima-dia.com\/fr\/machine-pour-le-compactage\/"},{"@type":"ListItem","position":3,"name":"Vibramax 60\/12"}]},{"@type":"WebSite","@id":"https:\/\/www.maxima-dia.com\/fr\/#website","url":"https:\/\/www.maxima-dia.com\/fr\/","name":"Maxima SpA","description":"Only for the real professionals","potentialAction":[{"@type":"SearchAction","target":{"@type":"EntryPoint","urlTemplate":"https:\/\/www.maxima-dia.com\/fr\/?s={search_term_string}"},"query-input":{"@type":"PropertyValueSpecification","valueRequired":true,"valueName":"search_term_string"}}],"inLanguage":"fr-FR"}]}},"_links":{"self":[{"href":"https:\/\/www.maxima-dia.com\/fr\/wp-json\/wp\/v2\/pages\/8389"}],"collection":[{"href":"https:\/\/www.maxima-dia.com\/fr\/wp-json\/wp\/v2\/pages"}],"about":[{"href":"https:\/\/www.maxima-dia.com\/fr\/wp-json\/wp\/v2\/types\/page"}],"author":[{"embeddable":true,"href":"https:\/\/www.maxima-dia.com\/fr\/wp-json\/wp\/v2\/users\/29"}],"replies":[{"embeddable":true,"href":"https:\/\/www.maxima-dia.com\/fr\/wp-json\/wp\/v2\/comments?post=8389"}],"version-history":[{"count":0,"href":"https:\/\/www.maxima-dia.com\/fr\/wp-json\/wp\/v2\/pages\/8389\/revisions"}],"up":[{"embeddable":true,"href":"https:\/\/www.maxima-dia.com\/fr\/wp-json\/wp\/v2\/pages\/33189"}],"wp:featuredmedia":[{"embeddable":true,"href":"https:\/\/www.maxima-dia.com\/fr\/wp-json\/wp\/v2\/media\/24682"}],"wp:attachment":[{"href":"https:\/\/www.maxima-dia.com\/fr\/wp-json\/wp\/v2\/media?parent=8389"}],"curies":[{"name":"wp","href":"https:\/\/api.w.org\/{rel}","templated":true}]}}