{"id":8402,"date":"2014-05-16T08:44:41","date_gmt":"2014-05-16T06:44:41","guid":{"rendered":"http:\/\/www.maxima-dia.com\/?post_type=products&#038;p=8402"},"modified":"2021-12-20T11:54:42","modified_gmt":"2021-12-20T10:54:42","slug":"vibramax-95-18","status":"publish","type":"page","link":"https:\/\/www.maxima-dia.com\/fr\/machine-pour-le-compactage\/vibramax-95-18\/","title":{"rendered":"Vibramax 95\/18"},"content":{"rendered":"<div class=\"wpb-content-wrapper\"><p>[vc_row][vc_column text_align=\u00a0\u00bbcenter\u00a0\u00bb width=\u00a0\u00bb1\/4&Prime;][vc_column_text]<a href=\"\/wp-content\/uploads\/2017\/02\/vibramax-95-18.jpg\"><img loading=\"lazy\" decoding=\"async\" class=\"alignnone size-thumbnail wp-image-13925\" src=\"\/wp-content\/uploads\/2017\/02\/vibramax-95-18-150x150.jpg\" alt=\"VIBRAMAX 95\/18\" width=\"150\" height=\"150\" srcset=\"https:\/\/www.maxima-dia.com\/wp-content\/uploads\/2017\/02\/vibramax-95-18-150x150.jpg 150w, https:\/\/www.maxima-dia.com\/wp-content\/uploads\/2017\/02\/vibramax-95-18-300x300.jpg 300w, https:\/\/www.maxima-dia.com\/wp-content\/uploads\/2017\/02\/vibramax-95-18-768x768.jpg 768w, https:\/\/www.maxima-dia.com\/wp-content\/uploads\/2017\/02\/vibramax-95-18-1024x1024.jpg 1024w, https:\/\/www.maxima-dia.com\/wp-content\/uploads\/2017\/02\/vibramax-95-18-80x80.jpg 80w, https:\/\/www.maxima-dia.com\/wp-content\/uploads\/2017\/02\/vibramax-95-18-500x500.jpg 500w, https:\/\/www.maxima-dia.com\/wp-content\/uploads\/2017\/02\/vibramax-95-18-1000x1000.jpg 1000w, https:\/\/www.maxima-dia.com\/wp-content\/uploads\/2017\/02\/vibramax-95-18.jpg 1200w\" sizes=\"(max-width: 150px) 100vw, 150px\" \/><\/a><\/p>\n<p>Fabriqu\u00e9 en EU&nbsp;<img loading=\"lazy\" decoding=\"async\" src=\"\/wp-content\/uploads\/2013\/11\/eu.png\" alt=\"eu\" width=\"24\" height=\"16\"> &#8211;&nbsp;certifi\u00e9 <span style=\"font-family: arial,helvetica,sans-serif;\">CE<\/span>[\/vc_column_text][vc_column_text css_animation=\u00a0\u00bbslideInDown\u00a0\u00bb el_class=\u00a0\u00bbhidebuybutton\u00a0\u00bb]<a href=\"https:\/\/www.storemaxima.com\/fr\/machines-de-coupe-pour-le-batiment\/67-vibramax-95-18.html\" target=\"_blank\" rel=\"noopener\"><img loading=\"lazy\" decoding=\"async\" class=\"alignnone\" title=\"Acheter sur www.storemaxima.com\" src=\"https:\/\/www.maxima-dia.com\/wp-content\/uploads\/2019\/12\/pulsante-acquista-storemaxima.com-fr.svg\" alt=\"Acheter sur www.storemaxima.com\" width=\"180\" height=\"80\"><\/a>[\/vc_column_text][vc_btn title=\u00a0\u00bbFiche du produit\u00a0\u00bb style=\u00a0\u00bboutline-custom\u00a0\u00bb outline_custom_color=\u00a0\u00bb#cc0000&Prime; outline_custom_hover_background=\u00a0\u00bb#910000&Prime; outline_custom_hover_text=\u00a0\u00bb#f7f7f7&Prime; align=\u00a0\u00bbcenter\u00a0\u00bb i_icon_fontawesome=\u00a0\u00bbfas fa-download\u00a0\u00bb add_icon=\u00a0\u00bbtrue\u00a0\u00bb css=\u00a0\u00bb.vc_custom_1639122355823{margin-top: 5px !important;margin-right: 5px !important;margin-bottom: 5px !important;margin-left: 5px !important;}\u00a0\u00bb link=\u00a0\u00bburl:%2Fdl.php%3Ffile_url%3Dhttps%3A%2F%2Fwww.maxima-dia.com%2Fwp-content%2Fuploads%2F2021%2F11%2FVIBRAMAX-95-18-FR.pdf\u00a0\u00bb][\/vc_column][vc_column width=\u00a0\u00bb3\/4&Prime;][vc_column_text]Les dimensions et les caract\u00e9ristiques de cette machine la situent en milieu de la gamme des plaques vibrantes et, en effet, le mod\u00e8le <strong>Vibramax 95\/18<\/strong> fait l\u2019unanimit\u00e9 : sa bonne force centrifuge, les dimensions de la plaque et son poids en font le mod\u00e8le id\u00e9al pour une utilisation intensive mais aussi occasionnelle, m\u00eame pour la location. Elle est id\u00e9ale pour ceux qui utilisent la plaque vibrante sur l\u2019asphalte, le gravier ou sur les terrains compact\u00e9s. \u00c9quip\u00e9 d\u2019une barre qui prot\u00e8ge des coups, aussi dot\u00e9e d\u2019un levier d\u2019acc\u00e9l\u00e9rateur. La machine est livr\u00e9e avec des roues pour le transport et le compteur d\u2019heures, un outil particuli\u00e8rement utile pour ceux qui louent ou pour ceux qui veulent simplement garder un \u0153il sur les intervalles d\u2019entretien. Equip\u00e9 d\u2019un crochet pour le levage, barre de protection et levier de gaz. La base de la plaque est en acier \u00e0 haute r\u00e9sistance et est garanti 6 ans.<\/p>\n<table class=\"tabellafotocarotaggio\" style=\"width: 100%;\">\n<tbody>\n<tr>\n<td style=\"width: 50%; text-align: center;\"><a href=\"\/wp-content\/uploads\/2017\/02\/vibramax-95-18-f1.jpg\"><img loading=\"lazy\" decoding=\"async\" class=\"alignnone wp-image-13923 size-thumbnail\" src=\"\/wp-content\/uploads\/2017\/02\/vibramax-95-18-f1-150x150.jpg\" width=\"150\" height=\"150\" srcset=\"https:\/\/www.maxima-dia.com\/wp-content\/uploads\/2017\/02\/vibramax-95-18-f1-150x150.jpg 150w, https:\/\/www.maxima-dia.com\/wp-content\/uploads\/2017\/02\/vibramax-95-18-f1-80x80.jpg 80w, https:\/\/www.maxima-dia.com\/wp-content\/uploads\/2017\/02\/vibramax-95-18-f1-500x500.jpg 500w\" sizes=\"(max-width: 150px) 100vw, 150px\" \/><\/a><\/td>\n<td style=\"width: 50%; text-align: center;\"><a href=\"\/wp-content\/uploads\/2017\/02\/vibramax-95-18-f2.jpg\"><img loading=\"lazy\" decoding=\"async\" class=\"alignnone wp-image-13924 size-thumbnail\" src=\"\/wp-content\/uploads\/2017\/02\/vibramax-95-18-f2-150x150.jpg\" width=\"150\" height=\"150\" srcset=\"https:\/\/www.maxima-dia.com\/wp-content\/uploads\/2017\/02\/vibramax-95-18-f2-150x150.jpg 150w, https:\/\/www.maxima-dia.com\/wp-content\/uploads\/2017\/02\/vibramax-95-18-f2-80x80.jpg 80w, https:\/\/www.maxima-dia.com\/wp-content\/uploads\/2017\/02\/vibramax-95-18-f2-500x500.jpg 500w\" sizes=\"(max-width: 150px) 100vw, 150px\" \/><\/a><\/td>\n<\/tr>\n<\/tbody>\n<\/table>\n<p style=\"text-align: justify;\">&nbsp;<\/p>\n<table class=\"tabellatecnica\" style=\"width: 100%;\" border=\"0\" cellspacing=\"0\" cellpadding=\"0\">\n<thead>\n<tr>\n<td class=\"testata\" colspan=\"2\">TECHNICAL FEATURES<\/td>\n<\/tr>\n<\/thead>\n<tbody>\n<tr>\n<td class=\"coltesto1\" style=\"width: 50%;\">Force Centrifuge 18 Kn<\/td>\n<td class=\"coltesto2\" style=\"width: 50%;\">Fr\u00e9quence 100 Hz<\/td>\n<\/tr>\n<tr>\n<td class=\"coltesto1\" style=\"width: 50%;\">Largeur de la plaque 450&nbsp;mm<\/td>\n<td class=\"coltesto2\" style=\"width: 50%;\">Vitesse max. 25 Mt\/Min<\/td>\n<\/tr>\n<tr>\n<td class=\"coltesto1\" style=\"width: 50%;\">Longueur de la plaque 565&nbsp;mm<\/td>\n<td class=\"coltesto2\" style=\"width: 50%;\">Pente max. 30%<\/td>\n<\/tr>\n<tr>\n<td class=\"coltesto2\" style=\"width: 50%;\">Moteur Honda GX160 K1 \u00e0 essence sans plomb<\/td>\n<td class=\"coltesto2\" style=\"width: 50%;\">Dimensions (ferm\u00e9e) 450 x 565 x 765&nbsp;mm (910 ouverte)<\/td>\n<\/tr>\n<tr>\n<td class=\"coltesto2\" style=\"width: 50%;\">Puissance Moteur 4,0 Kw \/ 5,5 CV<\/td>\n<td class=\"coltesto2\" style=\"width: 50%;\">R\u00e9servoir d\u2019eau inclus<\/td>\n<\/tr>\n<tr>\n<td class=\"coltesto2\" style=\"width: 50%;\">Nb de tours du moteur 3600 tours\/min<\/td>\n<td class=\"coltesto2\" style=\"width: 50%;\">Kit roulettes inclus<\/td>\n<\/tr>\n<tr>\n<td class=\"coltesto2\" style=\"width: 50%;\">Pression statique en surface 0,067 Kg\/cm2<\/td>\n<td class=\"coltesto2\" style=\"width: 50%;\">Poids 95 Kg<\/td>\n<\/tr>\n<\/tbody>\n<\/table>\n<p>[\/vc_column_text][\/vc_column][\/vc_row]<\/p>\n<\/div>","protected":false},"excerpt":{"rendered":"<p>[vc_row][vc_column text_align=\u00a0\u00bbcenter\u00a0\u00bb width=\u00a0\u00bb1\/4&Prime;][vc_column_text] Fabriqu\u00e9 en EU&nbsp; &#8211;&nbsp;certifi\u00e9 CE[\/vc_column_text][vc_column_text css_animation=\u00a0\u00bbslideInDown\u00a0\u00bb el_class=\u00a0\u00bbhidebuybutton\u00a0\u00bb][\/vc_column_text][vc_btn title=\u00a0\u00bbFiche du produit\u00a0\u00bb style=\u00a0\u00bboutline-custom\u00a0\u00bb outline_custom_color=\u00a0\u00bb#cc0000&Prime; outline_custom_hover_background=\u00a0\u00bb#910000&Prime; outline_custom_hover_text=\u00a0\u00bb#f7f7f7&Prime; align=\u00a0\u00bbcenter\u00a0\u00bb i_icon_fontawesome=\u00a0\u00bbfas fa-download\u00a0\u00bb add_icon=\u00a0\u00bbtrue\u00a0\u00bb css=\u00a0\u00bb.vc_custom_1639122355823{margin-top: 5px !important;margin-right: 5px !important;margin-bottom: 5px !important;margin-left: 5px !important;}\u00a0\u00bb link=\u00a0\u00bburl:%2Fdl.php%3Ffile_url%3Dhttps%3A%2F%2Fwww.maxima-dia.com%2Fwp-content%2Fuploads%2F2021%2F11%2FVIBRAMAX-95-18-FR.pdf\u00a0\u00bb][\/vc_column][vc_column width=\u00a0\u00bb3\/4&Prime;][vc_column_text]Les dimensions et les caract\u00e9ristiques de cette machine la situent en milieu de la gamme des plaques vibrantes et, en effet, le mod\u00e8le Vibramax 95\/18 fait l\u2019unanimit\u00e9 : sa bonne force centrifuge, les dimensions de la plaque et son poids en font le mod\u00e8le id\u00e9al pour une utilisation intensive mais aussi occasionnelle, m\u00eame pour la location. Elle est id\u00e9ale pour ceux qui utilisent la plaque vibrante sur l\u2019asphalte, le gravier ou sur les terrains compact\u00e9s. \u00c9quip\u00e9 d\u2019une barre qui prot\u00e8ge des coups, aussi dot\u00e9e d\u2019un levier d\u2019acc\u00e9l\u00e9rateur. La machine est livr\u00e9e avec des roues pour le transport et le compteur d\u2019heures, un outil particuli\u00e8rement utile pour ceux qui louent ou pour ceux qui veulent simplement garder un \u0153il sur les intervalles d\u2019entretien. Equip\u00e9 d\u2019un crochet pour le levage, barre de protection et levier de gaz. La base de la plaque est en acier \u00e0 haute r\u00e9sistance et est garanti 6 ans. &nbsp; TECHNICAL FEATURES Force Centrifuge 18 Kn Fr\u00e9quence 100 Hz Largeur de la plaque 450&nbsp;mm Vitesse max. 25 [&hellip;]<\/p>\n","protected":false},"author":29,"featured_media":24690,"parent":33189,"menu_order":3,"comment_status":"closed","ping_status":"closed","template":"","meta":{"ngg_post_thumbnail":0,"_joinchat":[],"footnotes":""},"class_list":["post-8402","page","type-page","status-publish","has-post-thumbnail","hentry"],"yoast_head":"<!-- This site is optimized with the Yoast SEO plugin v25.5 - https:\/\/yoast.com\/wordpress\/plugins\/seo\/ -->\n<title>Vibramax 95\/18 - Maxima SpA<\/title>\n<meta name=\"description\" content=\"Vibramax 95\/18 machine de compactage pour asphalte cailloux pierres sable gravier\" \/>\n<meta name=\"robots\" content=\"index, follow, max-snippet:-1, max-image-preview:large, max-video-preview:-1\" \/>\n<link rel=\"canonical\" href=\"https:\/\/www.maxima-dia.com\/fr\/machine-pour-le-compactage\/vibramax-95-18\/\" \/>\n<meta property=\"og:locale\" content=\"fr_FR\" \/>\n<meta property=\"og:type\" content=\"article\" \/>\n<meta property=\"og:title\" content=\"Vibramax 95\/18 - Maxima SpA\" \/>\n<meta property=\"og:description\" content=\"Vibramax 95\/18 machine de compactage pour asphalte cailloux pierres sable gravier\" \/>\n<meta property=\"og:url\" content=\"https:\/\/www.maxima-dia.com\/fr\/machine-pour-le-compactage\/vibramax-95-18\/\" \/>\n<meta property=\"og:site_name\" content=\"Maxima SpA\" \/>\n<meta property=\"article:publisher\" content=\"https:\/\/www.facebook.com\/Maxima-spa-106098566139597\" \/>\n<meta property=\"article:modified_time\" content=\"2021-12-20T10:54:42+00:00\" \/>\n<meta property=\"og:image\" content=\"https:\/\/www.maxima-dia.com\/wp-content\/uploads\/2017\/02\/vibramax-95-18.jpg\" \/>\n\t<meta property=\"og:image:width\" content=\"1200\" \/>\n\t<meta property=\"og:image:height\" content=\"1200\" \/>\n\t<meta property=\"og:image:type\" content=\"image\/jpeg\" \/>\n<meta name=\"twitter:card\" content=\"summary_large_image\" \/>\n<meta name=\"twitter:site\" content=\"@Maximadia\" \/>\n<meta name=\"twitter:label1\" content=\"Dur\u00e9e de lecture estim\u00e9e\" \/>\n\t<meta name=\"twitter:data1\" content=\"3 minutes\" \/>\n<script type=\"application\/ld+json\" class=\"yoast-schema-graph\">{\"@context\":\"https:\/\/schema.org\",\"@graph\":[{\"@type\":\"WebPage\",\"@id\":\"https:\/\/www.maxima-dia.com\/fr\/machine-pour-le-compactage\/vibramax-95-18\/\",\"url\":\"https:\/\/www.maxima-dia.com\/fr\/machine-pour-le-compactage\/vibramax-95-18\/\",\"name\":\"Vibramax 95\/18 - Maxima SpA\",\"isPartOf\":{\"@id\":\"https:\/\/www.maxima-dia.com\/fr\/#website\"},\"primaryImageOfPage\":{\"@id\":\"https:\/\/www.maxima-dia.com\/fr\/machine-pour-le-compactage\/vibramax-95-18\/#primaryimage\"},\"image\":{\"@id\":\"https:\/\/www.maxima-dia.com\/fr\/machine-pour-le-compactage\/vibramax-95-18\/#primaryimage\"},\"thumbnailUrl\":\"https:\/\/www.maxima-dia.com\/wp-content\/uploads\/2017\/02\/vibramax-95-18.jpg\",\"datePublished\":\"2014-05-16T06:44:41+00:00\",\"dateModified\":\"2021-12-20T10:54:42+00:00\",\"description\":\"Vibramax 95\/18 machine de compactage pour asphalte cailloux pierres sable gravier\",\"breadcrumb\":{\"@id\":\"https:\/\/www.maxima-dia.com\/fr\/machine-pour-le-compactage\/vibramax-95-18\/#breadcrumb\"},\"inLanguage\":\"fr-FR\",\"potentialAction\":[{\"@type\":\"ReadAction\",\"target\":[\"https:\/\/www.maxima-dia.com\/fr\/machine-pour-le-compactage\/vibramax-95-18\/\"]}]},{\"@type\":\"ImageObject\",\"inLanguage\":\"fr-FR\",\"@id\":\"https:\/\/www.maxima-dia.com\/fr\/machine-pour-le-compactage\/vibramax-95-18\/#primaryimage\",\"url\":\"https:\/\/www.maxima-dia.com\/wp-content\/uploads\/2017\/02\/vibramax-95-18.jpg\",\"contentUrl\":\"https:\/\/www.maxima-dia.com\/wp-content\/uploads\/2017\/02\/vibramax-95-18.jpg\",\"width\":1200,\"height\":1200},{\"@type\":\"BreadcrumbList\",\"@id\":\"https:\/\/www.maxima-dia.com\/fr\/machine-pour-le-compactage\/vibramax-95-18\/#breadcrumb\",\"itemListElement\":[{\"@type\":\"ListItem\",\"position\":1,\"name\":\"Home\",\"item\":\"https:\/\/www.maxima-dia.com\/fr\/\"},{\"@type\":\"ListItem\",\"position\":2,\"name\":\"Machine pour le compactage\",\"item\":\"https:\/\/www.maxima-dia.com\/fr\/machine-pour-le-compactage\/\"},{\"@type\":\"ListItem\",\"position\":3,\"name\":\"Vibramax 95\/18\"}]},{\"@type\":\"WebSite\",\"@id\":\"https:\/\/www.maxima-dia.com\/fr\/#website\",\"url\":\"https:\/\/www.maxima-dia.com\/fr\/\",\"name\":\"Maxima SpA\",\"description\":\"Only for the real professionals\",\"potentialAction\":[{\"@type\":\"SearchAction\",\"target\":{\"@type\":\"EntryPoint\",\"urlTemplate\":\"https:\/\/www.maxima-dia.com\/fr\/?s={search_term_string}\"},\"query-input\":{\"@type\":\"PropertyValueSpecification\",\"valueRequired\":true,\"valueName\":\"search_term_string\"}}],\"inLanguage\":\"fr-FR\"}]}<\/script>\n<!-- \/ Yoast SEO plugin. -->","yoast_head_json":{"title":"Vibramax 95\/18 - Maxima SpA","description":"Vibramax 95\/18 machine de compactage pour asphalte cailloux pierres sable gravier","robots":{"index":"index","follow":"follow","max-snippet":"max-snippet:-1","max-image-preview":"max-image-preview:large","max-video-preview":"max-video-preview:-1"},"canonical":"https:\/\/www.maxima-dia.com\/fr\/machine-pour-le-compactage\/vibramax-95-18\/","og_locale":"fr_FR","og_type":"article","og_title":"Vibramax 95\/18 - Maxima SpA","og_description":"Vibramax 95\/18 machine de compactage pour asphalte cailloux pierres sable gravier","og_url":"https:\/\/www.maxima-dia.com\/fr\/machine-pour-le-compactage\/vibramax-95-18\/","og_site_name":"Maxima SpA","article_publisher":"https:\/\/www.facebook.com\/Maxima-spa-106098566139597","article_modified_time":"2021-12-20T10:54:42+00:00","og_image":[{"width":1200,"height":1200,"url":"https:\/\/www.maxima-dia.com\/wp-content\/uploads\/2017\/02\/vibramax-95-18.jpg","type":"image\/jpeg"}],"twitter_card":"summary_large_image","twitter_site":"@Maximadia","twitter_misc":{"Dur\u00e9e de lecture estim\u00e9e":"3 minutes"},"schema":{"@context":"https:\/\/schema.org","@graph":[{"@type":"WebPage","@id":"https:\/\/www.maxima-dia.com\/fr\/machine-pour-le-compactage\/vibramax-95-18\/","url":"https:\/\/www.maxima-dia.com\/fr\/machine-pour-le-compactage\/vibramax-95-18\/","name":"Vibramax 95\/18 - Maxima SpA","isPartOf":{"@id":"https:\/\/www.maxima-dia.com\/fr\/#website"},"primaryImageOfPage":{"@id":"https:\/\/www.maxima-dia.com\/fr\/machine-pour-le-compactage\/vibramax-95-18\/#primaryimage"},"image":{"@id":"https:\/\/www.maxima-dia.com\/fr\/machine-pour-le-compactage\/vibramax-95-18\/#primaryimage"},"thumbnailUrl":"https:\/\/www.maxima-dia.com\/wp-content\/uploads\/2017\/02\/vibramax-95-18.jpg","datePublished":"2014-05-16T06:44:41+00:00","dateModified":"2021-12-20T10:54:42+00:00","description":"Vibramax 95\/18 machine de compactage pour asphalte cailloux pierres sable gravier","breadcrumb":{"@id":"https:\/\/www.maxima-dia.com\/fr\/machine-pour-le-compactage\/vibramax-95-18\/#breadcrumb"},"inLanguage":"fr-FR","potentialAction":[{"@type":"ReadAction","target":["https:\/\/www.maxima-dia.com\/fr\/machine-pour-le-compactage\/vibramax-95-18\/"]}]},{"@type":"ImageObject","inLanguage":"fr-FR","@id":"https:\/\/www.maxima-dia.com\/fr\/machine-pour-le-compactage\/vibramax-95-18\/#primaryimage","url":"https:\/\/www.maxima-dia.com\/wp-content\/uploads\/2017\/02\/vibramax-95-18.jpg","contentUrl":"https:\/\/www.maxima-dia.com\/wp-content\/uploads\/2017\/02\/vibramax-95-18.jpg","width":1200,"height":1200},{"@type":"BreadcrumbList","@id":"https:\/\/www.maxima-dia.com\/fr\/machine-pour-le-compactage\/vibramax-95-18\/#breadcrumb","itemListElement":[{"@type":"ListItem","position":1,"name":"Home","item":"https:\/\/www.maxima-dia.com\/fr\/"},{"@type":"ListItem","position":2,"name":"Machine pour le compactage","item":"https:\/\/www.maxima-dia.com\/fr\/machine-pour-le-compactage\/"},{"@type":"ListItem","position":3,"name":"Vibramax 95\/18"}]},{"@type":"WebSite","@id":"https:\/\/www.maxima-dia.com\/fr\/#website","url":"https:\/\/www.maxima-dia.com\/fr\/","name":"Maxima SpA","description":"Only for the real professionals","potentialAction":[{"@type":"SearchAction","target":{"@type":"EntryPoint","urlTemplate":"https:\/\/www.maxima-dia.com\/fr\/?s={search_term_string}"},"query-input":{"@type":"PropertyValueSpecification","valueRequired":true,"valueName":"search_term_string"}}],"inLanguage":"fr-FR"}]}},"_links":{"self":[{"href":"https:\/\/www.maxima-dia.com\/fr\/wp-json\/wp\/v2\/pages\/8402"}],"collection":[{"href":"https:\/\/www.maxima-dia.com\/fr\/wp-json\/wp\/v2\/pages"}],"about":[{"href":"https:\/\/www.maxima-dia.com\/fr\/wp-json\/wp\/v2\/types\/page"}],"author":[{"embeddable":true,"href":"https:\/\/www.maxima-dia.com\/fr\/wp-json\/wp\/v2\/users\/29"}],"replies":[{"embeddable":true,"href":"https:\/\/www.maxima-dia.com\/fr\/wp-json\/wp\/v2\/comments?post=8402"}],"version-history":[{"count":0,"href":"https:\/\/www.maxima-dia.com\/fr\/wp-json\/wp\/v2\/pages\/8402\/revisions"}],"up":[{"embeddable":true,"href":"https:\/\/www.maxima-dia.com\/fr\/wp-json\/wp\/v2\/pages\/33189"}],"wp:featuredmedia":[{"embeddable":true,"href":"https:\/\/www.maxima-dia.com\/fr\/wp-json\/wp\/v2\/media\/24690"}],"wp:attachment":[{"href":"https:\/\/www.maxima-dia.com\/fr\/wp-json\/wp\/v2\/media?parent=8402"}],"curies":[{"name":"wp","href":"https:\/\/api.w.org\/{rel}","templated":true}]}}