{"id":8432,"date":"2014-05-16T11:08:22","date_gmt":"2014-05-16T09:08:22","guid":{"rendered":"http:\/\/www.maxima-dia.com\/?post_type=products&#038;p=8432"},"modified":"2023-04-12T09:32:48","modified_gmt":"2023-04-12T07:32:48","slug":"accessoires-de-coupe","status":"publish","type":"page","link":"https:\/\/www.maxima-dia.com\/fr\/accessoires-de-coupe\/","title":{"rendered":"Accessoires de Coupe"},"content":{"rendered":"<div class=\"wpb-content-wrapper\"><p>[vc_row bottom_padding=\u00a0\u00bb50&Prime;][vc_column width=\u00a0\u00bb1\/1&Prime;][vc_column_text]Cette section contient des accessoires pour la coupe.[\/vc_column_text][vc_btn title=\u00a0\u00bbFiche du produit\u00a0\u00bb style=\u00a0\u00bboutline-custom\u00a0\u00bb outline_custom_color=\u00a0\u00bb#cc0000&Prime; outline_custom_hover_background=\u00a0\u00bb#910000&Prime; outline_custom_hover_text=\u00a0\u00bb#f7f7f7&Prime; align=\u00a0\u00bbleft\u00a0\u00bb i_icon_fontawesome=\u00a0\u00bbfas fa-download\u00a0\u00bb add_icon=\u00a0\u00bbtrue\u00a0\u00bb css=\u00a0\u00bb.vc_custom_1639133648014{margin-top: 5px !important;margin-right: 5px !important;margin-bottom: 5px !important;margin-left: 5px !important;}\u00a0\u00bb link=\u00a0\u00bburl:%2Fdl.php%3Ffile_url%3Dhttps%3A%2F%2Fwww.maxima-dia.com%2Fwp-content%2Fuploads%2F2021%2F11%2FACCESSOIRES-DE-COUPE-FR.pdf\u00a0\u00bb][\/vc_column][\/vc_row][vc_row bottom_padding=\u00a0\u00bb30&Prime;][vc_column width=\u00a0\u00bb1\/4&Prime;][vc_column_text]<a href=\"\/wp-content\/uploads\/2017\/02\/riduzioni-per-dischi.jpg\"><img loading=\"lazy\" decoding=\"async\" class=\"alignnone wp-image-13649 size-thumbnail\" src=\"\/wp-content\/uploads\/2017\/02\/riduzioni-per-dischi-150x150.jpg\" alt=\"\" width=\"150\" height=\"150\" srcset=\"https:\/\/www.maxima-dia.com\/wp-content\/uploads\/2017\/02\/riduzioni-per-dischi-150x150.jpg 150w, https:\/\/www.maxima-dia.com\/wp-content\/uploads\/2017\/02\/riduzioni-per-dischi-300x300.jpg 300w, https:\/\/www.maxima-dia.com\/wp-content\/uploads\/2017\/02\/riduzioni-per-dischi-768x768.jpg 768w, https:\/\/www.maxima-dia.com\/wp-content\/uploads\/2017\/02\/riduzioni-per-dischi-1024x1024.jpg 1024w, https:\/\/www.maxima-dia.com\/wp-content\/uploads\/2017\/02\/riduzioni-per-dischi-80x80.jpg 80w, https:\/\/www.maxima-dia.com\/wp-content\/uploads\/2017\/02\/riduzioni-per-dischi-500x500.jpg 500w, https:\/\/www.maxima-dia.com\/wp-content\/uploads\/2017\/02\/riduzioni-per-dischi-1000x1000.jpg 1000w, https:\/\/www.maxima-dia.com\/wp-content\/uploads\/2017\/02\/riduzioni-per-dischi.jpg 1200w\" sizes=\"(max-width: 150px) 100vw, 150px\" \/><\/a>[\/vc_column_text][\/vc_column][vc_column width=\u00a0\u00bb3\/4&Prime;][vc_column_text]<\/p>\n<p><strong>COMPENSATEURS POUR DISQUES<\/strong><\/p>\n<p>Disponibles dans une vaste gamme (plus de 50&nbsp;types diff\u00e9rents) pour adapter les diff\u00e9rentes sortes&nbsp;de machines \u00e0 la majeure partie des al\u00e9sages&nbsp;de disque existants.<\/p>\n<p>[\/vc_column_text][\/vc_column][\/vc_row][vc_row bottom_padding=\u00a0\u00bb30&Prime;][vc_column width=\u00a0\u00bb1\/4&Prime;][vc_column_text]<a href=\"\/wp-content\/uploads\/2017\/02\/riduzioni-spessorate.jpg\"><img loading=\"lazy\" decoding=\"async\" class=\"alignnone wp-image-13650 size-thumbnail\" src=\"\/wp-content\/uploads\/2017\/02\/riduzioni-spessorate-150x150.jpg\" alt=\"\" width=\"150\" height=\"150\" srcset=\"https:\/\/www.maxima-dia.com\/wp-content\/uploads\/2017\/02\/riduzioni-spessorate-150x150.jpg 150w, https:\/\/www.maxima-dia.com\/wp-content\/uploads\/2017\/02\/riduzioni-spessorate-300x300.jpg 300w, https:\/\/www.maxima-dia.com\/wp-content\/uploads\/2017\/02\/riduzioni-spessorate-768x768.jpg 768w, https:\/\/www.maxima-dia.com\/wp-content\/uploads\/2017\/02\/riduzioni-spessorate-1024x1024.jpg 1024w, https:\/\/www.maxima-dia.com\/wp-content\/uploads\/2017\/02\/riduzioni-spessorate-80x80.jpg 80w, https:\/\/www.maxima-dia.com\/wp-content\/uploads\/2017\/02\/riduzioni-spessorate-500x500.jpg 500w, https:\/\/www.maxima-dia.com\/wp-content\/uploads\/2017\/02\/riduzioni-spessorate-1000x1000.jpg 1000w, https:\/\/www.maxima-dia.com\/wp-content\/uploads\/2017\/02\/riduzioni-spessorate.jpg 1200w\" sizes=\"(max-width: 150px) 100vw, 150px\" \/><\/a>[\/vc_column_text][\/vc_column][vc_column width=\u00a0\u00bb3\/4&Prime;][vc_column_text]<\/p>\n<p><strong>COMPENSATEURS D\u2019\u00c9PAISSEUR<\/strong><\/p>\n<p>Ces compensateurs ont \u00e9t\u00e9 r\u00e9alis\u00e9s express\u00e9ment&nbsp;pour le montage de disques sp\u00e9cifiques&nbsp;sur les d\u00e9coupeuses portatives avec un&nbsp;raccord sp\u00e9cial.<\/p>\n<p>[\/vc_column_text][\/vc_column][\/vc_row][vc_row bottom_padding=\u00a0\u00bb30&Prime;][vc_column width=\u00a0\u00bb1\/4&Prime;][vc_column_text]<a href=\"\/wp-content\/uploads\/2023\/04\/mattoncino-ravviva-utensili.jpg\"><img loading=\"lazy\" decoding=\"async\" class=\"alignnone wp-image-13637 size-thumbnail\" src=\"\/wp-content\/uploads\/2023\/04\/mattoncino-ravviva-utensili-300x300.jpg\" alt=\"\" width=\"150\" height=\"150\" srcset=\"https:\/\/www.maxima-dia.com\/wp-content\/uploads\/2023\/04\/mattoncino-ravviva-utensili-300x300.jpg 300w, https:\/\/www.maxima-dia.com\/wp-content\/uploads\/2023\/04\/mattoncino-ravviva-utensili-1024x1024.jpg 1024w, https:\/\/www.maxima-dia.com\/wp-content\/uploads\/2023\/04\/mattoncino-ravviva-utensili-150x150.jpg 150w, https:\/\/www.maxima-dia.com\/wp-content\/uploads\/2023\/04\/mattoncino-ravviva-utensili-768x768.jpg 768w, https:\/\/www.maxima-dia.com\/wp-content\/uploads\/2023\/04\/mattoncino-ravviva-utensili-80x80.jpg 80w, https:\/\/www.maxima-dia.com\/wp-content\/uploads\/2023\/04\/mattoncino-ravviva-utensili-500x500.jpg 500w, https:\/\/www.maxima-dia.com\/wp-content\/uploads\/2023\/04\/mattoncino-ravviva-utensili-1000x1000.jpg 1000w, https:\/\/www.maxima-dia.com\/wp-content\/uploads\/2023\/04\/mattoncino-ravviva-utensili.jpg 1200w\" sizes=\"(max-width: 150px) 100vw, 150px\" \/><\/a>[\/vc_column_text][\/vc_column][vc_column width=\u00a0\u00bb3\/4&Prime;][vc_column_text]<\/p>\n<p><strong>BRIQUETTE D\u2019AFF\u00dbTAGE DES OUTILS<\/strong><\/p>\n<p>Cette briquette est r\u00e9alis\u00e9e avec un mat\u00e9riau&nbsp;tr\u00e8s abrasif qui permet d\u2019aff\u00fbter l\u2019outil, qui sera&nbsp;de nouveau coupant comme s\u2019il \u00e9tait neuf.<\/p>\n<p>[\/vc_column_text][\/vc_column][\/vc_row]<\/p>\n<\/div>","protected":false},"excerpt":{"rendered":"<p>[vc_row bottom_padding=\u00a0\u00bb50&Prime;][vc_column width=\u00a0\u00bb1\/1&Prime;][vc_column_text]Cette section contient des accessoires pour la coupe.[\/vc_column_text][vc_btn title=\u00a0\u00bbFiche du produit\u00a0\u00bb style=\u00a0\u00bboutline-custom\u00a0\u00bb outline_custom_color=\u00a0\u00bb#cc0000&Prime; outline_custom_hover_background=\u00a0\u00bb#910000&Prime; outline_custom_hover_text=\u00a0\u00bb#f7f7f7&Prime; align=\u00a0\u00bbleft\u00a0\u00bb i_icon_fontawesome=\u00a0\u00bbfas fa-download\u00a0\u00bb add_icon=\u00a0\u00bbtrue\u00a0\u00bb css=\u00a0\u00bb.vc_custom_1639133648014{margin-top: 5px !important;margin-right: 5px !important;margin-bottom: 5px !important;margin-left: 5px !important;}\u00a0\u00bb link=\u00a0\u00bburl:%2Fdl.php%3Ffile_url%3Dhttps%3A%2F%2Fwww.maxima-dia.com%2Fwp-content%2Fuploads%2F2021%2F11%2FACCESSOIRES-DE-COUPE-FR.pdf\u00a0\u00bb][\/vc_column][\/vc_row][vc_row bottom_padding=\u00a0\u00bb30&Prime;][vc_column width=\u00a0\u00bb1\/4&Prime;][vc_column_text][\/vc_column_text][\/vc_column][vc_column width=\u00a0\u00bb3\/4&Prime;][vc_column_text] COMPENSATEURS POUR DISQUES Disponibles dans une vaste gamme (plus de 50&nbsp;types diff\u00e9rents) pour adapter les diff\u00e9rentes sortes&nbsp;de machines \u00e0 la majeure partie des al\u00e9sages&nbsp;de disque existants. [\/vc_column_text][\/vc_column][\/vc_row][vc_row bottom_padding=\u00a0\u00bb30&Prime;][vc_column width=\u00a0\u00bb1\/4&Prime;][vc_column_text][\/vc_column_text][\/vc_column][vc_column width=\u00a0\u00bb3\/4&Prime;][vc_column_text] COMPENSATEURS D\u2019\u00c9PAISSEUR Ces compensateurs ont \u00e9t\u00e9 r\u00e9alis\u00e9s express\u00e9ment&nbsp;pour le montage de disques sp\u00e9cifiques&nbsp;sur les d\u00e9coupeuses portatives avec un&nbsp;raccord sp\u00e9cial. [\/vc_column_text][\/vc_column][\/vc_row][vc_row bottom_padding=\u00a0\u00bb30&Prime;][vc_column width=\u00a0\u00bb1\/4&Prime;][vc_column_text][\/vc_column_text][\/vc_column][vc_column width=\u00a0\u00bb3\/4&Prime;][vc_column_text] BRIQUETTE D\u2019AFF\u00dbTAGE DES OUTILS Cette briquette est r\u00e9alis\u00e9e avec un mat\u00e9riau&nbsp;tr\u00e8s abrasif qui permet d\u2019aff\u00fbter l\u2019outil, qui sera&nbsp;de nouveau coupant comme s\u2019il \u00e9tait neuf. [\/vc_column_text][\/vc_column][\/vc_row]<\/p>\n","protected":false},"author":29,"featured_media":0,"parent":0,"menu_order":705,"comment_status":"closed","ping_status":"closed","template":"","meta":{"ngg_post_thumbnail":0,"_joinchat":[],"footnotes":""},"class_list":["post-8432","page","type-page","status-publish","hentry"],"yoast_head":"<!-- This site is optimized with the Yoast SEO plugin v25.5 - https:\/\/yoast.com\/wordpress\/plugins\/seo\/ -->\n<title>Accessoires de Coupe - Maxima SpA<\/title>\n<meta name=\"description\" content=\"Accessoires de Coupe BRIDES DOUBLES, COMPENSATEURS POUR DISQUES, COMPENSATEURS D\u2019\u00c9PAISSEUR, BRIQUETTE D\u2019AFF\u00dbTAGE DES OUTILS\" \/>\n<meta name=\"robots\" content=\"index, follow, max-snippet:-1, max-image-preview:large, max-video-preview:-1\" \/>\n<link rel=\"canonical\" href=\"https:\/\/www.maxima-dia.com\/fr\/accessoires-de-coupe\/\" \/>\n<meta property=\"og:locale\" content=\"fr_FR\" \/>\n<meta property=\"og:type\" content=\"article\" \/>\n<meta property=\"og:title\" content=\"Accessoires de Coupe - Maxima SpA\" \/>\n<meta property=\"og:description\" content=\"Accessoires de Coupe BRIDES DOUBLES, COMPENSATEURS POUR DISQUES, COMPENSATEURS D\u2019\u00c9PAISSEUR, BRIQUETTE D\u2019AFF\u00dbTAGE DES OUTILS\" \/>\n<meta property=\"og:url\" content=\"https:\/\/www.maxima-dia.com\/fr\/accessoires-de-coupe\/\" \/>\n<meta property=\"og:site_name\" content=\"Maxima SpA\" \/>\n<meta property=\"article:publisher\" content=\"https:\/\/www.facebook.com\/Maxima-spa-106098566139597\" \/>\n<meta property=\"article:modified_time\" content=\"2023-04-12T07:32:48+00:00\" \/>\n<meta property=\"og:image\" content=\"https:\/\/www.maxima-dia.com\/wp-content\/uploads\/2022\/03\/MaximaSpA-logo-quadrato.jpg\" \/>\n\t<meta property=\"og:image:width\" content=\"500\" \/>\n\t<meta property=\"og:image:height\" content=\"500\" \/>\n\t<meta property=\"og:image:type\" content=\"image\/jpeg\" \/>\n<meta name=\"twitter:card\" content=\"summary_large_image\" \/>\n<meta name=\"twitter:site\" content=\"@Maximadia\" \/>\n<meta name=\"twitter:label1\" content=\"Dur\u00e9e de lecture estim\u00e9e\" \/>\n\t<meta name=\"twitter:data1\" content=\"2 minutes\" \/>\n<script type=\"application\/ld+json\" class=\"yoast-schema-graph\">{\"@context\":\"https:\/\/schema.org\",\"@graph\":[{\"@type\":\"WebPage\",\"@id\":\"https:\/\/www.maxima-dia.com\/fr\/accessoires-de-coupe\/\",\"url\":\"https:\/\/www.maxima-dia.com\/fr\/accessoires-de-coupe\/\",\"name\":\"Accessoires de Coupe - Maxima SpA\",\"isPartOf\":{\"@id\":\"https:\/\/www.maxima-dia.com\/fr\/#website\"},\"datePublished\":\"2014-05-16T09:08:22+00:00\",\"dateModified\":\"2023-04-12T07:32:48+00:00\",\"description\":\"Accessoires de Coupe BRIDES DOUBLES, COMPENSATEURS POUR DISQUES, COMPENSATEURS D\u2019\u00c9PAISSEUR, BRIQUETTE D\u2019AFF\u00dbTAGE DES OUTILS\",\"breadcrumb\":{\"@id\":\"https:\/\/www.maxima-dia.com\/fr\/accessoires-de-coupe\/#breadcrumb\"},\"inLanguage\":\"fr-FR\",\"potentialAction\":[{\"@type\":\"ReadAction\",\"target\":[\"https:\/\/www.maxima-dia.com\/fr\/accessoires-de-coupe\/\"]}]},{\"@type\":\"BreadcrumbList\",\"@id\":\"https:\/\/www.maxima-dia.com\/fr\/accessoires-de-coupe\/#breadcrumb\",\"itemListElement\":[{\"@type\":\"ListItem\",\"position\":1,\"name\":\"Home\",\"item\":\"https:\/\/www.maxima-dia.com\/fr\/\"},{\"@type\":\"ListItem\",\"position\":2,\"name\":\"Accessoires de Coupe\"}]},{\"@type\":\"WebSite\",\"@id\":\"https:\/\/www.maxima-dia.com\/fr\/#website\",\"url\":\"https:\/\/www.maxima-dia.com\/fr\/\",\"name\":\"Maxima SpA\",\"description\":\"Only for the real professionals\",\"potentialAction\":[{\"@type\":\"SearchAction\",\"target\":{\"@type\":\"EntryPoint\",\"urlTemplate\":\"https:\/\/www.maxima-dia.com\/fr\/?s={search_term_string}\"},\"query-input\":{\"@type\":\"PropertyValueSpecification\",\"valueRequired\":true,\"valueName\":\"search_term_string\"}}],\"inLanguage\":\"fr-FR\"}]}<\/script>\n<!-- \/ Yoast SEO plugin. -->","yoast_head_json":{"title":"Accessoires de Coupe - Maxima SpA","description":"Accessoires de Coupe BRIDES DOUBLES, COMPENSATEURS POUR DISQUES, COMPENSATEURS D\u2019\u00c9PAISSEUR, BRIQUETTE D\u2019AFF\u00dbTAGE DES OUTILS","robots":{"index":"index","follow":"follow","max-snippet":"max-snippet:-1","max-image-preview":"max-image-preview:large","max-video-preview":"max-video-preview:-1"},"canonical":"https:\/\/www.maxima-dia.com\/fr\/accessoires-de-coupe\/","og_locale":"fr_FR","og_type":"article","og_title":"Accessoires de Coupe - Maxima SpA","og_description":"Accessoires de Coupe BRIDES DOUBLES, COMPENSATEURS POUR DISQUES, COMPENSATEURS D\u2019\u00c9PAISSEUR, BRIQUETTE D\u2019AFF\u00dbTAGE DES OUTILS","og_url":"https:\/\/www.maxima-dia.com\/fr\/accessoires-de-coupe\/","og_site_name":"Maxima SpA","article_publisher":"https:\/\/www.facebook.com\/Maxima-spa-106098566139597","article_modified_time":"2023-04-12T07:32:48+00:00","og_image":[{"width":500,"height":500,"url":"https:\/\/www.maxima-dia.com\/wp-content\/uploads\/2022\/03\/MaximaSpA-logo-quadrato.jpg","type":"image\/jpeg"}],"twitter_card":"summary_large_image","twitter_site":"@Maximadia","twitter_misc":{"Dur\u00e9e de lecture estim\u00e9e":"2 minutes"},"schema":{"@context":"https:\/\/schema.org","@graph":[{"@type":"WebPage","@id":"https:\/\/www.maxima-dia.com\/fr\/accessoires-de-coupe\/","url":"https:\/\/www.maxima-dia.com\/fr\/accessoires-de-coupe\/","name":"Accessoires de Coupe - Maxima SpA","isPartOf":{"@id":"https:\/\/www.maxima-dia.com\/fr\/#website"},"datePublished":"2014-05-16T09:08:22+00:00","dateModified":"2023-04-12T07:32:48+00:00","description":"Accessoires de Coupe BRIDES DOUBLES, COMPENSATEURS POUR DISQUES, COMPENSATEURS D\u2019\u00c9PAISSEUR, BRIQUETTE D\u2019AFF\u00dbTAGE DES OUTILS","breadcrumb":{"@id":"https:\/\/www.maxima-dia.com\/fr\/accessoires-de-coupe\/#breadcrumb"},"inLanguage":"fr-FR","potentialAction":[{"@type":"ReadAction","target":["https:\/\/www.maxima-dia.com\/fr\/accessoires-de-coupe\/"]}]},{"@type":"BreadcrumbList","@id":"https:\/\/www.maxima-dia.com\/fr\/accessoires-de-coupe\/#breadcrumb","itemListElement":[{"@type":"ListItem","position":1,"name":"Home","item":"https:\/\/www.maxima-dia.com\/fr\/"},{"@type":"ListItem","position":2,"name":"Accessoires de Coupe"}]},{"@type":"WebSite","@id":"https:\/\/www.maxima-dia.com\/fr\/#website","url":"https:\/\/www.maxima-dia.com\/fr\/","name":"Maxima SpA","description":"Only for the real professionals","potentialAction":[{"@type":"SearchAction","target":{"@type":"EntryPoint","urlTemplate":"https:\/\/www.maxima-dia.com\/fr\/?s={search_term_string}"},"query-input":{"@type":"PropertyValueSpecification","valueRequired":true,"valueName":"search_term_string"}}],"inLanguage":"fr-FR"}]}},"_links":{"self":[{"href":"https:\/\/www.maxima-dia.com\/fr\/wp-json\/wp\/v2\/pages\/8432"}],"collection":[{"href":"https:\/\/www.maxima-dia.com\/fr\/wp-json\/wp\/v2\/pages"}],"about":[{"href":"https:\/\/www.maxima-dia.com\/fr\/wp-json\/wp\/v2\/types\/page"}],"author":[{"embeddable":true,"href":"https:\/\/www.maxima-dia.com\/fr\/wp-json\/wp\/v2\/users\/29"}],"replies":[{"embeddable":true,"href":"https:\/\/www.maxima-dia.com\/fr\/wp-json\/wp\/v2\/comments?post=8432"}],"version-history":[{"count":1,"href":"https:\/\/www.maxima-dia.com\/fr\/wp-json\/wp\/v2\/pages\/8432\/revisions"}],"predecessor-version":[{"id":39836,"href":"https:\/\/www.maxima-dia.com\/fr\/wp-json\/wp\/v2\/pages\/8432\/revisions\/39836"}],"wp:attachment":[{"href":"https:\/\/www.maxima-dia.com\/fr\/wp-json\/wp\/v2\/media?parent=8432"}],"curies":[{"name":"wp","href":"https:\/\/api.w.org\/{rel}","templated":true}]}}