{"id":8807,"date":"2014-05-21T11:10:36","date_gmt":"2014-05-21T09:10:36","guid":{"rendered":"http:\/\/www.maxima-dia.com\/?post_type=products&#038;p=8807"},"modified":"2021-12-10T11:34:21","modified_gmt":"2021-12-10T10:34:21","slug":"caromax-300","status":"publish","type":"page","link":"https:\/\/www.maxima-dia.com\/fr\/machines-de-carottages-pour-le-batiment\/caromax-300\/","title":{"rendered":"Caromax 300"},"content":{"rendered":"<div class=\"wpb-content-wrapper\"><p>[vc_row][vc_column text_align=\u00a0\u00bbcenter\u00a0\u00bb width=\u00a0\u00bb1\/4&Prime;][vc_column_text]<a href=\"\/wp-content\/uploads\/2017\/02\/caromax-300.jpg\"><img loading=\"lazy\" decoding=\"async\" class=\"alignnone size-thumbnail wp-image-13688\" src=\"\/wp-content\/uploads\/2017\/02\/caromax-300-150x150.jpg\" alt=\"CAROMAX 300\" width=\"150\" height=\"150\" srcset=\"https:\/\/www.maxima-dia.com\/wp-content\/uploads\/2017\/02\/caromax-300-150x150.jpg 150w, https:\/\/www.maxima-dia.com\/wp-content\/uploads\/2017\/02\/caromax-300-300x300.jpg 300w, https:\/\/www.maxima-dia.com\/wp-content\/uploads\/2017\/02\/caromax-300-768x768.jpg 768w, https:\/\/www.maxima-dia.com\/wp-content\/uploads\/2017\/02\/caromax-300-1024x1024.jpg 1024w, https:\/\/www.maxima-dia.com\/wp-content\/uploads\/2017\/02\/caromax-300-80x80.jpg 80w, https:\/\/www.maxima-dia.com\/wp-content\/uploads\/2017\/02\/caromax-300-500x500.jpg 500w, https:\/\/www.maxima-dia.com\/wp-content\/uploads\/2017\/02\/caromax-300-1000x1000.jpg 1000w, https:\/\/www.maxima-dia.com\/wp-content\/uploads\/2017\/02\/caromax-300.jpg 1200w\" sizes=\"(max-width: 150px) 100vw, 150px\" \/><\/a><\/p>\n<p>Fabriqu\u00e9 en EU&nbsp;<img loading=\"lazy\" decoding=\"async\" src=\"\/wp-content\/uploads\/2013\/11\/eu.png\" alt=\"eu\" width=\"24\" height=\"16\"> -certifi\u00e9 <span style=\"font-family: arial,helvetica,sans-serif;\">CE<\/span>[\/vc_column_text][vc_column_text css_animation=\u00a0\u00bbslideInDown\u00a0\u00bb el_class=\u00a0\u00bbhidebuybutton\u00a0\u00bb]<a href=\"https:\/\/www.storemaxima.com\/fr\/machines-de-carottages-pour-le-batiment\/107-caromax-300.html\" target=\"_blank\" rel=\"noopener\"><img loading=\"lazy\" decoding=\"async\" class=\"alignnone\" title=\"Acheter sur www.storemaxima.com\" src=\"https:\/\/www.maxima-dia.com\/wp-content\/uploads\/2019\/12\/pulsante-acquista-storemaxima.com-fr.svg\" alt=\"Acheter sur www.storemaxima.com\" width=\"180\" height=\"80\"><\/a>[\/vc_column_text][vc_btn title=\u00a0\u00bbFiche du produit\u00a0\u00bb style=\u00a0\u00bboutline-custom\u00a0\u00bb outline_custom_color=\u00a0\u00bb#cc0000&Prime; outline_custom_hover_background=\u00a0\u00bb#910000&Prime; outline_custom_hover_text=\u00a0\u00bb#f7f7f7&Prime; align=\u00a0\u00bbcenter\u00a0\u00bb i_icon_fontawesome=\u00a0\u00bbfas fa-download\u00a0\u00bb add_icon=\u00a0\u00bbtrue\u00a0\u00bb css=\u00a0\u00bb.vc_custom_1639132456179{margin-top: 5px !important;margin-right: 5px !important;margin-bottom: 5px !important;margin-left: 5px !important;}\u00a0\u00bb link=\u00a0\u00bburl:%2Fdl.php%3Ffile_url%3Dhttps%3A%2F%2Fwww.maxima-dia.com%2Fwp-content%2Fuploads%2F2021%2F11%2FCAROMAX-300-FR.pdf\u00a0\u00bb][\/vc_column][vc_column width=\u00a0\u00bb3\/4&Prime;][vc_column_text]Ce mod\u00e8le pr\u00e9sente les m\u00eames caract\u00e9ristiques techniques que le <strong>Caromax 250<\/strong>, mais se distingue par la longueur de sa colonne, son moteur <strong>CWEK32<\/strong> de 3200 W et par les \u00e9carteurs de la plaque moteur qui, ensemble, offrent la possibilit\u00e9 de forer jusqu\u2019\u00e0 un diam\u00e8tre de 300 mm. Inclinable jusqu\u2019\u00e0 45\u00b0. Gr\u00e2ce \u00e0 sa colonne plus longue, ce mod\u00e8le est id\u00e9al pour les forages par syst\u00e8me de carottage continu.<\/p>\n<table class=\"tabellafotocarotaggio\" style=\"width: 100%;\">\n<tbody>\n<tr>\n<td style=\"text-align: center;\"><a href=\"\/wp-content\/uploads\/2017\/02\/caromax-300-1.jpg\"><img loading=\"lazy\" decoding=\"async\" class=\"alignnone wp-image-13684 size-thumbnail\" src=\"\/wp-content\/uploads\/2017\/02\/caromax-300-1-150x150.jpg\" width=\"150\" height=\"150\" srcset=\"https:\/\/www.maxima-dia.com\/wp-content\/uploads\/2017\/02\/caromax-300-1-150x150.jpg 150w, https:\/\/www.maxima-dia.com\/wp-content\/uploads\/2017\/02\/caromax-300-1-80x80.jpg 80w, https:\/\/www.maxima-dia.com\/wp-content\/uploads\/2017\/02\/caromax-300-1-500x500.jpg 500w, https:\/\/www.maxima-dia.com\/wp-content\/uploads\/2017\/02\/caromax-300-1-1000x1000.jpg 1000w\" sizes=\"(max-width: 150px) 100vw, 150px\" \/><\/a><\/td>\n<td style=\"text-align: center;\"><a href=\"\/wp-content\/uploads\/2017\/02\/caromax-300-2.jpg\"><img loading=\"lazy\" decoding=\"async\" class=\"alignnone wp-image-13685 size-thumbnail\" src=\"\/wp-content\/uploads\/2017\/02\/caromax-300-2-150x150.jpg\" width=\"150\" height=\"150\" srcset=\"https:\/\/www.maxima-dia.com\/wp-content\/uploads\/2017\/02\/caromax-300-2-150x150.jpg 150w, https:\/\/www.maxima-dia.com\/wp-content\/uploads\/2017\/02\/caromax-300-2-80x80.jpg 80w, https:\/\/www.maxima-dia.com\/wp-content\/uploads\/2017\/02\/caromax-300-2-500x500.jpg 500w, https:\/\/www.maxima-dia.com\/wp-content\/uploads\/2017\/02\/caromax-300-2-1000x1000.jpg 1000w\" sizes=\"(max-width: 150px) 100vw, 150px\" \/><\/a><\/td>\n<td style=\"text-align: center;\"><a href=\"\/wp-content\/uploads\/2017\/02\/caromax-300-3.jpg\"><img loading=\"lazy\" decoding=\"async\" class=\"alignnone wp-image-13686 size-thumbnail\" src=\"\/wp-content\/uploads\/2017\/02\/caromax-300-3-150x150.jpg\" width=\"150\" height=\"150\" srcset=\"https:\/\/www.maxima-dia.com\/wp-content\/uploads\/2017\/02\/caromax-300-3-150x150.jpg 150w, https:\/\/www.maxima-dia.com\/wp-content\/uploads\/2017\/02\/caromax-300-3-80x80.jpg 80w, https:\/\/www.maxima-dia.com\/wp-content\/uploads\/2017\/02\/caromax-300-3-500x500.jpg 500w, https:\/\/www.maxima-dia.com\/wp-content\/uploads\/2017\/02\/caromax-300-3-1000x1000.jpg 1000w\" sizes=\"(max-width: 150px) 100vw, 150px\" \/><\/a><\/td>\n<td style=\"text-align: center;\"><a href=\"\/wp-content\/uploads\/2017\/02\/caromax-300-4.jpg\"><img loading=\"lazy\" decoding=\"async\" class=\"alignnone wp-image-13687 size-thumbnail\" src=\"\/wp-content\/uploads\/2017\/02\/caromax-300-4-150x150.jpg\" width=\"150\" height=\"150\" srcset=\"https:\/\/www.maxima-dia.com\/wp-content\/uploads\/2017\/02\/caromax-300-4-150x150.jpg 150w, https:\/\/www.maxima-dia.com\/wp-content\/uploads\/2017\/02\/caromax-300-4-80x80.jpg 80w, https:\/\/www.maxima-dia.com\/wp-content\/uploads\/2017\/02\/caromax-300-4-500x500.jpg 500w, https:\/\/www.maxima-dia.com\/wp-content\/uploads\/2017\/02\/caromax-300-4-1000x1000.jpg 1000w\" sizes=\"(max-width: 150px) 100vw, 150px\" \/><\/a><\/td>\n<\/tr>\n<\/tbody>\n<\/table>\n<p style=\"text-align: justify;\">&nbsp;<\/p>\n<table class=\"tabellatecnica\" style=\"width: 100%;\" border=\"0\" cellspacing=\"0\" cellpadding=\"0\">\n<thead>\n<tr>\n<td class=\"testata\" colspan=\"2\">CARACT\u00c9RISTIQUES TECHNIQUES<\/td>\n<\/tr>\n<\/thead>\n<tbody>\n<tr>\n<td class=\"coltesto1\" style=\"width: 50%;\">\u00c0 eau avec moteur de 3200 W &#8211; 230 V<\/td>\n<td class=\"coltesto1\" style=\"width: 50%;\">Moteur \u00e0 3 Vitesses s\u00e9lectionnables m\u00e9caniquement<\/td>\n<\/tr>\n<tr>\n<td class=\"coltesto1\" style=\"width: 50%;\">Adapt\u00e9e pour Forage de 300 mm de diam. max<\/td>\n<td class=\"coltesto1\" style=\"width: 50%;\" rowspan=\"3\">1 &#8211; 420 Tours\/min Perforation: 165 &#8211; 350 mm<br \/>\n2 &#8211; 820 Tours\/min Perforation: 80 &#8211; 160 mm<br \/>\n3 &#8211; 1250 Tours\/min Perforation: 55 &#8211; 105 mm<\/td>\n<\/tr>\n<tr>\n<td class=\"coltesto2\" style=\"width: 50%;\">Course utile: 800 mm<\/td>\n<\/tr>\n<tr>\n<td class=\"coltesto2\" style=\"width: 50%;\">Raccord: 1\u201d1\/4<\/td>\n<\/tr>\n<tr>\n<td class=\"coltesto2\" style=\"width: 50%;\">Inclinable \u00e0 45\u00b0<\/td>\n<td class=\"coltesto2\" style=\"width: 50%;\">Poids Colonne: 18 Kg<\/td>\n<\/tr>\n<tr>\n<td class=\"coltesto2\" style=\"width: 50%;\">D\u00e9crochage Rapide du Moteur<\/td>\n<td class=\"coltesto2\" style=\"width: 50%;\">Poids Moteur: 11,9 Kg<\/td>\n<\/tr>\n<\/tbody>\n<\/table>\n<p>[\/vc_column_text][\/vc_column][\/vc_row]<\/p>\n<\/div>","protected":false},"excerpt":{"rendered":"<p>[vc_row][vc_column text_align=\u00a0\u00bbcenter\u00a0\u00bb width=\u00a0\u00bb1\/4&Prime;][vc_column_text] Fabriqu\u00e9 en EU&nbsp; -certifi\u00e9 CE[\/vc_column_text][vc_column_text css_animation=\u00a0\u00bbslideInDown\u00a0\u00bb el_class=\u00a0\u00bbhidebuybutton\u00a0\u00bb][\/vc_column_text][vc_btn title=\u00a0\u00bbFiche du produit\u00a0\u00bb style=\u00a0\u00bboutline-custom\u00a0\u00bb outline_custom_color=\u00a0\u00bb#cc0000&Prime; outline_custom_hover_background=\u00a0\u00bb#910000&Prime; outline_custom_hover_text=\u00a0\u00bb#f7f7f7&Prime; align=\u00a0\u00bbcenter\u00a0\u00bb i_icon_fontawesome=\u00a0\u00bbfas fa-download\u00a0\u00bb add_icon=\u00a0\u00bbtrue\u00a0\u00bb css=\u00a0\u00bb.vc_custom_1639132456179{margin-top: 5px !important;margin-right: 5px !important;margin-bottom: 5px !important;margin-left: 5px !important;}\u00a0\u00bb link=\u00a0\u00bburl:%2Fdl.php%3Ffile_url%3Dhttps%3A%2F%2Fwww.maxima-dia.com%2Fwp-content%2Fuploads%2F2021%2F11%2FCAROMAX-300-FR.pdf\u00a0\u00bb][\/vc_column][vc_column width=\u00a0\u00bb3\/4&Prime;][vc_column_text]Ce mod\u00e8le pr\u00e9sente les m\u00eames caract\u00e9ristiques techniques que le Caromax 250, mais se distingue par la longueur de sa colonne, son moteur CWEK32 de 3200 W et par les \u00e9carteurs de la plaque moteur qui, ensemble, offrent la possibilit\u00e9 de forer jusqu\u2019\u00e0 un diam\u00e8tre de 300 mm. Inclinable jusqu\u2019\u00e0 45\u00b0. Gr\u00e2ce \u00e0 sa colonne plus longue, ce mod\u00e8le est id\u00e9al pour les forages par syst\u00e8me de carottage continu. &nbsp; CARACT\u00c9RISTIQUES TECHNIQUES \u00c0 eau avec moteur de 3200 W &#8211; 230 V Moteur \u00e0 3 Vitesses s\u00e9lectionnables m\u00e9caniquement Adapt\u00e9e pour Forage de 300 mm de diam. max 1 &#8211; 420 Tours\/min Perforation: 165 &#8211; 350 mm 2 &#8211; 820 Tours\/min Perforation: 80 &#8211; 160 mm 3 &#8211; 1250 Tours\/min Perforation: 55 &#8211; 105 mm Course utile: 800 mm Raccord: 1\u201d1\/4 Inclinable \u00e0 45\u00b0 Poids Colonne: 18 Kg D\u00e9crochage Rapide du Moteur Poids Moteur: 11,9 Kg [\/vc_column_text][\/vc_column][\/vc_row]<\/p>\n","protected":false},"author":29,"featured_media":24883,"parent":12465,"menu_order":13,"comment_status":"closed","ping_status":"closed","template":"","meta":{"ngg_post_thumbnail":0,"_joinchat":[],"footnotes":""},"class_list":["post-8807","page","type-page","status-publish","has-post-thumbnail","hentry"],"yoast_head":"<!-- This site is optimized with the Yoast SEO plugin v25.5 - https:\/\/yoast.com\/wordpress\/plugins\/seo\/ -->\n<title>Caromax 300 - Maxima SpA<\/title>\n<meta name=\"description\" content=\"Ce mod\u00e8le pr\u00e9sente les m\u00eames ca-ract\u00e9ristiques techniques que le Ca-romax 250, mais se distingue par la longueur de sa colonne, son mo-teur CWEK32 de 3200 W et par les \u00e9carteurs de la plaque moteur qui, en\" \/>\n<meta name=\"robots\" content=\"index, follow, max-snippet:-1, max-image-preview:large, max-video-preview:-1\" \/>\n<link rel=\"canonical\" href=\"https:\/\/www.maxima-dia.com\/fr\/machines-de-carottages-pour-le-batiment\/caromax-300\/\" \/>\n<meta property=\"og:locale\" content=\"fr_FR\" \/>\n<meta property=\"og:type\" content=\"article\" \/>\n<meta property=\"og:title\" content=\"Caromax 300 - Maxima SpA\" \/>\n<meta property=\"og:description\" content=\"Ce mod\u00e8le pr\u00e9sente les m\u00eames ca-ract\u00e9ristiques techniques que le Ca-romax 250, mais se distingue par la longueur de sa colonne, son mo-teur CWEK32 de 3200 W et par les \u00e9carteurs de la plaque moteur qui, en\" \/>\n<meta property=\"og:url\" content=\"https:\/\/www.maxima-dia.com\/fr\/machines-de-carottages-pour-le-batiment\/caromax-300\/\" \/>\n<meta property=\"og:site_name\" content=\"Maxima SpA\" \/>\n<meta property=\"article:publisher\" content=\"https:\/\/www.facebook.com\/Maxima-spa-106098566139597\" \/>\n<meta property=\"article:modified_time\" content=\"2021-12-10T10:34:21+00:00\" \/>\n<meta property=\"og:image\" content=\"https:\/\/www.maxima-dia.com\/wp-content\/uploads\/2017\/02\/caromax-300.jpg\" \/>\n\t<meta property=\"og:image:width\" content=\"1200\" \/>\n\t<meta property=\"og:image:height\" content=\"1200\" \/>\n\t<meta property=\"og:image:type\" content=\"image\/jpeg\" \/>\n<meta name=\"twitter:card\" content=\"summary_large_image\" \/>\n<meta name=\"twitter:site\" content=\"@Maximadia\" \/>\n<meta name=\"twitter:label1\" content=\"Dur\u00e9e de lecture estim\u00e9e\" \/>\n\t<meta name=\"twitter:data1\" content=\"3 minutes\" \/>\n<script type=\"application\/ld+json\" class=\"yoast-schema-graph\">{\"@context\":\"https:\/\/schema.org\",\"@graph\":[{\"@type\":\"WebPage\",\"@id\":\"https:\/\/www.maxima-dia.com\/fr\/machines-de-carottages-pour-le-batiment\/caromax-300\/\",\"url\":\"https:\/\/www.maxima-dia.com\/fr\/machines-de-carottages-pour-le-batiment\/caromax-300\/\",\"name\":\"Caromax 300 - Maxima SpA\",\"isPartOf\":{\"@id\":\"https:\/\/www.maxima-dia.com\/fr\/#website\"},\"primaryImageOfPage\":{\"@id\":\"https:\/\/www.maxima-dia.com\/fr\/machines-de-carottages-pour-le-batiment\/caromax-300\/#primaryimage\"},\"image\":{\"@id\":\"https:\/\/www.maxima-dia.com\/fr\/machines-de-carottages-pour-le-batiment\/caromax-300\/#primaryimage\"},\"thumbnailUrl\":\"https:\/\/www.maxima-dia.com\/wp-content\/uploads\/2017\/02\/caromax-300.jpg\",\"datePublished\":\"2014-05-21T09:10:36+00:00\",\"dateModified\":\"2021-12-10T10:34:21+00:00\",\"description\":\"Ce mod\u00e8le pr\u00e9sente les m\u00eames ca-ract\u00e9ristiques techniques que le Ca-romax 250, mais se distingue par la longueur de sa colonne, son mo-teur CWEK32 de 3200 W et par les \u00e9carteurs de la plaque moteur qui, en\",\"breadcrumb\":{\"@id\":\"https:\/\/www.maxima-dia.com\/fr\/machines-de-carottages-pour-le-batiment\/caromax-300\/#breadcrumb\"},\"inLanguage\":\"fr-FR\",\"potentialAction\":[{\"@type\":\"ReadAction\",\"target\":[\"https:\/\/www.maxima-dia.com\/fr\/machines-de-carottages-pour-le-batiment\/caromax-300\/\"]}]},{\"@type\":\"ImageObject\",\"inLanguage\":\"fr-FR\",\"@id\":\"https:\/\/www.maxima-dia.com\/fr\/machines-de-carottages-pour-le-batiment\/caromax-300\/#primaryimage\",\"url\":\"https:\/\/www.maxima-dia.com\/wp-content\/uploads\/2017\/02\/caromax-300.jpg\",\"contentUrl\":\"https:\/\/www.maxima-dia.com\/wp-content\/uploads\/2017\/02\/caromax-300.jpg\",\"width\":1200,\"height\":1200},{\"@type\":\"BreadcrumbList\",\"@id\":\"https:\/\/www.maxima-dia.com\/fr\/machines-de-carottages-pour-le-batiment\/caromax-300\/#breadcrumb\",\"itemListElement\":[{\"@type\":\"ListItem\",\"position\":1,\"name\":\"Home\",\"item\":\"https:\/\/www.maxima-dia.com\/fr\/\"},{\"@type\":\"ListItem\",\"position\":2,\"name\":\"Machines de carottages pour le B\u00e2timent\",\"item\":\"https:\/\/www.maxima-dia.com\/fr\/machines-de-carottages-pour-le-batiment\/\"},{\"@type\":\"ListItem\",\"position\":3,\"name\":\"Caromax 300\"}]},{\"@type\":\"WebSite\",\"@id\":\"https:\/\/www.maxima-dia.com\/fr\/#website\",\"url\":\"https:\/\/www.maxima-dia.com\/fr\/\",\"name\":\"Maxima SpA\",\"description\":\"Only for the real professionals\",\"potentialAction\":[{\"@type\":\"SearchAction\",\"target\":{\"@type\":\"EntryPoint\",\"urlTemplate\":\"https:\/\/www.maxima-dia.com\/fr\/?s={search_term_string}\"},\"query-input\":{\"@type\":\"PropertyValueSpecification\",\"valueRequired\":true,\"valueName\":\"search_term_string\"}}],\"inLanguage\":\"fr-FR\"}]}<\/script>\n<!-- \/ Yoast SEO plugin. -->","yoast_head_json":{"title":"Caromax 300 - Maxima SpA","description":"Ce mod\u00e8le pr\u00e9sente les m\u00eames ca-ract\u00e9ristiques techniques que le Ca-romax 250, mais se distingue par la longueur de sa colonne, son mo-teur CWEK32 de 3200 W et par les \u00e9carteurs de la plaque moteur qui, en","robots":{"index":"index","follow":"follow","max-snippet":"max-snippet:-1","max-image-preview":"max-image-preview:large","max-video-preview":"max-video-preview:-1"},"canonical":"https:\/\/www.maxima-dia.com\/fr\/machines-de-carottages-pour-le-batiment\/caromax-300\/","og_locale":"fr_FR","og_type":"article","og_title":"Caromax 300 - Maxima SpA","og_description":"Ce mod\u00e8le pr\u00e9sente les m\u00eames ca-ract\u00e9ristiques techniques que le Ca-romax 250, mais se distingue par la longueur de sa colonne, son mo-teur CWEK32 de 3200 W et par les \u00e9carteurs de la plaque moteur qui, en","og_url":"https:\/\/www.maxima-dia.com\/fr\/machines-de-carottages-pour-le-batiment\/caromax-300\/","og_site_name":"Maxima SpA","article_publisher":"https:\/\/www.facebook.com\/Maxima-spa-106098566139597","article_modified_time":"2021-12-10T10:34:21+00:00","og_image":[{"width":1200,"height":1200,"url":"https:\/\/www.maxima-dia.com\/wp-content\/uploads\/2017\/02\/caromax-300.jpg","type":"image\/jpeg"}],"twitter_card":"summary_large_image","twitter_site":"@Maximadia","twitter_misc":{"Dur\u00e9e de lecture estim\u00e9e":"3 minutes"},"schema":{"@context":"https:\/\/schema.org","@graph":[{"@type":"WebPage","@id":"https:\/\/www.maxima-dia.com\/fr\/machines-de-carottages-pour-le-batiment\/caromax-300\/","url":"https:\/\/www.maxima-dia.com\/fr\/machines-de-carottages-pour-le-batiment\/caromax-300\/","name":"Caromax 300 - Maxima SpA","isPartOf":{"@id":"https:\/\/www.maxima-dia.com\/fr\/#website"},"primaryImageOfPage":{"@id":"https:\/\/www.maxima-dia.com\/fr\/machines-de-carottages-pour-le-batiment\/caromax-300\/#primaryimage"},"image":{"@id":"https:\/\/www.maxima-dia.com\/fr\/machines-de-carottages-pour-le-batiment\/caromax-300\/#primaryimage"},"thumbnailUrl":"https:\/\/www.maxima-dia.com\/wp-content\/uploads\/2017\/02\/caromax-300.jpg","datePublished":"2014-05-21T09:10:36+00:00","dateModified":"2021-12-10T10:34:21+00:00","description":"Ce mod\u00e8le pr\u00e9sente les m\u00eames ca-ract\u00e9ristiques techniques que le Ca-romax 250, mais se distingue par la longueur de sa colonne, son mo-teur CWEK32 de 3200 W et par les \u00e9carteurs de la plaque moteur qui, en","breadcrumb":{"@id":"https:\/\/www.maxima-dia.com\/fr\/machines-de-carottages-pour-le-batiment\/caromax-300\/#breadcrumb"},"inLanguage":"fr-FR","potentialAction":[{"@type":"ReadAction","target":["https:\/\/www.maxima-dia.com\/fr\/machines-de-carottages-pour-le-batiment\/caromax-300\/"]}]},{"@type":"ImageObject","inLanguage":"fr-FR","@id":"https:\/\/www.maxima-dia.com\/fr\/machines-de-carottages-pour-le-batiment\/caromax-300\/#primaryimage","url":"https:\/\/www.maxima-dia.com\/wp-content\/uploads\/2017\/02\/caromax-300.jpg","contentUrl":"https:\/\/www.maxima-dia.com\/wp-content\/uploads\/2017\/02\/caromax-300.jpg","width":1200,"height":1200},{"@type":"BreadcrumbList","@id":"https:\/\/www.maxima-dia.com\/fr\/machines-de-carottages-pour-le-batiment\/caromax-300\/#breadcrumb","itemListElement":[{"@type":"ListItem","position":1,"name":"Home","item":"https:\/\/www.maxima-dia.com\/fr\/"},{"@type":"ListItem","position":2,"name":"Machines de carottages pour le B\u00e2timent","item":"https:\/\/www.maxima-dia.com\/fr\/machines-de-carottages-pour-le-batiment\/"},{"@type":"ListItem","position":3,"name":"Caromax 300"}]},{"@type":"WebSite","@id":"https:\/\/www.maxima-dia.com\/fr\/#website","url":"https:\/\/www.maxima-dia.com\/fr\/","name":"Maxima SpA","description":"Only for the real professionals","potentialAction":[{"@type":"SearchAction","target":{"@type":"EntryPoint","urlTemplate":"https:\/\/www.maxima-dia.com\/fr\/?s={search_term_string}"},"query-input":{"@type":"PropertyValueSpecification","valueRequired":true,"valueName":"search_term_string"}}],"inLanguage":"fr-FR"}]}},"_links":{"self":[{"href":"https:\/\/www.maxima-dia.com\/fr\/wp-json\/wp\/v2\/pages\/8807"}],"collection":[{"href":"https:\/\/www.maxima-dia.com\/fr\/wp-json\/wp\/v2\/pages"}],"about":[{"href":"https:\/\/www.maxima-dia.com\/fr\/wp-json\/wp\/v2\/types\/page"}],"author":[{"embeddable":true,"href":"https:\/\/www.maxima-dia.com\/fr\/wp-json\/wp\/v2\/users\/29"}],"replies":[{"embeddable":true,"href":"https:\/\/www.maxima-dia.com\/fr\/wp-json\/wp\/v2\/comments?post=8807"}],"version-history":[{"count":0,"href":"https:\/\/www.maxima-dia.com\/fr\/wp-json\/wp\/v2\/pages\/8807\/revisions"}],"up":[{"embeddable":true,"href":"https:\/\/www.maxima-dia.com\/fr\/wp-json\/wp\/v2\/pages\/12465"}],"wp:featuredmedia":[{"embeddable":true,"href":"https:\/\/www.maxima-dia.com\/fr\/wp-json\/wp\/v2\/media\/24883"}],"wp:attachment":[{"href":"https:\/\/www.maxima-dia.com\/fr\/wp-json\/wp\/v2\/media?parent=8807"}],"curies":[{"name":"wp","href":"https:\/\/api.w.org\/{rel}","templated":true}]}}