{"id":8831,"date":"2014-05-21T15:39:25","date_gmt":"2014-05-21T13:39:25","guid":{"rendered":"http:\/\/www.maxima-dia.com\/?page_id=8831"},"modified":"2024-09-11T15:33:27","modified_gmt":"2024-09-11T13:33:27","slug":"catalogues-avantages","status":"publish","type":"page","link":"https:\/\/www.maxima-dia.com\/fr\/catalogues-avantages\/","title":{"rendered":"Catalogues"},"content":{"rendered":"<div class=\"wpb-content-wrapper\"><p>[vc_row][vc_column][vc_column_text]<\/p>\n<h3>Catalogue 2022<\/h3>\n<p>T\u00e9l\u00e9chargez ou feuilletez notre Catalogue.<br \/>\nVous trouverez la gamme compl\u00e8te de produits que nous proposons et les descriptions techniques correspondantes.<\/p>\n<div class=\"_df_book df-lite\" id=\"df_30763\"  _slug=\"maxima-spa-catalogue-fr\" data-title=\"maxima-spa-catalogue-2022-fr\" wpoptions=\"true\" thumbtype=\"\" ><\/div><script class=\"df-shortcode-script\" nowprocket type=\"application\/javascript\">window.option_df_30763 = {\"outline\":[],\"autoEnableOutline\":\"false\",\"autoEnableThumbnail\":\"false\",\"overwritePDFOutline\":\"false\",\"direction\":\"1\",\"pageSize\":\"0\",\"maxTextureSize\":\"2048\",\"source\":\"https:\\\/\\\/www.maxima-dia.com\\\/wp-content\\\/uploads\\\/2022\\\/09\\\/Maxima_CatGen2022_FR_senza_prezzi_singola_pagina_WEB.pdf\",\"wpOptions\":\"true\"}; if(window.DFLIP && window.DFLIP.parseBooks){window.DFLIP.parseBooks();}<\/script>\n<p>&nbsp;<\/p>\n<p><a href=\"https:\/\/www.maxima-dia.com\/wp-content\/uploads\/2022\/09\/Maxima_CatGen2022_FR_senza_prezzi_singola_pagina_WEB.pdf\" target=\"_blank\" rel=\"noopener noreferrer\"><img loading=\"lazy\" decoding=\"async\" class=\"alignnone\" src=\"\/wp-content\/uploads\/2014\/09\/pdf-download-icon.png\" alt=\"pdf-download-icon\" width=\"250\" height=\"75\"><\/a><br \/>\n<a href=\"https:\/\/www.maxima-dia.com\/wp-content\/uploads\/2022\/09\/Maxima_CatGen2022_FR_senza_prezzi_singola_pagina_WEB.pdf\" target=\"_blank\" rel=\"noopener noreferrer\">T\u00e9l\u00e9chargez le catalogue en cliquant avec le bouton droit de la souris sur \u00ab Enregistrer sous \u00bb<\/a><\/p>\n<hr style=\"height: 1px; background: red;\">\n<div class=\"clearboth\">&nbsp;<\/div>\n<h3>Pr\u00e9sentoir Catalogue&nbsp;<\/h3>\n<p>T\u00e9l\u00e9chargez ou feuilletez notre Pr\u00e9sentoir Catalogue.<br \/>\nVous trouverez la gamme compl\u00e8te de produits que nous proposons et les descriptions techniques correspondantes.<\/p>\n<div class=\"one_half\"><a href=\"https:\/\/www.maxima-dia.com\/wp-content\/uploads\/2024\/06\/Maxima_Book_Allestimenti_2024_FR_WEB.pdf\" target=\"_blank\" rel=\"noopener noreferrer\"><img loading=\"lazy\" decoding=\"async\" class=\"catalog_shadow alignnone\" title=\"Presentoir Catalogue\" src=\"\/wp-content\/uploads\/2023\/04\/cat-allestimenti-2023.jpg\" alt=\"Presentoir Catalogue\" width=\"212\" height=\"300\"><\/a><\/div>\n<p><a href=\"https:\/\/www.maxima-dia.com\/wp-content\/uploads\/2024\/06\/Maxima_Book_Allestimenti_2024_FR_WEB.pdf\" target=\"_blank\" rel=\"noopener noreferrer\"><img loading=\"lazy\" decoding=\"async\" class=\"alignnone\" src=\"\/wp-content\/uploads\/2014\/09\/pdf-download-icon.png\" alt=\"pdf-download-icon\" width=\"250\" height=\"75\"><\/a><br \/>\n<a href=\"https:\/\/www.maxima-dia.com\/wp-content\/uploads\/2024\/06\/Maxima_Book_Allestimenti_2024_FR_WEB.pdf\" target=\"_blank\" rel=\"noopener noreferrer\">T\u00e9l\u00e9chargez le catalogue en cliquant avec le bouton droit de la souris sur \u00ab Enregistrer sous \u00bb.<\/a><\/p>\n<div class=\"clearboth\">\n<div class=\"clearboth\">&nbsp;<\/div>\n<hr style=\"height: 1px; background: red;\">\n<h3>D\u00e9pliant Coupe, Pon\u00e7age, Compactage, Fraisage<\/h3>\n<p>T\u00e9l\u00e9chargez ou feuilletez notre D\u00e9pliant Carottage.<br \/>\nVous trouverez la gamme compl\u00e8te de produits que nous proposons et les descriptions techniques correspondantes.<\/p>\n<div class=\"one_half\">\n<p><a href=\"https:\/\/www.maxima-dia.com\/wp-content\/uploads\/2024\/09\/MAXIMA_DP_TAGLIO_FR_2024_WEB.pdf\" target=\"_blank\" rel=\"noopener\"><img loading=\"lazy\" decoding=\"async\" class=\"alignnone wp-image-44129 size-full\" src=\"https:\/\/www.maxima-dia.com\/wp-content\/uploads\/2024\/09\/depliant-taglio-cop_FR.jpg\" alt=\"\" width=\"211\" height=\"300\"><\/a><\/p>\n<\/div>\n<p><a href=\"https:\/\/www.maxima-dia.com\/wp-content\/uploads\/2024\/09\/MAXIMA_DP_TAGLIO_FR_2024_WEB.pdf\" target=\"_blank\" rel=\"noopener noreferrer\"><img loading=\"lazy\" decoding=\"async\" class=\"alignnone\" src=\"\/wp-content\/uploads\/2014\/09\/pdf-download-icon.png\" alt=\"pdf-download-icon\" width=\"250\" height=\"75\"><\/a><br \/>\n<a href=\"https:\/\/www.maxima-dia.com\/wp-content\/uploads\/2024\/09\/MAXIMA_DP_TAGLIO_FR_2024_WEB.pdf\" target=\"_blank\" rel=\"noopener noreferrer\">T\u00e9l\u00e9chargez le catalogue en cliquant avec le bouton droit de la souris sur \u00ab Enregistrer sous \u00bb.<\/a><\/p>\n<\/div>\n<hr style=\"height: 1px; background: red;\">\n<h3>D\u00e9pliant Carottage<\/h3>\n<p>T\u00e9l\u00e9chargez ou feuilletez notre D\u00e9pliant Carottage.<br \/>\nVous trouverez la gamme compl\u00e8te de produits que nous proposons et les descriptions techniques correspondantes.<\/p>\n<div class=\"one_half\"><a href=\"https:\/\/www.maxima-dia.com\/wp-content\/uploads\/2024\/06\/MAXIMA_DP_CAROTAGGIO_FR_2024_WEB.pdf.pdf\" target=\"_blank\" rel=\"noopener\"><img loading=\"lazy\" decoding=\"async\" class=\"alignnone wp-image-43657 size-medium\" src=\"https:\/\/www.maxima-dia.com\/wp-content\/uploads\/2024\/06\/carotaggio_FR_copertina-210x300.jpg\" alt=\"\" width=\"210\" height=\"300\" srcset=\"https:\/\/www.maxima-dia.com\/wp-content\/uploads\/2024\/06\/carotaggio_FR_copertina-210x300.jpg 210w, https:\/\/www.maxima-dia.com\/wp-content\/uploads\/2024\/06\/carotaggio_FR_copertina.jpg 561w\" sizes=\"(max-width: 210px) 100vw, 210px\" \/><\/a><\/div>\n<p><a href=\"https:\/\/www.maxima-dia.com\/wp-content\/uploads\/2024\/06\/MAXIMA_DP_CAROTAGGIO_FR_2024_WEB.pdf.pdf\" target=\"_blank\" rel=\"noopener noreferrer\"><img loading=\"lazy\" decoding=\"async\" class=\"alignnone\" src=\"\/wp-content\/uploads\/2014\/09\/pdf-download-icon.png\" alt=\"pdf-download-icon\" width=\"250\" height=\"75\"><\/a><br \/>\n<a href=\"https:\/\/www.maxima-dia.com\/wp-content\/uploads\/2024\/06\/MAXIMA_DP_CAROTAGGIO_FR_2024_WEB.pdf.pdf\" target=\"_blank\" rel=\"noopener noreferrer\">T\u00e9l\u00e9chargez le catalogue en cliquant avec le bouton droit de la souris sur \u00ab Enregistrer sous \u00bb.<\/a>[\/vc_column_text][\/vc_column][\/vc_row]<\/p>\n<\/div>","protected":false},"excerpt":{"rendered":"<p>[vc_row][vc_column][vc_column_text] Catalogue 2022 T\u00e9l\u00e9chargez ou feuilletez notre Catalogue. Vous trouverez la gamme compl\u00e8te de produits que nous proposons et les descriptions techniques correspondantes. &nbsp; T\u00e9l\u00e9chargez le catalogue en cliquant avec le bouton droit de la souris sur \u00ab Enregistrer sous \u00bb &nbsp; Pr\u00e9sentoir Catalogue&nbsp; T\u00e9l\u00e9chargez ou feuilletez notre Pr\u00e9sentoir Catalogue. Vous trouverez la gamme compl\u00e8te de produits que nous proposons et les descriptions techniques correspondantes. T\u00e9l\u00e9chargez le catalogue en cliquant avec le bouton droit de la souris sur \u00ab Enregistrer sous \u00bb. &nbsp; D\u00e9pliant Coupe, Pon\u00e7age, Compactage, Fraisage T\u00e9l\u00e9chargez ou feuilletez notre D\u00e9pliant Carottage. Vous trouverez la gamme compl\u00e8te de produits que nous proposons et les descriptions techniques correspondantes. T\u00e9l\u00e9chargez le catalogue en cliquant avec le bouton droit de la souris sur \u00ab Enregistrer sous \u00bb. D\u00e9pliant Carottage T\u00e9l\u00e9chargez ou feuilletez notre D\u00e9pliant Carottage. Vous trouverez la gamme compl\u00e8te de produits que nous proposons et les descriptions techniques correspondantes. T\u00e9l\u00e9chargez le catalogue en cliquant avec le bouton droit de la souris sur \u00ab Enregistrer sous \u00bb.[\/vc_column_text][\/vc_column][\/vc_row]<\/p>\n","protected":false},"author":29,"featured_media":0,"parent":0,"menu_order":371,"comment_status":"closed","ping_status":"closed","template":"","meta":{"ngg_post_thumbnail":0,"_joinchat":[],"footnotes":""},"class_list":["post-8831","page","type-page","status-publish","hentry"],"yoast_head":"<!-- This site is optimized with the Yoast SEO plugin v25.5 - https:\/\/yoast.com\/wordpress\/plugins\/seo\/ -->\n<title>Catalogues - Maxima SpA<\/title>\n<meta name=\"description\" content=\"T\u00e9l\u00e9chargez ou feuilletez notre Catalogue G\u00e9n\u00e9ral. Vous trouverez la gamme compl\u00e8te de produits que nous proposons et les descriptions techniques correspondantes.\" \/>\n<meta name=\"robots\" content=\"index, follow, max-snippet:-1, max-image-preview:large, max-video-preview:-1\" \/>\n<link rel=\"canonical\" href=\"https:\/\/www.maxima-dia.com\/fr\/catalogues-avantages\/\" \/>\n<meta property=\"og:locale\" content=\"fr_FR\" \/>\n<meta property=\"og:type\" content=\"article\" \/>\n<meta property=\"og:title\" content=\"Catalogues - Maxima SpA\" \/>\n<meta property=\"og:description\" content=\"T\u00e9l\u00e9chargez ou feuilletez notre Catalogue G\u00e9n\u00e9ral. Vous trouverez la gamme compl\u00e8te de produits que nous proposons et les descriptions techniques correspondantes.\" \/>\n<meta property=\"og:url\" content=\"https:\/\/www.maxima-dia.com\/fr\/catalogues-avantages\/\" \/>\n<meta property=\"og:site_name\" content=\"Maxima SpA\" \/>\n<meta property=\"article:publisher\" content=\"https:\/\/www.facebook.com\/Maxima-spa-106098566139597\" \/>\n<meta property=\"article:modified_time\" content=\"2024-09-11T13:33:27+00:00\" \/>\n<meta property=\"og:image\" content=\"https:\/\/www.maxima-dia.com\/wp-content\/uploads\/2024\/09\/depliant-taglio-cop_FR.jpg\" \/>\n<meta name=\"twitter:card\" content=\"summary_large_image\" \/>\n<meta name=\"twitter:site\" content=\"@Maximadia\" \/>\n<meta name=\"twitter:label1\" content=\"Dur\u00e9e de lecture estim\u00e9e\" \/>\n\t<meta name=\"twitter:data1\" content=\"1 minute\" \/>\n<script type=\"application\/ld+json\" class=\"yoast-schema-graph\">{\"@context\":\"https:\/\/schema.org\",\"@graph\":[{\"@type\":\"WebPage\",\"@id\":\"https:\/\/www.maxima-dia.com\/fr\/catalogues-avantages\/\",\"url\":\"https:\/\/www.maxima-dia.com\/fr\/catalogues-avantages\/\",\"name\":\"Catalogues - Maxima SpA\",\"isPartOf\":{\"@id\":\"https:\/\/www.maxima-dia.com\/fr\/#website\"},\"primaryImageOfPage\":{\"@id\":\"https:\/\/www.maxima-dia.com\/fr\/catalogues-avantages\/#primaryimage\"},\"image\":{\"@id\":\"https:\/\/www.maxima-dia.com\/fr\/catalogues-avantages\/#primaryimage\"},\"thumbnailUrl\":\"https:\/\/www.maxima-dia.com\/wp-content\/uploads\/2024\/09\/depliant-taglio-cop_FR.jpg\",\"datePublished\":\"2014-05-21T13:39:25+00:00\",\"dateModified\":\"2024-09-11T13:33:27+00:00\",\"description\":\"T\u00e9l\u00e9chargez ou feuilletez notre Catalogue G\u00e9n\u00e9ral. Vous trouverez la gamme compl\u00e8te de produits que nous proposons et les descriptions techniques correspondantes.\",\"breadcrumb\":{\"@id\":\"https:\/\/www.maxima-dia.com\/fr\/catalogues-avantages\/#breadcrumb\"},\"inLanguage\":\"fr-FR\",\"potentialAction\":[{\"@type\":\"ReadAction\",\"target\":[\"https:\/\/www.maxima-dia.com\/fr\/catalogues-avantages\/\"]}]},{\"@type\":\"ImageObject\",\"inLanguage\":\"fr-FR\",\"@id\":\"https:\/\/www.maxima-dia.com\/fr\/catalogues-avantages\/#primaryimage\",\"url\":\"https:\/\/www.maxima-dia.com\/wp-content\/uploads\/2024\/09\/depliant-taglio-cop_FR.jpg\",\"contentUrl\":\"https:\/\/www.maxima-dia.com\/wp-content\/uploads\/2024\/09\/depliant-taglio-cop_FR.jpg\"},{\"@type\":\"BreadcrumbList\",\"@id\":\"https:\/\/www.maxima-dia.com\/fr\/catalogues-avantages\/#breadcrumb\",\"itemListElement\":[{\"@type\":\"ListItem\",\"position\":1,\"name\":\"Home\",\"item\":\"https:\/\/www.maxima-dia.com\/fr\/\"},{\"@type\":\"ListItem\",\"position\":2,\"name\":\"Catalogues\"}]},{\"@type\":\"WebSite\",\"@id\":\"https:\/\/www.maxima-dia.com\/fr\/#website\",\"url\":\"https:\/\/www.maxima-dia.com\/fr\/\",\"name\":\"Maxima SpA\",\"description\":\"Only for the real professionals\",\"potentialAction\":[{\"@type\":\"SearchAction\",\"target\":{\"@type\":\"EntryPoint\",\"urlTemplate\":\"https:\/\/www.maxima-dia.com\/fr\/?s={search_term_string}\"},\"query-input\":{\"@type\":\"PropertyValueSpecification\",\"valueRequired\":true,\"valueName\":\"search_term_string\"}}],\"inLanguage\":\"fr-FR\"}]}<\/script>\n<!-- \/ Yoast SEO plugin. -->","yoast_head_json":{"title":"Catalogues - Maxima SpA","description":"T\u00e9l\u00e9chargez ou feuilletez notre Catalogue G\u00e9n\u00e9ral. Vous trouverez la gamme compl\u00e8te de produits que nous proposons et les descriptions techniques correspondantes.","robots":{"index":"index","follow":"follow","max-snippet":"max-snippet:-1","max-image-preview":"max-image-preview:large","max-video-preview":"max-video-preview:-1"},"canonical":"https:\/\/www.maxima-dia.com\/fr\/catalogues-avantages\/","og_locale":"fr_FR","og_type":"article","og_title":"Catalogues - Maxima SpA","og_description":"T\u00e9l\u00e9chargez ou feuilletez notre Catalogue G\u00e9n\u00e9ral. Vous trouverez la gamme compl\u00e8te de produits que nous proposons et les descriptions techniques correspondantes.","og_url":"https:\/\/www.maxima-dia.com\/fr\/catalogues-avantages\/","og_site_name":"Maxima SpA","article_publisher":"https:\/\/www.facebook.com\/Maxima-spa-106098566139597","article_modified_time":"2024-09-11T13:33:27+00:00","og_image":[{"url":"https:\/\/www.maxima-dia.com\/wp-content\/uploads\/2024\/09\/depliant-taglio-cop_FR.jpg","type":"","width":"","height":""}],"twitter_card":"summary_large_image","twitter_site":"@Maximadia","twitter_misc":{"Dur\u00e9e de lecture estim\u00e9e":"1 minute"},"schema":{"@context":"https:\/\/schema.org","@graph":[{"@type":"WebPage","@id":"https:\/\/www.maxima-dia.com\/fr\/catalogues-avantages\/","url":"https:\/\/www.maxima-dia.com\/fr\/catalogues-avantages\/","name":"Catalogues - Maxima SpA","isPartOf":{"@id":"https:\/\/www.maxima-dia.com\/fr\/#website"},"primaryImageOfPage":{"@id":"https:\/\/www.maxima-dia.com\/fr\/catalogues-avantages\/#primaryimage"},"image":{"@id":"https:\/\/www.maxima-dia.com\/fr\/catalogues-avantages\/#primaryimage"},"thumbnailUrl":"https:\/\/www.maxima-dia.com\/wp-content\/uploads\/2024\/09\/depliant-taglio-cop_FR.jpg","datePublished":"2014-05-21T13:39:25+00:00","dateModified":"2024-09-11T13:33:27+00:00","description":"T\u00e9l\u00e9chargez ou feuilletez notre Catalogue G\u00e9n\u00e9ral. Vous trouverez la gamme compl\u00e8te de produits que nous proposons et les descriptions techniques correspondantes.","breadcrumb":{"@id":"https:\/\/www.maxima-dia.com\/fr\/catalogues-avantages\/#breadcrumb"},"inLanguage":"fr-FR","potentialAction":[{"@type":"ReadAction","target":["https:\/\/www.maxima-dia.com\/fr\/catalogues-avantages\/"]}]},{"@type":"ImageObject","inLanguage":"fr-FR","@id":"https:\/\/www.maxima-dia.com\/fr\/catalogues-avantages\/#primaryimage","url":"https:\/\/www.maxima-dia.com\/wp-content\/uploads\/2024\/09\/depliant-taglio-cop_FR.jpg","contentUrl":"https:\/\/www.maxima-dia.com\/wp-content\/uploads\/2024\/09\/depliant-taglio-cop_FR.jpg"},{"@type":"BreadcrumbList","@id":"https:\/\/www.maxima-dia.com\/fr\/catalogues-avantages\/#breadcrumb","itemListElement":[{"@type":"ListItem","position":1,"name":"Home","item":"https:\/\/www.maxima-dia.com\/fr\/"},{"@type":"ListItem","position":2,"name":"Catalogues"}]},{"@type":"WebSite","@id":"https:\/\/www.maxima-dia.com\/fr\/#website","url":"https:\/\/www.maxima-dia.com\/fr\/","name":"Maxima SpA","description":"Only for the real professionals","potentialAction":[{"@type":"SearchAction","target":{"@type":"EntryPoint","urlTemplate":"https:\/\/www.maxima-dia.com\/fr\/?s={search_term_string}"},"query-input":{"@type":"PropertyValueSpecification","valueRequired":true,"valueName":"search_term_string"}}],"inLanguage":"fr-FR"}]}},"_links":{"self":[{"href":"https:\/\/www.maxima-dia.com\/fr\/wp-json\/wp\/v2\/pages\/8831"}],"collection":[{"href":"https:\/\/www.maxima-dia.com\/fr\/wp-json\/wp\/v2\/pages"}],"about":[{"href":"https:\/\/www.maxima-dia.com\/fr\/wp-json\/wp\/v2\/types\/page"}],"author":[{"embeddable":true,"href":"https:\/\/www.maxima-dia.com\/fr\/wp-json\/wp\/v2\/users\/29"}],"replies":[{"embeddable":true,"href":"https:\/\/www.maxima-dia.com\/fr\/wp-json\/wp\/v2\/comments?post=8831"}],"version-history":[{"count":8,"href":"https:\/\/www.maxima-dia.com\/fr\/wp-json\/wp\/v2\/pages\/8831\/revisions"}],"predecessor-version":[{"id":44174,"href":"https:\/\/www.maxima-dia.com\/fr\/wp-json\/wp\/v2\/pages\/8831\/revisions\/44174"}],"wp:attachment":[{"href":"https:\/\/www.maxima-dia.com\/fr\/wp-json\/wp\/v2\/media?parent=8831"}],"curies":[{"name":"wp","href":"https:\/\/api.w.org\/{rel}","templated":true}]}}