{"id":8849,"date":"2014-05-21T15:45:30","date_gmt":"2014-05-21T13:45:30","guid":{"rendered":"http:\/\/www.maxima-dia.com\/?page_id=8849"},"modified":"2019-08-07T11:34:31","modified_gmt":"2019-08-07T09:34:31","slug":"travaillez-avec-nous","status":"publish","type":"page","link":"https:\/\/www.maxima-dia.com\/fr\/travaillez-avec-nous\/","title":{"rendered":"Recrutement"},"content":{"rendered":"<h3>Recrutement<\/h3>\n<p>Nous recherchons des personnes pr\u00e9par\u00e9es et cr\u00e9atives, souhaitant apporter leurs comp\u00e9tences \u00e0 notre entreprise et notre histoire.<\/p>\n<p>Veuillez saisir vos donn\u00e9es et charger votre curriculum vitae au format Word ou Acrobat Pdf.<\/p>\n<p>Important!<br \/>\nSouvenez-vous d\u2019autoriser le traitement de vos donn\u00e9es personnelles.<\/p>\n\n<div class=\"wpcf7 no-js\" id=\"wpcf7-f10070-o1\" lang=\"it-IT\" dir=\"ltr\" data-wpcf7-id=\"10070\">\n<div class=\"screen-reader-response\"><p role=\"status\" aria-live=\"polite\" aria-atomic=\"true\"><\/p> <ul><\/ul><\/div>\n<form action=\"\/fr\/wp-json\/wp\/v2\/pages\/8849#wpcf7-f10070-o1\" method=\"post\" class=\"wpcf7-form init\" aria-label=\"Modulo di contatto\" enctype=\"multipart\/form-data\" novalidate=\"novalidate\" data-status=\"init\">\n<div style=\"display: none;\">\n<input type=\"hidden\" name=\"_wpcf7\" value=\"10070\" \/>\n<input type=\"hidden\" name=\"_wpcf7_version\" value=\"6.0.6\" \/>\n<input type=\"hidden\" name=\"_wpcf7_locale\" value=\"it_IT\" \/>\n<input type=\"hidden\" name=\"_wpcf7_unit_tag\" value=\"wpcf7-f10070-o1\" \/>\n<input type=\"hidden\" name=\"_wpcf7_container_post\" value=\"0\" \/>\n<input type=\"hidden\" name=\"_wpcf7_posted_data_hash\" value=\"\" \/>\n<input type=\"hidden\" name=\"_wpcf7_recaptcha_response\" value=\"\" \/>\n<\/div>\n<div class=\"main-contact-page\" style=\"margin: 10px 0 0 50px;\">\n\t<p style=\"font-weight: bold;\">Informations g\u00e9n\u00e9rales\n\t<\/p>\n\t<p>Pr\u00e9nom:\n\t<\/p>\n\t<p><span class=\"wpcf7-form-control-wrap\" data-name=\"nomecandidato\"><input size=\"40\" maxlength=\"400\" class=\"wpcf7-form-control wpcf7-text wpcf7-validates-as-required\" aria-required=\"true\" aria-invalid=\"false\" value=\"\" type=\"text\" name=\"nomecandidato\" \/><\/span>\n\t<\/p>\n\t<p>Nom:\n\t<\/p>\n\t<p><span class=\"wpcf7-form-control-wrap\" data-name=\"cognomecandidato\"><input size=\"40\" maxlength=\"400\" class=\"wpcf7-form-control wpcf7-text wpcf7-validates-as-required\" aria-required=\"true\" aria-invalid=\"false\" value=\"\" type=\"text\" name=\"cognomecandidato\" \/><\/span>\n\t<\/p>\n\t<p>E-mail:\n\t<\/p>\n\t<p><span class=\"wpcf7-form-control-wrap\" data-name=\"emailcandidato\"><input size=\"40\" maxlength=\"400\" class=\"wpcf7-form-control wpcf7-email wpcf7-validates-as-required wpcf7-text wpcf7-validates-as-email\" aria-required=\"true\" aria-invalid=\"false\" value=\"\" type=\"email\" name=\"emailcandidato\" \/><\/span>\n\t<\/p>\n\t<p>Date de naissance (ex: 15\/06\/1973):\n\t<\/p>\n\t<p><span class=\"wpcf7-form-control-wrap\" data-name=\"datanascitacandidato\"><input size=\"20\" maxlength=\"10\" class=\"wpcf7-form-control wpcf7-text wpcf7-validates-as-required\" aria-required=\"true\" aria-invalid=\"false\" value=\"\" type=\"text\" name=\"datanascitacandidato\" \/><\/span>\n\t<\/p>\n\t<p>&nbsp;\n\t<\/p>\n\t<p style=\"font-weight: bold;\">Coordonn\u00e9es\n\t<\/p>\n\t<p>N\u00b0 de t\u00e9l\u00e9phone fixe ou mobile:\n\t<\/p>\n\t<p><span class=\"wpcf7-form-control-wrap\" data-name=\"telcandidato\"><input size=\"40\" maxlength=\"400\" class=\"wpcf7-form-control wpcf7-text wpcf7-validates-as-required\" aria-required=\"true\" aria-invalid=\"false\" value=\"\" type=\"text\" name=\"telcandidato\" \/><\/span>\n\t<\/p>\n\t<p>Adresse:\n\t<\/p>\n\t<p><span class=\"wpcf7-form-control-wrap\" data-name=\"indirizzocandidato\"><input size=\"40\" maxlength=\"400\" class=\"wpcf7-form-control wpcf7-text wpcf7-validates-as-required\" aria-required=\"true\" aria-invalid=\"false\" value=\"\" type=\"text\" name=\"indirizzocandidato\" \/><\/span>\n\t<\/p>\n\t<p>Ville:\n\t<\/p>\n\t<p><span class=\"wpcf7-form-control-wrap\" data-name=\"cittacandidato\"><input size=\"40\" maxlength=\"400\" class=\"wpcf7-form-control wpcf7-text wpcf7-validates-as-required\" aria-required=\"true\" aria-invalid=\"false\" value=\"\" type=\"text\" name=\"cittacandidato\" \/><\/span>\n\t<\/p>\n\t<p>Code postal:\n\t<\/p>\n\t<p><span class=\"wpcf7-form-control-wrap\" data-name=\"capcandidato\"><input size=\"10\" maxlength=\"5\" class=\"wpcf7-form-control wpcf7-text wpcf7-validates-as-required\" aria-required=\"true\" aria-invalid=\"false\" value=\"\" type=\"text\" name=\"capcandidato\" \/><\/span>\n\t<\/p>\n\t<p>Province:\n\t<\/p>\n\t<p><span class=\"wpcf7-form-control-wrap\" data-name=\"provinciacandidato\"><input size=\"40\" maxlength=\"400\" class=\"wpcf7-form-control wpcf7-text wpcf7-validates-as-required\" aria-required=\"true\" aria-invalid=\"false\" value=\"\" type=\"text\" name=\"provinciacandidato\" \/><\/span>\n\t<\/p>\n\t<p>&nbsp;\n\t<\/p>\n\t<p style=\"font-weight: bold;\">Informations professionnelles\n\t<\/p>\n\t<p>Secteurs de comp\u00e9tence:\n\t<\/p>\n\t<p><span class=\"wpcf7-form-control-wrap\" data-name=\"areecompetenzacandidato\"><select class=\"wpcf7-form-control wpcf7-select\" aria-invalid=\"false\" multiple=\"multiple\" name=\"areecompetenzacandidato[]\"><option value=\"Aucun en particulier\">Aucun en particulier<\/option><option value=\"Achats, Logistique et transports\">Achats, Logistique et transports<\/option><option value=\"Administration, Finance et Contr\u00f4le\">Administration, Finance et Contr\u00f4le<\/option><option value=\"Commercial, Business Area\">Commercial, Business Area<\/option><option value=\"Information &amp; Technologies de la communication\">Information &amp; Technologies de la communication<\/option><option value=\"Marketing, Communication\">Marketing, Communication<\/option><option value=\"Production\">Production<\/option><option value=\"Project Manager, Program Management\">Project Manager, Program Management<\/option><option value=\"Qualit\u00e9, S\u00e9curit\u00e9, Environnement\">Qualit\u00e9, S\u00e9curit\u00e9, Environnement<\/option><option value=\"Recherche et D\u00e9veloppement\">Recherche et D\u00e9veloppement<\/option><option value=\"Secr\u00e9tariat\">Secr\u00e9tariat<\/option><option value=\"Services G\u00e9n\u00e9raux\">Services G\u00e9n\u00e9raux<\/option><option value=\"Autre\">Autre<\/option><\/select><\/span>\n\t<\/p>\n\t<p>Type de contrat souhait\u00e9:\n\t<\/p>\n\t<p><span class=\"wpcf7-form-control-wrap\" data-name=\"tipocontrattocandidato\"><select class=\"wpcf7-form-control wpcf7-select wpcf7-validates-as-required\" aria-required=\"true\" aria-invalid=\"false\" name=\"tipocontrattocandidato\"><option value=\"Dur\u00e9e ind\u00e9termin\u00e9e\">Dur\u00e9e ind\u00e9termin\u00e9e<\/option><option value=\"Dur\u00e9e d\u00e9termin\u00e9e\">Dur\u00e9e d\u00e9termin\u00e9e<\/option><option value=\"Stage\">Stage<\/option><\/select><\/span>\n\t<\/p>\n\t<p>Chargez votre curriculum vitae:\n\t<\/p>\n\t<p><span class=\"wpcf7-form-control-wrap\" data-name=\"cvcandidato\"><input size=\"40\" class=\"wpcf7-form-control wpcf7-file wpcf7-validates-as-required\" accept=\".docx,.doc,.pdf\" aria-required=\"true\" aria-invalid=\"false\" type=\"file\" name=\"cvcandidato\" \/><\/span>\n\t<\/p>\n\t<p>AUTORISATION AU TRAITEMENT DES DONN\u00c9ES:<br \/>\nIn riferimento all'<a href=\"https:\/\/www.maxima-dia.com\/it\/privacy-policy\/\" target=\"_blank\">informativa<\/a> sui dati personali e privacy del Regolamento (UE) 2016\/679, l'interessato dichiara espressamente di prestare il proprio consenso e quindi autorizza il trattamento e l'utilizzo, da parte di Maxima S.p.A., dei propri dati personali.\n\t<\/p>\n\t<p>Accetto: <span class=\"wpcf7-form-control-wrap\" data-name=\"accettazioneprivacy\"><span class=\"wpcf7-form-control wpcf7-acceptance\"><span class=\"wpcf7-list-item\"><input type=\"checkbox\" name=\"accettazioneprivacy\" value=\"1\" aria-invalid=\"false\" \/><\/span><\/span><\/span>\n\t<\/p>\n\t<p>\n\t\n\t<\/p>\n\t<p>&nbsp;\n\t<\/p>\n\t<p><input class=\"wpcf7-form-control wpcf7-submit has-spinner\" type=\"submit\" value=\"Envoyer la candidature\" \/>\n\t<\/p>\n<\/div><div class=\"wpcf7-response-output\" aria-hidden=\"true\"><\/div>\n<\/form>\n<\/div>\n\n","protected":false},"excerpt":{"rendered":"<p>Recrutement Nous recherchons des personnes pr\u00e9par\u00e9es et cr\u00e9atives, souhaitant apporter leurs comp\u00e9tences \u00e0 notre entreprise et notre histoire. Veuillez saisir vos donn\u00e9es et charger votre curriculum vitae au format Word ou Acrobat Pdf. Important! Souvenez-vous d\u2019autoriser le traitement de vos donn\u00e9es personnelles.<\/p>\n","protected":false},"author":29,"featured_media":0,"parent":0,"menu_order":258,"comment_status":"closed","ping_status":"closed","template":"","meta":{"ngg_post_thumbnail":0,"_joinchat":[],"footnotes":""},"class_list":["post-8849","page","type-page","status-publish","hentry"],"yoast_head":"<!-- This site is optimized with the Yoast SEO plugin v25.5 - https:\/\/yoast.com\/wordpress\/plugins\/seo\/ -->\n<title>Recrutement - Maxima SpA<\/title>\n<meta name=\"robots\" content=\"index, follow, max-snippet:-1, max-image-preview:large, max-video-preview:-1\" \/>\n<link rel=\"canonical\" href=\"https:\/\/www.maxima-dia.com\/fr\/travaillez-avec-nous\/\" \/>\n<meta property=\"og:locale\" content=\"fr_FR\" \/>\n<meta property=\"og:type\" content=\"article\" \/>\n<meta property=\"og:title\" content=\"Recrutement - Maxima SpA\" \/>\n<meta property=\"og:description\" content=\"Recrutement Nous recherchons des personnes pr\u00e9par\u00e9es et cr\u00e9atives, souhaitant apporter leurs comp\u00e9tences \u00e0 notre entreprise et notre histoire. Veuillez saisir vos donn\u00e9es et charger votre curriculum vitae au format Word ou Acrobat Pdf. Important! Souvenez-vous d\u2019autoriser le traitement de vos donn\u00e9es personnelles.\" \/>\n<meta property=\"og:url\" content=\"https:\/\/www.maxima-dia.com\/fr\/travaillez-avec-nous\/\" \/>\n<meta property=\"og:site_name\" content=\"Maxima SpA\" \/>\n<meta property=\"article:publisher\" content=\"https:\/\/www.facebook.com\/Maxima-spa-106098566139597\" \/>\n<meta property=\"article:modified_time\" content=\"2019-08-07T09:34:31+00:00\" \/>\n<meta property=\"og:image\" content=\"https:\/\/www.maxima-dia.com\/wp-content\/uploads\/2022\/03\/MaximaSpA-logo-quadrato.jpg\" \/>\n\t<meta property=\"og:image:width\" content=\"500\" \/>\n\t<meta property=\"og:image:height\" content=\"500\" \/>\n\t<meta property=\"og:image:type\" content=\"image\/jpeg\" \/>\n<meta name=\"twitter:card\" content=\"summary_large_image\" \/>\n<meta name=\"twitter:site\" content=\"@Maximadia\" \/>\n<script type=\"application\/ld+json\" class=\"yoast-schema-graph\">{\"@context\":\"https:\/\/schema.org\",\"@graph\":[{\"@type\":\"WebPage\",\"@id\":\"https:\/\/www.maxima-dia.com\/fr\/travaillez-avec-nous\/\",\"url\":\"https:\/\/www.maxima-dia.com\/fr\/travaillez-avec-nous\/\",\"name\":\"Recrutement - Maxima SpA\",\"isPartOf\":{\"@id\":\"https:\/\/www.maxima-dia.com\/fr\/#website\"},\"datePublished\":\"2014-05-21T13:45:30+00:00\",\"dateModified\":\"2019-08-07T09:34:31+00:00\",\"breadcrumb\":{\"@id\":\"https:\/\/www.maxima-dia.com\/fr\/travaillez-avec-nous\/#breadcrumb\"},\"inLanguage\":\"fr-FR\",\"potentialAction\":[{\"@type\":\"ReadAction\",\"target\":[\"https:\/\/www.maxima-dia.com\/fr\/travaillez-avec-nous\/\"]}]},{\"@type\":\"BreadcrumbList\",\"@id\":\"https:\/\/www.maxima-dia.com\/fr\/travaillez-avec-nous\/#breadcrumb\",\"itemListElement\":[{\"@type\":\"ListItem\",\"position\":1,\"name\":\"Home\",\"item\":\"https:\/\/www.maxima-dia.com\/fr\/\"},{\"@type\":\"ListItem\",\"position\":2,\"name\":\"Recrutement\"}]},{\"@type\":\"WebSite\",\"@id\":\"https:\/\/www.maxima-dia.com\/fr\/#website\",\"url\":\"https:\/\/www.maxima-dia.com\/fr\/\",\"name\":\"Maxima SpA\",\"description\":\"Only for the real professionals\",\"potentialAction\":[{\"@type\":\"SearchAction\",\"target\":{\"@type\":\"EntryPoint\",\"urlTemplate\":\"https:\/\/www.maxima-dia.com\/fr\/?s={search_term_string}\"},\"query-input\":{\"@type\":\"PropertyValueSpecification\",\"valueRequired\":true,\"valueName\":\"search_term_string\"}}],\"inLanguage\":\"fr-FR\"}]}<\/script>\n<!-- \/ Yoast SEO plugin. -->","yoast_head_json":{"title":"Recrutement - Maxima SpA","robots":{"index":"index","follow":"follow","max-snippet":"max-snippet:-1","max-image-preview":"max-image-preview:large","max-video-preview":"max-video-preview:-1"},"canonical":"https:\/\/www.maxima-dia.com\/fr\/travaillez-avec-nous\/","og_locale":"fr_FR","og_type":"article","og_title":"Recrutement - Maxima SpA","og_description":"Recrutement Nous recherchons des personnes pr\u00e9par\u00e9es et cr\u00e9atives, souhaitant apporter leurs comp\u00e9tences \u00e0 notre entreprise et notre histoire. Veuillez saisir vos donn\u00e9es et charger votre curriculum vitae au format Word ou Acrobat Pdf. Important! Souvenez-vous d\u2019autoriser le traitement de vos donn\u00e9es personnelles.","og_url":"https:\/\/www.maxima-dia.com\/fr\/travaillez-avec-nous\/","og_site_name":"Maxima SpA","article_publisher":"https:\/\/www.facebook.com\/Maxima-spa-106098566139597","article_modified_time":"2019-08-07T09:34:31+00:00","og_image":[{"width":500,"height":500,"url":"https:\/\/www.maxima-dia.com\/wp-content\/uploads\/2022\/03\/MaximaSpA-logo-quadrato.jpg","type":"image\/jpeg"}],"twitter_card":"summary_large_image","twitter_site":"@Maximadia","schema":{"@context":"https:\/\/schema.org","@graph":[{"@type":"WebPage","@id":"https:\/\/www.maxima-dia.com\/fr\/travaillez-avec-nous\/","url":"https:\/\/www.maxima-dia.com\/fr\/travaillez-avec-nous\/","name":"Recrutement - Maxima SpA","isPartOf":{"@id":"https:\/\/www.maxima-dia.com\/fr\/#website"},"datePublished":"2014-05-21T13:45:30+00:00","dateModified":"2019-08-07T09:34:31+00:00","breadcrumb":{"@id":"https:\/\/www.maxima-dia.com\/fr\/travaillez-avec-nous\/#breadcrumb"},"inLanguage":"fr-FR","potentialAction":[{"@type":"ReadAction","target":["https:\/\/www.maxima-dia.com\/fr\/travaillez-avec-nous\/"]}]},{"@type":"BreadcrumbList","@id":"https:\/\/www.maxima-dia.com\/fr\/travaillez-avec-nous\/#breadcrumb","itemListElement":[{"@type":"ListItem","position":1,"name":"Home","item":"https:\/\/www.maxima-dia.com\/fr\/"},{"@type":"ListItem","position":2,"name":"Recrutement"}]},{"@type":"WebSite","@id":"https:\/\/www.maxima-dia.com\/fr\/#website","url":"https:\/\/www.maxima-dia.com\/fr\/","name":"Maxima SpA","description":"Only for the real professionals","potentialAction":[{"@type":"SearchAction","target":{"@type":"EntryPoint","urlTemplate":"https:\/\/www.maxima-dia.com\/fr\/?s={search_term_string}"},"query-input":{"@type":"PropertyValueSpecification","valueRequired":true,"valueName":"search_term_string"}}],"inLanguage":"fr-FR"}]}},"_links":{"self":[{"href":"https:\/\/www.maxima-dia.com\/fr\/wp-json\/wp\/v2\/pages\/8849"}],"collection":[{"href":"https:\/\/www.maxima-dia.com\/fr\/wp-json\/wp\/v2\/pages"}],"about":[{"href":"https:\/\/www.maxima-dia.com\/fr\/wp-json\/wp\/v2\/types\/page"}],"author":[{"embeddable":true,"href":"https:\/\/www.maxima-dia.com\/fr\/wp-json\/wp\/v2\/users\/29"}],"replies":[{"embeddable":true,"href":"https:\/\/www.maxima-dia.com\/fr\/wp-json\/wp\/v2\/comments?post=8849"}],"version-history":[{"count":0,"href":"https:\/\/www.maxima-dia.com\/fr\/wp-json\/wp\/v2\/pages\/8849\/revisions"}],"wp:attachment":[{"href":"https:\/\/www.maxima-dia.com\/fr\/wp-json\/wp\/v2\/media?parent=8849"}],"curies":[{"name":"wp","href":"https:\/\/api.w.org\/{rel}","templated":true}]}}