{"id":8908,"date":"2014-05-21T18:16:14","date_gmt":"2014-05-21T16:16:14","guid":{"rendered":"http:\/\/www.maxima-dia.com\/?page_id=8908"},"modified":"2019-08-07T11:35:01","modified_gmt":"2019-08-07T09:35:01","slug":"produits-coupe","status":"publish","type":"page","link":"https:\/\/www.maxima-dia.com\/fr\/produits-coupe\/","title":{"rendered":"Produits &#8211; Coupe"},"content":{"rendered":"<div class=\"wpb-content-wrapper\"><p>[vc_row bottom_padding=\u00a0\u00bb50&Prime;][vc_column width=\u00a0\u00bb1\/1&Prime;][vc_column_text]Pour les professionnels les plus exigeants Maxima propose la plus vaste gamme de produits pour la coupe d\u2019outils diamant\u00e9s, comme : disques universels turbo \u00e0 couronne continue, disques universels laser \u00e0 secteurs utilisables sur ponceuses, machines de coupe et d\u00e9coupeuses thermiques, disques pour c\u00e9ramique utilisable sur chaque machine \u00e9lectrique du chantier, disques sp\u00e9cifiques pour la coupe de l\u2019asphalte, du ciment, r\u00e9fractaire, porphyre, marbre et granit, plateaux de pon\u00e7age pour l\u2019utilisation universelle et sp\u00e9cifique pour pierre tombale. Afin de compl\u00e9ter la vaste gamme de produits, nos machines de chantier : scie de sols, rainureuses ergonomiques, ponceuses, machines de coupe et compacteurs verticaux.<br \/>\nToutes nos machines sont certifi\u00e9es <strong>CE<\/strong> et sont produites en Europe <img loading=\"lazy\" decoding=\"async\" class=\"alignnone wp-image-6471\" src=\"\/wp-content\/uploads\/2011\/09\/eu_flag.png\" alt=\"\" width=\"20\" height=\"16\">.[\/vc_column_text][\/vc_column][\/vc_row][vc_row bottom_padding=\u00a0\u00bb50&Prime;][vc_column width=\u00a0\u00bb1\/4&Prime;]<div class=\"single_image wpb_content_element align-left    \" data-animation=\"none\" data-delay=\"0\"><a href=\"\/fr\/disques-diamantes-universels-turbo\/\" target=\"_self\"><img loading=\"lazy\" decoding=\"async\" width=\"600\" height=\"600\" src=\"https:\/\/www.maxima-dia.com\/wp-content\/uploads\/2017\/04\/dischi-turbo-icon.jpg\" class=\"attachment-full\" alt=\"Maxima SpA dischi universali turbo\" title=\"Maxima SpA dischi universali turbo\" srcset=\"https:\/\/www.maxima-dia.com\/wp-content\/uploads\/2017\/04\/dischi-turbo-icon.jpg 600w, https:\/\/www.maxima-dia.com\/wp-content\/uploads\/2017\/04\/dischi-turbo-icon-150x150.jpg 150w, https:\/\/www.maxima-dia.com\/wp-content\/uploads\/2017\/04\/dischi-turbo-icon-300x300.jpg 300w, https:\/\/www.maxima-dia.com\/wp-content\/uploads\/2017\/04\/dischi-turbo-icon-80x80.jpg 80w, https:\/\/www.maxima-dia.com\/wp-content\/uploads\/2017\/04\/dischi-turbo-icon-500x500.jpg 500w\" sizes=\"(max-width: 600px) 100vw, 600px\" \/><\/a><\/div>[\/vc_column][vc_column width=\u00a0\u00bb3\/4&Prime;][vc_column_text]<\/p>\n<h2><a href=\"\/fr\/disques-diamantes-universels-turbo\/\">Disques Diamant\u00e9s Universels Turbo<\/a><\/h2>\n<p>Dans cette section, nous pr\u00e9sentons tous les disques universels \u00e0 couronne continue, \u00e9galement appel\u00e9s TURBO, que l\u2019on peut essentiellement utiliser sur des meuleuses. Certains produits sont \u00e9galement disponibles avec des diam\u00e8tres appropri\u00e9s pour une utilisation sur des scies ou d\u00e9coupeuses portatives.[\/vc_column_text][\/vc_column][\/vc_row][vc_row bottom_padding=\u00a0\u00bb50&Prime;][vc_column width=\u00a0\u00bb1\/4&Prime;]<div class=\"single_image wpb_content_element align-left    \" data-animation=\"none\" data-delay=\"0\"><a href=\"\/fr\/disques-diamantes-universels-laser\/\" target=\"_self\"><img loading=\"lazy\" decoding=\"async\" width=\"600\" height=\"600\" src=\"https:\/\/www.maxima-dia.com\/wp-content\/uploads\/2017\/04\/dischi-laser-universali-icon.jpg\" class=\"attachment-full\" alt=\"Maxima SpA dischi laser universali\" title=\"Maxima SpA dischi laser universali\" srcset=\"https:\/\/www.maxima-dia.com\/wp-content\/uploads\/2017\/04\/dischi-laser-universali-icon.jpg 600w, https:\/\/www.maxima-dia.com\/wp-content\/uploads\/2017\/04\/dischi-laser-universali-icon-150x150.jpg 150w, https:\/\/www.maxima-dia.com\/wp-content\/uploads\/2017\/04\/dischi-laser-universali-icon-300x300.jpg 300w, https:\/\/www.maxima-dia.com\/wp-content\/uploads\/2017\/04\/dischi-laser-universali-icon-80x80.jpg 80w, https:\/\/www.maxima-dia.com\/wp-content\/uploads\/2017\/04\/dischi-laser-universali-icon-500x500.jpg 500w\" sizes=\"(max-width: 600px) 100vw, 600px\" \/><\/a><\/div>[\/vc_column][vc_column width=\u00a0\u00bb3\/4&Prime;][vc_column_text]<\/p>\n<h2><a href=\"\/fr\/disques-diamantes-universels-laser\/\">Disques Diamant\u00e9s Universels Laser<\/a><\/h2>\n<p>Dans cette section, nous pr\u00e9sentons tous les disques universels \u00e0 secteurs, \u00e9galement appel\u00e9s LASER, que l\u2019on peut essentiellement utiliser sur des meuleuses. Certains produits sont \u00e9galement disponibles dans des diam\u00e8tres appropri\u00e9s pour une utilisation sur des scies ou d\u00e9coupeuses portatives.[\/vc_column_text][\/vc_column][\/vc_row][vc_row bottom_padding=\u00a0\u00bb50&Prime;][vc_column width=\u00a0\u00bb1\/4&Prime;]<div class=\"single_image wpb_content_element align-left    \" data-animation=\"none\" data-delay=\"0\"><a href=\"\/fr\/disques-diamantes-pour-ceramique\/\" target=\"_self\"><img loading=\"lazy\" decoding=\"async\" width=\"600\" height=\"600\" src=\"https:\/\/www.maxima-dia.com\/wp-content\/uploads\/2017\/04\/dischi-ceramica-icon.jpg\" class=\"attachment-full\" alt=\"Maxima SpA dischi ceramica\" title=\"Maxima SpA dischi ceramica\" srcset=\"https:\/\/www.maxima-dia.com\/wp-content\/uploads\/2017\/04\/dischi-ceramica-icon.jpg 600w, https:\/\/www.maxima-dia.com\/wp-content\/uploads\/2017\/04\/dischi-ceramica-icon-150x150.jpg 150w, https:\/\/www.maxima-dia.com\/wp-content\/uploads\/2017\/04\/dischi-ceramica-icon-300x300.jpg 300w, https:\/\/www.maxima-dia.com\/wp-content\/uploads\/2017\/04\/dischi-ceramica-icon-80x80.jpg 80w, https:\/\/www.maxima-dia.com\/wp-content\/uploads\/2017\/04\/dischi-ceramica-icon-500x500.jpg 500w\" sizes=\"(max-width: 600px) 100vw, 600px\" \/><\/a><\/div>[\/vc_column][vc_column width=\u00a0\u00bb3\/4&Prime;][vc_column_text]<\/p>\n<h2><a href=\"\/fr\/disques-diamantes-pour-ceramique\/\">Disques Diamant\u00e9s pour C\u00e9ramic<\/a><\/h2>\n<p>Dans cette section, nous pr\u00e9sentons la gamme de disques pour c\u00e9ramique Maxima. Con\u00e7us pour couper tout type de mat\u00e9riau c\u00e9ramique dans chaque diam\u00e8tre, ils peuvent \u00eatre install\u00e9s sur tous les types de machines \u00e9lectriques de chantier. Le mod\u00e8le de disque Cer Rose Turbo est le plus vendu de toute la gamme d\u2019outils diamant\u00e9s.[\/vc_column_text][\/vc_column][\/vc_row][vc_row bottom_padding=\u00a0\u00bb50&Prime;][vc_column width=\u00a0\u00bb1\/4&Prime;]<div class=\"single_image wpb_content_element align-left    \" data-animation=\"none\" data-delay=\"0\"><a href=\"\/fr\/disques-diamantes-specifiques\/\" target=\"_self\"><img loading=\"lazy\" decoding=\"async\" width=\"600\" height=\"600\" src=\"https:\/\/www.maxima-dia.com\/wp-content\/uploads\/2017\/04\/dischi-specifici-icon.jpg\" class=\"attachment-full\" alt=\"Maxima SpA dischi specifici\" title=\"Maxima SpA dischi specifici\" srcset=\"https:\/\/www.maxima-dia.com\/wp-content\/uploads\/2017\/04\/dischi-specifici-icon.jpg 600w, https:\/\/www.maxima-dia.com\/wp-content\/uploads\/2017\/04\/dischi-specifici-icon-150x150.jpg 150w, https:\/\/www.maxima-dia.com\/wp-content\/uploads\/2017\/04\/dischi-specifici-icon-300x300.jpg 300w, https:\/\/www.maxima-dia.com\/wp-content\/uploads\/2017\/04\/dischi-specifici-icon-80x80.jpg 80w, https:\/\/www.maxima-dia.com\/wp-content\/uploads\/2017\/04\/dischi-specifici-icon-500x500.jpg 500w\" sizes=\"(max-width: 600px) 100vw, 600px\" \/><\/a><\/div>[\/vc_column][vc_column width=\u00a0\u00bb3\/4&Prime;][vc_column_text]<\/p>\n<h2><a href=\"\/fr\/disques-diamantes-specifiques\/\">Disques Diamant\u00e9s Sp\u00e9cifiques<\/a><\/h2>\n<p>Les disques sp\u00e9cifiques ont \u00e9t\u00e9 pens\u00e9s pour r\u00e9pondre aux exigences de coupe d\u2019un mat\u00e9riau sp\u00e9cifique, contrairement aux disques universels. Ainsi, Maxima a d\u00e9velopp\u00e9 une tr\u00e8s vaste gamme d\u2019outils pour diff\u00e9rents types de mat\u00e9riaux, comme l\u2019asphalte, le b\u00e9ton, les r\u00e9fractaires, le porphyre, le marbre et le granit. Ils sont disponibles dans des diam\u00e8tres allant de 125 \u00e0 800 mm pour les diff\u00e9rents types de machines de construction.[\/vc_column_text][\/vc_column][\/vc_row][vc_row bottom_padding=\u00a0\u00bb50&Prime;][vc_column width=\u00a0\u00bb1\/4&Prime;]<div class=\"single_image wpb_content_element align-left    \" data-animation=\"none\" data-delay=\"0\"><a href=\"\/fr\/plateaux-de-poncage\/\" target=\"_self\"><img loading=\"lazy\" decoding=\"async\" width=\"600\" height=\"600\" src=\"https:\/\/www.maxima-dia.com\/wp-content\/uploads\/2017\/04\/platorelli-icon.jpg\" class=\"attachment-full\" alt=\"Maxima SpA platorelli\" title=\"Maxima SpA platorelli\" srcset=\"https:\/\/www.maxima-dia.com\/wp-content\/uploads\/2017\/04\/platorelli-icon.jpg 600w, https:\/\/www.maxima-dia.com\/wp-content\/uploads\/2017\/04\/platorelli-icon-150x150.jpg 150w, https:\/\/www.maxima-dia.com\/wp-content\/uploads\/2017\/04\/platorelli-icon-300x300.jpg 300w, https:\/\/www.maxima-dia.com\/wp-content\/uploads\/2017\/04\/platorelli-icon-80x80.jpg 80w, https:\/\/www.maxima-dia.com\/wp-content\/uploads\/2017\/04\/platorelli-icon-500x500.jpg 500w\" sizes=\"(max-width: 600px) 100vw, 600px\" \/><\/a><\/div>[\/vc_column][vc_column width=\u00a0\u00bb3\/4&Prime;][vc_column_text]<\/p>\n<h2><a href=\"\/fr\/plateaux-de-poncage\/\">Plateaux de Pon\u00e7age<\/a><\/h2>\n<p>La gamme des plateaux de pon\u00e7age Maxima a \u00e9t\u00e9 con\u00e7ue aussi bien pour un usage universel dans le domaine du b\u00e2timent que sp\u00e9cifique dans celui des mat\u00e9riaux pierreux. Les mod\u00e8les \u00e0 couronne continue et \u00e0 secteurs s\u2019associent au nouveau mod\u00e8le Laser Bleu Plus, un plateau de pon\u00e7age qui permet de couper et \u00e9barber en m\u00eame temps. Les diam\u00e8tres disponibles vont de 100 \u00e0 180 mm.[\/vc_column_text][\/vc_column][\/vc_row][vc_row bottom_padding=\u00a0\u00bb50&Prime;][vc_column width=\u00a0\u00bb1\/4&Prime;]<div class=\"single_image wpb_content_element align-left    \" data-animation=\"none\" data-delay=\"0\"><a href=\"\/fr\/machines-de-coupe-pour-le-batiment\/\" target=\"_self\"><img loading=\"lazy\" decoding=\"async\" width=\"600\" height=\"600\" src=\"https:\/\/www.maxima-dia.com\/wp-content\/uploads\/2017\/04\/macchine-edili-taglio-icon.jpg\" class=\"attachment-full\" alt=\"Maxima SpA macchine edili taglio\" title=\"Maxima SpA macchine edili taglio\" srcset=\"https:\/\/www.maxima-dia.com\/wp-content\/uploads\/2017\/04\/macchine-edili-taglio-icon.jpg 600w, https:\/\/www.maxima-dia.com\/wp-content\/uploads\/2017\/04\/macchine-edili-taglio-icon-150x150.jpg 150w, https:\/\/www.maxima-dia.com\/wp-content\/uploads\/2017\/04\/macchine-edili-taglio-icon-300x300.jpg 300w, https:\/\/www.maxima-dia.com\/wp-content\/uploads\/2017\/04\/macchine-edili-taglio-icon-80x80.jpg 80w, https:\/\/www.maxima-dia.com\/wp-content\/uploads\/2017\/04\/macchine-edili-taglio-icon-500x500.jpg 500w\" sizes=\"(max-width: 600px) 100vw, 600px\" \/><\/a><\/div>[\/vc_column][vc_column width=\u00a0\u00bb3\/4&Prime;][vc_column_text]<\/p>\n<h2><a href=\"\/fr\/machines-de-coupe-pour-le-batiment\/\">Machines de Coupe pour le B\u00e2timent<\/a><\/h2>\n<p>Dans cette section, nous pr\u00e9sentons toutes les machines de coupe pour le b\u00e2timent sur lesquelles sont mont\u00e9s des outils diamant\u00e9s de la gamme Maxima. Cette gamme comprend des rainureuses, des ponceuses, des scies sur table, des scies de sol, ainsi qu\u2019une ligne de plaques vibrantes Vibramax, qui compl\u00e8tent l\u2019offre adress\u00e9e aux revendeurs, afin de proposer ces \u00e9quipements aux entreprises du b\u00e2timent et routi\u00e8res. Tous les \u00e9quipements propos\u00e9s sont fabriqu\u00e9s dans l\u2019Union Europ\u00e9enne et s\u2019accompagnent&nbsp;<img loading=\"lazy\" decoding=\"async\" class=\"wp-image-6471\" src=\"\/wp-content\/uploads\/2011\/09\/eu_flag.png\" alt=\"\" width=\"18\" height=\"15\">, d\u2019une certification CE.[\/vc_column_text][\/vc_column][\/vc_row][vc_row bottom_padding=\u00a0\u00bb50&Prime;][vc_column width=\u00a0\u00bb1\/4&Prime;]<div class=\"single_image wpb_content_element align-left    \" data-animation=\"none\" data-delay=\"0\"><a href=\"\/fr\/accessoires-de-coupe\/\" target=\"_self\"><img loading=\"lazy\" decoding=\"async\" width=\"600\" height=\"600\" src=\"https:\/\/www.maxima-dia.com\/wp-content\/uploads\/2017\/04\/accessori-taglio-icon.jpg\" class=\"attachment-full\" alt=\"Maxima SpA accessori taglio\" title=\"Maxima SpA accessori taglio\" srcset=\"https:\/\/www.maxima-dia.com\/wp-content\/uploads\/2017\/04\/accessori-taglio-icon.jpg 600w, https:\/\/www.maxima-dia.com\/wp-content\/uploads\/2017\/04\/accessori-taglio-icon-150x150.jpg 150w, https:\/\/www.maxima-dia.com\/wp-content\/uploads\/2017\/04\/accessori-taglio-icon-300x300.jpg 300w, https:\/\/www.maxima-dia.com\/wp-content\/uploads\/2017\/04\/accessori-taglio-icon-80x80.jpg 80w, https:\/\/www.maxima-dia.com\/wp-content\/uploads\/2017\/04\/accessori-taglio-icon-500x500.jpg 500w\" sizes=\"(max-width: 600px) 100vw, 600px\" \/><\/a><\/div>[\/vc_column][vc_column width=\u00a0\u00bb3\/4&Prime;][vc_column_text]<\/p>\n<h2><a href=\"\/fr\/accessoires-de-coupe\/\">Accessoires de Coupe<\/a><\/h2>\n<p>Cette section contient des accessoires pour la coupe.[\/vc_column_text][\/vc_column][\/vc_row]<\/p>\n<\/div>","protected":false},"excerpt":{"rendered":"<p>[vc_row bottom_padding=\u00a0\u00bb50&Prime;][vc_column width=\u00a0\u00bb1\/1&Prime;][vc_column_text]Pour les professionnels les plus exigeants Maxima propose la plus vaste gamme de produits pour la coupe d\u2019outils diamant\u00e9s, comme : disques universels turbo \u00e0 couronne continue, disques universels laser \u00e0 secteurs utilisables sur ponceuses, machines de coupe et d\u00e9coupeuses thermiques, disques pour c\u00e9ramique utilisable sur chaque machine \u00e9lectrique du chantier, disques sp\u00e9cifiques pour la coupe de l\u2019asphalte, du ciment, r\u00e9fractaire, porphyre, marbre et granit, plateaux de pon\u00e7age pour l\u2019utilisation universelle et sp\u00e9cifique pour pierre tombale. Afin de compl\u00e9ter la vaste gamme de produits, nos machines de chantier : scie de sols, rainureuses ergonomiques, ponceuses, machines de coupe et compacteurs verticaux. Toutes nos machines sont certifi\u00e9es CE et sont produites en Europe .[\/vc_column_text][\/vc_column][\/vc_row][vc_row bottom_padding=\u00a0\u00bb50&Prime;][vc_column width=\u00a0\u00bb1\/4&Prime;][\/vc_column][vc_column width=\u00a0\u00bb3\/4&Prime;][vc_column_text] Disques Diamant\u00e9s Universels Turbo Dans cette section, nous pr\u00e9sentons tous les disques universels \u00e0 couronne continue, \u00e9galement appel\u00e9s TURBO, que l\u2019on peut essentiellement utiliser sur des meuleuses. Certains produits sont \u00e9galement disponibles avec des diam\u00e8tres appropri\u00e9s pour une utilisation sur des scies ou d\u00e9coupeuses portatives.[\/vc_column_text][\/vc_column][\/vc_row][vc_row bottom_padding=\u00a0\u00bb50&Prime;][vc_column width=\u00a0\u00bb1\/4&Prime;][\/vc_column][vc_column width=\u00a0\u00bb3\/4&Prime;][vc_column_text] Disques Diamant\u00e9s Universels Laser Dans cette section, nous pr\u00e9sentons tous les disques universels \u00e0 secteurs, \u00e9galement appel\u00e9s LASER, que l\u2019on peut essentiellement utiliser sur des meuleuses. Certains produits sont \u00e9galement disponibles dans des diam\u00e8tres [&hellip;]<\/p>\n","protected":false},"author":29,"featured_media":0,"parent":0,"menu_order":443,"comment_status":"closed","ping_status":"closed","template":"","meta":{"ngg_post_thumbnail":0,"_joinchat":[],"footnotes":""},"class_list":["post-8908","page","type-page","status-publish","hentry"],"yoast_head":"<!-- This site is optimized with the Yoast SEO plugin v25.5 - https:\/\/yoast.com\/wordpress\/plugins\/seo\/ -->\n<title>Produits - Coupe - Maxima SpA<\/title>\n<meta name=\"description\" content=\"Disques de coupe Universels Turbo, Disques de coupe Universels Laser, Disques pour C\u00e9ramic, Disques Sp\u00e9cifiques, Plateaux de Pon\u00e7age, Machines de Coupe pour le B\u00e2timent, Accessoires de Coupe\" \/>\n<meta name=\"robots\" content=\"index, follow, max-snippet:-1, max-image-preview:large, max-video-preview:-1\" \/>\n<link rel=\"canonical\" href=\"https:\/\/www.maxima-dia.com\/fr\/produits-coupe\/\" \/>\n<meta property=\"og:locale\" content=\"fr_FR\" \/>\n<meta property=\"og:type\" content=\"article\" \/>\n<meta property=\"og:title\" content=\"Produits - Coupe - Maxima SpA\" \/>\n<meta property=\"og:description\" content=\"Disques de coupe Universels Turbo, Disques de coupe Universels Laser, Disques pour C\u00e9ramic, Disques Sp\u00e9cifiques, Plateaux de Pon\u00e7age, Machines de Coupe pour le B\u00e2timent, Accessoires de Coupe\" \/>\n<meta property=\"og:url\" content=\"https:\/\/www.maxima-dia.com\/fr\/produits-coupe\/\" \/>\n<meta property=\"og:site_name\" content=\"Maxima SpA\" \/>\n<meta property=\"article:publisher\" content=\"https:\/\/www.facebook.com\/Maxima-spa-106098566139597\" \/>\n<meta property=\"article:modified_time\" content=\"2019-08-07T09:35:01+00:00\" \/>\n<meta property=\"og:image\" content=\"https:\/\/www.maxima-dia.com\/wp-content\/uploads\/2011\/09\/eu_flag.png\" \/>\n<meta name=\"twitter:card\" content=\"summary_large_image\" \/>\n<meta name=\"twitter:site\" content=\"@Maximadia\" \/>\n<meta name=\"twitter:label1\" content=\"Dur\u00e9e de lecture estim\u00e9e\" \/>\n\t<meta name=\"twitter:data1\" content=\"4 minutes\" \/>\n<script type=\"application\/ld+json\" class=\"yoast-schema-graph\">{\"@context\":\"https:\/\/schema.org\",\"@graph\":[{\"@type\":\"WebPage\",\"@id\":\"https:\/\/www.maxima-dia.com\/fr\/produits-coupe\/\",\"url\":\"https:\/\/www.maxima-dia.com\/fr\/produits-coupe\/\",\"name\":\"Produits - Coupe - Maxima SpA\",\"isPartOf\":{\"@id\":\"https:\/\/www.maxima-dia.com\/fr\/#website\"},\"datePublished\":\"2014-05-21T16:16:14+00:00\",\"dateModified\":\"2019-08-07T09:35:01+00:00\",\"description\":\"Disques de coupe Universels Turbo, Disques de coupe Universels Laser, Disques pour C\u00e9ramic, Disques Sp\u00e9cifiques, Plateaux de Pon\u00e7age, Machines de Coupe pour le B\u00e2timent, Accessoires de Coupe\",\"breadcrumb\":{\"@id\":\"https:\/\/www.maxima-dia.com\/fr\/produits-coupe\/#breadcrumb\"},\"inLanguage\":\"fr-FR\",\"potentialAction\":[{\"@type\":\"ReadAction\",\"target\":[\"https:\/\/www.maxima-dia.com\/fr\/produits-coupe\/\"]}]},{\"@type\":\"BreadcrumbList\",\"@id\":\"https:\/\/www.maxima-dia.com\/fr\/produits-coupe\/#breadcrumb\",\"itemListElement\":[{\"@type\":\"ListItem\",\"position\":1,\"name\":\"Home\",\"item\":\"https:\/\/www.maxima-dia.com\/fr\/\"},{\"@type\":\"ListItem\",\"position\":2,\"name\":\"Produits &#8211; Coupe\"}]},{\"@type\":\"WebSite\",\"@id\":\"https:\/\/www.maxima-dia.com\/fr\/#website\",\"url\":\"https:\/\/www.maxima-dia.com\/fr\/\",\"name\":\"Maxima SpA\",\"description\":\"Only for the real professionals\",\"potentialAction\":[{\"@type\":\"SearchAction\",\"target\":{\"@type\":\"EntryPoint\",\"urlTemplate\":\"https:\/\/www.maxima-dia.com\/fr\/?s={search_term_string}\"},\"query-input\":{\"@type\":\"PropertyValueSpecification\",\"valueRequired\":true,\"valueName\":\"search_term_string\"}}],\"inLanguage\":\"fr-FR\"}]}<\/script>\n<!-- \/ Yoast SEO plugin. -->","yoast_head_json":{"title":"Produits - Coupe - Maxima SpA","description":"Disques de coupe Universels Turbo, Disques de coupe Universels Laser, Disques pour C\u00e9ramic, Disques Sp\u00e9cifiques, Plateaux de Pon\u00e7age, Machines de Coupe pour le B\u00e2timent, Accessoires de Coupe","robots":{"index":"index","follow":"follow","max-snippet":"max-snippet:-1","max-image-preview":"max-image-preview:large","max-video-preview":"max-video-preview:-1"},"canonical":"https:\/\/www.maxima-dia.com\/fr\/produits-coupe\/","og_locale":"fr_FR","og_type":"article","og_title":"Produits - Coupe - Maxima SpA","og_description":"Disques de coupe Universels Turbo, Disques de coupe Universels Laser, Disques pour C\u00e9ramic, Disques Sp\u00e9cifiques, Plateaux de Pon\u00e7age, Machines de Coupe pour le B\u00e2timent, Accessoires de Coupe","og_url":"https:\/\/www.maxima-dia.com\/fr\/produits-coupe\/","og_site_name":"Maxima SpA","article_publisher":"https:\/\/www.facebook.com\/Maxima-spa-106098566139597","article_modified_time":"2019-08-07T09:35:01+00:00","og_image":[{"url":"https:\/\/www.maxima-dia.com\/wp-content\/uploads\/2011\/09\/eu_flag.png","type":"","width":"","height":""}],"twitter_card":"summary_large_image","twitter_site":"@Maximadia","twitter_misc":{"Dur\u00e9e de lecture estim\u00e9e":"4 minutes"},"schema":{"@context":"https:\/\/schema.org","@graph":[{"@type":"WebPage","@id":"https:\/\/www.maxima-dia.com\/fr\/produits-coupe\/","url":"https:\/\/www.maxima-dia.com\/fr\/produits-coupe\/","name":"Produits - Coupe - Maxima SpA","isPartOf":{"@id":"https:\/\/www.maxima-dia.com\/fr\/#website"},"datePublished":"2014-05-21T16:16:14+00:00","dateModified":"2019-08-07T09:35:01+00:00","description":"Disques de coupe Universels Turbo, Disques de coupe Universels Laser, Disques pour C\u00e9ramic, Disques Sp\u00e9cifiques, Plateaux de Pon\u00e7age, Machines de Coupe pour le B\u00e2timent, Accessoires de Coupe","breadcrumb":{"@id":"https:\/\/www.maxima-dia.com\/fr\/produits-coupe\/#breadcrumb"},"inLanguage":"fr-FR","potentialAction":[{"@type":"ReadAction","target":["https:\/\/www.maxima-dia.com\/fr\/produits-coupe\/"]}]},{"@type":"BreadcrumbList","@id":"https:\/\/www.maxima-dia.com\/fr\/produits-coupe\/#breadcrumb","itemListElement":[{"@type":"ListItem","position":1,"name":"Home","item":"https:\/\/www.maxima-dia.com\/fr\/"},{"@type":"ListItem","position":2,"name":"Produits &#8211; Coupe"}]},{"@type":"WebSite","@id":"https:\/\/www.maxima-dia.com\/fr\/#website","url":"https:\/\/www.maxima-dia.com\/fr\/","name":"Maxima SpA","description":"Only for the real professionals","potentialAction":[{"@type":"SearchAction","target":{"@type":"EntryPoint","urlTemplate":"https:\/\/www.maxima-dia.com\/fr\/?s={search_term_string}"},"query-input":{"@type":"PropertyValueSpecification","valueRequired":true,"valueName":"search_term_string"}}],"inLanguage":"fr-FR"}]}},"_links":{"self":[{"href":"https:\/\/www.maxima-dia.com\/fr\/wp-json\/wp\/v2\/pages\/8908"}],"collection":[{"href":"https:\/\/www.maxima-dia.com\/fr\/wp-json\/wp\/v2\/pages"}],"about":[{"href":"https:\/\/www.maxima-dia.com\/fr\/wp-json\/wp\/v2\/types\/page"}],"author":[{"embeddable":true,"href":"https:\/\/www.maxima-dia.com\/fr\/wp-json\/wp\/v2\/users\/29"}],"replies":[{"embeddable":true,"href":"https:\/\/www.maxima-dia.com\/fr\/wp-json\/wp\/v2\/comments?post=8908"}],"version-history":[{"count":0,"href":"https:\/\/www.maxima-dia.com\/fr\/wp-json\/wp\/v2\/pages\/8908\/revisions"}],"wp:attachment":[{"href":"https:\/\/www.maxima-dia.com\/fr\/wp-json\/wp\/v2\/media?parent=8908"}],"curies":[{"name":"wp","href":"https:\/\/api.w.org\/{rel}","templated":true}]}}