{"id":8935,"date":"2014-05-22T08:09:05","date_gmt":"2014-05-22T06:09:05","guid":{"rendered":"http:\/\/www.maxima-dia.com\/?page_id=8935"},"modified":"2023-11-28T14:06:24","modified_gmt":"2023-11-28T13:06:24","slug":"produits-carottage","status":"publish","type":"page","link":"https:\/\/www.maxima-dia.com\/fr\/produits-carottage\/","title":{"rendered":"Produits &#8211; Carottage"},"content":{"rendered":"<div class=\"wpb-content-wrapper\"><p>[vc_row bottom_padding=\u00a0\u00bb50&Prime;][vc_column width=\u00a0\u00bb1\/1&Prime;][vc_column_text]Pour les professionnels les plus exigeants Maxima propose la plus vaste gamme de produits pour le carottage avec outils diamant\u00e9s qui comprennent forets \u00e0 sec \u00e0 installer sur carotteuses manuelles, et forets \u00e0 eau pour l\u2019utilisation sur carotteuses mont\u00e9es sur colonne, en toutes les longueurs et diam\u00e8tres, jusqu\u2019\u00e0 arriver au carottage continu outre les 2 m\u00e8tres. Nous disposons d\u2019un grand choix parmi nos carotteuses \u00e9lectriques avec une puissance qui arrive jusqu\u2019\u00e0 5200W; disponibles pour carottage \u00e0 sec avec l\u2019aspiration des poussi\u00e8res et carottage \u00e0 eau avec colonnes professionnelles.<br \/>\nToutes nos machines sont certifi\u00e9es CE et son produites en Europe <img loading=\"lazy\" decoding=\"async\" class=\"alignnone wp-image-6471\" src=\"\/wp-content\/uploads\/2011\/09\/eu_flag.png\" alt=\"\" width=\"20\" height=\"16\">.[\/vc_column_text][\/vc_column][\/vc_row][vc_row bottom_padding=\u00a0\u00bb50&Prime;][vc_column width=\u00a0\u00bb1\/4&Prime;]<div class=\"single_image wpb_content_element align-left    \" data-animation=\"none\" data-delay=\"0\"><a href=\"\/fr\/forets-diamantes-a-sec\/\" target=\"_self\"><img loading=\"lazy\" decoding=\"async\" width=\"600\" height=\"600\" src=\"https:\/\/www.maxima-dia.com\/wp-content\/uploads\/2017\/04\/foretti-secco-icon.jpg\" class=\"attachment-full\" alt=\"Maxima SpA foretti secco\" title=\"Maxima SpA foretti secco\" srcset=\"https:\/\/www.maxima-dia.com\/wp-content\/uploads\/2017\/04\/foretti-secco-icon.jpg 600w, https:\/\/www.maxima-dia.com\/wp-content\/uploads\/2017\/04\/foretti-secco-icon-150x150.jpg 150w, https:\/\/www.maxima-dia.com\/wp-content\/uploads\/2017\/04\/foretti-secco-icon-300x300.jpg 300w, https:\/\/www.maxima-dia.com\/wp-content\/uploads\/2017\/04\/foretti-secco-icon-80x80.jpg 80w, https:\/\/www.maxima-dia.com\/wp-content\/uploads\/2017\/04\/foretti-secco-icon-500x500.jpg 500w\" sizes=\"(max-width: 600px) 100vw, 600px\" \/><\/a><\/div>[\/vc_column][vc_column width=\u00a0\u00bb3\/4&Prime;][vc_column_text]<\/p>\n<h2><a href=\"\/fr\/forets-diamantes-a-sec\/\">Forets Diamant\u00e9s \u00e0 Sec<\/a><\/h2>\n<p>Dans cette section, nous pr\u00e9sentons les forets \u00e0 sec de la gamme Maxima con\u00e7us pour \u00eatre utilis\u00e9s sur les foreuses \u00e0 outils diamant\u00e9s manuelles. Ils ont \u00e9t\u00e9 d\u00e9velopp\u00e9s pour le forage \u00e0 sec du b\u00e9ton arm\u00e9 et sont disponibles avec raccord M16 et 1\u201d 1\/4. Dans la gamme, le mod\u00e8le Or Spiral est le foret \u00e0 sec le plus vendu d\u2019Italie et aussi le plus imit\u00e9. Distribu\u00e9 en exclusivit\u00e9 depuis 2002, il assure des performances non \u00e9gal\u00e9es.[\/vc_column_text][\/vc_column][\/vc_row][vc_row bottom_padding=\u00a0\u00bb50&Prime;][vc_column width=\u00a0\u00bb1\/4&Prime;]<div class=\"single_image wpb_content_element align-left    \" data-animation=\"none\" data-delay=\"0\"><a href=\"\/fr\/forets-diamantes-a-eau\/\" target=\"_self\"><img loading=\"lazy\" decoding=\"async\" width=\"600\" height=\"600\" src=\"https:\/\/www.maxima-dia.com\/wp-content\/uploads\/2017\/04\/foretti-acqua-icon.jpg\" class=\"attachment-full\" alt=\"Maxima SpA foretti acqua\" title=\"Maxima SpA foretti acqua\" srcset=\"https:\/\/www.maxima-dia.com\/wp-content\/uploads\/2017\/04\/foretti-acqua-icon.jpg 600w, https:\/\/www.maxima-dia.com\/wp-content\/uploads\/2017\/04\/foretti-acqua-icon-150x150.jpg 150w, https:\/\/www.maxima-dia.com\/wp-content\/uploads\/2017\/04\/foretti-acqua-icon-300x300.jpg 300w, https:\/\/www.maxima-dia.com\/wp-content\/uploads\/2017\/04\/foretti-acqua-icon-80x80.jpg 80w, https:\/\/www.maxima-dia.com\/wp-content\/uploads\/2017\/04\/foretti-acqua-icon-500x500.jpg 500w\" sizes=\"(max-width: 600px) 100vw, 600px\" \/><\/a><\/div>[\/vc_column][vc_column width=\u00a0\u00bb3\/4&Prime;][vc_column_text]<\/p>\n<h2><a href=\"\/fr\/forets-diamantes-a-eau\/\">Forets Diamant\u00e9s \u00e0&nbsp;Eau<\/a><\/h2>\n<p>La gamme des forets \u00e0 eau est disponible pour diff\u00e9rentes utilisations, avec raccords 1\/2 GAS et 1\u201d 1\/4, avec soudures au laser ou soudo-bras\u00e9s de 6 \u00e0 700 mm de diam\u00e8tre. Mis \u00e0 part le Foret Or Gr\u00e8s, toute la gamme a \u00e9t\u00e9 con\u00e7ue pour les machines \u00e0 colonne.[\/vc_column_text][\/vc_column][\/vc_row][vc_row bottom_padding=\u00a0\u00bb50&Prime;][vc_column width=\u00a0\u00bb1\/4&Prime;]<div class=\"single_image wpb_content_element align-left    \" data-animation=\"none\" data-delay=\"0\"><a href=\"\/fr\/machines-de-carottages-pour-le-batiment\/\" target=\"_self\"><img loading=\"lazy\" decoding=\"async\" width=\"600\" height=\"600\" src=\"https:\/\/www.maxima-dia.com\/wp-content\/uploads\/2017\/04\/macchine-edili-attrezzature-accessorie-icon.jpg\" class=\"attachment-full\" alt=\"Maxima SpA macchine edili attrezzature accessorie\" title=\"Maxima SpA macchine edili attrezzature accessorie\" srcset=\"https:\/\/www.maxima-dia.com\/wp-content\/uploads\/2017\/04\/macchine-edili-attrezzature-accessorie-icon.jpg 600w, https:\/\/www.maxima-dia.com\/wp-content\/uploads\/2017\/04\/macchine-edili-attrezzature-accessorie-icon-150x150.jpg 150w, https:\/\/www.maxima-dia.com\/wp-content\/uploads\/2017\/04\/macchine-edili-attrezzature-accessorie-icon-300x300.jpg 300w, https:\/\/www.maxima-dia.com\/wp-content\/uploads\/2017\/04\/macchine-edili-attrezzature-accessorie-icon-80x80.jpg 80w, https:\/\/www.maxima-dia.com\/wp-content\/uploads\/2017\/04\/macchine-edili-attrezzature-accessorie-icon-500x500.jpg 500w\" sizes=\"(max-width: 600px) 100vw, 600px\" \/><\/a><\/div>[\/vc_column][vc_column width=\u00a0\u00bb3\/4&Prime;][vc_column_text]<\/p>\n<h2><a href=\"\/fr\/machines-de-carottages-pour-le-batiment\/\">Machines de Carottage pour le B\u00e2timent<\/a><\/h2>\n<p>La gamme de machines de carottage Maxima est l\u2019une des plus compl\u00e8tes que l\u2019on puisse trouver sur le march\u00e9 et elle couvre diff\u00e9rents types d\u2019utilisation, de l\u2019installation dans le domaine hydraulique ou \u00e9lectrique \u00e0 des utilisations dans le secteur du b\u00e2timent, aussi bien civil qu\u2019industriel. Citons entre autres les deux embl\u00e8mes du carottage manuel, les mod\u00e8les CAROMAX 800 et CAROMAX 1800: deux machines qui sont devenues deux pierres angulaires dans l\u2019\u00e9quipement des professionnels. Tous les \u00e9quipements propos\u00e9s sont fabriqu\u00e9s dans l\u2019Union Europ\u00e9enne&nbsp;<img loading=\"lazy\" decoding=\"async\" src=\"\/wp-content\/uploads\/2011\/09\/eu_flag.png\" alt=\"\" width=\"18\" height=\"15\">, et s\u2019accompagnent d\u2019une certification&nbsp;<strong>CE<\/strong>.[\/vc_column_text][\/vc_column][\/vc_row][vc_row bottom_padding=\u00a0\u00bb50&Prime;][vc_column width=\u00a0\u00bb1\/4&Prime;]<div class=\"single_image wpb_content_element align-left    \" data-animation=\"none\" data-delay=\"0\"><a href=\"\/fr\/equipement-accessoire-pour-le-carottage\/\" target=\"_self\"><img loading=\"lazy\" decoding=\"async\" width=\"600\" height=\"600\" src=\"https:\/\/www.maxima-dia.com\/wp-content\/uploads\/2017\/04\/macchine-edili-attrezzature-accessorie-icon.jpg\" class=\"attachment-full\" alt=\"Maxima SpA macchine edili attrezzature accessorie\" title=\"Maxima SpA macchine edili attrezzature accessorie\" srcset=\"https:\/\/www.maxima-dia.com\/wp-content\/uploads\/2017\/04\/macchine-edili-attrezzature-accessorie-icon.jpg 600w, https:\/\/www.maxima-dia.com\/wp-content\/uploads\/2017\/04\/macchine-edili-attrezzature-accessorie-icon-150x150.jpg 150w, https:\/\/www.maxima-dia.com\/wp-content\/uploads\/2017\/04\/macchine-edili-attrezzature-accessorie-icon-300x300.jpg 300w, https:\/\/www.maxima-dia.com\/wp-content\/uploads\/2017\/04\/macchine-edili-attrezzature-accessorie-icon-80x80.jpg 80w, https:\/\/www.maxima-dia.com\/wp-content\/uploads\/2017\/04\/macchine-edili-attrezzature-accessorie-icon-500x500.jpg 500w\" sizes=\"(max-width: 600px) 100vw, 600px\" \/><\/a><\/div>[\/vc_column][vc_column width=\u00a0\u00bb3\/4&Prime;][vc_column_text]<\/p>\n<h2><a href=\"\/fr\/equipement-accessoire-pour-le-carottage\/\">\u00c9quipement Accessoire Carottage<\/a><\/h2>\n<p>Dans cette section nous vous pr\u00e9sentons les \u00e9quipements accessoires pour le carottage.[\/vc_column_text][\/vc_column][\/vc_row][vc_row bottom_padding=\u00a0\u00bb50&Prime;][vc_column width=\u00a0\u00bb1\/4&Prime;]<div class=\"single_image wpb_content_element align-left    \" data-animation=\"none\" data-delay=\"0\"><a href=\"\/fr\/accessoires-pour-carottage-a-sec\/\" target=\"_self\"><img loading=\"lazy\" decoding=\"async\" width=\"600\" height=\"600\" src=\"https:\/\/www.maxima-dia.com\/wp-content\/uploads\/2017\/04\/accessori-carotaggio-icon.jpg\" class=\"attachment-full\" alt=\"Maxima SpA accessori carotaggio\" title=\"Maxima SpA accessori carotaggio\" srcset=\"https:\/\/www.maxima-dia.com\/wp-content\/uploads\/2017\/04\/accessori-carotaggio-icon.jpg 600w, https:\/\/www.maxima-dia.com\/wp-content\/uploads\/2017\/04\/accessori-carotaggio-icon-150x150.jpg 150w, https:\/\/www.maxima-dia.com\/wp-content\/uploads\/2017\/04\/accessori-carotaggio-icon-300x300.jpg 300w, https:\/\/www.maxima-dia.com\/wp-content\/uploads\/2017\/04\/accessori-carotaggio-icon-80x80.jpg 80w, https:\/\/www.maxima-dia.com\/wp-content\/uploads\/2017\/04\/accessori-carotaggio-icon-500x500.jpg 500w\" sizes=\"(max-width: 600px) 100vw, 600px\" \/><\/a><\/div>[\/vc_column][vc_column width=\u00a0\u00bb3\/4&Prime;][vc_column_text]<\/p>\n<h2><a href=\"\/fr\/accessoires-pour-carottage-a-sec\/\">Accessoires pour le Carottage \u00e0 Sec<\/a><\/h2>\n<p>Dans cette section nous vous pr\u00e9sentons les accessoires pour le carottage tels que&nbsp;: des pointes de centrage, diff\u00e9rents types d\u2019adaptateurs ainsi que des rallonges et des adaptateurs pour monter des outils diamant\u00e9s Maxima sur la plupart des machines disponibles dans le commerce.[\/vc_column_text][\/vc_column][\/vc_row][vc_row bottom_padding=\u00a0\u00bb50&Prime;][vc_column width=\u00a0\u00bb1\/4&Prime;]<div class=\"single_image wpb_content_element align-left    \" data-animation=\"none\" data-delay=\"0\"><a href=\"\/fr\/accessoires-pour-carottage-a-eau\/\" target=\"_self\"><img loading=\"lazy\" decoding=\"async\" width=\"600\" height=\"600\" src=\"https:\/\/www.maxima-dia.com\/wp-content\/uploads\/2017\/04\/accessori-carotaggio-icon.jpg\" class=\"attachment-full\" alt=\"Maxima SpA accessori carotaggio\" title=\"Maxima SpA accessori carotaggio\" srcset=\"https:\/\/www.maxima-dia.com\/wp-content\/uploads\/2017\/04\/accessori-carotaggio-icon.jpg 600w, https:\/\/www.maxima-dia.com\/wp-content\/uploads\/2017\/04\/accessori-carotaggio-icon-150x150.jpg 150w, https:\/\/www.maxima-dia.com\/wp-content\/uploads\/2017\/04\/accessori-carotaggio-icon-300x300.jpg 300w, https:\/\/www.maxima-dia.com\/wp-content\/uploads\/2017\/04\/accessori-carotaggio-icon-80x80.jpg 80w, https:\/\/www.maxima-dia.com\/wp-content\/uploads\/2017\/04\/accessori-carotaggio-icon-500x500.jpg 500w\" sizes=\"(max-width: 600px) 100vw, 600px\" \/><\/a><\/div>[\/vc_column][vc_column width=\u00a0\u00bb3\/4&Prime;][vc_column_text]<\/p>\n<h2><a href=\"\/fr\/accessoires-pour-carottage-a-eau\/\">Accessoires pour le Carottage \u00e0 Eau<\/a><\/h2>\n<p>Dans cette partie nous vous pr\u00e9sentons les accessoires pour le carottage tels que des adaptateurs de typologies diff\u00e9rentes, des rallonges et des pinces.[\/vc_column_text][\/vc_column][\/vc_row]<\/p>\n<\/div>","protected":false},"excerpt":{"rendered":"<p>[vc_row bottom_padding=\u00a0\u00bb50&Prime;][vc_column width=\u00a0\u00bb1\/1&Prime;][vc_column_text]Pour les professionnels les plus exigeants Maxima propose la plus vaste gamme de produits pour le carottage avec outils diamant\u00e9s qui comprennent forets \u00e0 sec \u00e0 installer sur carotteuses manuelles, et forets \u00e0 eau pour l\u2019utilisation sur carotteuses mont\u00e9es sur colonne, en toutes les longueurs et diam\u00e8tres, jusqu\u2019\u00e0 arriver au carottage continu outre les 2 m\u00e8tres. Nous disposons d\u2019un grand choix parmi nos carotteuses \u00e9lectriques avec une puissance qui arrive jusqu\u2019\u00e0 5200W; disponibles pour carottage \u00e0 sec avec l\u2019aspiration des poussi\u00e8res et carottage \u00e0 eau avec colonnes professionnelles. Toutes nos machines sont certifi\u00e9es CE et son produites en Europe .[\/vc_column_text][\/vc_column][\/vc_row][vc_row bottom_padding=\u00a0\u00bb50&Prime;][vc_column width=\u00a0\u00bb1\/4&Prime;][\/vc_column][vc_column width=\u00a0\u00bb3\/4&Prime;][vc_column_text] Forets Diamant\u00e9s \u00e0 Sec Dans cette section, nous pr\u00e9sentons les forets \u00e0 sec de la gamme Maxima con\u00e7us pour \u00eatre utilis\u00e9s sur les foreuses \u00e0 outils diamant\u00e9s manuelles. Ils ont \u00e9t\u00e9 d\u00e9velopp\u00e9s pour le forage \u00e0 sec du b\u00e9ton arm\u00e9 et sont disponibles avec raccord M16 et 1\u201d 1\/4. Dans la gamme, le mod\u00e8le Or Spiral est le foret \u00e0 sec le plus vendu d\u2019Italie et aussi le plus imit\u00e9. Distribu\u00e9 en exclusivit\u00e9 depuis 2002, il assure des performances non \u00e9gal\u00e9es.[\/vc_column_text][\/vc_column][\/vc_row][vc_row bottom_padding=\u00a0\u00bb50&Prime;][vc_column width=\u00a0\u00bb1\/4&Prime;][\/vc_column][vc_column width=\u00a0\u00bb3\/4&Prime;][vc_column_text] Forets Diamant\u00e9s \u00e0&nbsp;Eau La gamme des forets \u00e0 eau est disponible [&hellip;]<\/p>\n","protected":false},"author":29,"featured_media":0,"parent":0,"menu_order":433,"comment_status":"closed","ping_status":"closed","template":"","meta":{"ngg_post_thumbnail":0,"_joinchat":[],"footnotes":""},"class_list":["post-8935","page","type-page","status-publish","hentry"],"yoast_head":"<!-- This site is optimized with the Yoast SEO plugin v25.5 - https:\/\/yoast.com\/wordpress\/plugins\/seo\/ -->\n<title>Produits - Carottage - Maxima SpA<\/title>\n<meta name=\"description\" content=\"Forets \u00e0 Sec, Forets \u00e0 Eau, Machines de Carottage pour le B\u00e2timent, Accessoires pour Carottage \u00e0 Sec, Accessoires pour Carottage \u00e0 Eau\" \/>\n<meta name=\"robots\" content=\"index, follow, max-snippet:-1, max-image-preview:large, max-video-preview:-1\" \/>\n<link rel=\"canonical\" href=\"https:\/\/www.maxima-dia.com\/fr\/produits-carottage\/\" \/>\n<meta property=\"og:locale\" content=\"fr_FR\" \/>\n<meta property=\"og:type\" content=\"article\" \/>\n<meta property=\"og:title\" content=\"Produits - Carottage - Maxima SpA\" \/>\n<meta property=\"og:description\" content=\"Forets \u00e0 Sec, Forets \u00e0 Eau, Machines de Carottage pour le B\u00e2timent, Accessoires pour Carottage \u00e0 Sec, Accessoires pour Carottage \u00e0 Eau\" \/>\n<meta property=\"og:url\" content=\"https:\/\/www.maxima-dia.com\/fr\/produits-carottage\/\" \/>\n<meta property=\"og:site_name\" content=\"Maxima SpA\" \/>\n<meta property=\"article:publisher\" content=\"https:\/\/www.facebook.com\/Maxima-spa-106098566139597\" \/>\n<meta property=\"article:modified_time\" content=\"2023-11-28T13:06:24+00:00\" \/>\n<meta property=\"og:image\" content=\"https:\/\/www.maxima-dia.com\/wp-content\/uploads\/2022\/03\/MaximaSpA-logo-quadrato.jpg\" \/>\n\t<meta property=\"og:image:width\" content=\"500\" \/>\n\t<meta property=\"og:image:height\" content=\"500\" \/>\n\t<meta property=\"og:image:type\" content=\"image\/jpeg\" \/>\n<meta name=\"twitter:card\" content=\"summary_large_image\" \/>\n<meta name=\"twitter:site\" content=\"@Maximadia\" \/>\n<meta name=\"twitter:label1\" content=\"Dur\u00e9e de lecture estim\u00e9e\" \/>\n\t<meta name=\"twitter:data1\" content=\"3 minutes\" \/>\n<script type=\"application\/ld+json\" class=\"yoast-schema-graph\">{\"@context\":\"https:\/\/schema.org\",\"@graph\":[{\"@type\":\"WebPage\",\"@id\":\"https:\/\/www.maxima-dia.com\/fr\/produits-carottage\/\",\"url\":\"https:\/\/www.maxima-dia.com\/fr\/produits-carottage\/\",\"name\":\"Produits - Carottage - Maxima SpA\",\"isPartOf\":{\"@id\":\"https:\/\/www.maxima-dia.com\/fr\/#website\"},\"datePublished\":\"2014-05-22T06:09:05+00:00\",\"dateModified\":\"2023-11-28T13:06:24+00:00\",\"description\":\"Forets \u00e0 Sec, Forets \u00e0 Eau, Machines de Carottage pour le B\u00e2timent, Accessoires pour Carottage \u00e0 Sec, Accessoires pour Carottage \u00e0 Eau\",\"breadcrumb\":{\"@id\":\"https:\/\/www.maxima-dia.com\/fr\/produits-carottage\/#breadcrumb\"},\"inLanguage\":\"fr-FR\",\"potentialAction\":[{\"@type\":\"ReadAction\",\"target\":[\"https:\/\/www.maxima-dia.com\/fr\/produits-carottage\/\"]}]},{\"@type\":\"BreadcrumbList\",\"@id\":\"https:\/\/www.maxima-dia.com\/fr\/produits-carottage\/#breadcrumb\",\"itemListElement\":[{\"@type\":\"ListItem\",\"position\":1,\"name\":\"Home\",\"item\":\"https:\/\/www.maxima-dia.com\/fr\/\"},{\"@type\":\"ListItem\",\"position\":2,\"name\":\"Produits &#8211; Carottage\"}]},{\"@type\":\"WebSite\",\"@id\":\"https:\/\/www.maxima-dia.com\/fr\/#website\",\"url\":\"https:\/\/www.maxima-dia.com\/fr\/\",\"name\":\"Maxima SpA\",\"description\":\"Only for the real professionals\",\"potentialAction\":[{\"@type\":\"SearchAction\",\"target\":{\"@type\":\"EntryPoint\",\"urlTemplate\":\"https:\/\/www.maxima-dia.com\/fr\/?s={search_term_string}\"},\"query-input\":{\"@type\":\"PropertyValueSpecification\",\"valueRequired\":true,\"valueName\":\"search_term_string\"}}],\"inLanguage\":\"fr-FR\"}]}<\/script>\n<!-- \/ Yoast SEO plugin. -->","yoast_head_json":{"title":"Produits - Carottage - Maxima SpA","description":"Forets \u00e0 Sec, Forets \u00e0 Eau, Machines de Carottage pour le B\u00e2timent, Accessoires pour Carottage \u00e0 Sec, Accessoires pour Carottage \u00e0 Eau","robots":{"index":"index","follow":"follow","max-snippet":"max-snippet:-1","max-image-preview":"max-image-preview:large","max-video-preview":"max-video-preview:-1"},"canonical":"https:\/\/www.maxima-dia.com\/fr\/produits-carottage\/","og_locale":"fr_FR","og_type":"article","og_title":"Produits - Carottage - Maxima SpA","og_description":"Forets \u00e0 Sec, Forets \u00e0 Eau, Machines de Carottage pour le B\u00e2timent, Accessoires pour Carottage \u00e0 Sec, Accessoires pour Carottage \u00e0 Eau","og_url":"https:\/\/www.maxima-dia.com\/fr\/produits-carottage\/","og_site_name":"Maxima SpA","article_publisher":"https:\/\/www.facebook.com\/Maxima-spa-106098566139597","article_modified_time":"2023-11-28T13:06:24+00:00","og_image":[{"width":500,"height":500,"url":"https:\/\/www.maxima-dia.com\/wp-content\/uploads\/2022\/03\/MaximaSpA-logo-quadrato.jpg","type":"image\/jpeg"}],"twitter_card":"summary_large_image","twitter_site":"@Maximadia","twitter_misc":{"Dur\u00e9e de lecture estim\u00e9e":"3 minutes"},"schema":{"@context":"https:\/\/schema.org","@graph":[{"@type":"WebPage","@id":"https:\/\/www.maxima-dia.com\/fr\/produits-carottage\/","url":"https:\/\/www.maxima-dia.com\/fr\/produits-carottage\/","name":"Produits - Carottage - Maxima SpA","isPartOf":{"@id":"https:\/\/www.maxima-dia.com\/fr\/#website"},"datePublished":"2014-05-22T06:09:05+00:00","dateModified":"2023-11-28T13:06:24+00:00","description":"Forets \u00e0 Sec, Forets \u00e0 Eau, Machines de Carottage pour le B\u00e2timent, Accessoires pour Carottage \u00e0 Sec, Accessoires pour Carottage \u00e0 Eau","breadcrumb":{"@id":"https:\/\/www.maxima-dia.com\/fr\/produits-carottage\/#breadcrumb"},"inLanguage":"fr-FR","potentialAction":[{"@type":"ReadAction","target":["https:\/\/www.maxima-dia.com\/fr\/produits-carottage\/"]}]},{"@type":"BreadcrumbList","@id":"https:\/\/www.maxima-dia.com\/fr\/produits-carottage\/#breadcrumb","itemListElement":[{"@type":"ListItem","position":1,"name":"Home","item":"https:\/\/www.maxima-dia.com\/fr\/"},{"@type":"ListItem","position":2,"name":"Produits &#8211; Carottage"}]},{"@type":"WebSite","@id":"https:\/\/www.maxima-dia.com\/fr\/#website","url":"https:\/\/www.maxima-dia.com\/fr\/","name":"Maxima SpA","description":"Only for the real professionals","potentialAction":[{"@type":"SearchAction","target":{"@type":"EntryPoint","urlTemplate":"https:\/\/www.maxima-dia.com\/fr\/?s={search_term_string}"},"query-input":{"@type":"PropertyValueSpecification","valueRequired":true,"valueName":"search_term_string"}}],"inLanguage":"fr-FR"}]}},"_links":{"self":[{"href":"https:\/\/www.maxima-dia.com\/fr\/wp-json\/wp\/v2\/pages\/8935"}],"collection":[{"href":"https:\/\/www.maxima-dia.com\/fr\/wp-json\/wp\/v2\/pages"}],"about":[{"href":"https:\/\/www.maxima-dia.com\/fr\/wp-json\/wp\/v2\/types\/page"}],"author":[{"embeddable":true,"href":"https:\/\/www.maxima-dia.com\/fr\/wp-json\/wp\/v2\/users\/29"}],"replies":[{"embeddable":true,"href":"https:\/\/www.maxima-dia.com\/fr\/wp-json\/wp\/v2\/comments?post=8935"}],"version-history":[{"count":1,"href":"https:\/\/www.maxima-dia.com\/fr\/wp-json\/wp\/v2\/pages\/8935\/revisions"}],"predecessor-version":[{"id":42179,"href":"https:\/\/www.maxima-dia.com\/fr\/wp-json\/wp\/v2\/pages\/8935\/revisions\/42179"}],"wp:attachment":[{"href":"https:\/\/www.maxima-dia.com\/fr\/wp-json\/wp\/v2\/media?parent=8935"}],"curies":[{"name":"wp","href":"https:\/\/api.w.org\/{rel}","templated":true}]}}