{"id":9980,"date":"2014-07-01T12:58:08","date_gmt":"2014-07-01T10:58:08","guid":{"rendered":"http:\/\/www.maxima-dia.com\/?page_id=9980"},"modified":"2019-09-11T18:08:56","modified_gmt":"2019-09-11T16:08:56","slug":"ambassadeur-martin-castrogiovanni-2012","status":"publish","type":"page","link":"https:\/\/www.maxima-dia.com\/fr\/ambassadeur-martin-castrogiovanni-2012\/","title":{"rendered":"Martin Castrogiovanni  2012"},"content":{"rendered":"<h3>Le rugbyman Castrogiovanni ambassadeur Maxima pour l\u2019ann\u00e9e 2012<\/h3>\n<div id=\"attachment_7567\" style=\"width: 280px\" class=\"wp-caption alignright\"><a href=\"\/wp-content\/uploads\/2012\/10\/castrogiovanni_mirco.jpg\"><img loading=\"lazy\" decoding=\"async\" aria-describedby=\"caption-attachment-7567\" class=\" wp-image-7567\" title=\"Mirco Dall'Olio e Martin Castrogiovanni\" src=\"\/wp-content\/uploads\/2012\/10\/castrogiovanni_mirco-300x234.jpg\" alt=\"Mirco Dall\u2019Olio et Martin Castrogiovanni\" width=\"270\" height=\"234\"><\/a><p id=\"caption-attachment-7567\" class=\"wp-caption-text\">Mirco Dall\u2019Olio et Martin Castrogiovanni<\/p><\/div>\n<p>Le c\u00e9l\u00e8bre champion de l\u2019\u00e9quipe Nationale Italienne de Rugby Martin Castrogiovanni est le nouvel ambassadeur de Maxima pour l\u2019ann\u00e9e 2012, une entreprise dynamique travaillant dans le secteur du b\u00e2timent et s\u2019occupant de distribution d\u2019outils diamant\u00e9s et machines de coupe et carottage.<\/p>\n<p>Ci-dessous un court extrait de l\u2019article paru sur le journal \u00ab Gazzetta di Reggio \u00bb du 10 juillet 2012.<\/p>\n<p>\u00ab Pilier et capitaine de la nationale italienne de rugby et du Leichester Tigers, Martin Castrogiovanni a \u00e9t\u00e9 choisi par Maxima, entreprise leader dans le secteur de la coupe et du carottage avec des outils diamant\u00e9s, comme ambassadeur de sa derni\u00e8re campagne publicitaire \u00ab Puissance Maxima \u00bb. Une association, celle de Maxima, entreprise qui, depuis 2001, n\u2019a pas cess\u00e9 d\u2019augmenter ses b\u00e9n\u00e9fices et son chiffre d\u2019affaires, et Martin Castrogiovanni, v\u00e9ritable colosse dans sa discipline et exemple de puissance, d\u00e9vouement et professionnalisme. \u00bb<\/p>\n<p>\u00ab Martin Castrogiovanni \u2013 affirme Mirco Dall\u2019Olio, propri\u00e9taire de Maxima \u2013 a \u00e9t\u00e9 choisi pour son physique, pour le sport qu\u2019il repr\u00e9sente et pour son image transparente qui incarne l\u2019esprit dans lequel notre soci\u00e9t\u00e9 se propose sur le march\u00e9. Notre exigence \u00e9tait de communiquer au grand public que nos produits sont puissants, durables et assurent des performances de haut niveau. O\u00f9 trouver un meilleur ambassadeur ?<\/p>\n<p>Le rugby \u2013 continue Dall\u2019Olio \u2013 est un sport propre, par lequel nous nous sentons repr\u00e9sent\u00e9s ; un sport transversal, tr\u00e8s appr\u00e9ci\u00e9 en Italie et dans certains des pays dans lesquels nous avons l\u2019intention de nous d\u00e9velopper. \u00bb<\/p>\nngg_shortcode_0_placeholder\n","protected":false},"excerpt":{"rendered":"<p>Le rugbyman Castrogiovanni ambassadeur Maxima pour l\u2019ann\u00e9e 2012 Le c\u00e9l\u00e8bre champion de l\u2019\u00e9quipe Nationale Italienne de Rugby Martin Castrogiovanni est le nouvel ambassadeur de Maxima pour l\u2019ann\u00e9e 2012, une entreprise dynamique travaillant dans le secteur du b\u00e2timent et s\u2019occupant de distribution d\u2019outils diamant\u00e9s et machines de coupe et carottage. Ci-dessous un court extrait de l\u2019article paru sur le journal \u00ab Gazzetta di Reggio \u00bb du 10 juillet 2012. \u00ab Pilier et capitaine de la nationale italienne de rugby et du Leichester Tigers, Martin Castrogiovanni a \u00e9t\u00e9 choisi par Maxima, entreprise leader dans le secteur de la coupe et du carottage avec des outils diamant\u00e9s, comme ambassadeur de sa derni\u00e8re campagne publicitaire \u00ab Puissance Maxima \u00bb. Une association, celle de Maxima, entreprise qui, depuis 2001, n\u2019a pas cess\u00e9 d\u2019augmenter ses b\u00e9n\u00e9fices et son chiffre d\u2019affaires, et Martin Castrogiovanni, v\u00e9ritable colosse dans sa discipline et exemple de puissance, d\u00e9vouement et professionnalisme. \u00bb \u00ab Martin Castrogiovanni \u2013 affirme Mirco Dall\u2019Olio, propri\u00e9taire de Maxima \u2013 a \u00e9t\u00e9 choisi pour son physique, pour le sport qu\u2019il repr\u00e9sente et pour son image transparente qui incarne l\u2019esprit dans lequel notre soci\u00e9t\u00e9 se propose sur le march\u00e9. Notre exigence \u00e9tait de communiquer au grand public que nos produits [&hellip;]<\/p>\n","protected":false},"author":29,"featured_media":0,"parent":0,"menu_order":322,"comment_status":"closed","ping_status":"closed","template":"","meta":{"ngg_post_thumbnail":0,"_joinchat":[],"footnotes":""},"class_list":["post-9980","page","type-page","status-publish","hentry"],"yoast_head":"<!-- This site is optimized with the Yoast SEO plugin v25.5 - https:\/\/yoast.com\/wordpress\/plugins\/seo\/ -->\n<title>Martin Castrogiovanni 2012 - Maxima SpA<\/title>\n<meta name=\"description\" content=\"Le rugbyman Castrogiovanni ambassadeur Maxima pour l\u2019ann\u00e9e 2012\" \/>\n<meta name=\"robots\" content=\"index, follow, max-snippet:-1, max-image-preview:large, max-video-preview:-1\" \/>\n<link rel=\"canonical\" href=\"https:\/\/www.maxima-dia.com\/fr\/ambassadeur-martin-castrogiovanni-2012\/\" \/>\n<meta property=\"og:locale\" content=\"fr_FR\" \/>\n<meta property=\"og:type\" content=\"article\" \/>\n<meta property=\"og:title\" content=\"Martin Castrogiovanni 2012 - Maxima SpA\" \/>\n<meta property=\"og:description\" content=\"Le rugbyman Castrogiovanni ambassadeur Maxima pour l\u2019ann\u00e9e 2012\" \/>\n<meta property=\"og:url\" content=\"https:\/\/www.maxima-dia.com\/fr\/ambassadeur-martin-castrogiovanni-2012\/\" \/>\n<meta property=\"og:site_name\" content=\"Maxima SpA\" \/>\n<meta property=\"article:publisher\" content=\"https:\/\/www.facebook.com\/Maxima-spa-106098566139597\" \/>\n<meta property=\"article:modified_time\" content=\"2019-09-11T16:08:56+00:00\" \/>\n<meta property=\"og:image\" content=\"https:\/\/www.maxima-dia.com\/wp-content\/uploads\/2012\/10\/castrogiovanni_mirco-300x234.jpg\" \/>\n<meta name=\"twitter:card\" content=\"summary_large_image\" \/>\n<meta name=\"twitter:site\" content=\"@Maximadia\" \/>\n<meta name=\"twitter:label1\" content=\"Dur\u00e9e de lecture estim\u00e9e\" \/>\n\t<meta name=\"twitter:data1\" content=\"1 minute\" \/>\n<script type=\"application\/ld+json\" class=\"yoast-schema-graph\">{\"@context\":\"https:\/\/schema.org\",\"@graph\":[{\"@type\":\"WebPage\",\"@id\":\"https:\/\/www.maxima-dia.com\/fr\/ambassadeur-martin-castrogiovanni-2012\/\",\"url\":\"https:\/\/www.maxima-dia.com\/fr\/ambassadeur-martin-castrogiovanni-2012\/\",\"name\":\"Martin Castrogiovanni 2012 - Maxima SpA\",\"isPartOf\":{\"@id\":\"https:\/\/www.maxima-dia.com\/fr\/#website\"},\"datePublished\":\"2014-07-01T10:58:08+00:00\",\"dateModified\":\"2019-09-11T16:08:56+00:00\",\"description\":\"Le rugbyman Castrogiovanni ambassadeur Maxima pour l\u2019ann\u00e9e 2012\",\"breadcrumb\":{\"@id\":\"https:\/\/www.maxima-dia.com\/fr\/ambassadeur-martin-castrogiovanni-2012\/#breadcrumb\"},\"inLanguage\":\"fr-FR\",\"potentialAction\":[{\"@type\":\"ReadAction\",\"target\":[\"https:\/\/www.maxima-dia.com\/fr\/ambassadeur-martin-castrogiovanni-2012\/\"]}]},{\"@type\":\"BreadcrumbList\",\"@id\":\"https:\/\/www.maxima-dia.com\/fr\/ambassadeur-martin-castrogiovanni-2012\/#breadcrumb\",\"itemListElement\":[{\"@type\":\"ListItem\",\"position\":1,\"name\":\"Home\",\"item\":\"https:\/\/www.maxima-dia.com\/fr\/\"},{\"@type\":\"ListItem\",\"position\":2,\"name\":\"Martin Castrogiovanni 2012\"}]},{\"@type\":\"WebSite\",\"@id\":\"https:\/\/www.maxima-dia.com\/fr\/#website\",\"url\":\"https:\/\/www.maxima-dia.com\/fr\/\",\"name\":\"Maxima SpA\",\"description\":\"Only for the real professionals\",\"potentialAction\":[{\"@type\":\"SearchAction\",\"target\":{\"@type\":\"EntryPoint\",\"urlTemplate\":\"https:\/\/www.maxima-dia.com\/fr\/?s={search_term_string}\"},\"query-input\":{\"@type\":\"PropertyValueSpecification\",\"valueRequired\":true,\"valueName\":\"search_term_string\"}}],\"inLanguage\":\"fr-FR\"}]}<\/script>\n<!-- \/ Yoast SEO plugin. -->","yoast_head_json":{"title":"Martin Castrogiovanni 2012 - Maxima SpA","description":"Le rugbyman Castrogiovanni ambassadeur Maxima pour l\u2019ann\u00e9e 2012","robots":{"index":"index","follow":"follow","max-snippet":"max-snippet:-1","max-image-preview":"max-image-preview:large","max-video-preview":"max-video-preview:-1"},"canonical":"https:\/\/www.maxima-dia.com\/fr\/ambassadeur-martin-castrogiovanni-2012\/","og_locale":"fr_FR","og_type":"article","og_title":"Martin Castrogiovanni 2012 - Maxima SpA","og_description":"Le rugbyman Castrogiovanni ambassadeur Maxima pour l\u2019ann\u00e9e 2012","og_url":"https:\/\/www.maxima-dia.com\/fr\/ambassadeur-martin-castrogiovanni-2012\/","og_site_name":"Maxima SpA","article_publisher":"https:\/\/www.facebook.com\/Maxima-spa-106098566139597","article_modified_time":"2019-09-11T16:08:56+00:00","og_image":[{"url":"https:\/\/www.maxima-dia.com\/wp-content\/uploads\/2012\/10\/castrogiovanni_mirco-300x234.jpg","type":"","width":"","height":""}],"twitter_card":"summary_large_image","twitter_site":"@Maximadia","twitter_misc":{"Dur\u00e9e de lecture estim\u00e9e":"1 minute"},"schema":{"@context":"https:\/\/schema.org","@graph":[{"@type":"WebPage","@id":"https:\/\/www.maxima-dia.com\/fr\/ambassadeur-martin-castrogiovanni-2012\/","url":"https:\/\/www.maxima-dia.com\/fr\/ambassadeur-martin-castrogiovanni-2012\/","name":"Martin Castrogiovanni 2012 - Maxima SpA","isPartOf":{"@id":"https:\/\/www.maxima-dia.com\/fr\/#website"},"datePublished":"2014-07-01T10:58:08+00:00","dateModified":"2019-09-11T16:08:56+00:00","description":"Le rugbyman Castrogiovanni ambassadeur Maxima pour l\u2019ann\u00e9e 2012","breadcrumb":{"@id":"https:\/\/www.maxima-dia.com\/fr\/ambassadeur-martin-castrogiovanni-2012\/#breadcrumb"},"inLanguage":"fr-FR","potentialAction":[{"@type":"ReadAction","target":["https:\/\/www.maxima-dia.com\/fr\/ambassadeur-martin-castrogiovanni-2012\/"]}]},{"@type":"BreadcrumbList","@id":"https:\/\/www.maxima-dia.com\/fr\/ambassadeur-martin-castrogiovanni-2012\/#breadcrumb","itemListElement":[{"@type":"ListItem","position":1,"name":"Home","item":"https:\/\/www.maxima-dia.com\/fr\/"},{"@type":"ListItem","position":2,"name":"Martin Castrogiovanni 2012"}]},{"@type":"WebSite","@id":"https:\/\/www.maxima-dia.com\/fr\/#website","url":"https:\/\/www.maxima-dia.com\/fr\/","name":"Maxima SpA","description":"Only for the real professionals","potentialAction":[{"@type":"SearchAction","target":{"@type":"EntryPoint","urlTemplate":"https:\/\/www.maxima-dia.com\/fr\/?s={search_term_string}"},"query-input":{"@type":"PropertyValueSpecification","valueRequired":true,"valueName":"search_term_string"}}],"inLanguage":"fr-FR"}]}},"_links":{"self":[{"href":"https:\/\/www.maxima-dia.com\/fr\/wp-json\/wp\/v2\/pages\/9980"}],"collection":[{"href":"https:\/\/www.maxima-dia.com\/fr\/wp-json\/wp\/v2\/pages"}],"about":[{"href":"https:\/\/www.maxima-dia.com\/fr\/wp-json\/wp\/v2\/types\/page"}],"author":[{"embeddable":true,"href":"https:\/\/www.maxima-dia.com\/fr\/wp-json\/wp\/v2\/users\/29"}],"replies":[{"embeddable":true,"href":"https:\/\/www.maxima-dia.com\/fr\/wp-json\/wp\/v2\/comments?post=9980"}],"version-history":[{"count":0,"href":"https:\/\/www.maxima-dia.com\/fr\/wp-json\/wp\/v2\/pages\/9980\/revisions"}],"wp:attachment":[{"href":"https:\/\/www.maxima-dia.com\/fr\/wp-json\/wp\/v2\/media?parent=9980"}],"curies":[{"name":"wp","href":"https:\/\/api.w.org\/{rel}","templated":true}]}}