{"id":9984,"date":"2014-07-01T14:19:46","date_gmt":"2014-07-01T12:19:46","guid":{"rendered":"http:\/\/www.maxima-dia.com\/?page_id=9984"},"modified":"2019-08-07T11:17:23","modified_gmt":"2019-08-07T09:17:23","slug":"nouvel-ambassadeur-maxima-pour-2013","status":"publish","type":"page","link":"https:\/\/www.maxima-dia.com\/fr\/nouvel-ambassadeur-maxima-pour-2013\/","title":{"rendered":"Le nouvel Ambassadeur MAXIMA pour 2013"},"content":{"rendered":"<h3>Fabio Cannavaro, le c\u00e9l\u00e8bre capitaine de l\u2019\u00e9quipe Nationale Italienne de football 2006, est le nouvel ambassadeur de Maxima pour 2013<\/h3>\n<div id=\"attachment_5069\" style=\"width: 310px\" class=\"wp-caption alignright\"><a title=\"Fabio Cannavaro, \u00e8 il nuovo testimonial 2013 di Maxima\" href=\"\/wp-content\/uploads\/2013\/04\/fabio-cannavaro-1.jpg\"><img loading=\"lazy\" decoding=\"async\" aria-describedby=\"caption-attachment-5069\" class=\"wp-image-5069 size-medium\" title=\"Mirco Dall\u2019Olio, propri\u00e9taire de Maxima et Fabio Cannavaro\" src=\"https:\/\/www.maxima-dia.com\/wp-content\/uploads\/2013\/04\/fabio-cannavaro-1-300x232.jpg\" alt=\"Mirco Dall\u2019Olio, propri\u00e9taire de Maxima et Fabio Cannavaro\" width=\"300\" height=\"232\" srcset=\"https:\/\/www.maxima-dia.com\/wp-content\/uploads\/2013\/04\/fabio-cannavaro-1-300x232.jpg 300w, https:\/\/www.maxima-dia.com\/wp-content\/uploads\/2013\/04\/fabio-cannavaro-1.jpg 481w\" sizes=\"(max-width: 300px) 100vw, 300px\" \/><\/a><p id=\"caption-attachment-5069\" class=\"wp-caption-text\">Mirco Dall\u2019Olio, propri\u00e9taire de Maxima et Fabio Cannavaro<\/p><\/div>\n<p style=\"text-align: justify;\">La dynamique entreprise de Poviglio, active dans le domaine du b\u00e2timent et thermo-hydraulique avec la distribution d\u2019outils diamant\u00e9s et de machines de coupe et carottage, a choisi le champion de l\u2019\u00e9quipe nationale de football, qui succ\u00e8de au c\u00e9l\u00e8bre rugbyman italo-argentin Martin Castrogiovanni, continuant ainsi sur la lanc\u00e9e des personnalit\u00e9s d\u2019envergure du monde du sport.<\/p>\n<p style=\"text-align: justify;\">Mirco Dall\u2019Olio, le propri\u00e9taire de Maxima, explique les raisons de ce choix. \u00ab Fabio Cannavaro est le symbole parfait pour notre entreprise qui, dans le pay-off \u00ab Des disques de champions \u00bb exprime ce que nous faisons et comment nous le faisons. Notre exigence \u2013 continue Dall\u2019Olio \u2013 \u00e9tait de d\u00e9velopper nos march\u00e9s, essentiellement \u00e0 l\u2019\u00e9tranger, mais aussi dans le Sud de l\u2019Italie. Nous avons donc estim\u00e9 que Fabio Cannavaro \u00e9tait l\u2019un des meilleurs choix possibles. Malgr\u00e9 la difficile conjoncture \u00e9conomique actuelle, notamment dans notre secteur, nous avons d\u00e9cid\u00e9 d\u2019investir fortement sur la promotion de notre marque et nous esp\u00e9rons que les fruits ne tarderont pas \u00e0 arriver. D\u2019autre part, Fabio est une personnalit\u00e9 gagnante, \u00e9clectique, bien connu, m\u00eame \u00e0 l\u2019\u00e9tranger, et cela devrait nous \u00eatre d\u2019une grande aide \u00bb.<\/p>\nngg_shortcode_0_placeholder\n","protected":false},"excerpt":{"rendered":"<p>Fabio Cannavaro, le c\u00e9l\u00e8bre capitaine de l\u2019\u00e9quipe Nationale Italienne de football 2006, est le nouvel ambassadeur de Maxima pour 2013 La dynamique entreprise de Poviglio, active dans le domaine du b\u00e2timent et thermo-hydraulique avec la distribution d\u2019outils diamant\u00e9s et de machines de coupe et carottage, a choisi le champion de l\u2019\u00e9quipe nationale de football, qui succ\u00e8de au c\u00e9l\u00e8bre rugbyman italo-argentin Martin Castrogiovanni, continuant ainsi sur la lanc\u00e9e des personnalit\u00e9s d\u2019envergure du monde du sport. Mirco Dall\u2019Olio, le propri\u00e9taire de Maxima, explique les raisons de ce choix. \u00ab Fabio Cannavaro est le symbole parfait pour notre entreprise qui, dans le pay-off \u00ab Des disques de champions \u00bb exprime ce que nous faisons et comment nous le faisons. Notre exigence \u2013 continue Dall\u2019Olio \u2013 \u00e9tait de d\u00e9velopper nos march\u00e9s, essentiellement \u00e0 l\u2019\u00e9tranger, mais aussi dans le Sud de l\u2019Italie. Nous avons donc estim\u00e9 que Fabio Cannavaro \u00e9tait l\u2019un des meilleurs choix possibles. Malgr\u00e9 la difficile conjoncture \u00e9conomique actuelle, notamment dans notre secteur, nous avons d\u00e9cid\u00e9 d\u2019investir fortement sur la promotion de notre marque et nous esp\u00e9rons que les fruits ne tarderont pas \u00e0 arriver. D\u2019autre part, Fabio est une personnalit\u00e9 gagnante, \u00e9clectique, bien connu, m\u00eame \u00e0 l\u2019\u00e9tranger, et cela devrait nous \u00eatre [&hellip;]<\/p>\n","protected":false},"author":29,"featured_media":0,"parent":0,"menu_order":396,"comment_status":"closed","ping_status":"closed","template":"","meta":{"ngg_post_thumbnail":0,"_joinchat":[],"footnotes":""},"class_list":["post-9984","page","type-page","status-publish","hentry"],"yoast_head":"<!-- This site is optimized with the Yoast SEO plugin v25.5 - https:\/\/yoast.com\/wordpress\/plugins\/seo\/ -->\n<title>Le nouvel Ambassadeur MAXIMA pour 2013 - Maxima SpA<\/title>\n<meta name=\"description\" content=\"Le nouvel Ambassadeur MAXIMA pour 2013, Fabio Cannavaro\" \/>\n<meta name=\"robots\" content=\"index, follow, max-snippet:-1, max-image-preview:large, max-video-preview:-1\" \/>\n<link rel=\"canonical\" href=\"https:\/\/www.maxima-dia.com\/fr\/nouvel-ambassadeur-maxima-pour-2013\/\" \/>\n<meta property=\"og:locale\" content=\"fr_FR\" \/>\n<meta property=\"og:type\" content=\"article\" \/>\n<meta property=\"og:title\" content=\"Le nouvel Ambassadeur MAXIMA pour 2013 - Maxima SpA\" \/>\n<meta property=\"og:description\" content=\"Le nouvel Ambassadeur MAXIMA pour 2013, Fabio Cannavaro\" \/>\n<meta property=\"og:url\" content=\"https:\/\/www.maxima-dia.com\/fr\/nouvel-ambassadeur-maxima-pour-2013\/\" \/>\n<meta property=\"og:site_name\" content=\"Maxima SpA\" \/>\n<meta property=\"article:publisher\" content=\"https:\/\/www.facebook.com\/Maxima-spa-106098566139597\" \/>\n<meta property=\"article:modified_time\" content=\"2019-08-07T09:17:23+00:00\" \/>\n<meta property=\"og:image\" content=\"https:\/\/www.maxima-dia.com\/wp-content\/uploads\/2013\/04\/fabio-cannavaro-1-300x232.jpg\" \/>\n<meta name=\"twitter:card\" content=\"summary_large_image\" \/>\n<meta name=\"twitter:site\" content=\"@Maximadia\" \/>\n<meta name=\"twitter:label1\" content=\"Dur\u00e9e de lecture estim\u00e9e\" \/>\n\t<meta name=\"twitter:data1\" content=\"1 minute\" \/>\n<script type=\"application\/ld+json\" class=\"yoast-schema-graph\">{\"@context\":\"https:\/\/schema.org\",\"@graph\":[{\"@type\":\"WebPage\",\"@id\":\"https:\/\/www.maxima-dia.com\/fr\/nouvel-ambassadeur-maxima-pour-2013\/\",\"url\":\"https:\/\/www.maxima-dia.com\/fr\/nouvel-ambassadeur-maxima-pour-2013\/\",\"name\":\"Le nouvel Ambassadeur MAXIMA pour 2013 - Maxima SpA\",\"isPartOf\":{\"@id\":\"https:\/\/www.maxima-dia.com\/fr\/#website\"},\"primaryImageOfPage\":{\"@id\":\"https:\/\/www.maxima-dia.com\/fr\/nouvel-ambassadeur-maxima-pour-2013\/#primaryimage\"},\"image\":{\"@id\":\"https:\/\/www.maxima-dia.com\/fr\/nouvel-ambassadeur-maxima-pour-2013\/#primaryimage\"},\"thumbnailUrl\":\"https:\/\/www.maxima-dia.com\/wp-content\/uploads\/2013\/04\/fabio-cannavaro-1-300x232.jpg\",\"datePublished\":\"2014-07-01T12:19:46+00:00\",\"dateModified\":\"2019-08-07T09:17:23+00:00\",\"description\":\"Le nouvel Ambassadeur MAXIMA pour 2013, Fabio Cannavaro\",\"breadcrumb\":{\"@id\":\"https:\/\/www.maxima-dia.com\/fr\/nouvel-ambassadeur-maxima-pour-2013\/#breadcrumb\"},\"inLanguage\":\"fr-FR\",\"potentialAction\":[{\"@type\":\"ReadAction\",\"target\":[\"https:\/\/www.maxima-dia.com\/fr\/nouvel-ambassadeur-maxima-pour-2013\/\"]}]},{\"@type\":\"ImageObject\",\"inLanguage\":\"fr-FR\",\"@id\":\"https:\/\/www.maxima-dia.com\/fr\/nouvel-ambassadeur-maxima-pour-2013\/#primaryimage\",\"url\":\"https:\/\/www.maxima-dia.com\/wp-content\/uploads\/2013\/04\/fabio-cannavaro-1-300x232.jpg\",\"contentUrl\":\"https:\/\/www.maxima-dia.com\/wp-content\/uploads\/2013\/04\/fabio-cannavaro-1-300x232.jpg\"},{\"@type\":\"BreadcrumbList\",\"@id\":\"https:\/\/www.maxima-dia.com\/fr\/nouvel-ambassadeur-maxima-pour-2013\/#breadcrumb\",\"itemListElement\":[{\"@type\":\"ListItem\",\"position\":1,\"name\":\"Home\",\"item\":\"https:\/\/www.maxima-dia.com\/fr\/\"},{\"@type\":\"ListItem\",\"position\":2,\"name\":\"Le nouvel Ambassadeur MAXIMA pour 2013\"}]},{\"@type\":\"WebSite\",\"@id\":\"https:\/\/www.maxima-dia.com\/fr\/#website\",\"url\":\"https:\/\/www.maxima-dia.com\/fr\/\",\"name\":\"Maxima SpA\",\"description\":\"Only for the real professionals\",\"potentialAction\":[{\"@type\":\"SearchAction\",\"target\":{\"@type\":\"EntryPoint\",\"urlTemplate\":\"https:\/\/www.maxima-dia.com\/fr\/?s={search_term_string}\"},\"query-input\":{\"@type\":\"PropertyValueSpecification\",\"valueRequired\":true,\"valueName\":\"search_term_string\"}}],\"inLanguage\":\"fr-FR\"}]}<\/script>\n<!-- \/ Yoast SEO plugin. -->","yoast_head_json":{"title":"Le nouvel Ambassadeur MAXIMA pour 2013 - Maxima SpA","description":"Le nouvel Ambassadeur MAXIMA pour 2013, Fabio Cannavaro","robots":{"index":"index","follow":"follow","max-snippet":"max-snippet:-1","max-image-preview":"max-image-preview:large","max-video-preview":"max-video-preview:-1"},"canonical":"https:\/\/www.maxima-dia.com\/fr\/nouvel-ambassadeur-maxima-pour-2013\/","og_locale":"fr_FR","og_type":"article","og_title":"Le nouvel Ambassadeur MAXIMA pour 2013 - Maxima SpA","og_description":"Le nouvel Ambassadeur MAXIMA pour 2013, Fabio Cannavaro","og_url":"https:\/\/www.maxima-dia.com\/fr\/nouvel-ambassadeur-maxima-pour-2013\/","og_site_name":"Maxima SpA","article_publisher":"https:\/\/www.facebook.com\/Maxima-spa-106098566139597","article_modified_time":"2019-08-07T09:17:23+00:00","og_image":[{"url":"https:\/\/www.maxima-dia.com\/wp-content\/uploads\/2013\/04\/fabio-cannavaro-1-300x232.jpg","type":"","width":"","height":""}],"twitter_card":"summary_large_image","twitter_site":"@Maximadia","twitter_misc":{"Dur\u00e9e de lecture estim\u00e9e":"1 minute"},"schema":{"@context":"https:\/\/schema.org","@graph":[{"@type":"WebPage","@id":"https:\/\/www.maxima-dia.com\/fr\/nouvel-ambassadeur-maxima-pour-2013\/","url":"https:\/\/www.maxima-dia.com\/fr\/nouvel-ambassadeur-maxima-pour-2013\/","name":"Le nouvel Ambassadeur MAXIMA pour 2013 - Maxima SpA","isPartOf":{"@id":"https:\/\/www.maxima-dia.com\/fr\/#website"},"primaryImageOfPage":{"@id":"https:\/\/www.maxima-dia.com\/fr\/nouvel-ambassadeur-maxima-pour-2013\/#primaryimage"},"image":{"@id":"https:\/\/www.maxima-dia.com\/fr\/nouvel-ambassadeur-maxima-pour-2013\/#primaryimage"},"thumbnailUrl":"https:\/\/www.maxima-dia.com\/wp-content\/uploads\/2013\/04\/fabio-cannavaro-1-300x232.jpg","datePublished":"2014-07-01T12:19:46+00:00","dateModified":"2019-08-07T09:17:23+00:00","description":"Le nouvel Ambassadeur MAXIMA pour 2013, Fabio Cannavaro","breadcrumb":{"@id":"https:\/\/www.maxima-dia.com\/fr\/nouvel-ambassadeur-maxima-pour-2013\/#breadcrumb"},"inLanguage":"fr-FR","potentialAction":[{"@type":"ReadAction","target":["https:\/\/www.maxima-dia.com\/fr\/nouvel-ambassadeur-maxima-pour-2013\/"]}]},{"@type":"ImageObject","inLanguage":"fr-FR","@id":"https:\/\/www.maxima-dia.com\/fr\/nouvel-ambassadeur-maxima-pour-2013\/#primaryimage","url":"https:\/\/www.maxima-dia.com\/wp-content\/uploads\/2013\/04\/fabio-cannavaro-1-300x232.jpg","contentUrl":"https:\/\/www.maxima-dia.com\/wp-content\/uploads\/2013\/04\/fabio-cannavaro-1-300x232.jpg"},{"@type":"BreadcrumbList","@id":"https:\/\/www.maxima-dia.com\/fr\/nouvel-ambassadeur-maxima-pour-2013\/#breadcrumb","itemListElement":[{"@type":"ListItem","position":1,"name":"Home","item":"https:\/\/www.maxima-dia.com\/fr\/"},{"@type":"ListItem","position":2,"name":"Le nouvel Ambassadeur MAXIMA pour 2013"}]},{"@type":"WebSite","@id":"https:\/\/www.maxima-dia.com\/fr\/#website","url":"https:\/\/www.maxima-dia.com\/fr\/","name":"Maxima SpA","description":"Only for the real professionals","potentialAction":[{"@type":"SearchAction","target":{"@type":"EntryPoint","urlTemplate":"https:\/\/www.maxima-dia.com\/fr\/?s={search_term_string}"},"query-input":{"@type":"PropertyValueSpecification","valueRequired":true,"valueName":"search_term_string"}}],"inLanguage":"fr-FR"}]}},"_links":{"self":[{"href":"https:\/\/www.maxima-dia.com\/fr\/wp-json\/wp\/v2\/pages\/9984"}],"collection":[{"href":"https:\/\/www.maxima-dia.com\/fr\/wp-json\/wp\/v2\/pages"}],"about":[{"href":"https:\/\/www.maxima-dia.com\/fr\/wp-json\/wp\/v2\/types\/page"}],"author":[{"embeddable":true,"href":"https:\/\/www.maxima-dia.com\/fr\/wp-json\/wp\/v2\/users\/29"}],"replies":[{"embeddable":true,"href":"https:\/\/www.maxima-dia.com\/fr\/wp-json\/wp\/v2\/comments?post=9984"}],"version-history":[{"count":0,"href":"https:\/\/www.maxima-dia.com\/fr\/wp-json\/wp\/v2\/pages\/9984\/revisions"}],"wp:attachment":[{"href":"https:\/\/www.maxima-dia.com\/fr\/wp-json\/wp\/v2\/media?parent=9984"}],"curies":[{"name":"wp","href":"https:\/\/api.w.org\/{rel}","templated":true}]}}