{"id":14960,"date":"2017-02-28T11:48:27","date_gmt":"2017-02-28T10:48:27","guid":{"rendered":"http:\/\/www.maxima-dia.com\/?page_id=14960\/"},"modified":"2023-11-06T16:21:34","modified_gmt":"2023-11-06T15:21:34","slug":"cer-amaranto","status":"publish","type":"page","link":"https:\/\/www.maxima-dia.com\/it\/dischi-diamantati-per-ceramica\/cer-amaranto\/","title":{"rendered":"Cer Amaranto"},"content":{"rendered":"<div class=\"wpb-content-wrapper\"><p>[vc_row][vc_column text_align=&#8221;center&#8221; width=&#8221;1\/4&#8243;][vc_column_text]<a href=\"\/wp-content\/uploads\/2017\/02\/cer-amaranto.jpg\"><img loading=\"lazy\" decoding=\"async\" class=\"alignnone wp-image-13831 size-thumbnail\" src=\"\/wp-content\/uploads\/2017\/02\/cer-amaranto-300x300.jpg\" alt=\"CER AMARANTO TURBO\" width=\"150\" height=\"150\" srcset=\"https:\/\/www.maxima-dia.com\/wp-content\/uploads\/2017\/02\/cer-amaranto-300x300.jpg 300w, https:\/\/www.maxima-dia.com\/wp-content\/uploads\/2017\/02\/cer-amaranto-1024x1024.jpg 1024w, https:\/\/www.maxima-dia.com\/wp-content\/uploads\/2017\/02\/cer-amaranto-150x150.jpg 150w, https:\/\/www.maxima-dia.com\/wp-content\/uploads\/2017\/02\/cer-amaranto-768x768.jpg 768w, https:\/\/www.maxima-dia.com\/wp-content\/uploads\/2017\/02\/cer-amaranto-80x80.jpg 80w, https:\/\/www.maxima-dia.com\/wp-content\/uploads\/2017\/02\/cer-amaranto-500x500.jpg 500w, https:\/\/www.maxima-dia.com\/wp-content\/uploads\/2017\/02\/cer-amaranto-1000x1000.jpg 1000w, https:\/\/www.maxima-dia.com\/wp-content\/uploads\/2017\/02\/cer-amaranto.jpg 1200w\" sizes=\"(max-width: 150px) 100vw, 150px\" \/><\/a><\/p>\n<p><span style=\"background-color: #cc0000; color: #ffffff; padding: 5px;\">Sp. 1,2 mm<\/span><\/p>\n<p><a href=\"\/wp-content\/uploads\/2017\/02\/cer-amaranto-flangia.jpg\"><img loading=\"lazy\" decoding=\"async\" class=\"alignnone wp-image-13830 size-thumbnail\" src=\"\/wp-content\/uploads\/2017\/02\/cer-amaranto-flangia-300x300.jpg\" alt=\"CER AMARANTO TURBO RINFORZO\" width=\"150\" height=\"150\" srcset=\"https:\/\/www.maxima-dia.com\/wp-content\/uploads\/2017\/02\/cer-amaranto-flangia-300x300.jpg 300w, https:\/\/www.maxima-dia.com\/wp-content\/uploads\/2017\/02\/cer-amaranto-flangia-1024x1024.jpg 1024w, https:\/\/www.maxima-dia.com\/wp-content\/uploads\/2017\/02\/cer-amaranto-flangia-150x150.jpg 150w, https:\/\/www.maxima-dia.com\/wp-content\/uploads\/2017\/02\/cer-amaranto-flangia-768x768.jpg 768w, https:\/\/www.maxima-dia.com\/wp-content\/uploads\/2017\/02\/cer-amaranto-flangia-80x80.jpg 80w, https:\/\/www.maxima-dia.com\/wp-content\/uploads\/2017\/02\/cer-amaranto-flangia-500x500.jpg 500w, https:\/\/www.maxima-dia.com\/wp-content\/uploads\/2017\/02\/cer-amaranto-flangia-1000x1000.jpg 1000w, https:\/\/www.maxima-dia.com\/wp-content\/uploads\/2017\/02\/cer-amaranto-flangia.jpg 1200w\" sizes=\"(max-width: 150px) 100vw, 150px\" \/><\/a><\/p>\n<p><span style=\"background-color: #cc0000; color: #ffffff; padding: 5px;\">Sp. 1,2 mm<\/span>[\/vc_column_text][vc_column_text css_animation=&#8221;slideInDown&#8221; el_class=&#8221;hidebuybutton&#8221;]<a href=\"https:\/\/www.storemaxima.com\/it\/dischi-per-ceramica\/191-cer-amaranto-turbo.html\" target=\"_blank\" rel=\"noopener\"><img loading=\"lazy\" decoding=\"async\" class=\"alignnone\" title=\"Acquista su www.storemaxima.com\" src=\"https:\/\/www.maxima-dia.com\/wp-content\/uploads\/2019\/12\/pulsante-acquista-storemaxima.com-it.svg\" width=\"180\" height=\"80\"><\/a>[\/vc_column_text][vc_btn title=&#8221;Scheda prodotto&#8221; style=&#8221;outline-custom&#8221; outline_custom_color=&#8221;#cc0000&#8243; outline_custom_hover_background=&#8221;#910000&#8243; outline_custom_hover_text=&#8221;#f7f7f7&#8243; align=&#8221;center&#8221; i_icon_fontawesome=&#8221;fas fa-download&#8221; add_icon=&#8221;true&#8221; css=&#8221;.vc_custom_1681282586624{margin-top: 5px !important;margin-right: 5px !important;margin-bottom: 5px !important;margin-left: 5px !important;}&#8221; link=&#8221;url:%2Fdl.php%3Ffile_url%3Dhttps%3A%2F%2Fwww.maxima-dia.com%2Fwp-content%2Fuploads%2F2023%2F04%2FDISCHI-CERAMICA-CER-AMARANTO-IT.pdf&#8221;][\/vc_column][vc_column width=&#8221;3\/4&#8243;][vc_column_text]<strong>Cer Amaranto<\/strong> \u00e8 il nuovissimo disco della gamma, upgrade del disco maggiormente in ascesa nella classifica delle vendite: il <a href=\"https:\/\/www.maxima-dia.com\/it\/dischi-diamantati-per-ceramica\/cer-rosa-turbo\/\"><strong>Cer-Rosa Turbo<\/strong><\/a>. Pochi ma importanti dettagli li differenziano. Cer Amaranto si riconosce per il design unico della corona diamantata, che produce maggiore precisione di taglio e raffreddamento, a livelli davvero eccezionali. La maggior durata \u00e8 ottenuta alzando l\u2019altezza della corona a 10 mm. Le performance da top di gamma rassicurano l\u2019utente in qualsiasi utilizzo.<br \/>\n<strong>Per ragioni di sicurezza, \u00e8 sconsigliabile utilizzare dischi ultrasottili per il taglio a jolly.<br \/>\nDisponibile anche nella versione X-Lock nei \u00f8 115 e 125.<\/strong>[\/vc_column_text][vc_video link=&#8221;https:\/\/www.youtube.com\/watch?v=Yeoa4XFbNE0&#8243; css=&#8221;.vc_custom_1699284074969{margin-top: 30px !important;margin-bottom: 30px !important;}&#8221;][vc_column_text]<\/p>\n<table class=\"tabellatecnica\" style=\"width: 80%;\" border=\"0\" cellspacing=\"0\" cellpadding=\"0\">\n<thead>\n<tr>\n<td class=\"testata\" colspan=\"2\">TABELLA TECNICA<\/td>\n<\/tr>\n<\/thead>\n<tbody>\n<tr>\n<td class=\"prima\">Cemento \/ Laterizi \/ Tegole<\/td>\n<td class=\"seconda\">&nbsp;<\/td>\n<\/tr>\n<tr>\n<td class=\"prima\">Calcestruzzo poco armato<\/td>\n<td class=\"seconda\">&nbsp;<\/td>\n<\/tr>\n<tr>\n<td class=\"prima\">Calcestruzzo molto armato<\/td>\n<td class=\"seconda\">&nbsp;<\/td>\n<\/tr>\n<tr>\n<td class=\"prima\">Graniti \/ Pietre naturali \/ Porfidi<\/td>\n<td class=\"seconda\"><b class=\"txtred\">\u2605<\/b><b class=\"txtred\">\u2605<\/b><b class=\"txtred\">\u2605<\/b><b class=\"txtred\">\u2605<\/b><b class=\"txtred\">\u2605<\/b><\/td>\n<\/tr>\n<tr>\n<td class=\"prima\">Marmi<\/td>\n<td class=\"seconda\"><b class=\"txtred\">\u2605<\/b><b class=\"txtred\">\u2605<\/b><b class=\"txtred\">\u2605<\/b><b class=\"txtred\">\u2605<\/b><\/td>\n<\/tr>\n<tr>\n<td class=\"prima\">Refrattari<\/td>\n<td class=\"seconda\">&nbsp;<\/td>\n<\/tr>\n<tr>\n<td class=\"prima\">Arenarie \/ Piastre ghiaino lavato<\/td>\n<td class=\"seconda\">&nbsp;<\/td>\n<\/tr>\n<tr>\n<td class=\"prima\">Ceramica bicottura<\/td>\n<td class=\"seconda\"><b class=\"txtred\">\u2605<\/b><b class=\"txtred\">\u2605<\/b><b class=\"txtred\">\u2605<\/b><b class=\"txtred\">\u2605<\/b><b class=\"txtred\">\u2605<\/b><\/td>\n<\/tr>\n<tr>\n<td class=\"prima\">Ceramica monocottura<\/td>\n<td class=\"seconda\"><b class=\"txtred\">\u2605<\/b><b class=\"txtred\">\u2605<\/b><b class=\"txtred\">\u2605<\/b><b class=\"txtred\">\u2605<\/b><b class=\"txtred\">\u2605<\/b><\/td>\n<\/tr>\n<tr>\n<td class=\"prima\">Gres porcellanato \/ Klinker<\/td>\n<td class=\"seconda\"><b class=\"txtred\">\u2605<\/b><b class=\"txtred\">\u2605<\/b><b class=\"txtred\">\u2605<\/b><b class=\"txtred\">\u2605<\/b><b class=\"txtred\">\u2605<\/b><\/td>\n<\/tr>\n<tr>\n<td class=\"prima\">Cemento fresco<\/td>\n<td class=\"seconda\">&nbsp;<\/td>\n<\/tr>\n<tr>\n<td class=\"prima\">Asfalto<\/td>\n<td class=\"seconda\">&nbsp;<\/td>\n<\/tr>\n<tr>\n<td class=\"intervallo\" colspan=\"2\">&nbsp;<\/td>\n<\/tr>\n<tr>\n<td class=\"prima\">Velocit\u00e0 di taglio<\/td>\n<td class=\"seconda\"><b class=\"txtred\">\u2605<\/b><b class=\"txtred\">\u2605<\/b><b class=\"txtred\">\u2605<\/b><b class=\"txtred\">\u2605<\/b><b class=\"txtred\">\u2605<\/b><\/td>\n<\/tr>\n<tr>\n<td class=\"prima\">Durata media<\/td>\n<td class=\"seconda\"><b class=\"txtred\">\u2605<\/b><b class=\"txtred\">\u2605<\/b><b class=\"txtred\">\u2605<\/b><b class=\"txtred\">\u2605<\/b><\/td>\n<\/tr>\n<tr>\n<td class=\"legenda\" colspan=\"2\"><strong>sufficiente<\/strong>&nbsp;<b class=\"txtred\">\u2605<\/b>&nbsp;&nbsp;&nbsp;&nbsp; <strong>medio<\/strong> <b class=\"txtred\">\u2605<\/b><b class=\"txtred\">\u2605<\/b>&nbsp;&nbsp;&nbsp;&nbsp; <strong>buono<\/strong> <b class=\"txtred\">\u2605<\/b><b class=\"txtred\">\u2605<\/b><b class=\"txtred\">\u2605<\/b>&nbsp;&nbsp;&nbsp;&nbsp; <strong>ottimo<\/strong> <b class=\"txtred\">\u2605<\/b><b class=\"txtred\">\u2605<\/b><b class=\"txtred\">\u2605<\/b><b class=\"txtred\">\u2605<\/b>&nbsp;&nbsp;&nbsp;&nbsp; <strong>super<\/strong> <b class=\"txtred\">\u2605<\/b><b class=\"txtred\">\u2605<\/b><b class=\"txtred\">\u2605<\/b><b class=\"txtred\">\u2605<\/b><b class=\"txtred\">\u2605<\/b><\/td>\n<\/tr>\n<\/tbody>\n<\/table>\n<p>&nbsp;<\/p>\n<table class=\"tabellatecnica\" style=\"width: 80%;\" border=\"0\" cellspacing=\"0\" cellpadding=\"0\">\n<thead>\n<tr>\n<td class=\"testata\">DIAMETRI DISPONIBILI<\/td>\n<\/tr>\n<\/thead>\n<tbody>\n<tr>\n<td><img loading=\"lazy\" decoding=\"async\" class=\"alignleft\" style=\"margin-bottom: 30px;\" src=\"\/wp-content\/uploads\/2013\/10\/s-taglio1.png\" alt=\"s-taglio1\" width=\"64\" height=\"30\"> 115-125<\/td>\n<\/tr>\n<\/tbody>\n<\/table>\n<p>&nbsp;[\/vc_column_text][\/vc_column][\/vc_row]<\/p>\n<\/div>","protected":false},"excerpt":{"rendered":"<p>[vc_row][vc_column text_align=&#8221;center&#8221; width=&#8221;1\/4&#8243;][vc_column_text] Sp. 1,2 mm Sp. 1,2 mm[\/vc_column_text][vc_column_text css_animation=&#8221;slideInDown&#8221; el_class=&#8221;hidebuybutton&#8221;][\/vc_column_text][vc_btn title=&#8221;Scheda prodotto&#8221; style=&#8221;outline-custom&#8221; outline_custom_color=&#8221;#cc0000&#8243; outline_custom_hover_background=&#8221;#910000&#8243; outline_custom_hover_text=&#8221;#f7f7f7&#8243; align=&#8221;center&#8221; i_icon_fontawesome=&#8221;fas fa-download&#8221; add_icon=&#8221;true&#8221; css=&#8221;.vc_custom_1681282586624{margin-top: 5px !important;margin-right: 5px !important;margin-bottom: 5px !important;margin-left: 5px !important;}&#8221; link=&#8221;url:%2Fdl.php%3Ffile_url%3Dhttps%3A%2F%2Fwww.maxima-dia.com%2Fwp-content%2Fuploads%2F2023%2F04%2FDISCHI-CERAMICA-CER-AMARANTO-IT.pdf&#8221;][\/vc_column][vc_column width=&#8221;3\/4&#8243;][vc_column_text]Cer Amaranto \u00e8 il nuovissimo disco della gamma, upgrade del disco maggiormente in ascesa nella classifica delle vendite: il Cer-Rosa Turbo. Pochi ma importanti dettagli li differenziano. Cer Amaranto si riconosce per il design unico della corona diamantata, che produce maggiore precisione di taglio e raffreddamento, a livelli davvero eccezionali. La maggior durata \u00e8 ottenuta alzando l\u2019altezza della corona a 10 mm. Le performance da top di gamma rassicurano l\u2019utente in qualsiasi utilizzo. Per ragioni di sicurezza, \u00e8 sconsigliabile utilizzare dischi ultrasottili per il taglio a jolly. Disponibile anche nella versione X-Lock nei \u00f8 115 e 125.[\/vc_column_text][vc_video link=&#8221;https:\/\/www.youtube.com\/watch?v=Yeoa4XFbNE0&#8243; css=&#8221;.vc_custom_1699284074969{margin-top: 30px !important;margin-bottom: 30px !important;}&#8221;][vc_column_text] TABELLA TECNICA Cemento \/ Laterizi \/ Tegole &nbsp; Calcestruzzo poco armato &nbsp; Calcestruzzo molto armato &nbsp; Graniti \/ Pietre naturali \/ Porfidi \u2605\u2605\u2605\u2605\u2605 Marmi \u2605\u2605\u2605\u2605 Refrattari &nbsp; Arenarie \/ Piastre ghiaino lavato &nbsp; Ceramica bicottura \u2605\u2605\u2605\u2605\u2605 Ceramica monocottura \u2605\u2605\u2605\u2605\u2605 Gres porcellanato \/ Klinker \u2605\u2605\u2605\u2605\u2605 Cemento fresco &nbsp; Asfalto &nbsp; &nbsp; Velocit\u00e0 di taglio \u2605\u2605\u2605\u2605\u2605 Durata media \u2605\u2605\u2605\u2605 sufficiente&nbsp;\u2605&nbsp;&nbsp;&nbsp;&nbsp; medio \u2605\u2605&nbsp;&nbsp;&nbsp;&nbsp; buono \u2605\u2605\u2605&nbsp;&nbsp;&nbsp;&nbsp; ottimo \u2605\u2605\u2605\u2605&nbsp;&nbsp;&nbsp;&nbsp; super \u2605\u2605\u2605\u2605\u2605 [&hellip;]<\/p>\n","protected":false},"author":29,"featured_media":13831,"parent":12410,"menu_order":2,"comment_status":"closed","ping_status":"closed","template":"","meta":{"ngg_post_thumbnail":0,"_joinchat":[],"footnotes":""},"class_list":["post-14960","page","type-page","status-publish","has-post-thumbnail","hentry"],"yoast_head":"<!-- This site is optimized with the Yoast SEO plugin v25.5 - https:\/\/yoast.com\/wordpress\/plugins\/seo\/ -->\n<title>Cer Amaranto - Maxima SpA<\/title>\n<meta name=\"description\" content=\"Questo disco ultrasottile \u00e8 la naturale evoluzione del disco pi\u00f9 venduto e pi\u00f9 imitato del mercato: il Cer Rosa Turbo.\" \/>\n<meta name=\"robots\" content=\"index, follow, max-snippet:-1, max-image-preview:large, max-video-preview:-1\" \/>\n<link rel=\"canonical\" href=\"https:\/\/www.maxima-dia.com\/it\/dischi-diamantati-per-ceramica\/cer-amaranto\/\" \/>\n<meta property=\"og:locale\" content=\"it_IT\" \/>\n<meta property=\"og:type\" content=\"article\" \/>\n<meta property=\"og:title\" content=\"Cer Amaranto - Maxima SpA\" \/>\n<meta property=\"og:description\" content=\"Questo disco ultrasottile \u00e8 la naturale evoluzione del disco pi\u00f9 venduto e pi\u00f9 imitato del mercato: il Cer Rosa Turbo.\" \/>\n<meta property=\"og:url\" content=\"https:\/\/www.maxima-dia.com\/it\/dischi-diamantati-per-ceramica\/cer-amaranto\/\" \/>\n<meta property=\"og:site_name\" content=\"Maxima SpA\" \/>\n<meta property=\"article:publisher\" content=\"https:\/\/www.facebook.com\/Maxima-spa-106098566139597\" \/>\n<meta property=\"article:modified_time\" content=\"2023-11-06T15:21:34+00:00\" \/>\n<meta property=\"og:image\" content=\"https:\/\/www.maxima-dia.com\/wp-content\/uploads\/2017\/02\/cer-amaranto.jpg\" \/>\n\t<meta property=\"og:image:width\" content=\"1200\" \/>\n\t<meta property=\"og:image:height\" content=\"1200\" \/>\n\t<meta property=\"og:image:type\" content=\"image\/jpeg\" \/>\n<meta name=\"twitter:card\" content=\"summary_large_image\" \/>\n<meta name=\"twitter:site\" content=\"@Maximadia\" \/>\n<meta name=\"twitter:label1\" content=\"Tempo di lettura stimato\" \/>\n\t<meta name=\"twitter:data1\" content=\"12 minuti\" \/>\n<script type=\"application\/ld+json\" class=\"yoast-schema-graph\">{\"@context\":\"https:\/\/schema.org\",\"@graph\":[{\"@type\":\"WebPage\",\"@id\":\"https:\/\/www.maxima-dia.com\/it\/dischi-diamantati-per-ceramica\/cer-amaranto\/\",\"url\":\"https:\/\/www.maxima-dia.com\/it\/dischi-diamantati-per-ceramica\/cer-amaranto\/\",\"name\":\"Cer Amaranto - Maxima SpA\",\"isPartOf\":{\"@id\":\"https:\/\/www.maxima-dia.com\/it\/#website\"},\"primaryImageOfPage\":{\"@id\":\"https:\/\/www.maxima-dia.com\/it\/dischi-diamantati-per-ceramica\/cer-amaranto\/#primaryimage\"},\"image\":{\"@id\":\"https:\/\/www.maxima-dia.com\/it\/dischi-diamantati-per-ceramica\/cer-amaranto\/#primaryimage\"},\"thumbnailUrl\":\"https:\/\/www.maxima-dia.com\/wp-content\/uploads\/2017\/02\/cer-amaranto.jpg\",\"datePublished\":\"2017-02-28T10:48:27+00:00\",\"dateModified\":\"2023-11-06T15:21:34+00:00\",\"description\":\"Questo disco ultrasottile \u00e8 la naturale evoluzione del disco pi\u00f9 venduto e pi\u00f9 imitato del mercato: il Cer Rosa Turbo.\",\"breadcrumb\":{\"@id\":\"https:\/\/www.maxima-dia.com\/it\/dischi-diamantati-per-ceramica\/cer-amaranto\/#breadcrumb\"},\"inLanguage\":\"it-IT\",\"potentialAction\":[{\"@type\":\"ReadAction\",\"target\":[\"https:\/\/www.maxima-dia.com\/it\/dischi-diamantati-per-ceramica\/cer-amaranto\/\"]}]},{\"@type\":\"ImageObject\",\"inLanguage\":\"it-IT\",\"@id\":\"https:\/\/www.maxima-dia.com\/it\/dischi-diamantati-per-ceramica\/cer-amaranto\/#primaryimage\",\"url\":\"https:\/\/www.maxima-dia.com\/wp-content\/uploads\/2017\/02\/cer-amaranto.jpg\",\"contentUrl\":\"https:\/\/www.maxima-dia.com\/wp-content\/uploads\/2017\/02\/cer-amaranto.jpg\",\"width\":1200,\"height\":1200,\"caption\":\"CER AMARANTO TURBO\"},{\"@type\":\"BreadcrumbList\",\"@id\":\"https:\/\/www.maxima-dia.com\/it\/dischi-diamantati-per-ceramica\/cer-amaranto\/#breadcrumb\",\"itemListElement\":[{\"@type\":\"ListItem\",\"position\":1,\"name\":\"Home\",\"item\":\"https:\/\/www.maxima-dia.com\/it\/\"},{\"@type\":\"ListItem\",\"position\":2,\"name\":\"Dischi Diamantati per Ceramica\",\"item\":\"https:\/\/www.maxima-dia.com\/it\/dischi-diamantati-per-ceramica\/\"},{\"@type\":\"ListItem\",\"position\":3,\"name\":\"Cer Amaranto\"}]},{\"@type\":\"WebSite\",\"@id\":\"https:\/\/www.maxima-dia.com\/it\/#website\",\"url\":\"https:\/\/www.maxima-dia.com\/it\/\",\"name\":\"Maxima SpA\",\"description\":\"Only for the real professionals\",\"potentialAction\":[{\"@type\":\"SearchAction\",\"target\":{\"@type\":\"EntryPoint\",\"urlTemplate\":\"https:\/\/www.maxima-dia.com\/it\/?s={search_term_string}\"},\"query-input\":{\"@type\":\"PropertyValueSpecification\",\"valueRequired\":true,\"valueName\":\"search_term_string\"}}],\"inLanguage\":\"it-IT\"}]}<\/script>\n<!-- \/ Yoast SEO plugin. -->","yoast_head_json":{"title":"Cer Amaranto - Maxima SpA","description":"Questo disco ultrasottile \u00e8 la naturale evoluzione del disco pi\u00f9 venduto e pi\u00f9 imitato del mercato: il Cer Rosa Turbo.","robots":{"index":"index","follow":"follow","max-snippet":"max-snippet:-1","max-image-preview":"max-image-preview:large","max-video-preview":"max-video-preview:-1"},"canonical":"https:\/\/www.maxima-dia.com\/it\/dischi-diamantati-per-ceramica\/cer-amaranto\/","og_locale":"it_IT","og_type":"article","og_title":"Cer Amaranto - Maxima SpA","og_description":"Questo disco ultrasottile \u00e8 la naturale evoluzione del disco pi\u00f9 venduto e pi\u00f9 imitato del mercato: il Cer Rosa Turbo.","og_url":"https:\/\/www.maxima-dia.com\/it\/dischi-diamantati-per-ceramica\/cer-amaranto\/","og_site_name":"Maxima SpA","article_publisher":"https:\/\/www.facebook.com\/Maxima-spa-106098566139597","article_modified_time":"2023-11-06T15:21:34+00:00","og_image":[{"width":1200,"height":1200,"url":"https:\/\/www.maxima-dia.com\/wp-content\/uploads\/2017\/02\/cer-amaranto.jpg","type":"image\/jpeg"}],"twitter_card":"summary_large_image","twitter_site":"@Maximadia","twitter_misc":{"Tempo di lettura stimato":"12 minuti"},"schema":{"@context":"https:\/\/schema.org","@graph":[{"@type":"WebPage","@id":"https:\/\/www.maxima-dia.com\/it\/dischi-diamantati-per-ceramica\/cer-amaranto\/","url":"https:\/\/www.maxima-dia.com\/it\/dischi-diamantati-per-ceramica\/cer-amaranto\/","name":"Cer Amaranto - Maxima SpA","isPartOf":{"@id":"https:\/\/www.maxima-dia.com\/it\/#website"},"primaryImageOfPage":{"@id":"https:\/\/www.maxima-dia.com\/it\/dischi-diamantati-per-ceramica\/cer-amaranto\/#primaryimage"},"image":{"@id":"https:\/\/www.maxima-dia.com\/it\/dischi-diamantati-per-ceramica\/cer-amaranto\/#primaryimage"},"thumbnailUrl":"https:\/\/www.maxima-dia.com\/wp-content\/uploads\/2017\/02\/cer-amaranto.jpg","datePublished":"2017-02-28T10:48:27+00:00","dateModified":"2023-11-06T15:21:34+00:00","description":"Questo disco ultrasottile \u00e8 la naturale evoluzione del disco pi\u00f9 venduto e pi\u00f9 imitato del mercato: il Cer Rosa Turbo.","breadcrumb":{"@id":"https:\/\/www.maxima-dia.com\/it\/dischi-diamantati-per-ceramica\/cer-amaranto\/#breadcrumb"},"inLanguage":"it-IT","potentialAction":[{"@type":"ReadAction","target":["https:\/\/www.maxima-dia.com\/it\/dischi-diamantati-per-ceramica\/cer-amaranto\/"]}]},{"@type":"ImageObject","inLanguage":"it-IT","@id":"https:\/\/www.maxima-dia.com\/it\/dischi-diamantati-per-ceramica\/cer-amaranto\/#primaryimage","url":"https:\/\/www.maxima-dia.com\/wp-content\/uploads\/2017\/02\/cer-amaranto.jpg","contentUrl":"https:\/\/www.maxima-dia.com\/wp-content\/uploads\/2017\/02\/cer-amaranto.jpg","width":1200,"height":1200,"caption":"CER AMARANTO TURBO"},{"@type":"BreadcrumbList","@id":"https:\/\/www.maxima-dia.com\/it\/dischi-diamantati-per-ceramica\/cer-amaranto\/#breadcrumb","itemListElement":[{"@type":"ListItem","position":1,"name":"Home","item":"https:\/\/www.maxima-dia.com\/it\/"},{"@type":"ListItem","position":2,"name":"Dischi Diamantati per Ceramica","item":"https:\/\/www.maxima-dia.com\/it\/dischi-diamantati-per-ceramica\/"},{"@type":"ListItem","position":3,"name":"Cer Amaranto"}]},{"@type":"WebSite","@id":"https:\/\/www.maxima-dia.com\/it\/#website","url":"https:\/\/www.maxima-dia.com\/it\/","name":"Maxima SpA","description":"Only for the real professionals","potentialAction":[{"@type":"SearchAction","target":{"@type":"EntryPoint","urlTemplate":"https:\/\/www.maxima-dia.com\/it\/?s={search_term_string}"},"query-input":{"@type":"PropertyValueSpecification","valueRequired":true,"valueName":"search_term_string"}}],"inLanguage":"it-IT"}]}},"_links":{"self":[{"href":"https:\/\/www.maxima-dia.com\/it\/wp-json\/wp\/v2\/pages\/14960"}],"collection":[{"href":"https:\/\/www.maxima-dia.com\/it\/wp-json\/wp\/v2\/pages"}],"about":[{"href":"https:\/\/www.maxima-dia.com\/it\/wp-json\/wp\/v2\/types\/page"}],"author":[{"embeddable":true,"href":"https:\/\/www.maxima-dia.com\/it\/wp-json\/wp\/v2\/users\/29"}],"replies":[{"embeddable":true,"href":"https:\/\/www.maxima-dia.com\/it\/wp-json\/wp\/v2\/comments?post=14960"}],"version-history":[{"count":4,"href":"https:\/\/www.maxima-dia.com\/it\/wp-json\/wp\/v2\/pages\/14960\/revisions"}],"predecessor-version":[{"id":41983,"href":"https:\/\/www.maxima-dia.com\/it\/wp-json\/wp\/v2\/pages\/14960\/revisions\/41983"}],"up":[{"embeddable":true,"href":"https:\/\/www.maxima-dia.com\/it\/wp-json\/wp\/v2\/pages\/12410"}],"wp:featuredmedia":[{"embeddable":true,"href":"https:\/\/www.maxima-dia.com\/it\/wp-json\/wp\/v2\/media\/13831"}],"wp:attachment":[{"href":"https:\/\/www.maxima-dia.com\/it\/wp-json\/wp\/v2\/media?parent=14960"}],"curies":[{"name":"wp","href":"https:\/\/api.w.org\/{rel}","templated":true}]}}