{"id":28139,"date":"2021-06-23T09:41:03","date_gmt":"2021-06-23T07:41:03","guid":{"rendered":"https:\/\/www.maxima-dia.com\/?page_id=28139"},"modified":"2026-04-02T15:28:17","modified_gmt":"2026-04-02T13:28:17","slug":"disco-diamantato-laser-amaranto-silent","status":"publish","type":"page","link":"https:\/\/www.maxima-dia.com\/it\/dischi-diamantati-universali-laser\/disco-diamantato-laser-amaranto-silent\/","title":{"rendered":"Laser Amaranto Silent"},"content":{"rendered":"<div class=\"wpb-content-wrapper\"><p>[vc_row][vc_column text_align=&#8221;center&#8221; width=&#8221;1\/4&#8243;][vc_column_text]<a href=\"https:\/\/www.maxima-dia.com\/wp-content\/uploads\/2021\/06\/LASER_AMARANTO_SILENT.jpg\"><img loading=\"lazy\" decoding=\"async\" class=\"alignnone wp-image-28148 size-thumbnail\" src=\"https:\/\/www.maxima-dia.com\/wp-content\/uploads\/2021\/06\/LASER_AMARANTO_SILENT-150x150.jpg\" alt=\"\" width=\"150\" height=\"150\" srcset=\"https:\/\/www.maxima-dia.com\/wp-content\/uploads\/2021\/06\/LASER_AMARANTO_SILENT-150x150.jpg 150w, https:\/\/www.maxima-dia.com\/wp-content\/uploads\/2021\/06\/LASER_AMARANTO_SILENT-300x300.jpg 300w, https:\/\/www.maxima-dia.com\/wp-content\/uploads\/2021\/06\/LASER_AMARANTO_SILENT-1024x1024.jpg 1024w, https:\/\/www.maxima-dia.com\/wp-content\/uploads\/2021\/06\/LASER_AMARANTO_SILENT-768x768.jpg 768w, https:\/\/www.maxima-dia.com\/wp-content\/uploads\/2021\/06\/LASER_AMARANTO_SILENT-1536x1536.jpg 1536w, https:\/\/www.maxima-dia.com\/wp-content\/uploads\/2021\/06\/LASER_AMARANTO_SILENT-80x80.jpg 80w, https:\/\/www.maxima-dia.com\/wp-content\/uploads\/2021\/06\/LASER_AMARANTO_SILENT-500x500.jpg 500w, https:\/\/www.maxima-dia.com\/wp-content\/uploads\/2021\/06\/LASER_AMARANTO_SILENT-1000x1000.jpg 1000w, https:\/\/www.maxima-dia.com\/wp-content\/uploads\/2021\/06\/LASER_AMARANTO_SILENT.jpg 1700w\" sizes=\"(max-width: 150px) 100vw, 150px\" \/><\/a><\/p>\n<p><span style=\"background-color: #cc0000; color: #ffffff; padding: 5px;\">H.12 mm<\/span>[\/vc_column_text][vc_column_text css_animation=&#8221;slideInDown&#8221; el_class=&#8221;hidebuybutton&#8221;]<a href=\"https:\/\/www.storemaxima.com\/es\/discos-de-diamante-universales-laser\/272-laser-amaranto-silent.html\" target=\"_blank\" rel=\"noopener\"><img loading=\"lazy\" decoding=\"async\" class=\"alignnone\" title=\"Acquista su www.storemaxima.com\" src=\"https:\/\/www.maxima-dia.com\/wp-content\/uploads\/2019\/12\/pulsante-acquista-storemaxima.com-it.svg\" alt=\"\" width=\"180\" height=\"80\"><\/a>[\/vc_column_text][vc_btn title=&#8221;Scheda prodotto&#8221; style=&#8221;outline-custom&#8221; outline_custom_color=&#8221;#cc0000&#8243; outline_custom_hover_background=&#8221;#910000&#8243; outline_custom_hover_text=&#8221;#f7f7f7&#8243; align=&#8221;center&#8221; i_icon_fontawesome=&#8221;fas fa-download&#8221; add_icon=&#8221;true&#8221; css=&#8221;.vc_custom_1681281877325{margin-top: 5px !important;margin-right: 5px !important;margin-bottom: 5px !important;margin-left: 5px !important;}&#8221; link=&#8221;url:%2Fdl.php%3Ffile_url%3Dhttps%3A%2F%2Fwww.maxima-dia.com%2Fwp-content%2Fuploads%2F2023%2F04%2FDISCHI-UNIVERSALI-LASER-AMARANTO-SILENT-IT.pdf&#8221;][\/vc_column][vc_column width=&#8221;3\/4&#8243;][vc_column_text]<strong>Laser Amaranto Silent<\/strong> \u00e8 un Disco Universale Laser ad alte prestazioni e ridotta rumorosit\u00e0. La silenziatura \u00e8 ottenuta tramite l\u2019anima in acciaio Sandwich che abbatte di circa il 30% la rumorosit\u00e0 di utilizzo, per garantire all\u2019utilizzatore anche il massimo comfort acustico. Questo utensile offre l\u2019eccellenza sia come durata che come capacit\u00e0 di taglio, grazie all\u2019innovativa tecnologia produttiva dei segmenti diamantati \u201ca dente di squalo\u201d, che aggrediscono il materiale da tagliare con eccezionale efficacia e rapidit\u00e0 di esecuzione.<\/p>\n<table class=\"tabellatecnica\" style=\"width: 80%;\" border=\"0\" cellspacing=\"0\" cellpadding=\"0\">\n<thead>\n<tr>\n<td class=\"testata\" colspan=\"2\">TABELLA TECNICA<\/td>\n<\/tr>\n<\/thead>\n<tbody>\n<tr>\n<td class=\"prima\">Cemento Stagionato \/ Laterizi \/ Tegole<\/td>\n<td class=\"seconda\"><b class=\"txtred\">\u2605<\/b><b class=\"txtred\">\u2605<\/b><b class=\"txtred\">\u2605<\/b><b class=\"txtred\">\u2605<\/b><b class=\"txtred\">\u2605<\/b><\/td>\n<\/tr>\n<tr>\n<td class=\"prima\">Calcestruzzo poco armato<\/td>\n<td class=\"seconda\"><b class=\"txtred\">\u2605<\/b><b class=\"txtred\">\u2605<\/b><b class=\"txtred\">\u2605<\/b><b class=\"txtred\">\u2605<\/b><b class=\"txtred\">\u2605<\/b><\/td>\n<\/tr>\n<tr>\n<td class=\"prima\">Calcestruzzo molto armato<\/td>\n<td class=\"seconda\"><b class=\"txtred\">\u2605<\/b><b class=\"txtred\">\u2605<\/b><b class=\"txtred\">\u2605<\/b><b class=\"txtred\">\u2605<\/b><b class=\"txtred\">\u2605<\/b><\/td>\n<\/tr>\n<tr>\n<td class=\"prima\">Graniti \/ Pietre naturali \/ Porfidi<\/td>\n<td class=\"seconda\"><b class=\"txtred\">\u2605<\/b><b class=\"txtred\">\u2605<\/b><b class=\"txtred\">\u2605<\/b><b class=\"txtred\">\u2605<\/b><b class=\"txtred\">\u2605<\/b><\/td>\n<\/tr>\n<tr>\n<td class=\"prima\">Marmi<\/td>\n<td class=\"seconda\"><b class=\"txtred\">\u2605<\/b><\/td>\n<\/tr>\n<tr>\n<td class=\"prima\">Refrattari<\/td>\n<td class=\"seconda\"><b class=\"txtred\">\u2605<\/b><b class=\"txtred\">\u2605<\/b><b class=\"txtred\">\u2605<\/b><b class=\"txtred\">\u2605<\/b><\/td>\n<\/tr>\n<tr>\n<td class=\"prima\">Arenarie \/ Piastre ghiaino lavato<\/td>\n<td class=\"seconda\"><b class=\"txtred\">\u2605<\/b><b class=\"txtred\">\u2605<\/b><b class=\"txtred\">\u2605<\/b><b class=\"txtred\">\u2605<\/b><\/td>\n<\/tr>\n<tr>\n<td class=\"prima\">Ceramica bicottura<\/td>\n<td class=\"seconda\"><b class=\"txtred\">\u2605<\/b><b class=\"txtred\">\u2605<\/b><\/td>\n<\/tr>\n<tr>\n<td class=\"prima\">Ceramica monocottura<\/td>\n<td class=\"seconda\"><b class=\"txtred\">\u2605<\/b><b class=\"txtred\">\u2605<\/b><\/td>\n<\/tr>\n<tr>\n<td class=\"prima\">Gres porcellanato \/ Klinker<\/td>\n<td class=\"seconda\">&nbsp;<\/td>\n<\/tr>\n<tr>\n<td class=\"prima\">Cemento fresco<\/td>\n<td class=\"seconda\">&nbsp;<\/td>\n<\/tr>\n<tr>\n<td class=\"prima\">Asfalto<\/td>\n<td class=\"seconda\">&nbsp;<\/td>\n<\/tr>\n<tr>\n<td class=\"intervallo\" colspan=\"2\">&nbsp;<\/td>\n<\/tr>\n<tr>\n<td class=\"prima\">Velocit\u00e0 di taglio<\/td>\n<td class=\"seconda\"><b class=\"txtred\">\u2605<\/b><b class=\"txtred\">\u2605<\/b><b class=\"txtred\">\u2605<\/b><b class=\"txtred\">\u2605<\/b><b class=\"txtred\">\u2605<\/b><\/td>\n<\/tr>\n<tr>\n<td class=\"prima\">Durata media<\/td>\n<td class=\"seconda\"><b class=\"txtred\">\u2605<\/b><b class=\"txtred\">\u2605<\/b><b class=\"txtred\">\u2605<\/b><b class=\"txtred\">\u2605<\/b><\/td>\n<\/tr>\n<tr>\n<td class=\"legenda\" colspan=\"2\"><strong>sufficiente<\/strong>&nbsp;<b class=\"txtred\">\u2605<\/b>&nbsp;&nbsp;&nbsp;&nbsp; <strong>medio<\/strong> <b class=\"txtred\">\u2605<\/b><b class=\"txtred\">\u2605<\/b>&nbsp;&nbsp;&nbsp;&nbsp; <strong>buono<\/strong> <b class=\"txtred\">\u2605<\/b><b class=\"txtred\">\u2605<\/b><b class=\"txtred\">\u2605<\/b>&nbsp;&nbsp;&nbsp;&nbsp; <strong>ottimo<\/strong> <b class=\"txtred\">\u2605<\/b><b class=\"txtred\">\u2605<\/b><b class=\"txtred\">\u2605<\/b><b class=\"txtred\">\u2605<\/b>&nbsp;&nbsp;&nbsp;&nbsp; <strong>super<\/strong> <b class=\"txtred\">\u2605<\/b><b class=\"txtred\">\u2605<\/b><b class=\"txtred\">\u2605<\/b><b class=\"txtred\">\u2605<\/b><b class=\"txtred\">\u2605<\/b><\/td>\n<\/tr>\n<\/tbody>\n<\/table>\n<p>&nbsp;<\/p>\n<table class=\"tabellatecnica\" style=\"width: 80%;\" border=\"0\" cellspacing=\"0\" cellpadding=\"0\">\n<thead>\n<tr>\n<td class=\"testata\" style=\"width: 99.8201%;\">DIAMETRI DISPONIBILI<\/td>\n<\/tr>\n<\/thead>\n<tbody>\n<tr>\n<td style=\"width: 99.8201%;\" valign=\"top\"><img loading=\"lazy\" decoding=\"async\" class=\"alignleft\" style=\"margin-bottom: 30px;\" src=\"\/wp-content\/uploads\/2013\/10\/s-taglio1.png\" alt=\"s-taglio1\" width=\"64\" height=\"30\"> 115-125-230<\/td>\n<\/tr>\n<\/tbody>\n<\/table>\n<p>[\/vc_column_text][\/vc_column][\/vc_row]<\/p>\n<\/div>","protected":false},"excerpt":{"rendered":"<p>[vc_row][vc_column text_align=&#8221;center&#8221; width=&#8221;1\/4&#8243;][vc_column_text] H.12 mm[\/vc_column_text][vc_column_text css_animation=&#8221;slideInDown&#8221; el_class=&#8221;hidebuybutton&#8221;][\/vc_column_text][vc_btn title=&#8221;Scheda prodotto&#8221; style=&#8221;outline-custom&#8221; outline_custom_color=&#8221;#cc0000&#8243; outline_custom_hover_background=&#8221;#910000&#8243; outline_custom_hover_text=&#8221;#f7f7f7&#8243; align=&#8221;center&#8221; i_icon_fontawesome=&#8221;fas fa-download&#8221; add_icon=&#8221;true&#8221; css=&#8221;.vc_custom_1681281877325{margin-top: 5px !important;margin-right: 5px !important;margin-bottom: 5px !important;margin-left: 5px !important;}&#8221; link=&#8221;url:%2Fdl.php%3Ffile_url%3Dhttps%3A%2F%2Fwww.maxima-dia.com%2Fwp-content%2Fuploads%2F2023%2F04%2FDISCHI-UNIVERSALI-LASER-AMARANTO-SILENT-IT.pdf&#8221;][\/vc_column][vc_column width=&#8221;3\/4&#8243;][vc_column_text]Laser Amaranto Silent \u00e8 un Disco Universale Laser ad alte prestazioni e ridotta rumorosit\u00e0. La silenziatura \u00e8 ottenuta tramite l\u2019anima in acciaio Sandwich che abbatte di circa il 30% la rumorosit\u00e0 di utilizzo, per garantire all\u2019utilizzatore anche il massimo comfort acustico. Questo utensile offre l\u2019eccellenza sia come durata che come capacit\u00e0 di taglio, grazie all\u2019innovativa tecnologia produttiva dei segmenti diamantati \u201ca dente di squalo\u201d, che aggrediscono il materiale da tagliare con eccezionale efficacia e rapidit\u00e0 di esecuzione. TABELLA TECNICA Cemento Stagionato \/ Laterizi \/ Tegole \u2605\u2605\u2605\u2605\u2605 Calcestruzzo poco armato \u2605\u2605\u2605\u2605\u2605 Calcestruzzo molto armato \u2605\u2605\u2605\u2605\u2605 Graniti \/ Pietre naturali \/ Porfidi \u2605\u2605\u2605\u2605\u2605 Marmi \u2605 Refrattari \u2605\u2605\u2605\u2605 Arenarie \/ Piastre ghiaino lavato \u2605\u2605\u2605\u2605 Ceramica bicottura \u2605\u2605 Ceramica monocottura \u2605\u2605 Gres porcellanato \/ Klinker &nbsp; Cemento fresco &nbsp; Asfalto &nbsp; &nbsp; Velocit\u00e0 di taglio \u2605\u2605\u2605\u2605\u2605 Durata media \u2605\u2605\u2605\u2605 sufficiente&nbsp;\u2605&nbsp;&nbsp;&nbsp;&nbsp; medio \u2605\u2605&nbsp;&nbsp;&nbsp;&nbsp; buono \u2605\u2605\u2605&nbsp;&nbsp;&nbsp;&nbsp; ottimo \u2605\u2605\u2605\u2605&nbsp;&nbsp;&nbsp;&nbsp; super \u2605\u2605\u2605\u2605\u2605 &nbsp; DIAMETRI DISPONIBILI 115-125-230 [\/vc_column_text][\/vc_column][\/vc_row]<\/p>\n","protected":false},"author":29,"featured_media":28148,"parent":12400,"menu_order":3,"comment_status":"closed","ping_status":"closed","template":"","meta":{"ngg_post_thumbnail":0,"_joinchat":[],"footnotes":""},"class_list":["post-28139","page","type-page","status-publish","has-post-thumbnail","hentry"],"yoast_head":"<!-- This site is optimized with the Yoast SEO plugin v25.5 - https:\/\/yoast.com\/wordpress\/plugins\/seo\/ -->\n<title>Laser Amaranto Silent - Maxima SpA<\/title>\n<meta name=\"description\" content=\"Il Laser Giallo colpisce per l\u2019elevata velocit\u00e0 di taglio, notevole per un disco diamantato di questo livello. Ideale per un utilizzo non intensivo.\" \/>\n<meta name=\"robots\" content=\"index, follow, max-snippet:-1, max-image-preview:large, max-video-preview:-1\" \/>\n<link rel=\"canonical\" href=\"https:\/\/www.maxima-dia.com\/it\/dischi-diamantati-universali-laser\/disco-diamantato-laser-amaranto-silent\/\" \/>\n<meta property=\"og:locale\" content=\"it_IT\" \/>\n<meta property=\"og:type\" content=\"article\" \/>\n<meta property=\"og:title\" content=\"Laser Amaranto Silent - Maxima SpA\" \/>\n<meta property=\"og:description\" content=\"Il Laser Giallo colpisce per l\u2019elevata velocit\u00e0 di taglio, notevole per un disco diamantato di questo livello. Ideale per un utilizzo non intensivo.\" \/>\n<meta property=\"og:url\" content=\"https:\/\/www.maxima-dia.com\/it\/dischi-diamantati-universali-laser\/disco-diamantato-laser-amaranto-silent\/\" \/>\n<meta property=\"og:site_name\" content=\"Maxima SpA\" \/>\n<meta property=\"article:publisher\" content=\"https:\/\/www.facebook.com\/Maxima-spa-106098566139597\" \/>\n<meta property=\"article:modified_time\" content=\"2026-04-02T13:28:17+00:00\" \/>\n<meta property=\"og:image\" content=\"https:\/\/www.maxima-dia.com\/wp-content\/uploads\/2021\/06\/LASER_AMARANTO_SILENT.jpg\" \/>\n\t<meta property=\"og:image:width\" content=\"1700\" \/>\n\t<meta property=\"og:image:height\" content=\"1700\" \/>\n\t<meta property=\"og:image:type\" content=\"image\/jpeg\" \/>\n<meta name=\"twitter:card\" content=\"summary_large_image\" \/>\n<meta name=\"twitter:site\" content=\"@Maximadia\" \/>\n<meta name=\"twitter:label1\" content=\"Tempo di lettura stimato\" \/>\n\t<meta name=\"twitter:data1\" content=\"13 minuti\" \/>\n<script type=\"application\/ld+json\" class=\"yoast-schema-graph\">{\"@context\":\"https:\/\/schema.org\",\"@graph\":[{\"@type\":\"WebPage\",\"@id\":\"https:\/\/www.maxima-dia.com\/it\/dischi-diamantati-universali-laser\/disco-diamantato-laser-amaranto-silent\/\",\"url\":\"https:\/\/www.maxima-dia.com\/it\/dischi-diamantati-universali-laser\/disco-diamantato-laser-amaranto-silent\/\",\"name\":\"Laser Amaranto Silent - Maxima SpA\",\"isPartOf\":{\"@id\":\"https:\/\/www.maxima-dia.com\/it\/#website\"},\"primaryImageOfPage\":{\"@id\":\"https:\/\/www.maxima-dia.com\/it\/dischi-diamantati-universali-laser\/disco-diamantato-laser-amaranto-silent\/#primaryimage\"},\"image\":{\"@id\":\"https:\/\/www.maxima-dia.com\/it\/dischi-diamantati-universali-laser\/disco-diamantato-laser-amaranto-silent\/#primaryimage\"},\"thumbnailUrl\":\"https:\/\/www.maxima-dia.com\/wp-content\/uploads\/2021\/06\/LASER_AMARANTO_SILENT.jpg\",\"datePublished\":\"2021-06-23T07:41:03+00:00\",\"dateModified\":\"2026-04-02T13:28:17+00:00\",\"description\":\"Il Laser Giallo colpisce per l\u2019elevata velocit\u00e0 di taglio, notevole per un disco diamantato di questo livello. Ideale per un utilizzo non intensivo.\",\"breadcrumb\":{\"@id\":\"https:\/\/www.maxima-dia.com\/it\/dischi-diamantati-universali-laser\/disco-diamantato-laser-amaranto-silent\/#breadcrumb\"},\"inLanguage\":\"it-IT\",\"potentialAction\":[{\"@type\":\"ReadAction\",\"target\":[\"https:\/\/www.maxima-dia.com\/it\/dischi-diamantati-universali-laser\/disco-diamantato-laser-amaranto-silent\/\"]}]},{\"@type\":\"ImageObject\",\"inLanguage\":\"it-IT\",\"@id\":\"https:\/\/www.maxima-dia.com\/it\/dischi-diamantati-universali-laser\/disco-diamantato-laser-amaranto-silent\/#primaryimage\",\"url\":\"https:\/\/www.maxima-dia.com\/wp-content\/uploads\/2021\/06\/LASER_AMARANTO_SILENT.jpg\",\"contentUrl\":\"https:\/\/www.maxima-dia.com\/wp-content\/uploads\/2021\/06\/LASER_AMARANTO_SILENT.jpg\",\"width\":1700,\"height\":1700},{\"@type\":\"BreadcrumbList\",\"@id\":\"https:\/\/www.maxima-dia.com\/it\/dischi-diamantati-universali-laser\/disco-diamantato-laser-amaranto-silent\/#breadcrumb\",\"itemListElement\":[{\"@type\":\"ListItem\",\"position\":1,\"name\":\"Home\",\"item\":\"https:\/\/www.maxima-dia.com\/it\/\"},{\"@type\":\"ListItem\",\"position\":2,\"name\":\"Dischi Diamantati Universali Laser\",\"item\":\"https:\/\/www.maxima-dia.com\/it\/dischi-diamantati-universali-laser\/\"},{\"@type\":\"ListItem\",\"position\":3,\"name\":\"Laser Amaranto Silent\"}]},{\"@type\":\"WebSite\",\"@id\":\"https:\/\/www.maxima-dia.com\/it\/#website\",\"url\":\"https:\/\/www.maxima-dia.com\/it\/\",\"name\":\"Maxima SpA\",\"description\":\"Only for the real professionals\",\"potentialAction\":[{\"@type\":\"SearchAction\",\"target\":{\"@type\":\"EntryPoint\",\"urlTemplate\":\"https:\/\/www.maxima-dia.com\/it\/?s={search_term_string}\"},\"query-input\":{\"@type\":\"PropertyValueSpecification\",\"valueRequired\":true,\"valueName\":\"search_term_string\"}}],\"inLanguage\":\"it-IT\"}]}<\/script>\n<!-- \/ Yoast SEO plugin. -->","yoast_head_json":{"title":"Laser Amaranto Silent - Maxima SpA","description":"Il Laser Giallo colpisce per l\u2019elevata velocit\u00e0 di taglio, notevole per un disco diamantato di questo livello. Ideale per un utilizzo non intensivo.","robots":{"index":"index","follow":"follow","max-snippet":"max-snippet:-1","max-image-preview":"max-image-preview:large","max-video-preview":"max-video-preview:-1"},"canonical":"https:\/\/www.maxima-dia.com\/it\/dischi-diamantati-universali-laser\/disco-diamantato-laser-amaranto-silent\/","og_locale":"it_IT","og_type":"article","og_title":"Laser Amaranto Silent - Maxima SpA","og_description":"Il Laser Giallo colpisce per l\u2019elevata velocit\u00e0 di taglio, notevole per un disco diamantato di questo livello. Ideale per un utilizzo non intensivo.","og_url":"https:\/\/www.maxima-dia.com\/it\/dischi-diamantati-universali-laser\/disco-diamantato-laser-amaranto-silent\/","og_site_name":"Maxima SpA","article_publisher":"https:\/\/www.facebook.com\/Maxima-spa-106098566139597","article_modified_time":"2026-04-02T13:28:17+00:00","og_image":[{"width":1700,"height":1700,"url":"https:\/\/www.maxima-dia.com\/wp-content\/uploads\/2021\/06\/LASER_AMARANTO_SILENT.jpg","type":"image\/jpeg"}],"twitter_card":"summary_large_image","twitter_site":"@Maximadia","twitter_misc":{"Tempo di lettura stimato":"13 minuti"},"schema":{"@context":"https:\/\/schema.org","@graph":[{"@type":"WebPage","@id":"https:\/\/www.maxima-dia.com\/it\/dischi-diamantati-universali-laser\/disco-diamantato-laser-amaranto-silent\/","url":"https:\/\/www.maxima-dia.com\/it\/dischi-diamantati-universali-laser\/disco-diamantato-laser-amaranto-silent\/","name":"Laser Amaranto Silent - Maxima SpA","isPartOf":{"@id":"https:\/\/www.maxima-dia.com\/it\/#website"},"primaryImageOfPage":{"@id":"https:\/\/www.maxima-dia.com\/it\/dischi-diamantati-universali-laser\/disco-diamantato-laser-amaranto-silent\/#primaryimage"},"image":{"@id":"https:\/\/www.maxima-dia.com\/it\/dischi-diamantati-universali-laser\/disco-diamantato-laser-amaranto-silent\/#primaryimage"},"thumbnailUrl":"https:\/\/www.maxima-dia.com\/wp-content\/uploads\/2021\/06\/LASER_AMARANTO_SILENT.jpg","datePublished":"2021-06-23T07:41:03+00:00","dateModified":"2026-04-02T13:28:17+00:00","description":"Il Laser Giallo colpisce per l\u2019elevata velocit\u00e0 di taglio, notevole per un disco diamantato di questo livello. Ideale per un utilizzo non intensivo.","breadcrumb":{"@id":"https:\/\/www.maxima-dia.com\/it\/dischi-diamantati-universali-laser\/disco-diamantato-laser-amaranto-silent\/#breadcrumb"},"inLanguage":"it-IT","potentialAction":[{"@type":"ReadAction","target":["https:\/\/www.maxima-dia.com\/it\/dischi-diamantati-universali-laser\/disco-diamantato-laser-amaranto-silent\/"]}]},{"@type":"ImageObject","inLanguage":"it-IT","@id":"https:\/\/www.maxima-dia.com\/it\/dischi-diamantati-universali-laser\/disco-diamantato-laser-amaranto-silent\/#primaryimage","url":"https:\/\/www.maxima-dia.com\/wp-content\/uploads\/2021\/06\/LASER_AMARANTO_SILENT.jpg","contentUrl":"https:\/\/www.maxima-dia.com\/wp-content\/uploads\/2021\/06\/LASER_AMARANTO_SILENT.jpg","width":1700,"height":1700},{"@type":"BreadcrumbList","@id":"https:\/\/www.maxima-dia.com\/it\/dischi-diamantati-universali-laser\/disco-diamantato-laser-amaranto-silent\/#breadcrumb","itemListElement":[{"@type":"ListItem","position":1,"name":"Home","item":"https:\/\/www.maxima-dia.com\/it\/"},{"@type":"ListItem","position":2,"name":"Dischi Diamantati Universali Laser","item":"https:\/\/www.maxima-dia.com\/it\/dischi-diamantati-universali-laser\/"},{"@type":"ListItem","position":3,"name":"Laser Amaranto Silent"}]},{"@type":"WebSite","@id":"https:\/\/www.maxima-dia.com\/it\/#website","url":"https:\/\/www.maxima-dia.com\/it\/","name":"Maxima SpA","description":"Only for the real professionals","potentialAction":[{"@type":"SearchAction","target":{"@type":"EntryPoint","urlTemplate":"https:\/\/www.maxima-dia.com\/it\/?s={search_term_string}"},"query-input":{"@type":"PropertyValueSpecification","valueRequired":true,"valueName":"search_term_string"}}],"inLanguage":"it-IT"}]}},"_links":{"self":[{"href":"https:\/\/www.maxima-dia.com\/it\/wp-json\/wp\/v2\/pages\/28139"}],"collection":[{"href":"https:\/\/www.maxima-dia.com\/it\/wp-json\/wp\/v2\/pages"}],"about":[{"href":"https:\/\/www.maxima-dia.com\/it\/wp-json\/wp\/v2\/types\/page"}],"author":[{"embeddable":true,"href":"https:\/\/www.maxima-dia.com\/it\/wp-json\/wp\/v2\/users\/29"}],"replies":[{"embeddable":true,"href":"https:\/\/www.maxima-dia.com\/it\/wp-json\/wp\/v2\/comments?post=28139"}],"version-history":[{"count":2,"href":"https:\/\/www.maxima-dia.com\/it\/wp-json\/wp\/v2\/pages\/28139\/revisions"}],"predecessor-version":[{"id":39503,"href":"https:\/\/www.maxima-dia.com\/it\/wp-json\/wp\/v2\/pages\/28139\/revisions\/39503"}],"up":[{"embeddable":true,"href":"https:\/\/www.maxima-dia.com\/it\/wp-json\/wp\/v2\/pages\/12400"}],"wp:featuredmedia":[{"embeddable":true,"href":"https:\/\/www.maxima-dia.com\/it\/wp-json\/wp\/v2\/media\/28148"}],"wp:attachment":[{"href":"https:\/\/www.maxima-dia.com\/it\/wp-json\/wp\/v2\/media?parent=28139"}],"curies":[{"name":"wp","href":"https:\/\/api.w.org\/{rel}","templated":true}]}}