{"id":28380,"date":"2021-06-25T11:23:27","date_gmt":"2021-06-25T09:23:27","guid":{"rendered":"https:\/\/www.maxima-dia.com\/?page_id=28380"},"modified":"2023-04-12T09:08:22","modified_gmt":"2023-04-12T07:08:22","slug":"argento-taglia-leviga","status":"publish","type":"page","link":"https:\/\/www.maxima-dia.com\/it\/dischi-diamantati-specifici\/argento-taglia-leviga\/","title":{"rendered":"Argento Taglia Leviga"},"content":{"rendered":"<div class=\"wpb-content-wrapper\"><p>[vc_row][vc_column text_align=&#8221;center&#8221; width=&#8221;1\/4&#8243;][vc_column_text]<a href=\"https:\/\/www.maxima-dia.com\/wp-content\/uploads\/2021\/06\/ARGENTO_TAGLIA_LEVIGA.jpg\"><img loading=\"lazy\" decoding=\"async\" class=\"alignnone wp-image-28385 size-thumbnail\" src=\"https:\/\/www.maxima-dia.com\/wp-content\/uploads\/2021\/06\/ARGENTO_TAGLIA_LEVIGA-150x150.jpg\" alt=\"\" width=\"150\" height=\"150\" srcset=\"https:\/\/www.maxima-dia.com\/wp-content\/uploads\/2021\/06\/ARGENTO_TAGLIA_LEVIGA-150x150.jpg 150w, https:\/\/www.maxima-dia.com\/wp-content\/uploads\/2021\/06\/ARGENTO_TAGLIA_LEVIGA-300x300.jpg 300w, https:\/\/www.maxima-dia.com\/wp-content\/uploads\/2021\/06\/ARGENTO_TAGLIA_LEVIGA-1024x1024.jpg 1024w, https:\/\/www.maxima-dia.com\/wp-content\/uploads\/2021\/06\/ARGENTO_TAGLIA_LEVIGA-768x768.jpg 768w, https:\/\/www.maxima-dia.com\/wp-content\/uploads\/2021\/06\/ARGENTO_TAGLIA_LEVIGA-1536x1536.jpg 1536w, https:\/\/www.maxima-dia.com\/wp-content\/uploads\/2021\/06\/ARGENTO_TAGLIA_LEVIGA-80x80.jpg 80w, https:\/\/www.maxima-dia.com\/wp-content\/uploads\/2021\/06\/ARGENTO_TAGLIA_LEVIGA-500x500.jpg 500w, https:\/\/www.maxima-dia.com\/wp-content\/uploads\/2021\/06\/ARGENTO_TAGLIA_LEVIGA-1000x1000.jpg 1000w, https:\/\/www.maxima-dia.com\/wp-content\/uploads\/2021\/06\/ARGENTO_TAGLIA_LEVIGA.jpg 1700w\" sizes=\"(max-width: 150px) 100vw, 150px\" \/><\/a>[\/vc_column_text][vc_column_text css_animation=&#8221;slideInDown&#8221; el_class=&#8221;hidebuybutton&#8221;]<a href=\"https:\/\/www.storemaxima.com\/it\/dischi-specifici\/279-argento-taglia-leviga.html\" target=\"_blank\" rel=\"noopener\"><img loading=\"lazy\" decoding=\"async\" class=\"alignnone\" title=\"Acquista su www.storemaxima.com\" src=\"https:\/\/www.maxima-dia.com\/wp-content\/uploads\/2019\/12\/pulsante-acquista-storemaxima.com-it.svg\" alt=\"\" width=\"180\" height=\"80\"><\/a>[\/vc_column_text][vc_btn title=&#8221;Scheda prodotto&#8221; style=&#8221;outline-custom&#8221; outline_custom_color=&#8221;#cc0000&#8243; outline_custom_hover_background=&#8221;#910000&#8243; outline_custom_hover_text=&#8221;#f7f7f7&#8243; align=&#8221;center&#8221; i_icon_fontawesome=&#8221;fas fa-download&#8221; add_icon=&#8221;true&#8221; css=&#8221;.vc_custom_1681283299735{margin-top: 5px !important;margin-right: 5px !important;margin-bottom: 5px !important;margin-left: 5px !important;}&#8221; link=&#8221;url:%2Fdl.php%3Ffile_url%3Dhttps%3A%2F%2Fwww.maxima-dia.com%2Fwp-content%2Fuploads%2F2023%2F04%2FDISCHI-SPECIFICI-ARGENTO-TAGLIA-LEVIGA-IT.pdf&#8221;][\/vc_column][vc_column width=&#8221;3\/4&#8243;][vc_column_text]<\/p>\n<p class=\"p1\"><strong>Argento Taglia-Leviga<\/strong> \u00e8 un utensile unico perch\u00e8 svolge contemporaneamente la doppia funzione: \u00e8 adatto sia per levigare che per tagliare, a secco, la maggior parte dei materiali edili. Quello che si pu\u00f2 letteralmente definire disco universale. \u00c8 duttile perch\u00e9 capace di lavorare su tutti i materiali edili, compresi quelli normalmente non adatti ad un disco diamantato, come ad esempio il legno, i materiali plastici o l\u2019alluminio. \u00c8 un utensile indispensabile per qualsiasi lavoro che richiede un\u2019alta velocit\u00e0 di realizzazione della lavorazione, insieme ad una buona durata.<\/p>\n<table class=\"tabellatecnica\" style=\"width: 80%;\" border=\"0\" cellspacing=\"0\" cellpadding=\"0\">\n<thead>\n<tr>\n<td class=\"testata\" colspan=\"2\">TABELLA TECNICA<\/td>\n<\/tr>\n<\/thead>\n<tbody>\n<tr>\n<td class=\"prima\">Cemento \/ Laterizi \/ Tegole<\/td>\n<td class=\"seconda\"><b class=\"txtred\">\u2605<\/b><b class=\"txtred\">\u2605<\/b><\/td>\n<\/tr>\n<tr>\n<td class=\"prima\">Calcestruzzo poco armato<\/td>\n<td class=\"seconda\"><b class=\"txtred\">\u2605<\/b><b class=\"txtred\">\u2605<\/b>&nbsp;<\/td>\n<\/tr>\n<tr>\n<td class=\"prima\">Calcestruzzo molto armato<\/td>\n<td class=\"seconda\"><b class=\"txtred\">\u2605<\/b><b class=\"txtred\">\u2605<\/b>&nbsp;<\/td>\n<\/tr>\n<tr>\n<td class=\"prima\">Graniti \/ Pietre naturali \/ Porfidi<\/td>\n<td class=\"seconda\"><b class=\"txtred\">\u2605<\/b><b class=\"txtred\">\u2605<\/b>&nbsp;<\/td>\n<\/tr>\n<tr>\n<td class=\"prima\">Marmi<\/td>\n<td class=\"seconda\"><b class=\"txtred\">\u2605<\/b><b class=\"txtred\">\u2605<\/b>&nbsp;<\/td>\n<\/tr>\n<tr>\n<td class=\"prima\">Refrattari<\/td>\n<td class=\"seconda\"><b class=\"txtred\">\u2605<\/b><\/td>\n<\/tr>\n<tr>\n<td class=\"prima\">Arenaria \/ Piastre ghiaino lavato<\/td>\n<td class=\"seconda\"><b class=\"txtred\">\u2605<\/b><\/td>\n<\/tr>\n<tr>\n<td class=\"prima\">Plastica \/ PVC \/ Plexiglass<\/td>\n<td class=\"seconda\"><b class=\"txtred\">\u2605<\/b><b class=\"txtred\">\u2605<\/b>&nbsp;<\/td>\n<\/tr>\n<tr>\n<td class=\"prima\">Acciaio \/ Ferro \/ Lamiera<\/td>\n<td class=\"seconda\"><b class=\"txtred\">\u2605<\/b><b class=\"txtred\">\u2605<\/b>&nbsp;<\/td>\n<\/tr>\n<tr>\n<td class=\"prima\">Ceramica bi \/ monocottura<\/td>\n<td class=\"seconda\"><b class=\"txtred\">\u2605<\/b><b class=\"txtred\">\u2605<\/b>&nbsp;<\/td>\n<\/tr>\n<tr>\n<td class=\"prima\">Gres porcellanato \/ Klinker<\/td>\n<td class=\"seconda\"><b class=\"txtred\">\u2605<\/b><b class=\"txtred\">\u2605<\/b>&nbsp;<\/td>\n<\/tr>\n<tr>\n<td class=\"prima\">Cemento Fresco \/ Asfalto<\/td>\n<td class=\"seconda\"><b class=\"txtred\">\u2605<\/b><\/td>\n<\/tr>\n<tr>\n<td class=\"prima\">Legno (max H. 2 cm)<\/td>\n<td class=\"seconda\"><b class=\"txtred\">\u2605<\/b><b class=\"txtred\">\u2605<\/b><\/td>\n<\/tr>\n<tr>\n<td class=\"intervallo\" colspan=\"2\">&nbsp;<\/td>\n<\/tr>\n<tr>\n<td class=\"prima\">Velocit\u00e0 di taglio<\/td>\n<td class=\"seconda\"><b class=\"txtred\">\u2605<\/b><b class=\"txtred\">\u2605<\/b><b class=\"txtred\">\u2605<\/b><b class=\"txtred\">\u2605<\/b><b class=\"txtred\">\u2605<\/b><\/td>\n<\/tr>\n<tr>\n<td class=\"prima\">Durata media<\/td>\n<td class=\"seconda\"><b class=\"txtred\">\u2605<\/b><b class=\"txtred\">\u2605<\/b><b class=\"txtred\">\u2605<\/b><\/td>\n<\/tr>\n<tr>\n<td class=\"legenda\" colspan=\"2\"><strong>sufficiente<\/strong>&nbsp;<b class=\"txtred\">\u2605<\/b>&nbsp;&nbsp;&nbsp;&nbsp; <strong>medio<\/strong> <b class=\"txtred\">\u2605<\/b><b class=\"txtred\">\u2605<\/b>&nbsp;&nbsp;&nbsp;&nbsp; <strong>buono<\/strong> <b class=\"txtred\">\u2605<\/b><b class=\"txtred\">\u2605<\/b><b class=\"txtred\">\u2605<\/b>&nbsp;&nbsp;&nbsp;&nbsp; <strong>ottimo<\/strong> <b class=\"txtred\">\u2605<\/b><b class=\"txtred\">\u2605<\/b><b class=\"txtred\">\u2605<\/b><b class=\"txtred\">\u2605<\/b>&nbsp;&nbsp;&nbsp;&nbsp; <strong>super<\/strong> <b class=\"txtred\">\u2605<\/b><b class=\"txtred\">\u2605<\/b><b class=\"txtred\">\u2605<\/b><b class=\"txtred\">\u2605<\/b><b class=\"txtred\">\u2605<\/b><\/td>\n<\/tr>\n<\/tbody>\n<\/table>\n<p>&nbsp;<\/p>\n<table class=\"tabellatecnica\" style=\"width: 80%;\" border=\"0\" cellspacing=\"0\" cellpadding=\"0\">\n<thead>\n<tr>\n<td class=\"testata\" style=\"width: 99.7988%;\">DIAMETRI DISPONIBILI<\/td>\n<\/tr>\n<\/thead>\n<tbody>\n<tr>\n<td style=\"width: 99.7988%;\"><img loading=\"lazy\" decoding=\"async\" class=\"alignleft wp-image-7009 size-medium\" src=\"https:\/\/www.maxima-dia.com\/wp-content\/uploads\/2013\/10\/s-taglio1-300x140.png\" alt=\"\" width=\"300\" height=\"140\" srcset=\"https:\/\/www.maxima-dia.com\/wp-content\/uploads\/2013\/10\/s-taglio1-300x140.png 300w, https:\/\/www.maxima-dia.com\/wp-content\/uploads\/2013\/10\/s-taglio1.png 381w\" sizes=\"(max-width: 300px) 100vw, 300px\" \/> 115-125<\/td>\n<\/tr>\n<\/tbody>\n<\/table>\n<p>&nbsp;[\/vc_column_text][\/vc_column][\/vc_row]<\/p>\n<\/div>","protected":false},"excerpt":{"rendered":"<p>[vc_row][vc_column text_align=&#8221;center&#8221; width=&#8221;1\/4&#8243;][vc_column_text][\/vc_column_text][vc_column_text css_animation=&#8221;slideInDown&#8221; el_class=&#8221;hidebuybutton&#8221;][\/vc_column_text][vc_btn title=&#8221;Scheda prodotto&#8221; style=&#8221;outline-custom&#8221; outline_custom_color=&#8221;#cc0000&#8243; outline_custom_hover_background=&#8221;#910000&#8243; outline_custom_hover_text=&#8221;#f7f7f7&#8243; align=&#8221;center&#8221; i_icon_fontawesome=&#8221;fas fa-download&#8221; add_icon=&#8221;true&#8221; css=&#8221;.vc_custom_1681283299735{margin-top: 5px !important;margin-right: 5px !important;margin-bottom: 5px !important;margin-left: 5px !important;}&#8221; link=&#8221;url:%2Fdl.php%3Ffile_url%3Dhttps%3A%2F%2Fwww.maxima-dia.com%2Fwp-content%2Fuploads%2F2023%2F04%2FDISCHI-SPECIFICI-ARGENTO-TAGLIA-LEVIGA-IT.pdf&#8221;][\/vc_column][vc_column width=&#8221;3\/4&#8243;][vc_column_text] Argento Taglia-Leviga \u00e8 un utensile unico perch\u00e8 svolge contemporaneamente la doppia funzione: \u00e8 adatto sia per levigare che per tagliare, a secco, la maggior parte dei materiali edili. Quello che si pu\u00f2 letteralmente definire disco universale. \u00c8 duttile perch\u00e9 capace di lavorare su tutti i materiali edili, compresi quelli normalmente non adatti ad un disco diamantato, come ad esempio il legno, i materiali plastici o l\u2019alluminio. \u00c8 un utensile indispensabile per qualsiasi lavoro che richiede un\u2019alta velocit\u00e0 di realizzazione della lavorazione, insieme ad una buona durata. TABELLA TECNICA Cemento \/ Laterizi \/ Tegole \u2605\u2605 Calcestruzzo poco armato \u2605\u2605&nbsp; Calcestruzzo molto armato \u2605\u2605&nbsp; Graniti \/ Pietre naturali \/ Porfidi \u2605\u2605&nbsp; Marmi \u2605\u2605&nbsp; Refrattari \u2605 Arenaria \/ Piastre ghiaino lavato \u2605 Plastica \/ PVC \/ Plexiglass \u2605\u2605&nbsp; Acciaio \/ Ferro \/ Lamiera \u2605\u2605&nbsp; Ceramica bi \/ monocottura \u2605\u2605&nbsp; Gres porcellanato \/ Klinker \u2605\u2605&nbsp; Cemento Fresco \/ Asfalto \u2605 Legno (max H. 2 cm) \u2605\u2605 &nbsp; Velocit\u00e0 di taglio \u2605\u2605\u2605\u2605\u2605 Durata media \u2605\u2605\u2605 sufficiente&nbsp;\u2605&nbsp;&nbsp;&nbsp;&nbsp; medio \u2605\u2605&nbsp;&nbsp;&nbsp;&nbsp; buono \u2605\u2605\u2605&nbsp;&nbsp;&nbsp;&nbsp; ottimo \u2605\u2605\u2605\u2605&nbsp;&nbsp;&nbsp;&nbsp; super \u2605\u2605\u2605\u2605\u2605 &nbsp; DIAMETRI DISPONIBILI 115-125 &nbsp;[\/vc_column_text][\/vc_column][\/vc_row]<\/p>\n","protected":false},"author":29,"featured_media":28385,"parent":12548,"menu_order":3,"comment_status":"closed","ping_status":"closed","template":"","meta":{"ngg_post_thumbnail":0,"_joinchat":[],"footnotes":""},"class_list":["post-28380","page","type-page","status-publish","has-post-thumbnail","hentry"],"yoast_head":"<!-- This site is optimized with the Yoast SEO plugin v25.5 - https:\/\/yoast.com\/wordpress\/plugins\/seo\/ -->\n<title>Argento Taglia Leviga - Maxima SpA<\/title>\n<meta name=\"robots\" content=\"index, follow, max-snippet:-1, max-image-preview:large, max-video-preview:-1\" \/>\n<link rel=\"canonical\" href=\"https:\/\/www.maxima-dia.com\/it\/dischi-diamantati-specifici\/argento-taglia-leviga\/\" \/>\n<meta property=\"og:locale\" content=\"it_IT\" \/>\n<meta property=\"og:type\" content=\"article\" \/>\n<meta property=\"og:title\" content=\"Argento Taglia Leviga - Maxima SpA\" \/>\n<meta property=\"og:description\" content=\"[vc_row][vc_column text_align=&#8221;center&#8221; width=&#8221;1\/4&#8243;][vc_column_text][\/vc_column_text][vc_column_text css_animation=&#8221;slideInDown&#8221; el_class=&#8221;hidebuybutton&#8221;][\/vc_column_text][vc_btn title=&#8221;Scheda prodotto&#8221; style=&#8221;outline-custom&#8221; outline_custom_color=&#8221;#cc0000&#8243; outline_custom_hover_background=&#8221;#910000&#8243; outline_custom_hover_text=&#8221;#f7f7f7&#8243; align=&#8221;center&#8221; i_icon_fontawesome=&#8221;fas fa-download&#8221; add_icon=&#8221;true&#8221; css=&#8221;.vc_custom_1681283299735{margin-top: 5px !important;margin-right: 5px !important;margin-bottom: 5px !important;margin-left: 5px !important;}&#8221; link=&#8221;url:%2Fdl.php%3Ffile_url%3Dhttps%3A%2F%2Fwww.maxima-dia.com%2Fwp-content%2Fuploads%2F2023%2F04%2FDISCHI-SPECIFICI-ARGENTO-TAGLIA-LEVIGA-IT.pdf&#8221;][\/vc_column][vc_column width=&#8221;3\/4&#8243;][vc_column_text] Argento Taglia-Leviga \u00e8 un utensile unico perch\u00e8 svolge contemporaneamente la doppia funzione: \u00e8 adatto sia per levigare che per tagliare, a secco, la maggior parte dei materiali edili. Quello che si pu\u00f2 letteralmente definire disco universale. \u00c8 duttile perch\u00e9 capace di lavorare su tutti i materiali edili, compresi quelli normalmente non adatti ad un disco diamantato, come ad esempio il legno, i materiali plastici o l\u2019alluminio. \u00c8 un utensile indispensabile per qualsiasi lavoro che richiede un\u2019alta velocit\u00e0 di realizzazione della lavorazione, insieme ad una buona durata. TABELLA TECNICA Cemento \/ Laterizi \/ Tegole \u2605\u2605 Calcestruzzo poco armato \u2605\u2605&nbsp; Calcestruzzo molto armato \u2605\u2605&nbsp; Graniti \/ Pietre naturali \/ Porfidi \u2605\u2605&nbsp; Marmi \u2605\u2605&nbsp; Refrattari \u2605 Arenaria \/ Piastre ghiaino lavato \u2605 Plastica \/ PVC \/ Plexiglass \u2605\u2605&nbsp; Acciaio \/ Ferro \/ Lamiera \u2605\u2605&nbsp; Ceramica bi \/ monocottura \u2605\u2605&nbsp; Gres porcellanato \/ Klinker \u2605\u2605&nbsp; Cemento Fresco \/ Asfalto \u2605 Legno (max H. 2 cm) \u2605\u2605 &nbsp; Velocit\u00e0 di taglio \u2605\u2605\u2605\u2605\u2605 Durata media \u2605\u2605\u2605 sufficiente&nbsp;\u2605&nbsp;&nbsp;&nbsp;&nbsp; medio \u2605\u2605&nbsp;&nbsp;&nbsp;&nbsp; buono \u2605\u2605\u2605&nbsp;&nbsp;&nbsp;&nbsp; ottimo \u2605\u2605\u2605\u2605&nbsp;&nbsp;&nbsp;&nbsp; super \u2605\u2605\u2605\u2605\u2605 &nbsp; DIAMETRI DISPONIBILI 115-125 &nbsp;[\/vc_column_text][\/vc_column][\/vc_row]\" \/>\n<meta property=\"og:url\" content=\"https:\/\/www.maxima-dia.com\/it\/dischi-diamantati-specifici\/argento-taglia-leviga\/\" \/>\n<meta property=\"og:site_name\" content=\"Maxima SpA\" \/>\n<meta property=\"article:publisher\" content=\"https:\/\/www.facebook.com\/Maxima-spa-106098566139597\" \/>\n<meta property=\"article:modified_time\" content=\"2023-04-12T07:08:22+00:00\" \/>\n<meta property=\"og:image\" content=\"https:\/\/www.maxima-dia.com\/wp-content\/uploads\/2021\/06\/ARGENTO_TAGLIA_LEVIGA.jpg\" \/>\n\t<meta property=\"og:image:width\" content=\"1700\" \/>\n\t<meta property=\"og:image:height\" content=\"1700\" \/>\n\t<meta property=\"og:image:type\" content=\"image\/jpeg\" \/>\n<meta name=\"twitter:card\" content=\"summary_large_image\" \/>\n<meta name=\"twitter:site\" content=\"@Maximadia\" \/>\n<meta name=\"twitter:label1\" content=\"Tempo di lettura stimato\" \/>\n\t<meta name=\"twitter:data1\" content=\"11 minuti\" \/>\n<script type=\"application\/ld+json\" class=\"yoast-schema-graph\">{\"@context\":\"https:\/\/schema.org\",\"@graph\":[{\"@type\":\"WebPage\",\"@id\":\"https:\/\/www.maxima-dia.com\/it\/dischi-diamantati-specifici\/argento-taglia-leviga\/\",\"url\":\"https:\/\/www.maxima-dia.com\/it\/dischi-diamantati-specifici\/argento-taglia-leviga\/\",\"name\":\"Argento Taglia Leviga - Maxima SpA\",\"isPartOf\":{\"@id\":\"https:\/\/www.maxima-dia.com\/it\/#website\"},\"primaryImageOfPage\":{\"@id\":\"https:\/\/www.maxima-dia.com\/it\/dischi-diamantati-specifici\/argento-taglia-leviga\/#primaryimage\"},\"image\":{\"@id\":\"https:\/\/www.maxima-dia.com\/it\/dischi-diamantati-specifici\/argento-taglia-leviga\/#primaryimage\"},\"thumbnailUrl\":\"https:\/\/www.maxima-dia.com\/wp-content\/uploads\/2021\/06\/ARGENTO_TAGLIA_LEVIGA.jpg\",\"datePublished\":\"2021-06-25T09:23:27+00:00\",\"dateModified\":\"2023-04-12T07:08:22+00:00\",\"breadcrumb\":{\"@id\":\"https:\/\/www.maxima-dia.com\/it\/dischi-diamantati-specifici\/argento-taglia-leviga\/#breadcrumb\"},\"inLanguage\":\"it-IT\",\"potentialAction\":[{\"@type\":\"ReadAction\",\"target\":[\"https:\/\/www.maxima-dia.com\/it\/dischi-diamantati-specifici\/argento-taglia-leviga\/\"]}]},{\"@type\":\"ImageObject\",\"inLanguage\":\"it-IT\",\"@id\":\"https:\/\/www.maxima-dia.com\/it\/dischi-diamantati-specifici\/argento-taglia-leviga\/#primaryimage\",\"url\":\"https:\/\/www.maxima-dia.com\/wp-content\/uploads\/2021\/06\/ARGENTO_TAGLIA_LEVIGA.jpg\",\"contentUrl\":\"https:\/\/www.maxima-dia.com\/wp-content\/uploads\/2021\/06\/ARGENTO_TAGLIA_LEVIGA.jpg\",\"width\":1700,\"height\":1700},{\"@type\":\"BreadcrumbList\",\"@id\":\"https:\/\/www.maxima-dia.com\/it\/dischi-diamantati-specifici\/argento-taglia-leviga\/#breadcrumb\",\"itemListElement\":[{\"@type\":\"ListItem\",\"position\":1,\"name\":\"Home\",\"item\":\"https:\/\/www.maxima-dia.com\/it\/\"},{\"@type\":\"ListItem\",\"position\":2,\"name\":\"Dischi Diamantati Specifici\",\"item\":\"https:\/\/www.maxima-dia.com\/it\/dischi-diamantati-specifici\/\"},{\"@type\":\"ListItem\",\"position\":3,\"name\":\"Argento Taglia Leviga\"}]},{\"@type\":\"WebSite\",\"@id\":\"https:\/\/www.maxima-dia.com\/it\/#website\",\"url\":\"https:\/\/www.maxima-dia.com\/it\/\",\"name\":\"Maxima SpA\",\"description\":\"Only for the real professionals\",\"potentialAction\":[{\"@type\":\"SearchAction\",\"target\":{\"@type\":\"EntryPoint\",\"urlTemplate\":\"https:\/\/www.maxima-dia.com\/it\/?s={search_term_string}\"},\"query-input\":{\"@type\":\"PropertyValueSpecification\",\"valueRequired\":true,\"valueName\":\"search_term_string\"}}],\"inLanguage\":\"it-IT\"}]}<\/script>\n<!-- \/ Yoast SEO plugin. -->","yoast_head_json":{"title":"Argento Taglia Leviga - Maxima SpA","robots":{"index":"index","follow":"follow","max-snippet":"max-snippet:-1","max-image-preview":"max-image-preview:large","max-video-preview":"max-video-preview:-1"},"canonical":"https:\/\/www.maxima-dia.com\/it\/dischi-diamantati-specifici\/argento-taglia-leviga\/","og_locale":"it_IT","og_type":"article","og_title":"Argento Taglia Leviga - Maxima SpA","og_description":"[vc_row][vc_column text_align=&#8221;center&#8221; width=&#8221;1\/4&#8243;][vc_column_text][\/vc_column_text][vc_column_text css_animation=&#8221;slideInDown&#8221; el_class=&#8221;hidebuybutton&#8221;][\/vc_column_text][vc_btn title=&#8221;Scheda prodotto&#8221; style=&#8221;outline-custom&#8221; outline_custom_color=&#8221;#cc0000&#8243; outline_custom_hover_background=&#8221;#910000&#8243; outline_custom_hover_text=&#8221;#f7f7f7&#8243; align=&#8221;center&#8221; i_icon_fontawesome=&#8221;fas fa-download&#8221; add_icon=&#8221;true&#8221; css=&#8221;.vc_custom_1681283299735{margin-top: 5px !important;margin-right: 5px !important;margin-bottom: 5px !important;margin-left: 5px !important;}&#8221; link=&#8221;url:%2Fdl.php%3Ffile_url%3Dhttps%3A%2F%2Fwww.maxima-dia.com%2Fwp-content%2Fuploads%2F2023%2F04%2FDISCHI-SPECIFICI-ARGENTO-TAGLIA-LEVIGA-IT.pdf&#8221;][\/vc_column][vc_column width=&#8221;3\/4&#8243;][vc_column_text] Argento Taglia-Leviga \u00e8 un utensile unico perch\u00e8 svolge contemporaneamente la doppia funzione: \u00e8 adatto sia per levigare che per tagliare, a secco, la maggior parte dei materiali edili. Quello che si pu\u00f2 letteralmente definire disco universale. \u00c8 duttile perch\u00e9 capace di lavorare su tutti i materiali edili, compresi quelli normalmente non adatti ad un disco diamantato, come ad esempio il legno, i materiali plastici o l\u2019alluminio. \u00c8 un utensile indispensabile per qualsiasi lavoro che richiede un\u2019alta velocit\u00e0 di realizzazione della lavorazione, insieme ad una buona durata. TABELLA TECNICA Cemento \/ Laterizi \/ Tegole \u2605\u2605 Calcestruzzo poco armato \u2605\u2605&nbsp; Calcestruzzo molto armato \u2605\u2605&nbsp; Graniti \/ Pietre naturali \/ Porfidi \u2605\u2605&nbsp; Marmi \u2605\u2605&nbsp; Refrattari \u2605 Arenaria \/ Piastre ghiaino lavato \u2605 Plastica \/ PVC \/ Plexiglass \u2605\u2605&nbsp; Acciaio \/ Ferro \/ Lamiera \u2605\u2605&nbsp; Ceramica bi \/ monocottura \u2605\u2605&nbsp; Gres porcellanato \/ Klinker \u2605\u2605&nbsp; Cemento Fresco \/ Asfalto \u2605 Legno (max H. 2 cm) \u2605\u2605 &nbsp; Velocit\u00e0 di taglio \u2605\u2605\u2605\u2605\u2605 Durata media \u2605\u2605\u2605 sufficiente&nbsp;\u2605&nbsp;&nbsp;&nbsp;&nbsp; medio \u2605\u2605&nbsp;&nbsp;&nbsp;&nbsp; buono \u2605\u2605\u2605&nbsp;&nbsp;&nbsp;&nbsp; ottimo \u2605\u2605\u2605\u2605&nbsp;&nbsp;&nbsp;&nbsp; super \u2605\u2605\u2605\u2605\u2605 &nbsp; DIAMETRI DISPONIBILI 115-125 &nbsp;[\/vc_column_text][\/vc_column][\/vc_row]","og_url":"https:\/\/www.maxima-dia.com\/it\/dischi-diamantati-specifici\/argento-taglia-leviga\/","og_site_name":"Maxima SpA","article_publisher":"https:\/\/www.facebook.com\/Maxima-spa-106098566139597","article_modified_time":"2023-04-12T07:08:22+00:00","og_image":[{"width":1700,"height":1700,"url":"https:\/\/www.maxima-dia.com\/wp-content\/uploads\/2021\/06\/ARGENTO_TAGLIA_LEVIGA.jpg","type":"image\/jpeg"}],"twitter_card":"summary_large_image","twitter_site":"@Maximadia","twitter_misc":{"Tempo di lettura stimato":"11 minuti"},"schema":{"@context":"https:\/\/schema.org","@graph":[{"@type":"WebPage","@id":"https:\/\/www.maxima-dia.com\/it\/dischi-diamantati-specifici\/argento-taglia-leviga\/","url":"https:\/\/www.maxima-dia.com\/it\/dischi-diamantati-specifici\/argento-taglia-leviga\/","name":"Argento Taglia Leviga - Maxima SpA","isPartOf":{"@id":"https:\/\/www.maxima-dia.com\/it\/#website"},"primaryImageOfPage":{"@id":"https:\/\/www.maxima-dia.com\/it\/dischi-diamantati-specifici\/argento-taglia-leviga\/#primaryimage"},"image":{"@id":"https:\/\/www.maxima-dia.com\/it\/dischi-diamantati-specifici\/argento-taglia-leviga\/#primaryimage"},"thumbnailUrl":"https:\/\/www.maxima-dia.com\/wp-content\/uploads\/2021\/06\/ARGENTO_TAGLIA_LEVIGA.jpg","datePublished":"2021-06-25T09:23:27+00:00","dateModified":"2023-04-12T07:08:22+00:00","breadcrumb":{"@id":"https:\/\/www.maxima-dia.com\/it\/dischi-diamantati-specifici\/argento-taglia-leviga\/#breadcrumb"},"inLanguage":"it-IT","potentialAction":[{"@type":"ReadAction","target":["https:\/\/www.maxima-dia.com\/it\/dischi-diamantati-specifici\/argento-taglia-leviga\/"]}]},{"@type":"ImageObject","inLanguage":"it-IT","@id":"https:\/\/www.maxima-dia.com\/it\/dischi-diamantati-specifici\/argento-taglia-leviga\/#primaryimage","url":"https:\/\/www.maxima-dia.com\/wp-content\/uploads\/2021\/06\/ARGENTO_TAGLIA_LEVIGA.jpg","contentUrl":"https:\/\/www.maxima-dia.com\/wp-content\/uploads\/2021\/06\/ARGENTO_TAGLIA_LEVIGA.jpg","width":1700,"height":1700},{"@type":"BreadcrumbList","@id":"https:\/\/www.maxima-dia.com\/it\/dischi-diamantati-specifici\/argento-taglia-leviga\/#breadcrumb","itemListElement":[{"@type":"ListItem","position":1,"name":"Home","item":"https:\/\/www.maxima-dia.com\/it\/"},{"@type":"ListItem","position":2,"name":"Dischi Diamantati Specifici","item":"https:\/\/www.maxima-dia.com\/it\/dischi-diamantati-specifici\/"},{"@type":"ListItem","position":3,"name":"Argento Taglia Leviga"}]},{"@type":"WebSite","@id":"https:\/\/www.maxima-dia.com\/it\/#website","url":"https:\/\/www.maxima-dia.com\/it\/","name":"Maxima SpA","description":"Only for the real professionals","potentialAction":[{"@type":"SearchAction","target":{"@type":"EntryPoint","urlTemplate":"https:\/\/www.maxima-dia.com\/it\/?s={search_term_string}"},"query-input":{"@type":"PropertyValueSpecification","valueRequired":true,"valueName":"search_term_string"}}],"inLanguage":"it-IT"}]}},"_links":{"self":[{"href":"https:\/\/www.maxima-dia.com\/it\/wp-json\/wp\/v2\/pages\/28380"}],"collection":[{"href":"https:\/\/www.maxima-dia.com\/it\/wp-json\/wp\/v2\/pages"}],"about":[{"href":"https:\/\/www.maxima-dia.com\/it\/wp-json\/wp\/v2\/types\/page"}],"author":[{"embeddable":true,"href":"https:\/\/www.maxima-dia.com\/it\/wp-json\/wp\/v2\/users\/29"}],"replies":[{"embeddable":true,"href":"https:\/\/www.maxima-dia.com\/it\/wp-json\/wp\/v2\/comments?post=28380"}],"version-history":[{"count":1,"href":"https:\/\/www.maxima-dia.com\/it\/wp-json\/wp\/v2\/pages\/28380\/revisions"}],"predecessor-version":[{"id":39710,"href":"https:\/\/www.maxima-dia.com\/it\/wp-json\/wp\/v2\/pages\/28380\/revisions\/39710"}],"up":[{"embeddable":true,"href":"https:\/\/www.maxima-dia.com\/it\/wp-json\/wp\/v2\/pages\/12548"}],"wp:featuredmedia":[{"embeddable":true,"href":"https:\/\/www.maxima-dia.com\/it\/wp-json\/wp\/v2\/media\/28385"}],"wp:attachment":[{"href":"https:\/\/www.maxima-dia.com\/it\/wp-json\/wp\/v2\/media?parent=28380"}],"curies":[{"name":"wp","href":"https:\/\/api.w.org\/{rel}","templated":true}]}}