{"id":29249,"date":"2021-07-12T12:17:54","date_gmt":"2021-07-12T10:17:54","guid":{"rendered":"https:\/\/www.maxima-dia.com\/?page_id=29249"},"modified":"2024-11-04T09:57:50","modified_gmt":"2024-11-04T08:57:50","slug":"vibramax-95-20-reversibile","status":"publish","type":"page","link":"https:\/\/www.maxima-dia.com\/it\/macchine-edili-compattazione\/vibramax-95-20-reversibile\/","title":{"rendered":"Vibramax 95\/20 Reversibile"},"content":{"rendered":"<div class=\"wpb-content-wrapper\"><p>[vc_row][vc_column text_align=&#8221;center&#8221; width=&#8221;1\/4&#8243;][vc_column_text]<a href=\"https:\/\/www.maxima-dia.com\/wp-content\/uploads\/2021\/07\/VIBRAMAX95-20R.jpg\"><img loading=\"lazy\" decoding=\"async\" class=\"alignnone wp-image-29285 size-thumbnail\" src=\"https:\/\/www.maxima-dia.com\/wp-content\/uploads\/2021\/07\/VIBRAMAX95-20R-150x150.jpg\" alt=\"\" width=\"150\" height=\"150\" srcset=\"https:\/\/www.maxima-dia.com\/wp-content\/uploads\/2021\/07\/VIBRAMAX95-20R-150x150.jpg 150w, https:\/\/www.maxima-dia.com\/wp-content\/uploads\/2021\/07\/VIBRAMAX95-20R-300x300.jpg 300w, https:\/\/www.maxima-dia.com\/wp-content\/uploads\/2021\/07\/VIBRAMAX95-20R-1024x1024.jpg 1024w, https:\/\/www.maxima-dia.com\/wp-content\/uploads\/2021\/07\/VIBRAMAX95-20R-768x768.jpg 768w, https:\/\/www.maxima-dia.com\/wp-content\/uploads\/2021\/07\/VIBRAMAX95-20R-1536x1536.jpg 1536w, https:\/\/www.maxima-dia.com\/wp-content\/uploads\/2021\/07\/VIBRAMAX95-20R-80x80.jpg 80w, https:\/\/www.maxima-dia.com\/wp-content\/uploads\/2021\/07\/VIBRAMAX95-20R-500x500.jpg 500w, https:\/\/www.maxima-dia.com\/wp-content\/uploads\/2021\/07\/VIBRAMAX95-20R-1000x1000.jpg 1000w, https:\/\/www.maxima-dia.com\/wp-content\/uploads\/2021\/07\/VIBRAMAX95-20R.jpg 1700w\" sizes=\"(max-width: 150px) 100vw, 150px\" \/><\/a><\/p>\n<p>made in EU&nbsp;<img loading=\"lazy\" decoding=\"async\" src=\"\/wp-content\/uploads\/2013\/11\/eu.png\" alt=\"eu\" width=\"24\" height=\"16\"> &#8211; certificata <span style=\"font-family: arial,helvetica,sans-serif;\">CE<\/span>[\/vc_column_text][vc_column_text css_animation=&#8221;slideInDown&#8221; el_class=&#8221;hidebuybutton&#8221;]<a href=\"https:\/\/www.storemaxima.com\/it\/compattazione\/294-vibramax-95-20-reversibile.html\" target=\"_blank\" rel=\"noopener\"><img loading=\"lazy\" decoding=\"async\" class=\"alignnone\" title=\"Acquista su www.storemaxima.com\" src=\"https:\/\/www.maxima-dia.com\/wp-content\/uploads\/2019\/12\/pulsante-acquista-storemaxima.com-it.svg\" alt=\"Acquista su www.storemaxima.com\" width=\"180\" height=\"80\"><\/a>[\/vc_column_text][vc_btn title=&#8221;Scheda prodotto&#8221; style=&#8221;outline-custom&#8221; outline_custom_color=&#8221;#cc0000&#8243; outline_custom_hover_background=&#8221;#910000&#8243; outline_custom_hover_text=&#8221;#f7f7f7&#8243; align=&#8221;center&#8221; i_icon_fontawesome=&#8221;fas fa-download&#8221; add_icon=&#8221;true&#8221; css=&#8221;.vc_custom_1681465738082{margin-top: 5px !important;margin-right: 5px !important;margin-bottom: 5px !important;margin-left: 5px !important;}&#8221; link=&#8221;url:%2Fdl.php%3Ffile_url%3Dhttps%3A%2F%2Fwww.maxima-dia.com%2Fwp-content%2Fuploads%2F2023%2F04%2FVIBRAMAX-95-20-REVERSIBILE-IT.pdf&#8221;][\/vc_column][vc_column width=&#8221;3\/4&#8243;][vc_column_text]La nuovissima <strong>Vibramax 95\/20 R<\/strong>, grazie al motore Honda GX 120 a benzina, sinonimo di affidabilit\u00e0, e alla notevole forza centrifuga di 20 kN permette di compattare facilmente ed in profondit\u00e0 ghiaia e compattato, anche su grandi superfici. Perfetta per il noleggio grazie alla piastra in acciaio robusta e di grandi dimensioni e alla facilit\u00e0 di trasporto permessa dal manico pieghevole. \u00c8 dotata delle seguenti caratteristiche: manubrio pieghevole con leva per spostamento in avanti e indietro, leva per la regolazione delle velocit\u00e0, interruttore di sicurezza per accensione\/spegnimento, gommini antivibrazioni al manubrio e alla base, contaore, gancio di sollevamento. Il piano base della piastra \u00e8 in acciaio ad elevata resistenza ed \u00e8 garantito 6 anni.<\/p>\n<table class=\"tabellafotocarotaggio\" style=\"width: 100%;\">\n<tbody>\n<tr>\n<td style=\"width: 25%; text-align: center;\"><a href=\"https:\/\/www.maxima-dia.com\/wp-content\/uploads\/2021\/07\/VIBRAMAX95-20R-3.jpg\"><img loading=\"lazy\" decoding=\"async\" class=\"alignnone wp-image-29261 size-thumbnail\" src=\"https:\/\/www.maxima-dia.com\/wp-content\/uploads\/2021\/07\/VIBRAMAX95-20R-3-150x150.jpg\" alt=\"\" width=\"150\" height=\"150\" srcset=\"https:\/\/www.maxima-dia.com\/wp-content\/uploads\/2021\/07\/VIBRAMAX95-20R-3-150x150.jpg 150w, https:\/\/www.maxima-dia.com\/wp-content\/uploads\/2021\/07\/VIBRAMAX95-20R-3-300x300.jpg 300w, https:\/\/www.maxima-dia.com\/wp-content\/uploads\/2021\/07\/VIBRAMAX95-20R-3-1024x1024.jpg 1024w, https:\/\/www.maxima-dia.com\/wp-content\/uploads\/2021\/07\/VIBRAMAX95-20R-3-768x768.jpg 768w, https:\/\/www.maxima-dia.com\/wp-content\/uploads\/2021\/07\/VIBRAMAX95-20R-3-1536x1536.jpg 1536w, https:\/\/www.maxima-dia.com\/wp-content\/uploads\/2021\/07\/VIBRAMAX95-20R-3-80x80.jpg 80w, https:\/\/www.maxima-dia.com\/wp-content\/uploads\/2021\/07\/VIBRAMAX95-20R-3-500x500.jpg 500w, https:\/\/www.maxima-dia.com\/wp-content\/uploads\/2021\/07\/VIBRAMAX95-20R-3-1000x1000.jpg 1000w, https:\/\/www.maxima-dia.com\/wp-content\/uploads\/2021\/07\/VIBRAMAX95-20R-3.jpg 1700w\" sizes=\"(max-width: 150px) 100vw, 150px\" \/><\/a><\/td>\n<td style=\"width: 25%; text-align: center;\"><a href=\"https:\/\/www.maxima-dia.com\/wp-content\/uploads\/2021\/07\/VIBRAMAX95-20R-4.jpg\"><img loading=\"lazy\" decoding=\"async\" class=\"alignnone wp-image-29267 size-thumbnail\" src=\"https:\/\/www.maxima-dia.com\/wp-content\/uploads\/2021\/07\/VIBRAMAX95-20R-4-150x150.jpg\" alt=\"\" width=\"150\" height=\"150\" srcset=\"https:\/\/www.maxima-dia.com\/wp-content\/uploads\/2021\/07\/VIBRAMAX95-20R-4-150x150.jpg 150w, https:\/\/www.maxima-dia.com\/wp-content\/uploads\/2021\/07\/VIBRAMAX95-20R-4-300x300.jpg 300w, https:\/\/www.maxima-dia.com\/wp-content\/uploads\/2021\/07\/VIBRAMAX95-20R-4-1024x1024.jpg 1024w, https:\/\/www.maxima-dia.com\/wp-content\/uploads\/2021\/07\/VIBRAMAX95-20R-4-768x768.jpg 768w, https:\/\/www.maxima-dia.com\/wp-content\/uploads\/2021\/07\/VIBRAMAX95-20R-4-1536x1536.jpg 1536w, https:\/\/www.maxima-dia.com\/wp-content\/uploads\/2021\/07\/VIBRAMAX95-20R-4-80x80.jpg 80w, https:\/\/www.maxima-dia.com\/wp-content\/uploads\/2021\/07\/VIBRAMAX95-20R-4-500x500.jpg 500w, https:\/\/www.maxima-dia.com\/wp-content\/uploads\/2021\/07\/VIBRAMAX95-20R-4-1000x1000.jpg 1000w, https:\/\/www.maxima-dia.com\/wp-content\/uploads\/2021\/07\/VIBRAMAX95-20R-4.jpg 1700w\" sizes=\"(max-width: 150px) 100vw, 150px\" \/><\/a><\/td>\n<td style=\"width: 25%; text-align: center;\"><a href=\"https:\/\/www.maxima-dia.com\/wp-content\/uploads\/2021\/07\/VIBRAMAX95-20R-6.jpg\"><img loading=\"lazy\" decoding=\"async\" class=\"alignnone wp-image-29279 size-thumbnail\" src=\"https:\/\/www.maxima-dia.com\/wp-content\/uploads\/2021\/07\/VIBRAMAX95-20R-6-150x150.jpg\" alt=\"\" width=\"150\" height=\"150\" srcset=\"https:\/\/www.maxima-dia.com\/wp-content\/uploads\/2021\/07\/VIBRAMAX95-20R-6-150x150.jpg 150w, https:\/\/www.maxima-dia.com\/wp-content\/uploads\/2021\/07\/VIBRAMAX95-20R-6-300x300.jpg 300w, https:\/\/www.maxima-dia.com\/wp-content\/uploads\/2021\/07\/VIBRAMAX95-20R-6-1024x1024.jpg 1024w, https:\/\/www.maxima-dia.com\/wp-content\/uploads\/2021\/07\/VIBRAMAX95-20R-6-768x768.jpg 768w, https:\/\/www.maxima-dia.com\/wp-content\/uploads\/2021\/07\/VIBRAMAX95-20R-6-1536x1536.jpg 1536w, https:\/\/www.maxima-dia.com\/wp-content\/uploads\/2021\/07\/VIBRAMAX95-20R-6-80x80.jpg 80w, https:\/\/www.maxima-dia.com\/wp-content\/uploads\/2021\/07\/VIBRAMAX95-20R-6-500x500.jpg 500w, https:\/\/www.maxima-dia.com\/wp-content\/uploads\/2021\/07\/VIBRAMAX95-20R-6-1000x1000.jpg 1000w, https:\/\/www.maxima-dia.com\/wp-content\/uploads\/2021\/07\/VIBRAMAX95-20R-6.jpg 1700w\" sizes=\"(max-width: 150px) 100vw, 150px\" \/><\/a><\/td>\n<td style=\"width: 25%; text-align: center;\"><a href=\"https:\/\/www.maxima-dia.com\/wp-content\/uploads\/2021\/07\/VIBRAMAX95-20R-4.jpg\"><img loading=\"lazy\" decoding=\"async\" class=\"alignnone wp-image-29267 size-thumbnail\" src=\"https:\/\/www.maxima-dia.com\/wp-content\/uploads\/2021\/07\/VIBRAMAX95-20R-4-150x150.jpg\" alt=\"\" width=\"150\" height=\"150\" srcset=\"https:\/\/www.maxima-dia.com\/wp-content\/uploads\/2021\/07\/VIBRAMAX95-20R-4-150x150.jpg 150w, https:\/\/www.maxima-dia.com\/wp-content\/uploads\/2021\/07\/VIBRAMAX95-20R-4-300x300.jpg 300w, https:\/\/www.maxima-dia.com\/wp-content\/uploads\/2021\/07\/VIBRAMAX95-20R-4-1024x1024.jpg 1024w, https:\/\/www.maxima-dia.com\/wp-content\/uploads\/2021\/07\/VIBRAMAX95-20R-4-768x768.jpg 768w, https:\/\/www.maxima-dia.com\/wp-content\/uploads\/2021\/07\/VIBRAMAX95-20R-4-1536x1536.jpg 1536w, https:\/\/www.maxima-dia.com\/wp-content\/uploads\/2021\/07\/VIBRAMAX95-20R-4-80x80.jpg 80w, https:\/\/www.maxima-dia.com\/wp-content\/uploads\/2021\/07\/VIBRAMAX95-20R-4-500x500.jpg 500w, https:\/\/www.maxima-dia.com\/wp-content\/uploads\/2021\/07\/VIBRAMAX95-20R-4-1000x1000.jpg 1000w, https:\/\/www.maxima-dia.com\/wp-content\/uploads\/2021\/07\/VIBRAMAX95-20R-4.jpg 1700w\" sizes=\"(max-width: 150px) 100vw, 150px\" \/><\/a><\/td>\n<\/tr>\n<\/tbody>\n<\/table>\n<p style=\"text-align: justify;\">&nbsp;<\/p>\n<table class=\"tabellatecnica\" style=\"width: 100%;\" border=\"0\" cellspacing=\"0\" cellpadding=\"0\">\n<thead>\n<tr>\n<td class=\"testata\" style=\"width: 100%;\" colspan=\"2\">CARATTERISTICHE TECNICHE<\/td>\n<\/tr>\n<\/thead>\n<tbody>\n<tr>\n<td class=\"coltesto1\" style=\"width: 50%;\">Forza Centrifuga 20 Kn<\/td>\n<td class=\"coltesto2\" style=\"width: 50%;\">Max Velocit\u00e0 avanti\/indietro: 25 m\/min<\/td>\n<\/tr>\n<tr>\n<td class=\"coltesto1\" style=\"width: 50%;\">Larghezza Piastra 350 mm<\/td>\n<td class=\"coltesto2\" style=\"width: 50%;\">Frequenza 100 Hz &#8211; Pendenza Max. 30%<\/td>\n<\/tr>\n<tr>\n<td class=\"coltesto1\" style=\"width: 50%;\">Lunghezza Piastra 526 mm<\/td>\n<td class=\"coltesto2\" style=\"width: 50%;\">Reversibile: marcia avanti + marcia indietro<\/td>\n<\/tr>\n<tr>\n<td class=\"coltesto2\" style=\"width: 50%;\">Motore Honda GX120 K1 a Benzina Verde<\/td>\n<td class=\"coltesto2\" style=\"width: 50%;\">Dimensioni &#8211; Chiusa (L x W x H): 350 x 562 x 645 mm (996 aperta)<\/td>\n<\/tr>\n<tr>\n<td class=\"coltesto2\" style=\"width: 50%;\">Potenza Motore 2,6 Kw\/ 3,5 CV<\/td>\n<td class=\"coltesto2\" style=\"width: 50%;\">Tappetino in gomma e Kit ruote &#8211; non inclusi (optional)<\/td>\n<\/tr>\n<tr>\n<td class=\"coltesto2\" style=\"width: 50%;\">Accensione: manuale<\/td>\n<td class=\"coltesto2\" style=\"width: 50%;\">Peso 95 Kg<\/td>\n<\/tr>\n<\/tbody>\n<\/table>\n<p>[\/vc_column_text][\/vc_column][\/vc_row]<\/p>\n<\/div>","protected":false},"excerpt":{"rendered":"<p>[vc_row][vc_column text_align=&#8221;center&#8221; width=&#8221;1\/4&#8243;][vc_column_text] made in EU&nbsp; &#8211; certificata CE[\/vc_column_text][vc_column_text css_animation=&#8221;slideInDown&#8221; el_class=&#8221;hidebuybutton&#8221;][\/vc_column_text][vc_btn title=&#8221;Scheda prodotto&#8221; style=&#8221;outline-custom&#8221; outline_custom_color=&#8221;#cc0000&#8243; outline_custom_hover_background=&#8221;#910000&#8243; outline_custom_hover_text=&#8221;#f7f7f7&#8243; align=&#8221;center&#8221; i_icon_fontawesome=&#8221;fas fa-download&#8221; add_icon=&#8221;true&#8221; css=&#8221;.vc_custom_1681465738082{margin-top: 5px !important;margin-right: 5px !important;margin-bottom: 5px !important;margin-left: 5px !important;}&#8221; link=&#8221;url:%2Fdl.php%3Ffile_url%3Dhttps%3A%2F%2Fwww.maxima-dia.com%2Fwp-content%2Fuploads%2F2023%2F04%2FVIBRAMAX-95-20-REVERSIBILE-IT.pdf&#8221;][\/vc_column][vc_column width=&#8221;3\/4&#8243;][vc_column_text]La nuovissima Vibramax 95\/20 R, grazie al motore Honda GX 120 a benzina, sinonimo di affidabilit\u00e0, e alla notevole forza centrifuga di 20 kN permette di compattare facilmente ed in profondit\u00e0 ghiaia e compattato, anche su grandi superfici. Perfetta per il noleggio grazie alla piastra in acciaio robusta e di grandi dimensioni e alla facilit\u00e0 di trasporto permessa dal manico pieghevole. \u00c8 dotata delle seguenti caratteristiche: manubrio pieghevole con leva per spostamento in avanti e indietro, leva per la regolazione delle velocit\u00e0, interruttore di sicurezza per accensione\/spegnimento, gommini antivibrazioni al manubrio e alla base, contaore, gancio di sollevamento. Il piano base della piastra \u00e8 in acciaio ad elevata resistenza ed \u00e8 garantito 6 anni. &nbsp; CARATTERISTICHE TECNICHE Forza Centrifuga 20 Kn Max Velocit\u00e0 avanti\/indietro: 25 m\/min Larghezza Piastra 350 mm Frequenza 100 Hz &#8211; Pendenza Max. 30% Lunghezza Piastra 526 mm Reversibile: marcia avanti + marcia indietro Motore Honda GX120 K1 a Benzina Verde Dimensioni &#8211; Chiusa (L x W x H): 350 x 562 x 645 mm (996 [&hellip;]<\/p>\n","protected":false},"author":29,"featured_media":29285,"parent":33185,"menu_order":4,"comment_status":"closed","ping_status":"closed","template":"","meta":{"ngg_post_thumbnail":0,"_joinchat":[],"footnotes":""},"class_list":["post-29249","page","type-page","status-publish","has-post-thumbnail","hentry"],"yoast_head":"<!-- This site is optimized with the Yoast SEO plugin v25.5 - https:\/\/yoast.com\/wordpress\/plugins\/seo\/ -->\n<title>Vibramax 95\/20 Reversibile - Maxima SpA<\/title>\n<meta name=\"description\" content=\"Vibramax 95\/20 Reversibile compattatrice per asfalto ciottoli sassi sabbia ghiaia\" \/>\n<meta name=\"robots\" content=\"index, follow, max-snippet:-1, max-image-preview:large, max-video-preview:-1\" \/>\n<link rel=\"canonical\" href=\"https:\/\/www.maxima-dia.com\/it\/macchine-edili-compattazione\/vibramax-95-20-reversibile\/\" \/>\n<meta property=\"og:locale\" content=\"it_IT\" \/>\n<meta property=\"og:type\" content=\"article\" \/>\n<meta property=\"og:title\" content=\"Vibramax 95\/20 Reversibile - Maxima SpA\" \/>\n<meta property=\"og:description\" content=\"Vibramax 95\/20 Reversibile compattatrice per asfalto ciottoli sassi sabbia ghiaia\" \/>\n<meta property=\"og:url\" content=\"https:\/\/www.maxima-dia.com\/it\/macchine-edili-compattazione\/vibramax-95-20-reversibile\/\" \/>\n<meta property=\"og:site_name\" content=\"Maxima SpA\" \/>\n<meta property=\"article:publisher\" content=\"https:\/\/www.facebook.com\/Maxima-spa-106098566139597\" \/>\n<meta property=\"article:modified_time\" content=\"2024-11-04T08:57:50+00:00\" \/>\n<meta property=\"og:image\" content=\"https:\/\/www.maxima-dia.com\/wp-content\/uploads\/2021\/07\/VIBRAMAX95-20R.jpg\" \/>\n\t<meta property=\"og:image:width\" content=\"1700\" \/>\n\t<meta property=\"og:image:height\" content=\"1700\" \/>\n\t<meta property=\"og:image:type\" content=\"image\/jpeg\" \/>\n<meta name=\"twitter:card\" content=\"summary_large_image\" \/>\n<meta name=\"twitter:site\" content=\"@Maximadia\" \/>\n<meta name=\"twitter:label1\" content=\"Tempo di lettura stimato\" \/>\n\t<meta name=\"twitter:data1\" content=\"3 minuti\" \/>\n<script type=\"application\/ld+json\" class=\"yoast-schema-graph\">{\"@context\":\"https:\/\/schema.org\",\"@graph\":[{\"@type\":\"WebPage\",\"@id\":\"https:\/\/www.maxima-dia.com\/it\/macchine-edili-compattazione\/vibramax-95-20-reversibile\/\",\"url\":\"https:\/\/www.maxima-dia.com\/it\/macchine-edili-compattazione\/vibramax-95-20-reversibile\/\",\"name\":\"Vibramax 95\/20 Reversibile - Maxima SpA\",\"isPartOf\":{\"@id\":\"https:\/\/www.maxima-dia.com\/it\/#website\"},\"primaryImageOfPage\":{\"@id\":\"https:\/\/www.maxima-dia.com\/it\/macchine-edili-compattazione\/vibramax-95-20-reversibile\/#primaryimage\"},\"image\":{\"@id\":\"https:\/\/www.maxima-dia.com\/it\/macchine-edili-compattazione\/vibramax-95-20-reversibile\/#primaryimage\"},\"thumbnailUrl\":\"https:\/\/www.maxima-dia.com\/wp-content\/uploads\/2021\/07\/VIBRAMAX95-20R.jpg\",\"datePublished\":\"2021-07-12T10:17:54+00:00\",\"dateModified\":\"2024-11-04T08:57:50+00:00\",\"description\":\"Vibramax 95\/20 Reversibile compattatrice per asfalto ciottoli sassi sabbia ghiaia\",\"breadcrumb\":{\"@id\":\"https:\/\/www.maxima-dia.com\/it\/macchine-edili-compattazione\/vibramax-95-20-reversibile\/#breadcrumb\"},\"inLanguage\":\"it-IT\",\"potentialAction\":[{\"@type\":\"ReadAction\",\"target\":[\"https:\/\/www.maxima-dia.com\/it\/macchine-edili-compattazione\/vibramax-95-20-reversibile\/\"]}]},{\"@type\":\"ImageObject\",\"inLanguage\":\"it-IT\",\"@id\":\"https:\/\/www.maxima-dia.com\/it\/macchine-edili-compattazione\/vibramax-95-20-reversibile\/#primaryimage\",\"url\":\"https:\/\/www.maxima-dia.com\/wp-content\/uploads\/2021\/07\/VIBRAMAX95-20R.jpg\",\"contentUrl\":\"https:\/\/www.maxima-dia.com\/wp-content\/uploads\/2021\/07\/VIBRAMAX95-20R.jpg\",\"width\":1700,\"height\":1700},{\"@type\":\"BreadcrumbList\",\"@id\":\"https:\/\/www.maxima-dia.com\/it\/macchine-edili-compattazione\/vibramax-95-20-reversibile\/#breadcrumb\",\"itemListElement\":[{\"@type\":\"ListItem\",\"position\":1,\"name\":\"Home\",\"item\":\"https:\/\/www.maxima-dia.com\/it\/\"},{\"@type\":\"ListItem\",\"position\":2,\"name\":\"Macchine Edili Compattazione\",\"item\":\"https:\/\/www.maxima-dia.com\/it\/macchine-edili-compattazione\/\"},{\"@type\":\"ListItem\",\"position\":3,\"name\":\"Vibramax 95\/20 Reversibile\"}]},{\"@type\":\"WebSite\",\"@id\":\"https:\/\/www.maxima-dia.com\/it\/#website\",\"url\":\"https:\/\/www.maxima-dia.com\/it\/\",\"name\":\"Maxima SpA\",\"description\":\"Only for the real professionals\",\"potentialAction\":[{\"@type\":\"SearchAction\",\"target\":{\"@type\":\"EntryPoint\",\"urlTemplate\":\"https:\/\/www.maxima-dia.com\/it\/?s={search_term_string}\"},\"query-input\":{\"@type\":\"PropertyValueSpecification\",\"valueRequired\":true,\"valueName\":\"search_term_string\"}}],\"inLanguage\":\"it-IT\"}]}<\/script>\n<!-- \/ Yoast SEO plugin. -->","yoast_head_json":{"title":"Vibramax 95\/20 Reversibile - Maxima SpA","description":"Vibramax 95\/20 Reversibile compattatrice per asfalto ciottoli sassi sabbia ghiaia","robots":{"index":"index","follow":"follow","max-snippet":"max-snippet:-1","max-image-preview":"max-image-preview:large","max-video-preview":"max-video-preview:-1"},"canonical":"https:\/\/www.maxima-dia.com\/it\/macchine-edili-compattazione\/vibramax-95-20-reversibile\/","og_locale":"it_IT","og_type":"article","og_title":"Vibramax 95\/20 Reversibile - Maxima SpA","og_description":"Vibramax 95\/20 Reversibile compattatrice per asfalto ciottoli sassi sabbia ghiaia","og_url":"https:\/\/www.maxima-dia.com\/it\/macchine-edili-compattazione\/vibramax-95-20-reversibile\/","og_site_name":"Maxima SpA","article_publisher":"https:\/\/www.facebook.com\/Maxima-spa-106098566139597","article_modified_time":"2024-11-04T08:57:50+00:00","og_image":[{"width":1700,"height":1700,"url":"https:\/\/www.maxima-dia.com\/wp-content\/uploads\/2021\/07\/VIBRAMAX95-20R.jpg","type":"image\/jpeg"}],"twitter_card":"summary_large_image","twitter_site":"@Maximadia","twitter_misc":{"Tempo di lettura stimato":"3 minuti"},"schema":{"@context":"https:\/\/schema.org","@graph":[{"@type":"WebPage","@id":"https:\/\/www.maxima-dia.com\/it\/macchine-edili-compattazione\/vibramax-95-20-reversibile\/","url":"https:\/\/www.maxima-dia.com\/it\/macchine-edili-compattazione\/vibramax-95-20-reversibile\/","name":"Vibramax 95\/20 Reversibile - Maxima SpA","isPartOf":{"@id":"https:\/\/www.maxima-dia.com\/it\/#website"},"primaryImageOfPage":{"@id":"https:\/\/www.maxima-dia.com\/it\/macchine-edili-compattazione\/vibramax-95-20-reversibile\/#primaryimage"},"image":{"@id":"https:\/\/www.maxima-dia.com\/it\/macchine-edili-compattazione\/vibramax-95-20-reversibile\/#primaryimage"},"thumbnailUrl":"https:\/\/www.maxima-dia.com\/wp-content\/uploads\/2021\/07\/VIBRAMAX95-20R.jpg","datePublished":"2021-07-12T10:17:54+00:00","dateModified":"2024-11-04T08:57:50+00:00","description":"Vibramax 95\/20 Reversibile compattatrice per asfalto ciottoli sassi sabbia ghiaia","breadcrumb":{"@id":"https:\/\/www.maxima-dia.com\/it\/macchine-edili-compattazione\/vibramax-95-20-reversibile\/#breadcrumb"},"inLanguage":"it-IT","potentialAction":[{"@type":"ReadAction","target":["https:\/\/www.maxima-dia.com\/it\/macchine-edili-compattazione\/vibramax-95-20-reversibile\/"]}]},{"@type":"ImageObject","inLanguage":"it-IT","@id":"https:\/\/www.maxima-dia.com\/it\/macchine-edili-compattazione\/vibramax-95-20-reversibile\/#primaryimage","url":"https:\/\/www.maxima-dia.com\/wp-content\/uploads\/2021\/07\/VIBRAMAX95-20R.jpg","contentUrl":"https:\/\/www.maxima-dia.com\/wp-content\/uploads\/2021\/07\/VIBRAMAX95-20R.jpg","width":1700,"height":1700},{"@type":"BreadcrumbList","@id":"https:\/\/www.maxima-dia.com\/it\/macchine-edili-compattazione\/vibramax-95-20-reversibile\/#breadcrumb","itemListElement":[{"@type":"ListItem","position":1,"name":"Home","item":"https:\/\/www.maxima-dia.com\/it\/"},{"@type":"ListItem","position":2,"name":"Macchine Edili Compattazione","item":"https:\/\/www.maxima-dia.com\/it\/macchine-edili-compattazione\/"},{"@type":"ListItem","position":3,"name":"Vibramax 95\/20 Reversibile"}]},{"@type":"WebSite","@id":"https:\/\/www.maxima-dia.com\/it\/#website","url":"https:\/\/www.maxima-dia.com\/it\/","name":"Maxima SpA","description":"Only for the real professionals","potentialAction":[{"@type":"SearchAction","target":{"@type":"EntryPoint","urlTemplate":"https:\/\/www.maxima-dia.com\/it\/?s={search_term_string}"},"query-input":{"@type":"PropertyValueSpecification","valueRequired":true,"valueName":"search_term_string"}}],"inLanguage":"it-IT"}]}},"_links":{"self":[{"href":"https:\/\/www.maxima-dia.com\/it\/wp-json\/wp\/v2\/pages\/29249"}],"collection":[{"href":"https:\/\/www.maxima-dia.com\/it\/wp-json\/wp\/v2\/pages"}],"about":[{"href":"https:\/\/www.maxima-dia.com\/it\/wp-json\/wp\/v2\/types\/page"}],"author":[{"embeddable":true,"href":"https:\/\/www.maxima-dia.com\/it\/wp-json\/wp\/v2\/users\/29"}],"replies":[{"embeddable":true,"href":"https:\/\/www.maxima-dia.com\/it\/wp-json\/wp\/v2\/comments?post=29249"}],"version-history":[{"count":1,"href":"https:\/\/www.maxima-dia.com\/it\/wp-json\/wp\/v2\/pages\/29249\/revisions"}],"predecessor-version":[{"id":40703,"href":"https:\/\/www.maxima-dia.com\/it\/wp-json\/wp\/v2\/pages\/29249\/revisions\/40703"}],"up":[{"embeddable":true,"href":"https:\/\/www.maxima-dia.com\/it\/wp-json\/wp\/v2\/pages\/33185"}],"wp:featuredmedia":[{"embeddable":true,"href":"https:\/\/www.maxima-dia.com\/it\/wp-json\/wp\/v2\/media\/29285"}],"wp:attachment":[{"href":"https:\/\/www.maxima-dia.com\/it\/wp-json\/wp\/v2\/media?parent=29249"}],"curies":[{"name":"wp","href":"https:\/\/api.w.org\/{rel}","templated":true}]}}