{"id":37624,"date":"2023-02-03T10:43:42","date_gmt":"2023-02-03T09:43:42","guid":{"rendered":"https:\/\/www.maxima-dia.com\/?page_id=37624"},"modified":"2023-04-14T12:04:17","modified_gmt":"2023-04-14T10:04:17","slug":"genemax-7000-is","status":"publish","type":"page","link":"https:\/\/www.maxima-dia.com\/it\/generatori-di-corrente-gruppi-elettrogeni\/genemax-7000-is\/","title":{"rendered":"Genemax 7000 IS"},"content":{"rendered":"<div class=\"wpb-content-wrapper\"><p>[vc_row][vc_column text_align=&#8221;center&#8221; width=&#8221;1\/4&#8243;][vc_column_text]<a href=\"https:\/\/www.maxima-dia.com\/wp-content\/uploads\/2023\/02\/GENEMAX-7000is-12-10-2022-bis.jpg\"><img loading=\"lazy\" decoding=\"async\" class=\"alignnone wp-image-37329 size-thumbnail\" src=\"https:\/\/www.maxima-dia.com\/wp-content\/uploads\/2023\/02\/GENEMAX-7000is-12-10-2022-bis-150x150.jpg\" alt=\"\" width=\"150\" height=\"150\" srcset=\"https:\/\/www.maxima-dia.com\/wp-content\/uploads\/2023\/02\/GENEMAX-7000is-12-10-2022-bis-150x150.jpg 150w, https:\/\/www.maxima-dia.com\/wp-content\/uploads\/2023\/02\/GENEMAX-7000is-12-10-2022-bis-300x300.jpg 300w, https:\/\/www.maxima-dia.com\/wp-content\/uploads\/2023\/02\/GENEMAX-7000is-12-10-2022-bis-1024x1024.jpg 1024w, https:\/\/www.maxima-dia.com\/wp-content\/uploads\/2023\/02\/GENEMAX-7000is-12-10-2022-bis-768x768.jpg 768w, https:\/\/www.maxima-dia.com\/wp-content\/uploads\/2023\/02\/GENEMAX-7000is-12-10-2022-bis-80x80.jpg 80w, https:\/\/www.maxima-dia.com\/wp-content\/uploads\/2023\/02\/GENEMAX-7000is-12-10-2022-bis-500x500.jpg 500w, https:\/\/www.maxima-dia.com\/wp-content\/uploads\/2023\/02\/GENEMAX-7000is-12-10-2022-bis-1000x1000.jpg 1000w, https:\/\/www.maxima-dia.com\/wp-content\/uploads\/2023\/02\/GENEMAX-7000is-12-10-2022-bis.jpg 1200w\" sizes=\"(max-width: 150px) 100vw, 150px\" \/><\/a><\/p>\n<p>certificata <span style=\"font-family: arial,helvetica,sans-serif;\">CE<\/span>[\/vc_column_text][vc_column_text css_animation=&#8221;slideInDown&#8221; el_class=&#8221;hidebuybutton&#8221;]<a href=\"https:\/\/www.storemaxima.com\/it\/macchine-edili-carotaggio\/320-genemax-7000-is.html\" target=\"_blank\" rel=\"noopener\"><img loading=\"lazy\" decoding=\"async\" class=\"alignnone\" title=\"Acquista su www.storemaxima.com\" src=\"https:\/\/www.maxima-dia.com\/wp-content\/uploads\/2019\/12\/pulsante-acquista-storemaxima.com-it.svg\" alt=\"Acquista su www.storemaxima.com\" width=\"180\" height=\"80\"><\/a>[\/vc_column_text][vc_btn title=&#8221;Scheda prodotto&#8221; style=&#8221;outline-custom&#8221; outline_custom_color=&#8221;#cc0000&#8243; outline_custom_hover_background=&#8221;#910000&#8243; outline_custom_hover_text=&#8221;#f7f7f7&#8243; align=&#8221;center&#8221; i_icon_fontawesome=&#8221;fas fa-download&#8221; add_icon=&#8221;true&#8221; css=&#8221;.vc_custom_1681466654613{margin-top: 5px !important;margin-right: 5px !important;margin-bottom: 5px !important;margin-left: 5px !important;}&#8221; link=&#8221;url:%2Fdl.php%3Ffile_url%3Dhttps%3A%2F%2Fwww.maxima-dia.com%2Fwp-content%2Fuploads%2F2023%2F04%2FGENEMAX-7000-IS-IT.pdf&#8221;][\/vc_column][vc_column width=&#8221;3\/4&#8243;][vc_column_text]<strong>GENEMAX 7000 IS<\/strong> \u00e8 il generatore pi\u00f9 prestante della gamma Maxima, con una potenza di funzionamento di 6 kW e massima di 7kW. La struttura silenziata abbatte la rumorosit\u00e0 fino alla soglia dei 70 dB, riducendo notevolmente l\u2019inquinamento acustico. Il generatore \u00e8 dotato di un display digitale per i comandi e di tecnologia di avviamento Start&amp;Stop. Carrellato di serie per facilitare il trasporto, garantisce eccellenti performance nel settore commerciale, nel campeggio, nella costruzione edilizia esterna e nel noleggio. Grazie alla tecnologia ad inverter, produce energia elettrica a frequenza e tensione costante, rendendosi ideale per apparecchiature elettroniche anche sofisticate.<\/p>\n<table class=\"tabellafotocarotaggio\" style=\"width: 100.06%;\">\n<tbody>\n<tr>\n<td style=\"text-align: center; width: 25%;\"><a href=\"https:\/\/www.maxima-dia.com\/wp-content\/uploads\/2023\/02\/GENEMAX-7000is-12-10-2022-fronte.jpg\"><img loading=\"lazy\" decoding=\"async\" class=\"alignnone wp-image-37335 size-thumbnail\" src=\"https:\/\/www.maxima-dia.com\/wp-content\/uploads\/2023\/02\/GENEMAX-7000is-12-10-2022-fronte-150x150.jpg\" alt=\"\" width=\"150\" height=\"150\" srcset=\"https:\/\/www.maxima-dia.com\/wp-content\/uploads\/2023\/02\/GENEMAX-7000is-12-10-2022-fronte-150x150.jpg 150w, https:\/\/www.maxima-dia.com\/wp-content\/uploads\/2023\/02\/GENEMAX-7000is-12-10-2022-fronte-300x300.jpg 300w, https:\/\/www.maxima-dia.com\/wp-content\/uploads\/2023\/02\/GENEMAX-7000is-12-10-2022-fronte-1024x1024.jpg 1024w, https:\/\/www.maxima-dia.com\/wp-content\/uploads\/2023\/02\/GENEMAX-7000is-12-10-2022-fronte-768x768.jpg 768w, https:\/\/www.maxima-dia.com\/wp-content\/uploads\/2023\/02\/GENEMAX-7000is-12-10-2022-fronte-80x80.jpg 80w, https:\/\/www.maxima-dia.com\/wp-content\/uploads\/2023\/02\/GENEMAX-7000is-12-10-2022-fronte-500x500.jpg 500w, https:\/\/www.maxima-dia.com\/wp-content\/uploads\/2023\/02\/GENEMAX-7000is-12-10-2022-fronte-1000x1000.jpg 1000w, https:\/\/www.maxima-dia.com\/wp-content\/uploads\/2023\/02\/GENEMAX-7000is-12-10-2022-fronte.jpg 1200w\" sizes=\"(max-width: 150px) 100vw, 150px\" \/><\/a>&nbsp;<\/td>\n<td style=\"text-align: center; width: 25%;\"><a href=\"https:\/\/www.maxima-dia.com\/wp-content\/uploads\/2023\/02\/GENEMAX-7000IS-BATTERIA-14-11-2022.jpg\"><img loading=\"lazy\" decoding=\"async\" class=\"alignnone wp-image-37347 size-thumbnail\" src=\"https:\/\/www.maxima-dia.com\/wp-content\/uploads\/2023\/02\/GENEMAX-7000IS-BATTERIA-14-11-2022-150x150.jpg\" alt=\"\" width=\"150\" height=\"150\" srcset=\"https:\/\/www.maxima-dia.com\/wp-content\/uploads\/2023\/02\/GENEMAX-7000IS-BATTERIA-14-11-2022-150x150.jpg 150w, https:\/\/www.maxima-dia.com\/wp-content\/uploads\/2023\/02\/GENEMAX-7000IS-BATTERIA-14-11-2022-300x300.jpg 300w, https:\/\/www.maxima-dia.com\/wp-content\/uploads\/2023\/02\/GENEMAX-7000IS-BATTERIA-14-11-2022-1024x1024.jpg 1024w, https:\/\/www.maxima-dia.com\/wp-content\/uploads\/2023\/02\/GENEMAX-7000IS-BATTERIA-14-11-2022-768x768.jpg 768w, https:\/\/www.maxima-dia.com\/wp-content\/uploads\/2023\/02\/GENEMAX-7000IS-BATTERIA-14-11-2022-80x80.jpg 80w, https:\/\/www.maxima-dia.com\/wp-content\/uploads\/2023\/02\/GENEMAX-7000IS-BATTERIA-14-11-2022-500x500.jpg 500w, https:\/\/www.maxima-dia.com\/wp-content\/uploads\/2023\/02\/GENEMAX-7000IS-BATTERIA-14-11-2022-1000x1000.jpg 1000w, https:\/\/www.maxima-dia.com\/wp-content\/uploads\/2023\/02\/GENEMAX-7000IS-BATTERIA-14-11-2022.jpg 1200w\" sizes=\"(max-width: 150px) 100vw, 150px\" \/><\/a><\/td>\n<td style=\"text-align: center; width: 25%;\"><a href=\"https:\/\/www.maxima-dia.com\/wp-content\/uploads\/2023\/02\/GENEMAX-7000IS-COPERCHIO-LAT-DX-25-11-2022.jpg\"><img loading=\"lazy\" decoding=\"async\" class=\"alignnone wp-image-37353 size-thumbnail\" src=\"https:\/\/www.maxima-dia.com\/wp-content\/uploads\/2023\/02\/GENEMAX-7000IS-COPERCHIO-LAT-DX-25-11-2022-150x150.jpg\" alt=\"\" width=\"150\" height=\"150\" srcset=\"https:\/\/www.maxima-dia.com\/wp-content\/uploads\/2023\/02\/GENEMAX-7000IS-COPERCHIO-LAT-DX-25-11-2022-150x150.jpg 150w, https:\/\/www.maxima-dia.com\/wp-content\/uploads\/2023\/02\/GENEMAX-7000IS-COPERCHIO-LAT-DX-25-11-2022-300x300.jpg 300w, https:\/\/www.maxima-dia.com\/wp-content\/uploads\/2023\/02\/GENEMAX-7000IS-COPERCHIO-LAT-DX-25-11-2022-1024x1024.jpg 1024w, https:\/\/www.maxima-dia.com\/wp-content\/uploads\/2023\/02\/GENEMAX-7000IS-COPERCHIO-LAT-DX-25-11-2022-768x768.jpg 768w, https:\/\/www.maxima-dia.com\/wp-content\/uploads\/2023\/02\/GENEMAX-7000IS-COPERCHIO-LAT-DX-25-11-2022-80x80.jpg 80w, https:\/\/www.maxima-dia.com\/wp-content\/uploads\/2023\/02\/GENEMAX-7000IS-COPERCHIO-LAT-DX-25-11-2022-500x500.jpg 500w, https:\/\/www.maxima-dia.com\/wp-content\/uploads\/2023\/02\/GENEMAX-7000IS-COPERCHIO-LAT-DX-25-11-2022-1000x1000.jpg 1000w, https:\/\/www.maxima-dia.com\/wp-content\/uploads\/2023\/02\/GENEMAX-7000IS-COPERCHIO-LAT-DX-25-11-2022.jpg 1200w\" sizes=\"(max-width: 150px) 100vw, 150px\" \/><\/a>&nbsp;&nbsp;<\/td>\n<td style=\"text-align: center; width: 25%;\"><a href=\"https:\/\/www.maxima-dia.com\/wp-content\/uploads\/2023\/02\/GENEMAX-7000is-12-10-2022.jpg\"><img loading=\"lazy\" decoding=\"async\" class=\"alignnone wp-image-37341 size-thumbnail\" src=\"https:\/\/www.maxima-dia.com\/wp-content\/uploads\/2023\/02\/GENEMAX-7000is-12-10-2022-150x150.jpg\" alt=\"\" width=\"150\" height=\"150\" srcset=\"https:\/\/www.maxima-dia.com\/wp-content\/uploads\/2023\/02\/GENEMAX-7000is-12-10-2022-150x150.jpg 150w, https:\/\/www.maxima-dia.com\/wp-content\/uploads\/2023\/02\/GENEMAX-7000is-12-10-2022-300x300.jpg 300w, https:\/\/www.maxima-dia.com\/wp-content\/uploads\/2023\/02\/GENEMAX-7000is-12-10-2022-1024x1024.jpg 1024w, https:\/\/www.maxima-dia.com\/wp-content\/uploads\/2023\/02\/GENEMAX-7000is-12-10-2022-768x768.jpg 768w, https:\/\/www.maxima-dia.com\/wp-content\/uploads\/2023\/02\/GENEMAX-7000is-12-10-2022-80x80.jpg 80w, https:\/\/www.maxima-dia.com\/wp-content\/uploads\/2023\/02\/GENEMAX-7000is-12-10-2022-500x500.jpg 500w, https:\/\/www.maxima-dia.com\/wp-content\/uploads\/2023\/02\/GENEMAX-7000is-12-10-2022-1000x1000.jpg 1000w, https:\/\/www.maxima-dia.com\/wp-content\/uploads\/2023\/02\/GENEMAX-7000is-12-10-2022.jpg 1200w\" sizes=\"(max-width: 150px) 100vw, 150px\" \/><\/a><\/td>\n<\/tr>\n<\/tbody>\n<\/table>\n<p>&nbsp;<\/p>\n<table class=\"tabellatecnica\" style=\"width: 100%; height: 144px;\" border=\"0\" cellspacing=\"0\" cellpadding=\"0\">\n<thead>\n<tr style=\"height: 24px;\">\n<td class=\"testata\" style=\"width: 100%; height: 24px;\" colspan=\"2\">CARATTERISTICHE TECNICHE<\/td>\n<\/tr>\n<\/thead>\n<tbody>\n<tr style=\"height: 24px;\">\n<td class=\"coltesto1\" style=\"width: 50%; height: 24px;\">Motore (Max): 7 kW<\/td>\n<td class=\"coltesto2\" style=\"width: 50%; height: 24px;\">Avviamento: elettrico<\/td>\n<\/tr>\n<tr style=\"height: 24px;\">\n<td class=\"coltesto1\" style=\"width: 50%; height: 24px;\">Generati (continuo): 6 kW<\/td>\n<td class=\"coltesto2\" style=\"width: 50%; height: 24px;\">Monofase: 230v<\/td>\n<\/tr>\n<tr style=\"height: 24px;\">\n<td class=\"coltesto1\" style=\"width: 50%; height: 24px;\">Motore \/ Engine power: Loncin \/ 420 CC<\/td>\n<td class=\"coltesto2\" style=\"width: 50%; height: 24px;\">Inverter \/ Avr: si<\/td>\n<\/tr>\n<tr style=\"height: 24px;\">\n<td class=\"coltesto2\" style=\"width: 50%; height: 24px;\">Serbatoio: 25 litri<\/td>\n<td class=\"coltesto2\" style=\"width: 50%; height: 24px;\">Connessione parallela: s\u00ec<\/td>\n<\/tr>\n<tr style=\"height: 24px;\">\n<td class=\"coltesto2\" style=\"width: 50%; height: 24px;\">Peso totale macchina: 130 kg<\/td>\n<td class=\"coltesto2\" style=\"width: 50%; height: 24px;\">Silent: s\u00ec<\/td>\n<\/tr>\n<tr style=\"height: 24px;\">\n<td class=\"coltesto2\" style=\"width: 50%; height: 24px;\">Quadro (prese): 2 indus. (16A) + 1 indus. (32A) + usb<\/td>\n<td class=\"coltesto2\" style=\"width: 50%; height: 24px;\">Rumorosit\u00e0: 70 dB<\/td>\n<\/tr>\n<tr style=\"height: 24px;\">\n<td class=\"coltesto2\" style=\"width: 50%; height: 24px;\">Dimensioni: 950 x 765 x 773 mm<\/td>\n<td class=\"coltesto2\" style=\"width: 50%; height: 24px;\">Carburante: benzina verde<\/td>\n<\/tr>\n<\/tbody>\n<\/table>\n<p>[\/vc_column_text][\/vc_column][\/vc_row]<\/p>\n<\/div>","protected":false},"excerpt":{"rendered":"<p>[vc_row][vc_column text_align=&#8221;center&#8221; width=&#8221;1\/4&#8243;][vc_column_text] certificata CE[\/vc_column_text][vc_column_text css_animation=&#8221;slideInDown&#8221; el_class=&#8221;hidebuybutton&#8221;][\/vc_column_text][vc_btn title=&#8221;Scheda prodotto&#8221; style=&#8221;outline-custom&#8221; outline_custom_color=&#8221;#cc0000&#8243; outline_custom_hover_background=&#8221;#910000&#8243; outline_custom_hover_text=&#8221;#f7f7f7&#8243; align=&#8221;center&#8221; i_icon_fontawesome=&#8221;fas fa-download&#8221; add_icon=&#8221;true&#8221; css=&#8221;.vc_custom_1681466654613{margin-top: 5px !important;margin-right: 5px !important;margin-bottom: 5px !important;margin-left: 5px !important;}&#8221; link=&#8221;url:%2Fdl.php%3Ffile_url%3Dhttps%3A%2F%2Fwww.maxima-dia.com%2Fwp-content%2Fuploads%2F2023%2F04%2FGENEMAX-7000-IS-IT.pdf&#8221;][\/vc_column][vc_column width=&#8221;3\/4&#8243;][vc_column_text]GENEMAX 7000 IS \u00e8 il generatore pi\u00f9 prestante della gamma Maxima, con una potenza di funzionamento di 6 kW e massima di 7kW. La struttura silenziata abbatte la rumorosit\u00e0 fino alla soglia dei 70 dB, riducendo notevolmente l\u2019inquinamento acustico. Il generatore \u00e8 dotato di un display digitale per i comandi e di tecnologia di avviamento Start&amp;Stop. Carrellato di serie per facilitare il trasporto, garantisce eccellenti performance nel settore commerciale, nel campeggio, nella costruzione edilizia esterna e nel noleggio. Grazie alla tecnologia ad inverter, produce energia elettrica a frequenza e tensione costante, rendendosi ideale per apparecchiature elettroniche anche sofisticate. &nbsp; &nbsp;&nbsp; &nbsp; CARATTERISTICHE TECNICHE Motore (Max): 7 kW Avviamento: elettrico Generati (continuo): 6 kW Monofase: 230v Motore \/ Engine power: Loncin \/ 420 CC Inverter \/ Avr: si Serbatoio: 25 litri Connessione parallela: s\u00ec Peso totale macchina: 130 kg Silent: s\u00ec Quadro (prese): 2 indus. (16A) + 1 indus. (32A) + usb Rumorosit\u00e0: 70 dB Dimensioni: 950 x 765 x 773 mm Carburante: benzina verde [\/vc_column_text][\/vc_column][\/vc_row]<\/p>\n","protected":false},"author":29,"featured_media":37329,"parent":37251,"menu_order":4,"comment_status":"closed","ping_status":"closed","template":"","meta":{"ngg_post_thumbnail":0,"_joinchat":[],"footnotes":""},"class_list":["post-37624","page","type-page","status-publish","has-post-thumbnail","hentry"],"yoast_head":"<!-- This site is optimized with the Yoast SEO plugin v25.5 - https:\/\/yoast.com\/wordpress\/plugins\/seo\/ -->\n<title>Genemax 7000 IS - Maxima SpA<\/title>\n<meta name=\"description\" content=\"Generatore prestante eccellenti performance per apparecchi sofisticati sensibili tecnologia ad inverter potenza 6 kW motore benzina 4 tempi\" \/>\n<meta name=\"robots\" content=\"index, follow, max-snippet:-1, max-image-preview:large, max-video-preview:-1\" \/>\n<link rel=\"canonical\" href=\"https:\/\/www.maxima-dia.com\/it\/generatori-di-corrente-gruppi-elettrogeni\/genemax-7000-is\/\" \/>\n<meta property=\"og:locale\" content=\"it_IT\" \/>\n<meta property=\"og:type\" content=\"article\" \/>\n<meta property=\"og:title\" content=\"Genemax 7000 IS - Maxima SpA\" \/>\n<meta property=\"og:description\" content=\"Generatore prestante eccellenti performance per apparecchi sofisticati sensibili tecnologia ad inverter potenza 6 kW motore benzina 4 tempi\" \/>\n<meta property=\"og:url\" content=\"https:\/\/www.maxima-dia.com\/it\/generatori-di-corrente-gruppi-elettrogeni\/genemax-7000-is\/\" \/>\n<meta property=\"og:site_name\" content=\"Maxima SpA\" \/>\n<meta property=\"article:publisher\" content=\"https:\/\/www.facebook.com\/Maxima-spa-106098566139597\" \/>\n<meta property=\"article:modified_time\" content=\"2023-04-14T10:04:17+00:00\" \/>\n<meta property=\"og:image\" content=\"https:\/\/www.maxima-dia.com\/wp-content\/uploads\/2023\/02\/GENEMAX-7000is-12-10-2022-bis.jpg\" \/>\n\t<meta property=\"og:image:width\" content=\"1200\" \/>\n\t<meta property=\"og:image:height\" content=\"1200\" \/>\n\t<meta property=\"og:image:type\" content=\"image\/jpeg\" \/>\n<meta name=\"twitter:card\" content=\"summary_large_image\" \/>\n<meta name=\"twitter:site\" content=\"@Maximadia\" \/>\n<meta name=\"twitter:label1\" content=\"Tempo di lettura stimato\" \/>\n\t<meta name=\"twitter:data1\" content=\"3 minuti\" \/>\n<script type=\"application\/ld+json\" class=\"yoast-schema-graph\">{\"@context\":\"https:\/\/schema.org\",\"@graph\":[{\"@type\":\"WebPage\",\"@id\":\"https:\/\/www.maxima-dia.com\/it\/generatori-di-corrente-gruppi-elettrogeni\/genemax-7000-is\/\",\"url\":\"https:\/\/www.maxima-dia.com\/it\/generatori-di-corrente-gruppi-elettrogeni\/genemax-7000-is\/\",\"name\":\"Genemax 7000 IS - Maxima SpA\",\"isPartOf\":{\"@id\":\"https:\/\/www.maxima-dia.com\/it\/#website\"},\"primaryImageOfPage\":{\"@id\":\"https:\/\/www.maxima-dia.com\/it\/generatori-di-corrente-gruppi-elettrogeni\/genemax-7000-is\/#primaryimage\"},\"image\":{\"@id\":\"https:\/\/www.maxima-dia.com\/it\/generatori-di-corrente-gruppi-elettrogeni\/genemax-7000-is\/#primaryimage\"},\"thumbnailUrl\":\"https:\/\/www.maxima-dia.com\/wp-content\/uploads\/2023\/02\/GENEMAX-7000is-12-10-2022-bis.jpg\",\"datePublished\":\"2023-02-03T09:43:42+00:00\",\"dateModified\":\"2023-04-14T10:04:17+00:00\",\"description\":\"Generatore prestante eccellenti performance per apparecchi sofisticati sensibili tecnologia ad inverter potenza 6 kW motore benzina 4 tempi\",\"breadcrumb\":{\"@id\":\"https:\/\/www.maxima-dia.com\/it\/generatori-di-corrente-gruppi-elettrogeni\/genemax-7000-is\/#breadcrumb\"},\"inLanguage\":\"it-IT\",\"potentialAction\":[{\"@type\":\"ReadAction\",\"target\":[\"https:\/\/www.maxima-dia.com\/it\/generatori-di-corrente-gruppi-elettrogeni\/genemax-7000-is\/\"]}]},{\"@type\":\"ImageObject\",\"inLanguage\":\"it-IT\",\"@id\":\"https:\/\/www.maxima-dia.com\/it\/generatori-di-corrente-gruppi-elettrogeni\/genemax-7000-is\/#primaryimage\",\"url\":\"https:\/\/www.maxima-dia.com\/wp-content\/uploads\/2023\/02\/GENEMAX-7000is-12-10-2022-bis.jpg\",\"contentUrl\":\"https:\/\/www.maxima-dia.com\/wp-content\/uploads\/2023\/02\/GENEMAX-7000is-12-10-2022-bis.jpg\",\"width\":1200,\"height\":1200,\"caption\":\"GENEMAX 7000IS\"},{\"@type\":\"BreadcrumbList\",\"@id\":\"https:\/\/www.maxima-dia.com\/it\/generatori-di-corrente-gruppi-elettrogeni\/genemax-7000-is\/#breadcrumb\",\"itemListElement\":[{\"@type\":\"ListItem\",\"position\":1,\"name\":\"Home\",\"item\":\"https:\/\/www.maxima-dia.com\/it\/\"},{\"@type\":\"ListItem\",\"position\":2,\"name\":\"Generatori di corrente Gruppi elettrogeni\",\"item\":\"https:\/\/www.maxima-dia.com\/it\/generatori-di-corrente-gruppi-elettrogeni\/\"},{\"@type\":\"ListItem\",\"position\":3,\"name\":\"Genemax 7000 IS\"}]},{\"@type\":\"WebSite\",\"@id\":\"https:\/\/www.maxima-dia.com\/it\/#website\",\"url\":\"https:\/\/www.maxima-dia.com\/it\/\",\"name\":\"Maxima SpA\",\"description\":\"Only for the real professionals\",\"potentialAction\":[{\"@type\":\"SearchAction\",\"target\":{\"@type\":\"EntryPoint\",\"urlTemplate\":\"https:\/\/www.maxima-dia.com\/it\/?s={search_term_string}\"},\"query-input\":{\"@type\":\"PropertyValueSpecification\",\"valueRequired\":true,\"valueName\":\"search_term_string\"}}],\"inLanguage\":\"it-IT\"}]}<\/script>\n<!-- \/ Yoast SEO plugin. -->","yoast_head_json":{"title":"Genemax 7000 IS - Maxima SpA","description":"Generatore prestante eccellenti performance per apparecchi sofisticati sensibili tecnologia ad inverter potenza 6 kW motore benzina 4 tempi","robots":{"index":"index","follow":"follow","max-snippet":"max-snippet:-1","max-image-preview":"max-image-preview:large","max-video-preview":"max-video-preview:-1"},"canonical":"https:\/\/www.maxima-dia.com\/it\/generatori-di-corrente-gruppi-elettrogeni\/genemax-7000-is\/","og_locale":"it_IT","og_type":"article","og_title":"Genemax 7000 IS - Maxima SpA","og_description":"Generatore prestante eccellenti performance per apparecchi sofisticati sensibili tecnologia ad inverter potenza 6 kW motore benzina 4 tempi","og_url":"https:\/\/www.maxima-dia.com\/it\/generatori-di-corrente-gruppi-elettrogeni\/genemax-7000-is\/","og_site_name":"Maxima SpA","article_publisher":"https:\/\/www.facebook.com\/Maxima-spa-106098566139597","article_modified_time":"2023-04-14T10:04:17+00:00","og_image":[{"width":1200,"height":1200,"url":"https:\/\/www.maxima-dia.com\/wp-content\/uploads\/2023\/02\/GENEMAX-7000is-12-10-2022-bis.jpg","type":"image\/jpeg"}],"twitter_card":"summary_large_image","twitter_site":"@Maximadia","twitter_misc":{"Tempo di lettura stimato":"3 minuti"},"schema":{"@context":"https:\/\/schema.org","@graph":[{"@type":"WebPage","@id":"https:\/\/www.maxima-dia.com\/it\/generatori-di-corrente-gruppi-elettrogeni\/genemax-7000-is\/","url":"https:\/\/www.maxima-dia.com\/it\/generatori-di-corrente-gruppi-elettrogeni\/genemax-7000-is\/","name":"Genemax 7000 IS - Maxima SpA","isPartOf":{"@id":"https:\/\/www.maxima-dia.com\/it\/#website"},"primaryImageOfPage":{"@id":"https:\/\/www.maxima-dia.com\/it\/generatori-di-corrente-gruppi-elettrogeni\/genemax-7000-is\/#primaryimage"},"image":{"@id":"https:\/\/www.maxima-dia.com\/it\/generatori-di-corrente-gruppi-elettrogeni\/genemax-7000-is\/#primaryimage"},"thumbnailUrl":"https:\/\/www.maxima-dia.com\/wp-content\/uploads\/2023\/02\/GENEMAX-7000is-12-10-2022-bis.jpg","datePublished":"2023-02-03T09:43:42+00:00","dateModified":"2023-04-14T10:04:17+00:00","description":"Generatore prestante eccellenti performance per apparecchi sofisticati sensibili tecnologia ad inverter potenza 6 kW motore benzina 4 tempi","breadcrumb":{"@id":"https:\/\/www.maxima-dia.com\/it\/generatori-di-corrente-gruppi-elettrogeni\/genemax-7000-is\/#breadcrumb"},"inLanguage":"it-IT","potentialAction":[{"@type":"ReadAction","target":["https:\/\/www.maxima-dia.com\/it\/generatori-di-corrente-gruppi-elettrogeni\/genemax-7000-is\/"]}]},{"@type":"ImageObject","inLanguage":"it-IT","@id":"https:\/\/www.maxima-dia.com\/it\/generatori-di-corrente-gruppi-elettrogeni\/genemax-7000-is\/#primaryimage","url":"https:\/\/www.maxima-dia.com\/wp-content\/uploads\/2023\/02\/GENEMAX-7000is-12-10-2022-bis.jpg","contentUrl":"https:\/\/www.maxima-dia.com\/wp-content\/uploads\/2023\/02\/GENEMAX-7000is-12-10-2022-bis.jpg","width":1200,"height":1200,"caption":"GENEMAX 7000IS"},{"@type":"BreadcrumbList","@id":"https:\/\/www.maxima-dia.com\/it\/generatori-di-corrente-gruppi-elettrogeni\/genemax-7000-is\/#breadcrumb","itemListElement":[{"@type":"ListItem","position":1,"name":"Home","item":"https:\/\/www.maxima-dia.com\/it\/"},{"@type":"ListItem","position":2,"name":"Generatori di corrente Gruppi elettrogeni","item":"https:\/\/www.maxima-dia.com\/it\/generatori-di-corrente-gruppi-elettrogeni\/"},{"@type":"ListItem","position":3,"name":"Genemax 7000 IS"}]},{"@type":"WebSite","@id":"https:\/\/www.maxima-dia.com\/it\/#website","url":"https:\/\/www.maxima-dia.com\/it\/","name":"Maxima SpA","description":"Only for the real professionals","potentialAction":[{"@type":"SearchAction","target":{"@type":"EntryPoint","urlTemplate":"https:\/\/www.maxima-dia.com\/it\/?s={search_term_string}"},"query-input":{"@type":"PropertyValueSpecification","valueRequired":true,"valueName":"search_term_string"}}],"inLanguage":"it-IT"}]}},"_links":{"self":[{"href":"https:\/\/www.maxima-dia.com\/it\/wp-json\/wp\/v2\/pages\/37624"}],"collection":[{"href":"https:\/\/www.maxima-dia.com\/it\/wp-json\/wp\/v2\/pages"}],"about":[{"href":"https:\/\/www.maxima-dia.com\/it\/wp-json\/wp\/v2\/types\/page"}],"author":[{"embeddable":true,"href":"https:\/\/www.maxima-dia.com\/it\/wp-json\/wp\/v2\/users\/29"}],"replies":[{"embeddable":true,"href":"https:\/\/www.maxima-dia.com\/it\/wp-json\/wp\/v2\/comments?post=37624"}],"version-history":[{"count":2,"href":"https:\/\/www.maxima-dia.com\/it\/wp-json\/wp\/v2\/pages\/37624\/revisions"}],"predecessor-version":[{"id":40882,"href":"https:\/\/www.maxima-dia.com\/it\/wp-json\/wp\/v2\/pages\/37624\/revisions\/40882"}],"up":[{"embeddable":true,"href":"https:\/\/www.maxima-dia.com\/it\/wp-json\/wp\/v2\/pages\/37251"}],"wp:featuredmedia":[{"embeddable":true,"href":"https:\/\/www.maxima-dia.com\/it\/wp-json\/wp\/v2\/media\/37329"}],"wp:attachment":[{"href":"https:\/\/www.maxima-dia.com\/it\/wp-json\/wp\/v2\/media?parent=37624"}],"curies":[{"name":"wp","href":"https:\/\/api.w.org\/{rel}","templated":true}]}}