{"id":415,"date":"2011-09-22T09:12:43","date_gmt":"2011-09-22T09:12:43","guid":{"rendered":"http:\/\/maxima.wamboo.it\/?page_id=415"},"modified":"2024-11-21T15:29:09","modified_gmt":"2024-11-21T14:29:09","slug":"azienda","status":"publish","type":"page","link":"https:\/\/www.maxima-dia.com\/it\/azienda\/","title":{"rendered":"L&#8217;azienda"},"content":{"rendered":"<h3 style=\"text-align: justify;\">Presentazione<\/h3>\n<p><a href=\"\/wp-content\/uploads\/2011\/09\/chi-siamo-2015.jpg\"><img loading=\"lazy\" decoding=\"async\" src=\"\/wp-content\/uploads\/2011\/09\/chi-siamo-2015.jpg\" alt=\"chi-siamo-2015\" width=\"601\" height=\"407\"><\/a><\/p>\n<p>Maxima nasce nel 2001 a Poviglio, in provincia di Reggio Emilia. I Fondatori, unendo la loro esperienza decennale nel settore, danno vita a questo nuovo progetto fondato su valori quali la trasparenza, la semplicit\u00e0 e la passione vera per il proprio lavoro, con un obiettivo ben chiaro fin da subito: diventare leader nel settore.<\/p>\n<p>L\u2019azienda si specializza in utensili diamantati e macchine edili per taglio e carotaggio e nel corso degli anni, l\u2019aumento del fatturato \u00e8 costante anche nei periodi di recessione dell\u2019economia. L\u2019incoraggiante risultato \u00e8 una positiva conferma della lungimiranza delle scelte commerciali, di marketing ed aziendali che i soci portano avanti in prima persona.<\/p>\n<p>Cos\u00ec, dal piccolo capannone in cui era iniziata l\u2019attivit\u00e0, la sede dell\u2019azienda viene trasferita nel 2008 nella nuova e moderna sede di via Matteotti, su un\u2019area di 10.000 mq che le permette di rispondere in modo pi\u00f9 efficace alle necessit\u00e0 commerciali e di approvvigionamento veloce della clientela.<\/p>\n<p>Maxima ha sempre creduto nella semplicit\u00e0. Semplicit\u00e0 nei rapporti con le persone, gestiti in modo molto trasparente; semplicit\u00e0 nel modo di presentare i prodotti, che prendono il nome dal loro colore riportando chiaramente le caratteristiche tecniche; semplicit\u00e0 nel catalogo, facilmente consultabile anche per i meno esperti.<\/p>\n<p>La fiducia conquistata negli anni \u00e8 frutto inoltre della qualit\u00e0 totale Maxima, certificata e controllata e della completezza della gamma, che offre prodotti adatti ad ogni esigenza, subito disponibili a magazzino.<\/p>\n<p>Prima azienda del settore ad avere puntato sul marketing come leva di mercato, Maxima ha saputo fare dell\u2019immagine e della politica del marchio un suo punto di forza riconosciuto. La velocit\u00e0 di consegna e l\u2019accurata assistenza pre e post vendita completano un servizio efficiente e personalizzato.<\/p>\n<p>Per il futuro Maxima ha in serbo molte novit\u00e0, tra le quali l\u2019allargamento ulteriore della gamma, l\u2019incremento delle quote di mercato, l\u2019espansione all\u2019estero ed una particolare attenzione all\u2019ecosostenibilit\u00e0 e al sociale.<\/p>\n<p><a href=\"\/wp-content\/uploads\/2013\/10\/chi-siamo-2015-2.jpg\"><img loading=\"lazy\" decoding=\"async\" src=\"\/wp-content\/uploads\/2013\/10\/chi-siamo-2015-2.jpg\" alt=\"\" width=\"600\" height=\"407\"><\/a><\/p>\n<p>&nbsp;<\/p>\n<h4>Vedi la photogallery<\/h4>\nngg_shortcode_0_placeholder\n","protected":false},"excerpt":{"rendered":"<p>Presentazione Maxima nasce nel 2001 a Poviglio, in provincia di Reggio Emilia. I Fondatori, unendo la loro esperienza decennale nel settore, danno vita a questo nuovo progetto fondato su valori quali la trasparenza, la semplicit\u00e0 e la passione vera per il proprio lavoro, con un obiettivo ben chiaro fin da subito: diventare leader nel settore. L\u2019azienda si specializza in utensili diamantati e macchine edili per taglio e carotaggio e nel corso degli anni, l\u2019aumento del fatturato \u00e8 costante anche nei periodi di recessione dell\u2019economia. L\u2019incoraggiante risultato \u00e8 una positiva conferma della lungimiranza delle scelte commerciali, di marketing ed aziendali che i soci portano avanti in prima persona. Cos\u00ec, dal piccolo capannone in cui era iniziata l\u2019attivit\u00e0, la sede dell\u2019azienda viene trasferita nel 2008 nella nuova e moderna sede di via Matteotti, su un\u2019area di 10.000 mq che le permette di rispondere in modo pi\u00f9 efficace alle necessit\u00e0 commerciali e di approvvigionamento veloce della clientela. Maxima ha sempre creduto nella semplicit\u00e0. Semplicit\u00e0 nei rapporti con le persone, gestiti in modo molto trasparente; semplicit\u00e0 nel modo di presentare i prodotti, che prendono il nome dal loro colore riportando chiaramente le caratteristiche tecniche; semplicit\u00e0 nel catalogo, facilmente consultabile anche per i meno esperti. [&hellip;]<\/p>\n","protected":false},"author":29,"featured_media":0,"parent":0,"menu_order":244,"comment_status":"closed","ping_status":"closed","template":"","meta":{"ngg_post_thumbnail":0,"_joinchat":[],"footnotes":""},"class_list":["post-415","page","type-page","status-publish","hentry"],"yoast_head":"<!-- This site is optimized with the Yoast SEO plugin v25.5 - https:\/\/yoast.com\/wordpress\/plugins\/seo\/ -->\n<title>L&#039;azienda - Maxima SpA<\/title>\n<meta name=\"description\" content=\"Maxima SpA \u00e8 specializzata in utensili diamantati e macchine edili per taglio e carotaggio.\" \/>\n<meta name=\"robots\" content=\"index, follow, max-snippet:-1, max-image-preview:large, max-video-preview:-1\" \/>\n<link rel=\"canonical\" href=\"https:\/\/www.maxima-dia.com\/it\/azienda\/\" \/>\n<meta property=\"og:locale\" content=\"it_IT\" \/>\n<meta property=\"og:type\" content=\"article\" \/>\n<meta property=\"og:title\" content=\"L&#039;azienda - Maxima SpA\" \/>\n<meta property=\"og:description\" content=\"Maxima SpA \u00e8 specializzata in utensili diamantati e macchine edili per taglio e carotaggio.\" \/>\n<meta property=\"og:url\" content=\"https:\/\/www.maxima-dia.com\/it\/azienda\/\" \/>\n<meta property=\"og:site_name\" content=\"Maxima SpA\" \/>\n<meta property=\"article:publisher\" content=\"https:\/\/www.facebook.com\/Maxima-spa-106098566139597\" \/>\n<meta property=\"article:modified_time\" content=\"2024-11-21T14:29:09+00:00\" \/>\n<meta property=\"og:image\" content=\"https:\/\/www.maxima-dia.com\/wp-content\/uploads\/2022\/03\/MaximaSpA-logo-quadrato.jpg\" \/>\n\t<meta property=\"og:image:width\" content=\"500\" \/>\n\t<meta property=\"og:image:height\" content=\"500\" \/>\n\t<meta property=\"og:image:type\" content=\"image\/jpeg\" \/>\n<meta name=\"twitter:card\" content=\"summary_large_image\" \/>\n<meta name=\"twitter:site\" content=\"@Maximadia\" \/>\n<meta name=\"twitter:label1\" content=\"Tempo di lettura stimato\" \/>\n\t<meta name=\"twitter:data1\" content=\"2 minuti\" \/>\n<script type=\"application\/ld+json\" class=\"yoast-schema-graph\">{\"@context\":\"https:\/\/schema.org\",\"@graph\":[{\"@type\":\"WebPage\",\"@id\":\"https:\/\/www.maxima-dia.com\/it\/azienda\/\",\"url\":\"https:\/\/www.maxima-dia.com\/it\/azienda\/\",\"name\":\"L'azienda - Maxima SpA\",\"isPartOf\":{\"@id\":\"https:\/\/www.maxima-dia.com\/it\/#website\"},\"datePublished\":\"2011-09-22T09:12:43+00:00\",\"dateModified\":\"2024-11-21T14:29:09+00:00\",\"description\":\"Maxima SpA \u00e8 specializzata in utensili diamantati e macchine edili per taglio e carotaggio.\",\"breadcrumb\":{\"@id\":\"https:\/\/www.maxima-dia.com\/it\/azienda\/#breadcrumb\"},\"inLanguage\":\"it-IT\",\"potentialAction\":[{\"@type\":\"ReadAction\",\"target\":[\"https:\/\/www.maxima-dia.com\/it\/azienda\/\"]}]},{\"@type\":\"BreadcrumbList\",\"@id\":\"https:\/\/www.maxima-dia.com\/it\/azienda\/#breadcrumb\",\"itemListElement\":[{\"@type\":\"ListItem\",\"position\":1,\"name\":\"Home\",\"item\":\"https:\/\/www.maxima-dia.com\/it\/\"},{\"@type\":\"ListItem\",\"position\":2,\"name\":\"L&#8217;azienda\"}]},{\"@type\":\"WebSite\",\"@id\":\"https:\/\/www.maxima-dia.com\/it\/#website\",\"url\":\"https:\/\/www.maxima-dia.com\/it\/\",\"name\":\"Maxima SpA\",\"description\":\"Only for the real professionals\",\"potentialAction\":[{\"@type\":\"SearchAction\",\"target\":{\"@type\":\"EntryPoint\",\"urlTemplate\":\"https:\/\/www.maxima-dia.com\/it\/?s={search_term_string}\"},\"query-input\":{\"@type\":\"PropertyValueSpecification\",\"valueRequired\":true,\"valueName\":\"search_term_string\"}}],\"inLanguage\":\"it-IT\"}]}<\/script>\n<!-- \/ Yoast SEO plugin. -->","yoast_head_json":{"title":"L'azienda - Maxima SpA","description":"Maxima SpA \u00e8 specializzata in utensili diamantati e macchine edili per taglio e carotaggio.","robots":{"index":"index","follow":"follow","max-snippet":"max-snippet:-1","max-image-preview":"max-image-preview:large","max-video-preview":"max-video-preview:-1"},"canonical":"https:\/\/www.maxima-dia.com\/it\/azienda\/","og_locale":"it_IT","og_type":"article","og_title":"L'azienda - Maxima SpA","og_description":"Maxima SpA \u00e8 specializzata in utensili diamantati e macchine edili per taglio e carotaggio.","og_url":"https:\/\/www.maxima-dia.com\/it\/azienda\/","og_site_name":"Maxima SpA","article_publisher":"https:\/\/www.facebook.com\/Maxima-spa-106098566139597","article_modified_time":"2024-11-21T14:29:09+00:00","og_image":[{"width":500,"height":500,"url":"https:\/\/www.maxima-dia.com\/wp-content\/uploads\/2022\/03\/MaximaSpA-logo-quadrato.jpg","type":"image\/jpeg"}],"twitter_card":"summary_large_image","twitter_site":"@Maximadia","twitter_misc":{"Tempo di lettura stimato":"2 minuti"},"schema":{"@context":"https:\/\/schema.org","@graph":[{"@type":"WebPage","@id":"https:\/\/www.maxima-dia.com\/it\/azienda\/","url":"https:\/\/www.maxima-dia.com\/it\/azienda\/","name":"L'azienda - Maxima SpA","isPartOf":{"@id":"https:\/\/www.maxima-dia.com\/it\/#website"},"datePublished":"2011-09-22T09:12:43+00:00","dateModified":"2024-11-21T14:29:09+00:00","description":"Maxima SpA \u00e8 specializzata in utensili diamantati e macchine edili per taglio e carotaggio.","breadcrumb":{"@id":"https:\/\/www.maxima-dia.com\/it\/azienda\/#breadcrumb"},"inLanguage":"it-IT","potentialAction":[{"@type":"ReadAction","target":["https:\/\/www.maxima-dia.com\/it\/azienda\/"]}]},{"@type":"BreadcrumbList","@id":"https:\/\/www.maxima-dia.com\/it\/azienda\/#breadcrumb","itemListElement":[{"@type":"ListItem","position":1,"name":"Home","item":"https:\/\/www.maxima-dia.com\/it\/"},{"@type":"ListItem","position":2,"name":"L&#8217;azienda"}]},{"@type":"WebSite","@id":"https:\/\/www.maxima-dia.com\/it\/#website","url":"https:\/\/www.maxima-dia.com\/it\/","name":"Maxima SpA","description":"Only for the real professionals","potentialAction":[{"@type":"SearchAction","target":{"@type":"EntryPoint","urlTemplate":"https:\/\/www.maxima-dia.com\/it\/?s={search_term_string}"},"query-input":{"@type":"PropertyValueSpecification","valueRequired":true,"valueName":"search_term_string"}}],"inLanguage":"it-IT"}]}},"_links":{"self":[{"href":"https:\/\/www.maxima-dia.com\/it\/wp-json\/wp\/v2\/pages\/415"}],"collection":[{"href":"https:\/\/www.maxima-dia.com\/it\/wp-json\/wp\/v2\/pages"}],"about":[{"href":"https:\/\/www.maxima-dia.com\/it\/wp-json\/wp\/v2\/types\/page"}],"author":[{"embeddable":true,"href":"https:\/\/www.maxima-dia.com\/it\/wp-json\/wp\/v2\/users\/29"}],"replies":[{"embeddable":true,"href":"https:\/\/www.maxima-dia.com\/it\/wp-json\/wp\/v2\/comments?post=415"}],"version-history":[{"count":3,"href":"https:\/\/www.maxima-dia.com\/it\/wp-json\/wp\/v2\/pages\/415\/revisions"}],"predecessor-version":[{"id":47040,"href":"https:\/\/www.maxima-dia.com\/it\/wp-json\/wp\/v2\/pages\/415\/revisions\/47040"}],"wp:attachment":[{"href":"https:\/\/www.maxima-dia.com\/it\/wp-json\/wp\/v2\/media?parent=415"}],"curies":[{"name":"wp","href":"https:\/\/api.w.org\/{rel}","templated":true}]}}