{"id":417,"date":"2011-09-22T09:13:07","date_gmt":"2011-09-22T09:13:07","guid":{"rendered":"http:\/\/maxima.wamboo.it\/?page_id=417"},"modified":"2019-08-07T11:34:24","modified_gmt":"2019-08-07T09:34:24","slug":"il-futuro","status":"publish","type":"page","link":"https:\/\/www.maxima-dia.com\/it\/il-futuro\/","title":{"rendered":"Il Futuro"},"content":{"rendered":"<h3 align=\"justify\">Il Futuro<\/h3>\n<p><a href=\"\/wp-content\/uploads\/2011\/09\/maxima_green.jpg\"><img loading=\"lazy\" decoding=\"async\" class=\"alignnone wp-image-8276\" src=\"\/wp-content\/uploads\/2011\/09\/maxima_green.jpg\" alt=\"maxima_green\" width=\"631\" height=\"317\" srcset=\"https:\/\/www.maxima-dia.com\/wp-content\/uploads\/2011\/09\/maxima_green.jpg 854w, https:\/\/www.maxima-dia.com\/wp-content\/uploads\/2011\/09\/maxima_green-300x150.jpg 300w\" sizes=\"(max-width: 631px) 100vw, 631px\" \/><\/a><\/p>\n<p style=\"text-align: justify;\" align=\"justify\">L&#8217;impegno, da sempre e cos\u00ec anche per il futuro, \u00e8 quello di mantenere saldi i valori attorno ai quali l&#8217;azienda \u00e8 nata e si \u00e8 sviluppata prosperando in questo decennio.<\/p>\n<p style=\"text-align: justify;\" align=\"justify\">Il progetto Maxima prevede l&#8217;ulteriore consolidamento nel mercato italiano e l&#8217;espansione verso i mercati esteri grazie al continuo ampliamento della gamma, rafforzandone la specializzazione.<\/p>\n<p style=\"text-align: justify;\" align=\"justify\">Portare l&#8217;eccellenza italiana verso i mercati esteri per dare lustro e risalto alla nostra ingegnosit\u00e0 \u00e8 senza dubbio parte di un progetto futuro in cui il mercato sar\u00e0 sempre pi\u00f9 unico quindi globale.<\/p>\n","protected":false},"excerpt":{"rendered":"<p>Il Futuro L&#8217;impegno, da sempre e cos\u00ec anche per il futuro, \u00e8 quello di mantenere saldi i valori attorno ai quali l&#8217;azienda \u00e8 nata e si \u00e8 sviluppata prosperando in questo decennio. Il progetto Maxima prevede l&#8217;ulteriore consolidamento nel mercato italiano e l&#8217;espansione verso i mercati esteri grazie al continuo ampliamento della gamma, rafforzandone la specializzazione. Portare l&#8217;eccellenza italiana verso i mercati esteri per dare lustro e risalto alla nostra ingegnosit\u00e0 \u00e8 senza dubbio parte di un progetto futuro in cui il mercato sar\u00e0 sempre pi\u00f9 unico quindi globale.<\/p>\n","protected":false},"author":29,"featured_media":0,"parent":0,"menu_order":223,"comment_status":"closed","ping_status":"closed","template":"","meta":{"ngg_post_thumbnail":0,"_joinchat":[],"footnotes":""},"class_list":["post-417","page","type-page","status-publish","hentry"],"yoast_head":"<!-- This site is optimized with the Yoast SEO plugin v25.5 - https:\/\/yoast.com\/wordpress\/plugins\/seo\/ -->\n<title>Il Futuro - Maxima SpA<\/title>\n<meta name=\"robots\" content=\"index, follow, max-snippet:-1, max-image-preview:large, max-video-preview:-1\" \/>\n<link rel=\"canonical\" href=\"https:\/\/www.maxima-dia.com\/it\/il-futuro\/\" \/>\n<meta property=\"og:locale\" content=\"it_IT\" \/>\n<meta property=\"og:type\" content=\"article\" \/>\n<meta property=\"og:title\" content=\"Il Futuro - Maxima SpA\" \/>\n<meta property=\"og:description\" content=\"Il Futuro L&#8217;impegno, da sempre e cos\u00ec anche per il futuro, \u00e8 quello di mantenere saldi i valori attorno ai quali l&#8217;azienda \u00e8 nata e si \u00e8 sviluppata prosperando in questo decennio. Il progetto Maxima prevede l&#8217;ulteriore consolidamento nel mercato italiano e l&#8217;espansione verso i mercati esteri grazie al continuo ampliamento della gamma, rafforzandone la specializzazione. Portare l&#8217;eccellenza italiana verso i mercati esteri per dare lustro e risalto alla nostra ingegnosit\u00e0 \u00e8 senza dubbio parte di un progetto futuro in cui il mercato sar\u00e0 sempre pi\u00f9 unico quindi globale.\" \/>\n<meta property=\"og:url\" content=\"https:\/\/www.maxima-dia.com\/it\/il-futuro\/\" \/>\n<meta property=\"og:site_name\" content=\"Maxima SpA\" \/>\n<meta property=\"article:publisher\" content=\"https:\/\/www.facebook.com\/Maxima-spa-106098566139597\" \/>\n<meta property=\"article:modified_time\" content=\"2019-08-07T09:34:24+00:00\" \/>\n<meta property=\"og:image\" content=\"https:\/\/www.maxima-dia.com\/wp-content\/uploads\/2011\/09\/maxima_green.jpg\" \/>\n<meta name=\"twitter:card\" content=\"summary_large_image\" \/>\n<meta name=\"twitter:site\" content=\"@Maximadia\" \/>\n<script type=\"application\/ld+json\" class=\"yoast-schema-graph\">{\"@context\":\"https:\/\/schema.org\",\"@graph\":[{\"@type\":\"WebPage\",\"@id\":\"https:\/\/www.maxima-dia.com\/it\/il-futuro\/\",\"url\":\"https:\/\/www.maxima-dia.com\/it\/il-futuro\/\",\"name\":\"Il Futuro - Maxima SpA\",\"isPartOf\":{\"@id\":\"https:\/\/www.maxima-dia.com\/it\/#website\"},\"datePublished\":\"2011-09-22T09:13:07+00:00\",\"dateModified\":\"2019-08-07T09:34:24+00:00\",\"breadcrumb\":{\"@id\":\"https:\/\/www.maxima-dia.com\/it\/il-futuro\/#breadcrumb\"},\"inLanguage\":\"it-IT\",\"potentialAction\":[{\"@type\":\"ReadAction\",\"target\":[\"https:\/\/www.maxima-dia.com\/it\/il-futuro\/\"]}]},{\"@type\":\"BreadcrumbList\",\"@id\":\"https:\/\/www.maxima-dia.com\/it\/il-futuro\/#breadcrumb\",\"itemListElement\":[{\"@type\":\"ListItem\",\"position\":1,\"name\":\"Home\",\"item\":\"https:\/\/www.maxima-dia.com\/it\/\"},{\"@type\":\"ListItem\",\"position\":2,\"name\":\"Il Futuro\"}]},{\"@type\":\"WebSite\",\"@id\":\"https:\/\/www.maxima-dia.com\/it\/#website\",\"url\":\"https:\/\/www.maxima-dia.com\/it\/\",\"name\":\"Maxima SpA\",\"description\":\"Only for the real professionals\",\"potentialAction\":[{\"@type\":\"SearchAction\",\"target\":{\"@type\":\"EntryPoint\",\"urlTemplate\":\"https:\/\/www.maxima-dia.com\/it\/?s={search_term_string}\"},\"query-input\":{\"@type\":\"PropertyValueSpecification\",\"valueRequired\":true,\"valueName\":\"search_term_string\"}}],\"inLanguage\":\"it-IT\"}]}<\/script>\n<!-- \/ Yoast SEO plugin. -->","yoast_head_json":{"title":"Il Futuro - Maxima SpA","robots":{"index":"index","follow":"follow","max-snippet":"max-snippet:-1","max-image-preview":"max-image-preview:large","max-video-preview":"max-video-preview:-1"},"canonical":"https:\/\/www.maxima-dia.com\/it\/il-futuro\/","og_locale":"it_IT","og_type":"article","og_title":"Il Futuro - Maxima SpA","og_description":"Il Futuro L&#8217;impegno, da sempre e cos\u00ec anche per il futuro, \u00e8 quello di mantenere saldi i valori attorno ai quali l&#8217;azienda \u00e8 nata e si \u00e8 sviluppata prosperando in questo decennio. Il progetto Maxima prevede l&#8217;ulteriore consolidamento nel mercato italiano e l&#8217;espansione verso i mercati esteri grazie al continuo ampliamento della gamma, rafforzandone la specializzazione. Portare l&#8217;eccellenza italiana verso i mercati esteri per dare lustro e risalto alla nostra ingegnosit\u00e0 \u00e8 senza dubbio parte di un progetto futuro in cui il mercato sar\u00e0 sempre pi\u00f9 unico quindi globale.","og_url":"https:\/\/www.maxima-dia.com\/it\/il-futuro\/","og_site_name":"Maxima SpA","article_publisher":"https:\/\/www.facebook.com\/Maxima-spa-106098566139597","article_modified_time":"2019-08-07T09:34:24+00:00","og_image":[{"url":"https:\/\/www.maxima-dia.com\/wp-content\/uploads\/2011\/09\/maxima_green.jpg","type":"","width":"","height":""}],"twitter_card":"summary_large_image","twitter_site":"@Maximadia","schema":{"@context":"https:\/\/schema.org","@graph":[{"@type":"WebPage","@id":"https:\/\/www.maxima-dia.com\/it\/il-futuro\/","url":"https:\/\/www.maxima-dia.com\/it\/il-futuro\/","name":"Il Futuro - Maxima SpA","isPartOf":{"@id":"https:\/\/www.maxima-dia.com\/it\/#website"},"datePublished":"2011-09-22T09:13:07+00:00","dateModified":"2019-08-07T09:34:24+00:00","breadcrumb":{"@id":"https:\/\/www.maxima-dia.com\/it\/il-futuro\/#breadcrumb"},"inLanguage":"it-IT","potentialAction":[{"@type":"ReadAction","target":["https:\/\/www.maxima-dia.com\/it\/il-futuro\/"]}]},{"@type":"BreadcrumbList","@id":"https:\/\/www.maxima-dia.com\/it\/il-futuro\/#breadcrumb","itemListElement":[{"@type":"ListItem","position":1,"name":"Home","item":"https:\/\/www.maxima-dia.com\/it\/"},{"@type":"ListItem","position":2,"name":"Il Futuro"}]},{"@type":"WebSite","@id":"https:\/\/www.maxima-dia.com\/it\/#website","url":"https:\/\/www.maxima-dia.com\/it\/","name":"Maxima SpA","description":"Only for the real professionals","potentialAction":[{"@type":"SearchAction","target":{"@type":"EntryPoint","urlTemplate":"https:\/\/www.maxima-dia.com\/it\/?s={search_term_string}"},"query-input":{"@type":"PropertyValueSpecification","valueRequired":true,"valueName":"search_term_string"}}],"inLanguage":"it-IT"}]}},"_links":{"self":[{"href":"https:\/\/www.maxima-dia.com\/it\/wp-json\/wp\/v2\/pages\/417"}],"collection":[{"href":"https:\/\/www.maxima-dia.com\/it\/wp-json\/wp\/v2\/pages"}],"about":[{"href":"https:\/\/www.maxima-dia.com\/it\/wp-json\/wp\/v2\/types\/page"}],"author":[{"embeddable":true,"href":"https:\/\/www.maxima-dia.com\/it\/wp-json\/wp\/v2\/users\/29"}],"replies":[{"embeddable":true,"href":"https:\/\/www.maxima-dia.com\/it\/wp-json\/wp\/v2\/comments?post=417"}],"version-history":[{"count":0,"href":"https:\/\/www.maxima-dia.com\/it\/wp-json\/wp\/v2\/pages\/417\/revisions"}],"wp:attachment":[{"href":"https:\/\/www.maxima-dia.com\/it\/wp-json\/wp\/v2\/media?parent=417"}],"curies":[{"name":"wp","href":"https:\/\/api.w.org\/{rel}","templated":true}]}}