{"id":43320,"date":"2024-05-23T14:52:36","date_gmt":"2024-05-23T12:52:36","guid":{"rendered":"https:\/\/www.maxima-dia.com\/?page_id=43320"},"modified":"2024-05-23T15:52:58","modified_gmt":"2024-05-23T13:52:58","slug":"maxiprecut-180","status":"publish","type":"page","link":"https:\/\/www.maxima-dia.com\/it\/macchine-edili-trattamento-superfici-e-pavimenti\/maxiprecut-180\/","title":{"rendered":"Maxiprecut 180"},"content":{"rendered":"<div class=\"wpb-content-wrapper\"><p>[vc_row][vc_column text_align=&#8221;center&#8221; width=&#8221;1\/4&#8243;][vc_column_text]<a href=\"https:\/\/www.maxima-dia.com\/wp-content\/uploads\/2024\/05\/MAXIPRECUT_180_cat04_18-01-2024_DSC0377.jpg\"><img loading=\"lazy\" decoding=\"async\" class=\"alignnone wp-image-43230 size-thumbnail\" src=\"https:\/\/www.maxima-dia.com\/wp-content\/uploads\/2024\/05\/MAXIPRECUT_180_cat04_18-01-2024_DSC0377-150x150.jpg\" alt=\"\" width=\"150\" height=\"150\" srcset=\"https:\/\/www.maxima-dia.com\/wp-content\/uploads\/2024\/05\/MAXIPRECUT_180_cat04_18-01-2024_DSC0377-150x150.jpg 150w, https:\/\/www.maxima-dia.com\/wp-content\/uploads\/2024\/05\/MAXIPRECUT_180_cat04_18-01-2024_DSC0377-300x300.jpg 300w, https:\/\/www.maxima-dia.com\/wp-content\/uploads\/2024\/05\/MAXIPRECUT_180_cat04_18-01-2024_DSC0377-1024x1024.jpg 1024w, https:\/\/www.maxima-dia.com\/wp-content\/uploads\/2024\/05\/MAXIPRECUT_180_cat04_18-01-2024_DSC0377-768x768.jpg 768w, https:\/\/www.maxima-dia.com\/wp-content\/uploads\/2024\/05\/MAXIPRECUT_180_cat04_18-01-2024_DSC0377-80x80.jpg 80w, https:\/\/www.maxima-dia.com\/wp-content\/uploads\/2024\/05\/MAXIPRECUT_180_cat04_18-01-2024_DSC0377-500x500.jpg 500w, https:\/\/www.maxima-dia.com\/wp-content\/uploads\/2024\/05\/MAXIPRECUT_180_cat04_18-01-2024_DSC0377-1000x1000.jpg 1000w, https:\/\/www.maxima-dia.com\/wp-content\/uploads\/2024\/05\/MAXIPRECUT_180_cat04_18-01-2024_DSC0377.jpg 1500w\" sizes=\"(max-width: 150px) 100vw, 150px\" \/><\/a><\/p>\n<p>made in EU&nbsp;<img loading=\"lazy\" decoding=\"async\" src=\"\/wp-content\/uploads\/2013\/11\/eu.png\" alt=\"eu\" width=\"24\" height=\"16\"> &#8211; certificata <span style=\"font-family: arial,helvetica,sans-serif;\">CE<\/span>[\/vc_column_text][vc_btn title=&#8221;Scheda prodotto&#8221; style=&#8221;outline-custom&#8221; outline_custom_color=&#8221;#cc0000&#8243; outline_custom_hover_background=&#8221;#910000&#8243; outline_custom_hover_text=&#8221;#f7f7f7&#8243; align=&#8221;center&#8221; i_icon_fontawesome=&#8221;fas fa-download&#8221; css=&#8221;.vc_custom_1716468434310{margin-top: 5px !important;margin-right: 5px !important;margin-bottom: 5px !important;margin-left: 5px !important;}&#8221; add_icon=&#8221;true&#8221; link=&#8221;url:%2Fdl.php%3Ffile_url%3Dhttps%3A%2F%2Fwww.maxima-dia.com%2Fwp-content%2Fuploads%2F2024%2F05%2FMAXIPRECUT_180_IT.pdf&#8221;][\/vc_column][vc_column width=&#8221;3\/4&#8243;][vc_column_text]<strong>MAXIPRECUT 180<\/strong> \u00e8 una taglia-superfici creata appositamente per il taglio del legno. Indispensabile per le ristrutturazioni di pavimentazioni in parquet, ne viene fortemente raccomandato l\u2019utilizzo nella fase di pre-taglio del legno, ovvero nella fase precedente alla rimozione del Parquet, che \u00e8 possibile realizzare sia con la <strong>MAXISTRIPPER 100<\/strong> che con la <strong>MAXISTRIPPER 200<\/strong>. Dotata di telaio in alluminio, <strong>MAXIPRECUT 180<\/strong> risulta particolarmente leggera, ma allo stesso tempo incredibilmente stabile e veloce. Ergonomica durante le operazioni di taglio in quanto utilizzabile in posizione eretta dall\u2019operatore, <strong>MAXIPRECUT 180<\/strong> \u00e8 semplice e sicura da utilizzare, grazie al sistema di abbassamento della lama, che \u00e8 regolabile da 0 a 22 mm ed \u00e8 predisposta per sistemi di estrazione della polvere e dei residui di lavorazione. Le caratteristiche e il peso contenuto in 31 kg la rendono notevolmente agile e rapida la rimozione delle pavimentazioni in parquet. La lama \u00e8 inclusa nel prezzo di consegna.<\/p>\n<table class=\"tabellafotocarotaggio\" style=\"width: 100.06%;\">\n<tbody>\n<tr>\n<td style=\"text-align: center; width: 33%;\"><a href=\"https:\/\/www.maxima-dia.com\/wp-content\/uploads\/2024\/05\/MAXIPRECUT_180_cat03_18-01-2024_DSC0380.jpg\"><img loading=\"lazy\" decoding=\"async\" class=\"alignnone wp-image-43224 size-thumbnail\" src=\"https:\/\/www.maxima-dia.com\/wp-content\/uploads\/2024\/05\/MAXIPRECUT_180_cat03_18-01-2024_DSC0380-150x150.jpg\" alt=\"\" width=\"150\" height=\"150\" srcset=\"https:\/\/www.maxima-dia.com\/wp-content\/uploads\/2024\/05\/MAXIPRECUT_180_cat03_18-01-2024_DSC0380-150x150.jpg 150w, https:\/\/www.maxima-dia.com\/wp-content\/uploads\/2024\/05\/MAXIPRECUT_180_cat03_18-01-2024_DSC0380-300x300.jpg 300w, https:\/\/www.maxima-dia.com\/wp-content\/uploads\/2024\/05\/MAXIPRECUT_180_cat03_18-01-2024_DSC0380-1024x1024.jpg 1024w, https:\/\/www.maxima-dia.com\/wp-content\/uploads\/2024\/05\/MAXIPRECUT_180_cat03_18-01-2024_DSC0380-768x768.jpg 768w, https:\/\/www.maxima-dia.com\/wp-content\/uploads\/2024\/05\/MAXIPRECUT_180_cat03_18-01-2024_DSC0380-80x80.jpg 80w, https:\/\/www.maxima-dia.com\/wp-content\/uploads\/2024\/05\/MAXIPRECUT_180_cat03_18-01-2024_DSC0380-500x500.jpg 500w, https:\/\/www.maxima-dia.com\/wp-content\/uploads\/2024\/05\/MAXIPRECUT_180_cat03_18-01-2024_DSC0380-1000x1000.jpg 1000w, https:\/\/www.maxima-dia.com\/wp-content\/uploads\/2024\/05\/MAXIPRECUT_180_cat03_18-01-2024_DSC0380.jpg 1500w\" sizes=\"(max-width: 150px) 100vw, 150px\" \/><\/a>&nbsp;<\/td>\n<td style=\"text-align: center; width: 33%;\"><a href=\"https:\/\/www.maxima-dia.com\/wp-content\/uploads\/2024\/05\/MAXIPRECUT_180_cat02_18-01-2024_DSC0372.jpg\"><img loading=\"lazy\" decoding=\"async\" class=\"alignnone wp-image-43218 size-thumbnail\" src=\"https:\/\/www.maxima-dia.com\/wp-content\/uploads\/2024\/05\/MAXIPRECUT_180_cat02_18-01-2024_DSC0372-150x150.jpg\" alt=\"\" width=\"150\" height=\"150\" srcset=\"https:\/\/www.maxima-dia.com\/wp-content\/uploads\/2024\/05\/MAXIPRECUT_180_cat02_18-01-2024_DSC0372-150x150.jpg 150w, https:\/\/www.maxima-dia.com\/wp-content\/uploads\/2024\/05\/MAXIPRECUT_180_cat02_18-01-2024_DSC0372-300x300.jpg 300w, https:\/\/www.maxima-dia.com\/wp-content\/uploads\/2024\/05\/MAXIPRECUT_180_cat02_18-01-2024_DSC0372-1024x1024.jpg 1024w, https:\/\/www.maxima-dia.com\/wp-content\/uploads\/2024\/05\/MAXIPRECUT_180_cat02_18-01-2024_DSC0372-768x768.jpg 768w, https:\/\/www.maxima-dia.com\/wp-content\/uploads\/2024\/05\/MAXIPRECUT_180_cat02_18-01-2024_DSC0372-80x80.jpg 80w, https:\/\/www.maxima-dia.com\/wp-content\/uploads\/2024\/05\/MAXIPRECUT_180_cat02_18-01-2024_DSC0372-500x500.jpg 500w, https:\/\/www.maxima-dia.com\/wp-content\/uploads\/2024\/05\/MAXIPRECUT_180_cat02_18-01-2024_DSC0372-1000x1000.jpg 1000w, https:\/\/www.maxima-dia.com\/wp-content\/uploads\/2024\/05\/MAXIPRECUT_180_cat02_18-01-2024_DSC0372.jpg 1500w\" sizes=\"(max-width: 150px) 100vw, 150px\" \/><\/a><\/td>\n<td style=\"text-align: center; width: 33%;\"><a href=\"https:\/\/www.maxima-dia.com\/wp-content\/uploads\/2024\/05\/MAXIPRECUT_180_cat01_18-01-2024_DSC0371.jpg\"><img loading=\"lazy\" decoding=\"async\" class=\"alignnone wp-image-43212 size-thumbnail\" src=\"https:\/\/www.maxima-dia.com\/wp-content\/uploads\/2024\/05\/MAXIPRECUT_180_cat01_18-01-2024_DSC0371-150x150.jpg\" alt=\"\" width=\"150\" height=\"150\" srcset=\"https:\/\/www.maxima-dia.com\/wp-content\/uploads\/2024\/05\/MAXIPRECUT_180_cat01_18-01-2024_DSC0371-150x150.jpg 150w, https:\/\/www.maxima-dia.com\/wp-content\/uploads\/2024\/05\/MAXIPRECUT_180_cat01_18-01-2024_DSC0371-300x300.jpg 300w, https:\/\/www.maxima-dia.com\/wp-content\/uploads\/2024\/05\/MAXIPRECUT_180_cat01_18-01-2024_DSC0371-1024x1024.jpg 1024w, https:\/\/www.maxima-dia.com\/wp-content\/uploads\/2024\/05\/MAXIPRECUT_180_cat01_18-01-2024_DSC0371-768x768.jpg 768w, https:\/\/www.maxima-dia.com\/wp-content\/uploads\/2024\/05\/MAXIPRECUT_180_cat01_18-01-2024_DSC0371-80x80.jpg 80w, https:\/\/www.maxima-dia.com\/wp-content\/uploads\/2024\/05\/MAXIPRECUT_180_cat01_18-01-2024_DSC0371-500x500.jpg 500w, https:\/\/www.maxima-dia.com\/wp-content\/uploads\/2024\/05\/MAXIPRECUT_180_cat01_18-01-2024_DSC0371-1000x1000.jpg 1000w, https:\/\/www.maxima-dia.com\/wp-content\/uploads\/2024\/05\/MAXIPRECUT_180_cat01_18-01-2024_DSC0371.jpg 1500w\" sizes=\"(max-width: 150px) 100vw, 150px\" \/><\/a>&nbsp;&nbsp;<\/td>\n<\/tr>\n<\/tbody>\n<\/table>\n<p>&nbsp;<\/p>\n<table class=\"tabellatecnica\" style=\"width: 100%; height: 144px;\" border=\"0\" cellspacing=\"0\" cellpadding=\"0\">\n<thead>\n<tr style=\"height: 24px;\">\n<td class=\"testata\" style=\"width: 100%; height: 24px;\" colspan=\"2\">CARATTERISTICHE TECNICHE<\/td>\n<\/tr>\n<\/thead>\n<tbody>\n<tr style=\"height: 24px;\">\n<td class=\"coltesto1\" style=\"width: 50%; height: 24px;\">Motore operativo: elettrico monofase 230V 2,2 kW<\/td>\n<td class=\"coltesto2\" style=\"width: 50%; height: 24px;\">Profondit\u00e0 di taglio: 1 \u00f7 22 mm<\/td>\n<\/tr>\n<tr style=\"height: 24px;\">\n<td class=\"coltesto1\" style=\"width: 50%; height: 24px;\">Lama: \u00d8 180 mm<\/td>\n<td class=\"coltesto2\" style=\"width: 50%; height: 24px;\">Dimensioni (HxPxL) 950 x 280 x 500 mm<\/td>\n<\/tr>\n<tr style=\"height: 24px;\">\n<td class=\"coltesto1\" style=\"width: 50%; height: 24px;\">Velocit\u00e0 disco: 4000 giri\/min.<\/td>\n<td class=\"coltesto2\" style=\"width: 50%; height: 24px;\">Peso 31 Kg<\/td>\n<\/tr>\n<\/tbody>\n<\/table>\n<p>[\/vc_column_text][\/vc_column][\/vc_row]<\/p>\n<\/div>","protected":false},"excerpt":{"rendered":"<p>[vc_row][vc_column text_align=&#8221;center&#8221; width=&#8221;1\/4&#8243;][vc_column_text] made in EU&nbsp; &#8211; certificata CE[\/vc_column_text][vc_btn title=&#8221;Scheda prodotto&#8221; style=&#8221;outline-custom&#8221; outline_custom_color=&#8221;#cc0000&#8243; outline_custom_hover_background=&#8221;#910000&#8243; outline_custom_hover_text=&#8221;#f7f7f7&#8243; align=&#8221;center&#8221; i_icon_fontawesome=&#8221;fas fa-download&#8221; css=&#8221;.vc_custom_1716468434310{margin-top: 5px !important;margin-right: 5px !important;margin-bottom: 5px !important;margin-left: 5px !important;}&#8221; add_icon=&#8221;true&#8221; link=&#8221;url:%2Fdl.php%3Ffile_url%3Dhttps%3A%2F%2Fwww.maxima-dia.com%2Fwp-content%2Fuploads%2F2024%2F05%2FMAXIPRECUT_180_IT.pdf&#8221;][\/vc_column][vc_column width=&#8221;3\/4&#8243;][vc_column_text]MAXIPRECUT 180 \u00e8 una taglia-superfici creata appositamente per il taglio del legno. Indispensabile per le ristrutturazioni di pavimentazioni in parquet, ne viene fortemente raccomandato l\u2019utilizzo nella fase di pre-taglio del legno, ovvero nella fase precedente alla rimozione del Parquet, che \u00e8 possibile realizzare sia con la MAXISTRIPPER 100 che con la MAXISTRIPPER 200. Dotata di telaio in alluminio, MAXIPRECUT 180 risulta particolarmente leggera, ma allo stesso tempo incredibilmente stabile e veloce. Ergonomica durante le operazioni di taglio in quanto utilizzabile in posizione eretta dall\u2019operatore, MAXIPRECUT 180 \u00e8 semplice e sicura da utilizzare, grazie al sistema di abbassamento della lama, che \u00e8 regolabile da 0 a 22 mm ed \u00e8 predisposta per sistemi di estrazione della polvere e dei residui di lavorazione. Le caratteristiche e il peso contenuto in 31 kg la rendono notevolmente agile e rapida la rimozione delle pavimentazioni in parquet. La lama \u00e8 inclusa nel prezzo di consegna. &nbsp; &nbsp;&nbsp; &nbsp; CARATTERISTICHE TECNICHE Motore operativo: elettrico monofase 230V 2,2 kW Profondit\u00e0 di taglio: 1 \u00f7 22 mm Lama: \u00d8 [&hellip;]<\/p>\n","protected":false},"author":29,"featured_media":43230,"parent":43399,"menu_order":1,"comment_status":"closed","ping_status":"closed","template":"","meta":{"ngg_post_thumbnail":0,"_joinchat":[],"footnotes":""},"class_list":["post-43320","page","type-page","status-publish","has-post-thumbnail","hentry"],"yoast_head":"<!-- This site is optimized with the Yoast SEO plugin v25.5 - https:\/\/yoast.com\/wordpress\/plugins\/seo\/ -->\n<title>Maxiprecut 180 - Maxima SpA<\/title>\n<meta name=\"description\" content=\"MAXIPRECUT 180 \u00e8 una taglia-superfici creata appositamente per il taglio del legno indispensabile per ristrutturazioni pavimentazioni parquet\" \/>\n<meta name=\"robots\" content=\"index, follow, max-snippet:-1, max-image-preview:large, max-video-preview:-1\" \/>\n<link rel=\"canonical\" href=\"https:\/\/www.maxima-dia.com\/it\/macchine-edili-trattamento-superfici-e-pavimenti\/maxiprecut-180\/\" \/>\n<meta property=\"og:locale\" content=\"it_IT\" \/>\n<meta property=\"og:type\" content=\"article\" \/>\n<meta property=\"og:title\" content=\"Maxiprecut 180 - Maxima SpA\" \/>\n<meta property=\"og:description\" content=\"MAXIPRECUT 180 \u00e8 una taglia-superfici creata appositamente per il taglio del legno indispensabile per ristrutturazioni pavimentazioni parquet\" \/>\n<meta property=\"og:url\" content=\"https:\/\/www.maxima-dia.com\/it\/macchine-edili-trattamento-superfici-e-pavimenti\/maxiprecut-180\/\" \/>\n<meta property=\"og:site_name\" content=\"Maxima SpA\" \/>\n<meta property=\"article:publisher\" content=\"https:\/\/www.facebook.com\/Maxima-spa-106098566139597\" \/>\n<meta property=\"article:modified_time\" content=\"2024-05-23T13:52:58+00:00\" \/>\n<meta property=\"og:image\" content=\"https:\/\/www.maxima-dia.com\/wp-content\/uploads\/2024\/05\/MAXIPRECUT_180_cat04_18-01-2024_DSC0377.jpg\" \/>\n\t<meta property=\"og:image:width\" content=\"1500\" \/>\n\t<meta property=\"og:image:height\" content=\"1500\" \/>\n\t<meta property=\"og:image:type\" content=\"image\/jpeg\" \/>\n<meta name=\"twitter:card\" content=\"summary_large_image\" \/>\n<meta name=\"twitter:site\" content=\"@Maximadia\" \/>\n<meta name=\"twitter:label1\" content=\"Tempo di lettura stimato\" \/>\n\t<meta name=\"twitter:data1\" content=\"3 minuti\" \/>\n<script type=\"application\/ld+json\" class=\"yoast-schema-graph\">{\"@context\":\"https:\/\/schema.org\",\"@graph\":[{\"@type\":\"WebPage\",\"@id\":\"https:\/\/www.maxima-dia.com\/it\/macchine-edili-trattamento-superfici-e-pavimenti\/maxiprecut-180\/\",\"url\":\"https:\/\/www.maxima-dia.com\/it\/macchine-edili-trattamento-superfici-e-pavimenti\/maxiprecut-180\/\",\"name\":\"Maxiprecut 180 - Maxima SpA\",\"isPartOf\":{\"@id\":\"https:\/\/www.maxima-dia.com\/it\/#website\"},\"primaryImageOfPage\":{\"@id\":\"https:\/\/www.maxima-dia.com\/it\/macchine-edili-trattamento-superfici-e-pavimenti\/maxiprecut-180\/#primaryimage\"},\"image\":{\"@id\":\"https:\/\/www.maxima-dia.com\/it\/macchine-edili-trattamento-superfici-e-pavimenti\/maxiprecut-180\/#primaryimage\"},\"thumbnailUrl\":\"https:\/\/www.maxima-dia.com\/wp-content\/uploads\/2024\/05\/MAXIPRECUT_180_cat04_18-01-2024_DSC0377.jpg\",\"datePublished\":\"2024-05-23T12:52:36+00:00\",\"dateModified\":\"2024-05-23T13:52:58+00:00\",\"description\":\"MAXIPRECUT 180 \u00e8 una taglia-superfici creata appositamente per il taglio del legno indispensabile per ristrutturazioni pavimentazioni parquet\",\"breadcrumb\":{\"@id\":\"https:\/\/www.maxima-dia.com\/it\/macchine-edili-trattamento-superfici-e-pavimenti\/maxiprecut-180\/#breadcrumb\"},\"inLanguage\":\"it-IT\",\"potentialAction\":[{\"@type\":\"ReadAction\",\"target\":[\"https:\/\/www.maxima-dia.com\/it\/macchine-edili-trattamento-superfici-e-pavimenti\/maxiprecut-180\/\"]}]},{\"@type\":\"ImageObject\",\"inLanguage\":\"it-IT\",\"@id\":\"https:\/\/www.maxima-dia.com\/it\/macchine-edili-trattamento-superfici-e-pavimenti\/maxiprecut-180\/#primaryimage\",\"url\":\"https:\/\/www.maxima-dia.com\/wp-content\/uploads\/2024\/05\/MAXIPRECUT_180_cat04_18-01-2024_DSC0377.jpg\",\"contentUrl\":\"https:\/\/www.maxima-dia.com\/wp-content\/uploads\/2024\/05\/MAXIPRECUT_180_cat04_18-01-2024_DSC0377.jpg\",\"width\":1500,\"height\":1500},{\"@type\":\"BreadcrumbList\",\"@id\":\"https:\/\/www.maxima-dia.com\/it\/macchine-edili-trattamento-superfici-e-pavimenti\/maxiprecut-180\/#breadcrumb\",\"itemListElement\":[{\"@type\":\"ListItem\",\"position\":1,\"name\":\"Home\",\"item\":\"https:\/\/www.maxima-dia.com\/it\/\"},{\"@type\":\"ListItem\",\"position\":2,\"name\":\"Macchine Edili Trattamento Superfici e Pavimenti\",\"item\":\"https:\/\/www.maxima-dia.com\/it\/macchine-edili-trattamento-superfici-e-pavimenti\/\"},{\"@type\":\"ListItem\",\"position\":3,\"name\":\"Maxiprecut 180\"}]},{\"@type\":\"WebSite\",\"@id\":\"https:\/\/www.maxima-dia.com\/it\/#website\",\"url\":\"https:\/\/www.maxima-dia.com\/it\/\",\"name\":\"Maxima SpA\",\"description\":\"Only for the real professionals\",\"potentialAction\":[{\"@type\":\"SearchAction\",\"target\":{\"@type\":\"EntryPoint\",\"urlTemplate\":\"https:\/\/www.maxima-dia.com\/it\/?s={search_term_string}\"},\"query-input\":{\"@type\":\"PropertyValueSpecification\",\"valueRequired\":true,\"valueName\":\"search_term_string\"}}],\"inLanguage\":\"it-IT\"}]}<\/script>\n<!-- \/ Yoast SEO plugin. -->","yoast_head_json":{"title":"Maxiprecut 180 - Maxima SpA","description":"MAXIPRECUT 180 \u00e8 una taglia-superfici creata appositamente per il taglio del legno indispensabile per ristrutturazioni pavimentazioni parquet","robots":{"index":"index","follow":"follow","max-snippet":"max-snippet:-1","max-image-preview":"max-image-preview:large","max-video-preview":"max-video-preview:-1"},"canonical":"https:\/\/www.maxima-dia.com\/it\/macchine-edili-trattamento-superfici-e-pavimenti\/maxiprecut-180\/","og_locale":"it_IT","og_type":"article","og_title":"Maxiprecut 180 - Maxima SpA","og_description":"MAXIPRECUT 180 \u00e8 una taglia-superfici creata appositamente per il taglio del legno indispensabile per ristrutturazioni pavimentazioni parquet","og_url":"https:\/\/www.maxima-dia.com\/it\/macchine-edili-trattamento-superfici-e-pavimenti\/maxiprecut-180\/","og_site_name":"Maxima SpA","article_publisher":"https:\/\/www.facebook.com\/Maxima-spa-106098566139597","article_modified_time":"2024-05-23T13:52:58+00:00","og_image":[{"width":1500,"height":1500,"url":"https:\/\/www.maxima-dia.com\/wp-content\/uploads\/2024\/05\/MAXIPRECUT_180_cat04_18-01-2024_DSC0377.jpg","type":"image\/jpeg"}],"twitter_card":"summary_large_image","twitter_site":"@Maximadia","twitter_misc":{"Tempo di lettura stimato":"3 minuti"},"schema":{"@context":"https:\/\/schema.org","@graph":[{"@type":"WebPage","@id":"https:\/\/www.maxima-dia.com\/it\/macchine-edili-trattamento-superfici-e-pavimenti\/maxiprecut-180\/","url":"https:\/\/www.maxima-dia.com\/it\/macchine-edili-trattamento-superfici-e-pavimenti\/maxiprecut-180\/","name":"Maxiprecut 180 - Maxima SpA","isPartOf":{"@id":"https:\/\/www.maxima-dia.com\/it\/#website"},"primaryImageOfPage":{"@id":"https:\/\/www.maxima-dia.com\/it\/macchine-edili-trattamento-superfici-e-pavimenti\/maxiprecut-180\/#primaryimage"},"image":{"@id":"https:\/\/www.maxima-dia.com\/it\/macchine-edili-trattamento-superfici-e-pavimenti\/maxiprecut-180\/#primaryimage"},"thumbnailUrl":"https:\/\/www.maxima-dia.com\/wp-content\/uploads\/2024\/05\/MAXIPRECUT_180_cat04_18-01-2024_DSC0377.jpg","datePublished":"2024-05-23T12:52:36+00:00","dateModified":"2024-05-23T13:52:58+00:00","description":"MAXIPRECUT 180 \u00e8 una taglia-superfici creata appositamente per il taglio del legno indispensabile per ristrutturazioni pavimentazioni parquet","breadcrumb":{"@id":"https:\/\/www.maxima-dia.com\/it\/macchine-edili-trattamento-superfici-e-pavimenti\/maxiprecut-180\/#breadcrumb"},"inLanguage":"it-IT","potentialAction":[{"@type":"ReadAction","target":["https:\/\/www.maxima-dia.com\/it\/macchine-edili-trattamento-superfici-e-pavimenti\/maxiprecut-180\/"]}]},{"@type":"ImageObject","inLanguage":"it-IT","@id":"https:\/\/www.maxima-dia.com\/it\/macchine-edili-trattamento-superfici-e-pavimenti\/maxiprecut-180\/#primaryimage","url":"https:\/\/www.maxima-dia.com\/wp-content\/uploads\/2024\/05\/MAXIPRECUT_180_cat04_18-01-2024_DSC0377.jpg","contentUrl":"https:\/\/www.maxima-dia.com\/wp-content\/uploads\/2024\/05\/MAXIPRECUT_180_cat04_18-01-2024_DSC0377.jpg","width":1500,"height":1500},{"@type":"BreadcrumbList","@id":"https:\/\/www.maxima-dia.com\/it\/macchine-edili-trattamento-superfici-e-pavimenti\/maxiprecut-180\/#breadcrumb","itemListElement":[{"@type":"ListItem","position":1,"name":"Home","item":"https:\/\/www.maxima-dia.com\/it\/"},{"@type":"ListItem","position":2,"name":"Macchine Edili Trattamento Superfici e Pavimenti","item":"https:\/\/www.maxima-dia.com\/it\/macchine-edili-trattamento-superfici-e-pavimenti\/"},{"@type":"ListItem","position":3,"name":"Maxiprecut 180"}]},{"@type":"WebSite","@id":"https:\/\/www.maxima-dia.com\/it\/#website","url":"https:\/\/www.maxima-dia.com\/it\/","name":"Maxima SpA","description":"Only for the real professionals","potentialAction":[{"@type":"SearchAction","target":{"@type":"EntryPoint","urlTemplate":"https:\/\/www.maxima-dia.com\/it\/?s={search_term_string}"},"query-input":{"@type":"PropertyValueSpecification","valueRequired":true,"valueName":"search_term_string"}}],"inLanguage":"it-IT"}]}},"_links":{"self":[{"href":"https:\/\/www.maxima-dia.com\/it\/wp-json\/wp\/v2\/pages\/43320"}],"collection":[{"href":"https:\/\/www.maxima-dia.com\/it\/wp-json\/wp\/v2\/pages"}],"about":[{"href":"https:\/\/www.maxima-dia.com\/it\/wp-json\/wp\/v2\/types\/page"}],"author":[{"embeddable":true,"href":"https:\/\/www.maxima-dia.com\/it\/wp-json\/wp\/v2\/users\/29"}],"replies":[{"embeddable":true,"href":"https:\/\/www.maxima-dia.com\/it\/wp-json\/wp\/v2\/comments?post=43320"}],"version-history":[{"count":2,"href":"https:\/\/www.maxima-dia.com\/it\/wp-json\/wp\/v2\/pages\/43320\/revisions"}],"predecessor-version":[{"id":43351,"href":"https:\/\/www.maxima-dia.com\/it\/wp-json\/wp\/v2\/pages\/43320\/revisions\/43351"}],"up":[{"embeddable":true,"href":"https:\/\/www.maxima-dia.com\/it\/wp-json\/wp\/v2\/pages\/43399"}],"wp:featuredmedia":[{"embeddable":true,"href":"https:\/\/www.maxima-dia.com\/it\/wp-json\/wp\/v2\/media\/43230"}],"wp:attachment":[{"href":"https:\/\/www.maxima-dia.com\/it\/wp-json\/wp\/v2\/media?parent=43320"}],"curies":[{"name":"wp","href":"https:\/\/api.w.org\/{rel}","templated":true}]}}