{"id":43359,"date":"2024-05-23T15:21:49","date_gmt":"2024-05-23T13:21:49","guid":{"rendered":"https:\/\/www.maxima-dia.com\/?page_id=43359"},"modified":"2024-05-27T11:12:13","modified_gmt":"2024-05-27T09:12:13","slug":"maxistripper-100","status":"publish","type":"page","link":"https:\/\/www.maxima-dia.com\/it\/macchine-edili-trattamento-superfici-e-pavimenti\/maxistripper-100\/","title":{"rendered":"Maxistripper 100"},"content":{"rendered":"<div class=\"wpb-content-wrapper\"><p>[vc_row][vc_column text_align=&#8221;center&#8221; width=&#8221;1\/4&#8243;][vc_column_text]<a href=\"https:\/\/www.maxima-dia.com\/wp-content\/uploads\/2024\/05\/MAXISTRIPPER_100_DSC0601_08-01-2024-1.jpg\"><img loading=\"lazy\" decoding=\"async\" class=\"alignnone wp-image-43383 size-thumbnail\" src=\"https:\/\/www.maxima-dia.com\/wp-content\/uploads\/2024\/05\/MAXISTRIPPER_100_DSC0601_08-01-2024-1-150x150.jpg\" alt=\"\" width=\"150\" height=\"150\" srcset=\"https:\/\/www.maxima-dia.com\/wp-content\/uploads\/2024\/05\/MAXISTRIPPER_100_DSC0601_08-01-2024-1-150x150.jpg 150w, https:\/\/www.maxima-dia.com\/wp-content\/uploads\/2024\/05\/MAXISTRIPPER_100_DSC0601_08-01-2024-1-300x300.jpg 300w, https:\/\/www.maxima-dia.com\/wp-content\/uploads\/2024\/05\/MAXISTRIPPER_100_DSC0601_08-01-2024-1-1024x1024.jpg 1024w, https:\/\/www.maxima-dia.com\/wp-content\/uploads\/2024\/05\/MAXISTRIPPER_100_DSC0601_08-01-2024-1-768x768.jpg 768w, https:\/\/www.maxima-dia.com\/wp-content\/uploads\/2024\/05\/MAXISTRIPPER_100_DSC0601_08-01-2024-1-80x80.jpg 80w, https:\/\/www.maxima-dia.com\/wp-content\/uploads\/2024\/05\/MAXISTRIPPER_100_DSC0601_08-01-2024-1-500x500.jpg 500w, https:\/\/www.maxima-dia.com\/wp-content\/uploads\/2024\/05\/MAXISTRIPPER_100_DSC0601_08-01-2024-1-1000x1000.jpg 1000w, https:\/\/www.maxima-dia.com\/wp-content\/uploads\/2024\/05\/MAXISTRIPPER_100_DSC0601_08-01-2024-1.jpg 1500w\" sizes=\"(max-width: 150px) 100vw, 150px\" \/><\/a><\/p>\n<p>made in EU&nbsp;<img loading=\"lazy\" decoding=\"async\" src=\"\/wp-content\/uploads\/2013\/11\/eu.png\" alt=\"eu\" width=\"24\" height=\"16\"> &#8211; certificata <span style=\"font-family: arial,helvetica,sans-serif;\">CE<\/span>[\/vc_column_text][vc_btn title=&#8221;Scheda prodotto&#8221; style=&#8221;outline-custom&#8221; outline_custom_color=&#8221;#cc0000&#8243; outline_custom_hover_background=&#8221;#910000&#8243; outline_custom_hover_text=&#8221;#f7f7f7&#8243; align=&#8221;center&#8221; i_icon_fontawesome=&#8221;fas fa-download&#8221; css=&#8221;.vc_custom_1716801126054{margin-top: 5px !important;margin-right: 5px !important;margin-bottom: 5px !important;margin-left: 5px !important;}&#8221; add_icon=&#8221;true&#8221; link=&#8221;url:%2Fdl.php%3Ffile_url%3Dhttps%3A%2F%2Fwww.maxima-dia.com%2Fwp-content%2Fuploads%2F2024%2F05%2FMAXISTRIPPER_100_IT.pdf&#8221;][vc_btn title=&#8221;Scheda lame da taglio&#8221; style=&#8221;outline-custom&#8221; outline_custom_color=&#8221;#cc0000&#8243; outline_custom_hover_background=&#8221;#910000&#8243; outline_custom_hover_text=&#8221;#f7f7f7&#8243; align=&#8221;center&#8221; i_icon_fontawesome=&#8221;fas fa-download&#8221; css=&#8221;.vc_custom_1716472860984{margin-top: 5px !important;margin-right: 5px !important;margin-bottom: 5px !important;margin-left: 5px !important;}&#8221; add_icon=&#8221;true&#8221; link=&#8221;url:%2Fdl.php%3Ffile_url%3Dhttps%3A%2F%2Fwww.maxima-dia.com%2Fwp-content%2Fuploads%2F2024%2F05%2FMAXISTRIPPER_LAME_E_COLTELLI_IT.pdf&#8221;][\/vc_column][vc_column width=&#8221;3\/4&#8243;][vc_column_text]<strong>MAXISTRIPPER 100<\/strong> \u00e8 una raschiatrice con avanzamento automatico, unica nel suo genere: grazie al movimento ad oscillazione \u00e8 in grado di rimuovere le superfici agendo in modo laterale. <strong>MAXISTRIPPER 100<\/strong> \u00e8 indicata alla rimozione di moquette, linoleum, vinile, PVC, ceramica, klinker, parquet. Aggiungendo le pratiche zavorre a innesto rapido \u00e8 possibile aumentare il peso originario di 95 kg della macchina fino ad un massimo di 4 elementi aggiuntivi da 6 Kg cad., ottenendo ben 123 kg di peso totale, ottimale per la rimozione di superfici particolarmente ostiche come il Parquet. <strong>MAXISTRIPPER 100<\/strong> risulta molto pratica nei cantieri dove non vi sono mezzi di sollevamento, in quanto il motore, grazie alle comode impugnature in dotazione, pu\u00f2 essere facilmente trasportato separatamente rispetto al telaio fino al punto di lavorazione richiesto anche da un singolo operatore. \u00c8 alimentata da due motori elettrici monofase da 750 W e 1.100 W.<\/p>\n<table class=\"tabellafotocarotaggio\" style=\"width: 100.06%;\">\n<tbody>\n<tr>\n<td style=\"text-align: center; width: 25%;\"><a href=\"https:\/\/www.maxima-dia.com\/wp-content\/uploads\/2024\/05\/MAXISTRIPPER_100_DSC0601_08-01-2024-1.jpg\"><img loading=\"lazy\" decoding=\"async\" class=\"alignnone wp-image-43383 size-thumbnail\" src=\"https:\/\/www.maxima-dia.com\/wp-content\/uploads\/2024\/05\/MAXISTRIPPER_100_DSC0601_08-01-2024-1-150x150.jpg\" alt=\"\" width=\"150\" height=\"150\" srcset=\"https:\/\/www.maxima-dia.com\/wp-content\/uploads\/2024\/05\/MAXISTRIPPER_100_DSC0601_08-01-2024-1-150x150.jpg 150w, https:\/\/www.maxima-dia.com\/wp-content\/uploads\/2024\/05\/MAXISTRIPPER_100_DSC0601_08-01-2024-1-300x300.jpg 300w, https:\/\/www.maxima-dia.com\/wp-content\/uploads\/2024\/05\/MAXISTRIPPER_100_DSC0601_08-01-2024-1-1024x1024.jpg 1024w, https:\/\/www.maxima-dia.com\/wp-content\/uploads\/2024\/05\/MAXISTRIPPER_100_DSC0601_08-01-2024-1-768x768.jpg 768w, https:\/\/www.maxima-dia.com\/wp-content\/uploads\/2024\/05\/MAXISTRIPPER_100_DSC0601_08-01-2024-1-80x80.jpg 80w, https:\/\/www.maxima-dia.com\/wp-content\/uploads\/2024\/05\/MAXISTRIPPER_100_DSC0601_08-01-2024-1-500x500.jpg 500w, https:\/\/www.maxima-dia.com\/wp-content\/uploads\/2024\/05\/MAXISTRIPPER_100_DSC0601_08-01-2024-1-1000x1000.jpg 1000w, https:\/\/www.maxima-dia.com\/wp-content\/uploads\/2024\/05\/MAXISTRIPPER_100_DSC0601_08-01-2024-1.jpg 1500w\" sizes=\"(max-width: 150px) 100vw, 150px\" \/><\/a>&nbsp;<\/td>\n<td style=\"text-align: center; width: 25%;\"><a href=\"https:\/\/www.maxima-dia.com\/wp-content\/uploads\/2024\/05\/MAXISTRIPPER_100_DSC0598_08-01-2024-1.jpg\"><img loading=\"lazy\" decoding=\"async\" class=\"alignnone wp-image-43377 size-thumbnail\" src=\"https:\/\/www.maxima-dia.com\/wp-content\/uploads\/2024\/05\/MAXISTRIPPER_100_DSC0598_08-01-2024-1-150x150.jpg\" alt=\"\" width=\"150\" height=\"150\" srcset=\"https:\/\/www.maxima-dia.com\/wp-content\/uploads\/2024\/05\/MAXISTRIPPER_100_DSC0598_08-01-2024-1-150x150.jpg 150w, https:\/\/www.maxima-dia.com\/wp-content\/uploads\/2024\/05\/MAXISTRIPPER_100_DSC0598_08-01-2024-1-300x300.jpg 300w, https:\/\/www.maxima-dia.com\/wp-content\/uploads\/2024\/05\/MAXISTRIPPER_100_DSC0598_08-01-2024-1-1024x1024.jpg 1024w, https:\/\/www.maxima-dia.com\/wp-content\/uploads\/2024\/05\/MAXISTRIPPER_100_DSC0598_08-01-2024-1-768x768.jpg 768w, https:\/\/www.maxima-dia.com\/wp-content\/uploads\/2024\/05\/MAXISTRIPPER_100_DSC0598_08-01-2024-1-80x80.jpg 80w, https:\/\/www.maxima-dia.com\/wp-content\/uploads\/2024\/05\/MAXISTRIPPER_100_DSC0598_08-01-2024-1-500x500.jpg 500w, https:\/\/www.maxima-dia.com\/wp-content\/uploads\/2024\/05\/MAXISTRIPPER_100_DSC0598_08-01-2024-1-1000x1000.jpg 1000w, https:\/\/www.maxima-dia.com\/wp-content\/uploads\/2024\/05\/MAXISTRIPPER_100_DSC0598_08-01-2024-1.jpg 1500w\" sizes=\"(max-width: 150px) 100vw, 150px\" \/><\/a><\/td>\n<td style=\"text-align: center; width: 25%;\" colspan=\"2\"><a href=\"https:\/\/www.maxima-dia.com\/wp-content\/uploads\/2024\/05\/MAXISTRIPPER_100_DSC0581_08_01_2024-1.jpg\"><img loading=\"lazy\" decoding=\"async\" class=\"alignnone wp-image-43371 size-thumbnail\" src=\"https:\/\/www.maxima-dia.com\/wp-content\/uploads\/2024\/05\/MAXISTRIPPER_100_DSC0581_08_01_2024-1-150x150.jpg\" alt=\"\" width=\"150\" height=\"150\" srcset=\"https:\/\/www.maxima-dia.com\/wp-content\/uploads\/2024\/05\/MAXISTRIPPER_100_DSC0581_08_01_2024-1-150x150.jpg 150w, https:\/\/www.maxima-dia.com\/wp-content\/uploads\/2024\/05\/MAXISTRIPPER_100_DSC0581_08_01_2024-1-300x300.jpg 300w, https:\/\/www.maxima-dia.com\/wp-content\/uploads\/2024\/05\/MAXISTRIPPER_100_DSC0581_08_01_2024-1-1024x1024.jpg 1024w, https:\/\/www.maxima-dia.com\/wp-content\/uploads\/2024\/05\/MAXISTRIPPER_100_DSC0581_08_01_2024-1-768x768.jpg 768w, https:\/\/www.maxima-dia.com\/wp-content\/uploads\/2024\/05\/MAXISTRIPPER_100_DSC0581_08_01_2024-1-80x80.jpg 80w, https:\/\/www.maxima-dia.com\/wp-content\/uploads\/2024\/05\/MAXISTRIPPER_100_DSC0581_08_01_2024-1-500x500.jpg 500w, https:\/\/www.maxima-dia.com\/wp-content\/uploads\/2024\/05\/MAXISTRIPPER_100_DSC0581_08_01_2024-1-1000x1000.jpg 1000w, https:\/\/www.maxima-dia.com\/wp-content\/uploads\/2024\/05\/MAXISTRIPPER_100_DSC0581_08_01_2024-1.jpg 1500w\" sizes=\"(max-width: 150px) 100vw, 150px\" \/><\/a><\/td>\n<td style=\"text-align: center; width: 25%;\"><a href=\"https:\/\/www.maxima-dia.com\/wp-content\/uploads\/2024\/05\/MAXISTRIPPER_100_DSC0113_24_01_2024-1.jpg\"><img loading=\"lazy\" decoding=\"async\" class=\"alignnone wp-image-43365 size-thumbnail\" src=\"https:\/\/www.maxima-dia.com\/wp-content\/uploads\/2024\/05\/MAXISTRIPPER_100_DSC0113_24_01_2024-1-150x150.jpg\" alt=\"\" width=\"150\" height=\"150\" srcset=\"https:\/\/www.maxima-dia.com\/wp-content\/uploads\/2024\/05\/MAXISTRIPPER_100_DSC0113_24_01_2024-1-150x150.jpg 150w, https:\/\/www.maxima-dia.com\/wp-content\/uploads\/2024\/05\/MAXISTRIPPER_100_DSC0113_24_01_2024-1-300x300.jpg 300w, https:\/\/www.maxima-dia.com\/wp-content\/uploads\/2024\/05\/MAXISTRIPPER_100_DSC0113_24_01_2024-1-1024x1024.jpg 1024w, https:\/\/www.maxima-dia.com\/wp-content\/uploads\/2024\/05\/MAXISTRIPPER_100_DSC0113_24_01_2024-1-768x768.jpg 768w, https:\/\/www.maxima-dia.com\/wp-content\/uploads\/2024\/05\/MAXISTRIPPER_100_DSC0113_24_01_2024-1-80x80.jpg 80w, https:\/\/www.maxima-dia.com\/wp-content\/uploads\/2024\/05\/MAXISTRIPPER_100_DSC0113_24_01_2024-1-500x500.jpg 500w, https:\/\/www.maxima-dia.com\/wp-content\/uploads\/2024\/05\/MAXISTRIPPER_100_DSC0113_24_01_2024-1-1000x1000.jpg 1000w, https:\/\/www.maxima-dia.com\/wp-content\/uploads\/2024\/05\/MAXISTRIPPER_100_DSC0113_24_01_2024-1.jpg 1500w\" sizes=\"(max-width: 150px) 100vw, 150px\" \/><\/a><\/td>\n<\/tr>\n<\/tbody>\n<\/table>\n<p>&nbsp;<\/p>\n<table class=\"tabellatecnica\" style=\"width: 100%; height: 144px;\" border=\"0\" cellspacing=\"0\" cellpadding=\"0\">\n<thead>\n<tr style=\"height: 24px;\">\n<td class=\"testata\" style=\"width: 100%; height: 24px;\" colspan=\"2\">CARATTERISTICHE TECNICHE<\/td>\n<\/tr>\n<\/thead>\n<tbody>\n<tr style=\"height: 24px;\">\n<td class=\"coltesto1\" style=\"width: 50%; height: 24px;\">Motore avanzamento: elettrico monofase 230V 0,75 kW<\/td>\n<td class=\"coltesto2\" style=\"width: 50%; height: 24px;\">Dimensioni (HxPxL) 640x1080x305 mm<\/td>\n<\/tr>\n<tr style=\"height: 24px;\">\n<td class=\"coltesto1\" style=\"width: 50%; height: 24px;\">Motore operativo: elettrico monofase 230V 1,1 kW<\/td>\n<td class=\"coltesto2\" style=\"width: 50%; height: 24px;\">Peso 95 Kg (escluso zavorra aggiuntiva)<\/td>\n<\/tr>\n<tr style=\"height: 24px;\">\n<td class=\"coltesto1\" style=\"width: 50%; height: 24px;\">Coppia 145 Nm<\/td>\n<td class=\"coltesto2\" style=\"width: 50%; height: 24px;\">&nbsp;<\/td>\n<\/tr>\n<\/tbody>\n<\/table>\n<p>[\/vc_column_text][\/vc_column][\/vc_row]<\/p>\n<\/div>","protected":false},"excerpt":{"rendered":"<p>[vc_row][vc_column text_align=&#8221;center&#8221; width=&#8221;1\/4&#8243;][vc_column_text] made in EU&nbsp; &#8211; certificata CE[\/vc_column_text][vc_btn title=&#8221;Scheda prodotto&#8221; style=&#8221;outline-custom&#8221; outline_custom_color=&#8221;#cc0000&#8243; outline_custom_hover_background=&#8221;#910000&#8243; outline_custom_hover_text=&#8221;#f7f7f7&#8243; align=&#8221;center&#8221; i_icon_fontawesome=&#8221;fas fa-download&#8221; css=&#8221;.vc_custom_1716801126054{margin-top: 5px !important;margin-right: 5px !important;margin-bottom: 5px !important;margin-left: 5px !important;}&#8221; add_icon=&#8221;true&#8221; link=&#8221;url:%2Fdl.php%3Ffile_url%3Dhttps%3A%2F%2Fwww.maxima-dia.com%2Fwp-content%2Fuploads%2F2024%2F05%2FMAXISTRIPPER_100_IT.pdf&#8221;][vc_btn title=&#8221;Scheda lame da taglio&#8221; style=&#8221;outline-custom&#8221; outline_custom_color=&#8221;#cc0000&#8243; outline_custom_hover_background=&#8221;#910000&#8243; outline_custom_hover_text=&#8221;#f7f7f7&#8243; align=&#8221;center&#8221; i_icon_fontawesome=&#8221;fas fa-download&#8221; css=&#8221;.vc_custom_1716472860984{margin-top: 5px !important;margin-right: 5px !important;margin-bottom: 5px !important;margin-left: 5px !important;}&#8221; add_icon=&#8221;true&#8221; link=&#8221;url:%2Fdl.php%3Ffile_url%3Dhttps%3A%2F%2Fwww.maxima-dia.com%2Fwp-content%2Fuploads%2F2024%2F05%2FMAXISTRIPPER_LAME_E_COLTELLI_IT.pdf&#8221;][\/vc_column][vc_column width=&#8221;3\/4&#8243;][vc_column_text]MAXISTRIPPER 100 \u00e8 una raschiatrice con avanzamento automatico, unica nel suo genere: grazie al movimento ad oscillazione \u00e8 in grado di rimuovere le superfici agendo in modo laterale. MAXISTRIPPER 100 \u00e8 indicata alla rimozione di moquette, linoleum, vinile, PVC, ceramica, klinker, parquet. Aggiungendo le pratiche zavorre a innesto rapido \u00e8 possibile aumentare il peso originario di 95 kg della macchina fino ad un massimo di 4 elementi aggiuntivi da 6 Kg cad., ottenendo ben 123 kg di peso totale, ottimale per la rimozione di superfici particolarmente ostiche come il Parquet. MAXISTRIPPER 100 risulta molto pratica nei cantieri dove non vi sono mezzi di sollevamento, in quanto il motore, grazie alle comode impugnature in dotazione, pu\u00f2 essere facilmente trasportato separatamente rispetto al telaio fino al punto di lavorazione richiesto anche da un singolo operatore. \u00c8 alimentata da due motori elettrici monofase da 750 W e 1.100 W. &nbsp; &nbsp; CARATTERISTICHE [&hellip;]<\/p>\n","protected":false},"author":29,"featured_media":43383,"parent":43399,"menu_order":3,"comment_status":"closed","ping_status":"closed","template":"","meta":{"ngg_post_thumbnail":0,"_joinchat":[],"footnotes":""},"class_list":["post-43359","page","type-page","status-publish","has-post-thumbnail","hentry"],"yoast_head":"<!-- This site is optimized with the Yoast SEO plugin v25.5 - https:\/\/yoast.com\/wordpress\/plugins\/seo\/ -->\n<title>Maxistripper 100 - Maxima SpA<\/title>\n<meta name=\"description\" content=\"MAXISTRIPPER 100 raschiatrice automatica movimento ad oscillazione \u00e8 in grado di rimuovere le superfici agendo in modo laterale\" \/>\n<meta name=\"robots\" content=\"index, follow, max-snippet:-1, max-image-preview:large, max-video-preview:-1\" \/>\n<link rel=\"canonical\" href=\"https:\/\/www.maxima-dia.com\/it\/macchine-edili-trattamento-superfici-e-pavimenti\/maxistripper-100\/\" \/>\n<meta property=\"og:locale\" content=\"it_IT\" \/>\n<meta property=\"og:type\" content=\"article\" \/>\n<meta property=\"og:title\" content=\"Maxistripper 100 - Maxima SpA\" \/>\n<meta property=\"og:description\" content=\"MAXISTRIPPER 100 raschiatrice automatica movimento ad oscillazione \u00e8 in grado di rimuovere le superfici agendo in modo laterale\" \/>\n<meta property=\"og:url\" content=\"https:\/\/www.maxima-dia.com\/it\/macchine-edili-trattamento-superfici-e-pavimenti\/maxistripper-100\/\" \/>\n<meta property=\"og:site_name\" content=\"Maxima SpA\" \/>\n<meta property=\"article:publisher\" content=\"https:\/\/www.facebook.com\/Maxima-spa-106098566139597\" \/>\n<meta property=\"article:modified_time\" content=\"2024-05-27T09:12:13+00:00\" \/>\n<meta property=\"og:image\" content=\"https:\/\/www.maxima-dia.com\/wp-content\/uploads\/2024\/05\/MAXISTRIPPER_100_DSC0601_08-01-2024-1.jpg\" \/>\n\t<meta property=\"og:image:width\" content=\"1500\" \/>\n\t<meta property=\"og:image:height\" content=\"1500\" \/>\n\t<meta property=\"og:image:type\" content=\"image\/jpeg\" \/>\n<meta name=\"twitter:card\" content=\"summary_large_image\" \/>\n<meta name=\"twitter:site\" content=\"@Maximadia\" \/>\n<meta name=\"twitter:label1\" content=\"Tempo di lettura stimato\" \/>\n\t<meta name=\"twitter:data1\" content=\"3 minuti\" \/>\n<script type=\"application\/ld+json\" class=\"yoast-schema-graph\">{\"@context\":\"https:\/\/schema.org\",\"@graph\":[{\"@type\":\"WebPage\",\"@id\":\"https:\/\/www.maxima-dia.com\/it\/macchine-edili-trattamento-superfici-e-pavimenti\/maxistripper-100\/\",\"url\":\"https:\/\/www.maxima-dia.com\/it\/macchine-edili-trattamento-superfici-e-pavimenti\/maxistripper-100\/\",\"name\":\"Maxistripper 100 - Maxima SpA\",\"isPartOf\":{\"@id\":\"https:\/\/www.maxima-dia.com\/it\/#website\"},\"primaryImageOfPage\":{\"@id\":\"https:\/\/www.maxima-dia.com\/it\/macchine-edili-trattamento-superfici-e-pavimenti\/maxistripper-100\/#primaryimage\"},\"image\":{\"@id\":\"https:\/\/www.maxima-dia.com\/it\/macchine-edili-trattamento-superfici-e-pavimenti\/maxistripper-100\/#primaryimage\"},\"thumbnailUrl\":\"https:\/\/www.maxima-dia.com\/wp-content\/uploads\/2024\/05\/MAXISTRIPPER_100_DSC0601_08-01-2024-1.jpg\",\"datePublished\":\"2024-05-23T13:21:49+00:00\",\"dateModified\":\"2024-05-27T09:12:13+00:00\",\"description\":\"MAXISTRIPPER 100 raschiatrice automatica movimento ad oscillazione \u00e8 in grado di rimuovere le superfici agendo in modo laterale\",\"breadcrumb\":{\"@id\":\"https:\/\/www.maxima-dia.com\/it\/macchine-edili-trattamento-superfici-e-pavimenti\/maxistripper-100\/#breadcrumb\"},\"inLanguage\":\"it-IT\",\"potentialAction\":[{\"@type\":\"ReadAction\",\"target\":[\"https:\/\/www.maxima-dia.com\/it\/macchine-edili-trattamento-superfici-e-pavimenti\/maxistripper-100\/\"]}]},{\"@type\":\"ImageObject\",\"inLanguage\":\"it-IT\",\"@id\":\"https:\/\/www.maxima-dia.com\/it\/macchine-edili-trattamento-superfici-e-pavimenti\/maxistripper-100\/#primaryimage\",\"url\":\"https:\/\/www.maxima-dia.com\/wp-content\/uploads\/2024\/05\/MAXISTRIPPER_100_DSC0601_08-01-2024-1.jpg\",\"contentUrl\":\"https:\/\/www.maxima-dia.com\/wp-content\/uploads\/2024\/05\/MAXISTRIPPER_100_DSC0601_08-01-2024-1.jpg\",\"width\":1500,\"height\":1500},{\"@type\":\"BreadcrumbList\",\"@id\":\"https:\/\/www.maxima-dia.com\/it\/macchine-edili-trattamento-superfici-e-pavimenti\/maxistripper-100\/#breadcrumb\",\"itemListElement\":[{\"@type\":\"ListItem\",\"position\":1,\"name\":\"Home\",\"item\":\"https:\/\/www.maxima-dia.com\/it\/\"},{\"@type\":\"ListItem\",\"position\":2,\"name\":\"Macchine Edili Trattamento Superfici e Pavimenti\",\"item\":\"https:\/\/www.maxima-dia.com\/it\/macchine-edili-trattamento-superfici-e-pavimenti\/\"},{\"@type\":\"ListItem\",\"position\":3,\"name\":\"Maxistripper 100\"}]},{\"@type\":\"WebSite\",\"@id\":\"https:\/\/www.maxima-dia.com\/it\/#website\",\"url\":\"https:\/\/www.maxima-dia.com\/it\/\",\"name\":\"Maxima SpA\",\"description\":\"Only for the real professionals\",\"potentialAction\":[{\"@type\":\"SearchAction\",\"target\":{\"@type\":\"EntryPoint\",\"urlTemplate\":\"https:\/\/www.maxima-dia.com\/it\/?s={search_term_string}\"},\"query-input\":{\"@type\":\"PropertyValueSpecification\",\"valueRequired\":true,\"valueName\":\"search_term_string\"}}],\"inLanguage\":\"it-IT\"}]}<\/script>\n<!-- \/ Yoast SEO plugin. -->","yoast_head_json":{"title":"Maxistripper 100 - Maxima SpA","description":"MAXISTRIPPER 100 raschiatrice automatica movimento ad oscillazione \u00e8 in grado di rimuovere le superfici agendo in modo laterale","robots":{"index":"index","follow":"follow","max-snippet":"max-snippet:-1","max-image-preview":"max-image-preview:large","max-video-preview":"max-video-preview:-1"},"canonical":"https:\/\/www.maxima-dia.com\/it\/macchine-edili-trattamento-superfici-e-pavimenti\/maxistripper-100\/","og_locale":"it_IT","og_type":"article","og_title":"Maxistripper 100 - Maxima SpA","og_description":"MAXISTRIPPER 100 raschiatrice automatica movimento ad oscillazione \u00e8 in grado di rimuovere le superfici agendo in modo laterale","og_url":"https:\/\/www.maxima-dia.com\/it\/macchine-edili-trattamento-superfici-e-pavimenti\/maxistripper-100\/","og_site_name":"Maxima SpA","article_publisher":"https:\/\/www.facebook.com\/Maxima-spa-106098566139597","article_modified_time":"2024-05-27T09:12:13+00:00","og_image":[{"width":1500,"height":1500,"url":"https:\/\/www.maxima-dia.com\/wp-content\/uploads\/2024\/05\/MAXISTRIPPER_100_DSC0601_08-01-2024-1.jpg","type":"image\/jpeg"}],"twitter_card":"summary_large_image","twitter_site":"@Maximadia","twitter_misc":{"Tempo di lettura stimato":"3 minuti"},"schema":{"@context":"https:\/\/schema.org","@graph":[{"@type":"WebPage","@id":"https:\/\/www.maxima-dia.com\/it\/macchine-edili-trattamento-superfici-e-pavimenti\/maxistripper-100\/","url":"https:\/\/www.maxima-dia.com\/it\/macchine-edili-trattamento-superfici-e-pavimenti\/maxistripper-100\/","name":"Maxistripper 100 - Maxima SpA","isPartOf":{"@id":"https:\/\/www.maxima-dia.com\/it\/#website"},"primaryImageOfPage":{"@id":"https:\/\/www.maxima-dia.com\/it\/macchine-edili-trattamento-superfici-e-pavimenti\/maxistripper-100\/#primaryimage"},"image":{"@id":"https:\/\/www.maxima-dia.com\/it\/macchine-edili-trattamento-superfici-e-pavimenti\/maxistripper-100\/#primaryimage"},"thumbnailUrl":"https:\/\/www.maxima-dia.com\/wp-content\/uploads\/2024\/05\/MAXISTRIPPER_100_DSC0601_08-01-2024-1.jpg","datePublished":"2024-05-23T13:21:49+00:00","dateModified":"2024-05-27T09:12:13+00:00","description":"MAXISTRIPPER 100 raschiatrice automatica movimento ad oscillazione \u00e8 in grado di rimuovere le superfici agendo in modo laterale","breadcrumb":{"@id":"https:\/\/www.maxima-dia.com\/it\/macchine-edili-trattamento-superfici-e-pavimenti\/maxistripper-100\/#breadcrumb"},"inLanguage":"it-IT","potentialAction":[{"@type":"ReadAction","target":["https:\/\/www.maxima-dia.com\/it\/macchine-edili-trattamento-superfici-e-pavimenti\/maxistripper-100\/"]}]},{"@type":"ImageObject","inLanguage":"it-IT","@id":"https:\/\/www.maxima-dia.com\/it\/macchine-edili-trattamento-superfici-e-pavimenti\/maxistripper-100\/#primaryimage","url":"https:\/\/www.maxima-dia.com\/wp-content\/uploads\/2024\/05\/MAXISTRIPPER_100_DSC0601_08-01-2024-1.jpg","contentUrl":"https:\/\/www.maxima-dia.com\/wp-content\/uploads\/2024\/05\/MAXISTRIPPER_100_DSC0601_08-01-2024-1.jpg","width":1500,"height":1500},{"@type":"BreadcrumbList","@id":"https:\/\/www.maxima-dia.com\/it\/macchine-edili-trattamento-superfici-e-pavimenti\/maxistripper-100\/#breadcrumb","itemListElement":[{"@type":"ListItem","position":1,"name":"Home","item":"https:\/\/www.maxima-dia.com\/it\/"},{"@type":"ListItem","position":2,"name":"Macchine Edili Trattamento Superfici e Pavimenti","item":"https:\/\/www.maxima-dia.com\/it\/macchine-edili-trattamento-superfici-e-pavimenti\/"},{"@type":"ListItem","position":3,"name":"Maxistripper 100"}]},{"@type":"WebSite","@id":"https:\/\/www.maxima-dia.com\/it\/#website","url":"https:\/\/www.maxima-dia.com\/it\/","name":"Maxima SpA","description":"Only for the real professionals","potentialAction":[{"@type":"SearchAction","target":{"@type":"EntryPoint","urlTemplate":"https:\/\/www.maxima-dia.com\/it\/?s={search_term_string}"},"query-input":{"@type":"PropertyValueSpecification","valueRequired":true,"valueName":"search_term_string"}}],"inLanguage":"it-IT"}]}},"_links":{"self":[{"href":"https:\/\/www.maxima-dia.com\/it\/wp-json\/wp\/v2\/pages\/43359"}],"collection":[{"href":"https:\/\/www.maxima-dia.com\/it\/wp-json\/wp\/v2\/pages"}],"about":[{"href":"https:\/\/www.maxima-dia.com\/it\/wp-json\/wp\/v2\/types\/page"}],"author":[{"embeddable":true,"href":"https:\/\/www.maxima-dia.com\/it\/wp-json\/wp\/v2\/users\/29"}],"replies":[{"embeddable":true,"href":"https:\/\/www.maxima-dia.com\/it\/wp-json\/wp\/v2\/comments?post=43359"}],"version-history":[{"count":4,"href":"https:\/\/www.maxima-dia.com\/it\/wp-json\/wp\/v2\/pages\/43359\/revisions"}],"predecessor-version":[{"id":43524,"href":"https:\/\/www.maxima-dia.com\/it\/wp-json\/wp\/v2\/pages\/43359\/revisions\/43524"}],"up":[{"embeddable":true,"href":"https:\/\/www.maxima-dia.com\/it\/wp-json\/wp\/v2\/pages\/43399"}],"wp:featuredmedia":[{"embeddable":true,"href":"https:\/\/www.maxima-dia.com\/it\/wp-json\/wp\/v2\/media\/43383"}],"wp:attachment":[{"href":"https:\/\/www.maxima-dia.com\/it\/wp-json\/wp\/v2\/media?parent=43359"}],"curies":[{"name":"wp","href":"https:\/\/api.w.org\/{rel}","templated":true}]}}