{"id":44795,"date":"2024-10-18T10:47:20","date_gmt":"2024-10-18T08:47:20","guid":{"rendered":"https:\/\/www.maxima-dia.com\/?page_id=44795"},"modified":"2024-10-18T11:35:06","modified_gmt":"2024-10-18T09:35:06","slug":"genemax-5500-is","status":"publish","type":"page","link":"https:\/\/www.maxima-dia.com\/it\/generatori-di-corrente-gruppi-elettrogeni\/genemax-5500-is\/","title":{"rendered":"Genemax 5500 IS"},"content":{"rendered":"<div class=\"wpb-content-wrapper\"><p>[vc_row][vc_column text_align=&#8221;center&#8221; width=&#8221;1\/4&#8243;][vc_column_text]<a href=\"https:\/\/www.maxima-dia.com\/wp-content\/uploads\/2024\/10\/GENEMAX-5500IS_dx.jpg\"><img loading=\"lazy\" decoding=\"async\" class=\"alignnone wp-image-44779 size-thumbnail\" src=\"https:\/\/www.maxima-dia.com\/wp-content\/uploads\/2024\/10\/GENEMAX-5500IS_dx-150x150.jpg\" alt=\"\" width=\"150\" height=\"150\" srcset=\"https:\/\/www.maxima-dia.com\/wp-content\/uploads\/2024\/10\/GENEMAX-5500IS_dx-150x150.jpg 150w, https:\/\/www.maxima-dia.com\/wp-content\/uploads\/2024\/10\/GENEMAX-5500IS_dx-300x300.jpg 300w, https:\/\/www.maxima-dia.com\/wp-content\/uploads\/2024\/10\/GENEMAX-5500IS_dx-1024x1024.jpg 1024w, https:\/\/www.maxima-dia.com\/wp-content\/uploads\/2024\/10\/GENEMAX-5500IS_dx-768x768.jpg 768w, https:\/\/www.maxima-dia.com\/wp-content\/uploads\/2024\/10\/GENEMAX-5500IS_dx-80x80.jpg 80w, https:\/\/www.maxima-dia.com\/wp-content\/uploads\/2024\/10\/GENEMAX-5500IS_dx-500x500.jpg 500w, https:\/\/www.maxima-dia.com\/wp-content\/uploads\/2024\/10\/GENEMAX-5500IS_dx-1000x1000.jpg 1000w, https:\/\/www.maxima-dia.com\/wp-content\/uploads\/2024\/10\/GENEMAX-5500IS_dx.jpg 1200w\" sizes=\"(max-width: 150px) 100vw, 150px\" \/><\/a><\/p>\n<p>certificata <span style=\"font-family: arial,helvetica,sans-serif;\">CE<\/span>[\/vc_column_text][\/vc_column][vc_column width=&#8221;3\/4&#8243;][vc_column_text]<strong>GENEMAX 5500 IS<\/strong>, grazie ad un sistema di controllo dei giri del motore in base alla potenza effettivamente utilizzata e quindi all\u2019assorbimento, permette un risparmio di benzina pari al 30% rispetto ai classici generatori. Completamente silenziato e dotato di carrello e maniglia estraibile\/retraibile per agevolarne il trasporto, \u00e8 in grado di emanare una potenza massima di 5 kW e possiede un motore monocilindrico a benzina a 4 tempi da 312 cc. Grazie alla tecnologia ad inverter, produce energia elettrica a frequenza e tensione costante, rendendosi ideale per apparecchiature elettroniche anche sofisticate. \u00c8 compatto e pesa solo 51,5 kg, con protezione da sovraccarico sia per AC che per DC e display con lampada pilota e indicatore di potenza.<\/p>\n<table class=\"tabellafotocarotaggio\" style=\"width: 100%;\">\n<tbody>\n<tr>\n<td style=\"text-align: center; width: 33%;\"><a href=\"https:\/\/www.maxima-dia.com\/wp-content\/uploads\/2024\/10\/GENEMAX-5500IS_sx.jpg\"><img loading=\"lazy\" decoding=\"async\" class=\"alignnone wp-image-44785 size-thumbnail\" src=\"https:\/\/www.maxima-dia.com\/wp-content\/uploads\/2024\/10\/GENEMAX-5500IS_sx-150x150.jpg\" alt=\"\" width=\"150\" height=\"150\" srcset=\"https:\/\/www.maxima-dia.com\/wp-content\/uploads\/2024\/10\/GENEMAX-5500IS_sx-150x150.jpg 150w, https:\/\/www.maxima-dia.com\/wp-content\/uploads\/2024\/10\/GENEMAX-5500IS_sx-300x300.jpg 300w, https:\/\/www.maxima-dia.com\/wp-content\/uploads\/2024\/10\/GENEMAX-5500IS_sx-1024x1024.jpg 1024w, https:\/\/www.maxima-dia.com\/wp-content\/uploads\/2024\/10\/GENEMAX-5500IS_sx-768x768.jpg 768w, https:\/\/www.maxima-dia.com\/wp-content\/uploads\/2024\/10\/GENEMAX-5500IS_sx-80x80.jpg 80w, https:\/\/www.maxima-dia.com\/wp-content\/uploads\/2024\/10\/GENEMAX-5500IS_sx-500x500.jpg 500w, https:\/\/www.maxima-dia.com\/wp-content\/uploads\/2024\/10\/GENEMAX-5500IS_sx-1000x1000.jpg 1000w, https:\/\/www.maxima-dia.com\/wp-content\/uploads\/2024\/10\/GENEMAX-5500IS_sx.jpg 1200w\" sizes=\"(max-width: 150px) 100vw, 150px\" \/><\/a>&nbsp;<\/td>\n<td style=\"text-align: center; width: 33%;\"><a href=\"https:\/\/www.maxima-dia.com\/wp-content\/uploads\/2024\/10\/GENEMAX-5500IS_dx_maniglia_trolley.jpg\"><img loading=\"lazy\" decoding=\"async\" class=\"alignnone wp-image-44807 size-thumbnail\" src=\"https:\/\/www.maxima-dia.com\/wp-content\/uploads\/2024\/10\/GENEMAX-5500IS_dx_maniglia_trolley-150x150.jpg\" alt=\"\" width=\"150\" height=\"150\" srcset=\"https:\/\/www.maxima-dia.com\/wp-content\/uploads\/2024\/10\/GENEMAX-5500IS_dx_maniglia_trolley-150x150.jpg 150w, https:\/\/www.maxima-dia.com\/wp-content\/uploads\/2024\/10\/GENEMAX-5500IS_dx_maniglia_trolley-300x300.jpg 300w, https:\/\/www.maxima-dia.com\/wp-content\/uploads\/2024\/10\/GENEMAX-5500IS_dx_maniglia_trolley-1024x1024.jpg 1024w, https:\/\/www.maxima-dia.com\/wp-content\/uploads\/2024\/10\/GENEMAX-5500IS_dx_maniglia_trolley-768x768.jpg 768w, https:\/\/www.maxima-dia.com\/wp-content\/uploads\/2024\/10\/GENEMAX-5500IS_dx_maniglia_trolley-80x80.jpg 80w, https:\/\/www.maxima-dia.com\/wp-content\/uploads\/2024\/10\/GENEMAX-5500IS_dx_maniglia_trolley-500x500.jpg 500w, https:\/\/www.maxima-dia.com\/wp-content\/uploads\/2024\/10\/GENEMAX-5500IS_dx_maniglia_trolley-1000x1000.jpg 1000w, https:\/\/www.maxima-dia.com\/wp-content\/uploads\/2024\/10\/GENEMAX-5500IS_dx_maniglia_trolley.jpg 1200w\" sizes=\"(max-width: 150px) 100vw, 150px\" \/><\/a><\/td>\n<td style=\"text-align: center; width: 33%;\"><a href=\"https:\/\/www.maxima-dia.com\/wp-content\/uploads\/2024\/10\/GENEMAX-5500IS_sx_maniglia_trolley.jpg\"><img loading=\"lazy\" decoding=\"async\" class=\"alignnone size-thumbnail wp-image-44801\" src=\"https:\/\/www.maxima-dia.com\/wp-content\/uploads\/2024\/10\/GENEMAX-5500IS_sx_maniglia_trolley-150x150.jpg\" alt=\"\" width=\"150\" height=\"150\" srcset=\"https:\/\/www.maxima-dia.com\/wp-content\/uploads\/2024\/10\/GENEMAX-5500IS_sx_maniglia_trolley-150x150.jpg 150w, https:\/\/www.maxima-dia.com\/wp-content\/uploads\/2024\/10\/GENEMAX-5500IS_sx_maniglia_trolley-300x300.jpg 300w, https:\/\/www.maxima-dia.com\/wp-content\/uploads\/2024\/10\/GENEMAX-5500IS_sx_maniglia_trolley-1024x1024.jpg 1024w, https:\/\/www.maxima-dia.com\/wp-content\/uploads\/2024\/10\/GENEMAX-5500IS_sx_maniglia_trolley-768x768.jpg 768w, https:\/\/www.maxima-dia.com\/wp-content\/uploads\/2024\/10\/GENEMAX-5500IS_sx_maniglia_trolley-80x80.jpg 80w, https:\/\/www.maxima-dia.com\/wp-content\/uploads\/2024\/10\/GENEMAX-5500IS_sx_maniglia_trolley-500x500.jpg 500w, https:\/\/www.maxima-dia.com\/wp-content\/uploads\/2024\/10\/GENEMAX-5500IS_sx_maniglia_trolley-1000x1000.jpg 1000w, https:\/\/www.maxima-dia.com\/wp-content\/uploads\/2024\/10\/GENEMAX-5500IS_sx_maniglia_trolley.jpg 1200w\" sizes=\"(max-width: 150px) 100vw, 150px\" \/><\/a><\/td>\n<\/tr>\n<\/tbody>\n<\/table>\n<p>&nbsp;<\/p>\n<table class=\"tabellatecnica\" style=\"width: 100%; height: 144px;\" border=\"0\" cellspacing=\"0\" cellpadding=\"0\">\n<thead>\n<tr style=\"height: 24px;\">\n<td class=\"testata\" style=\"width: 100%; height: 24px;\" colspan=\"2\">CARATTERISTICHE TECNICHE<\/td>\n<\/tr>\n<\/thead>\n<tbody>\n<tr style=\"height: 24px;\">\n<td class=\"coltesto1\" style=\"width: 50%; height: 24px;\">Motore (Max): 5,5 kW<\/td>\n<td class=\"coltesto2\" style=\"width: 50%; height: 24px;\">Avviamento: elettrico + strappo<\/td>\n<\/tr>\n<tr style=\"height: 24px;\">\n<td class=\"coltesto1\" style=\"width: 50%; height: 24px;\">Generati (continuo): 5 kW<\/td>\n<td class=\"coltesto2\" style=\"width: 50%; height: 24px;\">Monofase: 230v<\/td>\n<\/tr>\n<tr style=\"height: 24px;\">\n<td class=\"coltesto1\" style=\"width: 50%; height: 24px;\">Motore \/ Engine power: 312 CC<\/td>\n<td class=\"coltesto2\" style=\"width: 50%; height: 24px;\">Inverter \/ Avr: si<\/td>\n<\/tr>\n<tr style=\"height: 24px;\">\n<td class=\"coltesto2\" style=\"width: 50%; height: 24px;\">Serbatoio: 13,5 litri<\/td>\n<td class=\"coltesto2\" style=\"width: 50%; height: 24px;\">Connessione parallela: s\u00ec<\/td>\n<\/tr>\n<tr style=\"height: 24px;\">\n<td class=\"coltesto2\" style=\"width: 50%; height: 24px;\">Peso totale macchina: 51,5 kg<\/td>\n<td class=\"coltesto2\" style=\"width: 50%; height: 24px;\">Silent: s\u00ec<\/td>\n<\/tr>\n<tr style=\"height: 24px;\">\n<td class=\"coltesto2\" style=\"width: 50%; height: 24px;\">Quadro (prese): 1 indus. (32A) + 1 schuko (16A) + usb<\/td>\n<td class=\"coltesto2\" style=\"width: 50%; height: 24px;\">Rumorosit\u00e0: 62 dB<\/td>\n<\/tr>\n<tr style=\"height: 24px;\">\n<td class=\"coltesto2\" style=\"width: 50%; height: 24px;\">Dimensioni: 610 x 470 x 535 mm<\/td>\n<td class=\"coltesto2\" style=\"width: 50%; height: 24px;\">Carburante: benzina verde \/ Kit ruote: 2 ruote + maniglia estraibile<\/td>\n<\/tr>\n<\/tbody>\n<\/table>\n<p>[\/vc_column_text][\/vc_column][\/vc_row]<\/p>\n<\/div>","protected":false},"excerpt":{"rendered":"<p>[vc_row][vc_column text_align=&#8221;center&#8221; width=&#8221;1\/4&#8243;][vc_column_text] certificata CE[\/vc_column_text][\/vc_column][vc_column width=&#8221;3\/4&#8243;][vc_column_text]GENEMAX 5500 IS, grazie ad un sistema di controllo dei giri del motore in base alla potenza effettivamente utilizzata e quindi all\u2019assorbimento, permette un risparmio di benzina pari al 30% rispetto ai classici generatori. Completamente silenziato e dotato di carrello e maniglia estraibile\/retraibile per agevolarne il trasporto, \u00e8 in grado di emanare una potenza massima di 5 kW e possiede un motore monocilindrico a benzina a 4 tempi da 312 cc. Grazie alla tecnologia ad inverter, produce energia elettrica a frequenza e tensione costante, rendendosi ideale per apparecchiature elettroniche anche sofisticate. \u00c8 compatto e pesa solo 51,5 kg, con protezione da sovraccarico sia per AC che per DC e display con lampada pilota e indicatore di potenza. &nbsp; &nbsp; CARATTERISTICHE TECNICHE Motore (Max): 5,5 kW Avviamento: elettrico + strappo Generati (continuo): 5 kW Monofase: 230v Motore \/ Engine power: 312 CC Inverter \/ Avr: si Serbatoio: 13,5 litri Connessione parallela: s\u00ec Peso totale macchina: 51,5 kg Silent: s\u00ec Quadro (prese): 1 indus. (32A) + 1 schuko (16A) + usb Rumorosit\u00e0: 62 dB Dimensioni: 610 x 470 x 535 mm Carburante: benzina verde \/ Kit ruote: 2 ruote + maniglia estraibile [\/vc_column_text][\/vc_column][\/vc_row]<\/p>\n","protected":false},"author":29,"featured_media":44774,"parent":37251,"menu_order":3,"comment_status":"closed","ping_status":"closed","template":"","meta":{"ngg_post_thumbnail":0,"_joinchat":[],"footnotes":""},"class_list":["post-44795","page","type-page","status-publish","has-post-thumbnail","hentry"],"yoast_head":"<!-- This site is optimized with the Yoast SEO plugin v25.5 - https:\/\/yoast.com\/wordpress\/plugins\/seo\/ -->\n<title>Genemax 5500 IS - Maxima SpA<\/title>\n<meta name=\"description\" content=\"Generatore compatto ideale per elettrodomestici apparecchi sofisticati sensibili tecnologia ad inverter potenza 5,5 kW motore benzina 4 tempi\" \/>\n<meta name=\"robots\" content=\"index, follow, max-snippet:-1, max-image-preview:large, max-video-preview:-1\" \/>\n<link rel=\"canonical\" href=\"https:\/\/www.maxima-dia.com\/it\/generatori-di-corrente-gruppi-elettrogeni\/genemax-5500-is\/\" \/>\n<meta property=\"og:locale\" content=\"it_IT\" \/>\n<meta property=\"og:type\" content=\"article\" \/>\n<meta property=\"og:title\" content=\"Genemax 5500 IS - Maxima SpA\" \/>\n<meta property=\"og:description\" content=\"Generatore compatto ideale per elettrodomestici apparecchi sofisticati sensibili tecnologia ad inverter potenza 5,5 kW motore benzina 4 tempi\" \/>\n<meta property=\"og:url\" content=\"https:\/\/www.maxima-dia.com\/it\/generatori-di-corrente-gruppi-elettrogeni\/genemax-5500-is\/\" \/>\n<meta property=\"og:site_name\" content=\"Maxima SpA\" \/>\n<meta property=\"article:publisher\" content=\"https:\/\/www.facebook.com\/Maxima-spa-106098566139597\" \/>\n<meta property=\"article:modified_time\" content=\"2024-10-18T09:35:06+00:00\" \/>\n<meta property=\"og:image\" content=\"https:\/\/www.maxima-dia.com\/wp-content\/uploads\/2024\/10\/GENEMAX-5500IS_dx.jpg\" \/>\n\t<meta property=\"og:image:width\" content=\"1200\" \/>\n\t<meta property=\"og:image:height\" content=\"1200\" \/>\n\t<meta property=\"og:image:type\" content=\"image\/jpeg\" \/>\n<meta name=\"twitter:card\" content=\"summary_large_image\" \/>\n<meta name=\"twitter:site\" content=\"@Maximadia\" \/>\n<meta name=\"twitter:label1\" content=\"Tempo di lettura stimato\" \/>\n\t<meta name=\"twitter:data1\" content=\"3 minuti\" \/>\n<script type=\"application\/ld+json\" class=\"yoast-schema-graph\">{\"@context\":\"https:\/\/schema.org\",\"@graph\":[{\"@type\":\"WebPage\",\"@id\":\"https:\/\/www.maxima-dia.com\/it\/generatori-di-corrente-gruppi-elettrogeni\/genemax-5500-is\/\",\"url\":\"https:\/\/www.maxima-dia.com\/it\/generatori-di-corrente-gruppi-elettrogeni\/genemax-5500-is\/\",\"name\":\"Genemax 5500 IS - Maxima SpA\",\"isPartOf\":{\"@id\":\"https:\/\/www.maxima-dia.com\/it\/#website\"},\"primaryImageOfPage\":{\"@id\":\"https:\/\/www.maxima-dia.com\/it\/generatori-di-corrente-gruppi-elettrogeni\/genemax-5500-is\/#primaryimage\"},\"image\":{\"@id\":\"https:\/\/www.maxima-dia.com\/it\/generatori-di-corrente-gruppi-elettrogeni\/genemax-5500-is\/#primaryimage\"},\"thumbnailUrl\":\"https:\/\/www.maxima-dia.com\/wp-content\/uploads\/2024\/10\/GENEMAX-5500IS_dx.jpg\",\"datePublished\":\"2024-10-18T08:47:20+00:00\",\"dateModified\":\"2024-10-18T09:35:06+00:00\",\"description\":\"Generatore compatto ideale per elettrodomestici apparecchi sofisticati sensibili tecnologia ad inverter potenza 5,5 kW motore benzina 4 tempi\",\"breadcrumb\":{\"@id\":\"https:\/\/www.maxima-dia.com\/it\/generatori-di-corrente-gruppi-elettrogeni\/genemax-5500-is\/#breadcrumb\"},\"inLanguage\":\"it-IT\",\"potentialAction\":[{\"@type\":\"ReadAction\",\"target\":[\"https:\/\/www.maxima-dia.com\/it\/generatori-di-corrente-gruppi-elettrogeni\/genemax-5500-is\/\"]}]},{\"@type\":\"ImageObject\",\"inLanguage\":\"it-IT\",\"@id\":\"https:\/\/www.maxima-dia.com\/it\/generatori-di-corrente-gruppi-elettrogeni\/genemax-5500-is\/#primaryimage\",\"url\":\"https:\/\/www.maxima-dia.com\/wp-content\/uploads\/2024\/10\/GENEMAX-5500IS_dx.jpg\",\"contentUrl\":\"https:\/\/www.maxima-dia.com\/wp-content\/uploads\/2024\/10\/GENEMAX-5500IS_dx.jpg\",\"width\":1200,\"height\":1200},{\"@type\":\"BreadcrumbList\",\"@id\":\"https:\/\/www.maxima-dia.com\/it\/generatori-di-corrente-gruppi-elettrogeni\/genemax-5500-is\/#breadcrumb\",\"itemListElement\":[{\"@type\":\"ListItem\",\"position\":1,\"name\":\"Home\",\"item\":\"https:\/\/www.maxima-dia.com\/it\/\"},{\"@type\":\"ListItem\",\"position\":2,\"name\":\"Generatori di corrente Gruppi elettrogeni\",\"item\":\"https:\/\/www.maxima-dia.com\/it\/generatori-di-corrente-gruppi-elettrogeni\/\"},{\"@type\":\"ListItem\",\"position\":3,\"name\":\"Genemax 5500 IS\"}]},{\"@type\":\"WebSite\",\"@id\":\"https:\/\/www.maxima-dia.com\/it\/#website\",\"url\":\"https:\/\/www.maxima-dia.com\/it\/\",\"name\":\"Maxima SpA\",\"description\":\"Only for the real professionals\",\"potentialAction\":[{\"@type\":\"SearchAction\",\"target\":{\"@type\":\"EntryPoint\",\"urlTemplate\":\"https:\/\/www.maxima-dia.com\/it\/?s={search_term_string}\"},\"query-input\":{\"@type\":\"PropertyValueSpecification\",\"valueRequired\":true,\"valueName\":\"search_term_string\"}}],\"inLanguage\":\"it-IT\"}]}<\/script>\n<!-- \/ Yoast SEO plugin. -->","yoast_head_json":{"title":"Genemax 5500 IS - Maxima SpA","description":"Generatore compatto ideale per elettrodomestici apparecchi sofisticati sensibili tecnologia ad inverter potenza 5,5 kW motore benzina 4 tempi","robots":{"index":"index","follow":"follow","max-snippet":"max-snippet:-1","max-image-preview":"max-image-preview:large","max-video-preview":"max-video-preview:-1"},"canonical":"https:\/\/www.maxima-dia.com\/it\/generatori-di-corrente-gruppi-elettrogeni\/genemax-5500-is\/","og_locale":"it_IT","og_type":"article","og_title":"Genemax 5500 IS - Maxima SpA","og_description":"Generatore compatto ideale per elettrodomestici apparecchi sofisticati sensibili tecnologia ad inverter potenza 5,5 kW motore benzina 4 tempi","og_url":"https:\/\/www.maxima-dia.com\/it\/generatori-di-corrente-gruppi-elettrogeni\/genemax-5500-is\/","og_site_name":"Maxima SpA","article_publisher":"https:\/\/www.facebook.com\/Maxima-spa-106098566139597","article_modified_time":"2024-10-18T09:35:06+00:00","og_image":[{"width":1200,"height":1200,"url":"https:\/\/www.maxima-dia.com\/wp-content\/uploads\/2024\/10\/GENEMAX-5500IS_dx.jpg","type":"image\/jpeg"}],"twitter_card":"summary_large_image","twitter_site":"@Maximadia","twitter_misc":{"Tempo di lettura stimato":"3 minuti"},"schema":{"@context":"https:\/\/schema.org","@graph":[{"@type":"WebPage","@id":"https:\/\/www.maxima-dia.com\/it\/generatori-di-corrente-gruppi-elettrogeni\/genemax-5500-is\/","url":"https:\/\/www.maxima-dia.com\/it\/generatori-di-corrente-gruppi-elettrogeni\/genemax-5500-is\/","name":"Genemax 5500 IS - Maxima SpA","isPartOf":{"@id":"https:\/\/www.maxima-dia.com\/it\/#website"},"primaryImageOfPage":{"@id":"https:\/\/www.maxima-dia.com\/it\/generatori-di-corrente-gruppi-elettrogeni\/genemax-5500-is\/#primaryimage"},"image":{"@id":"https:\/\/www.maxima-dia.com\/it\/generatori-di-corrente-gruppi-elettrogeni\/genemax-5500-is\/#primaryimage"},"thumbnailUrl":"https:\/\/www.maxima-dia.com\/wp-content\/uploads\/2024\/10\/GENEMAX-5500IS_dx.jpg","datePublished":"2024-10-18T08:47:20+00:00","dateModified":"2024-10-18T09:35:06+00:00","description":"Generatore compatto ideale per elettrodomestici apparecchi sofisticati sensibili tecnologia ad inverter potenza 5,5 kW motore benzina 4 tempi","breadcrumb":{"@id":"https:\/\/www.maxima-dia.com\/it\/generatori-di-corrente-gruppi-elettrogeni\/genemax-5500-is\/#breadcrumb"},"inLanguage":"it-IT","potentialAction":[{"@type":"ReadAction","target":["https:\/\/www.maxima-dia.com\/it\/generatori-di-corrente-gruppi-elettrogeni\/genemax-5500-is\/"]}]},{"@type":"ImageObject","inLanguage":"it-IT","@id":"https:\/\/www.maxima-dia.com\/it\/generatori-di-corrente-gruppi-elettrogeni\/genemax-5500-is\/#primaryimage","url":"https:\/\/www.maxima-dia.com\/wp-content\/uploads\/2024\/10\/GENEMAX-5500IS_dx.jpg","contentUrl":"https:\/\/www.maxima-dia.com\/wp-content\/uploads\/2024\/10\/GENEMAX-5500IS_dx.jpg","width":1200,"height":1200},{"@type":"BreadcrumbList","@id":"https:\/\/www.maxima-dia.com\/it\/generatori-di-corrente-gruppi-elettrogeni\/genemax-5500-is\/#breadcrumb","itemListElement":[{"@type":"ListItem","position":1,"name":"Home","item":"https:\/\/www.maxima-dia.com\/it\/"},{"@type":"ListItem","position":2,"name":"Generatori di corrente Gruppi elettrogeni","item":"https:\/\/www.maxima-dia.com\/it\/generatori-di-corrente-gruppi-elettrogeni\/"},{"@type":"ListItem","position":3,"name":"Genemax 5500 IS"}]},{"@type":"WebSite","@id":"https:\/\/www.maxima-dia.com\/it\/#website","url":"https:\/\/www.maxima-dia.com\/it\/","name":"Maxima SpA","description":"Only for the real professionals","potentialAction":[{"@type":"SearchAction","target":{"@type":"EntryPoint","urlTemplate":"https:\/\/www.maxima-dia.com\/it\/?s={search_term_string}"},"query-input":{"@type":"PropertyValueSpecification","valueRequired":true,"valueName":"search_term_string"}}],"inLanguage":"it-IT"}]}},"_links":{"self":[{"href":"https:\/\/www.maxima-dia.com\/it\/wp-json\/wp\/v2\/pages\/44795"}],"collection":[{"href":"https:\/\/www.maxima-dia.com\/it\/wp-json\/wp\/v2\/pages"}],"about":[{"href":"https:\/\/www.maxima-dia.com\/it\/wp-json\/wp\/v2\/types\/page"}],"author":[{"embeddable":true,"href":"https:\/\/www.maxima-dia.com\/it\/wp-json\/wp\/v2\/users\/29"}],"replies":[{"embeddable":true,"href":"https:\/\/www.maxima-dia.com\/it\/wp-json\/wp\/v2\/comments?post=44795"}],"version-history":[{"count":2,"href":"https:\/\/www.maxima-dia.com\/it\/wp-json\/wp\/v2\/pages\/44795\/revisions"}],"predecessor-version":[{"id":44823,"href":"https:\/\/www.maxima-dia.com\/it\/wp-json\/wp\/v2\/pages\/44795\/revisions\/44823"}],"up":[{"embeddable":true,"href":"https:\/\/www.maxima-dia.com\/it\/wp-json\/wp\/v2\/pages\/37251"}],"wp:featuredmedia":[{"embeddable":true,"href":"https:\/\/www.maxima-dia.com\/it\/wp-json\/wp\/v2\/media\/44774"}],"wp:attachment":[{"href":"https:\/\/www.maxima-dia.com\/it\/wp-json\/wp\/v2\/media?parent=44795"}],"curies":[{"name":"wp","href":"https:\/\/api.w.org\/{rel}","templated":true}]}}