{"id":45273,"date":"2024-11-04T09:54:40","date_gmt":"2024-11-04T08:54:40","guid":{"rendered":"https:\/\/www.maxima-dia.com\/?page_id=45273"},"modified":"2024-11-04T10:12:31","modified_gmt":"2024-11-04T09:12:31","slug":"compactmax-80","status":"publish","type":"page","link":"https:\/\/www.maxima-dia.com\/it\/macchine-edili-compattazione\/compactmax-80\/","title":{"rendered":"Compactmax 80"},"content":{"rendered":"<div class=\"wpb-content-wrapper\"><p>[vc_row][vc_column text_align=&#8221;center&#8221; width=&#8221;1\/4&#8243;][vc_column_text]<a href=\"https:\/\/www.maxima-dia.com\/wp-content\/uploads\/2024\/11\/COMPACTMAX-80-cat03-18-01-2024.jpg\"><img loading=\"lazy\" decoding=\"async\" class=\"alignnone wp-image-45285 size-thumbnail\" src=\"https:\/\/www.maxima-dia.com\/wp-content\/uploads\/2024\/11\/COMPACTMAX-80-cat03-18-01-2024-150x150.jpg\" alt=\"\" width=\"150\" height=\"150\" srcset=\"https:\/\/www.maxima-dia.com\/wp-content\/uploads\/2024\/11\/COMPACTMAX-80-cat03-18-01-2024-150x150.jpg 150w, https:\/\/www.maxima-dia.com\/wp-content\/uploads\/2024\/11\/COMPACTMAX-80-cat03-18-01-2024-300x300.jpg 300w, https:\/\/www.maxima-dia.com\/wp-content\/uploads\/2024\/11\/COMPACTMAX-80-cat03-18-01-2024-1024x1024.jpg 1024w, https:\/\/www.maxima-dia.com\/wp-content\/uploads\/2024\/11\/COMPACTMAX-80-cat03-18-01-2024-768x768.jpg 768w, https:\/\/www.maxima-dia.com\/wp-content\/uploads\/2024\/11\/COMPACTMAX-80-cat03-18-01-2024-80x80.jpg 80w, https:\/\/www.maxima-dia.com\/wp-content\/uploads\/2024\/11\/COMPACTMAX-80-cat03-18-01-2024-500x500.jpg 500w, https:\/\/www.maxima-dia.com\/wp-content\/uploads\/2024\/11\/COMPACTMAX-80-cat03-18-01-2024-1000x1000.jpg 1000w, https:\/\/www.maxima-dia.com\/wp-content\/uploads\/2024\/11\/COMPACTMAX-80-cat03-18-01-2024.jpg 1500w\" sizes=\"(max-width: 150px) 100vw, 150px\" \/><\/a><\/p>\n<p>made in EU&nbsp;<img loading=\"lazy\" decoding=\"async\" src=\"\/wp-content\/uploads\/2013\/11\/eu.png\" alt=\"eu\" width=\"24\" height=\"16\"> &#8211; certificata <span style=\"font-family: arial,helvetica,sans-serif;\">CE<\/span>[\/vc_column_text][\/vc_column][vc_column width=&#8221;3\/4&#8243;][vc_column_text]L\u2019argilla ed il limo sono i tipi di terreno pi\u00f9 duri e per lavorarli sono necessarie forza e velocit\u00e0 di compattazione. Il COMPACTMAX 80 \u00e8 la scelta ottimale su terreni simili, grazie al potente motore Honda GXR120 di cui \u00e8 equipaggiato. Maneggevole e facile da utilizzare, garantisce un risultato eccellente, combinando forza e velocit\u00e0.<\/p>\n<table class=\"tabellafotocarotaggio\" style=\"width: 100%;\">\n<tbody>\n<tr>\n<td style=\"width: 50%; text-align: center;\"><a href=\"https:\/\/www.maxima-dia.com\/wp-content\/uploads\/2024\/11\/COMPACTMAX-80-cat04-18-01-2024.jpg\"><img loading=\"lazy\" decoding=\"async\" class=\"alignnone wp-image-45291 size-thumbnail\" src=\"https:\/\/www.maxima-dia.com\/wp-content\/uploads\/2024\/11\/COMPACTMAX-80-cat04-18-01-2024-150x150.jpg\" alt=\"\" width=\"150\" height=\"150\" srcset=\"https:\/\/www.maxima-dia.com\/wp-content\/uploads\/2024\/11\/COMPACTMAX-80-cat04-18-01-2024-150x150.jpg 150w, https:\/\/www.maxima-dia.com\/wp-content\/uploads\/2024\/11\/COMPACTMAX-80-cat04-18-01-2024-300x300.jpg 300w, https:\/\/www.maxima-dia.com\/wp-content\/uploads\/2024\/11\/COMPACTMAX-80-cat04-18-01-2024-1024x1024.jpg 1024w, https:\/\/www.maxima-dia.com\/wp-content\/uploads\/2024\/11\/COMPACTMAX-80-cat04-18-01-2024-768x768.jpg 768w, https:\/\/www.maxima-dia.com\/wp-content\/uploads\/2024\/11\/COMPACTMAX-80-cat04-18-01-2024-80x80.jpg 80w, https:\/\/www.maxima-dia.com\/wp-content\/uploads\/2024\/11\/COMPACTMAX-80-cat04-18-01-2024-500x500.jpg 500w, https:\/\/www.maxima-dia.com\/wp-content\/uploads\/2024\/11\/COMPACTMAX-80-cat04-18-01-2024-1000x1000.jpg 1000w, https:\/\/www.maxima-dia.com\/wp-content\/uploads\/2024\/11\/COMPACTMAX-80-cat04-18-01-2024.jpg 1500w\" sizes=\"(max-width: 150px) 100vw, 150px\" \/><\/a><\/td>\n<td style=\"width: 50%; text-align: center;\"><a href=\"https:\/\/www.maxima-dia.com\/wp-content\/uploads\/2024\/11\/COMPACTMAX-80-cat02-18-01-2024.jpg\"><img loading=\"lazy\" decoding=\"async\" class=\"alignnone wp-image-45279 size-thumbnail\" src=\"https:\/\/www.maxima-dia.com\/wp-content\/uploads\/2024\/11\/COMPACTMAX-80-cat02-18-01-2024-150x150.jpg\" alt=\"\" width=\"150\" height=\"150\" srcset=\"https:\/\/www.maxima-dia.com\/wp-content\/uploads\/2024\/11\/COMPACTMAX-80-cat02-18-01-2024-150x150.jpg 150w, https:\/\/www.maxima-dia.com\/wp-content\/uploads\/2024\/11\/COMPACTMAX-80-cat02-18-01-2024-300x300.jpg 300w, https:\/\/www.maxima-dia.com\/wp-content\/uploads\/2024\/11\/COMPACTMAX-80-cat02-18-01-2024-1024x1024.jpg 1024w, https:\/\/www.maxima-dia.com\/wp-content\/uploads\/2024\/11\/COMPACTMAX-80-cat02-18-01-2024-768x768.jpg 768w, https:\/\/www.maxima-dia.com\/wp-content\/uploads\/2024\/11\/COMPACTMAX-80-cat02-18-01-2024-80x80.jpg 80w, https:\/\/www.maxima-dia.com\/wp-content\/uploads\/2024\/11\/COMPACTMAX-80-cat02-18-01-2024-500x500.jpg 500w, https:\/\/www.maxima-dia.com\/wp-content\/uploads\/2024\/11\/COMPACTMAX-80-cat02-18-01-2024-1000x1000.jpg 1000w, https:\/\/www.maxima-dia.com\/wp-content\/uploads\/2024\/11\/COMPACTMAX-80-cat02-18-01-2024.jpg 1500w\" sizes=\"(max-width: 150px) 100vw, 150px\" \/><\/a><\/td>\n<\/tr>\n<\/tbody>\n<\/table>\n<p style=\"text-align: justify;\">&nbsp;<\/p>\n<table class=\"tabellatecnica\" style=\"width: 100%;\" border=\"0\" cellspacing=\"0\" cellpadding=\"0\">\n<thead>\n<tr>\n<td class=\"testata\" colspan=\"2\">CARATTERISTICHE TECNICHE<\/td>\n<\/tr>\n<\/thead>\n<tbody>\n<tr>\n<td class=\"coltesto1\" style=\"width: 50%;\">Forza Centrifuga kN 13,8<\/td>\n<td class=\"coltesto2\" style=\"width: 50%;\">Colpi al minuto 600\/700<\/td>\n<\/tr>\n<tr>\n<td class=\"coltesto1\" style=\"width: 50%;\">Corsa mm 40\/85&nbsp;<\/td>\n<td class=\"coltesto2\" style=\"width: 50%;\">Velocit\u00e0 di avanzamento m 15\/20&nbsp;<\/td>\n<\/tr>\n<tr>\n<td class=\"coltesto1\" style=\"width: 50%;\">Profondit\u00e0 di compattazione m 0,50\/0,70&nbsp;<\/td>\n<td class=\"coltesto2\" style=\"width: 50%;\">Livello di emissione sonora dB 108&nbsp;<\/td>\n<\/tr>\n<tr>\n<td class=\"coltesto2\" style=\"width: 50%;\">Motore&nbsp;benzina HONDA GXR120 &#8211; 2,6 kW &#8211; 3,5 HP<\/td>\n<td class=\"coltesto2\" style=\"width: 50%;\">Dimensioni (LxLxH) mm 630 x 500 x 1100<\/td>\n<\/tr>\n<tr>\n<td class=\"coltesto2\" style=\"width: 50%;\">&nbsp;<\/td>\n<td class=\"coltesto2\" style=\"width: 50%;\">Peso 74 Kg<\/td>\n<\/tr>\n<\/tbody>\n<\/table>\n<p>[\/vc_column_text][\/vc_column][\/vc_row]<\/p>\n<\/div>","protected":false},"excerpt":{"rendered":"<p>[vc_row][vc_column text_align=&#8221;center&#8221; width=&#8221;1\/4&#8243;][vc_column_text] made in EU&nbsp; &#8211; certificata CE[\/vc_column_text][\/vc_column][vc_column width=&#8221;3\/4&#8243;][vc_column_text]L\u2019argilla ed il limo sono i tipi di terreno pi\u00f9 duri e per lavorarli sono necessarie forza e velocit\u00e0 di compattazione. Il COMPACTMAX 80 \u00e8 la scelta ottimale su terreni simili, grazie al potente motore Honda GXR120 di cui \u00e8 equipaggiato. Maneggevole e facile da utilizzare, garantisce un risultato eccellente, combinando forza e velocit\u00e0. &nbsp; CARATTERISTICHE TECNICHE Forza Centrifuga kN 13,8 Colpi al minuto 600\/700 Corsa mm 40\/85&nbsp; Velocit\u00e0 di avanzamento m 15\/20&nbsp; Profondit\u00e0 di compattazione m 0,50\/0,70&nbsp; Livello di emissione sonora dB 108&nbsp; Motore&nbsp;benzina HONDA GXR120 &#8211; 2,6 kW &#8211; 3,5 HP Dimensioni (LxLxH) mm 630 x 500 x 1100 &nbsp; Peso 74 Kg [\/vc_column_text][\/vc_column][\/vc_row]<\/p>\n","protected":false},"author":29,"featured_media":45285,"parent":33185,"menu_order":0,"comment_status":"closed","ping_status":"closed","template":"","meta":{"ngg_post_thumbnail":0,"_joinchat":[],"footnotes":""},"class_list":["post-45273","page","type-page","status-publish","has-post-thumbnail","hentry"],"yoast_head":"<!-- This site is optimized with the Yoast SEO plugin v25.5 - https:\/\/yoast.com\/wordpress\/plugins\/seo\/ -->\n<title>Compactmax 80 - Maxima SpA<\/title>\n<meta name=\"description\" content=\"COMPACTMAX 80 scelta ottimale su argilla limo potente motore Honda GXR120 maneggevole e facile da utilizzare garantisce risultato eccellente\" \/>\n<meta name=\"robots\" content=\"index, follow, max-snippet:-1, max-image-preview:large, max-video-preview:-1\" \/>\n<link rel=\"canonical\" href=\"https:\/\/www.maxima-dia.com\/it\/macchine-edili-compattazione\/compactmax-80\/\" \/>\n<meta property=\"og:locale\" content=\"it_IT\" \/>\n<meta property=\"og:type\" content=\"article\" \/>\n<meta property=\"og:title\" content=\"Compactmax 80 - Maxima SpA\" \/>\n<meta property=\"og:description\" content=\"COMPACTMAX 80 scelta ottimale su argilla limo potente motore Honda GXR120 maneggevole e facile da utilizzare garantisce risultato eccellente\" \/>\n<meta property=\"og:url\" content=\"https:\/\/www.maxima-dia.com\/it\/macchine-edili-compattazione\/compactmax-80\/\" \/>\n<meta property=\"og:site_name\" content=\"Maxima SpA\" \/>\n<meta property=\"article:publisher\" content=\"https:\/\/www.facebook.com\/Maxima-spa-106098566139597\" \/>\n<meta property=\"article:modified_time\" content=\"2024-11-04T09:12:31+00:00\" \/>\n<meta property=\"og:image\" content=\"https:\/\/www.maxima-dia.com\/wp-content\/uploads\/2024\/11\/COMPACTMAX-80-cat03-18-01-2024.jpg\" \/>\n\t<meta property=\"og:image:width\" content=\"1500\" \/>\n\t<meta property=\"og:image:height\" content=\"1500\" \/>\n\t<meta property=\"og:image:type\" content=\"image\/jpeg\" \/>\n<meta name=\"twitter:card\" content=\"summary_large_image\" \/>\n<meta name=\"twitter:site\" content=\"@Maximadia\" \/>\n<meta name=\"twitter:label1\" content=\"Tempo di lettura stimato\" \/>\n\t<meta name=\"twitter:data1\" content=\"2 minuti\" \/>\n<script type=\"application\/ld+json\" class=\"yoast-schema-graph\">{\"@context\":\"https:\/\/schema.org\",\"@graph\":[{\"@type\":\"WebPage\",\"@id\":\"https:\/\/www.maxima-dia.com\/it\/macchine-edili-compattazione\/compactmax-80\/\",\"url\":\"https:\/\/www.maxima-dia.com\/it\/macchine-edili-compattazione\/compactmax-80\/\",\"name\":\"Compactmax 80 - Maxima SpA\",\"isPartOf\":{\"@id\":\"https:\/\/www.maxima-dia.com\/it\/#website\"},\"primaryImageOfPage\":{\"@id\":\"https:\/\/www.maxima-dia.com\/it\/macchine-edili-compattazione\/compactmax-80\/#primaryimage\"},\"image\":{\"@id\":\"https:\/\/www.maxima-dia.com\/it\/macchine-edili-compattazione\/compactmax-80\/#primaryimage\"},\"thumbnailUrl\":\"https:\/\/www.maxima-dia.com\/wp-content\/uploads\/2024\/11\/COMPACTMAX-80-cat03-18-01-2024.jpg\",\"datePublished\":\"2024-11-04T08:54:40+00:00\",\"dateModified\":\"2024-11-04T09:12:31+00:00\",\"description\":\"COMPACTMAX 80 scelta ottimale su argilla limo potente motore Honda GXR120 maneggevole e facile da utilizzare garantisce risultato eccellente\",\"breadcrumb\":{\"@id\":\"https:\/\/www.maxima-dia.com\/it\/macchine-edili-compattazione\/compactmax-80\/#breadcrumb\"},\"inLanguage\":\"it-IT\",\"potentialAction\":[{\"@type\":\"ReadAction\",\"target\":[\"https:\/\/www.maxima-dia.com\/it\/macchine-edili-compattazione\/compactmax-80\/\"]}]},{\"@type\":\"ImageObject\",\"inLanguage\":\"it-IT\",\"@id\":\"https:\/\/www.maxima-dia.com\/it\/macchine-edili-compattazione\/compactmax-80\/#primaryimage\",\"url\":\"https:\/\/www.maxima-dia.com\/wp-content\/uploads\/2024\/11\/COMPACTMAX-80-cat03-18-01-2024.jpg\",\"contentUrl\":\"https:\/\/www.maxima-dia.com\/wp-content\/uploads\/2024\/11\/COMPACTMAX-80-cat03-18-01-2024.jpg\",\"width\":1500,\"height\":1500},{\"@type\":\"BreadcrumbList\",\"@id\":\"https:\/\/www.maxima-dia.com\/it\/macchine-edili-compattazione\/compactmax-80\/#breadcrumb\",\"itemListElement\":[{\"@type\":\"ListItem\",\"position\":1,\"name\":\"Home\",\"item\":\"https:\/\/www.maxima-dia.com\/it\/\"},{\"@type\":\"ListItem\",\"position\":2,\"name\":\"Macchine Edili Compattazione\",\"item\":\"https:\/\/www.maxima-dia.com\/it\/macchine-edili-compattazione\/\"},{\"@type\":\"ListItem\",\"position\":3,\"name\":\"Compactmax 80\"}]},{\"@type\":\"WebSite\",\"@id\":\"https:\/\/www.maxima-dia.com\/it\/#website\",\"url\":\"https:\/\/www.maxima-dia.com\/it\/\",\"name\":\"Maxima SpA\",\"description\":\"Only for the real professionals\",\"potentialAction\":[{\"@type\":\"SearchAction\",\"target\":{\"@type\":\"EntryPoint\",\"urlTemplate\":\"https:\/\/www.maxima-dia.com\/it\/?s={search_term_string}\"},\"query-input\":{\"@type\":\"PropertyValueSpecification\",\"valueRequired\":true,\"valueName\":\"search_term_string\"}}],\"inLanguage\":\"it-IT\"}]}<\/script>\n<!-- \/ Yoast SEO plugin. -->","yoast_head_json":{"title":"Compactmax 80 - Maxima SpA","description":"COMPACTMAX 80 scelta ottimale su argilla limo potente motore Honda GXR120 maneggevole e facile da utilizzare garantisce risultato eccellente","robots":{"index":"index","follow":"follow","max-snippet":"max-snippet:-1","max-image-preview":"max-image-preview:large","max-video-preview":"max-video-preview:-1"},"canonical":"https:\/\/www.maxima-dia.com\/it\/macchine-edili-compattazione\/compactmax-80\/","og_locale":"it_IT","og_type":"article","og_title":"Compactmax 80 - Maxima SpA","og_description":"COMPACTMAX 80 scelta ottimale su argilla limo potente motore Honda GXR120 maneggevole e facile da utilizzare garantisce risultato eccellente","og_url":"https:\/\/www.maxima-dia.com\/it\/macchine-edili-compattazione\/compactmax-80\/","og_site_name":"Maxima SpA","article_publisher":"https:\/\/www.facebook.com\/Maxima-spa-106098566139597","article_modified_time":"2024-11-04T09:12:31+00:00","og_image":[{"width":1500,"height":1500,"url":"https:\/\/www.maxima-dia.com\/wp-content\/uploads\/2024\/11\/COMPACTMAX-80-cat03-18-01-2024.jpg","type":"image\/jpeg"}],"twitter_card":"summary_large_image","twitter_site":"@Maximadia","twitter_misc":{"Tempo di lettura stimato":"2 minuti"},"schema":{"@context":"https:\/\/schema.org","@graph":[{"@type":"WebPage","@id":"https:\/\/www.maxima-dia.com\/it\/macchine-edili-compattazione\/compactmax-80\/","url":"https:\/\/www.maxima-dia.com\/it\/macchine-edili-compattazione\/compactmax-80\/","name":"Compactmax 80 - Maxima SpA","isPartOf":{"@id":"https:\/\/www.maxima-dia.com\/it\/#website"},"primaryImageOfPage":{"@id":"https:\/\/www.maxima-dia.com\/it\/macchine-edili-compattazione\/compactmax-80\/#primaryimage"},"image":{"@id":"https:\/\/www.maxima-dia.com\/it\/macchine-edili-compattazione\/compactmax-80\/#primaryimage"},"thumbnailUrl":"https:\/\/www.maxima-dia.com\/wp-content\/uploads\/2024\/11\/COMPACTMAX-80-cat03-18-01-2024.jpg","datePublished":"2024-11-04T08:54:40+00:00","dateModified":"2024-11-04T09:12:31+00:00","description":"COMPACTMAX 80 scelta ottimale su argilla limo potente motore Honda GXR120 maneggevole e facile da utilizzare garantisce risultato eccellente","breadcrumb":{"@id":"https:\/\/www.maxima-dia.com\/it\/macchine-edili-compattazione\/compactmax-80\/#breadcrumb"},"inLanguage":"it-IT","potentialAction":[{"@type":"ReadAction","target":["https:\/\/www.maxima-dia.com\/it\/macchine-edili-compattazione\/compactmax-80\/"]}]},{"@type":"ImageObject","inLanguage":"it-IT","@id":"https:\/\/www.maxima-dia.com\/it\/macchine-edili-compattazione\/compactmax-80\/#primaryimage","url":"https:\/\/www.maxima-dia.com\/wp-content\/uploads\/2024\/11\/COMPACTMAX-80-cat03-18-01-2024.jpg","contentUrl":"https:\/\/www.maxima-dia.com\/wp-content\/uploads\/2024\/11\/COMPACTMAX-80-cat03-18-01-2024.jpg","width":1500,"height":1500},{"@type":"BreadcrumbList","@id":"https:\/\/www.maxima-dia.com\/it\/macchine-edili-compattazione\/compactmax-80\/#breadcrumb","itemListElement":[{"@type":"ListItem","position":1,"name":"Home","item":"https:\/\/www.maxima-dia.com\/it\/"},{"@type":"ListItem","position":2,"name":"Macchine Edili Compattazione","item":"https:\/\/www.maxima-dia.com\/it\/macchine-edili-compattazione\/"},{"@type":"ListItem","position":3,"name":"Compactmax 80"}]},{"@type":"WebSite","@id":"https:\/\/www.maxima-dia.com\/it\/#website","url":"https:\/\/www.maxima-dia.com\/it\/","name":"Maxima SpA","description":"Only for the real professionals","potentialAction":[{"@type":"SearchAction","target":{"@type":"EntryPoint","urlTemplate":"https:\/\/www.maxima-dia.com\/it\/?s={search_term_string}"},"query-input":{"@type":"PropertyValueSpecification","valueRequired":true,"valueName":"search_term_string"}}],"inLanguage":"it-IT"}]}},"_links":{"self":[{"href":"https:\/\/www.maxima-dia.com\/it\/wp-json\/wp\/v2\/pages\/45273"}],"collection":[{"href":"https:\/\/www.maxima-dia.com\/it\/wp-json\/wp\/v2\/pages"}],"about":[{"href":"https:\/\/www.maxima-dia.com\/it\/wp-json\/wp\/v2\/types\/page"}],"author":[{"embeddable":true,"href":"https:\/\/www.maxima-dia.com\/it\/wp-json\/wp\/v2\/users\/29"}],"replies":[{"embeddable":true,"href":"https:\/\/www.maxima-dia.com\/it\/wp-json\/wp\/v2\/comments?post=45273"}],"version-history":[{"count":6,"href":"https:\/\/www.maxima-dia.com\/it\/wp-json\/wp\/v2\/pages\/45273\/revisions"}],"predecessor-version":[{"id":45303,"href":"https:\/\/www.maxima-dia.com\/it\/wp-json\/wp\/v2\/pages\/45273\/revisions\/45303"}],"up":[{"embeddable":true,"href":"https:\/\/www.maxima-dia.com\/it\/wp-json\/wp\/v2\/pages\/33185"}],"wp:featuredmedia":[{"embeddable":true,"href":"https:\/\/www.maxima-dia.com\/it\/wp-json\/wp\/v2\/media\/45285"}],"wp:attachment":[{"href":"https:\/\/www.maxima-dia.com\/it\/wp-json\/wp\/v2\/media?parent=45273"}],"curies":[{"name":"wp","href":"https:\/\/api.w.org\/{rel}","templated":true}]}}