{"id":45340,"date":"2024-11-04T10:53:50","date_gmt":"2024-11-04T09:53:50","guid":{"rendered":"https:\/\/www.maxima-dia.com\/?page_id=45340"},"modified":"2025-07-21T15:23:03","modified_gmt":"2025-07-21T13:23:03","slug":"caromax-200-asp","status":"publish","type":"page","link":"https:\/\/www.maxima-dia.com\/it\/macchine-edili-carotaggio\/caromax-200-asp\/","title":{"rendered":"Caromax 200 ASP"},"content":{"rendered":"<div class=\"wpb-content-wrapper\"><p>[vc_row][vc_column text_align=&#8221;center&#8221; width=&#8221;1\/4&#8243;][vc_column_text]<a href=\"https:\/\/www.maxima-dia.com\/wp-content\/uploads\/2021\/08\/CAROMAX200.jpg\"><img loading=\"lazy\" decoding=\"async\" class=\"alignnone wp-image-29986 size-thumbnail\" src=\"https:\/\/www.maxima-dia.com\/wp-content\/uploads\/2021\/08\/CAROMAX200-150x150.jpg\" alt=\"\" width=\"150\" height=\"150\" srcset=\"https:\/\/www.maxima-dia.com\/wp-content\/uploads\/2021\/08\/CAROMAX200-150x150.jpg 150w, https:\/\/www.maxima-dia.com\/wp-content\/uploads\/2021\/08\/CAROMAX200-300x300.jpg 300w, https:\/\/www.maxima-dia.com\/wp-content\/uploads\/2021\/08\/CAROMAX200-1024x1024.jpg 1024w, https:\/\/www.maxima-dia.com\/wp-content\/uploads\/2021\/08\/CAROMAX200-768x768.jpg 768w, https:\/\/www.maxima-dia.com\/wp-content\/uploads\/2021\/08\/CAROMAX200-1536x1536.jpg 1536w, https:\/\/www.maxima-dia.com\/wp-content\/uploads\/2021\/08\/CAROMAX200-80x80.jpg 80w, https:\/\/www.maxima-dia.com\/wp-content\/uploads\/2021\/08\/CAROMAX200-500x500.jpg 500w, https:\/\/www.maxima-dia.com\/wp-content\/uploads\/2021\/08\/CAROMAX200-1000x1000.jpg 1000w, https:\/\/www.maxima-dia.com\/wp-content\/uploads\/2021\/08\/CAROMAX200.jpg 1700w\" sizes=\"(max-width: 150px) 100vw, 150px\" \/><\/a><\/p>\n<p>made in EU&nbsp;<img loading=\"lazy\" decoding=\"async\" src=\"\/wp-content\/uploads\/2013\/11\/eu.png\" alt=\"eu\" width=\"24\" height=\"16\"> &#8211; certificata <span style=\"font-family: arial,helvetica,sans-serif;\">CE<\/span>[\/vc_column_text][\/vc_column][vc_column width=&#8221;3\/4&#8243;][vc_column_text]<strong>CAROMAX 200 ASP<\/strong>, ottenuta dal montaggio di <a href=\"https:\/\/www.maxima-dia.com\/it\/macchine-edili-carotaggio\/caromax-2000-asp\/\">CAROMAX 2000ASP<\/a> sulla colonna COLONNA 200, \u00e8 un sistema di carotaggio con aspirazione fino al diametro 205 mm, manualmente, e fino al diametro 250 mm su colonna. Si distingue per la sua versatilit\u00e0 grazie al favorevole rapporto peso\/potenza e per la possibilit\u00e0 di essere fissata sia tramite l\u2019apposito tassello in dotazione sia attraverso fissaggio sottovuoto per il quale \u00e8 gi\u00e0 predisposta. \u00c8 possibile effettuare carotaggi inclinati di 45\u00b0. La base in acciaio di dimensioni ridotte permette di posizionarla sempre agilmente. <a href=\"https:\/\/www.maxima-dia.com\/it\/macchine-edili-carotaggio\/caromax-2000-asp\/\">CAROMAX 2000ASP<\/a> \u00e8 la carotatrice a secco pi\u00f9 potente della gamma Maxima, ideale per perforazioni di fori passanti in calcestruzzo, muratura e pietra, aperture di ventilazione, perforazioni continue di fori passanti in impianti idraulici e di climatizzazione e tutti i casi in cui si opera in aree sensibili in cui non \u00e8 consentito, o opportuno, l\u2019uso dell\u2019acqua, grazie all\u2019efficiente sistema di aspirazione delle polveri di cui \u00e8 dotata. Il connubio con la COLONNA 200 permette di sfruttarne a pieno le performance arrivando fino ai diametri 225 mm e 250 mm.<\/p>\n<table class=\"tabellafotocarotaggio\" style=\"width: 100%;\">\n<tbody>\n<tr>\n<td style=\"text-align: center; width: 33%;\"><a href=\"https:\/\/www.maxima-dia.com\/wp-content\/uploads\/2024\/11\/CAROMAX200-CAROMAX-2000-ASP-COLONNA-200-01-02-2024-_DSC0118.jpg\"><img loading=\"lazy\" decoding=\"async\" class=\"alignnone wp-image-45352 size-thumbnail\" src=\"https:\/\/www.maxima-dia.com\/wp-content\/uploads\/2024\/11\/CAROMAX200-CAROMAX-2000-ASP-COLONNA-200-01-02-2024-_DSC0118-150x150.jpg\" alt=\"\" width=\"150\" height=\"150\" srcset=\"https:\/\/www.maxima-dia.com\/wp-content\/uploads\/2024\/11\/CAROMAX200-CAROMAX-2000-ASP-COLONNA-200-01-02-2024-_DSC0118-150x150.jpg 150w, https:\/\/www.maxima-dia.com\/wp-content\/uploads\/2024\/11\/CAROMAX200-CAROMAX-2000-ASP-COLONNA-200-01-02-2024-_DSC0118-300x300.jpg 300w, https:\/\/www.maxima-dia.com\/wp-content\/uploads\/2024\/11\/CAROMAX200-CAROMAX-2000-ASP-COLONNA-200-01-02-2024-_DSC0118-1024x1024.jpg 1024w, https:\/\/www.maxima-dia.com\/wp-content\/uploads\/2024\/11\/CAROMAX200-CAROMAX-2000-ASP-COLONNA-200-01-02-2024-_DSC0118-768x768.jpg 768w, https:\/\/www.maxima-dia.com\/wp-content\/uploads\/2024\/11\/CAROMAX200-CAROMAX-2000-ASP-COLONNA-200-01-02-2024-_DSC0118-80x80.jpg 80w, https:\/\/www.maxima-dia.com\/wp-content\/uploads\/2024\/11\/CAROMAX200-CAROMAX-2000-ASP-COLONNA-200-01-02-2024-_DSC0118-500x500.jpg 500w, https:\/\/www.maxima-dia.com\/wp-content\/uploads\/2024\/11\/CAROMAX200-CAROMAX-2000-ASP-COLONNA-200-01-02-2024-_DSC0118-1000x1000.jpg 1000w, https:\/\/www.maxima-dia.com\/wp-content\/uploads\/2024\/11\/CAROMAX200-CAROMAX-2000-ASP-COLONNA-200-01-02-2024-_DSC0118.jpg 1500w\" sizes=\"(max-width: 150px) 100vw, 150px\" \/><\/a><\/td>\n<td style=\"text-align: center; width: 33%;\"><a href=\"https:\/\/www.maxima-dia.com\/wp-content\/uploads\/2024\/11\/CAROMAX200-part-CUSCINETTI-03.jpg\"><img loading=\"lazy\" decoding=\"async\" class=\"alignnone size-thumbnail wp-image-45364\" src=\"https:\/\/www.maxima-dia.com\/wp-content\/uploads\/2024\/11\/CAROMAX200-part-CUSCINETTI-03-150x150.jpg\" alt=\"\" width=\"150\" height=\"150\" srcset=\"https:\/\/www.maxima-dia.com\/wp-content\/uploads\/2024\/11\/CAROMAX200-part-CUSCINETTI-03-150x150.jpg 150w, https:\/\/www.maxima-dia.com\/wp-content\/uploads\/2024\/11\/CAROMAX200-part-CUSCINETTI-03-300x300.jpg 300w, https:\/\/www.maxima-dia.com\/wp-content\/uploads\/2024\/11\/CAROMAX200-part-CUSCINETTI-03-1024x1024.jpg 1024w, https:\/\/www.maxima-dia.com\/wp-content\/uploads\/2024\/11\/CAROMAX200-part-CUSCINETTI-03-768x768.jpg 768w, https:\/\/www.maxima-dia.com\/wp-content\/uploads\/2024\/11\/CAROMAX200-part-CUSCINETTI-03-80x80.jpg 80w, https:\/\/www.maxima-dia.com\/wp-content\/uploads\/2024\/11\/CAROMAX200-part-CUSCINETTI-03-500x500.jpg 500w, https:\/\/www.maxima-dia.com\/wp-content\/uploads\/2024\/11\/CAROMAX200-part-CUSCINETTI-03-1000x1000.jpg 1000w, https:\/\/www.maxima-dia.com\/wp-content\/uploads\/2024\/11\/CAROMAX200-part-CUSCINETTI-03.jpg 1500w\" sizes=\"(max-width: 150px) 100vw, 150px\" \/><\/a><\/td>\n<td style=\"text-align: center; width: 33%;\"><a href=\"https:\/\/www.maxima-dia.com\/wp-content\/uploads\/2024\/11\/CAROMAX200-maniglia-nuova.jpg\"><img loading=\"lazy\" decoding=\"async\" class=\"alignnone size-thumbnail wp-image-45358\" src=\"https:\/\/www.maxima-dia.com\/wp-content\/uploads\/2024\/11\/CAROMAX200-maniglia-nuova-150x150.jpg\" alt=\"\" width=\"150\" height=\"150\" srcset=\"https:\/\/www.maxima-dia.com\/wp-content\/uploads\/2024\/11\/CAROMAX200-maniglia-nuova-150x150.jpg 150w, https:\/\/www.maxima-dia.com\/wp-content\/uploads\/2024\/11\/CAROMAX200-maniglia-nuova-300x300.jpg 300w, https:\/\/www.maxima-dia.com\/wp-content\/uploads\/2024\/11\/CAROMAX200-maniglia-nuova-1024x1024.jpg 1024w, https:\/\/www.maxima-dia.com\/wp-content\/uploads\/2024\/11\/CAROMAX200-maniglia-nuova-768x768.jpg 768w, https:\/\/www.maxima-dia.com\/wp-content\/uploads\/2024\/11\/CAROMAX200-maniglia-nuova-80x80.jpg 80w, https:\/\/www.maxima-dia.com\/wp-content\/uploads\/2024\/11\/CAROMAX200-maniglia-nuova-500x500.jpg 500w, https:\/\/www.maxima-dia.com\/wp-content\/uploads\/2024\/11\/CAROMAX200-maniglia-nuova-1000x1000.jpg 1000w, https:\/\/www.maxima-dia.com\/wp-content\/uploads\/2024\/11\/CAROMAX200-maniglia-nuova.jpg 1500w\" sizes=\"(max-width: 150px) 100vw, 150px\" \/><\/a><\/td>\n<\/tr>\n<tr>\n<td style=\"text-align: center; width: 33%;\">&nbsp;<\/td>\n<td style=\"text-align: center; width: 33%;\">Scorrimento su cuscinetti schermati<\/td>\n<td style=\"text-align: center; width: 33%;\">Argano \/ Chiave inglese<\/td>\n<\/tr>\n<tr>\n<td style=\"text-align: center; width: 33%;\">&nbsp;<\/td>\n<td style=\"text-align: center; width: 33%;\">&nbsp;<\/td>\n<td style=\"text-align: center; width: 33%;\">&nbsp;<\/td>\n<\/tr>\n<tr>\n<td style=\"text-align: center; width: 33%;\"><a href=\"https:\/\/www.maxima-dia.com\/wp-content\/uploads\/2024\/11\/CAROMAX200_001.jpg\"><img loading=\"lazy\" decoding=\"async\" class=\"alignnone size-thumbnail wp-image-45370\" src=\"https:\/\/www.maxima-dia.com\/wp-content\/uploads\/2024\/11\/CAROMAX200_001-150x150.jpg\" alt=\"\" width=\"150\" height=\"150\" srcset=\"https:\/\/www.maxima-dia.com\/wp-content\/uploads\/2024\/11\/CAROMAX200_001-150x150.jpg 150w, https:\/\/www.maxima-dia.com\/wp-content\/uploads\/2024\/11\/CAROMAX200_001-300x300.jpg 300w, https:\/\/www.maxima-dia.com\/wp-content\/uploads\/2024\/11\/CAROMAX200_001-1024x1024.jpg 1024w, https:\/\/www.maxima-dia.com\/wp-content\/uploads\/2024\/11\/CAROMAX200_001-768x768.jpg 768w, https:\/\/www.maxima-dia.com\/wp-content\/uploads\/2024\/11\/CAROMAX200_001-80x80.jpg 80w, https:\/\/www.maxima-dia.com\/wp-content\/uploads\/2024\/11\/CAROMAX200_001-500x500.jpg 500w, https:\/\/www.maxima-dia.com\/wp-content\/uploads\/2024\/11\/CAROMAX200_001-1000x1000.jpg 1000w, https:\/\/www.maxima-dia.com\/wp-content\/uploads\/2024\/11\/CAROMAX200_001.jpg 1500w\" sizes=\"(max-width: 150px) 100vw, 150px\" \/><\/a><\/td>\n<td style=\"text-align: center; width: 33%;\"><a href=\"https:\/\/www.maxima-dia.com\/wp-content\/uploads\/2024\/11\/CAROMAX200_indicatore-inclinazione.jpg\"><img loading=\"lazy\" decoding=\"async\" class=\"alignnone size-thumbnail wp-image-45394\" src=\"https:\/\/www.maxima-dia.com\/wp-content\/uploads\/2024\/11\/CAROMAX200_indicatore-inclinazione-150x150.jpg\" alt=\"\" width=\"150\" height=\"150\" srcset=\"https:\/\/www.maxima-dia.com\/wp-content\/uploads\/2024\/11\/CAROMAX200_indicatore-inclinazione-150x150.jpg 150w, https:\/\/www.maxima-dia.com\/wp-content\/uploads\/2024\/11\/CAROMAX200_indicatore-inclinazione-300x300.jpg 300w, https:\/\/www.maxima-dia.com\/wp-content\/uploads\/2024\/11\/CAROMAX200_indicatore-inclinazione-1024x1024.jpg 1024w, https:\/\/www.maxima-dia.com\/wp-content\/uploads\/2024\/11\/CAROMAX200_indicatore-inclinazione-768x769.jpg 768w, https:\/\/www.maxima-dia.com\/wp-content\/uploads\/2024\/11\/CAROMAX200_indicatore-inclinazione-80x80.jpg 80w, https:\/\/www.maxima-dia.com\/wp-content\/uploads\/2024\/11\/CAROMAX200_indicatore-inclinazione-500x500.jpg 500w, https:\/\/www.maxima-dia.com\/wp-content\/uploads\/2024\/11\/CAROMAX200_indicatore-inclinazione-1000x1000.jpg 1000w, https:\/\/www.maxima-dia.com\/wp-content\/uploads\/2024\/11\/CAROMAX200_indicatore-inclinazione.jpg 1498w\" sizes=\"(max-width: 150px) 100vw, 150px\" \/><\/a><\/td>\n<td style=\"text-align: center; width: 33%;\"><a href=\"https:\/\/www.maxima-dia.com\/wp-content\/uploads\/2024\/11\/CAROMAX200_026.jpg\"><img loading=\"lazy\" decoding=\"async\" class=\"alignnone size-thumbnail wp-image-45388\" src=\"https:\/\/www.maxima-dia.com\/wp-content\/uploads\/2024\/11\/CAROMAX200_026-150x150.jpg\" alt=\"\" width=\"150\" height=\"150\" srcset=\"https:\/\/www.maxima-dia.com\/wp-content\/uploads\/2024\/11\/CAROMAX200_026-150x150.jpg 150w, https:\/\/www.maxima-dia.com\/wp-content\/uploads\/2024\/11\/CAROMAX200_026-300x300.jpg 300w, https:\/\/www.maxima-dia.com\/wp-content\/uploads\/2024\/11\/CAROMAX200_026-1024x1024.jpg 1024w, https:\/\/www.maxima-dia.com\/wp-content\/uploads\/2024\/11\/CAROMAX200_026-768x768.jpg 768w, https:\/\/www.maxima-dia.com\/wp-content\/uploads\/2024\/11\/CAROMAX200_026-80x80.jpg 80w, https:\/\/www.maxima-dia.com\/wp-content\/uploads\/2024\/11\/CAROMAX200_026-500x500.jpg 500w, https:\/\/www.maxima-dia.com\/wp-content\/uploads\/2024\/11\/CAROMAX200_026-1000x1000.jpg 1000w, https:\/\/www.maxima-dia.com\/wp-content\/uploads\/2024\/11\/CAROMAX200_026.jpg 1500w\" sizes=\"(max-width: 150px) 100vw, 150px\" \/><\/a><\/td>\n<\/tr>\n<tr>\n<td style=\"text-align: center; width: 33%;\">Base in acciaio<\/td>\n<td style=\"text-align: center; width: 33%;\">Indicatore inclinazione<\/td>\n<td style=\"text-align: center; width: 33%;\">Indicatore profondit\u00e0<\/td>\n<\/tr>\n<\/tbody>\n<\/table>\n<p>&nbsp;<\/p>\n<table class=\"tabellatecnica\" style=\"width: 100%;\" border=\"0\" cellspacing=\"0\" cellpadding=\"0\">\n<thead>\n<tr>\n<td class=\"testata\" colspan=\"2\">CARATTERISTICHE TECNICHE<\/td>\n<\/tr>\n<\/thead>\n<tbody>\n<tr>\n<td class=\"coltesto1\" style=\"width: 50%;\">Potenza Motore: Caromax2000ASP \u2013 230 V<\/td>\n<td class=\"coltesto1\" style=\"width: 50%;\">Diametri: Su colonna: 30-250mm<\/td>\n<\/tr>\n<tr>\n<td class=\"coltesto1\" style=\"width: 50%;\">Mono fase: 230 v \/ 9.3 amps \/ 50-60 Hz<\/td>\n<td class=\"coltesto1\" style=\"width: 50%;\">Frizione elettronica: s\u00ec<\/td>\n<\/tr>\n<tr>\n<td class=\"coltesto2\" style=\"width: 50%;\">Regolazione giri: 2 velocit\u00e0<\/td>\n<td class=\"coltesto2\" style=\"width: 50%;\">Protezione motore: \u201cintellitronic\u201d<\/td>\n<\/tr>\n<tr>\n<td class=\"coltesto2\" style=\"width: 50%;\">Giri a vuoto: 900 \/ 2000 &#8211; Giri sotto carico: 540 \/ 1200<\/td>\n<td class=\"coltesto2\" style=\"width: 50%;\">Micropercussione colpi: 14\u2019000 &#8211; 34\u2019000<\/td>\n<\/tr>\n<tr>\n<td class=\"coltesto2\" style=\"width: 50%;\">Attacco: 1\u201d1\/4&nbsp;<\/td>\n<td class=\"coltesto2\" style=\"width: 50%;\">Micropercussione: 0,4 \u2013 0,1 Joule<\/td>\n<\/tr>\n<tr>\n<td style=\"width: 50%;\">Peso colonna: 11,5 kg &#8211; Peso motore: 6,2 kg<\/td>\n<td style=\"width: 50%;\">&nbsp;<\/td>\n<\/tr>\n<\/tbody>\n<\/table>\n<p>[\/vc_column_text][\/vc_column][\/vc_row]<\/p>\n<\/div>","protected":false},"excerpt":{"rendered":"<p>[vc_row][vc_column text_align=&#8221;center&#8221; width=&#8221;1\/4&#8243;][vc_column_text] made in EU&nbsp; &#8211; certificata CE[\/vc_column_text][\/vc_column][vc_column width=&#8221;3\/4&#8243;][vc_column_text]CAROMAX 200 ASP, ottenuta dal montaggio di CAROMAX 2000ASP sulla colonna COLONNA 200, \u00e8 un sistema di carotaggio con aspirazione fino al diametro 205 mm, manualmente, e fino al diametro 250 mm su colonna. Si distingue per la sua versatilit\u00e0 grazie al favorevole rapporto peso\/potenza e per la possibilit\u00e0 di essere fissata sia tramite l\u2019apposito tassello in dotazione sia attraverso fissaggio sottovuoto per il quale \u00e8 gi\u00e0 predisposta. \u00c8 possibile effettuare carotaggi inclinati di 45\u00b0. La base in acciaio di dimensioni ridotte permette di posizionarla sempre agilmente. CAROMAX 2000ASP \u00e8 la carotatrice a secco pi\u00f9 potente della gamma Maxima, ideale per perforazioni di fori passanti in calcestruzzo, muratura e pietra, aperture di ventilazione, perforazioni continue di fori passanti in impianti idraulici e di climatizzazione e tutti i casi in cui si opera in aree sensibili in cui non \u00e8 consentito, o opportuno, l\u2019uso dell\u2019acqua, grazie all\u2019efficiente sistema di aspirazione delle polveri di cui \u00e8 dotata. Il connubio con la COLONNA 200 permette di sfruttarne a pieno le performance arrivando fino ai diametri 225 mm e 250 mm. &nbsp; Scorrimento su cuscinetti schermati Argano \/ Chiave inglese &nbsp; &nbsp; &nbsp; Base in [&hellip;]<\/p>\n","protected":false},"author":29,"featured_media":45346,"parent":12462,"menu_order":11,"comment_status":"closed","ping_status":"closed","template":"","meta":{"ngg_post_thumbnail":0,"_joinchat":[],"footnotes":""},"class_list":["post-45340","page","type-page","status-publish","has-post-thumbnail","hentry"],"yoast_head":"<!-- This site is optimized with the Yoast SEO plugin v25.5 - https:\/\/yoast.com\/wordpress\/plugins\/seo\/ -->\n<title>Caromax 200 ASP - Maxima SpA<\/title>\n<meta name=\"description\" content=\"CAROMAX 200 ASP con COLONNA 200 \u00e8 un sistema di carotaggio e aspirazione fino al diametro 205 mm manuale e fino al diametro 250 mm su colonna\" \/>\n<meta name=\"robots\" content=\"index, follow, max-snippet:-1, max-image-preview:large, max-video-preview:-1\" \/>\n<link rel=\"canonical\" href=\"https:\/\/www.maxima-dia.com\/it\/macchine-edili-carotaggio\/caromax-200-asp\/\" \/>\n<meta property=\"og:locale\" content=\"it_IT\" \/>\n<meta property=\"og:type\" content=\"article\" \/>\n<meta property=\"og:title\" content=\"Caromax 200 ASP - Maxima SpA\" \/>\n<meta property=\"og:description\" content=\"CAROMAX 200 ASP con COLONNA 200 \u00e8 un sistema di carotaggio e aspirazione fino al diametro 205 mm manuale e fino al diametro 250 mm su colonna\" \/>\n<meta property=\"og:url\" content=\"https:\/\/www.maxima-dia.com\/it\/macchine-edili-carotaggio\/caromax-200-asp\/\" \/>\n<meta property=\"og:site_name\" content=\"Maxima SpA\" \/>\n<meta property=\"article:publisher\" content=\"https:\/\/www.facebook.com\/Maxima-spa-106098566139597\" \/>\n<meta property=\"article:modified_time\" content=\"2025-07-21T13:23:03+00:00\" \/>\n<meta property=\"og:image\" content=\"https:\/\/www.maxima-dia.com\/wp-content\/uploads\/2024\/11\/CAROMAX200-CAROMAX-2000-ASP-COLONNA-200-01-02-2024-_DSC0116.jpg\" \/>\n\t<meta property=\"og:image:width\" content=\"1500\" \/>\n\t<meta property=\"og:image:height\" content=\"1500\" \/>\n\t<meta property=\"og:image:type\" content=\"image\/jpeg\" \/>\n<meta name=\"twitter:card\" content=\"summary_large_image\" \/>\n<meta name=\"twitter:site\" content=\"@Maximadia\" \/>\n<meta name=\"twitter:label1\" content=\"Tempo di lettura stimato\" \/>\n\t<meta name=\"twitter:data1\" content=\"3 minuti\" \/>\n<script type=\"application\/ld+json\" class=\"yoast-schema-graph\">{\"@context\":\"https:\/\/schema.org\",\"@graph\":[{\"@type\":\"WebPage\",\"@id\":\"https:\/\/www.maxima-dia.com\/it\/macchine-edili-carotaggio\/caromax-200-asp\/\",\"url\":\"https:\/\/www.maxima-dia.com\/it\/macchine-edili-carotaggio\/caromax-200-asp\/\",\"name\":\"Caromax 200 ASP - Maxima SpA\",\"isPartOf\":{\"@id\":\"https:\/\/www.maxima-dia.com\/it\/#website\"},\"primaryImageOfPage\":{\"@id\":\"https:\/\/www.maxima-dia.com\/it\/macchine-edili-carotaggio\/caromax-200-asp\/#primaryimage\"},\"image\":{\"@id\":\"https:\/\/www.maxima-dia.com\/it\/macchine-edili-carotaggio\/caromax-200-asp\/#primaryimage\"},\"thumbnailUrl\":\"https:\/\/www.maxima-dia.com\/wp-content\/uploads\/2024\/11\/CAROMAX200-CAROMAX-2000-ASP-COLONNA-200-01-02-2024-_DSC0116.jpg\",\"datePublished\":\"2024-11-04T09:53:50+00:00\",\"dateModified\":\"2025-07-21T13:23:03+00:00\",\"description\":\"CAROMAX 200 ASP con COLONNA 200 \u00e8 un sistema di carotaggio e aspirazione fino al diametro 205 mm manuale e fino al diametro 250 mm su colonna\",\"breadcrumb\":{\"@id\":\"https:\/\/www.maxima-dia.com\/it\/macchine-edili-carotaggio\/caromax-200-asp\/#breadcrumb\"},\"inLanguage\":\"it-IT\",\"potentialAction\":[{\"@type\":\"ReadAction\",\"target\":[\"https:\/\/www.maxima-dia.com\/it\/macchine-edili-carotaggio\/caromax-200-asp\/\"]}]},{\"@type\":\"ImageObject\",\"inLanguage\":\"it-IT\",\"@id\":\"https:\/\/www.maxima-dia.com\/it\/macchine-edili-carotaggio\/caromax-200-asp\/#primaryimage\",\"url\":\"https:\/\/www.maxima-dia.com\/wp-content\/uploads\/2024\/11\/CAROMAX200-CAROMAX-2000-ASP-COLONNA-200-01-02-2024-_DSC0116.jpg\",\"contentUrl\":\"https:\/\/www.maxima-dia.com\/wp-content\/uploads\/2024\/11\/CAROMAX200-CAROMAX-2000-ASP-COLONNA-200-01-02-2024-_DSC0116.jpg\",\"width\":1500,\"height\":1500},{\"@type\":\"BreadcrumbList\",\"@id\":\"https:\/\/www.maxima-dia.com\/it\/macchine-edili-carotaggio\/caromax-200-asp\/#breadcrumb\",\"itemListElement\":[{\"@type\":\"ListItem\",\"position\":1,\"name\":\"Home\",\"item\":\"https:\/\/www.maxima-dia.com\/it\/\"},{\"@type\":\"ListItem\",\"position\":2,\"name\":\"Macchine Edili Carotaggio\",\"item\":\"https:\/\/www.maxima-dia.com\/it\/macchine-edili-carotaggio\/\"},{\"@type\":\"ListItem\",\"position\":3,\"name\":\"Caromax 200 ASP\"}]},{\"@type\":\"WebSite\",\"@id\":\"https:\/\/www.maxima-dia.com\/it\/#website\",\"url\":\"https:\/\/www.maxima-dia.com\/it\/\",\"name\":\"Maxima SpA\",\"description\":\"Only for the real professionals\",\"potentialAction\":[{\"@type\":\"SearchAction\",\"target\":{\"@type\":\"EntryPoint\",\"urlTemplate\":\"https:\/\/www.maxima-dia.com\/it\/?s={search_term_string}\"},\"query-input\":{\"@type\":\"PropertyValueSpecification\",\"valueRequired\":true,\"valueName\":\"search_term_string\"}}],\"inLanguage\":\"it-IT\"}]}<\/script>\n<!-- \/ Yoast SEO plugin. -->","yoast_head_json":{"title":"Caromax 200 ASP - Maxima SpA","description":"CAROMAX 200 ASP con COLONNA 200 \u00e8 un sistema di carotaggio e aspirazione fino al diametro 205 mm manuale e fino al diametro 250 mm su colonna","robots":{"index":"index","follow":"follow","max-snippet":"max-snippet:-1","max-image-preview":"max-image-preview:large","max-video-preview":"max-video-preview:-1"},"canonical":"https:\/\/www.maxima-dia.com\/it\/macchine-edili-carotaggio\/caromax-200-asp\/","og_locale":"it_IT","og_type":"article","og_title":"Caromax 200 ASP - Maxima SpA","og_description":"CAROMAX 200 ASP con COLONNA 200 \u00e8 un sistema di carotaggio e aspirazione fino al diametro 205 mm manuale e fino al diametro 250 mm su colonna","og_url":"https:\/\/www.maxima-dia.com\/it\/macchine-edili-carotaggio\/caromax-200-asp\/","og_site_name":"Maxima SpA","article_publisher":"https:\/\/www.facebook.com\/Maxima-spa-106098566139597","article_modified_time":"2025-07-21T13:23:03+00:00","og_image":[{"width":1500,"height":1500,"url":"https:\/\/www.maxima-dia.com\/wp-content\/uploads\/2024\/11\/CAROMAX200-CAROMAX-2000-ASP-COLONNA-200-01-02-2024-_DSC0116.jpg","type":"image\/jpeg"}],"twitter_card":"summary_large_image","twitter_site":"@Maximadia","twitter_misc":{"Tempo di lettura stimato":"3 minuti"},"schema":{"@context":"https:\/\/schema.org","@graph":[{"@type":"WebPage","@id":"https:\/\/www.maxima-dia.com\/it\/macchine-edili-carotaggio\/caromax-200-asp\/","url":"https:\/\/www.maxima-dia.com\/it\/macchine-edili-carotaggio\/caromax-200-asp\/","name":"Caromax 200 ASP - Maxima SpA","isPartOf":{"@id":"https:\/\/www.maxima-dia.com\/it\/#website"},"primaryImageOfPage":{"@id":"https:\/\/www.maxima-dia.com\/it\/macchine-edili-carotaggio\/caromax-200-asp\/#primaryimage"},"image":{"@id":"https:\/\/www.maxima-dia.com\/it\/macchine-edili-carotaggio\/caromax-200-asp\/#primaryimage"},"thumbnailUrl":"https:\/\/www.maxima-dia.com\/wp-content\/uploads\/2024\/11\/CAROMAX200-CAROMAX-2000-ASP-COLONNA-200-01-02-2024-_DSC0116.jpg","datePublished":"2024-11-04T09:53:50+00:00","dateModified":"2025-07-21T13:23:03+00:00","description":"CAROMAX 200 ASP con COLONNA 200 \u00e8 un sistema di carotaggio e aspirazione fino al diametro 205 mm manuale e fino al diametro 250 mm su colonna","breadcrumb":{"@id":"https:\/\/www.maxima-dia.com\/it\/macchine-edili-carotaggio\/caromax-200-asp\/#breadcrumb"},"inLanguage":"it-IT","potentialAction":[{"@type":"ReadAction","target":["https:\/\/www.maxima-dia.com\/it\/macchine-edili-carotaggio\/caromax-200-asp\/"]}]},{"@type":"ImageObject","inLanguage":"it-IT","@id":"https:\/\/www.maxima-dia.com\/it\/macchine-edili-carotaggio\/caromax-200-asp\/#primaryimage","url":"https:\/\/www.maxima-dia.com\/wp-content\/uploads\/2024\/11\/CAROMAX200-CAROMAX-2000-ASP-COLONNA-200-01-02-2024-_DSC0116.jpg","contentUrl":"https:\/\/www.maxima-dia.com\/wp-content\/uploads\/2024\/11\/CAROMAX200-CAROMAX-2000-ASP-COLONNA-200-01-02-2024-_DSC0116.jpg","width":1500,"height":1500},{"@type":"BreadcrumbList","@id":"https:\/\/www.maxima-dia.com\/it\/macchine-edili-carotaggio\/caromax-200-asp\/#breadcrumb","itemListElement":[{"@type":"ListItem","position":1,"name":"Home","item":"https:\/\/www.maxima-dia.com\/it\/"},{"@type":"ListItem","position":2,"name":"Macchine Edili Carotaggio","item":"https:\/\/www.maxima-dia.com\/it\/macchine-edili-carotaggio\/"},{"@type":"ListItem","position":3,"name":"Caromax 200 ASP"}]},{"@type":"WebSite","@id":"https:\/\/www.maxima-dia.com\/it\/#website","url":"https:\/\/www.maxima-dia.com\/it\/","name":"Maxima SpA","description":"Only for the real professionals","potentialAction":[{"@type":"SearchAction","target":{"@type":"EntryPoint","urlTemplate":"https:\/\/www.maxima-dia.com\/it\/?s={search_term_string}"},"query-input":{"@type":"PropertyValueSpecification","valueRequired":true,"valueName":"search_term_string"}}],"inLanguage":"it-IT"}]}},"_links":{"self":[{"href":"https:\/\/www.maxima-dia.com\/it\/wp-json\/wp\/v2\/pages\/45340"}],"collection":[{"href":"https:\/\/www.maxima-dia.com\/it\/wp-json\/wp\/v2\/pages"}],"about":[{"href":"https:\/\/www.maxima-dia.com\/it\/wp-json\/wp\/v2\/types\/page"}],"author":[{"embeddable":true,"href":"https:\/\/www.maxima-dia.com\/it\/wp-json\/wp\/v2\/users\/29"}],"replies":[{"embeddable":true,"href":"https:\/\/www.maxima-dia.com\/it\/wp-json\/wp\/v2\/comments?post=45340"}],"version-history":[{"count":3,"href":"https:\/\/www.maxima-dia.com\/it\/wp-json\/wp\/v2\/pages\/45340\/revisions"}],"predecessor-version":[{"id":46685,"href":"https:\/\/www.maxima-dia.com\/it\/wp-json\/wp\/v2\/pages\/45340\/revisions\/46685"}],"up":[{"embeddable":true,"href":"https:\/\/www.maxima-dia.com\/it\/wp-json\/wp\/v2\/pages\/12462"}],"wp:featuredmedia":[{"embeddable":true,"href":"https:\/\/www.maxima-dia.com\/it\/wp-json\/wp\/v2\/media\/45346"}],"wp:attachment":[{"href":"https:\/\/www.maxima-dia.com\/it\/wp-json\/wp\/v2\/media?parent=45340"}],"curies":[{"name":"wp","href":"https:\/\/api.w.org\/{rel}","templated":true}]}}