{"id":4795,"date":"2012-10-07T23:58:32","date_gmt":"2012-10-07T23:58:32","guid":{"rendered":"http:\/\/www.maxima-dia.com\/?page_id=4795"},"modified":"2026-02-24T16:13:30","modified_gmt":"2026-02-24T15:13:30","slug":"cataloghi","status":"publish","type":"page","link":"https:\/\/www.maxima-dia.com\/it\/cataloghi\/","title":{"rendered":"Cataloghi"},"content":{"rendered":"<div class=\"wpb-content-wrapper\"><p>[vc_row][vc_column][vc_column_text]<\/p>\n<h3>Catalogo Generale 2025<\/h3>\n<p>Scarica oppure sfoglia il nostro Catalogo.<br \/>\nTroverai la gamma completa dei prodotti che offriamo e le relative descrizioni tecniche.<\/p>\n<div class=\"_df_book df-lite\" id=\"df_30758\"  _slug=\"maxima-spa-catalogo-2021\" data-title=\"maxima-spa-catalogo-2026-it\" wpoptions=\"true\" thumbtype=\"\" ><\/div><script class=\"df-shortcode-script\" nowprocket type=\"application\/javascript\">window.option_df_30758 = {\"outline\":[],\"autoEnableOutline\":\"false\",\"autoEnableThumbnail\":\"false\",\"overwritePDFOutline\":\"false\",\"direction\":\"1\",\"pageSize\":\"0\",\"maxTextureSize\":\"2048\",\"source\":\"https:\\\/\\\/www.maxima-dia.com\\\/wp-content\\\/uploads\\\/2026\\\/02\\\/Maxima_SpA_Catalogo_Generale_2026_WEB.pdf\",\"wpOptions\":\"true\"}; if(window.DFLIP && window.DFLIP.parseBooks){window.DFLIP.parseBooks();}<\/script>\n<p>&nbsp; &nbsp;<\/p>\n<p><a href=\"https:\/\/www.maxima-dia.com\/wp-content\/uploads\/2026\/02\/Maxima_SpA_Catalogo_Generale_2026_WEB.pdf\" target=\"_blank\" rel=\"noopener noreferrer\"><img loading=\"lazy\" decoding=\"async\" class=\"alignnone\" src=\"\/wp-content\/uploads\/2014\/09\/pdf-download-icon.png\" alt=\"pdf-download-icon\" width=\"250\" height=\"75\"><\/a><br \/>\n<a href=\"https:\/\/www.maxima-dia.com\/wp-content\/uploads\/2026\/02\/Maxima_SpA_Catalogo_Generale_2026_WEB.pdf\" target=\"_blank\" rel=\"noopener noreferrer\">Scarica il catalogo cliccando&nbsp;qui&nbsp;con il tasto destro del&nbsp;mouse&nbsp;selezionando&nbsp;\u201cSalva con il nome\u201d<\/a><\/p>\n<div class=\"clearboth\">&nbsp;<\/div>\n<hr style=\"height: 1px; background: red;\">\n<div class=\"clearboth\">&nbsp;<\/div>\n<h3>Catalogo Allestimenti<\/h3>\n<p>Scarica oppure sfoglia il nostro Catalogo Allestimenti.<br \/>\nTroverai la gamma completa dei prodotti che offriamo e le relative descrizioni tecniche.&nbsp;&nbsp;<\/p>\n<p class=\"one_half\"><a href=\"https:\/\/www.maxima-dia.com\/wp-content\/uploads\/2024\/06\/Maxima_Book_Allestimenti_2024_IT_WEB.pdf\" target=\"_blank\" rel=\"noopener noreferrer\"><img loading=\"lazy\" decoding=\"async\" class=\"catalog_shadow aligncenter\" title=\"Catalogo Allestimenti\" src=\"\/wp-content\/uploads\/2023\/04\/cat-allestimenti-2023.jpg\" alt=\"Catalogo Allestimenti\" width=\"212\" height=\"300\"><\/a>&nbsp;<\/p>\n<p><a href=\"https:\/\/www.maxima-dia.com\/wp-content\/uploads\/2024\/06\/Maxima_Book_Allestimenti_2024_IT_WEB.pdf\" target=\"_blank\" rel=\"noopener noreferrer\"><img loading=\"lazy\" decoding=\"async\" class=\"alignnone\" src=\"\/wp-content\/uploads\/2014\/09\/pdf-download-icon.png\" alt=\"pdf-download-icon\" width=\"250\" height=\"75\"><\/a><br \/>\n<a href=\"https:\/\/www.maxima-dia.com\/wp-content\/uploads\/2024\/06\/Maxima_Book_Allestimenti_2024_IT_WEB.pdf\" target=\"_blank\" rel=\"noopener noreferrer\">Scarica il catalogo cliccando&nbsp;qui&nbsp;con il tasto destro del&nbsp;mouse&nbsp;selezionando&nbsp;\u201cSalva con il nome\u201d<\/a><\/p>\n<div class=\"clearboth\">&nbsp;<\/div>\n<hr style=\"height: 1px; background: red;\">\n<h3>Depliant&nbsp;Taglio<\/h3>\n<p>Scarica oppure sfoglia il nostro Depliant Taglio. Troverai la gamma completa dei prodotti che offriamo e le relative descrizioni tecniche.<\/p>\n<p><a href=\"https:\/\/www.maxima-dia.com\/wp-content\/uploads\/2024\/05\/MAXIMA_DP_TAGLIO_IT_2024_WEB.pdf\" target=\"_blank\" rel=\"noopener noreferrer\"><img loading=\"lazy\" decoding=\"async\" class=\"catalog_shadow aligncenter\" title=\"Depliant Taglio\" src=\"\/wp-content\/uploads\/2024\/05\/depliant-taglio-cop.jpg\" alt=\"Depliant Taglio\" width=\"212\" height=\"300\"><\/a><\/p>\n<p><a href=\"https:\/\/www.maxima-dia.com\/wp-content\/uploads\/2024\/05\/MAXIMA_DP_TAGLIO_IT_2024_WEB.pdf\" target=\"_blank\" rel=\"noopener noreferrer\"><img loading=\"lazy\" decoding=\"async\" class=\"alignnone\" src=\"\/wp-content\/uploads\/2014\/09\/pdf-download-icon.png\" alt=\"pdf-download-icon\" width=\"250\" height=\"75\"><\/a><br \/>\n<a href=\"https:\/\/www.maxima-dia.com\/wp-content\/uploads\/2024\/05\/MAXIMA_DP_TAGLIO_IT_2024_WEB.pdf\" target=\"_blank\" rel=\"noopener noreferrer\">Scarica il catalogo cliccando&nbsp;qui&nbsp;con il tasto destro del&nbsp;mouse&nbsp;selezionando&nbsp;\u201cSalva con il nome\u201d<\/a><\/p>\n<div class=\"clearboth\">&nbsp;<\/div>\n<hr style=\"height: 1px; background: red;\">\n<h3>Depliant&nbsp;Carotaggio<\/h3>\n<p>Scarica oppure sfoglia il nostro Depliant Carotaggio. Troverai la gamma completa dei prodotti che offriamo e le relative descrizioni tecniche.<\/p>\n<p><a href=\"https:\/\/www.maxima-dia.com\/wp-content\/uploads\/2024\/05\/MAXIMA_DP_CAROTAGGIO_IT_2024_WEB.pdf\" target=\"_blank\" rel=\"noopener noreferrer\"><img loading=\"lazy\" decoding=\"async\" class=\"catalog_shadow aligncenter\" title=\"Depliant Carotaggio\" src=\"\/wp-content\/uploads\/2024\/05\/carotaggio-cop.jpg\" alt=\"Depliant Carotaggio\" width=\"212\" height=\"300\"><\/a><\/p>\n<p><a href=\"https:\/\/www.maxima-dia.com\/wp-content\/uploads\/2024\/05\/MAXIMA_DP_CAROTAGGIO_IT_2024_WEB.pdf\" target=\"_blank\" rel=\"noopener noreferrer\"><img loading=\"lazy\" decoding=\"async\" class=\"alignnone\" src=\"\/wp-content\/uploads\/2014\/09\/pdf-download-icon.png\" alt=\"pdf-download-icon\" width=\"250\" height=\"75\"><\/a><br \/>\n<a href=\"https:\/\/www.maxima-dia.com\/wp-content\/uploads\/2024\/05\/MAXIMA_DP_CAROTAGGIO_IT_2024_WEB.pdf\" target=\"_blank\" rel=\"noopener noreferrer\">Scarica il catalogo cliccando&nbsp;qui&nbsp;con il tasto destro del&nbsp;mouse&nbsp;selezionando&nbsp;\u201cSalva con il nome\u201d<\/a><\/p>\n<div class=\"clearboth\">&nbsp;<\/div>\n<hr style=\"height: 1px; background: red;\">\n<p>&nbsp;[\/vc_column_text][\/vc_column][\/vc_row][vc_row][vc_column width=&#8221;1\/1&#8243;][vc_column_text]<\/p>\n<h3>Depliant Carotagem em portugu\u00eas<\/h3>\n<p>Fa\u00e7a o download ou navegue em nosso Folheto Coring. Voc\u00ea encontrar\u00e1 a gama completa de produtos que oferecemos e as respectivas descri\u00e7\u00f5es t\u00e9cnicas.<\/p>\n<p><a href=\"https:\/\/www.maxima-dia.com\/wp-content\/uploads\/2023\/03\/DEPLIANT-CAROTAGGIO_2020-PT.pdf\" target=\"_blank\" rel=\"noopener noreferrer\"><img loading=\"lazy\" decoding=\"async\" class=\"catalog_shadow aligncenter\" title=\"Depliant Carotaggio\" src=\"\/wp-content\/uploads\/2023\/03\/carotaggio-cop-portoghese.jpg\" alt=\"Depliant Carotaggio\" width=\"212\" height=\"300\"><\/a><\/p>\n<p><a href=\"https:\/\/www.maxima-dia.com\/wp-content\/uploads\/2023\/03\/DEPLIANT-CAROTAGGIO_2020-PT.pdf\" target=\"_blank\" rel=\"noopener noreferrer\"><img loading=\"lazy\" decoding=\"async\" class=\"alignnone\" src=\"\/wp-content\/uploads\/2014\/09\/pdf-download-icon.png\" alt=\"pdf-download-icon\" width=\"250\" height=\"75\"><\/a><br \/>\n<a href=\"https:\/\/www.maxima-dia.com\/wp-content\/uploads\/2023\/03\/DEPLIANT-CAROTAGGIO_2020-PT.pdf\" target=\"_blank\" rel=\"noopener noreferrer\">Baixe o cat\u00e1logo clicando aqui com o bot\u00e3o direito do mouse selecionando &#8220;Salvar como&#8221;<\/a><\/p>\n<div class=\"clearboth\">&nbsp;<\/div>\n<hr style=\"height: 1px; background: red;\">\n<p>&nbsp;[\/vc_column_text][\/vc_column][\/vc_row]<\/p>\n<\/div>","protected":false},"excerpt":{"rendered":"<p>[vc_row][vc_column][vc_column_text] Catalogo Generale 2025 Scarica oppure sfoglia il nostro Catalogo. Troverai la gamma completa dei prodotti che offriamo e le relative descrizioni tecniche. &nbsp; &nbsp; Scarica il catalogo cliccando&nbsp;qui&nbsp;con il tasto destro del&nbsp;mouse&nbsp;selezionando&nbsp;\u201cSalva con il nome\u201d &nbsp; &nbsp; Catalogo Allestimenti Scarica oppure sfoglia il nostro Catalogo Allestimenti. Troverai la gamma completa dei prodotti che offriamo e le relative descrizioni tecniche.&nbsp;&nbsp; &nbsp; Scarica il catalogo cliccando&nbsp;qui&nbsp;con il tasto destro del&nbsp;mouse&nbsp;selezionando&nbsp;\u201cSalva con il nome\u201d &nbsp; Depliant&nbsp;Taglio Scarica oppure sfoglia il nostro Depliant Taglio. Troverai la gamma completa dei prodotti che offriamo e le relative descrizioni tecniche. Scarica il catalogo cliccando&nbsp;qui&nbsp;con il tasto destro del&nbsp;mouse&nbsp;selezionando&nbsp;\u201cSalva con il nome\u201d &nbsp; Depliant&nbsp;Carotaggio Scarica oppure sfoglia il nostro Depliant Carotaggio. Troverai la gamma completa dei prodotti che offriamo e le relative descrizioni tecniche. Scarica il catalogo cliccando&nbsp;qui&nbsp;con il tasto destro del&nbsp;mouse&nbsp;selezionando&nbsp;\u201cSalva con il nome\u201d &nbsp; &nbsp;[\/vc_column_text][\/vc_column][\/vc_row][vc_row][vc_column width=&#8221;1\/1&#8243;][vc_column_text] Depliant Carotagem em portugu\u00eas Fa\u00e7a o download ou navegue em nosso Folheto Coring. Voc\u00ea encontrar\u00e1 a gama completa de produtos que oferecemos e as respectivas descri\u00e7\u00f5es t\u00e9cnicas. Baixe o cat\u00e1logo clicando aqui com o bot\u00e3o direito do mouse selecionando &#8220;Salvar como&#8221; &nbsp; &nbsp;[\/vc_column_text][\/vc_column][\/vc_row]<\/p>\n","protected":false},"author":29,"featured_media":0,"parent":0,"menu_order":371,"comment_status":"closed","ping_status":"closed","template":"","meta":{"ngg_post_thumbnail":0,"_joinchat":[],"footnotes":""},"class_list":["post-4795","page","type-page","status-publish","hentry"],"yoast_head":"<!-- This site is optimized with the Yoast SEO plugin v25.5 - https:\/\/yoast.com\/wordpress\/plugins\/seo\/ -->\n<title>Cataloghi - Maxima SpA<\/title>\n<meta name=\"robots\" content=\"index, follow, max-snippet:-1, max-image-preview:large, max-video-preview:-1\" \/>\n<link rel=\"canonical\" href=\"https:\/\/www.maxima-dia.com\/it\/cataloghi\/\" \/>\n<meta property=\"og:locale\" content=\"it_IT\" \/>\n<meta property=\"og:type\" content=\"article\" \/>\n<meta property=\"og:title\" content=\"Cataloghi - Maxima SpA\" \/>\n<meta property=\"og:description\" content=\"[vc_row][vc_column][vc_column_text] Catalogo Generale 2025 Scarica oppure sfoglia il nostro Catalogo. Troverai la gamma completa dei prodotti che offriamo e le relative descrizioni tecniche. &nbsp; &nbsp; Scarica il catalogo cliccando&nbsp;qui&nbsp;con il tasto destro del&nbsp;mouse&nbsp;selezionando&nbsp;\u201cSalva con il nome\u201d &nbsp; &nbsp; Catalogo Allestimenti Scarica oppure sfoglia il nostro Catalogo Allestimenti. Troverai la gamma completa dei prodotti che offriamo e le relative descrizioni tecniche.&nbsp;&nbsp; &nbsp; Scarica il catalogo cliccando&nbsp;qui&nbsp;con il tasto destro del&nbsp;mouse&nbsp;selezionando&nbsp;\u201cSalva con il nome\u201d &nbsp; Depliant&nbsp;Taglio Scarica oppure sfoglia il nostro Depliant Taglio. Troverai la gamma completa dei prodotti che offriamo e le relative descrizioni tecniche. Scarica il catalogo cliccando&nbsp;qui&nbsp;con il tasto destro del&nbsp;mouse&nbsp;selezionando&nbsp;\u201cSalva con il nome\u201d &nbsp; Depliant&nbsp;Carotaggio Scarica oppure sfoglia il nostro Depliant Carotaggio. Troverai la gamma completa dei prodotti che offriamo e le relative descrizioni tecniche. Scarica il catalogo cliccando&nbsp;qui&nbsp;con il tasto destro del&nbsp;mouse&nbsp;selezionando&nbsp;\u201cSalva con il nome\u201d &nbsp; &nbsp;[\/vc_column_text][\/vc_column][\/vc_row][vc_row][vc_column width=&#8221;1\/1&#8243;][vc_column_text] Depliant Carotagem em portugu\u00eas Fa\u00e7a o download ou navegue em nosso Folheto Coring. Voc\u00ea encontrar\u00e1 a gama completa de produtos que oferecemos e as respectivas descri\u00e7\u00f5es t\u00e9cnicas. Baixe o cat\u00e1logo clicando aqui com o bot\u00e3o direito do mouse selecionando &#8220;Salvar como&#8221; &nbsp; &nbsp;[\/vc_column_text][\/vc_column][\/vc_row]\" \/>\n<meta property=\"og:url\" content=\"https:\/\/www.maxima-dia.com\/it\/cataloghi\/\" \/>\n<meta property=\"og:site_name\" content=\"Maxima SpA\" \/>\n<meta property=\"article:publisher\" content=\"https:\/\/www.facebook.com\/Maxima-spa-106098566139597\" \/>\n<meta property=\"article:modified_time\" content=\"2026-02-24T15:13:30+00:00\" \/>\n<meta property=\"og:image\" content=\"https:\/\/www.maxima-dia.com\/wp-content\/uploads\/2022\/03\/MaximaSpA-logo-quadrato.jpg\" \/>\n\t<meta property=\"og:image:width\" content=\"500\" \/>\n\t<meta property=\"og:image:height\" content=\"500\" \/>\n\t<meta property=\"og:image:type\" content=\"image\/jpeg\" \/>\n<meta name=\"twitter:card\" content=\"summary_large_image\" \/>\n<meta name=\"twitter:site\" content=\"@Maximadia\" \/>\n<meta name=\"twitter:label1\" content=\"Tempo di lettura stimato\" \/>\n\t<meta name=\"twitter:data1\" content=\"3 minuti\" \/>\n<script type=\"application\/ld+json\" class=\"yoast-schema-graph\">{\"@context\":\"https:\/\/schema.org\",\"@graph\":[{\"@type\":\"WebPage\",\"@id\":\"https:\/\/www.maxima-dia.com\/it\/cataloghi\/\",\"url\":\"https:\/\/www.maxima-dia.com\/it\/cataloghi\/\",\"name\":\"Cataloghi - Maxima SpA\",\"isPartOf\":{\"@id\":\"https:\/\/www.maxima-dia.com\/it\/#website\"},\"datePublished\":\"2012-10-07T23:58:32+00:00\",\"dateModified\":\"2026-02-24T15:13:30+00:00\",\"breadcrumb\":{\"@id\":\"https:\/\/www.maxima-dia.com\/it\/cataloghi\/#breadcrumb\"},\"inLanguage\":\"it-IT\",\"potentialAction\":[{\"@type\":\"ReadAction\",\"target\":[\"https:\/\/www.maxima-dia.com\/it\/cataloghi\/\"]}]},{\"@type\":\"BreadcrumbList\",\"@id\":\"https:\/\/www.maxima-dia.com\/it\/cataloghi\/#breadcrumb\",\"itemListElement\":[{\"@type\":\"ListItem\",\"position\":1,\"name\":\"Home\",\"item\":\"https:\/\/www.maxima-dia.com\/it\/\"},{\"@type\":\"ListItem\",\"position\":2,\"name\":\"Cataloghi\"}]},{\"@type\":\"WebSite\",\"@id\":\"https:\/\/www.maxima-dia.com\/it\/#website\",\"url\":\"https:\/\/www.maxima-dia.com\/it\/\",\"name\":\"Maxima SpA\",\"description\":\"Only for the real professionals\",\"potentialAction\":[{\"@type\":\"SearchAction\",\"target\":{\"@type\":\"EntryPoint\",\"urlTemplate\":\"https:\/\/www.maxima-dia.com\/it\/?s={search_term_string}\"},\"query-input\":{\"@type\":\"PropertyValueSpecification\",\"valueRequired\":true,\"valueName\":\"search_term_string\"}}],\"inLanguage\":\"it-IT\"}]}<\/script>\n<!-- \/ Yoast SEO plugin. -->","yoast_head_json":{"title":"Cataloghi - Maxima SpA","robots":{"index":"index","follow":"follow","max-snippet":"max-snippet:-1","max-image-preview":"max-image-preview:large","max-video-preview":"max-video-preview:-1"},"canonical":"https:\/\/www.maxima-dia.com\/it\/cataloghi\/","og_locale":"it_IT","og_type":"article","og_title":"Cataloghi - Maxima SpA","og_description":"[vc_row][vc_column][vc_column_text] Catalogo Generale 2025 Scarica oppure sfoglia il nostro Catalogo. Troverai la gamma completa dei prodotti che offriamo e le relative descrizioni tecniche. &nbsp; &nbsp; Scarica il catalogo cliccando&nbsp;qui&nbsp;con il tasto destro del&nbsp;mouse&nbsp;selezionando&nbsp;\u201cSalva con il nome\u201d &nbsp; &nbsp; Catalogo Allestimenti Scarica oppure sfoglia il nostro Catalogo Allestimenti. Troverai la gamma completa dei prodotti che offriamo e le relative descrizioni tecniche.&nbsp;&nbsp; &nbsp; Scarica il catalogo cliccando&nbsp;qui&nbsp;con il tasto destro del&nbsp;mouse&nbsp;selezionando&nbsp;\u201cSalva con il nome\u201d &nbsp; Depliant&nbsp;Taglio Scarica oppure sfoglia il nostro Depliant Taglio. Troverai la gamma completa dei prodotti che offriamo e le relative descrizioni tecniche. Scarica il catalogo cliccando&nbsp;qui&nbsp;con il tasto destro del&nbsp;mouse&nbsp;selezionando&nbsp;\u201cSalva con il nome\u201d &nbsp; Depliant&nbsp;Carotaggio Scarica oppure sfoglia il nostro Depliant Carotaggio. Troverai la gamma completa dei prodotti che offriamo e le relative descrizioni tecniche. Scarica il catalogo cliccando&nbsp;qui&nbsp;con il tasto destro del&nbsp;mouse&nbsp;selezionando&nbsp;\u201cSalva con il nome\u201d &nbsp; &nbsp;[\/vc_column_text][\/vc_column][\/vc_row][vc_row][vc_column width=&#8221;1\/1&#8243;][vc_column_text] Depliant Carotagem em portugu\u00eas Fa\u00e7a o download ou navegue em nosso Folheto Coring. Voc\u00ea encontrar\u00e1 a gama completa de produtos que oferecemos e as respectivas descri\u00e7\u00f5es t\u00e9cnicas. Baixe o cat\u00e1logo clicando aqui com o bot\u00e3o direito do mouse selecionando &#8220;Salvar como&#8221; &nbsp; &nbsp;[\/vc_column_text][\/vc_column][\/vc_row]","og_url":"https:\/\/www.maxima-dia.com\/it\/cataloghi\/","og_site_name":"Maxima SpA","article_publisher":"https:\/\/www.facebook.com\/Maxima-spa-106098566139597","article_modified_time":"2026-02-24T15:13:30+00:00","og_image":[{"width":500,"height":500,"url":"https:\/\/www.maxima-dia.com\/wp-content\/uploads\/2022\/03\/MaximaSpA-logo-quadrato.jpg","type":"image\/jpeg"}],"twitter_card":"summary_large_image","twitter_site":"@Maximadia","twitter_misc":{"Tempo di lettura stimato":"3 minuti"},"schema":{"@context":"https:\/\/schema.org","@graph":[{"@type":"WebPage","@id":"https:\/\/www.maxima-dia.com\/it\/cataloghi\/","url":"https:\/\/www.maxima-dia.com\/it\/cataloghi\/","name":"Cataloghi - Maxima SpA","isPartOf":{"@id":"https:\/\/www.maxima-dia.com\/it\/#website"},"datePublished":"2012-10-07T23:58:32+00:00","dateModified":"2026-02-24T15:13:30+00:00","breadcrumb":{"@id":"https:\/\/www.maxima-dia.com\/it\/cataloghi\/#breadcrumb"},"inLanguage":"it-IT","potentialAction":[{"@type":"ReadAction","target":["https:\/\/www.maxima-dia.com\/it\/cataloghi\/"]}]},{"@type":"BreadcrumbList","@id":"https:\/\/www.maxima-dia.com\/it\/cataloghi\/#breadcrumb","itemListElement":[{"@type":"ListItem","position":1,"name":"Home","item":"https:\/\/www.maxima-dia.com\/it\/"},{"@type":"ListItem","position":2,"name":"Cataloghi"}]},{"@type":"WebSite","@id":"https:\/\/www.maxima-dia.com\/it\/#website","url":"https:\/\/www.maxima-dia.com\/it\/","name":"Maxima SpA","description":"Only for the real professionals","potentialAction":[{"@type":"SearchAction","target":{"@type":"EntryPoint","urlTemplate":"https:\/\/www.maxima-dia.com\/it\/?s={search_term_string}"},"query-input":{"@type":"PropertyValueSpecification","valueRequired":true,"valueName":"search_term_string"}}],"inLanguage":"it-IT"}]}},"_links":{"self":[{"href":"https:\/\/www.maxima-dia.com\/it\/wp-json\/wp\/v2\/pages\/4795"}],"collection":[{"href":"https:\/\/www.maxima-dia.com\/it\/wp-json\/wp\/v2\/pages"}],"about":[{"href":"https:\/\/www.maxima-dia.com\/it\/wp-json\/wp\/v2\/types\/page"}],"author":[{"embeddable":true,"href":"https:\/\/www.maxima-dia.com\/it\/wp-json\/wp\/v2\/users\/29"}],"replies":[{"embeddable":true,"href":"https:\/\/www.maxima-dia.com\/it\/wp-json\/wp\/v2\/comments?post=4795"}],"version-history":[{"count":10,"href":"https:\/\/www.maxima-dia.com\/it\/wp-json\/wp\/v2\/pages\/4795\/revisions"}],"predecessor-version":[{"id":47398,"href":"https:\/\/www.maxima-dia.com\/it\/wp-json\/wp\/v2\/pages\/4795\/revisions\/47398"}],"wp:attachment":[{"href":"https:\/\/www.maxima-dia.com\/it\/wp-json\/wp\/v2\/media?parent=4795"}],"curies":[{"name":"wp","href":"https:\/\/api.w.org\/{rel}","templated":true}]}}