{"id":5303,"date":"2013-04-30T10:00:55","date_gmt":"2013-04-30T08:00:55","guid":{"rendered":"http:\/\/www.maxima-dia.com\/?page_id=5303"},"modified":"2025-11-14T09:58:36","modified_gmt":"2025-11-14T08:58:36","slug":"video-prodotti-maxima","status":"publish","type":"page","link":"https:\/\/www.maxima-dia.com\/it\/video-prodotti-maxima\/","title":{"rendered":"Prodotti Maxima"},"content":{"rendered":"<div class=\"wpb-content-wrapper\"><p>[vc_row bottom_padding=&#8221;50&#8243;][vc_column width=&#8221;1\/2&#8243;][vc_column_text]<\/p>\n<h5><strong><a href=\"https:\/\/www.youtube.com\/watch?v=JOSBP6Rx8u8;rel=0\" target=\"_blank\" rel=\"noopener noreferrer\">Maxima Caromax 1800<\/a><\/strong><\/h5>\n<p><iframe loading=\"lazy\" title=\"YouTube video player\" src=\"https:\/\/www.youtube.com\/embed\/JOSBP6Rx8u8?si=IkGr7_S4sF-3c9ss\" width=\"300\" height=\"169\" frameborder=\"0\" allowfullscreen=\"allowfullscreen\" data-mce-fragment=\"1\"><\/iframe>[\/vc_column_text][\/vc_column][vc_column width=&#8221;1\/2&#8243;][vc_column_text]<\/p>\n<h5>&nbsp;<a href=\"https:\/\/www.youtube.com\/watch?v=NMu5tyyLGZQ&amp;rel=0\" target=\"_blank\" rel=\"noopener noreferrer\">Maxima Caromax 800<\/a><\/h5>\n<p>&nbsp;<iframe loading=\"lazy\" src=\"https:\/\/www.youtube.com\/embed\/NMu5tyyLGZQ?rel=0\" width=\"300\" height=\"169\" frameborder=\"0\" allowfullscreen=\"allowfullscreen\" data-mce-fragment=\"1\"><\/iframe><\/p>\n<p>[\/vc_column_text][\/vc_column][\/vc_row][vc_row bottom_padding=&#8221;50&#8243;][vc_column width=&#8221;1\/2&#8243;][vc_column_text]<\/p>\n<h5 id=\"watch-headline-title2\"><a href=\"https:\/\/www.youtube.com\/watch?v=OLslvq3JD6s&amp;rel=0\">Carotatore CAROMAX 1800<\/a><br \/>\n<a href=\"https:\/\/www.youtube.com\/watch?v=OLslvq3JD6s\" target=\"_blank\" rel=\"noopener noreferrer\">a secco con FORETTO LASER 250 e aspirazione<\/a><\/h5>\n<p><iframe loading=\"lazy\" src=\"https:\/\/www.youtube-nocookie.com\/embed\/OLslvq3JD6s?rel=0\" width=\"300\" height=\"169\" frameborder=\"0\" allowfullscreen=\"allowfullscreen\" data-mce-fragment=\"1\"><\/iframe><\/p>\n<p>Il video pi\u00f9 visto. Guarda con che facilit\u00e0 foriamo il cemento armato a secco. Grazie al Caromax 1800 e al sistema di aspirazione con foretto Laser 250.<br \/>\n<b>E senza far polvere<\/b><\/p>\n<p>[\/vc_column_text][\/vc_column][vc_column width=&#8221;1\/2&#8243;][vc_column_text]<\/p>\n<h5 id=\"watch-headline-title\"><a href=\"https:\/\/www.youtube.com\/watch?v=9KDYX8C91s4&amp;rel=0\" target=\"_blank\" rel=\"noopener noreferrer\">Carotatore CAROMAX 800<\/a><br \/>\n<a href=\"https:\/\/www.youtube.com\/watch?v=9KDYX8C91s4\"> ad acqua con FORETTO ORO GRES<\/a><\/h5>\n<p><iframe loading=\"lazy\" src=\"https:\/\/www.youtube-nocookie.com\/embed\/9KDYX8C91s4?rel=0\" width=\"300\" height=\"169\" frameborder=\"0\" allowfullscreen=\"allowfullscreen\" data-mce-fragment=\"1\"><\/iframe><\/p>\n<p>Strabiliante la velocit\u00e0 con cui il Caromax 800 con foretti Laser Oro Gres fora tutti i materiali pi\u00f9 duri, dal gres al granito al porfido<\/p>\n<p>[\/vc_column_text][\/vc_column][\/vc_row][vc_row bottom_padding=&#8221;50&#8243;][vc_column width=&#8221;1\/2&#8243;][vc_column_text]<\/p>\n<h5><strong><a href=\"https:\/\/youtu.be\/Yeoa4XFbNE0\" target=\"_blank\" rel=\"noopener noreferrer\">Maxima Cer Amaranto<\/a><\/strong><\/h5>\n<p><iframe loading=\"lazy\" title=\"Maxima Cer Amaranto\" src=\"https:\/\/www.youtube-nocookie.com\/embed\/Yeoa4XFbNE0\" width=\"300\" height=\"169\" frameborder=\"0\" allowfullscreen=\"allowfullscreen\"><\/iframe>[\/vc_column_text][\/vc_column][vc_column width=&#8221;1\/2&#8243;][vc_column_text]<\/p>\n<h5><a href=\"https:\/\/www.youtube.com\/watch?v=ZaTf9R1xX34&amp;rel=0\" target=\"_blank\" rel=\"noopener noreferrer\">Cer Rosa Turbo<\/a><\/h5>\n<p><iframe loading=\"lazy\" src=\"https:\/\/www.youtube-nocookie.com\/embed\/ZaTf9R1xX34?rel=0\" width=\"300\" height=\"169\" frameborder=\"0\" allowfullscreen=\"allowfullscreen\" data-mce-fragment=\"1\"><\/iframe><\/p>\n<p>Guardando questo video capirai perch\u00e9 il Cer Rosa Turbo \u00e8 il nostro prodotto pi\u00f9 venduto. Non c\u2019\u00e8 nessun materiale da rivestimento che resista alla taglienza di questo disco diamantato<\/p>\n<p>[\/vc_column_text][\/vc_column][\/vc_row][vc_row bottom_padding=&#8221;50&#8243;][vc_column width=&#8221;1\/2&#8243;][vc_column_text]<\/p>\n<h5><a href=\"https:\/\/www.youtube.com\/watch?v=OT-cP0rz9j8&amp;rel=0\" target=\"_blank\" rel=\"noopener noreferrer\">Laser Argento<\/a><\/h5>\n<p><iframe loading=\"lazy\" src=\"https:\/\/www.youtube-nocookie.com\/embed\/OT-cP0rz9j8?rel=0\" width=\"300\" height=\"169\" frameborder=\"0\" allowfullscreen=\"allowfullscreen\" data-mce-fragment=\"1\"><\/iframe><\/p>\n<p>Ti scoccia cambiare disco quando necessiti di tagliare alcuni materiali? Guardando questo video rimarrai stupito dalle capacit\u00e0 del Laser Argento di tagliare tutto<\/p>\n<p>[\/vc_column_text][\/vc_column][vc_column width=&#8221;1\/2&#8243;][vc_column_text]<\/p>\n<h5><a href=\"https:\/\/www.youtube.com\/watch?v=-N99qsZgH2k&amp;rel=0\" target=\"_blank\" rel=\"noopener noreferrer\">Taglierina MAXI 700 380V<\/a><\/h5>\n<p><iframe loading=\"lazy\" src=\"https:\/\/www.youtube-nocookie.com\/embed\/-N99qsZgH2k?rel=0\" width=\"300\" height=\"169\" frameborder=\"0\" allowfullscreen=\"allowfullscreen\" data-mce-fragment=\"1\"><\/iframe><\/p>\n<p>Pi\u00f9 il blocco \u00e8 grande e pi\u00f9 si apprezza la Maxi 700. Guarda come \u00e8 facile tagliare un blocco di 30 cm di altezza.<\/p>\n<p>[\/vc_column_text][\/vc_column][\/vc_row][vc_row bottom_padding=&#8221;50&#8243;][vc_column width=&#8221;1\/2&#8243;][vc_column_text]<\/p>\n<h5><a href=\"https:\/\/www.youtube.com\/watch?v=M6iDGt0fIoc&amp;rel=0\" target=\"_blank\" rel=\"noopener noreferrer\">Maxi 200 Ponte<\/a><\/h5>\n<p><iframe loading=\"lazy\" src=\"https:\/\/www.youtube-nocookie.com\/embed\/M6iDGt0fIoc?rel=0\" width=\"300\" height=\"169\" frameborder=\"0\" allowfullscreen=\"allowfullscreen\" data-mce-fragment=\"1\"><\/iframe><\/p>\n<p>Leggera, compatta, alluminio e ferro dove serve la rendono adatta ai veri professionisti della posa. Precisione e velocit\u00e0 di taglio ne fanno una vera alleata dei professionisti.<\/p>\n<p>[\/vc_column_text][\/vc_column][vc_column width=&#8221;1\/2&#8243;][vc_column_text]<\/p>\n<h5><a href=\"https:\/\/www.youtube.com\/watch?v=f5-1WJEklgI&amp;rel=0\" target=\"_blank\" rel=\"noopener noreferrer\">Scanalatore Scanmax 180<\/a><\/h5>\n<p><iframe loading=\"lazy\" src=\"https:\/\/www.youtube-nocookie.com\/embed\/f5-1WJEklgI?rel=0\" width=\"300\" height=\"169\" frameborder=\"0\" allowfullscreen=\"allowfullscreen\" data-mce-fragment=\"1\"><\/iframe><\/p>\n<p>Per realizzare tracce anche su cemento. E\u2019 possibile regolare le dimensioni del taglio fino ad un massimo di 6 x 6 cm. Con aspirapolveri Aspiramax 1200.<\/p>\n<p>[\/vc_column_text][\/vc_column][\/vc_row][vc_row bottom_padding=&#8221;50&#8243;][vc_column width=&#8221;1\/2&#8243;][vc_column_text]<\/p>\n<h5><a href=\"https:\/\/www.youtube.com\/watch?v=FRYOk-tqzVg&amp;rel=0\" target=\"_blank\" rel=\"noopener noreferrer\">Levimax 125 Z CUP<\/a><\/h5>\n<p><iframe loading=\"lazy\" src=\"https:\/\/www.youtube-nocookie.com\/embed\/FRYOk-tqzVg?rel=0\" width=\"300\" height=\"169\" frameborder=\"0\" allowfullscreen=\"allowfullscreen\" data-mce-fragment=\"1\"><\/iframe><\/p>\n<p>Levimax sgrossa e leviga tutti i materiali edili. E\u2019 dotata di carter di protezione squadrato per lavorare al massimo anche negli angoli.<\/p>\n<p>[\/vc_column_text][\/vc_column][vc_column width=&#8221;1\/2&#8243;][vc_column_text]<\/p>\n<h5 id=\"watch-headline-title\"><a href=\"https:\/\/www.youtube.com\/watch?v=6YxedZH7OFI&amp;rel=0\" target=\"_blank\" rel=\"noopener noreferrer\">Carotatore CAROMAX 1800<\/a><br \/>\n<a href=\"https:\/\/www.youtube.com\/watch?v=6YxedZH7OFI&amp;rel=0\"> a secco con FORETTO LASER ORO SPIRAL<\/a><\/h5>\n<p><iframe loading=\"lazy\" src=\"https:\/\/www.youtube-nocookie.com\/embed\/6YxedZH7OFI?rel=0\" width=\"300\" height=\"169\" frameborder=\"0\" allowfullscreen=\"allowfullscreen\" data-mce-fragment=\"1\"><\/iframe><\/p>\n<p>Forare il cemento armato a secco non \u00e8 pi\u00f9 un problema. Dimentica acqua e sporco. Colonne e tasselli. Con Caromax 1800 lavori senza supporti e a secco.<\/p>\n<p>[\/vc_column_text][\/vc_column][\/vc_row][vc_row bottom_padding=&#8221;50&#8243;][vc_column width=&#8221;1\/2&#8243;][vc_column_text]<\/p>\n<h5 id=\"watch-headline-title\"><a href=\"https:\/\/www.youtube.com\/watch?v=XroJRHwripc&amp;rel=0\" target=\"_blank\" rel=\"noopener noreferrer\">Carotatore CAROMAX 1800<\/a><br \/>\n<a href=\"https:\/\/www.youtube.com\/watch?v=XroJRHwripc&amp;rel=0\"> a secco con FORETTO LASER ARGENTO<\/a><\/h5>\n<p><iframe loading=\"lazy\" src=\"https:\/\/www.youtube-nocookie.com\/embed\/XroJRHwripc?rel=0\" width=\"300\" height=\"169\" frameborder=\"0\" allowfullscreen=\"allowfullscreen\" data-mce-fragment=\"1\"><\/iframe><\/p>\n<p>Forare il cemento armato a secco non \u00e8 pi\u00f9 un problema. Dimentica acqua e sporco. Colonne e tasselli. Con Caromax 1800 lavori senza supporti e a secco.<\/p>\n<p>[\/vc_column_text][\/vc_column][vc_column width=&#8221;1\/2&#8243;][vc_column_text]<\/p>\n<h5 id=\"watch-headline-title\"><a href=\"https:\/\/www.youtube.com\/watch?v=BtLTcmub7Lk&amp;rel=0\" target=\"_blank\" rel=\"noopener noreferrer\">Carotatore CAROMAX 160<\/a><br \/>\n<a href=\"https:\/\/www.youtube.com\/watch?v=BtLTcmub7Lk&amp;rel=0\"> ad acqua con FORETTO LASER 450<\/a><\/h5>\n<p><iframe loading=\"lazy\" src=\"https:\/\/www.youtube-nocookie.com\/embed\/BtLTcmub7Lk?rel=0\" width=\"300\" height=\"169\" frameborder=\"0\" allowfullscreen=\"allowfullscreen\" data-mce-fragment=\"1\"><\/iframe><\/p>\n<p>Guarda 4 carotatrici in 1: la Caromax 160. Utilizzabile a secco o ad acqua, con supporto o manualmente, \u00e8 il vero jolly in cantiere.<\/p>\n<p>[\/vc_column_text][\/vc_column][\/vc_row][vc_row bottom_padding=&#8221;50&#8243;][vc_column width=&#8221;1\/2&#8243;][vc_column_text]<\/p>\n<h5 id=\"watch-headline-title\"><a href=\"https:\/\/www.youtube.com\/watch?v=FQW57Vxc6HY&amp;rel=0\" target=\"_blank\" rel=\"noopener noreferrer\">Carotatore CAROMAX 1800<\/a><br \/>\n<a href=\"https:\/\/www.youtube.com\/watch?v=FQW57Vxc6HY&amp;rel=0\"> ad acqua con FORETTO LASER 300<\/a><\/h5>\n<p><iframe loading=\"lazy\" src=\"https:\/\/www.youtube-nocookie.com\/embed\/FQW57Vxc6HY?rel=0\" width=\"300\" height=\"169\" frameborder=\"0\" allowfullscreen=\"allowfullscreen\" data-mce-fragment=\"1\"><\/iframe><\/p>\n<p>Indispensabile quando si vogliono realizzare velocemente fori di piccolo diametro ad acqua, la Caromax 1800 Acqua ha il selettore di velocit\u00e0 e l\u2019innesto per l\u2019acqua&nbsp;<\/p>\n<p>[\/vc_column_text][\/vc_column][vc_column width=&#8221;1\/2&#8243;][\/vc_column][\/vc_row][vc_row][vc_column][vc_column_text]<\/p>\n<p>&nbsp;[\/vc_column_text][\/vc_column][\/vc_row]<\/p>\n<\/div>","protected":false},"excerpt":{"rendered":"<p>[vc_row bottom_padding=&#8221;50&#8243;][vc_column width=&#8221;1\/2&#8243;][vc_column_text] Maxima Caromax 1800 [\/vc_column_text][\/vc_column][vc_column width=&#8221;1\/2&#8243;][vc_column_text] &nbsp;Maxima Caromax 800 &nbsp; [\/vc_column_text][\/vc_column][\/vc_row][vc_row bottom_padding=&#8221;50&#8243;][vc_column width=&#8221;1\/2&#8243;][vc_column_text] Carotatore CAROMAX 1800 a secco con FORETTO LASER 250 e aspirazione Il video pi\u00f9 visto. Guarda con che facilit\u00e0 foriamo il cemento armato a secco. Grazie al Caromax 1800 e al sistema di aspirazione con foretto Laser 250. E senza far polvere [\/vc_column_text][\/vc_column][vc_column width=&#8221;1\/2&#8243;][vc_column_text] Carotatore CAROMAX 800 ad acqua con FORETTO ORO GRES Strabiliante la velocit\u00e0 con cui il Caromax 800 con foretti Laser Oro Gres fora tutti i materiali pi\u00f9 duri, dal gres al granito al porfido [\/vc_column_text][\/vc_column][\/vc_row][vc_row bottom_padding=&#8221;50&#8243;][vc_column width=&#8221;1\/2&#8243;][vc_column_text] Maxima Cer Amaranto [\/vc_column_text][\/vc_column][vc_column width=&#8221;1\/2&#8243;][vc_column_text] Cer Rosa Turbo Guardando questo video capirai perch\u00e9 il Cer Rosa Turbo \u00e8 il nostro prodotto pi\u00f9 venduto. Non c\u2019\u00e8 nessun materiale da rivestimento che resista alla taglienza di questo disco diamantato [\/vc_column_text][\/vc_column][\/vc_row][vc_row bottom_padding=&#8221;50&#8243;][vc_column width=&#8221;1\/2&#8243;][vc_column_text] Laser Argento Ti scoccia cambiare disco quando necessiti di tagliare alcuni materiali? Guardando questo video rimarrai stupito dalle capacit\u00e0 del Laser Argento di tagliare tutto [\/vc_column_text][\/vc_column][vc_column width=&#8221;1\/2&#8243;][vc_column_text] Taglierina MAXI 700 380V Pi\u00f9 il blocco \u00e8 grande e pi\u00f9 si apprezza la Maxi 700. Guarda come \u00e8 facile tagliare un blocco di 30 cm di altezza. [\/vc_column_text][\/vc_column][\/vc_row][vc_row bottom_padding=&#8221;50&#8243;][vc_column width=&#8221;1\/2&#8243;][vc_column_text] Maxi 200 Ponte Leggera, compatta, alluminio [&hellip;]<\/p>\n","protected":false},"author":29,"featured_media":0,"parent":0,"menu_order":702,"comment_status":"closed","ping_status":"closed","template":"","meta":{"ngg_post_thumbnail":0,"_joinchat":[],"footnotes":""},"class_list":["post-5303","page","type-page","status-publish","hentry"],"yoast_head":"<!-- This site is optimized with the Yoast SEO plugin v25.5 - https:\/\/yoast.com\/wordpress\/plugins\/seo\/ -->\n<title>Prodotti Maxima - Maxima SpA<\/title>\n<meta name=\"robots\" content=\"index, follow, max-snippet:-1, max-image-preview:large, max-video-preview:-1\" \/>\n<link rel=\"canonical\" href=\"https:\/\/www.maxima-dia.com\/it\/video-prodotti-maxima\/\" \/>\n<meta property=\"og:locale\" content=\"it_IT\" \/>\n<meta property=\"og:type\" content=\"article\" \/>\n<meta property=\"og:title\" content=\"Prodotti Maxima - Maxima SpA\" \/>\n<meta property=\"og:description\" content=\"[vc_row bottom_padding=&#8221;50&#8243;][vc_column width=&#8221;1\/2&#8243;][vc_column_text] Maxima Caromax 1800 [\/vc_column_text][\/vc_column][vc_column width=&#8221;1\/2&#8243;][vc_column_text] &nbsp;Maxima Caromax 800 &nbsp; [\/vc_column_text][\/vc_column][\/vc_row][vc_row bottom_padding=&#8221;50&#8243;][vc_column width=&#8221;1\/2&#8243;][vc_column_text] Carotatore CAROMAX 1800 a secco con FORETTO LASER 250 e aspirazione Il video pi\u00f9 visto. Guarda con che facilit\u00e0 foriamo il cemento armato a secco. Grazie al Caromax 1800 e al sistema di aspirazione con foretto Laser 250. E senza far polvere [\/vc_column_text][\/vc_column][vc_column width=&#8221;1\/2&#8243;][vc_column_text] Carotatore CAROMAX 800 ad acqua con FORETTO ORO GRES Strabiliante la velocit\u00e0 con cui il Caromax 800 con foretti Laser Oro Gres fora tutti i materiali pi\u00f9 duri, dal gres al granito al porfido [\/vc_column_text][\/vc_column][\/vc_row][vc_row bottom_padding=&#8221;50&#8243;][vc_column width=&#8221;1\/2&#8243;][vc_column_text] Maxima Cer Amaranto [\/vc_column_text][\/vc_column][vc_column width=&#8221;1\/2&#8243;][vc_column_text] Cer Rosa Turbo Guardando questo video capirai perch\u00e9 il Cer Rosa Turbo \u00e8 il nostro prodotto pi\u00f9 venduto. Non c\u2019\u00e8 nessun materiale da rivestimento che resista alla taglienza di questo disco diamantato [\/vc_column_text][\/vc_column][\/vc_row][vc_row bottom_padding=&#8221;50&#8243;][vc_column width=&#8221;1\/2&#8243;][vc_column_text] Laser Argento Ti scoccia cambiare disco quando necessiti di tagliare alcuni materiali? Guardando questo video rimarrai stupito dalle capacit\u00e0 del Laser Argento di tagliare tutto [\/vc_column_text][\/vc_column][vc_column width=&#8221;1\/2&#8243;][vc_column_text] Taglierina MAXI 700 380V Pi\u00f9 il blocco \u00e8 grande e pi\u00f9 si apprezza la Maxi 700. Guarda come \u00e8 facile tagliare un blocco di 30 cm di altezza. [\/vc_column_text][\/vc_column][\/vc_row][vc_row bottom_padding=&#8221;50&#8243;][vc_column width=&#8221;1\/2&#8243;][vc_column_text] Maxi 200 Ponte Leggera, compatta, alluminio [&hellip;]\" \/>\n<meta property=\"og:url\" content=\"https:\/\/www.maxima-dia.com\/it\/video-prodotti-maxima\/\" \/>\n<meta property=\"og:site_name\" content=\"Maxima SpA\" \/>\n<meta property=\"article:publisher\" content=\"https:\/\/www.facebook.com\/Maxima-spa-106098566139597\" \/>\n<meta property=\"article:modified_time\" content=\"2025-11-14T08:58:36+00:00\" \/>\n<meta property=\"og:image\" content=\"https:\/\/www.maxima-dia.com\/wp-content\/uploads\/2022\/03\/MaximaSpA-logo-quadrato.jpg\" \/>\n\t<meta property=\"og:image:width\" content=\"500\" \/>\n\t<meta property=\"og:image:height\" content=\"500\" \/>\n\t<meta property=\"og:image:type\" content=\"image\/jpeg\" \/>\n<meta name=\"twitter:card\" content=\"summary_large_image\" \/>\n<meta name=\"twitter:site\" content=\"@Maximadia\" \/>\n<meta name=\"twitter:label1\" content=\"Tempo di lettura stimato\" \/>\n\t<meta name=\"twitter:data1\" content=\"3 minuti\" \/>\n<script type=\"application\/ld+json\" class=\"yoast-schema-graph\">{\"@context\":\"https:\/\/schema.org\",\"@graph\":[{\"@type\":\"WebPage\",\"@id\":\"https:\/\/www.maxima-dia.com\/it\/video-prodotti-maxima\/\",\"url\":\"https:\/\/www.maxima-dia.com\/it\/video-prodotti-maxima\/\",\"name\":\"Prodotti Maxima - Maxima SpA\",\"isPartOf\":{\"@id\":\"https:\/\/www.maxima-dia.com\/it\/#website\"},\"datePublished\":\"2013-04-30T08:00:55+00:00\",\"dateModified\":\"2025-11-14T08:58:36+00:00\",\"breadcrumb\":{\"@id\":\"https:\/\/www.maxima-dia.com\/it\/video-prodotti-maxima\/#breadcrumb\"},\"inLanguage\":\"it-IT\",\"potentialAction\":[{\"@type\":\"ReadAction\",\"target\":[\"https:\/\/www.maxima-dia.com\/it\/video-prodotti-maxima\/\"]}]},{\"@type\":\"BreadcrumbList\",\"@id\":\"https:\/\/www.maxima-dia.com\/it\/video-prodotti-maxima\/#breadcrumb\",\"itemListElement\":[{\"@type\":\"ListItem\",\"position\":1,\"name\":\"Home\",\"item\":\"https:\/\/www.maxima-dia.com\/it\/\"},{\"@type\":\"ListItem\",\"position\":2,\"name\":\"Prodotti Maxima\"}]},{\"@type\":\"WebSite\",\"@id\":\"https:\/\/www.maxima-dia.com\/it\/#website\",\"url\":\"https:\/\/www.maxima-dia.com\/it\/\",\"name\":\"Maxima SpA\",\"description\":\"Only for the real professionals\",\"potentialAction\":[{\"@type\":\"SearchAction\",\"target\":{\"@type\":\"EntryPoint\",\"urlTemplate\":\"https:\/\/www.maxima-dia.com\/it\/?s={search_term_string}\"},\"query-input\":{\"@type\":\"PropertyValueSpecification\",\"valueRequired\":true,\"valueName\":\"search_term_string\"}}],\"inLanguage\":\"it-IT\"}]}<\/script>\n<!-- \/ Yoast SEO plugin. -->","yoast_head_json":{"title":"Prodotti Maxima - Maxima SpA","robots":{"index":"index","follow":"follow","max-snippet":"max-snippet:-1","max-image-preview":"max-image-preview:large","max-video-preview":"max-video-preview:-1"},"canonical":"https:\/\/www.maxima-dia.com\/it\/video-prodotti-maxima\/","og_locale":"it_IT","og_type":"article","og_title":"Prodotti Maxima - Maxima SpA","og_description":"[vc_row bottom_padding=&#8221;50&#8243;][vc_column width=&#8221;1\/2&#8243;][vc_column_text] Maxima Caromax 1800 [\/vc_column_text][\/vc_column][vc_column width=&#8221;1\/2&#8243;][vc_column_text] &nbsp;Maxima Caromax 800 &nbsp; [\/vc_column_text][\/vc_column][\/vc_row][vc_row bottom_padding=&#8221;50&#8243;][vc_column width=&#8221;1\/2&#8243;][vc_column_text] Carotatore CAROMAX 1800 a secco con FORETTO LASER 250 e aspirazione Il video pi\u00f9 visto. Guarda con che facilit\u00e0 foriamo il cemento armato a secco. Grazie al Caromax 1800 e al sistema di aspirazione con foretto Laser 250. E senza far polvere [\/vc_column_text][\/vc_column][vc_column width=&#8221;1\/2&#8243;][vc_column_text] Carotatore CAROMAX 800 ad acqua con FORETTO ORO GRES Strabiliante la velocit\u00e0 con cui il Caromax 800 con foretti Laser Oro Gres fora tutti i materiali pi\u00f9 duri, dal gres al granito al porfido [\/vc_column_text][\/vc_column][\/vc_row][vc_row bottom_padding=&#8221;50&#8243;][vc_column width=&#8221;1\/2&#8243;][vc_column_text] Maxima Cer Amaranto [\/vc_column_text][\/vc_column][vc_column width=&#8221;1\/2&#8243;][vc_column_text] Cer Rosa Turbo Guardando questo video capirai perch\u00e9 il Cer Rosa Turbo \u00e8 il nostro prodotto pi\u00f9 venduto. Non c\u2019\u00e8 nessun materiale da rivestimento che resista alla taglienza di questo disco diamantato [\/vc_column_text][\/vc_column][\/vc_row][vc_row bottom_padding=&#8221;50&#8243;][vc_column width=&#8221;1\/2&#8243;][vc_column_text] Laser Argento Ti scoccia cambiare disco quando necessiti di tagliare alcuni materiali? Guardando questo video rimarrai stupito dalle capacit\u00e0 del Laser Argento di tagliare tutto [\/vc_column_text][\/vc_column][vc_column width=&#8221;1\/2&#8243;][vc_column_text] Taglierina MAXI 700 380V Pi\u00f9 il blocco \u00e8 grande e pi\u00f9 si apprezza la Maxi 700. Guarda come \u00e8 facile tagliare un blocco di 30 cm di altezza. [\/vc_column_text][\/vc_column][\/vc_row][vc_row bottom_padding=&#8221;50&#8243;][vc_column width=&#8221;1\/2&#8243;][vc_column_text] Maxi 200 Ponte Leggera, compatta, alluminio [&hellip;]","og_url":"https:\/\/www.maxima-dia.com\/it\/video-prodotti-maxima\/","og_site_name":"Maxima SpA","article_publisher":"https:\/\/www.facebook.com\/Maxima-spa-106098566139597","article_modified_time":"2025-11-14T08:58:36+00:00","og_image":[{"width":500,"height":500,"url":"https:\/\/www.maxima-dia.com\/wp-content\/uploads\/2022\/03\/MaximaSpA-logo-quadrato.jpg","type":"image\/jpeg"}],"twitter_card":"summary_large_image","twitter_site":"@Maximadia","twitter_misc":{"Tempo di lettura stimato":"3 minuti"},"schema":{"@context":"https:\/\/schema.org","@graph":[{"@type":"WebPage","@id":"https:\/\/www.maxima-dia.com\/it\/video-prodotti-maxima\/","url":"https:\/\/www.maxima-dia.com\/it\/video-prodotti-maxima\/","name":"Prodotti Maxima - Maxima SpA","isPartOf":{"@id":"https:\/\/www.maxima-dia.com\/it\/#website"},"datePublished":"2013-04-30T08:00:55+00:00","dateModified":"2025-11-14T08:58:36+00:00","breadcrumb":{"@id":"https:\/\/www.maxima-dia.com\/it\/video-prodotti-maxima\/#breadcrumb"},"inLanguage":"it-IT","potentialAction":[{"@type":"ReadAction","target":["https:\/\/www.maxima-dia.com\/it\/video-prodotti-maxima\/"]}]},{"@type":"BreadcrumbList","@id":"https:\/\/www.maxima-dia.com\/it\/video-prodotti-maxima\/#breadcrumb","itemListElement":[{"@type":"ListItem","position":1,"name":"Home","item":"https:\/\/www.maxima-dia.com\/it\/"},{"@type":"ListItem","position":2,"name":"Prodotti Maxima"}]},{"@type":"WebSite","@id":"https:\/\/www.maxima-dia.com\/it\/#website","url":"https:\/\/www.maxima-dia.com\/it\/","name":"Maxima SpA","description":"Only for the real professionals","potentialAction":[{"@type":"SearchAction","target":{"@type":"EntryPoint","urlTemplate":"https:\/\/www.maxima-dia.com\/it\/?s={search_term_string}"},"query-input":{"@type":"PropertyValueSpecification","valueRequired":true,"valueName":"search_term_string"}}],"inLanguage":"it-IT"}]}},"_links":{"self":[{"href":"https:\/\/www.maxima-dia.com\/it\/wp-json\/wp\/v2\/pages\/5303"}],"collection":[{"href":"https:\/\/www.maxima-dia.com\/it\/wp-json\/wp\/v2\/pages"}],"about":[{"href":"https:\/\/www.maxima-dia.com\/it\/wp-json\/wp\/v2\/types\/page"}],"author":[{"embeddable":true,"href":"https:\/\/www.maxima-dia.com\/it\/wp-json\/wp\/v2\/users\/29"}],"replies":[{"embeddable":true,"href":"https:\/\/www.maxima-dia.com\/it\/wp-json\/wp\/v2\/comments?post=5303"}],"version-history":[{"count":7,"href":"https:\/\/www.maxima-dia.com\/it\/wp-json\/wp\/v2\/pages\/5303\/revisions"}],"predecessor-version":[{"id":47030,"href":"https:\/\/www.maxima-dia.com\/it\/wp-json\/wp\/v2\/pages\/5303\/revisions\/47030"}],"wp:attachment":[{"href":"https:\/\/www.maxima-dia.com\/it\/wp-json\/wp\/v2\/media?parent=5303"}],"curies":[{"name":"wp","href":"https:\/\/api.w.org\/{rel}","templated":true}]}}