{"id":7086,"date":"2013-11-13T16:02:44","date_gmt":"2013-11-13T15:02:44","guid":{"rendered":"http:\/\/www.maxima-dia.com\/?post_type=products&#038;p=7086"},"modified":"2024-06-27T10:01:58","modified_gmt":"2024-06-27T08:01:58","slug":"cer-rosa-laser","status":"publish","type":"page","link":"https:\/\/www.maxima-dia.com\/it\/dischi-diamantati-per-ceramica\/cer-rosa-laser\/","title":{"rendered":"Cer Rosa Laser"},"content":{"rendered":"<div class=\"wpb-content-wrapper\"><p>[vc_row][vc_column text_align=&#8221;center&#8221; width=&#8221;1\/4&#8243;][vc_column_text]<a href=\"\/wp-content\/uploads\/2017\/02\/cer-rosa-laser.jpg\"><img loading=\"lazy\" decoding=\"async\" class=\"alignnone size-thumbnail wp-image-13837\" src=\"\/wp-content\/uploads\/2017\/02\/cer-rosa-laser-150x150.jpg\" alt=\"CER ROSA LASER\" width=\"150\" height=\"150\" srcset=\"https:\/\/www.maxima-dia.com\/wp-content\/uploads\/2017\/02\/cer-rosa-laser-150x150.jpg 150w, https:\/\/www.maxima-dia.com\/wp-content\/uploads\/2017\/02\/cer-rosa-laser-300x300.jpg 300w, https:\/\/www.maxima-dia.com\/wp-content\/uploads\/2017\/02\/cer-rosa-laser-768x768.jpg 768w, https:\/\/www.maxima-dia.com\/wp-content\/uploads\/2017\/02\/cer-rosa-laser-1024x1024.jpg 1024w, https:\/\/www.maxima-dia.com\/wp-content\/uploads\/2017\/02\/cer-rosa-laser-80x80.jpg 80w, https:\/\/www.maxima-dia.com\/wp-content\/uploads\/2017\/02\/cer-rosa-laser-500x500.jpg 500w, https:\/\/www.maxima-dia.com\/wp-content\/uploads\/2017\/02\/cer-rosa-laser-1000x1000.jpg 1000w, https:\/\/www.maxima-dia.com\/wp-content\/uploads\/2017\/02\/cer-rosa-laser.jpg 1200w\" sizes=\"(max-width: 150px) 100vw, 150px\" \/><\/a><\/p>\n<p><span style=\"background-color: #cc0000; color: #ffffff; padding: 5px;\">Sp. 1,3 mm<\/span>[\/vc_column_text][vc_column_text css_animation=&#8221;slideInDown&#8221; el_class=&#8221;hidebuybutton&#8221;]<a href=\"https:\/\/www.storemaxima.com\/it\/dischi-per-ceramica\/30-cer-rosa-laser.html\" target=\"_blank\" rel=\"noopener\"><img loading=\"lazy\" decoding=\"async\" class=\"alignnone\" title=\"Acquista su www.storemaxima.com\" src=\"https:\/\/www.maxima-dia.com\/wp-content\/uploads\/2019\/12\/pulsante-acquista-storemaxima.com-it.svg\" alt=\"\" width=\"180\" height=\"80\"><\/a>[\/vc_column_text][vc_btn title=&#8221;Scheda prodotto&#8221; style=&#8221;outline-custom&#8221; outline_custom_color=&#8221;#cc0000&#8243; outline_custom_hover_background=&#8221;#910000&#8243; outline_custom_hover_text=&#8221;#f7f7f7&#8243; align=&#8221;center&#8221; i_icon_fontawesome=&#8221;fas fa-download&#8221; add_icon=&#8221;true&#8221; css=&#8221;.vc_custom_1681282667050{margin-top: 5px !important;margin-right: 5px !important;margin-bottom: 5px !important;margin-left: 5px !important;}&#8221; link=&#8221;url:%2Fdl.php%3Ffile_url%3Dhttps%3A%2F%2Fwww.maxima-dia.com%2Fwp-content%2Fuploads%2F2023%2F04%2FDISCHI-CERAMICA-CER-ROSA-LASER-IT.pdf&#8221;][\/vc_column][vc_column width=&#8221;3\/4&#8243;][vc_column_text]<strong>Cer Rosa Laser<\/strong> \u00e8 il fratello gemello del <a href=\"https:\/\/www.maxima-dia.com\/it\/dischi-diamantati-per-ceramica\/cer-rosa-turbo\/\"><strong>Cer Rosa Turbo<\/strong><\/a> e se ne distingue per il design liscio della corona, anch\u2019essa di spessore di 1,3 mm. Sviluppato specificatamente per il gres porcellanato, questo utensile super-sottile \u00e8 idoneo per tutti i tipi di piastrelle. Offre all\u2019utilizzatore professionale un\u2019elevata precisione e notevole velocit\u00e0 di taglio. Come il <a href=\"https:\/\/www.maxima-dia.com\/it\/dischi-diamantati-per-ceramica\/cer-rosa-turbo\/\"><strong>Cer Rosa Turbo<\/strong><\/a>, \u00e8 un modello in produzione da tempo ed \u00e8 perci\u00f2 apprezzato dal mercato per l\u2019estrema affidabilit\u00e0.<br \/>\n<strong>Per ragioni di sicurezza, \u00e8 sconsigliabile utilizzare dischi ultrasottili per il taglio a jolly.<\/strong><br \/>\n<strong>Disponibile anche nella versione X-Lock nei \u00f8 115 e 125.<\/strong><\/p>\n<table class=\"tabellatecnica\" style=\"width: 80%;\" border=\"0\" cellspacing=\"0\" cellpadding=\"0\">\n<thead>\n<tr>\n<td class=\"testata\" colspan=\"2\">TABELLA TECNICA<\/td>\n<\/tr>\n<\/thead>\n<tbody>\n<tr>\n<td class=\"prima\">Cemento Stagionato \/ Laterizi \/ Tegole<\/td>\n<td class=\"seconda\">&nbsp;<\/td>\n<\/tr>\n<tr>\n<td class=\"prima\">Calcestruzzo poco armato<\/td>\n<td class=\"seconda\">&nbsp;<\/td>\n<\/tr>\n<tr>\n<td class=\"prima\">Calcestruzzo molto armato<\/td>\n<td class=\"seconda\">&nbsp;<\/td>\n<\/tr>\n<tr>\n<td class=\"prima\">Graniti \/ Pietre naturali \/ Porfidi<\/td>\n<td class=\"seconda\"><b class=\"txtred\">\u2605<\/b><b class=\"txtred\">\u2605<\/b><b class=\"txtred\">\u2605<\/b><b class=\"txtred\">\u2605<\/b><\/td>\n<\/tr>\n<tr>\n<td class=\"prima\">Marmi<\/td>\n<td class=\"seconda\"><b class=\"txtred\">\u2605<\/b><b class=\"txtred\">\u2605<\/b><b class=\"txtred\">\u2605<\/b><b class=\"txtred\">\u2605<\/b><b class=\"txtred\">\u2605<\/b><\/td>\n<\/tr>\n<tr>\n<td class=\"prima\">Refrattari<\/td>\n<td class=\"seconda\">&nbsp;<\/td>\n<\/tr>\n<tr>\n<td class=\"prima\">Arenarie \/ Piastre ghiaino lavato<\/td>\n<td class=\"seconda\">&nbsp;<\/td>\n<\/tr>\n<tr>\n<td class=\"prima\">Ceramica bicottura<\/td>\n<td class=\"seconda\"><b class=\"txtred\">\u2605<\/b><b class=\"txtred\">\u2605<\/b><b class=\"txtred\">\u2605<\/b><b class=\"txtred\">\u2605<\/b><b class=\"txtred\">\u2605<\/b><\/td>\n<\/tr>\n<tr>\n<td class=\"prima\">Ceramica monocottura<\/td>\n<td class=\"seconda\"><b class=\"txtred\">\u2605<\/b><b class=\"txtred\">\u2605<\/b><b class=\"txtred\">\u2605<\/b><b class=\"txtred\">\u2605<\/b><b class=\"txtred\">\u2605<\/b><\/td>\n<\/tr>\n<tr>\n<td class=\"prima\">Gres porcellanato \/ Klinker<\/td>\n<td class=\"seconda\"><b class=\"txtred\">\u2605<\/b><b class=\"txtred\">\u2605<\/b><b class=\"txtred\">\u2605<\/b><b class=\"txtred\">\u2605<\/b><b class=\"txtred\">\u2605<\/b><\/td>\n<\/tr>\n<tr>\n<td class=\"prima\">Cemento fresco<\/td>\n<td class=\"seconda\">&nbsp;<\/td>\n<\/tr>\n<tr>\n<td class=\"prima\">Asfalto<\/td>\n<td class=\"seconda\">&nbsp;<\/td>\n<\/tr>\n<tr>\n<td class=\"intervallo\" colspan=\"2\">&nbsp;<\/td>\n<\/tr>\n<tr>\n<td class=\"prima\">Velocit\u00e0 di taglio<\/td>\n<td class=\"seconda\"><b class=\"txtred\">\u2605<\/b><b class=\"txtred\">\u2605<\/b><b class=\"txtred\">\u2605<\/b><b class=\"txtred\">\u2605<\/b><b class=\"txtred\">\u2605<\/b><\/td>\n<\/tr>\n<tr>\n<td class=\"prima\">Durata media<\/td>\n<td class=\"seconda\"><b class=\"txtred\">\u2605<\/b><b class=\"txtred\">\u2605<\/b><b class=\"txtred\">\u2605<\/b><\/td>\n<\/tr>\n<tr>\n<td class=\"legenda\" colspan=\"2\"><strong>sufficiente<\/strong>&nbsp;<b class=\"txtred\">\u2605<\/b>&nbsp;&nbsp;&nbsp;&nbsp; <strong>medio<\/strong> <b class=\"txtred\">\u2605<\/b><b class=\"txtred\">\u2605<\/b>&nbsp;&nbsp;&nbsp;&nbsp; <strong>buono<\/strong> <b class=\"txtred\">\u2605<\/b><b class=\"txtred\">\u2605<\/b><b class=\"txtred\">\u2605<\/b>&nbsp;&nbsp;&nbsp;&nbsp; <strong>ottimo<\/strong> <b class=\"txtred\">\u2605<\/b><b class=\"txtred\">\u2605<\/b><b class=\"txtred\">\u2605<\/b><b class=\"txtred\">\u2605<\/b>&nbsp;&nbsp;&nbsp;&nbsp; <strong>super<\/strong> <b class=\"txtred\">\u2605<\/b><b class=\"txtred\">\u2605<\/b><b class=\"txtred\">\u2605<\/b><b class=\"txtred\">\u2605<\/b><b class=\"txtred\">\u2605<\/b><\/td>\n<\/tr>\n<\/tbody>\n<\/table>\n<p>&nbsp;<\/p>\n<table class=\"tabellatecnica\" style=\"width: 80%;\" border=\"0\" cellspacing=\"0\" cellpadding=\"0\">\n<thead>\n<tr>\n<td class=\"testata\" style=\"width: 99.8978%;\" colspan=\"2\">DIAMETRI DISPONIBILI<\/td>\n<\/tr>\n<\/thead>\n<tbody>\n<tr>\n<td style=\"width: 50%;\"><img loading=\"lazy\" decoding=\"async\" class=\"alignleft\" style=\"margin-bottom: 30px;\" src=\"\/wp-content\/uploads\/2013\/10\/s-taglio1.png\" alt=\"s-taglio1\" width=\"64\" height=\"30\"> 115-125-230CR<\/td>\n<td style=\"width: 50%;\" valign=\"top\"><img loading=\"lazy\" decoding=\"async\" class=\"alignleft\" src=\"\/wp-content\/uploads\/2013\/11\/s-taglio3.png\" alt=\"s-taglio3\" width=\"49\" height=\"50\">180-200-230F25<br \/>\n250-300-350-400<\/td>\n<\/tr>\n<tr>\n<td style=\"width: 50%;\"><img loading=\"lazy\" decoding=\"async\" class=\"alignleft wp-image-7031\" src=\"\/wp-content\/uploads\/2013\/11\/s-taglio4.png\" alt=\"s-taglio4\" width=\"65\" height=\"44\" srcset=\"https:\/\/www.maxima-dia.com\/wp-content\/uploads\/2013\/11\/s-taglio4.png 433w, https:\/\/www.maxima-dia.com\/wp-content\/uploads\/2013\/11\/s-taglio4-300x204.png 300w, https:\/\/www.maxima-dia.com\/wp-content\/uploads\/2013\/11\/s-taglio4-120x80.png 120w, https:\/\/www.maxima-dia.com\/wp-content\/uploads\/2013\/11\/s-taglio4-191x132.png 191w\" sizes=\"(max-width: 65px) 100vw, 65px\" \/>115-125-150-230F25<br \/>\n250-300-350<\/td>\n<td style=\"width: 50%;\">&nbsp;<\/td>\n<\/tr>\n<\/tbody>\n<\/table>\n<p>&nbsp;[\/vc_column_text][\/vc_column][\/vc_row]<\/p>\n<\/div>","protected":false},"excerpt":{"rendered":"<p>[vc_row][vc_column text_align=&#8221;center&#8221; width=&#8221;1\/4&#8243;][vc_column_text] Sp. 1,3 mm[\/vc_column_text][vc_column_text css_animation=&#8221;slideInDown&#8221; el_class=&#8221;hidebuybutton&#8221;][\/vc_column_text][vc_btn title=&#8221;Scheda prodotto&#8221; style=&#8221;outline-custom&#8221; outline_custom_color=&#8221;#cc0000&#8243; outline_custom_hover_background=&#8221;#910000&#8243; outline_custom_hover_text=&#8221;#f7f7f7&#8243; align=&#8221;center&#8221; i_icon_fontawesome=&#8221;fas fa-download&#8221; add_icon=&#8221;true&#8221; css=&#8221;.vc_custom_1681282667050{margin-top: 5px !important;margin-right: 5px !important;margin-bottom: 5px !important;margin-left: 5px !important;}&#8221; link=&#8221;url:%2Fdl.php%3Ffile_url%3Dhttps%3A%2F%2Fwww.maxima-dia.com%2Fwp-content%2Fuploads%2F2023%2F04%2FDISCHI-CERAMICA-CER-ROSA-LASER-IT.pdf&#8221;][\/vc_column][vc_column width=&#8221;3\/4&#8243;][vc_column_text]Cer Rosa Laser \u00e8 il fratello gemello del Cer Rosa Turbo e se ne distingue per il design liscio della corona, anch\u2019essa di spessore di 1,3 mm. Sviluppato specificatamente per il gres porcellanato, questo utensile super-sottile \u00e8 idoneo per tutti i tipi di piastrelle. Offre all\u2019utilizzatore professionale un\u2019elevata precisione e notevole velocit\u00e0 di taglio. Come il Cer Rosa Turbo, \u00e8 un modello in produzione da tempo ed \u00e8 perci\u00f2 apprezzato dal mercato per l\u2019estrema affidabilit\u00e0. Per ragioni di sicurezza, \u00e8 sconsigliabile utilizzare dischi ultrasottili per il taglio a jolly. Disponibile anche nella versione X-Lock nei \u00f8 115 e 125. TABELLA TECNICA Cemento Stagionato \/ Laterizi \/ Tegole &nbsp; Calcestruzzo poco armato &nbsp; Calcestruzzo molto armato &nbsp; Graniti \/ Pietre naturali \/ Porfidi \u2605\u2605\u2605\u2605 Marmi \u2605\u2605\u2605\u2605\u2605 Refrattari &nbsp; Arenarie \/ Piastre ghiaino lavato &nbsp; Ceramica bicottura \u2605\u2605\u2605\u2605\u2605 Ceramica monocottura \u2605\u2605\u2605\u2605\u2605 Gres porcellanato \/ Klinker \u2605\u2605\u2605\u2605\u2605 Cemento fresco &nbsp; Asfalto &nbsp; &nbsp; Velocit\u00e0 di taglio \u2605\u2605\u2605\u2605\u2605 Durata media \u2605\u2605\u2605 sufficiente&nbsp;\u2605&nbsp;&nbsp;&nbsp;&nbsp; medio \u2605\u2605&nbsp;&nbsp;&nbsp;&nbsp; buono \u2605\u2605\u2605&nbsp;&nbsp;&nbsp;&nbsp; ottimo \u2605\u2605\u2605\u2605&nbsp;&nbsp;&nbsp;&nbsp; super \u2605\u2605\u2605\u2605\u2605 &nbsp; DIAMETRI DISPONIBILI 115-125-230CR 180-200-230F25 250-300-350-400 [&hellip;]<\/p>\n","protected":false},"author":29,"featured_media":13837,"parent":12410,"menu_order":5,"comment_status":"closed","ping_status":"closed","template":"","meta":{"ngg_post_thumbnail":0,"_joinchat":[],"footnotes":""},"class_list":["post-7086","page","type-page","status-publish","has-post-thumbnail","hentry"],"yoast_head":"<!-- This site is optimized with the Yoast SEO plugin v25.5 - https:\/\/yoast.com\/wordpress\/plugins\/seo\/ -->\n<title>Cer Rosa Laser - Maxima SpA<\/title>\n<meta name=\"description\" content=\"Cer Rosa Laser disco diamantato \u00e8 il fratello gemello del Cer Rosa Turbo Disco Diamantato e se ne distingue per il design liscio della corona, spessa 1,3 mm.\" \/>\n<meta name=\"robots\" content=\"index, follow, max-snippet:-1, max-image-preview:large, max-video-preview:-1\" \/>\n<link rel=\"canonical\" href=\"https:\/\/www.maxima-dia.com\/it\/dischi-diamantati-per-ceramica\/cer-rosa-laser\/\" \/>\n<meta property=\"og:locale\" content=\"it_IT\" \/>\n<meta property=\"og:type\" content=\"article\" \/>\n<meta property=\"og:title\" content=\"Cer Rosa Laser - Maxima SpA\" \/>\n<meta property=\"og:description\" content=\"Cer Rosa Laser disco diamantato \u00e8 il fratello gemello del Cer Rosa Turbo Disco Diamantato e se ne distingue per il design liscio della corona, spessa 1,3 mm.\" \/>\n<meta property=\"og:url\" content=\"https:\/\/www.maxima-dia.com\/it\/dischi-diamantati-per-ceramica\/cer-rosa-laser\/\" \/>\n<meta property=\"og:site_name\" content=\"Maxima SpA\" \/>\n<meta property=\"article:publisher\" content=\"https:\/\/www.facebook.com\/Maxima-spa-106098566139597\" \/>\n<meta property=\"article:modified_time\" content=\"2024-06-27T08:01:58+00:00\" \/>\n<meta property=\"og:image\" content=\"https:\/\/www.maxima-dia.com\/wp-content\/uploads\/2017\/02\/cer-rosa-laser.jpg\" \/>\n\t<meta property=\"og:image:width\" content=\"1200\" \/>\n\t<meta property=\"og:image:height\" content=\"1200\" \/>\n\t<meta property=\"og:image:type\" content=\"image\/jpeg\" \/>\n<meta name=\"twitter:card\" content=\"summary_large_image\" \/>\n<meta name=\"twitter:site\" content=\"@Maximadia\" \/>\n<meta name=\"twitter:label1\" content=\"Tempo di lettura stimato\" \/>\n\t<meta name=\"twitter:data1\" content=\"12 minuti\" \/>\n<script type=\"application\/ld+json\" class=\"yoast-schema-graph\">{\"@context\":\"https:\/\/schema.org\",\"@graph\":[{\"@type\":\"WebPage\",\"@id\":\"https:\/\/www.maxima-dia.com\/it\/dischi-diamantati-per-ceramica\/cer-rosa-laser\/\",\"url\":\"https:\/\/www.maxima-dia.com\/it\/dischi-diamantati-per-ceramica\/cer-rosa-laser\/\",\"name\":\"Cer Rosa Laser - Maxima SpA\",\"isPartOf\":{\"@id\":\"https:\/\/www.maxima-dia.com\/it\/#website\"},\"primaryImageOfPage\":{\"@id\":\"https:\/\/www.maxima-dia.com\/it\/dischi-diamantati-per-ceramica\/cer-rosa-laser\/#primaryimage\"},\"image\":{\"@id\":\"https:\/\/www.maxima-dia.com\/it\/dischi-diamantati-per-ceramica\/cer-rosa-laser\/#primaryimage\"},\"thumbnailUrl\":\"https:\/\/www.maxima-dia.com\/wp-content\/uploads\/2017\/02\/cer-rosa-laser.jpg\",\"datePublished\":\"2013-11-13T15:02:44+00:00\",\"dateModified\":\"2024-06-27T08:01:58+00:00\",\"description\":\"Cer Rosa Laser disco diamantato \u00e8 il fratello gemello del Cer Rosa Turbo Disco Diamantato e se ne distingue per il design liscio della corona, spessa 1,3 mm.\",\"breadcrumb\":{\"@id\":\"https:\/\/www.maxima-dia.com\/it\/dischi-diamantati-per-ceramica\/cer-rosa-laser\/#breadcrumb\"},\"inLanguage\":\"it-IT\",\"potentialAction\":[{\"@type\":\"ReadAction\",\"target\":[\"https:\/\/www.maxima-dia.com\/it\/dischi-diamantati-per-ceramica\/cer-rosa-laser\/\"]}]},{\"@type\":\"ImageObject\",\"inLanguage\":\"it-IT\",\"@id\":\"https:\/\/www.maxima-dia.com\/it\/dischi-diamantati-per-ceramica\/cer-rosa-laser\/#primaryimage\",\"url\":\"https:\/\/www.maxima-dia.com\/wp-content\/uploads\/2017\/02\/cer-rosa-laser.jpg\",\"contentUrl\":\"https:\/\/www.maxima-dia.com\/wp-content\/uploads\/2017\/02\/cer-rosa-laser.jpg\",\"width\":1200,\"height\":1200,\"caption\":\"CER ROSA LASER\"},{\"@type\":\"BreadcrumbList\",\"@id\":\"https:\/\/www.maxima-dia.com\/it\/dischi-diamantati-per-ceramica\/cer-rosa-laser\/#breadcrumb\",\"itemListElement\":[{\"@type\":\"ListItem\",\"position\":1,\"name\":\"Home\",\"item\":\"https:\/\/www.maxima-dia.com\/it\/\"},{\"@type\":\"ListItem\",\"position\":2,\"name\":\"Dischi Diamantati per Ceramica\",\"item\":\"https:\/\/www.maxima-dia.com\/it\/dischi-diamantati-per-ceramica\/\"},{\"@type\":\"ListItem\",\"position\":3,\"name\":\"Cer Rosa Laser\"}]},{\"@type\":\"WebSite\",\"@id\":\"https:\/\/www.maxima-dia.com\/it\/#website\",\"url\":\"https:\/\/www.maxima-dia.com\/it\/\",\"name\":\"Maxima SpA\",\"description\":\"Only for the real professionals\",\"potentialAction\":[{\"@type\":\"SearchAction\",\"target\":{\"@type\":\"EntryPoint\",\"urlTemplate\":\"https:\/\/www.maxima-dia.com\/it\/?s={search_term_string}\"},\"query-input\":{\"@type\":\"PropertyValueSpecification\",\"valueRequired\":true,\"valueName\":\"search_term_string\"}}],\"inLanguage\":\"it-IT\"}]}<\/script>\n<!-- \/ Yoast SEO plugin. -->","yoast_head_json":{"title":"Cer Rosa Laser - Maxima SpA","description":"Cer Rosa Laser disco diamantato \u00e8 il fratello gemello del Cer Rosa Turbo Disco Diamantato e se ne distingue per il design liscio della corona, spessa 1,3 mm.","robots":{"index":"index","follow":"follow","max-snippet":"max-snippet:-1","max-image-preview":"max-image-preview:large","max-video-preview":"max-video-preview:-1"},"canonical":"https:\/\/www.maxima-dia.com\/it\/dischi-diamantati-per-ceramica\/cer-rosa-laser\/","og_locale":"it_IT","og_type":"article","og_title":"Cer Rosa Laser - Maxima SpA","og_description":"Cer Rosa Laser disco diamantato \u00e8 il fratello gemello del Cer Rosa Turbo Disco Diamantato e se ne distingue per il design liscio della corona, spessa 1,3 mm.","og_url":"https:\/\/www.maxima-dia.com\/it\/dischi-diamantati-per-ceramica\/cer-rosa-laser\/","og_site_name":"Maxima SpA","article_publisher":"https:\/\/www.facebook.com\/Maxima-spa-106098566139597","article_modified_time":"2024-06-27T08:01:58+00:00","og_image":[{"width":1200,"height":1200,"url":"https:\/\/www.maxima-dia.com\/wp-content\/uploads\/2017\/02\/cer-rosa-laser.jpg","type":"image\/jpeg"}],"twitter_card":"summary_large_image","twitter_site":"@Maximadia","twitter_misc":{"Tempo di lettura stimato":"12 minuti"},"schema":{"@context":"https:\/\/schema.org","@graph":[{"@type":"WebPage","@id":"https:\/\/www.maxima-dia.com\/it\/dischi-diamantati-per-ceramica\/cer-rosa-laser\/","url":"https:\/\/www.maxima-dia.com\/it\/dischi-diamantati-per-ceramica\/cer-rosa-laser\/","name":"Cer Rosa Laser - Maxima SpA","isPartOf":{"@id":"https:\/\/www.maxima-dia.com\/it\/#website"},"primaryImageOfPage":{"@id":"https:\/\/www.maxima-dia.com\/it\/dischi-diamantati-per-ceramica\/cer-rosa-laser\/#primaryimage"},"image":{"@id":"https:\/\/www.maxima-dia.com\/it\/dischi-diamantati-per-ceramica\/cer-rosa-laser\/#primaryimage"},"thumbnailUrl":"https:\/\/www.maxima-dia.com\/wp-content\/uploads\/2017\/02\/cer-rosa-laser.jpg","datePublished":"2013-11-13T15:02:44+00:00","dateModified":"2024-06-27T08:01:58+00:00","description":"Cer Rosa Laser disco diamantato \u00e8 il fratello gemello del Cer Rosa Turbo Disco Diamantato e se ne distingue per il design liscio della corona, spessa 1,3 mm.","breadcrumb":{"@id":"https:\/\/www.maxima-dia.com\/it\/dischi-diamantati-per-ceramica\/cer-rosa-laser\/#breadcrumb"},"inLanguage":"it-IT","potentialAction":[{"@type":"ReadAction","target":["https:\/\/www.maxima-dia.com\/it\/dischi-diamantati-per-ceramica\/cer-rosa-laser\/"]}]},{"@type":"ImageObject","inLanguage":"it-IT","@id":"https:\/\/www.maxima-dia.com\/it\/dischi-diamantati-per-ceramica\/cer-rosa-laser\/#primaryimage","url":"https:\/\/www.maxima-dia.com\/wp-content\/uploads\/2017\/02\/cer-rosa-laser.jpg","contentUrl":"https:\/\/www.maxima-dia.com\/wp-content\/uploads\/2017\/02\/cer-rosa-laser.jpg","width":1200,"height":1200,"caption":"CER ROSA LASER"},{"@type":"BreadcrumbList","@id":"https:\/\/www.maxima-dia.com\/it\/dischi-diamantati-per-ceramica\/cer-rosa-laser\/#breadcrumb","itemListElement":[{"@type":"ListItem","position":1,"name":"Home","item":"https:\/\/www.maxima-dia.com\/it\/"},{"@type":"ListItem","position":2,"name":"Dischi Diamantati per Ceramica","item":"https:\/\/www.maxima-dia.com\/it\/dischi-diamantati-per-ceramica\/"},{"@type":"ListItem","position":3,"name":"Cer Rosa Laser"}]},{"@type":"WebSite","@id":"https:\/\/www.maxima-dia.com\/it\/#website","url":"https:\/\/www.maxima-dia.com\/it\/","name":"Maxima SpA","description":"Only for the real professionals","potentialAction":[{"@type":"SearchAction","target":{"@type":"EntryPoint","urlTemplate":"https:\/\/www.maxima-dia.com\/it\/?s={search_term_string}"},"query-input":{"@type":"PropertyValueSpecification","valueRequired":true,"valueName":"search_term_string"}}],"inLanguage":"it-IT"}]}},"_links":{"self":[{"href":"https:\/\/www.maxima-dia.com\/it\/wp-json\/wp\/v2\/pages\/7086"}],"collection":[{"href":"https:\/\/www.maxima-dia.com\/it\/wp-json\/wp\/v2\/pages"}],"about":[{"href":"https:\/\/www.maxima-dia.com\/it\/wp-json\/wp\/v2\/types\/page"}],"author":[{"embeddable":true,"href":"https:\/\/www.maxima-dia.com\/it\/wp-json\/wp\/v2\/users\/29"}],"replies":[{"embeddable":true,"href":"https:\/\/www.maxima-dia.com\/it\/wp-json\/wp\/v2\/comments?post=7086"}],"version-history":[{"count":2,"href":"https:\/\/www.maxima-dia.com\/it\/wp-json\/wp\/v2\/pages\/7086\/revisions"}],"predecessor-version":[{"id":43813,"href":"https:\/\/www.maxima-dia.com\/it\/wp-json\/wp\/v2\/pages\/7086\/revisions\/43813"}],"up":[{"embeddable":true,"href":"https:\/\/www.maxima-dia.com\/it\/wp-json\/wp\/v2\/pages\/12410"}],"wp:featuredmedia":[{"embeddable":true,"href":"https:\/\/www.maxima-dia.com\/it\/wp-json\/wp\/v2\/media\/13837"}],"wp:attachment":[{"href":"https:\/\/www.maxima-dia.com\/it\/wp-json\/wp\/v2\/media?parent=7086"}],"curies":[{"name":"wp","href":"https:\/\/api.w.org\/{rel}","templated":true}]}}