{"id":7175,"date":"2013-11-14T16:06:17","date_gmt":"2013-11-14T15:06:17","guid":{"rendered":"http:\/\/www.maxima-dia.com\/?post_type=products&#038;p=7175"},"modified":"2023-04-12T09:25:24","modified_gmt":"2023-04-12T07:25:24","slug":"scanmax-180-evo","status":"publish","type":"page","link":"https:\/\/www.maxima-dia.com\/it\/macchine-edili-taglio\/scanmax-180-evo\/","title":{"rendered":"Scanmax 180 EVO"},"content":{"rendered":"<div class=\"wpb-content-wrapper\"><p>[vc_row][vc_column text_align=&#8221;center&#8221; width=&#8221;1\/4&#8243;][vc_column_text]<a href=\"\/wp-content\/uploads\/2017\/02\/scanmax-180-evo.jpg\"><img loading=\"lazy\" decoding=\"async\" class=\"alignnone size-thumbnail wp-image-13912\" src=\"\/wp-content\/uploads\/2017\/02\/scanmax-180-evo-150x150.jpg\" alt=\"SCANMAX 180 EVO\" width=\"150\" height=\"150\" srcset=\"https:\/\/www.maxima-dia.com\/wp-content\/uploads\/2017\/02\/scanmax-180-evo-150x150.jpg 150w, https:\/\/www.maxima-dia.com\/wp-content\/uploads\/2017\/02\/scanmax-180-evo-300x300.jpg 300w, https:\/\/www.maxima-dia.com\/wp-content\/uploads\/2017\/02\/scanmax-180-evo-768x768.jpg 768w, https:\/\/www.maxima-dia.com\/wp-content\/uploads\/2017\/02\/scanmax-180-evo-1024x1024.jpg 1024w, https:\/\/www.maxima-dia.com\/wp-content\/uploads\/2017\/02\/scanmax-180-evo-80x80.jpg 80w, https:\/\/www.maxima-dia.com\/wp-content\/uploads\/2017\/02\/scanmax-180-evo-500x500.jpg 500w, https:\/\/www.maxima-dia.com\/wp-content\/uploads\/2017\/02\/scanmax-180-evo-1000x1000.jpg 1000w, https:\/\/www.maxima-dia.com\/wp-content\/uploads\/2017\/02\/scanmax-180-evo.jpg 1200w\" sizes=\"(max-width: 150px) 100vw, 150px\" \/><\/a><\/p>\n<p>made in EU&nbsp;<img loading=\"lazy\" decoding=\"async\" src=\"\/wp-content\/uploads\/2013\/11\/eu.png\" alt=\"eu\" width=\"24\" height=\"16\"> &#8211; certificata <span style=\"font-family: arial,helvetica,sans-serif;\">CE<\/span>[\/vc_column_text][vc_column_text css_animation=&#8221;slideInDown&#8221; el_class=&#8221;hidebuybutton&#8221;]<a href=\"https:\/\/www.storemaxima.com\/it\/macchine-edili-per-il-taglio\/53-scanmax-180-evo.html\" target=\"_blank\" rel=\"noopener\"><img loading=\"lazy\" decoding=\"async\" class=\"alignnone\" title=\"Acquista su www.storemaxima.com\" src=\"https:\/\/www.maxima-dia.com\/wp-content\/uploads\/2019\/12\/pulsante-acquista-storemaxima.com-it.svg\" alt=\"Acquista su www.storemaxima.com\" width=\"180\" height=\"80\"><\/a>[\/vc_column_text][vc_btn title=&#8221;Scheda prodotto&#8221; style=&#8221;outline-custom&#8221; outline_custom_color=&#8221;#cc0000&#8243; outline_custom_hover_background=&#8221;#910000&#8243; outline_custom_hover_text=&#8221;#f7f7f7&#8243; align=&#8221;center&#8221; i_icon_fontawesome=&#8221;fas fa-download&#8221; add_icon=&#8221;true&#8221; css=&#8221;.vc_custom_1681284321574{margin-top: 5px !important;margin-right: 5px !important;margin-bottom: 5px !important;margin-left: 5px !important;}&#8221; link=&#8221;url:%2Fdl.php%3Ffile_url%3Dhttps%3A%2F%2Fwww.maxima-dia.com%2Fwp-content%2Fuploads%2F2023%2F04%2FSCANMAX-180-EVO-IT.pdf&#8221;][\/vc_column][vc_column width=&#8221;3\/4&#8243;][vc_column_text]Evoluzione del modello precedente, <strong>ScanMax 180 EVO<\/strong> \u00e8 stato migliorato nell\u2019aspirazione delle polveri con l\u2019aggiunta di un carter basculante e nell\u2019impugnatura, resa pi\u00f9 ergonomica e nel fissaggio dei cavi elettrici, ora sempre fuori dal raggio d\u2019azione dell\u2019operatore. Potente e leggero, \u00e8 l\u2019unico in mercato con capacit\u00e0 di taglio 6&#215;6: la profondit\u00e0 di taglio massima \u00e8 6 cm, regolabile; la larghezza di taglio massima \u00e8 6 cm, regolabile. Viene fornito nella robusta valigetta metallica con 2<br \/>\ndischi <strong><a href=\"https:\/\/www.maxima-dia.com\/it\/dischi-diamantati-specifici\/laser-scan-rosso\/\">Laser Scan Rosso<\/a><\/strong> diametro 180 mm.<\/p>\n<table class=\"tabellafotocarotaggio\" style=\"width: 100%;\">\n<tbody>\n<tr>\n<td style=\"text-align: center; width: 25%;\"><a href=\"https:\/\/www.maxima-dia.com\/wp-content\/uploads\/2021\/07\/SCANMAX_180EVO-3.jpg\"><img loading=\"lazy\" decoding=\"async\" class=\"alignnone size-thumbnail wp-image-29038\" src=\"https:\/\/www.maxima-dia.com\/wp-content\/uploads\/2021\/07\/SCANMAX_180EVO-3-150x150.jpg\" alt=\"\" width=\"150\" height=\"150\" srcset=\"https:\/\/www.maxima-dia.com\/wp-content\/uploads\/2021\/07\/SCANMAX_180EVO-3-150x150.jpg 150w, https:\/\/www.maxima-dia.com\/wp-content\/uploads\/2021\/07\/SCANMAX_180EVO-3-300x300.jpg 300w, https:\/\/www.maxima-dia.com\/wp-content\/uploads\/2021\/07\/SCANMAX_180EVO-3-1024x1024.jpg 1024w, https:\/\/www.maxima-dia.com\/wp-content\/uploads\/2021\/07\/SCANMAX_180EVO-3-768x768.jpg 768w, https:\/\/www.maxima-dia.com\/wp-content\/uploads\/2021\/07\/SCANMAX_180EVO-3-1536x1536.jpg 1536w, https:\/\/www.maxima-dia.com\/wp-content\/uploads\/2021\/07\/SCANMAX_180EVO-3-80x80.jpg 80w, https:\/\/www.maxima-dia.com\/wp-content\/uploads\/2021\/07\/SCANMAX_180EVO-3-500x500.jpg 500w, https:\/\/www.maxima-dia.com\/wp-content\/uploads\/2021\/07\/SCANMAX_180EVO-3-1000x1000.jpg 1000w, https:\/\/www.maxima-dia.com\/wp-content\/uploads\/2021\/07\/SCANMAX_180EVO-3.jpg 1700w\" sizes=\"(max-width: 150px) 100vw, 150px\" \/><\/a><\/td>\n<td style=\"text-align: center; width: 25%;\"><a href=\"https:\/\/www.maxima-dia.com\/wp-content\/uploads\/2021\/07\/SCANMAX_180EVO-4.jpg\"><img loading=\"lazy\" decoding=\"async\" class=\"alignnone size-thumbnail wp-image-29044\" src=\"https:\/\/www.maxima-dia.com\/wp-content\/uploads\/2021\/07\/SCANMAX_180EVO-4-150x150.jpg\" alt=\"\" width=\"150\" height=\"150\" srcset=\"https:\/\/www.maxima-dia.com\/wp-content\/uploads\/2021\/07\/SCANMAX_180EVO-4-150x150.jpg 150w, https:\/\/www.maxima-dia.com\/wp-content\/uploads\/2021\/07\/SCANMAX_180EVO-4-300x300.jpg 300w, https:\/\/www.maxima-dia.com\/wp-content\/uploads\/2021\/07\/SCANMAX_180EVO-4-1024x1024.jpg 1024w, https:\/\/www.maxima-dia.com\/wp-content\/uploads\/2021\/07\/SCANMAX_180EVO-4-768x768.jpg 768w, https:\/\/www.maxima-dia.com\/wp-content\/uploads\/2021\/07\/SCANMAX_180EVO-4-1536x1536.jpg 1536w, https:\/\/www.maxima-dia.com\/wp-content\/uploads\/2021\/07\/SCANMAX_180EVO-4-80x80.jpg 80w, https:\/\/www.maxima-dia.com\/wp-content\/uploads\/2021\/07\/SCANMAX_180EVO-4-500x500.jpg 500w, https:\/\/www.maxima-dia.com\/wp-content\/uploads\/2021\/07\/SCANMAX_180EVO-4-1000x1000.jpg 1000w, https:\/\/www.maxima-dia.com\/wp-content\/uploads\/2021\/07\/SCANMAX_180EVO-4.jpg 1700w\" sizes=\"(max-width: 150px) 100vw, 150px\" \/><\/a><\/td>\n<td style=\"text-align: center; width: 25%;\"><a href=\"https:\/\/www.maxima-dia.com\/wp-content\/uploads\/2021\/07\/SCANMAX_180EVO-5.jpg\"><img loading=\"lazy\" decoding=\"async\" class=\"alignnone size-thumbnail wp-image-29050\" src=\"https:\/\/www.maxima-dia.com\/wp-content\/uploads\/2021\/07\/SCANMAX_180EVO-5-150x150.jpg\" alt=\"\" width=\"150\" height=\"150\" srcset=\"https:\/\/www.maxima-dia.com\/wp-content\/uploads\/2021\/07\/SCANMAX_180EVO-5-150x150.jpg 150w, https:\/\/www.maxima-dia.com\/wp-content\/uploads\/2021\/07\/SCANMAX_180EVO-5-300x300.jpg 300w, https:\/\/www.maxima-dia.com\/wp-content\/uploads\/2021\/07\/SCANMAX_180EVO-5-1024x1024.jpg 1024w, https:\/\/www.maxima-dia.com\/wp-content\/uploads\/2021\/07\/SCANMAX_180EVO-5-768x768.jpg 768w, https:\/\/www.maxima-dia.com\/wp-content\/uploads\/2021\/07\/SCANMAX_180EVO-5-1536x1536.jpg 1536w, https:\/\/www.maxima-dia.com\/wp-content\/uploads\/2021\/07\/SCANMAX_180EVO-5-80x80.jpg 80w, https:\/\/www.maxima-dia.com\/wp-content\/uploads\/2021\/07\/SCANMAX_180EVO-5-500x500.jpg 500w, https:\/\/www.maxima-dia.com\/wp-content\/uploads\/2021\/07\/SCANMAX_180EVO-5-1000x1000.jpg 1000w, https:\/\/www.maxima-dia.com\/wp-content\/uploads\/2021\/07\/SCANMAX_180EVO-5.jpg 1700w\" sizes=\"(max-width: 150px) 100vw, 150px\" \/><\/a><\/td>\n<td style=\"text-align: center; width: 25%;\"><a href=\"https:\/\/www.maxima-dia.com\/wp-content\/uploads\/2021\/07\/SCANMAX_180EVO-2.jpg\"><img loading=\"lazy\" decoding=\"async\" class=\"alignnone size-thumbnail wp-image-29032\" src=\"https:\/\/www.maxima-dia.com\/wp-content\/uploads\/2021\/07\/SCANMAX_180EVO-2-150x150.jpg\" alt=\"\" width=\"150\" height=\"150\" srcset=\"https:\/\/www.maxima-dia.com\/wp-content\/uploads\/2021\/07\/SCANMAX_180EVO-2-150x150.jpg 150w, https:\/\/www.maxima-dia.com\/wp-content\/uploads\/2021\/07\/SCANMAX_180EVO-2-300x300.jpg 300w, https:\/\/www.maxima-dia.com\/wp-content\/uploads\/2021\/07\/SCANMAX_180EVO-2-1024x1024.jpg 1024w, https:\/\/www.maxima-dia.com\/wp-content\/uploads\/2021\/07\/SCANMAX_180EVO-2-768x768.jpg 768w, https:\/\/www.maxima-dia.com\/wp-content\/uploads\/2021\/07\/SCANMAX_180EVO-2-1536x1536.jpg 1536w, https:\/\/www.maxima-dia.com\/wp-content\/uploads\/2021\/07\/SCANMAX_180EVO-2-80x80.jpg 80w, https:\/\/www.maxima-dia.com\/wp-content\/uploads\/2021\/07\/SCANMAX_180EVO-2-500x500.jpg 500w, https:\/\/www.maxima-dia.com\/wp-content\/uploads\/2021\/07\/SCANMAX_180EVO-2-1000x1000.jpg 1000w, https:\/\/www.maxima-dia.com\/wp-content\/uploads\/2021\/07\/SCANMAX_180EVO-2.jpg 1700w\" sizes=\"(max-width: 150px) 100vw, 150px\" \/><\/a><\/td>\n<\/tr>\n<\/tbody>\n<\/table>\n<p>&nbsp;<\/p>\n<table class=\"tabellatecnica\" style=\"width: 100%;\" border=\"0\" cellspacing=\"0\" cellpadding=\"0\">\n<thead>\n<tr>\n<td class=\"testata\" colspan=\"2\">CARATTERISTICHE TECNICHE<\/td>\n<\/tr>\n<\/thead>\n<tbody>\n<tr>\n<td class=\"coltesto1\" style=\"width: 50%;\">Potenza assorbita: 1800W &#8211; 230 V<\/td>\n<td class=\"coltesto2\" style=\"width: 50%;\">Velocit\u00e0 di Taglio: 0,5 m \/ Min su Cemento Armato<\/td>\n<\/tr>\n<tr>\n<td class=\"coltesto1\" style=\"width: 50%;\">Dischi da Diam. 180 mm &#8211; Foro 22,2<\/td>\n<td class=\"coltesto2\" style=\"width: 50%;\">Predisposizione per Aspirapolveri<\/td>\n<\/tr>\n<tr>\n<td class=\"coltesto1\" style=\"width: 50%;\">Giri a Vuoto: 4900 \/ Min<\/td>\n<td class=\"coltesto2\" style=\"width: 50%;\">Completa Assenza di Vibrazioni<\/td>\n<\/tr>\n<tr>\n<td class=\"coltesto1\" style=\"width: 50%;\">Larghezza di Taglio da 20 a 60 mm<\/td>\n<td class=\"coltesto2\" style=\"width: 50%;\">Fornito con: Dischi Diamantati e Cassetta Metallica<\/td>\n<\/tr>\n<tr>\n<td class=\"coltesto1\" style=\"width: 50%;\">Profondit\u00e0 di Taglio da 30 a 60 mm<\/td>\n<td class=\"coltesto2\" style=\"width: 50%;\">Peso: 6 kg<\/td>\n<\/tr>\n<tr>\n<td class=\"coltesto1\" style=\"width: 50%;\">Velocit\u00e0 di taglio: 2 m \/ Min su Mattone Forato<\/td>\n<td class=\"coltesto2\" style=\"width: 50%;\">&nbsp;<\/td>\n<\/tr>\n<\/tbody>\n<\/table>\n<p>[\/vc_column_text][\/vc_column][\/vc_row]<\/p>\n<\/div>","protected":false},"excerpt":{"rendered":"<p>[vc_row][vc_column text_align=&#8221;center&#8221; width=&#8221;1\/4&#8243;][vc_column_text] made in EU&nbsp; &#8211; certificata CE[\/vc_column_text][vc_column_text css_animation=&#8221;slideInDown&#8221; el_class=&#8221;hidebuybutton&#8221;][\/vc_column_text][vc_btn title=&#8221;Scheda prodotto&#8221; style=&#8221;outline-custom&#8221; outline_custom_color=&#8221;#cc0000&#8243; outline_custom_hover_background=&#8221;#910000&#8243; outline_custom_hover_text=&#8221;#f7f7f7&#8243; align=&#8221;center&#8221; i_icon_fontawesome=&#8221;fas fa-download&#8221; add_icon=&#8221;true&#8221; css=&#8221;.vc_custom_1681284321574{margin-top: 5px !important;margin-right: 5px !important;margin-bottom: 5px !important;margin-left: 5px !important;}&#8221; link=&#8221;url:%2Fdl.php%3Ffile_url%3Dhttps%3A%2F%2Fwww.maxima-dia.com%2Fwp-content%2Fuploads%2F2023%2F04%2FSCANMAX-180-EVO-IT.pdf&#8221;][\/vc_column][vc_column width=&#8221;3\/4&#8243;][vc_column_text]Evoluzione del modello precedente, ScanMax 180 EVO \u00e8 stato migliorato nell\u2019aspirazione delle polveri con l\u2019aggiunta di un carter basculante e nell\u2019impugnatura, resa pi\u00f9 ergonomica e nel fissaggio dei cavi elettrici, ora sempre fuori dal raggio d\u2019azione dell\u2019operatore. Potente e leggero, \u00e8 l\u2019unico in mercato con capacit\u00e0 di taglio 6&#215;6: la profondit\u00e0 di taglio massima \u00e8 6 cm, regolabile; la larghezza di taglio massima \u00e8 6 cm, regolabile. Viene fornito nella robusta valigetta metallica con 2 dischi Laser Scan Rosso diametro 180 mm. &nbsp; CARATTERISTICHE TECNICHE Potenza assorbita: 1800W &#8211; 230 V Velocit\u00e0 di Taglio: 0,5 m \/ Min su Cemento Armato Dischi da Diam. 180 mm &#8211; Foro 22,2 Predisposizione per Aspirapolveri Giri a Vuoto: 4900 \/ Min Completa Assenza di Vibrazioni Larghezza di Taglio da 20 a 60 mm Fornito con: Dischi Diamantati e Cassetta Metallica Profondit\u00e0 di Taglio da 30 a 60 mm Peso: 6 kg Velocit\u00e0 di taglio: 2 m \/ Min su Mattone Forato &nbsp; [\/vc_column_text][\/vc_column][\/vc_row]<\/p>\n","protected":false},"author":29,"featured_media":13912,"parent":12472,"menu_order":1,"comment_status":"closed","ping_status":"closed","template":"","meta":{"ngg_post_thumbnail":0,"_joinchat":[],"footnotes":""},"class_list":["post-7175","page","type-page","status-publish","has-post-thumbnail","hentry"],"yoast_head":"<!-- This site is optimized with the Yoast SEO plugin v25.5 - https:\/\/yoast.com\/wordpress\/plugins\/seo\/ -->\n<title>Scanmax 180 EVO - Maxima SpA<\/title>\n<meta name=\"robots\" content=\"index, follow, max-snippet:-1, max-image-preview:large, max-video-preview:-1\" \/>\n<link rel=\"canonical\" href=\"https:\/\/www.maxima-dia.com\/it\/macchine-edili-taglio\/scanmax-180-evo\/\" \/>\n<meta property=\"og:locale\" content=\"it_IT\" \/>\n<meta property=\"og:type\" content=\"article\" \/>\n<meta property=\"og:title\" content=\"Scanmax 180 EVO - Maxima SpA\" \/>\n<meta property=\"og:description\" content=\"[vc_row][vc_column text_align=&#8221;center&#8221; width=&#8221;1\/4&#8243;][vc_column_text] made in EU&nbsp; &#8211; certificata CE[\/vc_column_text][vc_column_text css_animation=&#8221;slideInDown&#8221; el_class=&#8221;hidebuybutton&#8221;][\/vc_column_text][vc_btn title=&#8221;Scheda prodotto&#8221; style=&#8221;outline-custom&#8221; outline_custom_color=&#8221;#cc0000&#8243; outline_custom_hover_background=&#8221;#910000&#8243; outline_custom_hover_text=&#8221;#f7f7f7&#8243; align=&#8221;center&#8221; i_icon_fontawesome=&#8221;fas fa-download&#8221; add_icon=&#8221;true&#8221; css=&#8221;.vc_custom_1681284321574{margin-top: 5px !important;margin-right: 5px !important;margin-bottom: 5px !important;margin-left: 5px !important;}&#8221; link=&#8221;url:%2Fdl.php%3Ffile_url%3Dhttps%3A%2F%2Fwww.maxima-dia.com%2Fwp-content%2Fuploads%2F2023%2F04%2FSCANMAX-180-EVO-IT.pdf&#8221;][\/vc_column][vc_column width=&#8221;3\/4&#8243;][vc_column_text]Evoluzione del modello precedente, ScanMax 180 EVO \u00e8 stato migliorato nell\u2019aspirazione delle polveri con l\u2019aggiunta di un carter basculante e nell\u2019impugnatura, resa pi\u00f9 ergonomica e nel fissaggio dei cavi elettrici, ora sempre fuori dal raggio d\u2019azione dell\u2019operatore. Potente e leggero, \u00e8 l\u2019unico in mercato con capacit\u00e0 di taglio 6&#215;6: la profondit\u00e0 di taglio massima \u00e8 6 cm, regolabile; la larghezza di taglio massima \u00e8 6 cm, regolabile. Viene fornito nella robusta valigetta metallica con 2 dischi Laser Scan Rosso diametro 180 mm. &nbsp; CARATTERISTICHE TECNICHE Potenza assorbita: 1800W &#8211; 230 V Velocit\u00e0 di Taglio: 0,5 m \/ Min su Cemento Armato Dischi da Diam. 180 mm &#8211; Foro 22,2 Predisposizione per Aspirapolveri Giri a Vuoto: 4900 \/ Min Completa Assenza di Vibrazioni Larghezza di Taglio da 20 a 60 mm Fornito con: Dischi Diamantati e Cassetta Metallica Profondit\u00e0 di Taglio da 30 a 60 mm Peso: 6 kg Velocit\u00e0 di taglio: 2 m \/ Min su Mattone Forato &nbsp; [\/vc_column_text][\/vc_column][\/vc_row]\" \/>\n<meta property=\"og:url\" content=\"https:\/\/www.maxima-dia.com\/it\/macchine-edili-taglio\/scanmax-180-evo\/\" \/>\n<meta property=\"og:site_name\" content=\"Maxima SpA\" \/>\n<meta property=\"article:publisher\" content=\"https:\/\/www.facebook.com\/Maxima-spa-106098566139597\" \/>\n<meta property=\"article:modified_time\" content=\"2023-04-12T07:25:24+00:00\" \/>\n<meta property=\"og:image\" content=\"https:\/\/www.maxima-dia.com\/wp-content\/uploads\/2017\/02\/scanmax-180-evo.jpg\" \/>\n\t<meta property=\"og:image:width\" content=\"1200\" \/>\n\t<meta property=\"og:image:height\" content=\"1200\" \/>\n\t<meta property=\"og:image:type\" content=\"image\/jpeg\" \/>\n<meta name=\"twitter:card\" content=\"summary_large_image\" \/>\n<meta name=\"twitter:site\" content=\"@Maximadia\" \/>\n<meta name=\"twitter:label1\" content=\"Tempo di lettura stimato\" \/>\n\t<meta name=\"twitter:data1\" content=\"3 minuti\" \/>\n<script type=\"application\/ld+json\" class=\"yoast-schema-graph\">{\"@context\":\"https:\/\/schema.org\",\"@graph\":[{\"@type\":\"WebPage\",\"@id\":\"https:\/\/www.maxima-dia.com\/it\/macchine-edili-taglio\/scanmax-180-evo\/\",\"url\":\"https:\/\/www.maxima-dia.com\/it\/macchine-edili-taglio\/scanmax-180-evo\/\",\"name\":\"Scanmax 180 EVO - Maxima SpA\",\"isPartOf\":{\"@id\":\"https:\/\/www.maxima-dia.com\/it\/#website\"},\"primaryImageOfPage\":{\"@id\":\"https:\/\/www.maxima-dia.com\/it\/macchine-edili-taglio\/scanmax-180-evo\/#primaryimage\"},\"image\":{\"@id\":\"https:\/\/www.maxima-dia.com\/it\/macchine-edili-taglio\/scanmax-180-evo\/#primaryimage\"},\"thumbnailUrl\":\"https:\/\/www.maxima-dia.com\/wp-content\/uploads\/2017\/02\/scanmax-180-evo.jpg\",\"datePublished\":\"2013-11-14T15:06:17+00:00\",\"dateModified\":\"2023-04-12T07:25:24+00:00\",\"breadcrumb\":{\"@id\":\"https:\/\/www.maxima-dia.com\/it\/macchine-edili-taglio\/scanmax-180-evo\/#breadcrumb\"},\"inLanguage\":\"it-IT\",\"potentialAction\":[{\"@type\":\"ReadAction\",\"target\":[\"https:\/\/www.maxima-dia.com\/it\/macchine-edili-taglio\/scanmax-180-evo\/\"]}]},{\"@type\":\"ImageObject\",\"inLanguage\":\"it-IT\",\"@id\":\"https:\/\/www.maxima-dia.com\/it\/macchine-edili-taglio\/scanmax-180-evo\/#primaryimage\",\"url\":\"https:\/\/www.maxima-dia.com\/wp-content\/uploads\/2017\/02\/scanmax-180-evo.jpg\",\"contentUrl\":\"https:\/\/www.maxima-dia.com\/wp-content\/uploads\/2017\/02\/scanmax-180-evo.jpg\",\"width\":1200,\"height\":1200,\"caption\":\"SCANMAX 180 EVO\"},{\"@type\":\"BreadcrumbList\",\"@id\":\"https:\/\/www.maxima-dia.com\/it\/macchine-edili-taglio\/scanmax-180-evo\/#breadcrumb\",\"itemListElement\":[{\"@type\":\"ListItem\",\"position\":1,\"name\":\"Home\",\"item\":\"https:\/\/www.maxima-dia.com\/it\/\"},{\"@type\":\"ListItem\",\"position\":2,\"name\":\"Macchine Edili Taglio\",\"item\":\"https:\/\/www.maxima-dia.com\/it\/macchine-edili-taglio\/\"},{\"@type\":\"ListItem\",\"position\":3,\"name\":\"Scanmax 180 EVO\"}]},{\"@type\":\"WebSite\",\"@id\":\"https:\/\/www.maxima-dia.com\/it\/#website\",\"url\":\"https:\/\/www.maxima-dia.com\/it\/\",\"name\":\"Maxima SpA\",\"description\":\"Only for the real professionals\",\"potentialAction\":[{\"@type\":\"SearchAction\",\"target\":{\"@type\":\"EntryPoint\",\"urlTemplate\":\"https:\/\/www.maxima-dia.com\/it\/?s={search_term_string}\"},\"query-input\":{\"@type\":\"PropertyValueSpecification\",\"valueRequired\":true,\"valueName\":\"search_term_string\"}}],\"inLanguage\":\"it-IT\"}]}<\/script>\n<!-- \/ Yoast SEO plugin. -->","yoast_head_json":{"title":"Scanmax 180 EVO - Maxima SpA","robots":{"index":"index","follow":"follow","max-snippet":"max-snippet:-1","max-image-preview":"max-image-preview:large","max-video-preview":"max-video-preview:-1"},"canonical":"https:\/\/www.maxima-dia.com\/it\/macchine-edili-taglio\/scanmax-180-evo\/","og_locale":"it_IT","og_type":"article","og_title":"Scanmax 180 EVO - Maxima SpA","og_description":"[vc_row][vc_column text_align=&#8221;center&#8221; width=&#8221;1\/4&#8243;][vc_column_text] made in EU&nbsp; &#8211; certificata CE[\/vc_column_text][vc_column_text css_animation=&#8221;slideInDown&#8221; el_class=&#8221;hidebuybutton&#8221;][\/vc_column_text][vc_btn title=&#8221;Scheda prodotto&#8221; style=&#8221;outline-custom&#8221; outline_custom_color=&#8221;#cc0000&#8243; outline_custom_hover_background=&#8221;#910000&#8243; outline_custom_hover_text=&#8221;#f7f7f7&#8243; align=&#8221;center&#8221; i_icon_fontawesome=&#8221;fas fa-download&#8221; add_icon=&#8221;true&#8221; css=&#8221;.vc_custom_1681284321574{margin-top: 5px !important;margin-right: 5px !important;margin-bottom: 5px !important;margin-left: 5px !important;}&#8221; link=&#8221;url:%2Fdl.php%3Ffile_url%3Dhttps%3A%2F%2Fwww.maxima-dia.com%2Fwp-content%2Fuploads%2F2023%2F04%2FSCANMAX-180-EVO-IT.pdf&#8221;][\/vc_column][vc_column width=&#8221;3\/4&#8243;][vc_column_text]Evoluzione del modello precedente, ScanMax 180 EVO \u00e8 stato migliorato nell\u2019aspirazione delle polveri con l\u2019aggiunta di un carter basculante e nell\u2019impugnatura, resa pi\u00f9 ergonomica e nel fissaggio dei cavi elettrici, ora sempre fuori dal raggio d\u2019azione dell\u2019operatore. Potente e leggero, \u00e8 l\u2019unico in mercato con capacit\u00e0 di taglio 6&#215;6: la profondit\u00e0 di taglio massima \u00e8 6 cm, regolabile; la larghezza di taglio massima \u00e8 6 cm, regolabile. Viene fornito nella robusta valigetta metallica con 2 dischi Laser Scan Rosso diametro 180 mm. &nbsp; CARATTERISTICHE TECNICHE Potenza assorbita: 1800W &#8211; 230 V Velocit\u00e0 di Taglio: 0,5 m \/ Min su Cemento Armato Dischi da Diam. 180 mm &#8211; Foro 22,2 Predisposizione per Aspirapolveri Giri a Vuoto: 4900 \/ Min Completa Assenza di Vibrazioni Larghezza di Taglio da 20 a 60 mm Fornito con: Dischi Diamantati e Cassetta Metallica Profondit\u00e0 di Taglio da 30 a 60 mm Peso: 6 kg Velocit\u00e0 di taglio: 2 m \/ Min su Mattone Forato &nbsp; [\/vc_column_text][\/vc_column][\/vc_row]","og_url":"https:\/\/www.maxima-dia.com\/it\/macchine-edili-taglio\/scanmax-180-evo\/","og_site_name":"Maxima SpA","article_publisher":"https:\/\/www.facebook.com\/Maxima-spa-106098566139597","article_modified_time":"2023-04-12T07:25:24+00:00","og_image":[{"width":1200,"height":1200,"url":"https:\/\/www.maxima-dia.com\/wp-content\/uploads\/2017\/02\/scanmax-180-evo.jpg","type":"image\/jpeg"}],"twitter_card":"summary_large_image","twitter_site":"@Maximadia","twitter_misc":{"Tempo di lettura stimato":"3 minuti"},"schema":{"@context":"https:\/\/schema.org","@graph":[{"@type":"WebPage","@id":"https:\/\/www.maxima-dia.com\/it\/macchine-edili-taglio\/scanmax-180-evo\/","url":"https:\/\/www.maxima-dia.com\/it\/macchine-edili-taglio\/scanmax-180-evo\/","name":"Scanmax 180 EVO - Maxima SpA","isPartOf":{"@id":"https:\/\/www.maxima-dia.com\/it\/#website"},"primaryImageOfPage":{"@id":"https:\/\/www.maxima-dia.com\/it\/macchine-edili-taglio\/scanmax-180-evo\/#primaryimage"},"image":{"@id":"https:\/\/www.maxima-dia.com\/it\/macchine-edili-taglio\/scanmax-180-evo\/#primaryimage"},"thumbnailUrl":"https:\/\/www.maxima-dia.com\/wp-content\/uploads\/2017\/02\/scanmax-180-evo.jpg","datePublished":"2013-11-14T15:06:17+00:00","dateModified":"2023-04-12T07:25:24+00:00","breadcrumb":{"@id":"https:\/\/www.maxima-dia.com\/it\/macchine-edili-taglio\/scanmax-180-evo\/#breadcrumb"},"inLanguage":"it-IT","potentialAction":[{"@type":"ReadAction","target":["https:\/\/www.maxima-dia.com\/it\/macchine-edili-taglio\/scanmax-180-evo\/"]}]},{"@type":"ImageObject","inLanguage":"it-IT","@id":"https:\/\/www.maxima-dia.com\/it\/macchine-edili-taglio\/scanmax-180-evo\/#primaryimage","url":"https:\/\/www.maxima-dia.com\/wp-content\/uploads\/2017\/02\/scanmax-180-evo.jpg","contentUrl":"https:\/\/www.maxima-dia.com\/wp-content\/uploads\/2017\/02\/scanmax-180-evo.jpg","width":1200,"height":1200,"caption":"SCANMAX 180 EVO"},{"@type":"BreadcrumbList","@id":"https:\/\/www.maxima-dia.com\/it\/macchine-edili-taglio\/scanmax-180-evo\/#breadcrumb","itemListElement":[{"@type":"ListItem","position":1,"name":"Home","item":"https:\/\/www.maxima-dia.com\/it\/"},{"@type":"ListItem","position":2,"name":"Macchine Edili Taglio","item":"https:\/\/www.maxima-dia.com\/it\/macchine-edili-taglio\/"},{"@type":"ListItem","position":3,"name":"Scanmax 180 EVO"}]},{"@type":"WebSite","@id":"https:\/\/www.maxima-dia.com\/it\/#website","url":"https:\/\/www.maxima-dia.com\/it\/","name":"Maxima SpA","description":"Only for the real professionals","potentialAction":[{"@type":"SearchAction","target":{"@type":"EntryPoint","urlTemplate":"https:\/\/www.maxima-dia.com\/it\/?s={search_term_string}"},"query-input":{"@type":"PropertyValueSpecification","valueRequired":true,"valueName":"search_term_string"}}],"inLanguage":"it-IT"}]}},"_links":{"self":[{"href":"https:\/\/www.maxima-dia.com\/it\/wp-json\/wp\/v2\/pages\/7175"}],"collection":[{"href":"https:\/\/www.maxima-dia.com\/it\/wp-json\/wp\/v2\/pages"}],"about":[{"href":"https:\/\/www.maxima-dia.com\/it\/wp-json\/wp\/v2\/types\/page"}],"author":[{"embeddable":true,"href":"https:\/\/www.maxima-dia.com\/it\/wp-json\/wp\/v2\/users\/29"}],"replies":[{"embeddable":true,"href":"https:\/\/www.maxima-dia.com\/it\/wp-json\/wp\/v2\/comments?post=7175"}],"version-history":[{"count":1,"href":"https:\/\/www.maxima-dia.com\/it\/wp-json\/wp\/v2\/pages\/7175\/revisions"}],"predecessor-version":[{"id":39820,"href":"https:\/\/www.maxima-dia.com\/it\/wp-json\/wp\/v2\/pages\/7175\/revisions\/39820"}],"up":[{"embeddable":true,"href":"https:\/\/www.maxima-dia.com\/it\/wp-json\/wp\/v2\/pages\/12472"}],"wp:featuredmedia":[{"embeddable":true,"href":"https:\/\/www.maxima-dia.com\/it\/wp-json\/wp\/v2\/media\/13912"}],"wp:attachment":[{"href":"https:\/\/www.maxima-dia.com\/it\/wp-json\/wp\/v2\/media?parent=7175"}],"curies":[{"name":"wp","href":"https:\/\/api.w.org\/{rel}","templated":true}]}}