{"id":7223,"date":"2013-11-15T16:51:28","date_gmt":"2013-11-15T15:51:28","guid":{"rendered":"http:\/\/www.maxima-dia.com\/?post_type=products&#038;p=7223"},"modified":"2023-04-12T09:25:59","modified_gmt":"2023-04-12T07:25:59","slug":"maxi-400-ponte","status":"publish","type":"page","link":"https:\/\/www.maxima-dia.com\/it\/macchine-edili-taglio\/maxi-400-ponte\/","title":{"rendered":"Maxi 400 Ponte"},"content":{"rendered":"<div class=\"wpb-content-wrapper\"><p>[vc_row][vc_column text_align=&#8221;center&#8221; width=&#8221;1\/4&#8243;][vc_column_text]<a href=\"\/wp-content\/uploads\/2017\/02\/maxi-400-ponte.jpg\"><img loading=\"lazy\" decoding=\"async\" class=\"alignnone size-thumbnail wp-image-13877\" src=\"\/wp-content\/uploads\/2017\/02\/maxi-400-ponte-150x150.jpg\" alt=\"MAXI 400 PONTE\" width=\"150\" height=\"150\" srcset=\"https:\/\/www.maxima-dia.com\/wp-content\/uploads\/2017\/02\/maxi-400-ponte-150x150.jpg 150w, https:\/\/www.maxima-dia.com\/wp-content\/uploads\/2017\/02\/maxi-400-ponte-300x300.jpg 300w, https:\/\/www.maxima-dia.com\/wp-content\/uploads\/2017\/02\/maxi-400-ponte-768x768.jpg 768w, https:\/\/www.maxima-dia.com\/wp-content\/uploads\/2017\/02\/maxi-400-ponte-1024x1024.jpg 1024w, https:\/\/www.maxima-dia.com\/wp-content\/uploads\/2017\/02\/maxi-400-ponte-80x80.jpg 80w, https:\/\/www.maxima-dia.com\/wp-content\/uploads\/2017\/02\/maxi-400-ponte-500x500.jpg 500w, https:\/\/www.maxima-dia.com\/wp-content\/uploads\/2017\/02\/maxi-400-ponte-1000x1000.jpg 1000w, https:\/\/www.maxima-dia.com\/wp-content\/uploads\/2017\/02\/maxi-400-ponte.jpg 1200w\" sizes=\"(max-width: 150px) 100vw, 150px\" \/><\/a><\/p>\n<p>made in EU&nbsp;<img loading=\"lazy\" decoding=\"async\" src=\"\/wp-content\/uploads\/2013\/11\/eu.png\" alt=\"eu\" width=\"24\" height=\"16\"> &#8211; certificata <span style=\"font-family: arial,helvetica,sans-serif;\">CE<\/span>[\/vc_column_text][vc_column_text css_animation=&#8221;slideInDown&#8221; el_class=&#8221;hidebuybutton&#8221;]<a href=\"https:\/\/www.storemaxima.com\/it\/macchine-edili-per-il-taglio\/56-maxi-400-ponte.html\" target=\"_blank\" rel=\"noopener\"><img loading=\"lazy\" decoding=\"async\" class=\"alignnone\" title=\"Acquista su www.storemaxima.com\" src=\"https:\/\/www.maxima-dia.com\/wp-content\/uploads\/2019\/12\/pulsante-acquista-storemaxima.com-it.svg\" alt=\"Acquista su www.storemaxima.com\" width=\"180\" height=\"80\"><\/a>[\/vc_column_text][vc_btn title=&#8221;Scheda prodotto&#8221; style=&#8221;outline-custom&#8221; outline_custom_color=&#8221;#cc0000&#8243; outline_custom_hover_background=&#8221;#910000&#8243; outline_custom_hover_text=&#8221;#f7f7f7&#8243; align=&#8221;center&#8221; i_icon_fontawesome=&#8221;fas fa-download&#8221; add_icon=&#8221;true&#8221; css=&#8221;.vc_custom_1681284356551{margin-top: 5px !important;margin-right: 5px !important;margin-bottom: 5px !important;margin-left: 5px !important;}&#8221; link=&#8221;url:%2Fdl.php%3Ffile_url%3Dhttps%3A%2F%2Fwww.maxima-dia.com%2Fwp-content%2Fuploads%2F2023%2F04%2FMAXI-400-PONTE-IT.pdf&#8221;][\/vc_column][vc_column width=&#8221;3\/4&#8243;][vc_column_text]La <strong>Maxi 400 Ponte<\/strong> \u00e8 una macchina estremamente robusta e polivalente: \u00e8 idonea per il taglio tanto di ceramiche quanto di mattoni o laterizi in genere. Infatti grazie alla possibilit\u00e0 di montare dischi con diametro di 400 mm, l\u2019altezza massima di taglio \u00e8 di 20 cm, rendendo possibile il taglio dei mattoni alti fino a 204 mm, con il doppio taglio e la rotazione del pezzo. La lunghezza di taglio \u00e8 di 135 cm. Due piccole ma robuste ruote sono fissate sulla parte posteriore della macchina per agevolarne gli spostamenti in piano. I sei cuscinetti assicurano la precisione di taglio costante e duratura nel tempo. La macchina viene fornita con disco <a href=\"https:\/\/www.maxima-dia.com\/it\/dischi-diamantati-universali-laser\/disco-diamantato-laser-rosso-silent\/\"><strong>Laser Rosso Silent<\/strong><\/a> prodotto con tecnica \u201cDetenso\u201d.<\/p>\n<table class=\"tabellafotocarotaggio\" style=\"width: 100%;\">\n<tbody>\n<tr>\n<td style=\"text-align: center;\"><a href=\"\/wp-content\/uploads\/2017\/02\/maxi-400-ponte-f1.jpg\"><img loading=\"lazy\" decoding=\"async\" class=\"alignnone wp-image-13873 size-thumbnail\" src=\"\/wp-content\/uploads\/2017\/02\/maxi-400-ponte-f1-150x150.jpg\" width=\"150\" height=\"150\" srcset=\"https:\/\/www.maxima-dia.com\/wp-content\/uploads\/2017\/02\/maxi-400-ponte-f1-150x150.jpg 150w, https:\/\/www.maxima-dia.com\/wp-content\/uploads\/2017\/02\/maxi-400-ponte-f1-80x80.jpg 80w, https:\/\/www.maxima-dia.com\/wp-content\/uploads\/2017\/02\/maxi-400-ponte-f1-500x500.jpg 500w\" sizes=\"(max-width: 150px) 100vw, 150px\" \/><\/a><\/td>\n<td style=\"text-align: center;\"><a href=\"\/wp-content\/uploads\/2017\/02\/maxi-400-ponte-f2.jpg\"><img loading=\"lazy\" decoding=\"async\" class=\"alignnone wp-image-13685 size-thumbnail\" src=\"\/wp-content\/uploads\/2017\/02\/maxi-400-ponte-f2-150x150.jpg\" width=\"150\" height=\"150\"><\/a><\/td>\n<td style=\"text-align: center;\"><a href=\"\/wp-content\/uploads\/2017\/02\/maxi-400-ponte-f3.jpg\"><img loading=\"lazy\" decoding=\"async\" class=\"alignnone wp-image-13686 size-thumbnail\" src=\"\/wp-content\/uploads\/2017\/02\/maxi-400-ponte-f3-150x150.jpg\" width=\"150\" height=\"150\"><\/a><\/td>\n<td style=\"text-align: center;\"><a href=\"\/wp-content\/uploads\/2017\/02\/maxi-400-ponte-f4.jpg\"><img loading=\"lazy\" decoding=\"async\" class=\"alignnone wp-image-13687 size-thumbnail\" src=\"\/wp-content\/uploads\/2017\/02\/maxi-400-ponte-f4-150x150.jpg\" width=\"150\" height=\"150\"><\/a><\/td>\n<\/tr>\n<\/tbody>\n<\/table>\n<p class=\"p2\">&nbsp;<\/p>\n<table class=\"tabellatecnica\" style=\"width: 100%;\" border=\"0\" cellspacing=\"0\" cellpadding=\"0\">\n<thead>\n<tr>\n<td class=\"testata\" colspan=\"2\">CARATTERISTICHE TECNICHE<\/td>\n<\/tr>\n<\/thead>\n<tbody>\n<tr>\n<td class=\"coltesto1\" style=\"width: 50%;\">Disponibile con motore da 230 V &#8211; 2,2 Kw<\/td>\n<td class=\"coltesto2\" style=\"width: 50%;\">Testata Inclinabile a 45\u00b0<\/td>\n<\/tr>\n<tr>\n<td class=\"coltesto1\" style=\"width: 50%;\">Disco Diamantato da 400 mm &#8211; Foro 25,4 mm<\/td>\n<td class=\"coltesto2\" style=\"width: 50%;\">Testata Scorrevole a Doppio Binario su 8 Cuscinetti<\/td>\n<\/tr>\n<tr>\n<td class=\"coltesto1\" style=\"width: 50%;\" rowspan=\"2\">Altezza di Taglio in unica Passata Max 140 mm &#8211;<br \/>\n204 mm In due Passate<\/td>\n<td class=\"coltesto2\" style=\"width: 50%;\">Vasca Raccogli Acqua in Plastica Inclinata ed Estraibile<\/td>\n<\/tr>\n<tr>\n<td class=\"coltesto2\" style=\"width: 50%;\">Dimensioni (Lx WxH): 170 x 56 x 145 cm<\/td>\n<\/tr>\n<tr>\n<td class=\"coltesto1\" style=\"width: 50%;\">Lunghezza di Taglio Max 1350 mm<\/td>\n<td class=\"coltesto1\" style=\"width: 50%;\">Peso: 115 Kg<\/td>\n<\/tr>\n<\/tbody>\n<\/table>\n<p>[\/vc_column_text][\/vc_column][\/vc_row]<\/p>\n<\/div>","protected":false},"excerpt":{"rendered":"<p>[vc_row][vc_column text_align=&#8221;center&#8221; width=&#8221;1\/4&#8243;][vc_column_text] made in EU&nbsp; &#8211; certificata CE[\/vc_column_text][vc_column_text css_animation=&#8221;slideInDown&#8221; el_class=&#8221;hidebuybutton&#8221;][\/vc_column_text][vc_btn title=&#8221;Scheda prodotto&#8221; style=&#8221;outline-custom&#8221; outline_custom_color=&#8221;#cc0000&#8243; outline_custom_hover_background=&#8221;#910000&#8243; outline_custom_hover_text=&#8221;#f7f7f7&#8243; align=&#8221;center&#8221; i_icon_fontawesome=&#8221;fas fa-download&#8221; add_icon=&#8221;true&#8221; css=&#8221;.vc_custom_1681284356551{margin-top: 5px !important;margin-right: 5px !important;margin-bottom: 5px !important;margin-left: 5px !important;}&#8221; link=&#8221;url:%2Fdl.php%3Ffile_url%3Dhttps%3A%2F%2Fwww.maxima-dia.com%2Fwp-content%2Fuploads%2F2023%2F04%2FMAXI-400-PONTE-IT.pdf&#8221;][\/vc_column][vc_column width=&#8221;3\/4&#8243;][vc_column_text]La Maxi 400 Ponte \u00e8 una macchina estremamente robusta e polivalente: \u00e8 idonea per il taglio tanto di ceramiche quanto di mattoni o laterizi in genere. Infatti grazie alla possibilit\u00e0 di montare dischi con diametro di 400 mm, l\u2019altezza massima di taglio \u00e8 di 20 cm, rendendo possibile il taglio dei mattoni alti fino a 204 mm, con il doppio taglio e la rotazione del pezzo. La lunghezza di taglio \u00e8 di 135 cm. Due piccole ma robuste ruote sono fissate sulla parte posteriore della macchina per agevolarne gli spostamenti in piano. I sei cuscinetti assicurano la precisione di taglio costante e duratura nel tempo. La macchina viene fornita con disco Laser Rosso Silent prodotto con tecnica \u201cDetenso\u201d. &nbsp; CARATTERISTICHE TECNICHE Disponibile con motore da 230 V &#8211; 2,2 Kw Testata Inclinabile a 45\u00b0 Disco Diamantato da 400 mm &#8211; Foro 25,4 mm Testata Scorrevole a Doppio Binario su 8 Cuscinetti Altezza di Taglio in unica Passata Max 140 mm &#8211; 204 mm In due Passate Vasca Raccogli Acqua [&hellip;]<\/p>\n","protected":false},"author":29,"featured_media":13877,"parent":12472,"menu_order":3,"comment_status":"closed","ping_status":"closed","template":"","meta":{"ngg_post_thumbnail":0,"_joinchat":[],"footnotes":""},"class_list":["post-7223","page","type-page","status-publish","has-post-thumbnail","hentry"],"yoast_head":"<!-- This site is optimized with the Yoast SEO plugin v25.5 - https:\/\/yoast.com\/wordpress\/plugins\/seo\/ -->\n<title>Maxi 400 Ponte - Maxima SpA<\/title>\n<meta name=\"robots\" content=\"index, follow, max-snippet:-1, max-image-preview:large, max-video-preview:-1\" \/>\n<link rel=\"canonical\" href=\"https:\/\/www.maxima-dia.com\/it\/macchine-edili-taglio\/maxi-400-ponte\/\" \/>\n<meta property=\"og:locale\" content=\"it_IT\" \/>\n<meta property=\"og:type\" content=\"article\" \/>\n<meta property=\"og:title\" content=\"Maxi 400 Ponte - Maxima SpA\" \/>\n<meta property=\"og:description\" content=\"[vc_row][vc_column text_align=&#8221;center&#8221; width=&#8221;1\/4&#8243;][vc_column_text] made in EU&nbsp; &#8211; certificata CE[\/vc_column_text][vc_column_text css_animation=&#8221;slideInDown&#8221; el_class=&#8221;hidebuybutton&#8221;][\/vc_column_text][vc_btn title=&#8221;Scheda prodotto&#8221; style=&#8221;outline-custom&#8221; outline_custom_color=&#8221;#cc0000&#8243; outline_custom_hover_background=&#8221;#910000&#8243; outline_custom_hover_text=&#8221;#f7f7f7&#8243; align=&#8221;center&#8221; i_icon_fontawesome=&#8221;fas fa-download&#8221; add_icon=&#8221;true&#8221; css=&#8221;.vc_custom_1681284356551{margin-top: 5px !important;margin-right: 5px !important;margin-bottom: 5px !important;margin-left: 5px !important;}&#8221; link=&#8221;url:%2Fdl.php%3Ffile_url%3Dhttps%3A%2F%2Fwww.maxima-dia.com%2Fwp-content%2Fuploads%2F2023%2F04%2FMAXI-400-PONTE-IT.pdf&#8221;][\/vc_column][vc_column width=&#8221;3\/4&#8243;][vc_column_text]La Maxi 400 Ponte \u00e8 una macchina estremamente robusta e polivalente: \u00e8 idonea per il taglio tanto di ceramiche quanto di mattoni o laterizi in genere. Infatti grazie alla possibilit\u00e0 di montare dischi con diametro di 400 mm, l\u2019altezza massima di taglio \u00e8 di 20 cm, rendendo possibile il taglio dei mattoni alti fino a 204 mm, con il doppio taglio e la rotazione del pezzo. La lunghezza di taglio \u00e8 di 135 cm. Due piccole ma robuste ruote sono fissate sulla parte posteriore della macchina per agevolarne gli spostamenti in piano. I sei cuscinetti assicurano la precisione di taglio costante e duratura nel tempo. La macchina viene fornita con disco Laser Rosso Silent prodotto con tecnica \u201cDetenso\u201d. &nbsp; CARATTERISTICHE TECNICHE Disponibile con motore da 230 V &#8211; 2,2 Kw Testata Inclinabile a 45\u00b0 Disco Diamantato da 400 mm &#8211; Foro 25,4 mm Testata Scorrevole a Doppio Binario su 8 Cuscinetti Altezza di Taglio in unica Passata Max 140 mm &#8211; 204 mm In due Passate Vasca Raccogli Acqua [&hellip;]\" \/>\n<meta property=\"og:url\" content=\"https:\/\/www.maxima-dia.com\/it\/macchine-edili-taglio\/maxi-400-ponte\/\" \/>\n<meta property=\"og:site_name\" content=\"Maxima SpA\" \/>\n<meta property=\"article:publisher\" content=\"https:\/\/www.facebook.com\/Maxima-spa-106098566139597\" \/>\n<meta property=\"article:modified_time\" content=\"2023-04-12T07:25:59+00:00\" \/>\n<meta property=\"og:image\" content=\"https:\/\/www.maxima-dia.com\/wp-content\/uploads\/2017\/02\/maxi-400-ponte.jpg\" \/>\n\t<meta property=\"og:image:width\" content=\"1200\" \/>\n\t<meta property=\"og:image:height\" content=\"1200\" \/>\n\t<meta property=\"og:image:type\" content=\"image\/jpeg\" \/>\n<meta name=\"twitter:card\" content=\"summary_large_image\" \/>\n<meta name=\"twitter:site\" content=\"@Maximadia\" \/>\n<meta name=\"twitter:label1\" content=\"Tempo di lettura stimato\" \/>\n\t<meta name=\"twitter:data1\" content=\"3 minuti\" \/>\n<script type=\"application\/ld+json\" class=\"yoast-schema-graph\">{\"@context\":\"https:\/\/schema.org\",\"@graph\":[{\"@type\":\"WebPage\",\"@id\":\"https:\/\/www.maxima-dia.com\/it\/macchine-edili-taglio\/maxi-400-ponte\/\",\"url\":\"https:\/\/www.maxima-dia.com\/it\/macchine-edili-taglio\/maxi-400-ponte\/\",\"name\":\"Maxi 400 Ponte - Maxima SpA\",\"isPartOf\":{\"@id\":\"https:\/\/www.maxima-dia.com\/it\/#website\"},\"primaryImageOfPage\":{\"@id\":\"https:\/\/www.maxima-dia.com\/it\/macchine-edili-taglio\/maxi-400-ponte\/#primaryimage\"},\"image\":{\"@id\":\"https:\/\/www.maxima-dia.com\/it\/macchine-edili-taglio\/maxi-400-ponte\/#primaryimage\"},\"thumbnailUrl\":\"https:\/\/www.maxima-dia.com\/wp-content\/uploads\/2017\/02\/maxi-400-ponte.jpg\",\"datePublished\":\"2013-11-15T15:51:28+00:00\",\"dateModified\":\"2023-04-12T07:25:59+00:00\",\"breadcrumb\":{\"@id\":\"https:\/\/www.maxima-dia.com\/it\/macchine-edili-taglio\/maxi-400-ponte\/#breadcrumb\"},\"inLanguage\":\"it-IT\",\"potentialAction\":[{\"@type\":\"ReadAction\",\"target\":[\"https:\/\/www.maxima-dia.com\/it\/macchine-edili-taglio\/maxi-400-ponte\/\"]}]},{\"@type\":\"ImageObject\",\"inLanguage\":\"it-IT\",\"@id\":\"https:\/\/www.maxima-dia.com\/it\/macchine-edili-taglio\/maxi-400-ponte\/#primaryimage\",\"url\":\"https:\/\/www.maxima-dia.com\/wp-content\/uploads\/2017\/02\/maxi-400-ponte.jpg\",\"contentUrl\":\"https:\/\/www.maxima-dia.com\/wp-content\/uploads\/2017\/02\/maxi-400-ponte.jpg\",\"width\":1200,\"height\":1200,\"caption\":\"MAXI 400 PONTE\"},{\"@type\":\"BreadcrumbList\",\"@id\":\"https:\/\/www.maxima-dia.com\/it\/macchine-edili-taglio\/maxi-400-ponte\/#breadcrumb\",\"itemListElement\":[{\"@type\":\"ListItem\",\"position\":1,\"name\":\"Home\",\"item\":\"https:\/\/www.maxima-dia.com\/it\/\"},{\"@type\":\"ListItem\",\"position\":2,\"name\":\"Macchine Edili Taglio\",\"item\":\"https:\/\/www.maxima-dia.com\/it\/macchine-edili-taglio\/\"},{\"@type\":\"ListItem\",\"position\":3,\"name\":\"Maxi 400 Ponte\"}]},{\"@type\":\"WebSite\",\"@id\":\"https:\/\/www.maxima-dia.com\/it\/#website\",\"url\":\"https:\/\/www.maxima-dia.com\/it\/\",\"name\":\"Maxima SpA\",\"description\":\"Only for the real professionals\",\"potentialAction\":[{\"@type\":\"SearchAction\",\"target\":{\"@type\":\"EntryPoint\",\"urlTemplate\":\"https:\/\/www.maxima-dia.com\/it\/?s={search_term_string}\"},\"query-input\":{\"@type\":\"PropertyValueSpecification\",\"valueRequired\":true,\"valueName\":\"search_term_string\"}}],\"inLanguage\":\"it-IT\"}]}<\/script>\n<!-- \/ Yoast SEO plugin. -->","yoast_head_json":{"title":"Maxi 400 Ponte - Maxima SpA","robots":{"index":"index","follow":"follow","max-snippet":"max-snippet:-1","max-image-preview":"max-image-preview:large","max-video-preview":"max-video-preview:-1"},"canonical":"https:\/\/www.maxima-dia.com\/it\/macchine-edili-taglio\/maxi-400-ponte\/","og_locale":"it_IT","og_type":"article","og_title":"Maxi 400 Ponte - Maxima SpA","og_description":"[vc_row][vc_column text_align=&#8221;center&#8221; width=&#8221;1\/4&#8243;][vc_column_text] made in EU&nbsp; &#8211; certificata CE[\/vc_column_text][vc_column_text css_animation=&#8221;slideInDown&#8221; el_class=&#8221;hidebuybutton&#8221;][\/vc_column_text][vc_btn title=&#8221;Scheda prodotto&#8221; style=&#8221;outline-custom&#8221; outline_custom_color=&#8221;#cc0000&#8243; outline_custom_hover_background=&#8221;#910000&#8243; outline_custom_hover_text=&#8221;#f7f7f7&#8243; align=&#8221;center&#8221; i_icon_fontawesome=&#8221;fas fa-download&#8221; add_icon=&#8221;true&#8221; css=&#8221;.vc_custom_1681284356551{margin-top: 5px !important;margin-right: 5px !important;margin-bottom: 5px !important;margin-left: 5px !important;}&#8221; link=&#8221;url:%2Fdl.php%3Ffile_url%3Dhttps%3A%2F%2Fwww.maxima-dia.com%2Fwp-content%2Fuploads%2F2023%2F04%2FMAXI-400-PONTE-IT.pdf&#8221;][\/vc_column][vc_column width=&#8221;3\/4&#8243;][vc_column_text]La Maxi 400 Ponte \u00e8 una macchina estremamente robusta e polivalente: \u00e8 idonea per il taglio tanto di ceramiche quanto di mattoni o laterizi in genere. Infatti grazie alla possibilit\u00e0 di montare dischi con diametro di 400 mm, l\u2019altezza massima di taglio \u00e8 di 20 cm, rendendo possibile il taglio dei mattoni alti fino a 204 mm, con il doppio taglio e la rotazione del pezzo. La lunghezza di taglio \u00e8 di 135 cm. Due piccole ma robuste ruote sono fissate sulla parte posteriore della macchina per agevolarne gli spostamenti in piano. I sei cuscinetti assicurano la precisione di taglio costante e duratura nel tempo. La macchina viene fornita con disco Laser Rosso Silent prodotto con tecnica \u201cDetenso\u201d. &nbsp; CARATTERISTICHE TECNICHE Disponibile con motore da 230 V &#8211; 2,2 Kw Testata Inclinabile a 45\u00b0 Disco Diamantato da 400 mm &#8211; Foro 25,4 mm Testata Scorrevole a Doppio Binario su 8 Cuscinetti Altezza di Taglio in unica Passata Max 140 mm &#8211; 204 mm In due Passate Vasca Raccogli Acqua [&hellip;]","og_url":"https:\/\/www.maxima-dia.com\/it\/macchine-edili-taglio\/maxi-400-ponte\/","og_site_name":"Maxima SpA","article_publisher":"https:\/\/www.facebook.com\/Maxima-spa-106098566139597","article_modified_time":"2023-04-12T07:25:59+00:00","og_image":[{"width":1200,"height":1200,"url":"https:\/\/www.maxima-dia.com\/wp-content\/uploads\/2017\/02\/maxi-400-ponte.jpg","type":"image\/jpeg"}],"twitter_card":"summary_large_image","twitter_site":"@Maximadia","twitter_misc":{"Tempo di lettura stimato":"3 minuti"},"schema":{"@context":"https:\/\/schema.org","@graph":[{"@type":"WebPage","@id":"https:\/\/www.maxima-dia.com\/it\/macchine-edili-taglio\/maxi-400-ponte\/","url":"https:\/\/www.maxima-dia.com\/it\/macchine-edili-taglio\/maxi-400-ponte\/","name":"Maxi 400 Ponte - Maxima SpA","isPartOf":{"@id":"https:\/\/www.maxima-dia.com\/it\/#website"},"primaryImageOfPage":{"@id":"https:\/\/www.maxima-dia.com\/it\/macchine-edili-taglio\/maxi-400-ponte\/#primaryimage"},"image":{"@id":"https:\/\/www.maxima-dia.com\/it\/macchine-edili-taglio\/maxi-400-ponte\/#primaryimage"},"thumbnailUrl":"https:\/\/www.maxima-dia.com\/wp-content\/uploads\/2017\/02\/maxi-400-ponte.jpg","datePublished":"2013-11-15T15:51:28+00:00","dateModified":"2023-04-12T07:25:59+00:00","breadcrumb":{"@id":"https:\/\/www.maxima-dia.com\/it\/macchine-edili-taglio\/maxi-400-ponte\/#breadcrumb"},"inLanguage":"it-IT","potentialAction":[{"@type":"ReadAction","target":["https:\/\/www.maxima-dia.com\/it\/macchine-edili-taglio\/maxi-400-ponte\/"]}]},{"@type":"ImageObject","inLanguage":"it-IT","@id":"https:\/\/www.maxima-dia.com\/it\/macchine-edili-taglio\/maxi-400-ponte\/#primaryimage","url":"https:\/\/www.maxima-dia.com\/wp-content\/uploads\/2017\/02\/maxi-400-ponte.jpg","contentUrl":"https:\/\/www.maxima-dia.com\/wp-content\/uploads\/2017\/02\/maxi-400-ponte.jpg","width":1200,"height":1200,"caption":"MAXI 400 PONTE"},{"@type":"BreadcrumbList","@id":"https:\/\/www.maxima-dia.com\/it\/macchine-edili-taglio\/maxi-400-ponte\/#breadcrumb","itemListElement":[{"@type":"ListItem","position":1,"name":"Home","item":"https:\/\/www.maxima-dia.com\/it\/"},{"@type":"ListItem","position":2,"name":"Macchine Edili Taglio","item":"https:\/\/www.maxima-dia.com\/it\/macchine-edili-taglio\/"},{"@type":"ListItem","position":3,"name":"Maxi 400 Ponte"}]},{"@type":"WebSite","@id":"https:\/\/www.maxima-dia.com\/it\/#website","url":"https:\/\/www.maxima-dia.com\/it\/","name":"Maxima SpA","description":"Only for the real professionals","potentialAction":[{"@type":"SearchAction","target":{"@type":"EntryPoint","urlTemplate":"https:\/\/www.maxima-dia.com\/it\/?s={search_term_string}"},"query-input":{"@type":"PropertyValueSpecification","valueRequired":true,"valueName":"search_term_string"}}],"inLanguage":"it-IT"}]}},"_links":{"self":[{"href":"https:\/\/www.maxima-dia.com\/it\/wp-json\/wp\/v2\/pages\/7223"}],"collection":[{"href":"https:\/\/www.maxima-dia.com\/it\/wp-json\/wp\/v2\/pages"}],"about":[{"href":"https:\/\/www.maxima-dia.com\/it\/wp-json\/wp\/v2\/types\/page"}],"author":[{"embeddable":true,"href":"https:\/\/www.maxima-dia.com\/it\/wp-json\/wp\/v2\/users\/29"}],"replies":[{"embeddable":true,"href":"https:\/\/www.maxima-dia.com\/it\/wp-json\/wp\/v2\/comments?post=7223"}],"version-history":[{"count":1,"href":"https:\/\/www.maxima-dia.com\/it\/wp-json\/wp\/v2\/pages\/7223\/revisions"}],"predecessor-version":[{"id":39822,"href":"https:\/\/www.maxima-dia.com\/it\/wp-json\/wp\/v2\/pages\/7223\/revisions\/39822"}],"up":[{"embeddable":true,"href":"https:\/\/www.maxima-dia.com\/it\/wp-json\/wp\/v2\/pages\/12472"}],"wp:featuredmedia":[{"embeddable":true,"href":"https:\/\/www.maxima-dia.com\/it\/wp-json\/wp\/v2\/media\/13877"}],"wp:attachment":[{"href":"https:\/\/www.maxima-dia.com\/it\/wp-json\/wp\/v2\/media?parent=7223"}],"curies":[{"name":"wp","href":"https:\/\/api.w.org\/{rel}","templated":true}]}}