{"id":7312,"date":"2013-11-18T16:20:46","date_gmt":"2013-11-18T15:20:46","guid":{"rendered":"http:\/\/www.maxima-dia.com\/?post_type=products&#038;p=7312"},"modified":"2023-04-12T09:28:10","modified_gmt":"2023-04-12T07:28:10","slug":"pavimax-500","status":"publish","type":"page","link":"https:\/\/www.maxima-dia.com\/it\/macchine-edili-taglio\/pavimax-500\/","title":{"rendered":"Pavimax 500"},"content":{"rendered":"<div class=\"wpb-content-wrapper\"><p>[vc_row][vc_column text_align=&#8221;center&#8221; width=&#8221;1\/4&#8243;][vc_column_text]<a href=\"\/wp-content\/uploads\/2017\/02\/pavimax-500.jpg\"><img loading=\"lazy\" decoding=\"async\" class=\"alignnone size-thumbnail wp-image-13904\" src=\"\/wp-content\/uploads\/2017\/02\/pavimax-500-150x150.jpg\" alt=\"PAVIMAX 500\" width=\"150\" height=\"150\" srcset=\"https:\/\/www.maxima-dia.com\/wp-content\/uploads\/2017\/02\/pavimax-500-150x150.jpg 150w, https:\/\/www.maxima-dia.com\/wp-content\/uploads\/2017\/02\/pavimax-500-300x300.jpg 300w, https:\/\/www.maxima-dia.com\/wp-content\/uploads\/2017\/02\/pavimax-500-768x768.jpg 768w, https:\/\/www.maxima-dia.com\/wp-content\/uploads\/2017\/02\/pavimax-500-1024x1024.jpg 1024w, https:\/\/www.maxima-dia.com\/wp-content\/uploads\/2017\/02\/pavimax-500-80x80.jpg 80w, https:\/\/www.maxima-dia.com\/wp-content\/uploads\/2017\/02\/pavimax-500-500x500.jpg 500w, https:\/\/www.maxima-dia.com\/wp-content\/uploads\/2017\/02\/pavimax-500-1000x1000.jpg 1000w, https:\/\/www.maxima-dia.com\/wp-content\/uploads\/2017\/02\/pavimax-500.jpg 1200w\" sizes=\"(max-width: 150px) 100vw, 150px\" \/><\/a><\/p>\n<p>made in EU&nbsp;<img loading=\"lazy\" decoding=\"async\" src=\"\/wp-content\/uploads\/2013\/11\/eu.png\" alt=\"eu\" width=\"24\" height=\"16\"> &#8211; certificata <span style=\"font-family: arial,helvetica,sans-serif;\">CE<\/span>[\/vc_column_text][vc_column_text css_animation=&#8221;slideInDown&#8221; el_class=&#8221;hidebuybutton&#8221;]<a href=\"https:\/\/www.storemaxima.com\/it\/macchine-edili-per-il-taglio\/65-pavimax-500.html\" target=\"_blank\" rel=\"noopener\"><img loading=\"lazy\" decoding=\"async\" class=\"alignnone\" title=\"Acquista su www.storemaxima.com\" src=\"https:\/\/www.maxima-dia.com\/wp-content\/uploads\/2019\/12\/pulsante-acquista-storemaxima.com-it.svg\" alt=\"Acquista su www.storemaxima.com\" width=\"180\" height=\"80\"><\/a>[\/vc_column_text][vc_btn title=&#8221;Scheda prodotto&#8221; style=&#8221;outline-custom&#8221; outline_custom_color=&#8221;#cc0000&#8243; outline_custom_hover_background=&#8221;#910000&#8243; outline_custom_hover_text=&#8221;#f7f7f7&#8243; align=&#8221;center&#8221; i_icon_fontawesome=&#8221;fas fa-download&#8221; add_icon=&#8221;true&#8221; css=&#8221;.vc_custom_1681284487509{margin-top: 5px !important;margin-right: 5px !important;margin-bottom: 5px !important;margin-left: 5px !important;}&#8221; link=&#8221;url:%2Fdl.php%3Ffile_url%3Dhttps%3A%2F%2Fwww.maxima-dia.com%2Fwp-content%2Fuploads%2F2023%2F04%2FPAVIMAX-500-IT.pdf&#8221;][\/vc_column][vc_column width=&#8221;3\/4&#8243;][vc_column_text]<strong>Pavimax 500<\/strong> \u00e8 la tagliasuolo pi\u00f9 prestante della gamma. Data la profondit\u00e0 di taglio massima di 19 cm, \u00e8 utilizzabile quando si necessita di interventi su grandi spessori. Il motore in dotazione \u00e8 il GX-390 Honda con avviamento a strappo. Robusta e stabile, grazie al suo passo corto ed al serbatoio dell\u2019acqua montato sopra al motore risulta precisa e molto ben bilanciata. La macchina viene fornita con contaore, strumento particolarmente utile per chi noleggia o per chi semplicemente vuole tenere d\u2019occhio gli intervalli di manutenzione. Monta un disco diamantato diametro 500 mm a scelta del cliente, da specificare al momento dell\u2019ordine.<\/p>\n<table class=\"tabellafotocarotaggio\" style=\"width: 100%;\">\n<tbody>\n<tr>\n<td style=\"width: 20%; text-align: center;\"><a href=\"\/wp-content\/uploads\/2017\/02\/pavimax-500-f1.jpg\"><img loading=\"lazy\" decoding=\"async\" class=\"alignnone wp-image-13894 size-thumbnail\" src=\"\/wp-content\/uploads\/2017\/02\/pavimax-500-f1-150x150.jpg\" width=\"150\" height=\"150\"><\/a><\/td>\n<td style=\"width: 20%; text-align: center;\"><a href=\"\/wp-content\/uploads\/2017\/02\/pavimax-500-f2.jpg\"><img loading=\"lazy\" decoding=\"async\" class=\"alignnone wp-image-13894 size-thumbnail\" src=\"\/wp-content\/uploads\/2017\/02\/pavimax-500-f2-150x150.jpg\" width=\"150\" height=\"150\"><\/a><\/td>\n<td style=\"width: 20%; text-align: center;\"><a href=\"\/wp-content\/uploads\/2017\/02\/pavimax-500-f3.jpg\"><img loading=\"lazy\" decoding=\"async\" class=\"alignnone wp-image-13894 size-thumbnail\" src=\"\/wp-content\/uploads\/2017\/02\/pavimax-500-f3-150x150.jpg\" width=\"150\" height=\"150\"><\/a><\/td>\n<td style=\"width: 20%; text-align: center;\"><a href=\"\/wp-content\/uploads\/2017\/02\/pavimax-500-f4.jpg\"><img loading=\"lazy\" decoding=\"async\" class=\"alignnone wp-image-13894 size-thumbnail\" src=\"\/wp-content\/uploads\/2017\/02\/pavimax-500-f4-150x150.jpg\" width=\"150\" height=\"150\"><\/a><\/td>\n<td style=\"width: 20%; text-align: center;\"><a href=\"\/wp-content\/uploads\/2017\/02\/pavimax-500-f5.jpg\"><img loading=\"lazy\" decoding=\"async\" class=\"alignnone wp-image-13894 size-thumbnail\" src=\"\/wp-content\/uploads\/2017\/02\/pavimax-500-f5-150x150.jpg\" width=\"150\" height=\"150\"><\/a><\/td>\n<\/tr>\n<\/tbody>\n<\/table>\n<p style=\"text-align: justify;\">&nbsp;<\/p>\n<table class=\"tabellatecnica\" style=\"width: 100%; height: 120px;\" border=\"0\" cellspacing=\"0\" cellpadding=\"0\">\n<thead>\n<tr style=\"height: 24px;\">\n<td class=\"testata\" style=\"height: 24px; width: 100%;\" colspan=\"2\">CARATTERISTICHE TECNICHE<\/td>\n<\/tr>\n<\/thead>\n<tbody>\n<tr style=\"height: 24px;\">\n<td class=\"coltesto1\" style=\"width: 50%; height: 24px;\">Disco diametro 500 mm &#8211; Foro 25,4 mm<\/td>\n<td class=\"coltesto2\" style=\"width: 50%; height: 24px;\">Giri Motore 3600 Giri \/ Min<\/td>\n<\/tr>\n<tr style=\"height: 24px;\">\n<td class=\"coltesto1\" style=\"width: 50%; height: 24px;\">Profondit\u00e0 di Taglio 19 cm (con disco da 500)<\/td>\n<td class=\"coltesto2\" style=\"width: 50%; height: 24px;\">Serbatoio Acqua da 33&nbsp;Lt<\/td>\n<\/tr>\n<tr>\n<td class=\"coltesto1\" style=\"height: 24px; width: 50%;\">Motore Honda GX390 8.7 kW &#8211; 11.7 CV con avviamento a strappo<\/td>\n<td class=\"coltesto2\" style=\"width: 50%; height: 24px;\">Dimensioni (LxWxH) 112&nbsp;x 55&nbsp;x 106&nbsp;cm<\/td>\n<\/tr>\n<tr style=\"height: 24px;\">\n<td class=\"coltesto1\">Pavimax 500 \u00e8 dotata di Contaore<\/td>\n<td class=\"coltesto2\" style=\"width: 50%; height: 24px;\">Peso 116&nbsp;Kg<\/td>\n<\/tr>\n<\/tbody>\n<\/table>\n<p>[\/vc_column_text][\/vc_column][\/vc_row]<\/p>\n<\/div>","protected":false},"excerpt":{"rendered":"<p>[vc_row][vc_column text_align=&#8221;center&#8221; width=&#8221;1\/4&#8243;][vc_column_text] made in EU&nbsp; &#8211; certificata CE[\/vc_column_text][vc_column_text css_animation=&#8221;slideInDown&#8221; el_class=&#8221;hidebuybutton&#8221;][\/vc_column_text][vc_btn title=&#8221;Scheda prodotto&#8221; style=&#8221;outline-custom&#8221; outline_custom_color=&#8221;#cc0000&#8243; outline_custom_hover_background=&#8221;#910000&#8243; outline_custom_hover_text=&#8221;#f7f7f7&#8243; align=&#8221;center&#8221; i_icon_fontawesome=&#8221;fas fa-download&#8221; add_icon=&#8221;true&#8221; css=&#8221;.vc_custom_1681284487509{margin-top: 5px !important;margin-right: 5px !important;margin-bottom: 5px !important;margin-left: 5px !important;}&#8221; link=&#8221;url:%2Fdl.php%3Ffile_url%3Dhttps%3A%2F%2Fwww.maxima-dia.com%2Fwp-content%2Fuploads%2F2023%2F04%2FPAVIMAX-500-IT.pdf&#8221;][\/vc_column][vc_column width=&#8221;3\/4&#8243;][vc_column_text]Pavimax 500 \u00e8 la tagliasuolo pi\u00f9 prestante della gamma. Data la profondit\u00e0 di taglio massima di 19 cm, \u00e8 utilizzabile quando si necessita di interventi su grandi spessori. Il motore in dotazione \u00e8 il GX-390 Honda con avviamento a strappo. Robusta e stabile, grazie al suo passo corto ed al serbatoio dell\u2019acqua montato sopra al motore risulta precisa e molto ben bilanciata. La macchina viene fornita con contaore, strumento particolarmente utile per chi noleggia o per chi semplicemente vuole tenere d\u2019occhio gli intervalli di manutenzione. Monta un disco diamantato diametro 500 mm a scelta del cliente, da specificare al momento dell\u2019ordine. &nbsp; CARATTERISTICHE TECNICHE Disco diametro 500 mm &#8211; Foro 25,4 mm Giri Motore 3600 Giri \/ Min Profondit\u00e0 di Taglio 19 cm (con disco da 500) Serbatoio Acqua da 33&nbsp;Lt Motore Honda GX390 8.7 kW &#8211; 11.7 CV con avviamento a strappo Dimensioni (LxWxH) 112&nbsp;x 55&nbsp;x 106&nbsp;cm Pavimax 500 \u00e8 dotata di Contaore Peso 116&nbsp;Kg [\/vc_column_text][\/vc_column][\/vc_row]<\/p>\n","protected":false},"author":29,"featured_media":13904,"parent":12472,"menu_order":12,"comment_status":"closed","ping_status":"closed","template":"","meta":{"ngg_post_thumbnail":0,"_joinchat":[],"footnotes":""},"class_list":["post-7312","page","type-page","status-publish","has-post-thumbnail","hentry"],"yoast_head":"<!-- This site is optimized with the Yoast SEO plugin v25.5 - https:\/\/yoast.com\/wordpress\/plugins\/seo\/ -->\n<title>Pavimax 500 - Maxima SpA<\/title>\n<meta name=\"robots\" content=\"index, follow, max-snippet:-1, max-image-preview:large, max-video-preview:-1\" \/>\n<link rel=\"canonical\" href=\"https:\/\/www.maxima-dia.com\/it\/macchine-edili-taglio\/pavimax-500\/\" \/>\n<meta property=\"og:locale\" content=\"it_IT\" \/>\n<meta property=\"og:type\" content=\"article\" \/>\n<meta property=\"og:title\" content=\"Pavimax 500 - Maxima SpA\" \/>\n<meta property=\"og:description\" content=\"[vc_row][vc_column text_align=&#8221;center&#8221; width=&#8221;1\/4&#8243;][vc_column_text] made in EU&nbsp; &#8211; certificata CE[\/vc_column_text][vc_column_text css_animation=&#8221;slideInDown&#8221; el_class=&#8221;hidebuybutton&#8221;][\/vc_column_text][vc_btn title=&#8221;Scheda prodotto&#8221; style=&#8221;outline-custom&#8221; outline_custom_color=&#8221;#cc0000&#8243; outline_custom_hover_background=&#8221;#910000&#8243; outline_custom_hover_text=&#8221;#f7f7f7&#8243; align=&#8221;center&#8221; i_icon_fontawesome=&#8221;fas fa-download&#8221; add_icon=&#8221;true&#8221; css=&#8221;.vc_custom_1681284487509{margin-top: 5px !important;margin-right: 5px !important;margin-bottom: 5px !important;margin-left: 5px !important;}&#8221; link=&#8221;url:%2Fdl.php%3Ffile_url%3Dhttps%3A%2F%2Fwww.maxima-dia.com%2Fwp-content%2Fuploads%2F2023%2F04%2FPAVIMAX-500-IT.pdf&#8221;][\/vc_column][vc_column width=&#8221;3\/4&#8243;][vc_column_text]Pavimax 500 \u00e8 la tagliasuolo pi\u00f9 prestante della gamma. Data la profondit\u00e0 di taglio massima di 19 cm, \u00e8 utilizzabile quando si necessita di interventi su grandi spessori. Il motore in dotazione \u00e8 il GX-390 Honda con avviamento a strappo. Robusta e stabile, grazie al suo passo corto ed al serbatoio dell\u2019acqua montato sopra al motore risulta precisa e molto ben bilanciata. La macchina viene fornita con contaore, strumento particolarmente utile per chi noleggia o per chi semplicemente vuole tenere d\u2019occhio gli intervalli di manutenzione. Monta un disco diamantato diametro 500 mm a scelta del cliente, da specificare al momento dell\u2019ordine. &nbsp; CARATTERISTICHE TECNICHE Disco diametro 500 mm &#8211; Foro 25,4 mm Giri Motore 3600 Giri \/ Min Profondit\u00e0 di Taglio 19 cm (con disco da 500) Serbatoio Acqua da 33&nbsp;Lt Motore Honda GX390 8.7 kW &#8211; 11.7 CV con avviamento a strappo Dimensioni (LxWxH) 112&nbsp;x 55&nbsp;x 106&nbsp;cm Pavimax 500 \u00e8 dotata di Contaore Peso 116&nbsp;Kg [\/vc_column_text][\/vc_column][\/vc_row]\" \/>\n<meta property=\"og:url\" content=\"https:\/\/www.maxima-dia.com\/it\/macchine-edili-taglio\/pavimax-500\/\" \/>\n<meta property=\"og:site_name\" content=\"Maxima SpA\" \/>\n<meta property=\"article:publisher\" content=\"https:\/\/www.facebook.com\/Maxima-spa-106098566139597\" \/>\n<meta property=\"article:modified_time\" content=\"2023-04-12T07:28:10+00:00\" \/>\n<meta property=\"og:image\" content=\"https:\/\/www.maxima-dia.com\/wp-content\/uploads\/2017\/02\/pavimax-500.jpg\" \/>\n\t<meta property=\"og:image:width\" content=\"1200\" \/>\n\t<meta property=\"og:image:height\" content=\"1200\" \/>\n\t<meta property=\"og:image:type\" content=\"image\/jpeg\" \/>\n<meta name=\"twitter:card\" content=\"summary_large_image\" \/>\n<meta name=\"twitter:site\" content=\"@Maximadia\" \/>\n<meta name=\"twitter:label1\" content=\"Tempo di lettura stimato\" \/>\n\t<meta name=\"twitter:data1\" content=\"3 minuti\" \/>\n<script type=\"application\/ld+json\" class=\"yoast-schema-graph\">{\"@context\":\"https:\/\/schema.org\",\"@graph\":[{\"@type\":\"WebPage\",\"@id\":\"https:\/\/www.maxima-dia.com\/it\/macchine-edili-taglio\/pavimax-500\/\",\"url\":\"https:\/\/www.maxima-dia.com\/it\/macchine-edili-taglio\/pavimax-500\/\",\"name\":\"Pavimax 500 - Maxima SpA\",\"isPartOf\":{\"@id\":\"https:\/\/www.maxima-dia.com\/it\/#website\"},\"primaryImageOfPage\":{\"@id\":\"https:\/\/www.maxima-dia.com\/it\/macchine-edili-taglio\/pavimax-500\/#primaryimage\"},\"image\":{\"@id\":\"https:\/\/www.maxima-dia.com\/it\/macchine-edili-taglio\/pavimax-500\/#primaryimage\"},\"thumbnailUrl\":\"https:\/\/www.maxima-dia.com\/wp-content\/uploads\/2017\/02\/pavimax-500.jpg\",\"datePublished\":\"2013-11-18T15:20:46+00:00\",\"dateModified\":\"2023-04-12T07:28:10+00:00\",\"breadcrumb\":{\"@id\":\"https:\/\/www.maxima-dia.com\/it\/macchine-edili-taglio\/pavimax-500\/#breadcrumb\"},\"inLanguage\":\"it-IT\",\"potentialAction\":[{\"@type\":\"ReadAction\",\"target\":[\"https:\/\/www.maxima-dia.com\/it\/macchine-edili-taglio\/pavimax-500\/\"]}]},{\"@type\":\"ImageObject\",\"inLanguage\":\"it-IT\",\"@id\":\"https:\/\/www.maxima-dia.com\/it\/macchine-edili-taglio\/pavimax-500\/#primaryimage\",\"url\":\"https:\/\/www.maxima-dia.com\/wp-content\/uploads\/2017\/02\/pavimax-500.jpg\",\"contentUrl\":\"https:\/\/www.maxima-dia.com\/wp-content\/uploads\/2017\/02\/pavimax-500.jpg\",\"width\":1200,\"height\":1200,\"caption\":\"PAVIMAX 500\"},{\"@type\":\"BreadcrumbList\",\"@id\":\"https:\/\/www.maxima-dia.com\/it\/macchine-edili-taglio\/pavimax-500\/#breadcrumb\",\"itemListElement\":[{\"@type\":\"ListItem\",\"position\":1,\"name\":\"Home\",\"item\":\"https:\/\/www.maxima-dia.com\/it\/\"},{\"@type\":\"ListItem\",\"position\":2,\"name\":\"Macchine Edili Taglio\",\"item\":\"https:\/\/www.maxima-dia.com\/it\/macchine-edili-taglio\/\"},{\"@type\":\"ListItem\",\"position\":3,\"name\":\"Pavimax 500\"}]},{\"@type\":\"WebSite\",\"@id\":\"https:\/\/www.maxima-dia.com\/it\/#website\",\"url\":\"https:\/\/www.maxima-dia.com\/it\/\",\"name\":\"Maxima SpA\",\"description\":\"Only for the real professionals\",\"potentialAction\":[{\"@type\":\"SearchAction\",\"target\":{\"@type\":\"EntryPoint\",\"urlTemplate\":\"https:\/\/www.maxima-dia.com\/it\/?s={search_term_string}\"},\"query-input\":{\"@type\":\"PropertyValueSpecification\",\"valueRequired\":true,\"valueName\":\"search_term_string\"}}],\"inLanguage\":\"it-IT\"}]}<\/script>\n<!-- \/ Yoast SEO plugin. -->","yoast_head_json":{"title":"Pavimax 500 - Maxima SpA","robots":{"index":"index","follow":"follow","max-snippet":"max-snippet:-1","max-image-preview":"max-image-preview:large","max-video-preview":"max-video-preview:-1"},"canonical":"https:\/\/www.maxima-dia.com\/it\/macchine-edili-taglio\/pavimax-500\/","og_locale":"it_IT","og_type":"article","og_title":"Pavimax 500 - Maxima SpA","og_description":"[vc_row][vc_column text_align=&#8221;center&#8221; width=&#8221;1\/4&#8243;][vc_column_text] made in EU&nbsp; &#8211; certificata CE[\/vc_column_text][vc_column_text css_animation=&#8221;slideInDown&#8221; el_class=&#8221;hidebuybutton&#8221;][\/vc_column_text][vc_btn title=&#8221;Scheda prodotto&#8221; style=&#8221;outline-custom&#8221; outline_custom_color=&#8221;#cc0000&#8243; outline_custom_hover_background=&#8221;#910000&#8243; outline_custom_hover_text=&#8221;#f7f7f7&#8243; align=&#8221;center&#8221; i_icon_fontawesome=&#8221;fas fa-download&#8221; add_icon=&#8221;true&#8221; css=&#8221;.vc_custom_1681284487509{margin-top: 5px !important;margin-right: 5px !important;margin-bottom: 5px !important;margin-left: 5px !important;}&#8221; link=&#8221;url:%2Fdl.php%3Ffile_url%3Dhttps%3A%2F%2Fwww.maxima-dia.com%2Fwp-content%2Fuploads%2F2023%2F04%2FPAVIMAX-500-IT.pdf&#8221;][\/vc_column][vc_column width=&#8221;3\/4&#8243;][vc_column_text]Pavimax 500 \u00e8 la tagliasuolo pi\u00f9 prestante della gamma. Data la profondit\u00e0 di taglio massima di 19 cm, \u00e8 utilizzabile quando si necessita di interventi su grandi spessori. Il motore in dotazione \u00e8 il GX-390 Honda con avviamento a strappo. Robusta e stabile, grazie al suo passo corto ed al serbatoio dell\u2019acqua montato sopra al motore risulta precisa e molto ben bilanciata. La macchina viene fornita con contaore, strumento particolarmente utile per chi noleggia o per chi semplicemente vuole tenere d\u2019occhio gli intervalli di manutenzione. Monta un disco diamantato diametro 500 mm a scelta del cliente, da specificare al momento dell\u2019ordine. &nbsp; CARATTERISTICHE TECNICHE Disco diametro 500 mm &#8211; Foro 25,4 mm Giri Motore 3600 Giri \/ Min Profondit\u00e0 di Taglio 19 cm (con disco da 500) Serbatoio Acqua da 33&nbsp;Lt Motore Honda GX390 8.7 kW &#8211; 11.7 CV con avviamento a strappo Dimensioni (LxWxH) 112&nbsp;x 55&nbsp;x 106&nbsp;cm Pavimax 500 \u00e8 dotata di Contaore Peso 116&nbsp;Kg [\/vc_column_text][\/vc_column][\/vc_row]","og_url":"https:\/\/www.maxima-dia.com\/it\/macchine-edili-taglio\/pavimax-500\/","og_site_name":"Maxima SpA","article_publisher":"https:\/\/www.facebook.com\/Maxima-spa-106098566139597","article_modified_time":"2023-04-12T07:28:10+00:00","og_image":[{"width":1200,"height":1200,"url":"https:\/\/www.maxima-dia.com\/wp-content\/uploads\/2017\/02\/pavimax-500.jpg","type":"image\/jpeg"}],"twitter_card":"summary_large_image","twitter_site":"@Maximadia","twitter_misc":{"Tempo di lettura stimato":"3 minuti"},"schema":{"@context":"https:\/\/schema.org","@graph":[{"@type":"WebPage","@id":"https:\/\/www.maxima-dia.com\/it\/macchine-edili-taglio\/pavimax-500\/","url":"https:\/\/www.maxima-dia.com\/it\/macchine-edili-taglio\/pavimax-500\/","name":"Pavimax 500 - Maxima SpA","isPartOf":{"@id":"https:\/\/www.maxima-dia.com\/it\/#website"},"primaryImageOfPage":{"@id":"https:\/\/www.maxima-dia.com\/it\/macchine-edili-taglio\/pavimax-500\/#primaryimage"},"image":{"@id":"https:\/\/www.maxima-dia.com\/it\/macchine-edili-taglio\/pavimax-500\/#primaryimage"},"thumbnailUrl":"https:\/\/www.maxima-dia.com\/wp-content\/uploads\/2017\/02\/pavimax-500.jpg","datePublished":"2013-11-18T15:20:46+00:00","dateModified":"2023-04-12T07:28:10+00:00","breadcrumb":{"@id":"https:\/\/www.maxima-dia.com\/it\/macchine-edili-taglio\/pavimax-500\/#breadcrumb"},"inLanguage":"it-IT","potentialAction":[{"@type":"ReadAction","target":["https:\/\/www.maxima-dia.com\/it\/macchine-edili-taglio\/pavimax-500\/"]}]},{"@type":"ImageObject","inLanguage":"it-IT","@id":"https:\/\/www.maxima-dia.com\/it\/macchine-edili-taglio\/pavimax-500\/#primaryimage","url":"https:\/\/www.maxima-dia.com\/wp-content\/uploads\/2017\/02\/pavimax-500.jpg","contentUrl":"https:\/\/www.maxima-dia.com\/wp-content\/uploads\/2017\/02\/pavimax-500.jpg","width":1200,"height":1200,"caption":"PAVIMAX 500"},{"@type":"BreadcrumbList","@id":"https:\/\/www.maxima-dia.com\/it\/macchine-edili-taglio\/pavimax-500\/#breadcrumb","itemListElement":[{"@type":"ListItem","position":1,"name":"Home","item":"https:\/\/www.maxima-dia.com\/it\/"},{"@type":"ListItem","position":2,"name":"Macchine Edili Taglio","item":"https:\/\/www.maxima-dia.com\/it\/macchine-edili-taglio\/"},{"@type":"ListItem","position":3,"name":"Pavimax 500"}]},{"@type":"WebSite","@id":"https:\/\/www.maxima-dia.com\/it\/#website","url":"https:\/\/www.maxima-dia.com\/it\/","name":"Maxima SpA","description":"Only for the real professionals","potentialAction":[{"@type":"SearchAction","target":{"@type":"EntryPoint","urlTemplate":"https:\/\/www.maxima-dia.com\/it\/?s={search_term_string}"},"query-input":{"@type":"PropertyValueSpecification","valueRequired":true,"valueName":"search_term_string"}}],"inLanguage":"it-IT"}]}},"_links":{"self":[{"href":"https:\/\/www.maxima-dia.com\/it\/wp-json\/wp\/v2\/pages\/7312"}],"collection":[{"href":"https:\/\/www.maxima-dia.com\/it\/wp-json\/wp\/v2\/pages"}],"about":[{"href":"https:\/\/www.maxima-dia.com\/it\/wp-json\/wp\/v2\/types\/page"}],"author":[{"embeddable":true,"href":"https:\/\/www.maxima-dia.com\/it\/wp-json\/wp\/v2\/users\/29"}],"replies":[{"embeddable":true,"href":"https:\/\/www.maxima-dia.com\/it\/wp-json\/wp\/v2\/comments?post=7312"}],"version-history":[{"count":2,"href":"https:\/\/www.maxima-dia.com\/it\/wp-json\/wp\/v2\/pages\/7312\/revisions"}],"predecessor-version":[{"id":39832,"href":"https:\/\/www.maxima-dia.com\/it\/wp-json\/wp\/v2\/pages\/7312\/revisions\/39832"}],"up":[{"embeddable":true,"href":"https:\/\/www.maxima-dia.com\/it\/wp-json\/wp\/v2\/pages\/12472"}],"wp:featuredmedia":[{"embeddable":true,"href":"https:\/\/www.maxima-dia.com\/it\/wp-json\/wp\/v2\/media\/13904"}],"wp:attachment":[{"href":"https:\/\/www.maxima-dia.com\/it\/wp-json\/wp\/v2\/media?parent=7312"}],"curies":[{"name":"wp","href":"https:\/\/api.w.org\/{rel}","templated":true}]}}