{"id":7363,"date":"2013-11-19T10:45:01","date_gmt":"2013-11-19T09:45:01","guid":{"rendered":"http:\/\/www.maxima-dia.com\/?post_type=products&#038;p=7363"},"modified":"2024-11-05T09:55:34","modified_gmt":"2024-11-05T08:55:34","slug":"foretto-aspirazione-300","status":"publish","type":"page","link":"https:\/\/www.maxima-dia.com\/it\/foretti-diamantati-a-secco\/foretto-aspirazione-300\/","title":{"rendered":"Foretto Aspirazione 300"},"content":{"rendered":"<div class=\"wpb-content-wrapper\"><p>[vc_row][vc_column text_align=&#8221;center&#8221; width=&#8221;1\/4&#8243;][vc_column_text]<a href=\"\/wp-content\/uploads\/2017\/02\/foretto-aspirazione-300-1.jpg\" rel=\"g1\"><img loading=\"lazy\" decoding=\"async\" class=\"alignnone wp-image-13741 size-thumbnail\" src=\"\/wp-content\/uploads\/2017\/02\/foretto-aspirazione-300-1-150x150.jpg\" alt=\"FORETTO ASPIRAZIONE 300\" width=\"150\" height=\"150\" srcset=\"https:\/\/www.maxima-dia.com\/wp-content\/uploads\/2017\/02\/foretto-aspirazione-300-1-150x150.jpg 150w, https:\/\/www.maxima-dia.com\/wp-content\/uploads\/2017\/02\/foretto-aspirazione-300-1-300x300.jpg 300w, https:\/\/www.maxima-dia.com\/wp-content\/uploads\/2017\/02\/foretto-aspirazione-300-1-768x768.jpg 768w, https:\/\/www.maxima-dia.com\/wp-content\/uploads\/2017\/02\/foretto-aspirazione-300-1-1024x1024.jpg 1024w, https:\/\/www.maxima-dia.com\/wp-content\/uploads\/2017\/02\/foretto-aspirazione-300-1-80x80.jpg 80w, https:\/\/www.maxima-dia.com\/wp-content\/uploads\/2017\/02\/foretto-aspirazione-300-1-500x500.jpg 500w, https:\/\/www.maxima-dia.com\/wp-content\/uploads\/2017\/02\/foretto-aspirazione-300-1-1000x1000.jpg 1000w, https:\/\/www.maxima-dia.com\/wp-content\/uploads\/2017\/02\/foretto-aspirazione-300-1.jpg 1200w\" sizes=\"(max-width: 150px) 100vw, 150px\" \/><\/a><\/p>\n<p><a href=\"\/wp-content\/uploads\/2017\/02\/foretto-aspirazione-300-2.jpg\" rel=\"g1\"><img loading=\"lazy\" decoding=\"async\" class=\"alignnone wp-image-13742 size-thumbnail\" src=\"\/wp-content\/uploads\/2017\/02\/foretto-aspirazione-300-2-150x150.jpg\" alt=\"FORETTO ASPIRAZIONE 300\" width=\"150\" height=\"150\" srcset=\"https:\/\/www.maxima-dia.com\/wp-content\/uploads\/2017\/02\/foretto-aspirazione-300-2-150x150.jpg 150w, https:\/\/www.maxima-dia.com\/wp-content\/uploads\/2017\/02\/foretto-aspirazione-300-2-300x300.jpg 300w, https:\/\/www.maxima-dia.com\/wp-content\/uploads\/2017\/02\/foretto-aspirazione-300-2-768x768.jpg 768w, https:\/\/www.maxima-dia.com\/wp-content\/uploads\/2017\/02\/foretto-aspirazione-300-2-1024x1024.jpg 1024w, https:\/\/www.maxima-dia.com\/wp-content\/uploads\/2017\/02\/foretto-aspirazione-300-2-80x80.jpg 80w, https:\/\/www.maxima-dia.com\/wp-content\/uploads\/2017\/02\/foretto-aspirazione-300-2-500x500.jpg 500w, https:\/\/www.maxima-dia.com\/wp-content\/uploads\/2017\/02\/foretto-aspirazione-300-2-1000x1000.jpg 1000w, https:\/\/www.maxima-dia.com\/wp-content\/uploads\/2017\/02\/foretto-aspirazione-300-2.jpg 1200w\" sizes=\"(max-width: 150px) 100vw, 150px\" \/><\/a>[\/vc_column_text][vc_column_text css_animation=&#8221;slideInDown&#8221; el_class=&#8221;hidebuybutton&#8221;]<a href=\"https:\/\/www.storemaxima.com\/it\/foretti-a-secco\/75-foretto-laser-oro-250.html\" target=\"_blank\" rel=\"noopener\"><img loading=\"lazy\" decoding=\"async\" class=\"alignnone\" title=\"Acquista su www.storemaxima.com\" src=\"https:\/\/www.maxima-dia.com\/wp-content\/uploads\/2019\/12\/pulsante-acquista-storemaxima.com-it.svg\" alt=\"Acquista su www.storemaxima.com\" width=\"180\" height=\"80\"><\/a>[\/vc_column_text][vc_btn title=&#8221;Scheda prodotto&#8221; style=&#8221;outline-custom&#8221; outline_custom_color=&#8221;#cc0000&#8243; outline_custom_hover_background=&#8221;#910000&#8243; outline_custom_hover_text=&#8221;#f7f7f7&#8243; align=&#8221;center&#8221; i_icon_fontawesome=&#8221;fas fa-download&#8221; add_icon=&#8221;true&#8221; css=&#8221;.vc_custom_1681286083272{margin-top: 5px !important;margin-right: 5px !important;margin-bottom: 5px !important;margin-left: 5px !important;}&#8221; link=&#8221;url:%2Fdl.php%3Ffile_url%3Dhttps%3A%2F%2Fwww.maxima-dia.com%2Fwp-content%2Fuploads%2F2023%2F04%2FFORETTO-ASPIRAZIONE-300-IT.pdf&#8221;][\/vc_column][vc_column width=&#8221;3\/4&#8243;][vc_column_text]\u00c8 l\u2019utensile della gamma idoneo a consentire lavorazioni che richiedano l\u2019aspirazione delle polveri. Anche il <strong>Foretto Aspirazione 300<\/strong> monta lo stesso segmento diamantato dei foretti lunghi 150 mm ed \u00e8 perci\u00f2 in grado di forare a secco, ed eventualmente ad acqua, in caso si disponga di una macchina idonea, materiali come cemento armato, laterizi, tegole e calcestruzzo. La lunghezza utile di taglio \u00e8 300 mm, mentre solo per i \u00d8 182 e 205 \u00e8 stata ridotta a 200 mm per alleggerire il carico sia per la macchina che per l\u2019utente.<\/p>\n<table class=\"tabellatecnica\" style=\"width: 80%;\" border=\"0\" cellspacing=\"0\" cellpadding=\"0\">\n<thead>\n<tr>\n<td class=\"testata\" colspan=\"2\">TABELLA TECNICA<\/td>\n<\/tr>\n<\/thead>\n<tbody>\n<tr>\n<td class=\"prima\">Cemento Stagionato \/ Laterizi \/ Tegole<\/td>\n<td class=\"seconda\"><b class=\"txtred\">\u2605<\/b><b class=\"txtred\">\u2605<\/b><b class=\"txtred\">\u2605<\/b><b class=\"txtred\">\u2605<\/b><b class=\"txtred\">\u2605<\/b><\/td>\n<\/tr>\n<tr>\n<td class=\"prima\">Calcestruzzo poco armato<\/td>\n<td class=\"seconda\"><b class=\"txtred\">\u2605<\/b><b class=\"txtred\">\u2605<\/b><b class=\"txtred\">\u2605<\/b><b class=\"txtred\">\u2605<\/b><b class=\"txtred\">\u2605<\/b><\/td>\n<\/tr>\n<tr>\n<td class=\"prima\">Calcestruzzo molto armato<\/td>\n<td class=\"seconda\"><b class=\"txtred\">\u2605<\/b><b class=\"txtred\">\u2605<\/b><b class=\"txtred\">\u2605<\/b><b class=\"txtred\">\u2605<\/b><b class=\"txtred\">\u2605<\/b><\/td>\n<\/tr>\n<tr>\n<td class=\"prima\">Graniti \/ Pietre naturali \/ Porfidi<\/td>\n<td class=\"seconda\"><b class=\"txtred\">\u2605<\/b><b class=\"txtred\">\u2605<\/b><b class=\"txtred\">\u2605<\/b><\/td>\n<\/tr>\n<tr>\n<td class=\"prima\">Marmi<\/td>\n<td class=\"seconda\">&nbsp;<\/td>\n<\/tr>\n<tr>\n<td class=\"prima\">Refrattari<\/td>\n<td class=\"seconda\"><b class=\"txtred\">\u2605<\/b><b class=\"txtred\">\u2605<\/b><\/td>\n<\/tr>\n<tr>\n<td class=\"prima\">Arenarie \/ Piastre ghiaino lavato<\/td>\n<td class=\"seconda\"><b class=\"txtred\">\u2605<\/b><b class=\"txtred\">\u2605<\/b><\/td>\n<\/tr>\n<tr>\n<td class=\"prima\">Ceramica bicottura<\/td>\n<td class=\"seconda\"><b class=\"txtred\">\u2605<\/b><\/td>\n<\/tr>\n<tr>\n<td class=\"prima\">Ceramica monocottura<\/td>\n<td class=\"seconda\"><b class=\"txtred\">\u2605<\/b><\/td>\n<\/tr>\n<tr>\n<td class=\"prima\">Gres porcellanato \/ Klinker<\/td>\n<td class=\"seconda\"><b class=\"txtred\">\u2605<\/b><\/td>\n<\/tr>\n<tr>\n<td class=\"prima\">Cemento fresco<\/td>\n<td class=\"seconda\"><b class=\"txtred\">\u2605<\/b><\/td>\n<\/tr>\n<tr>\n<td class=\"prima\">Asfalto<\/td>\n<td class=\"seconda\"><b class=\"txtred\">\u2605<\/b><\/td>\n<\/tr>\n<tr>\n<td class=\"intervallo\" colspan=\"2\">&nbsp;<\/td>\n<\/tr>\n<tr>\n<td class=\"prima\">Velocit\u00e0 di taglio<\/td>\n<td class=\"seconda\"><b class=\"txtred\">\u2605<\/b><b class=\"txtred\">\u2605<\/b><b class=\"txtred\">\u2605<\/b><b class=\"txtred\">\u2605<\/b><b class=\"txtred\">\u2605<\/b><\/td>\n<\/tr>\n<tr>\n<td class=\"prima\">Durata media<\/td>\n<td class=\"seconda\"><b class=\"txtred\">\u2605<\/b><b class=\"txtred\">\u2605<\/b><b class=\"txtred\">\u2605<\/b><b class=\"txtred\">\u2605<\/b><\/td>\n<\/tr>\n<tr>\n<td class=\"legenda\" colspan=\"2\"><strong>sufficiente<\/strong>&nbsp;<b class=\"txtred\">\u2605<\/b>&nbsp;&nbsp;&nbsp;&nbsp; <strong>medio<\/strong> <b class=\"txtred\">\u2605<\/b><b class=\"txtred\">\u2605<\/b>&nbsp;&nbsp;&nbsp;&nbsp; <strong>buono<\/strong> <b class=\"txtred\">\u2605<\/b><b class=\"txtred\">\u2605<\/b><b class=\"txtred\">\u2605<\/b>&nbsp;&nbsp;&nbsp;&nbsp; <strong>ottimo<\/strong> <b class=\"txtred\">\u2605<\/b><b class=\"txtred\">\u2605<\/b><b class=\"txtred\">\u2605<\/b><b class=\"txtred\">\u2605<\/b>&nbsp;&nbsp;&nbsp;&nbsp; <strong>super<\/strong> <b class=\"txtred\">\u2605<\/b><b class=\"txtred\">\u2605<\/b><b class=\"txtred\">\u2605<\/b><b class=\"txtred\">\u2605<\/b><b class=\"txtred\">\u2605<\/b><\/td>\n<\/tr>\n<\/tbody>\n<\/table>\n<p>&nbsp;<\/p>\n<table class=\"tabellatecnica\" style=\"width: 80%;\" border=\"0\" cellspacing=\"0\" cellpadding=\"0\">\n<thead>\n<tr>\n<td class=\"testata\">UTILIZZABILE SULLE SEGUENTI MACCHINE<\/td>\n<\/tr>\n<\/thead>\n<tbody>\n<tr>\n<td><img loading=\"lazy\" decoding=\"async\" class=\"alignleft\" src=\"\/wp-content\/uploads\/2013\/11\/s-m1.png\" alt=\"s-m1\" width=\"107\" height=\"30\">32-37-42-52-57-62-68-72-82-92-102-107<br \/>\n112-122-127-132-142-152-162-182-205<\/td>\n<\/tr>\n<\/tbody>\n<\/table>\n<p>&nbsp;<\/p>\n<div id=\"gtx-trans\" style=\"position: absolute; left: 386px; top: 856px;\">\n<div class=\"gtx-trans-icon\">&nbsp;<\/div>\n<\/div>\n<p>[\/vc_column_text][\/vc_column][\/vc_row]<\/p>\n<\/div>","protected":false},"excerpt":{"rendered":"<p>[vc_row][vc_column text_align=&#8221;center&#8221; width=&#8221;1\/4&#8243;][vc_column_text] [\/vc_column_text][vc_column_text css_animation=&#8221;slideInDown&#8221; el_class=&#8221;hidebuybutton&#8221;][\/vc_column_text][vc_btn title=&#8221;Scheda prodotto&#8221; style=&#8221;outline-custom&#8221; outline_custom_color=&#8221;#cc0000&#8243; outline_custom_hover_background=&#8221;#910000&#8243; outline_custom_hover_text=&#8221;#f7f7f7&#8243; align=&#8221;center&#8221; i_icon_fontawesome=&#8221;fas fa-download&#8221; add_icon=&#8221;true&#8221; css=&#8221;.vc_custom_1681286083272{margin-top: 5px !important;margin-right: 5px !important;margin-bottom: 5px !important;margin-left: 5px !important;}&#8221; link=&#8221;url:%2Fdl.php%3Ffile_url%3Dhttps%3A%2F%2Fwww.maxima-dia.com%2Fwp-content%2Fuploads%2F2023%2F04%2FFORETTO-ASPIRAZIONE-300-IT.pdf&#8221;][\/vc_column][vc_column width=&#8221;3\/4&#8243;][vc_column_text]\u00c8 l\u2019utensile della gamma idoneo a consentire lavorazioni che richiedano l\u2019aspirazione delle polveri. Anche il Foretto Aspirazione 300 monta lo stesso segmento diamantato dei foretti lunghi 150 mm ed \u00e8 perci\u00f2 in grado di forare a secco, ed eventualmente ad acqua, in caso si disponga di una macchina idonea, materiali come cemento armato, laterizi, tegole e calcestruzzo. La lunghezza utile di taglio \u00e8 300 mm, mentre solo per i \u00d8 182 e 205 \u00e8 stata ridotta a 200 mm per alleggerire il carico sia per la macchina che per l\u2019utente. TABELLA TECNICA Cemento Stagionato \/ Laterizi \/ Tegole \u2605\u2605\u2605\u2605\u2605 Calcestruzzo poco armato \u2605\u2605\u2605\u2605\u2605 Calcestruzzo molto armato \u2605\u2605\u2605\u2605\u2605 Graniti \/ Pietre naturali \/ Porfidi \u2605\u2605\u2605 Marmi &nbsp; Refrattari \u2605\u2605 Arenarie \/ Piastre ghiaino lavato \u2605\u2605 Ceramica bicottura \u2605 Ceramica monocottura \u2605 Gres porcellanato \/ Klinker \u2605 Cemento fresco \u2605 Asfalto \u2605 &nbsp; Velocit\u00e0 di taglio \u2605\u2605\u2605\u2605\u2605 Durata media \u2605\u2605\u2605\u2605 sufficiente&nbsp;\u2605&nbsp;&nbsp;&nbsp;&nbsp; medio \u2605\u2605&nbsp;&nbsp;&nbsp;&nbsp; buono \u2605\u2605\u2605&nbsp;&nbsp;&nbsp;&nbsp; ottimo \u2605\u2605\u2605\u2605&nbsp;&nbsp;&nbsp;&nbsp; super \u2605\u2605\u2605\u2605\u2605 &nbsp; UTILIZZABILE SULLE SEGUENTI MACCHINE 32-37-42-52-57-62-68-72-82-92-102-107 112-122-127-132-142-152-162-182-205 &nbsp; &nbsp; [\/vc_column_text][\/vc_column][\/vc_row]<\/p>\n","protected":false},"author":29,"featured_media":13741,"parent":12421,"menu_order":8,"comment_status":"closed","ping_status":"closed","template":"","meta":{"ngg_post_thumbnail":0,"_joinchat":[],"footnotes":""},"class_list":["post-7363","page","type-page","status-publish","has-post-thumbnail","hentry"],"yoast_head":"<!-- This site is optimized with the Yoast SEO plugin v25.5 - https:\/\/yoast.com\/wordpress\/plugins\/seo\/ -->\n<title>Foretto Aspirazione 300 - Maxima SpA<\/title>\n<meta name=\"robots\" content=\"index, follow, max-snippet:-1, max-image-preview:large, max-video-preview:-1\" \/>\n<link rel=\"canonical\" href=\"https:\/\/www.maxima-dia.com\/it\/foretti-diamantati-a-secco\/foretto-aspirazione-300\/\" \/>\n<meta property=\"og:locale\" content=\"it_IT\" \/>\n<meta property=\"og:type\" content=\"article\" \/>\n<meta property=\"og:title\" content=\"Foretto Aspirazione 300 - Maxima SpA\" \/>\n<meta property=\"og:description\" content=\"[vc_row][vc_column text_align=&#8221;center&#8221; width=&#8221;1\/4&#8243;][vc_column_text] [\/vc_column_text][vc_column_text css_animation=&#8221;slideInDown&#8221; el_class=&#8221;hidebuybutton&#8221;][\/vc_column_text][vc_btn title=&#8221;Scheda prodotto&#8221; style=&#8221;outline-custom&#8221; outline_custom_color=&#8221;#cc0000&#8243; outline_custom_hover_background=&#8221;#910000&#8243; outline_custom_hover_text=&#8221;#f7f7f7&#8243; align=&#8221;center&#8221; i_icon_fontawesome=&#8221;fas fa-download&#8221; add_icon=&#8221;true&#8221; css=&#8221;.vc_custom_1681286083272{margin-top: 5px !important;margin-right: 5px !important;margin-bottom: 5px !important;margin-left: 5px !important;}&#8221; link=&#8221;url:%2Fdl.php%3Ffile_url%3Dhttps%3A%2F%2Fwww.maxima-dia.com%2Fwp-content%2Fuploads%2F2023%2F04%2FFORETTO-ASPIRAZIONE-300-IT.pdf&#8221;][\/vc_column][vc_column width=&#8221;3\/4&#8243;][vc_column_text]\u00c8 l\u2019utensile della gamma idoneo a consentire lavorazioni che richiedano l\u2019aspirazione delle polveri. Anche il Foretto Aspirazione 300 monta lo stesso segmento diamantato dei foretti lunghi 150 mm ed \u00e8 perci\u00f2 in grado di forare a secco, ed eventualmente ad acqua, in caso si disponga di una macchina idonea, materiali come cemento armato, laterizi, tegole e calcestruzzo. La lunghezza utile di taglio \u00e8 300 mm, mentre solo per i \u00d8 182 e 205 \u00e8 stata ridotta a 200 mm per alleggerire il carico sia per la macchina che per l\u2019utente. TABELLA TECNICA Cemento Stagionato \/ Laterizi \/ Tegole \u2605\u2605\u2605\u2605\u2605 Calcestruzzo poco armato \u2605\u2605\u2605\u2605\u2605 Calcestruzzo molto armato \u2605\u2605\u2605\u2605\u2605 Graniti \/ Pietre naturali \/ Porfidi \u2605\u2605\u2605 Marmi &nbsp; Refrattari \u2605\u2605 Arenarie \/ Piastre ghiaino lavato \u2605\u2605 Ceramica bicottura \u2605 Ceramica monocottura \u2605 Gres porcellanato \/ Klinker \u2605 Cemento fresco \u2605 Asfalto \u2605 &nbsp; Velocit\u00e0 di taglio \u2605\u2605\u2605\u2605\u2605 Durata media \u2605\u2605\u2605\u2605 sufficiente&nbsp;\u2605&nbsp;&nbsp;&nbsp;&nbsp; medio \u2605\u2605&nbsp;&nbsp;&nbsp;&nbsp; buono \u2605\u2605\u2605&nbsp;&nbsp;&nbsp;&nbsp; ottimo \u2605\u2605\u2605\u2605&nbsp;&nbsp;&nbsp;&nbsp; super \u2605\u2605\u2605\u2605\u2605 &nbsp; UTILIZZABILE SULLE SEGUENTI MACCHINE 32-37-42-52-57-62-68-72-82-92-102-107 112-122-127-132-142-152-162-182-205 &nbsp; &nbsp; [\/vc_column_text][\/vc_column][\/vc_row]\" \/>\n<meta property=\"og:url\" content=\"https:\/\/www.maxima-dia.com\/it\/foretti-diamantati-a-secco\/foretto-aspirazione-300\/\" \/>\n<meta property=\"og:site_name\" content=\"Maxima SpA\" \/>\n<meta property=\"article:publisher\" content=\"https:\/\/www.facebook.com\/Maxima-spa-106098566139597\" \/>\n<meta property=\"article:modified_time\" content=\"2024-11-05T08:55:34+00:00\" \/>\n<meta property=\"og:image\" content=\"https:\/\/www.maxima-dia.com\/wp-content\/uploads\/2017\/02\/foretto-aspirazione-300-1.jpg\" \/>\n\t<meta property=\"og:image:width\" content=\"1200\" \/>\n\t<meta property=\"og:image:height\" content=\"1200\" \/>\n\t<meta property=\"og:image:type\" content=\"image\/jpeg\" \/>\n<meta name=\"twitter:card\" content=\"summary_large_image\" \/>\n<meta name=\"twitter:site\" content=\"@Maximadia\" \/>\n<meta name=\"twitter:label1\" content=\"Tempo di lettura stimato\" \/>\n\t<meta name=\"twitter:data1\" content=\"12 minuti\" \/>\n<script type=\"application\/ld+json\" class=\"yoast-schema-graph\">{\"@context\":\"https:\/\/schema.org\",\"@graph\":[{\"@type\":\"WebPage\",\"@id\":\"https:\/\/www.maxima-dia.com\/it\/foretti-diamantati-a-secco\/foretto-aspirazione-300\/\",\"url\":\"https:\/\/www.maxima-dia.com\/it\/foretti-diamantati-a-secco\/foretto-aspirazione-300\/\",\"name\":\"Foretto Aspirazione 300 - Maxima SpA\",\"isPartOf\":{\"@id\":\"https:\/\/www.maxima-dia.com\/it\/#website\"},\"primaryImageOfPage\":{\"@id\":\"https:\/\/www.maxima-dia.com\/it\/foretti-diamantati-a-secco\/foretto-aspirazione-300\/#primaryimage\"},\"image\":{\"@id\":\"https:\/\/www.maxima-dia.com\/it\/foretti-diamantati-a-secco\/foretto-aspirazione-300\/#primaryimage\"},\"thumbnailUrl\":\"https:\/\/www.maxima-dia.com\/wp-content\/uploads\/2017\/02\/foretto-aspirazione-300-1.jpg\",\"datePublished\":\"2013-11-19T09:45:01+00:00\",\"dateModified\":\"2024-11-05T08:55:34+00:00\",\"breadcrumb\":{\"@id\":\"https:\/\/www.maxima-dia.com\/it\/foretti-diamantati-a-secco\/foretto-aspirazione-300\/#breadcrumb\"},\"inLanguage\":\"it-IT\",\"potentialAction\":[{\"@type\":\"ReadAction\",\"target\":[\"https:\/\/www.maxima-dia.com\/it\/foretti-diamantati-a-secco\/foretto-aspirazione-300\/\"]}]},{\"@type\":\"ImageObject\",\"inLanguage\":\"it-IT\",\"@id\":\"https:\/\/www.maxima-dia.com\/it\/foretti-diamantati-a-secco\/foretto-aspirazione-300\/#primaryimage\",\"url\":\"https:\/\/www.maxima-dia.com\/wp-content\/uploads\/2017\/02\/foretto-aspirazione-300-1.jpg\",\"contentUrl\":\"https:\/\/www.maxima-dia.com\/wp-content\/uploads\/2017\/02\/foretto-aspirazione-300-1.jpg\",\"width\":1200,\"height\":1200,\"caption\":\"FORETTO ASPIRAZIONE 300\"},{\"@type\":\"BreadcrumbList\",\"@id\":\"https:\/\/www.maxima-dia.com\/it\/foretti-diamantati-a-secco\/foretto-aspirazione-300\/#breadcrumb\",\"itemListElement\":[{\"@type\":\"ListItem\",\"position\":1,\"name\":\"Home\",\"item\":\"https:\/\/www.maxima-dia.com\/it\/\"},{\"@type\":\"ListItem\",\"position\":2,\"name\":\"Foretti Diamantati a secco\",\"item\":\"https:\/\/www.maxima-dia.com\/it\/foretti-diamantati-a-secco\/\"},{\"@type\":\"ListItem\",\"position\":3,\"name\":\"Foretto Aspirazione 300\"}]},{\"@type\":\"WebSite\",\"@id\":\"https:\/\/www.maxima-dia.com\/it\/#website\",\"url\":\"https:\/\/www.maxima-dia.com\/it\/\",\"name\":\"Maxima SpA\",\"description\":\"Only for the real professionals\",\"potentialAction\":[{\"@type\":\"SearchAction\",\"target\":{\"@type\":\"EntryPoint\",\"urlTemplate\":\"https:\/\/www.maxima-dia.com\/it\/?s={search_term_string}\"},\"query-input\":{\"@type\":\"PropertyValueSpecification\",\"valueRequired\":true,\"valueName\":\"search_term_string\"}}],\"inLanguage\":\"it-IT\"}]}<\/script>\n<!-- \/ Yoast SEO plugin. -->","yoast_head_json":{"title":"Foretto Aspirazione 300 - Maxima SpA","robots":{"index":"index","follow":"follow","max-snippet":"max-snippet:-1","max-image-preview":"max-image-preview:large","max-video-preview":"max-video-preview:-1"},"canonical":"https:\/\/www.maxima-dia.com\/it\/foretti-diamantati-a-secco\/foretto-aspirazione-300\/","og_locale":"it_IT","og_type":"article","og_title":"Foretto Aspirazione 300 - Maxima SpA","og_description":"[vc_row][vc_column text_align=&#8221;center&#8221; width=&#8221;1\/4&#8243;][vc_column_text] [\/vc_column_text][vc_column_text css_animation=&#8221;slideInDown&#8221; el_class=&#8221;hidebuybutton&#8221;][\/vc_column_text][vc_btn title=&#8221;Scheda prodotto&#8221; style=&#8221;outline-custom&#8221; outline_custom_color=&#8221;#cc0000&#8243; outline_custom_hover_background=&#8221;#910000&#8243; outline_custom_hover_text=&#8221;#f7f7f7&#8243; align=&#8221;center&#8221; i_icon_fontawesome=&#8221;fas fa-download&#8221; add_icon=&#8221;true&#8221; css=&#8221;.vc_custom_1681286083272{margin-top: 5px !important;margin-right: 5px !important;margin-bottom: 5px !important;margin-left: 5px !important;}&#8221; link=&#8221;url:%2Fdl.php%3Ffile_url%3Dhttps%3A%2F%2Fwww.maxima-dia.com%2Fwp-content%2Fuploads%2F2023%2F04%2FFORETTO-ASPIRAZIONE-300-IT.pdf&#8221;][\/vc_column][vc_column width=&#8221;3\/4&#8243;][vc_column_text]\u00c8 l\u2019utensile della gamma idoneo a consentire lavorazioni che richiedano l\u2019aspirazione delle polveri. Anche il Foretto Aspirazione 300 monta lo stesso segmento diamantato dei foretti lunghi 150 mm ed \u00e8 perci\u00f2 in grado di forare a secco, ed eventualmente ad acqua, in caso si disponga di una macchina idonea, materiali come cemento armato, laterizi, tegole e calcestruzzo. La lunghezza utile di taglio \u00e8 300 mm, mentre solo per i \u00d8 182 e 205 \u00e8 stata ridotta a 200 mm per alleggerire il carico sia per la macchina che per l\u2019utente. TABELLA TECNICA Cemento Stagionato \/ Laterizi \/ Tegole \u2605\u2605\u2605\u2605\u2605 Calcestruzzo poco armato \u2605\u2605\u2605\u2605\u2605 Calcestruzzo molto armato \u2605\u2605\u2605\u2605\u2605 Graniti \/ Pietre naturali \/ Porfidi \u2605\u2605\u2605 Marmi &nbsp; Refrattari \u2605\u2605 Arenarie \/ Piastre ghiaino lavato \u2605\u2605 Ceramica bicottura \u2605 Ceramica monocottura \u2605 Gres porcellanato \/ Klinker \u2605 Cemento fresco \u2605 Asfalto \u2605 &nbsp; Velocit\u00e0 di taglio \u2605\u2605\u2605\u2605\u2605 Durata media \u2605\u2605\u2605\u2605 sufficiente&nbsp;\u2605&nbsp;&nbsp;&nbsp;&nbsp; medio \u2605\u2605&nbsp;&nbsp;&nbsp;&nbsp; buono \u2605\u2605\u2605&nbsp;&nbsp;&nbsp;&nbsp; ottimo \u2605\u2605\u2605\u2605&nbsp;&nbsp;&nbsp;&nbsp; super \u2605\u2605\u2605\u2605\u2605 &nbsp; UTILIZZABILE SULLE SEGUENTI MACCHINE 32-37-42-52-57-62-68-72-82-92-102-107 112-122-127-132-142-152-162-182-205 &nbsp; &nbsp; [\/vc_column_text][\/vc_column][\/vc_row]","og_url":"https:\/\/www.maxima-dia.com\/it\/foretti-diamantati-a-secco\/foretto-aspirazione-300\/","og_site_name":"Maxima SpA","article_publisher":"https:\/\/www.facebook.com\/Maxima-spa-106098566139597","article_modified_time":"2024-11-05T08:55:34+00:00","og_image":[{"width":1200,"height":1200,"url":"https:\/\/www.maxima-dia.com\/wp-content\/uploads\/2017\/02\/foretto-aspirazione-300-1.jpg","type":"image\/jpeg"}],"twitter_card":"summary_large_image","twitter_site":"@Maximadia","twitter_misc":{"Tempo di lettura stimato":"12 minuti"},"schema":{"@context":"https:\/\/schema.org","@graph":[{"@type":"WebPage","@id":"https:\/\/www.maxima-dia.com\/it\/foretti-diamantati-a-secco\/foretto-aspirazione-300\/","url":"https:\/\/www.maxima-dia.com\/it\/foretti-diamantati-a-secco\/foretto-aspirazione-300\/","name":"Foretto Aspirazione 300 - Maxima SpA","isPartOf":{"@id":"https:\/\/www.maxima-dia.com\/it\/#website"},"primaryImageOfPage":{"@id":"https:\/\/www.maxima-dia.com\/it\/foretti-diamantati-a-secco\/foretto-aspirazione-300\/#primaryimage"},"image":{"@id":"https:\/\/www.maxima-dia.com\/it\/foretti-diamantati-a-secco\/foretto-aspirazione-300\/#primaryimage"},"thumbnailUrl":"https:\/\/www.maxima-dia.com\/wp-content\/uploads\/2017\/02\/foretto-aspirazione-300-1.jpg","datePublished":"2013-11-19T09:45:01+00:00","dateModified":"2024-11-05T08:55:34+00:00","breadcrumb":{"@id":"https:\/\/www.maxima-dia.com\/it\/foretti-diamantati-a-secco\/foretto-aspirazione-300\/#breadcrumb"},"inLanguage":"it-IT","potentialAction":[{"@type":"ReadAction","target":["https:\/\/www.maxima-dia.com\/it\/foretti-diamantati-a-secco\/foretto-aspirazione-300\/"]}]},{"@type":"ImageObject","inLanguage":"it-IT","@id":"https:\/\/www.maxima-dia.com\/it\/foretti-diamantati-a-secco\/foretto-aspirazione-300\/#primaryimage","url":"https:\/\/www.maxima-dia.com\/wp-content\/uploads\/2017\/02\/foretto-aspirazione-300-1.jpg","contentUrl":"https:\/\/www.maxima-dia.com\/wp-content\/uploads\/2017\/02\/foretto-aspirazione-300-1.jpg","width":1200,"height":1200,"caption":"FORETTO ASPIRAZIONE 300"},{"@type":"BreadcrumbList","@id":"https:\/\/www.maxima-dia.com\/it\/foretti-diamantati-a-secco\/foretto-aspirazione-300\/#breadcrumb","itemListElement":[{"@type":"ListItem","position":1,"name":"Home","item":"https:\/\/www.maxima-dia.com\/it\/"},{"@type":"ListItem","position":2,"name":"Foretti Diamantati a secco","item":"https:\/\/www.maxima-dia.com\/it\/foretti-diamantati-a-secco\/"},{"@type":"ListItem","position":3,"name":"Foretto Aspirazione 300"}]},{"@type":"WebSite","@id":"https:\/\/www.maxima-dia.com\/it\/#website","url":"https:\/\/www.maxima-dia.com\/it\/","name":"Maxima SpA","description":"Only for the real professionals","potentialAction":[{"@type":"SearchAction","target":{"@type":"EntryPoint","urlTemplate":"https:\/\/www.maxima-dia.com\/it\/?s={search_term_string}"},"query-input":{"@type":"PropertyValueSpecification","valueRequired":true,"valueName":"search_term_string"}}],"inLanguage":"it-IT"}]}},"_links":{"self":[{"href":"https:\/\/www.maxima-dia.com\/it\/wp-json\/wp\/v2\/pages\/7363"}],"collection":[{"href":"https:\/\/www.maxima-dia.com\/it\/wp-json\/wp\/v2\/pages"}],"about":[{"href":"https:\/\/www.maxima-dia.com\/it\/wp-json\/wp\/v2\/types\/page"}],"author":[{"embeddable":true,"href":"https:\/\/www.maxima-dia.com\/it\/wp-json\/wp\/v2\/users\/29"}],"replies":[{"embeddable":true,"href":"https:\/\/www.maxima-dia.com\/it\/wp-json\/wp\/v2\/comments?post=7363"}],"version-history":[{"count":1,"href":"https:\/\/www.maxima-dia.com\/it\/wp-json\/wp\/v2\/pages\/7363\/revisions"}],"predecessor-version":[{"id":39947,"href":"https:\/\/www.maxima-dia.com\/it\/wp-json\/wp\/v2\/pages\/7363\/revisions\/39947"}],"up":[{"embeddable":true,"href":"https:\/\/www.maxima-dia.com\/it\/wp-json\/wp\/v2\/pages\/12421"}],"wp:featuredmedia":[{"embeddable":true,"href":"https:\/\/www.maxima-dia.com\/it\/wp-json\/wp\/v2\/media\/13741"}],"wp:attachment":[{"href":"https:\/\/www.maxima-dia.com\/it\/wp-json\/wp\/v2\/media?parent=7363"}],"curies":[{"name":"wp","href":"https:\/\/api.w.org\/{rel}","templated":true}]}}