{"id":839,"date":"2011-09-26T16:12:49","date_gmt":"2011-09-26T16:12:49","guid":{"rendered":"http:\/\/maxima.wamboo.it\/?page_id=839"},"modified":"2019-08-07T11:34:59","modified_gmt":"2019-08-07T09:34:59","slug":"prodotti-carotaggio","status":"publish","type":"page","link":"https:\/\/www.maxima-dia.com\/it\/prodotti-carotaggio\/","title":{"rendered":"Prodotti &#8211; Carotaggio"},"content":{"rendered":"<div class=\"wpb-content-wrapper\"><p>[vc_row bottom_padding=&#8221;50&#8243;][vc_column width=&#8221;1\/1&#8243;][vc_column_text]Per i professionisti pi\u00f9 esigenti Maxima rende disponibile la pi\u00f9 vasta gamma di prodotti per il carotaggio con utensili diamantati che comprende foretti a secco per l&#8217;utilizzo su carotatori manuali, e foretti ad acqua per l&#8217;utilizzo su carotatori montati su colonna, in tutte le lunghezze e diametri, fino ad arrivare al carotaggio continuo oltre i 2 metri. L&#8217;ampia scelta dei nostri carotatori elettrici con potenze fino a 5200W, per carotaggi a secco con aspirazione polveri, e carotaggi ad acqua con colonne professionali.<br \/>\nTutte le nostre macchine sono certificate <strong>CE<\/strong> e sono prodotte in Unione Europea <img loading=\"lazy\" decoding=\"async\" class=\"alignnone wp-image-6471\" src=\"\/wp-content\/uploads\/2011\/09\/eu_flag.png\" alt=\"\" width=\"20\" height=\"16\">.[\/vc_column_text][\/vc_column][\/vc_row][vc_row bottom_padding=&#8221;50&#8243;][vc_column width=&#8221;1\/4&#8243;]<div class=\"single_image wpb_content_element align-left    \" data-animation=\"none\" data-delay=\"0\"><a href=\"\/it\/foretti-diamantati-a-secco\/\" target=\"_self\"><img loading=\"lazy\" decoding=\"async\" width=\"600\" height=\"600\" src=\"https:\/\/www.maxima-dia.com\/wp-content\/uploads\/2017\/04\/foretti-secco-icon.jpg\" class=\"attachment-full\" alt=\"Maxima SpA foretti secco\" title=\"Maxima SpA foretti secco\" srcset=\"https:\/\/www.maxima-dia.com\/wp-content\/uploads\/2017\/04\/foretti-secco-icon.jpg 600w, https:\/\/www.maxima-dia.com\/wp-content\/uploads\/2017\/04\/foretti-secco-icon-150x150.jpg 150w, https:\/\/www.maxima-dia.com\/wp-content\/uploads\/2017\/04\/foretti-secco-icon-300x300.jpg 300w, https:\/\/www.maxima-dia.com\/wp-content\/uploads\/2017\/04\/foretti-secco-icon-80x80.jpg 80w, https:\/\/www.maxima-dia.com\/wp-content\/uploads\/2017\/04\/foretti-secco-icon-500x500.jpg 500w\" sizes=\"(max-width: 600px) 100vw, 600px\" \/><\/a><\/div>[\/vc_column][vc_column width=&#8221;3\/4&#8243;][vc_column_text]<\/p>\n<h2><a href=\"\/it\/foretti-diamantati-a-secco\/\">Foretti Diamantati a Secco<\/a><\/h2>\n<p>In questa sezione i foretti a secco della gamma Maxima per utilizzo su carotatori manuali. Tutti sviluppati per la foratura a secco del cemento armato, sono disponibili con attacco M16 e 1\u201d 1\/4. Nella gamma il Foretto Oro Spiral \u00e8 il foretto a secco pi\u00f9 venduto in Italia ed anche il pi\u00f9 imitato. Distribuito in esclusiva dal 2002, garantisce performances senza paragoni.[\/vc_column_text][\/vc_column][\/vc_row][vc_row bottom_padding=&#8221;50&#8243;][vc_column width=&#8221;1\/4&#8243;]<div class=\"single_image wpb_content_element align-left    \" data-animation=\"none\" data-delay=\"0\"><a href=\"\/it\/foretti-diamantati-ad-acqua\/\" target=\"_self\"><img loading=\"lazy\" decoding=\"async\" width=\"600\" height=\"600\" src=\"https:\/\/www.maxima-dia.com\/wp-content\/uploads\/2017\/04\/foretti-acqua-icon.jpg\" class=\"attachment-full\" alt=\"Maxima SpA foretti acqua\" title=\"Maxima SpA foretti acqua\" srcset=\"https:\/\/www.maxima-dia.com\/wp-content\/uploads\/2017\/04\/foretti-acqua-icon.jpg 600w, https:\/\/www.maxima-dia.com\/wp-content\/uploads\/2017\/04\/foretti-acqua-icon-150x150.jpg 150w, https:\/\/www.maxima-dia.com\/wp-content\/uploads\/2017\/04\/foretti-acqua-icon-300x300.jpg 300w, https:\/\/www.maxima-dia.com\/wp-content\/uploads\/2017\/04\/foretti-acqua-icon-80x80.jpg 80w, https:\/\/www.maxima-dia.com\/wp-content\/uploads\/2017\/04\/foretti-acqua-icon-500x500.jpg 500w\" sizes=\"(max-width: 600px) 100vw, 600px\" \/><\/a><\/div>[\/vc_column][vc_column width=&#8221;3\/4&#8243;][vc_column_text]<\/p>\n<h2><a href=\"\/it\/foretti-diamantati-ad-acqua\/\">Foretti Diamantati ad Acqua<\/a><\/h2>\n<p>La gamma dei Foretti ad Acqua \u00e8 disponibile per vari utilizzi, con attacchi 1\/2 gas e 1\u201d 1\/4, con saldature al laser o saldobrasati dal diametro 6 al 700 mm. Escluso il Foretto Oro Gres, tutta la gamma \u00e8 sviluppata per macchinari a colonna.[\/vc_column_text][\/vc_column][\/vc_row][vc_row bottom_padding=&#8221;50&#8243;][vc_column width=&#8221;1\/4&#8243;]<div class=\"single_image wpb_content_element align-left    \" data-animation=\"none\" data-delay=\"0\"><a href=\"\/it\/macchine-edili-carotaggio\/\" target=\"_self\"><img loading=\"lazy\" decoding=\"async\" width=\"600\" height=\"600\" src=\"https:\/\/www.maxima-dia.com\/wp-content\/uploads\/2017\/04\/macchine-edili-attrezzature-accessorie-icon.jpg\" class=\"attachment-full\" alt=\"Maxima SpA macchine edili attrezzature accessorie\" title=\"Maxima SpA macchine edili attrezzature accessorie\" srcset=\"https:\/\/www.maxima-dia.com\/wp-content\/uploads\/2017\/04\/macchine-edili-attrezzature-accessorie-icon.jpg 600w, https:\/\/www.maxima-dia.com\/wp-content\/uploads\/2017\/04\/macchine-edili-attrezzature-accessorie-icon-150x150.jpg 150w, https:\/\/www.maxima-dia.com\/wp-content\/uploads\/2017\/04\/macchine-edili-attrezzature-accessorie-icon-300x300.jpg 300w, https:\/\/www.maxima-dia.com\/wp-content\/uploads\/2017\/04\/macchine-edili-attrezzature-accessorie-icon-80x80.jpg 80w, https:\/\/www.maxima-dia.com\/wp-content\/uploads\/2017\/04\/macchine-edili-attrezzature-accessorie-icon-500x500.jpg 500w\" sizes=\"(max-width: 600px) 100vw, 600px\" \/><\/a><\/div>[\/vc_column][vc_column width=&#8221;3\/4&#8243;][vc_column_text]<\/p>\n<h2><a href=\"\/it\/macchine-edili-carotaggio\/\">Macchine Edili Carotaggio<\/a><\/h2>\n<p>La gamma di macchine per il carotaggio di Maxima \u00e8 una delle pi\u00f9 complete sul mercato e abbraccia utilizzi che vanno dall\u2019installazione in ambito idraulico o elettrico ad utilizzi nel settore edile, sia civile che industriale. Tra le altre, due vere icone del carotaggio manuale, il CAROMAX 800 e il CAROMAX 1800: due macchine diventate due punti fermi nell\u2019attrezzatura del professionista. Tutti i macchinari proposti sono \u201cmade in EU\u201d&nbsp;<img loading=\"lazy\" decoding=\"async\" src=\"\/wp-content\/uploads\/2011\/09\/eu_flag.png\" alt=\"\" width=\"18\" height=\"15\">, ovvero prodotti all\u2019interno dell\u2019Unione Europea e tutti sono forniti di certificazione <strong>CE<\/strong>.[\/vc_column_text][\/vc_column][\/vc_row][vc_row bottom_padding=&#8221;50&#8243;][vc_column width=&#8221;1\/4&#8243;]<div class=\"single_image wpb_content_element align-left    \" data-animation=\"none\" data-delay=\"0\"><a href=\"\/it\/attrezzature-accessorie-carotaggio\/\" target=\"_self\"><img loading=\"lazy\" decoding=\"async\" width=\"600\" height=\"600\" src=\"https:\/\/www.maxima-dia.com\/wp-content\/uploads\/2017\/04\/macchine-edili-attrezzature-accessorie-icon.jpg\" class=\"attachment-full\" alt=\"Maxima SpA macchine edili attrezzature accessorie\" title=\"Maxima SpA macchine edili attrezzature accessorie\" srcset=\"https:\/\/www.maxima-dia.com\/wp-content\/uploads\/2017\/04\/macchine-edili-attrezzature-accessorie-icon.jpg 600w, https:\/\/www.maxima-dia.com\/wp-content\/uploads\/2017\/04\/macchine-edili-attrezzature-accessorie-icon-150x150.jpg 150w, https:\/\/www.maxima-dia.com\/wp-content\/uploads\/2017\/04\/macchine-edili-attrezzature-accessorie-icon-300x300.jpg 300w, https:\/\/www.maxima-dia.com\/wp-content\/uploads\/2017\/04\/macchine-edili-attrezzature-accessorie-icon-80x80.jpg 80w, https:\/\/www.maxima-dia.com\/wp-content\/uploads\/2017\/04\/macchine-edili-attrezzature-accessorie-icon-500x500.jpg 500w\" sizes=\"(max-width: 600px) 100vw, 600px\" \/><\/a><\/div>[\/vc_column][vc_column width=&#8221;3\/4&#8243;][vc_column_text]<\/p>\n<h2><a href=\"\/it\/attrezzature-accessorie-carotaggio\/\">Attrezzature Accessorie Carotaggio<\/a><\/h2>\n<p>In questa sezione sono rappresentati attrezzature accessorie per il&nbsp;carotaggio.[\/vc_column_text][\/vc_column][\/vc_row][vc_row bottom_padding=&#8221;50&#8243;][vc_column width=&#8221;1\/4&#8243;]<div class=\"single_image wpb_content_element align-left    \" data-animation=\"none\" data-delay=\"0\"><a href=\"\/it\/accessori-per-carotaggio-a-secco\/\" target=\"_self\"><img loading=\"lazy\" decoding=\"async\" width=\"600\" height=\"600\" src=\"https:\/\/www.maxima-dia.com\/wp-content\/uploads\/2017\/04\/accessori-carotaggio-icon.jpg\" class=\"attachment-full\" alt=\"Maxima SpA accessori carotaggio\" title=\"Maxima SpA accessori carotaggio\" srcset=\"https:\/\/www.maxima-dia.com\/wp-content\/uploads\/2017\/04\/accessori-carotaggio-icon.jpg 600w, https:\/\/www.maxima-dia.com\/wp-content\/uploads\/2017\/04\/accessori-carotaggio-icon-150x150.jpg 150w, https:\/\/www.maxima-dia.com\/wp-content\/uploads\/2017\/04\/accessori-carotaggio-icon-300x300.jpg 300w, https:\/\/www.maxima-dia.com\/wp-content\/uploads\/2017\/04\/accessori-carotaggio-icon-80x80.jpg 80w, https:\/\/www.maxima-dia.com\/wp-content\/uploads\/2017\/04\/accessori-carotaggio-icon-500x500.jpg 500w\" sizes=\"(max-width: 600px) 100vw, 600px\" \/><\/a><\/div>[\/vc_column][vc_column width=&#8221;3\/4&#8243;][vc_column_text]<\/p>\n<h2><a href=\"\/it\/accessori-per-carotaggio-a-secco\/\">Accessori per Carotaggio a Secco<\/a><\/h2>\n<p>In questa sezione sono rappresentati gli accessori per carotaggio come punte di centraggio, adattatori di varie tipologie cos\u00ec come prolunghe e adattatori per montare gli utensili diamantati Maxima sulla maggior parte delle macchine in commercio.[\/vc_column_text][\/vc_column][\/vc_row][vc_row bottom_padding=&#8221;50&#8243;][vc_column width=&#8221;1\/4&#8243;]<div class=\"single_image wpb_content_element align-left    \" data-animation=\"none\" data-delay=\"0\"><a href=\"\/it\/accessori-per-carotaggio-ad-acqua\/\" target=\"_self\"><img loading=\"lazy\" decoding=\"async\" width=\"600\" height=\"600\" src=\"https:\/\/www.maxima-dia.com\/wp-content\/uploads\/2017\/04\/accessori-carotaggio-icon.jpg\" class=\"attachment-full\" alt=\"Maxima SpA accessori carotaggio\" title=\"Maxima SpA accessori carotaggio\" srcset=\"https:\/\/www.maxima-dia.com\/wp-content\/uploads\/2017\/04\/accessori-carotaggio-icon.jpg 600w, https:\/\/www.maxima-dia.com\/wp-content\/uploads\/2017\/04\/accessori-carotaggio-icon-150x150.jpg 150w, https:\/\/www.maxima-dia.com\/wp-content\/uploads\/2017\/04\/accessori-carotaggio-icon-300x300.jpg 300w, https:\/\/www.maxima-dia.com\/wp-content\/uploads\/2017\/04\/accessori-carotaggio-icon-80x80.jpg 80w, https:\/\/www.maxima-dia.com\/wp-content\/uploads\/2017\/04\/accessori-carotaggio-icon-500x500.jpg 500w\" sizes=\"(max-width: 600px) 100vw, 600px\" \/><\/a><\/div>[\/vc_column][vc_column width=&#8221;3\/4&#8243;][vc_column_text]<\/p>\n<h2><a href=\"\/it\/accessori-per-carotaggio-ad-acqua\/\">Accessori per Carotaggio ad Acqua<\/a><\/h2>\n<p>In questa sezione sono rappresentati gli accessori per carotaggio come adattatori di varie tipologie cos\u00ec come prolunghe e pinze.[\/vc_column_text][\/vc_column][\/vc_row]<\/p>\n<\/div>","protected":false},"excerpt":{"rendered":"<p>[vc_row bottom_padding=&#8221;50&#8243;][vc_column width=&#8221;1\/1&#8243;][vc_column_text]Per i professionisti pi\u00f9 esigenti Maxima rende disponibile la pi\u00f9 vasta gamma di prodotti per il carotaggio con utensili diamantati che comprende foretti a secco per l&#8217;utilizzo su carotatori manuali, e foretti ad acqua per l&#8217;utilizzo su carotatori montati su colonna, in tutte le lunghezze e diametri, fino ad arrivare al carotaggio continuo oltre i 2 metri. L&#8217;ampia scelta dei nostri carotatori elettrici con potenze fino a 5200W, per carotaggi a secco con aspirazione polveri, e carotaggi ad acqua con colonne professionali. Tutte le nostre macchine sono certificate CE e sono prodotte in Unione Europea .[\/vc_column_text][\/vc_column][\/vc_row][vc_row bottom_padding=&#8221;50&#8243;][vc_column width=&#8221;1\/4&#8243;][\/vc_column][vc_column width=&#8221;3\/4&#8243;][vc_column_text] Foretti Diamantati a Secco In questa sezione i foretti a secco della gamma Maxima per utilizzo su carotatori manuali. Tutti sviluppati per la foratura a secco del cemento armato, sono disponibili con attacco M16 e 1\u201d 1\/4. Nella gamma il Foretto Oro Spiral \u00e8 il foretto a secco pi\u00f9 venduto in Italia ed anche il pi\u00f9 imitato. Distribuito in esclusiva dal 2002, garantisce performances senza paragoni.[\/vc_column_text][\/vc_column][\/vc_row][vc_row bottom_padding=&#8221;50&#8243;][vc_column width=&#8221;1\/4&#8243;][\/vc_column][vc_column width=&#8221;3\/4&#8243;][vc_column_text] Foretti Diamantati ad Acqua La gamma dei Foretti ad Acqua \u00e8 disponibile per vari utilizzi, con attacchi 1\/2 gas e 1\u201d 1\/4, con saldature al laser o saldobrasati dal diametro [&hellip;]<\/p>\n","protected":false},"author":29,"featured_media":0,"parent":0,"menu_order":433,"comment_status":"closed","ping_status":"closed","template":"","meta":{"ngg_post_thumbnail":0,"_joinchat":[],"footnotes":""},"class_list":["post-839","page","type-page","status-publish","hentry"],"yoast_head":"<!-- This site is optimized with the Yoast SEO plugin v25.5 - https:\/\/yoast.com\/wordpress\/plugins\/seo\/ -->\n<title>Prodotti - Carotaggio - Maxima SpA<\/title>\n<meta name=\"description\" content=\"Foretti a Secco, Foretti ad Acqua, Macchine Edili Carotaggio, Accessori per Carotaggio a Secco, Accessori per Carotaggio ad Acqua\" \/>\n<meta name=\"robots\" content=\"index, follow, max-snippet:-1, max-image-preview:large, max-video-preview:-1\" \/>\n<link rel=\"canonical\" href=\"https:\/\/www.maxima-dia.com\/it\/prodotti-carotaggio\/\" \/>\n<meta property=\"og:locale\" content=\"it_IT\" \/>\n<meta property=\"og:type\" content=\"article\" \/>\n<meta property=\"og:title\" content=\"Prodotti - Carotaggio - Maxima SpA\" \/>\n<meta property=\"og:description\" content=\"Foretti a Secco, Foretti ad Acqua, Macchine Edili Carotaggio, Accessori per Carotaggio a Secco, Accessori per Carotaggio ad Acqua\" \/>\n<meta property=\"og:url\" content=\"https:\/\/www.maxima-dia.com\/it\/prodotti-carotaggio\/\" \/>\n<meta property=\"og:site_name\" content=\"Maxima SpA\" \/>\n<meta property=\"article:publisher\" content=\"https:\/\/www.facebook.com\/Maxima-spa-106098566139597\" \/>\n<meta property=\"article:modified_time\" content=\"2019-08-07T09:34:59+00:00\" \/>\n<meta property=\"og:image\" content=\"https:\/\/www.maxima-dia.com\/wp-content\/uploads\/2011\/09\/eu_flag.png\" \/>\n<meta name=\"twitter:card\" content=\"summary_large_image\" \/>\n<meta name=\"twitter:site\" content=\"@Maximadia\" \/>\n<meta name=\"twitter:label1\" content=\"Tempo di lettura stimato\" \/>\n\t<meta name=\"twitter:data1\" content=\"3 minuti\" \/>\n<script type=\"application\/ld+json\" class=\"yoast-schema-graph\">{\"@context\":\"https:\/\/schema.org\",\"@graph\":[{\"@type\":\"WebPage\",\"@id\":\"https:\/\/www.maxima-dia.com\/it\/prodotti-carotaggio\/\",\"url\":\"https:\/\/www.maxima-dia.com\/it\/prodotti-carotaggio\/\",\"name\":\"Prodotti - Carotaggio - Maxima SpA\",\"isPartOf\":{\"@id\":\"https:\/\/www.maxima-dia.com\/it\/#website\"},\"datePublished\":\"2011-09-26T16:12:49+00:00\",\"dateModified\":\"2019-08-07T09:34:59+00:00\",\"description\":\"Foretti a Secco, Foretti ad Acqua, Macchine Edili Carotaggio, Accessori per Carotaggio a Secco, Accessori per Carotaggio ad Acqua\",\"breadcrumb\":{\"@id\":\"https:\/\/www.maxima-dia.com\/it\/prodotti-carotaggio\/#breadcrumb\"},\"inLanguage\":\"it-IT\",\"potentialAction\":[{\"@type\":\"ReadAction\",\"target\":[\"https:\/\/www.maxima-dia.com\/it\/prodotti-carotaggio\/\"]}]},{\"@type\":\"BreadcrumbList\",\"@id\":\"https:\/\/www.maxima-dia.com\/it\/prodotti-carotaggio\/#breadcrumb\",\"itemListElement\":[{\"@type\":\"ListItem\",\"position\":1,\"name\":\"Home\",\"item\":\"https:\/\/www.maxima-dia.com\/it\/\"},{\"@type\":\"ListItem\",\"position\":2,\"name\":\"Prodotti &#8211; Carotaggio\"}]},{\"@type\":\"WebSite\",\"@id\":\"https:\/\/www.maxima-dia.com\/it\/#website\",\"url\":\"https:\/\/www.maxima-dia.com\/it\/\",\"name\":\"Maxima SpA\",\"description\":\"Only for the real professionals\",\"potentialAction\":[{\"@type\":\"SearchAction\",\"target\":{\"@type\":\"EntryPoint\",\"urlTemplate\":\"https:\/\/www.maxima-dia.com\/it\/?s={search_term_string}\"},\"query-input\":{\"@type\":\"PropertyValueSpecification\",\"valueRequired\":true,\"valueName\":\"search_term_string\"}}],\"inLanguage\":\"it-IT\"}]}<\/script>\n<!-- \/ Yoast SEO plugin. -->","yoast_head_json":{"title":"Prodotti - Carotaggio - Maxima SpA","description":"Foretti a Secco, Foretti ad Acqua, Macchine Edili Carotaggio, Accessori per Carotaggio a Secco, Accessori per Carotaggio ad Acqua","robots":{"index":"index","follow":"follow","max-snippet":"max-snippet:-1","max-image-preview":"max-image-preview:large","max-video-preview":"max-video-preview:-1"},"canonical":"https:\/\/www.maxima-dia.com\/it\/prodotti-carotaggio\/","og_locale":"it_IT","og_type":"article","og_title":"Prodotti - Carotaggio - Maxima SpA","og_description":"Foretti a Secco, Foretti ad Acqua, Macchine Edili Carotaggio, Accessori per Carotaggio a Secco, Accessori per Carotaggio ad Acqua","og_url":"https:\/\/www.maxima-dia.com\/it\/prodotti-carotaggio\/","og_site_name":"Maxima SpA","article_publisher":"https:\/\/www.facebook.com\/Maxima-spa-106098566139597","article_modified_time":"2019-08-07T09:34:59+00:00","og_image":[{"url":"https:\/\/www.maxima-dia.com\/wp-content\/uploads\/2011\/09\/eu_flag.png","type":"","width":"","height":""}],"twitter_card":"summary_large_image","twitter_site":"@Maximadia","twitter_misc":{"Tempo di lettura stimato":"3 minuti"},"schema":{"@context":"https:\/\/schema.org","@graph":[{"@type":"WebPage","@id":"https:\/\/www.maxima-dia.com\/it\/prodotti-carotaggio\/","url":"https:\/\/www.maxima-dia.com\/it\/prodotti-carotaggio\/","name":"Prodotti - Carotaggio - Maxima SpA","isPartOf":{"@id":"https:\/\/www.maxima-dia.com\/it\/#website"},"datePublished":"2011-09-26T16:12:49+00:00","dateModified":"2019-08-07T09:34:59+00:00","description":"Foretti a Secco, Foretti ad Acqua, Macchine Edili Carotaggio, Accessori per Carotaggio a Secco, Accessori per Carotaggio ad Acqua","breadcrumb":{"@id":"https:\/\/www.maxima-dia.com\/it\/prodotti-carotaggio\/#breadcrumb"},"inLanguage":"it-IT","potentialAction":[{"@type":"ReadAction","target":["https:\/\/www.maxima-dia.com\/it\/prodotti-carotaggio\/"]}]},{"@type":"BreadcrumbList","@id":"https:\/\/www.maxima-dia.com\/it\/prodotti-carotaggio\/#breadcrumb","itemListElement":[{"@type":"ListItem","position":1,"name":"Home","item":"https:\/\/www.maxima-dia.com\/it\/"},{"@type":"ListItem","position":2,"name":"Prodotti &#8211; Carotaggio"}]},{"@type":"WebSite","@id":"https:\/\/www.maxima-dia.com\/it\/#website","url":"https:\/\/www.maxima-dia.com\/it\/","name":"Maxima SpA","description":"Only for the real professionals","potentialAction":[{"@type":"SearchAction","target":{"@type":"EntryPoint","urlTemplate":"https:\/\/www.maxima-dia.com\/it\/?s={search_term_string}"},"query-input":{"@type":"PropertyValueSpecification","valueRequired":true,"valueName":"search_term_string"}}],"inLanguage":"it-IT"}]}},"_links":{"self":[{"href":"https:\/\/www.maxima-dia.com\/it\/wp-json\/wp\/v2\/pages\/839"}],"collection":[{"href":"https:\/\/www.maxima-dia.com\/it\/wp-json\/wp\/v2\/pages"}],"about":[{"href":"https:\/\/www.maxima-dia.com\/it\/wp-json\/wp\/v2\/types\/page"}],"author":[{"embeddable":true,"href":"https:\/\/www.maxima-dia.com\/it\/wp-json\/wp\/v2\/users\/29"}],"replies":[{"embeddable":true,"href":"https:\/\/www.maxima-dia.com\/it\/wp-json\/wp\/v2\/comments?post=839"}],"version-history":[{"count":0,"href":"https:\/\/www.maxima-dia.com\/it\/wp-json\/wp\/v2\/pages\/839\/revisions"}],"wp:attachment":[{"href":"https:\/\/www.maxima-dia.com\/it\/wp-json\/wp\/v2\/media?parent=839"}],"curies":[{"name":"wp","href":"https:\/\/api.w.org\/{rel}","templated":true}]}}