{"id":19983,"date":"2019-05-30T15:22:49","date_gmt":"2019-05-30T13:22:49","guid":{"rendered":"https:\/\/www.maxima-dia.com\/?page_id=19983"},"modified":"2025-11-12T16:11:58","modified_gmt":"2025-11-12T15:11:58","slug":"bezpieczenstwo-i-gwarancje-firmy","status":"publish","type":"page","link":"https:\/\/www.maxima-dia.com\/pl\/bezpieczenstwo-i-gwarancje-firmy\/","title":{"rendered":"Bezpiecze\u0144stwo i gwarancje firmy"},"content":{"rendered":"<p><img loading=\"lazy\" decoding=\"async\" class=\"alignnone size-full wp-image-1813\" title=\"mission\" src=\"\/wp-content\/uploads\/2011\/09\/mission2.jpg\" alt=\"\" width=\"595\" height=\"341\" srcset=\"https:\/\/www.maxima-dia.com\/wp-content\/uploads\/2011\/09\/mission2.jpg 595w, https:\/\/www.maxima-dia.com\/wp-content\/uploads\/2011\/09\/mission2-300x171.jpg 300w\" sizes=\"(max-width: 595px) 100vw, 595px\" \/><\/p>\n<p>Bezpiecze\u0144stwo i gwarancje firmy w przypadku Maxima sprzeda\u017c nie ko\u0144czy si\u0119, gdy sprzedawca kupuje produkt, ale tylko wtedy, gdy kupuje go u\u017cytkownik ko\u0144cowy i potwierdza jego zadowolenie.<\/p>\n<p>Z tego powodu Maxima oferuje dystrybutorom szereg wy\u0142\u0105cznych gwarancji dotycz\u0105cych bezpiecze\u0144stwa produkt\u00f3w, kt\u00f3re zawsze stanowi\u0142y priorytet firmy w celu zapobiegania i zmniejszania ryzyka wypadk\u00f3w.<\/p>\n<p>Narz\u0119dzia diamentowe Maxima s\u0105 w pe\u0142ni zgodne z wymogami UE dotycz\u0105cymi bezpiecze\u0144stwa (EN13236) i s\u0105 certyfikowane.<\/p>\n<p>Tarcze \u015bcierne Maxima s\u0105 produkowane we W\u0142oszech iw pe\u0142nej zgodno\u015bci z wymogami UE dotycz\u0105cymi bezpiecze\u0144stwa (EN12413). S\u0105 certyfikowane i pakowane w opatentowane opakowanie.<\/p>\n<p>Wszystkie maszyny budowlane Maxima s\u0105 wykonane w UE i posiadaj\u0105 certyfikat CE, dlatego s\u0105 w pe\u0142ni zgodne z wymogami UE.<\/p>\n<p>&nbsp;<\/p>\n<h3>UBEZPIECZENIE<\/h3>\n<p>Polisa ubezpieczenia od odpowiedzialno\u015bci cywilnej za wszystkie produkty<\/p>\n<div>\n<p><img decoding=\"async\" src=\"\/wp-content\/uploads\/2017\/02\/garanzia.png\" alt=\"\"><\/p>\n<p>&nbsp;<\/p>\n<h3>CERTIFICATIONS<\/h3>\n<p>Certyfikat UNI EN ISO 9001: 2015 Nr 50 100 4566<\/p>\n<table style=\"margin: 10px !important; width: 100%;\">\n<tbody>\n<tr>\n<td style=\"text-align: center;\"><a href=\"\/wp-content\/uploads\/2025\/11\/MAXIMA_SPA_CERTIFICATO_TUV_2025.pdf\" target=\"_blank\" rel=\"noopener noreferrer\"><img loading=\"lazy\" decoding=\"async\" class=\"aligncenter\" src=\"\/wp-content\/uploads\/2017\/02\/ISO.png\" alt=\"\" width=\"60\" height=\"60\"><\/a><\/td>\n<td style=\"text-align: center;\"><img loading=\"lazy\" decoding=\"async\" style=\"margin-top: 10px; margin-bottom: 10px;\" src=\"\/wp-content\/uploads\/2017\/02\/OSA.png\" alt=\"\" width=\"60\" height=\"41\"><\/td>\n<td style=\"text-align: center;\"><img loading=\"lazy\" decoding=\"async\" class=\"aligncenter\" src=\"\/wp-content\/uploads\/2017\/02\/EUROPE.png\" alt=\"\" width=\"60\" height=\"41\"><\/td>\n<\/tr>\n<tr>\n<td style=\"text-align: center;\">Certyfikat<br \/>\nUNI EN ISO 9001: 2015<br \/>\nNr 50 100 4566<\/td>\n<td style=\"text-align: center;\">Wszystkie urz\u0105dzenia wykonane w<br \/>\nUE i posiadaj\u0105 certyfikat CE<br \/>\n\u201eOSA\u201d Organizacja ds. Bezpiecze\u0144stwa materia\u0142\u00f3w \u015bciernych<\/td>\n<td style=\"text-align: center;\">Wszystkie maszyny budowlane Maxima<br \/>\ns\u0105 wykonane w UE i posiadaj\u0105 certyfikat CE,<br \/>\ndlatego s\u0105 w pe\u0142ni zgodne z wymogami UE.<\/td>\n<\/tr>\n<\/tbody>\n<\/table>\n<p>&nbsp;<\/p>\n<h3>ZNAKOWANIE LASEROWE<\/h3>\n<p>Nieusuwalne we wszystkich produktach<\/p>\n<p>&nbsp;<\/p>\n<h3>SZYBKA DOSTAWA<\/h3>\n<p>Wsz\u0119dzie i wsz\u0119dzie ekspresowym kurierem<\/p>\n<p>&nbsp;<\/p>\n<h3>TYLKO DEALERZY<\/h3>\n<p>Obs\u0142ugujemy wy\u0142\u0105cznie<br \/>\nwykwalifikowanych sprzedawc\u00f3w<\/p>\n<p>&nbsp;<\/p>\n<h3>OBS\u0141UGA KLIENTA<\/h3>\n<p>Pomoc gwarantowana przez wyspecjalizowanych technik\u00f3w i agent\u00f3w<\/p>\n<p>&nbsp;<\/p>\n<p><img decoding=\"async\" src=\"\/wp-content\/uploads\/2017\/02\/confindustria.png\" alt=\"\"><br \/>\nDo\u0142\u0105cz do Confindustria<\/p>\n<\/div>\n<p>&nbsp;<\/p>\n","protected":false},"excerpt":{"rendered":"<p>Bezpiecze\u0144stwo i gwarancje firmy w przypadku Maxima sprzeda\u017c nie ko\u0144czy si\u0119, gdy sprzedawca kupuje produkt, ale tylko wtedy, gdy kupuje go u\u017cytkownik ko\u0144cowy i potwierdza jego zadowolenie. Z tego powodu Maxima oferuje dystrybutorom szereg wy\u0142\u0105cznych gwarancji dotycz\u0105cych bezpiecze\u0144stwa produkt\u00f3w, kt\u00f3re zawsze stanowi\u0142y priorytet firmy w celu zapobiegania i zmniejszania ryzyka wypadk\u00f3w. Narz\u0119dzia diamentowe Maxima s\u0105 w pe\u0142ni zgodne z wymogami UE dotycz\u0105cymi bezpiecze\u0144stwa (EN13236) i s\u0105 certyfikowane. Tarcze \u015bcierne Maxima s\u0105 produkowane we W\u0142oszech iw pe\u0142nej zgodno\u015bci z wymogami UE dotycz\u0105cymi bezpiecze\u0144stwa (EN12413). S\u0105 certyfikowane i pakowane w opatentowane opakowanie. Wszystkie maszyny budowlane Maxima s\u0105 wykonane w UE i posiadaj\u0105 certyfikat CE, dlatego s\u0105 w pe\u0142ni zgodne z wymogami UE. &nbsp; UBEZPIECZENIE Polisa ubezpieczenia od odpowiedzialno\u015bci cywilnej za wszystkie produkty &nbsp; CERTIFICATIONS Certyfikat UNI EN ISO 9001: 2015 Nr 50 100 4566 Certyfikat UNI EN ISO 9001: 2015 Nr 50 100 4566 Wszystkie urz\u0105dzenia wykonane w UE i posiadaj\u0105 certyfikat CE \u201eOSA\u201d Organizacja ds. Bezpiecze\u0144stwa materia\u0142\u00f3w \u015bciernych Wszystkie maszyny budowlane Maxima s\u0105 wykonane w UE i posiadaj\u0105 certyfikat CE, dlatego s\u0105 w pe\u0142ni zgodne z wymogami UE. &nbsp; ZNAKOWANIE LASEROWE Nieusuwalne we wszystkich produktach &nbsp; SZYBKA DOSTAWA Wsz\u0119dzie i wsz\u0119dzie ekspresowym kurierem &nbsp; TYLKO DEALERZY Obs\u0142ugujemy wy\u0142\u0105cznie wykwalifikowanych sprzedawc\u00f3w &nbsp; [&hellip;]<\/p>\n","protected":false},"author":29,"featured_media":0,"parent":0,"menu_order":332,"comment_status":"closed","ping_status":"closed","template":"","meta":{"ngg_post_thumbnail":0,"_joinchat":[],"footnotes":""},"class_list":["post-19983","page","type-page","status-publish","hentry"],"yoast_head":"<!-- This site is optimized with the Yoast SEO plugin v25.5 - https:\/\/yoast.com\/wordpress\/plugins\/seo\/ -->\n<title>Bezpiecze\u0144stwo i gwarancje firmy - Maxima SpA<\/title>\n<meta name=\"robots\" content=\"index, follow, max-snippet:-1, max-image-preview:large, max-video-preview:-1\" \/>\n<link rel=\"canonical\" href=\"https:\/\/www.maxima-dia.com\/pl\/bezpieczenstwo-i-gwarancje-firmy\/\" \/>\n<meta property=\"og:locale\" content=\"pl_PL\" \/>\n<meta property=\"og:type\" content=\"article\" \/>\n<meta property=\"og:title\" content=\"Bezpiecze\u0144stwo i gwarancje firmy - Maxima SpA\" \/>\n<meta property=\"og:description\" content=\"Bezpiecze\u0144stwo i gwarancje firmy w przypadku Maxima sprzeda\u017c nie ko\u0144czy si\u0119, gdy sprzedawca kupuje produkt, ale tylko wtedy, gdy kupuje go u\u017cytkownik ko\u0144cowy i potwierdza jego zadowolenie. Z tego powodu Maxima oferuje dystrybutorom szereg wy\u0142\u0105cznych gwarancji dotycz\u0105cych bezpiecze\u0144stwa produkt\u00f3w, kt\u00f3re zawsze stanowi\u0142y priorytet firmy w celu zapobiegania i zmniejszania ryzyka wypadk\u00f3w. Narz\u0119dzia diamentowe Maxima s\u0105 w pe\u0142ni zgodne z wymogami UE dotycz\u0105cymi bezpiecze\u0144stwa (EN13236) i s\u0105 certyfikowane. Tarcze \u015bcierne Maxima s\u0105 produkowane we W\u0142oszech iw pe\u0142nej zgodno\u015bci z wymogami UE dotycz\u0105cymi bezpiecze\u0144stwa (EN12413). S\u0105 certyfikowane i pakowane w opatentowane opakowanie. Wszystkie maszyny budowlane Maxima s\u0105 wykonane w UE i posiadaj\u0105 certyfikat CE, dlatego s\u0105 w pe\u0142ni zgodne z wymogami UE. &nbsp; UBEZPIECZENIE Polisa ubezpieczenia od odpowiedzialno\u015bci cywilnej za wszystkie produkty &nbsp; CERTIFICATIONS Certyfikat UNI EN ISO 9001: 2015 Nr 50 100 4566 Certyfikat UNI EN ISO 9001: 2015 Nr 50 100 4566 Wszystkie urz\u0105dzenia wykonane w UE i posiadaj\u0105 certyfikat CE \u201eOSA\u201d Organizacja ds. Bezpiecze\u0144stwa materia\u0142\u00f3w \u015bciernych Wszystkie maszyny budowlane Maxima s\u0105 wykonane w UE i posiadaj\u0105 certyfikat CE, dlatego s\u0105 w pe\u0142ni zgodne z wymogami UE. &nbsp; ZNAKOWANIE LASEROWE Nieusuwalne we wszystkich produktach &nbsp; SZYBKA DOSTAWA Wsz\u0119dzie i wsz\u0119dzie ekspresowym kurierem &nbsp; TYLKO DEALERZY Obs\u0142ugujemy wy\u0142\u0105cznie wykwalifikowanych sprzedawc\u00f3w &nbsp; [&hellip;]\" \/>\n<meta property=\"og:url\" content=\"https:\/\/www.maxima-dia.com\/pl\/bezpieczenstwo-i-gwarancje-firmy\/\" \/>\n<meta property=\"og:site_name\" content=\"Maxima SpA\" \/>\n<meta property=\"article:publisher\" content=\"https:\/\/www.facebook.com\/Maxima-spa-106098566139597\" \/>\n<meta property=\"article:modified_time\" content=\"2025-11-12T15:11:58+00:00\" \/>\n<meta property=\"og:image\" content=\"https:\/\/www.maxima-dia.com\/wp-content\/uploads\/2022\/03\/MaximaSpA-logo-quadrato.jpg\" \/>\n\t<meta property=\"og:image:width\" content=\"500\" \/>\n\t<meta property=\"og:image:height\" content=\"500\" \/>\n\t<meta property=\"og:image:type\" content=\"image\/jpeg\" \/>\n<meta name=\"twitter:card\" content=\"summary_large_image\" \/>\n<meta name=\"twitter:site\" content=\"@Maximadia\" \/>\n<meta name=\"twitter:label1\" content=\"Szacowany czas czytania\" \/>\n\t<meta name=\"twitter:data1\" content=\"1 minuta\" \/>\n<script type=\"application\/ld+json\" class=\"yoast-schema-graph\">{\"@context\":\"https:\/\/schema.org\",\"@graph\":[{\"@type\":\"WebPage\",\"@id\":\"https:\/\/www.maxima-dia.com\/pl\/bezpieczenstwo-i-gwarancje-firmy\/\",\"url\":\"https:\/\/www.maxima-dia.com\/pl\/bezpieczenstwo-i-gwarancje-firmy\/\",\"name\":\"Bezpiecze\u0144stwo i gwarancje firmy - Maxima SpA\",\"isPartOf\":{\"@id\":\"https:\/\/www.maxima-dia.com\/pl\/#website\"},\"datePublished\":\"2019-05-30T13:22:49+00:00\",\"dateModified\":\"2025-11-12T15:11:58+00:00\",\"breadcrumb\":{\"@id\":\"https:\/\/www.maxima-dia.com\/pl\/bezpieczenstwo-i-gwarancje-firmy\/#breadcrumb\"},\"inLanguage\":\"pl-PL\",\"potentialAction\":[{\"@type\":\"ReadAction\",\"target\":[\"https:\/\/www.maxima-dia.com\/pl\/bezpieczenstwo-i-gwarancje-firmy\/\"]}]},{\"@type\":\"BreadcrumbList\",\"@id\":\"https:\/\/www.maxima-dia.com\/pl\/bezpieczenstwo-i-gwarancje-firmy\/#breadcrumb\",\"itemListElement\":[{\"@type\":\"ListItem\",\"position\":1,\"name\":\"Home\",\"item\":\"https:\/\/www.maxima-dia.com\/pl\/\"},{\"@type\":\"ListItem\",\"position\":2,\"name\":\"Bezpiecze\u0144stwo i gwarancje firmy\"}]},{\"@type\":\"WebSite\",\"@id\":\"https:\/\/www.maxima-dia.com\/pl\/#website\",\"url\":\"https:\/\/www.maxima-dia.com\/pl\/\",\"name\":\"Maxima SpA\",\"description\":\"Only for the real professionals\",\"potentialAction\":[{\"@type\":\"SearchAction\",\"target\":{\"@type\":\"EntryPoint\",\"urlTemplate\":\"https:\/\/www.maxima-dia.com\/pl\/?s={search_term_string}\"},\"query-input\":{\"@type\":\"PropertyValueSpecification\",\"valueRequired\":true,\"valueName\":\"search_term_string\"}}],\"inLanguage\":\"pl-PL\"}]}<\/script>\n<!-- \/ Yoast SEO plugin. -->","yoast_head_json":{"title":"Bezpiecze\u0144stwo i gwarancje firmy - Maxima SpA","robots":{"index":"index","follow":"follow","max-snippet":"max-snippet:-1","max-image-preview":"max-image-preview:large","max-video-preview":"max-video-preview:-1"},"canonical":"https:\/\/www.maxima-dia.com\/pl\/bezpieczenstwo-i-gwarancje-firmy\/","og_locale":"pl_PL","og_type":"article","og_title":"Bezpiecze\u0144stwo i gwarancje firmy - Maxima SpA","og_description":"Bezpiecze\u0144stwo i gwarancje firmy w przypadku Maxima sprzeda\u017c nie ko\u0144czy si\u0119, gdy sprzedawca kupuje produkt, ale tylko wtedy, gdy kupuje go u\u017cytkownik ko\u0144cowy i potwierdza jego zadowolenie. Z tego powodu Maxima oferuje dystrybutorom szereg wy\u0142\u0105cznych gwarancji dotycz\u0105cych bezpiecze\u0144stwa produkt\u00f3w, kt\u00f3re zawsze stanowi\u0142y priorytet firmy w celu zapobiegania i zmniejszania ryzyka wypadk\u00f3w. Narz\u0119dzia diamentowe Maxima s\u0105 w pe\u0142ni zgodne z wymogami UE dotycz\u0105cymi bezpiecze\u0144stwa (EN13236) i s\u0105 certyfikowane. Tarcze \u015bcierne Maxima s\u0105 produkowane we W\u0142oszech iw pe\u0142nej zgodno\u015bci z wymogami UE dotycz\u0105cymi bezpiecze\u0144stwa (EN12413). S\u0105 certyfikowane i pakowane w opatentowane opakowanie. Wszystkie maszyny budowlane Maxima s\u0105 wykonane w UE i posiadaj\u0105 certyfikat CE, dlatego s\u0105 w pe\u0142ni zgodne z wymogami UE. &nbsp; UBEZPIECZENIE Polisa ubezpieczenia od odpowiedzialno\u015bci cywilnej za wszystkie produkty &nbsp; CERTIFICATIONS Certyfikat UNI EN ISO 9001: 2015 Nr 50 100 4566 Certyfikat UNI EN ISO 9001: 2015 Nr 50 100 4566 Wszystkie urz\u0105dzenia wykonane w UE i posiadaj\u0105 certyfikat CE \u201eOSA\u201d Organizacja ds. Bezpiecze\u0144stwa materia\u0142\u00f3w \u015bciernych Wszystkie maszyny budowlane Maxima s\u0105 wykonane w UE i posiadaj\u0105 certyfikat CE, dlatego s\u0105 w pe\u0142ni zgodne z wymogami UE. &nbsp; ZNAKOWANIE LASEROWE Nieusuwalne we wszystkich produktach &nbsp; SZYBKA DOSTAWA Wsz\u0119dzie i wsz\u0119dzie ekspresowym kurierem &nbsp; TYLKO DEALERZY Obs\u0142ugujemy wy\u0142\u0105cznie wykwalifikowanych sprzedawc\u00f3w &nbsp; [&hellip;]","og_url":"https:\/\/www.maxima-dia.com\/pl\/bezpieczenstwo-i-gwarancje-firmy\/","og_site_name":"Maxima SpA","article_publisher":"https:\/\/www.facebook.com\/Maxima-spa-106098566139597","article_modified_time":"2025-11-12T15:11:58+00:00","og_image":[{"width":500,"height":500,"url":"https:\/\/www.maxima-dia.com\/wp-content\/uploads\/2022\/03\/MaximaSpA-logo-quadrato.jpg","type":"image\/jpeg"}],"twitter_card":"summary_large_image","twitter_site":"@Maximadia","twitter_misc":{"Szacowany czas czytania":"1 minuta"},"schema":{"@context":"https:\/\/schema.org","@graph":[{"@type":"WebPage","@id":"https:\/\/www.maxima-dia.com\/pl\/bezpieczenstwo-i-gwarancje-firmy\/","url":"https:\/\/www.maxima-dia.com\/pl\/bezpieczenstwo-i-gwarancje-firmy\/","name":"Bezpiecze\u0144stwo i gwarancje firmy - Maxima SpA","isPartOf":{"@id":"https:\/\/www.maxima-dia.com\/pl\/#website"},"datePublished":"2019-05-30T13:22:49+00:00","dateModified":"2025-11-12T15:11:58+00:00","breadcrumb":{"@id":"https:\/\/www.maxima-dia.com\/pl\/bezpieczenstwo-i-gwarancje-firmy\/#breadcrumb"},"inLanguage":"pl-PL","potentialAction":[{"@type":"ReadAction","target":["https:\/\/www.maxima-dia.com\/pl\/bezpieczenstwo-i-gwarancje-firmy\/"]}]},{"@type":"BreadcrumbList","@id":"https:\/\/www.maxima-dia.com\/pl\/bezpieczenstwo-i-gwarancje-firmy\/#breadcrumb","itemListElement":[{"@type":"ListItem","position":1,"name":"Home","item":"https:\/\/www.maxima-dia.com\/pl\/"},{"@type":"ListItem","position":2,"name":"Bezpiecze\u0144stwo i gwarancje firmy"}]},{"@type":"WebSite","@id":"https:\/\/www.maxima-dia.com\/pl\/#website","url":"https:\/\/www.maxima-dia.com\/pl\/","name":"Maxima SpA","description":"Only for the real professionals","potentialAction":[{"@type":"SearchAction","target":{"@type":"EntryPoint","urlTemplate":"https:\/\/www.maxima-dia.com\/pl\/?s={search_term_string}"},"query-input":{"@type":"PropertyValueSpecification","valueRequired":true,"valueName":"search_term_string"}}],"inLanguage":"pl-PL"}]}},"_links":{"self":[{"href":"https:\/\/www.maxima-dia.com\/pl\/wp-json\/wp\/v2\/pages\/19983"}],"collection":[{"href":"https:\/\/www.maxima-dia.com\/pl\/wp-json\/wp\/v2\/pages"}],"about":[{"href":"https:\/\/www.maxima-dia.com\/pl\/wp-json\/wp\/v2\/types\/page"}],"author":[{"embeddable":true,"href":"https:\/\/www.maxima-dia.com\/pl\/wp-json\/wp\/v2\/users\/29"}],"replies":[{"embeddable":true,"href":"https:\/\/www.maxima-dia.com\/pl\/wp-json\/wp\/v2\/comments?post=19983"}],"version-history":[{"count":3,"href":"https:\/\/www.maxima-dia.com\/pl\/wp-json\/wp\/v2\/pages\/19983\/revisions"}],"predecessor-version":[{"id":47008,"href":"https:\/\/www.maxima-dia.com\/pl\/wp-json\/wp\/v2\/pages\/19983\/revisions\/47008"}],"wp:attachment":[{"href":"https:\/\/www.maxima-dia.com\/pl\/wp-json\/wp\/v2\/media?parent=19983"}],"curies":[{"name":"wp","href":"https:\/\/api.w.org\/{rel}","templated":true}]}}