{"id":19988,"date":"2019-05-30T15:35:15","date_gmt":"2019-05-30T13:35:15","guid":{"rendered":"https:\/\/www.maxima-dia.com\/?page_id=19988"},"modified":"2019-09-11T18:02:36","modified_gmt":"2019-09-11T16:02:36","slug":"marka-maxima","status":"publish","type":"page","link":"https:\/\/www.maxima-dia.com\/pl\/marka-maxima\/","title":{"rendered":"Marka Maxima"},"content":{"rendered":"<h3>Marka Maxima<\/h3>\n<p style=\"text-align: justify;\"><img loading=\"lazy\" decoding=\"async\" title=\"Fiera_foto_discobolo\" src=\"\/wp-content\/uploads\/2012\/09\/Fiera_foto_discobolo.jpg\" alt=\"\" width=\"610\" height=\"457\"><\/p>\n<p>Po pierwsze i najwa\u017cniejsze. Pewno\u015b\u0107 \u015bwiadczenia us\u0142ug i produkt\u00f3w najwy\u017cszej jako\u015bci da\u0142a pocz\u0105tek marce: Maxima.<\/p>\n<p>Wyb\u00f3r tej \u0142aci\u0144skiej nazwy wyra\u017ca d\u0142ugowieczno\u015b\u0107 i klasyczny charakter, z dodatkiem nuty charakterystycznego wyrafinowania.<\/p>\n<p>Wyb\u00f3r kolor\u00f3w pod\u0105\u017ca w tym samym kierunku, \u0142\u0105cz\u0105c pasj\u0119 koloru czerwonego z elegancj\u0105 bieli.<\/p>\n<p>Dyskobol Myrona to nasz symbol: reprezentuje artystyczn\u0105 i sportow\u0105 doskona\u0142o\u015b\u0107, elementy reprezentuj\u0105ce cele naszej firmy. Dynamika ruchu odzwierciedla naszego ducha i entuzjazm dla przysz\u0142o\u015bci.<\/p>\n<p>Twierdzenie \u201etarcze mistrzowskie\u201d by\u0142o naturaln\u0105 konsekwencj\u0105 po\u0142\u0105czenia tych element\u00f3w, poniewa\u017c od samego pocz\u0105tku dzia\u0142alno\u015bci, nasza firma zajmowa\u0142a si\u0119 dystrybucj\u0105 tarcz diamentowych.<\/p>\n","protected":false},"excerpt":{"rendered":"<p>Marka Maxima Po pierwsze i najwa\u017cniejsze. Pewno\u015b\u0107 \u015bwiadczenia us\u0142ug i produkt\u00f3w najwy\u017cszej jako\u015bci da\u0142a pocz\u0105tek marce: Maxima. Wyb\u00f3r tej \u0142aci\u0144skiej nazwy wyra\u017ca d\u0142ugowieczno\u015b\u0107 i klasyczny charakter, z dodatkiem nuty charakterystycznego wyrafinowania. Wyb\u00f3r kolor\u00f3w pod\u0105\u017ca w tym samym kierunku, \u0142\u0105cz\u0105c pasj\u0119 koloru czerwonego z elegancj\u0105 bieli. Dyskobol Myrona to nasz symbol: reprezentuje artystyczn\u0105 i sportow\u0105 doskona\u0142o\u015b\u0107, elementy reprezentuj\u0105ce cele naszej firmy. Dynamika ruchu odzwierciedla naszego ducha i entuzjazm dla przysz\u0142o\u015bci. Twierdzenie \u201etarcze mistrzowskie\u201d by\u0142o naturaln\u0105 konsekwencj\u0105 po\u0142\u0105czenia tych element\u00f3w, poniewa\u017c od samego pocz\u0105tku dzia\u0142alno\u015bci, nasza firma zajmowa\u0142a si\u0119 dystrybucj\u0105 tarcz diamentowych.<\/p>\n","protected":false},"author":29,"featured_media":0,"parent":0,"menu_order":496,"comment_status":"closed","ping_status":"closed","template":"","meta":{"ngg_post_thumbnail":0,"_joinchat":[],"footnotes":""},"class_list":["post-19988","page","type-page","status-publish","hentry"],"yoast_head":"<!-- This site is optimized with the Yoast SEO plugin v25.5 - https:\/\/yoast.com\/wordpress\/plugins\/seo\/ -->\n<title>Marka Maxima - Maxima SpA<\/title>\n<meta name=\"robots\" content=\"index, follow, max-snippet:-1, max-image-preview:large, max-video-preview:-1\" \/>\n<link rel=\"canonical\" href=\"https:\/\/www.maxima-dia.com\/pl\/marka-maxima\/\" \/>\n<meta property=\"og:locale\" content=\"pl_PL\" \/>\n<meta property=\"og:type\" content=\"article\" \/>\n<meta property=\"og:title\" content=\"Marka Maxima - Maxima SpA\" \/>\n<meta property=\"og:description\" content=\"Marka Maxima Po pierwsze i najwa\u017cniejsze. Pewno\u015b\u0107 \u015bwiadczenia us\u0142ug i produkt\u00f3w najwy\u017cszej jako\u015bci da\u0142a pocz\u0105tek marce: Maxima. Wyb\u00f3r tej \u0142aci\u0144skiej nazwy wyra\u017ca d\u0142ugowieczno\u015b\u0107 i klasyczny charakter, z dodatkiem nuty charakterystycznego wyrafinowania. Wyb\u00f3r kolor\u00f3w pod\u0105\u017ca w tym samym kierunku, \u0142\u0105cz\u0105c pasj\u0119 koloru czerwonego z elegancj\u0105 bieli. Dyskobol Myrona to nasz symbol: reprezentuje artystyczn\u0105 i sportow\u0105 doskona\u0142o\u015b\u0107, elementy reprezentuj\u0105ce cele naszej firmy. Dynamika ruchu odzwierciedla naszego ducha i entuzjazm dla przysz\u0142o\u015bci. Twierdzenie \u201etarcze mistrzowskie\u201d by\u0142o naturaln\u0105 konsekwencj\u0105 po\u0142\u0105czenia tych element\u00f3w, poniewa\u017c od samego pocz\u0105tku dzia\u0142alno\u015bci, nasza firma zajmowa\u0142a si\u0119 dystrybucj\u0105 tarcz diamentowych.\" \/>\n<meta property=\"og:url\" content=\"https:\/\/www.maxima-dia.com\/pl\/marka-maxima\/\" \/>\n<meta property=\"og:site_name\" content=\"Maxima SpA\" \/>\n<meta property=\"article:publisher\" content=\"https:\/\/www.facebook.com\/Maxima-spa-106098566139597\" \/>\n<meta property=\"article:modified_time\" content=\"2019-09-11T16:02:36+00:00\" \/>\n<meta property=\"og:image\" content=\"https:\/\/www.maxima-dia.com\/wp-content\/uploads\/2012\/09\/Fiera_foto_discobolo.jpg\" \/>\n<meta name=\"twitter:card\" content=\"summary_large_image\" \/>\n<meta name=\"twitter:site\" content=\"@Maximadia\" \/>\n<meta name=\"twitter:label1\" content=\"Szacowany czas czytania\" \/>\n\t<meta name=\"twitter:data1\" content=\"1 minuta\" \/>\n<script type=\"application\/ld+json\" class=\"yoast-schema-graph\">{\"@context\":\"https:\/\/schema.org\",\"@graph\":[{\"@type\":\"WebPage\",\"@id\":\"https:\/\/www.maxima-dia.com\/pl\/marka-maxima\/\",\"url\":\"https:\/\/www.maxima-dia.com\/pl\/marka-maxima\/\",\"name\":\"Marka Maxima - Maxima SpA\",\"isPartOf\":{\"@id\":\"https:\/\/www.maxima-dia.com\/pl\/#website\"},\"datePublished\":\"2019-05-30T13:35:15+00:00\",\"dateModified\":\"2019-09-11T16:02:36+00:00\",\"breadcrumb\":{\"@id\":\"https:\/\/www.maxima-dia.com\/pl\/marka-maxima\/#breadcrumb\"},\"inLanguage\":\"pl-PL\",\"potentialAction\":[{\"@type\":\"ReadAction\",\"target\":[\"https:\/\/www.maxima-dia.com\/pl\/marka-maxima\/\"]}]},{\"@type\":\"BreadcrumbList\",\"@id\":\"https:\/\/www.maxima-dia.com\/pl\/marka-maxima\/#breadcrumb\",\"itemListElement\":[{\"@type\":\"ListItem\",\"position\":1,\"name\":\"Home\",\"item\":\"https:\/\/www.maxima-dia.com\/pl\/\"},{\"@type\":\"ListItem\",\"position\":2,\"name\":\"Marka Maxima\"}]},{\"@type\":\"WebSite\",\"@id\":\"https:\/\/www.maxima-dia.com\/pl\/#website\",\"url\":\"https:\/\/www.maxima-dia.com\/pl\/\",\"name\":\"Maxima SpA\",\"description\":\"Only for the real professionals\",\"potentialAction\":[{\"@type\":\"SearchAction\",\"target\":{\"@type\":\"EntryPoint\",\"urlTemplate\":\"https:\/\/www.maxima-dia.com\/pl\/?s={search_term_string}\"},\"query-input\":{\"@type\":\"PropertyValueSpecification\",\"valueRequired\":true,\"valueName\":\"search_term_string\"}}],\"inLanguage\":\"pl-PL\"}]}<\/script>\n<!-- \/ Yoast SEO plugin. -->","yoast_head_json":{"title":"Marka Maxima - Maxima SpA","robots":{"index":"index","follow":"follow","max-snippet":"max-snippet:-1","max-image-preview":"max-image-preview:large","max-video-preview":"max-video-preview:-1"},"canonical":"https:\/\/www.maxima-dia.com\/pl\/marka-maxima\/","og_locale":"pl_PL","og_type":"article","og_title":"Marka Maxima - Maxima SpA","og_description":"Marka Maxima Po pierwsze i najwa\u017cniejsze. Pewno\u015b\u0107 \u015bwiadczenia us\u0142ug i produkt\u00f3w najwy\u017cszej jako\u015bci da\u0142a pocz\u0105tek marce: Maxima. Wyb\u00f3r tej \u0142aci\u0144skiej nazwy wyra\u017ca d\u0142ugowieczno\u015b\u0107 i klasyczny charakter, z dodatkiem nuty charakterystycznego wyrafinowania. Wyb\u00f3r kolor\u00f3w pod\u0105\u017ca w tym samym kierunku, \u0142\u0105cz\u0105c pasj\u0119 koloru czerwonego z elegancj\u0105 bieli. Dyskobol Myrona to nasz symbol: reprezentuje artystyczn\u0105 i sportow\u0105 doskona\u0142o\u015b\u0107, elementy reprezentuj\u0105ce cele naszej firmy. Dynamika ruchu odzwierciedla naszego ducha i entuzjazm dla przysz\u0142o\u015bci. Twierdzenie \u201etarcze mistrzowskie\u201d by\u0142o naturaln\u0105 konsekwencj\u0105 po\u0142\u0105czenia tych element\u00f3w, poniewa\u017c od samego pocz\u0105tku dzia\u0142alno\u015bci, nasza firma zajmowa\u0142a si\u0119 dystrybucj\u0105 tarcz diamentowych.","og_url":"https:\/\/www.maxima-dia.com\/pl\/marka-maxima\/","og_site_name":"Maxima SpA","article_publisher":"https:\/\/www.facebook.com\/Maxima-spa-106098566139597","article_modified_time":"2019-09-11T16:02:36+00:00","og_image":[{"url":"https:\/\/www.maxima-dia.com\/wp-content\/uploads\/2012\/09\/Fiera_foto_discobolo.jpg","type":"","width":"","height":""}],"twitter_card":"summary_large_image","twitter_site":"@Maximadia","twitter_misc":{"Szacowany czas czytania":"1 minuta"},"schema":{"@context":"https:\/\/schema.org","@graph":[{"@type":"WebPage","@id":"https:\/\/www.maxima-dia.com\/pl\/marka-maxima\/","url":"https:\/\/www.maxima-dia.com\/pl\/marka-maxima\/","name":"Marka Maxima - Maxima SpA","isPartOf":{"@id":"https:\/\/www.maxima-dia.com\/pl\/#website"},"datePublished":"2019-05-30T13:35:15+00:00","dateModified":"2019-09-11T16:02:36+00:00","breadcrumb":{"@id":"https:\/\/www.maxima-dia.com\/pl\/marka-maxima\/#breadcrumb"},"inLanguage":"pl-PL","potentialAction":[{"@type":"ReadAction","target":["https:\/\/www.maxima-dia.com\/pl\/marka-maxima\/"]}]},{"@type":"BreadcrumbList","@id":"https:\/\/www.maxima-dia.com\/pl\/marka-maxima\/#breadcrumb","itemListElement":[{"@type":"ListItem","position":1,"name":"Home","item":"https:\/\/www.maxima-dia.com\/pl\/"},{"@type":"ListItem","position":2,"name":"Marka Maxima"}]},{"@type":"WebSite","@id":"https:\/\/www.maxima-dia.com\/pl\/#website","url":"https:\/\/www.maxima-dia.com\/pl\/","name":"Maxima SpA","description":"Only for the real professionals","potentialAction":[{"@type":"SearchAction","target":{"@type":"EntryPoint","urlTemplate":"https:\/\/www.maxima-dia.com\/pl\/?s={search_term_string}"},"query-input":{"@type":"PropertyValueSpecification","valueRequired":true,"valueName":"search_term_string"}}],"inLanguage":"pl-PL"}]}},"_links":{"self":[{"href":"https:\/\/www.maxima-dia.com\/pl\/wp-json\/wp\/v2\/pages\/19988"}],"collection":[{"href":"https:\/\/www.maxima-dia.com\/pl\/wp-json\/wp\/v2\/pages"}],"about":[{"href":"https:\/\/www.maxima-dia.com\/pl\/wp-json\/wp\/v2\/types\/page"}],"author":[{"embeddable":true,"href":"https:\/\/www.maxima-dia.com\/pl\/wp-json\/wp\/v2\/users\/29"}],"replies":[{"embeddable":true,"href":"https:\/\/www.maxima-dia.com\/pl\/wp-json\/wp\/v2\/comments?post=19988"}],"version-history":[{"count":0,"href":"https:\/\/www.maxima-dia.com\/pl\/wp-json\/wp\/v2\/pages\/19988\/revisions"}],"wp:attachment":[{"href":"https:\/\/www.maxima-dia.com\/pl\/wp-json\/wp\/v2\/media?parent=19988"}],"curies":[{"name":"wp","href":"https:\/\/api.w.org\/{rel}","templated":true}]}}