{"id":20000,"date":"2019-06-04T09:40:08","date_gmt":"2019-06-04T07:40:08","guid":{"rendered":"https:\/\/www.maxima-dia.com\/?page_id=20000"},"modified":"2022-01-27T09:55:36","modified_gmt":"2022-01-27T08:55:36","slug":"dzialania-i-uslugi","status":"publish","type":"page","link":"https:\/\/www.maxima-dia.com\/pl\/dzialania-i-uslugi\/","title":{"rendered":"Dzia\u0142ania i us\u0142ugi"},"content":{"rendered":"<h2>Dzia\u0142ania i us\u0142ugi<\/h2>\n<p class=\"p2\">Inicjatywy organizowane przez Maxima w celu promowania swoich produkt\u00f3w, marki i wizerunku s\u0105 liczne i zr\u00f3\u017cnicowane. W ci\u0105gu roku dzia\u0142ania w ramach otwartego domu, profesjonalne pokazy z firmami, kursy szkoleniowe nast\u0119puj\u0105 po sobie, aby utrzyma\u0107 zawsze aktywne relacje z klientem.<\/p>\n<p class=\"p2\">To na kliencie koncentruj\u0105 si\u0119 profesjonalne wybory Maxima. Sprzedawcy mog\u0105 liczy\u0107 na seri\u0119 specjalistycznych us\u0142ug zarezerwowanych wy\u0142\u0105cznie dla nich.<\/p>\n<table style=\"width: 100%;\" border=\"0\" cellspacing=\"2\" cellpadding=\"5\">\n<tbody>\n<tr>\n<td style=\"width: 350px; vertical-align: middle;\"><a href=\"\/wp-content\/uploads\/2013\/10\/attserv2022-openhouse.jpg\"><img loading=\"lazy\" decoding=\"async\" class=\"alignnone wp-image-20015 size-medium\" src=\"https:\/\/www.maxima-dia.com\/wp-content\/uploads\/2013\/10\/attserv2015-openhouse-300x212.jpg\" alt=\"attserv2015-openhouse\" width=\"300\" height=\"212\" srcset=\"https:\/\/www.maxima-dia.com\/wp-content\/uploads\/2013\/10\/attserv2015-openhouse-300x212.jpg 300w, https:\/\/www.maxima-dia.com\/wp-content\/uploads\/2013\/10\/attserv2015-openhouse-1020x725.jpg 1020w, https:\/\/www.maxima-dia.com\/wp-content\/uploads\/2013\/10\/attserv2015-openhouse.jpg 1024w\" sizes=\"(max-width: 300px) 100vw, 300px\" \/><\/a><\/td>\n<td style=\"vertical-align: middle;\" valign=\"top\">\n<h3>Otwarty dom<\/h3>\n<\/td>\n<\/tr>\n<tr>\n<td style=\"width: 350px; vertical-align: middle;\"><a href=\"https:\/\/www.maxima-dia.com\/wp-content\/uploads\/2013\/10\/attserv2015-24hours-300x212.jpg\"><img loading=\"lazy\" decoding=\"async\" class=\"alignnone size-medium wp-image-20010\" src=\"https:\/\/www.maxima-dia.com\/wp-content\/uploads\/2013\/10\/attserv2015-24hours-300x212.jpg\" alt=\"attserv2015-24hours\" width=\"300\" height=\"212\" srcset=\"https:\/\/www.maxima-dia.com\/wp-content\/uploads\/2013\/10\/attserv2015-24hours-300x212.jpg 300w, https:\/\/www.maxima-dia.com\/wp-content\/uploads\/2013\/10\/attserv2015-24hours-1020x725.jpg 1020w, https:\/\/www.maxima-dia.com\/wp-content\/uploads\/2013\/10\/attserv2015-24hours.jpg 1024w\" sizes=\"(max-width: 300px) 100vw, 300px\" \/><\/a><\/td>\n<td style=\"vertical-align: middle;\">\n<h3>dostawy w 24 godziny<\/h3>\n<\/td>\n<\/tr>\n<tr>\n<td style=\"width: 350px; vertical-align: middle;\"><a href=\"https:\/\/www.maxima-dia.com\/wp-content\/uploads\/2013\/10\/attserv2015-customersupport-300x212.jpg\"><img loading=\"lazy\" decoding=\"async\" class=\"alignnone size-medium wp-image-20012\" src=\"https:\/\/www.maxima-dia.com\/wp-content\/uploads\/2013\/10\/attserv2015-customersupport-300x212.jpg\" alt=\"attserv2015-customersupport\" width=\"300\" height=\"212\" srcset=\"https:\/\/www.maxima-dia.com\/wp-content\/uploads\/2013\/10\/attserv2015-customersupport-300x212.jpg 300w, https:\/\/www.maxima-dia.com\/wp-content\/uploads\/2013\/10\/attserv2015-customersupport-1020x725.jpg 1020w, https:\/\/www.maxima-dia.com\/wp-content\/uploads\/2013\/10\/attserv2015-customersupport.jpg 1024w\" sizes=\"(max-width: 300px) 100vw, 300px\" \/><\/a><\/td>\n<td style=\"vertical-align: middle;\">\n<h3>Obs\u0142uga klienta<\/h3>\n<\/td>\n<\/tr>\n<tr>\n<td style=\"width: 350px; vertical-align: middle;\"><a href=\"\/wp-content\/uploads\/2013\/10\/attserv2022-fiere.jpg\"><img loading=\"lazy\" decoding=\"async\" class=\"alignnone wp-image-20014 size-medium\" src=\"https:\/\/www.maxima-dia.com\/wp-content\/uploads\/2013\/10\/attserv2015-fiere-300x212.jpg\" alt=\"attserv2015-fiere\" width=\"300\" height=\"212\" srcset=\"https:\/\/www.maxima-dia.com\/wp-content\/uploads\/2013\/10\/attserv2015-fiere-300x212.jpg 300w, https:\/\/www.maxima-dia.com\/wp-content\/uploads\/2013\/10\/attserv2015-fiere-1020x725.jpg 1020w, https:\/\/www.maxima-dia.com\/wp-content\/uploads\/2013\/10\/attserv2015-fiere.jpg 1024w\" sizes=\"(max-width: 300px) 100vw, 300px\" \/><\/a><\/td>\n<td style=\"vertical-align: middle;\">\n<h3>Wystawy lokalne i mi\u0119dzynarodowe<\/h3>\n<\/td>\n<\/tr>\n<tr>\n<td style=\"width: 350px; vertical-align: middle;\"><a href=\"\/wp-content\/uploads\/2013\/10\/attserv2022-training.jpg\"><img loading=\"lazy\" decoding=\"async\" class=\"alignnone wp-image-20017 size-medium\" src=\"https:\/\/www.maxima-dia.com\/wp-content\/uploads\/2013\/10\/attserv2015-training-300x212.jpg\" alt=\"attserv2015-training\" width=\"300\" height=\"212\" srcset=\"https:\/\/www.maxima-dia.com\/wp-content\/uploads\/2013\/10\/attserv2015-training-300x212.jpg 300w, https:\/\/www.maxima-dia.com\/wp-content\/uploads\/2013\/10\/attserv2015-training-1020x725.jpg 1020w, https:\/\/www.maxima-dia.com\/wp-content\/uploads\/2013\/10\/attserv2015-training.jpg 1024w\" sizes=\"(max-width: 300px) 100vw, 300px\" \/><\/a><\/td>\n<td style=\"vertical-align: middle;\">\n<h3>Szkolenia wewn\u0119trzne<\/h3>\n<\/td>\n<\/tr>\n<tr>\n<td style=\"width: 350px; vertical-align: middle;\"><a href=\"\/wp-content\/uploads\/2013\/10\/attserv2022-advice.jpg\"><img loading=\"lazy\" decoding=\"async\" class=\"alignnone wp-image-20011 size-medium\" src=\"https:\/\/www.maxima-dia.com\/wp-content\/uploads\/2013\/10\/attserv2015-advice-300x212.jpg\" alt=\"attserv2015-advice\" width=\"300\" height=\"212\" srcset=\"https:\/\/www.maxima-dia.com\/wp-content\/uploads\/2013\/10\/attserv2015-advice-300x212.jpg 300w, https:\/\/www.maxima-dia.com\/wp-content\/uploads\/2013\/10\/attserv2015-advice.jpg 1024w\" sizes=\"(max-width: 300px) 100vw, 300px\" \/><\/a><\/td>\n<td style=\"vertical-align: middle;\">\n<h3>Pomoc techniczna<\/h3>\n<\/td>\n<\/tr>\n<tr>\n<td style=\"width: 350px; vertical-align: middle;\"><a href=\"https:\/\/www.maxima-dia.com\/wp-content\/uploads\/2013\/10\/attserv2015-techsupport-300x212.jpg\"><img loading=\"lazy\" decoding=\"async\" class=\"alignnone size-medium wp-image-20016\" src=\"https:\/\/www.maxima-dia.com\/wp-content\/uploads\/2013\/10\/attserv2015-techsupport-300x212.jpg\" alt=\"attserv2015-techsupport\" width=\"300\" height=\"212\" srcset=\"https:\/\/www.maxima-dia.com\/wp-content\/uploads\/2013\/10\/attserv2015-techsupport-300x212.jpg 300w, https:\/\/www.maxima-dia.com\/wp-content\/uploads\/2013\/10\/attserv2015-techsupport-1020x725.jpg 1020w, https:\/\/www.maxima-dia.com\/wp-content\/uploads\/2013\/10\/attserv2015-techsupport.jpg 1024w\" sizes=\"(max-width: 300px) 100vw, 300px\" \/><\/a><\/td>\n<td style=\"vertical-align: middle;\">\n<h3>Porady dla profesjonalist\u00f3w<\/h3>\n<\/td>\n<\/tr>\n<tr>\n<td style=\"width: 350px; vertical-align: middle;\"><a href=\"https:\/\/www.maxima-dia.com\/wp-content\/uploads\/2013\/10\/attserv2015-customized-300x212.jpg\"><img loading=\"lazy\" decoding=\"async\" class=\"alignnone size-medium wp-image-20013\" src=\"https:\/\/www.maxima-dia.com\/wp-content\/uploads\/2013\/10\/attserv2015-customized-300x212.jpg\" alt=\"attserv2015-customized\" width=\"300\" height=\"212\" srcset=\"https:\/\/www.maxima-dia.com\/wp-content\/uploads\/2013\/10\/attserv2015-customized-300x212.jpg 300w, https:\/\/www.maxima-dia.com\/wp-content\/uploads\/2013\/10\/attserv2015-customized-1020x725.jpg 1020w, https:\/\/www.maxima-dia.com\/wp-content\/uploads\/2013\/10\/attserv2015-customized.jpg 1024w\" sizes=\"(max-width: 300px) 100vw, 300px\" \/><\/a><\/td>\n<td style=\"vertical-align: middle;\">\n<h3>Produkty niestandardowe<\/h3>\n<\/td>\n<\/tr>\n<\/tbody>\n<\/table>\n","protected":false},"excerpt":{"rendered":"<p>Dzia\u0142ania i us\u0142ugi Inicjatywy organizowane przez Maxima w celu promowania swoich produkt\u00f3w, marki i wizerunku s\u0105 liczne i zr\u00f3\u017cnicowane. W ci\u0105gu roku dzia\u0142ania w ramach otwartego domu, profesjonalne pokazy z firmami, kursy szkoleniowe nast\u0119puj\u0105 po sobie, aby utrzyma\u0107 zawsze aktywne relacje z klientem. To na kliencie koncentruj\u0105 si\u0119 profesjonalne wybory Maxima. Sprzedawcy mog\u0105 liczy\u0107 na seri\u0119 specjalistycznych us\u0142ug zarezerwowanych wy\u0142\u0105cznie dla nich. Otwarty dom dostawy w 24 godziny Obs\u0142uga klienta Wystawy lokalne i mi\u0119dzynarodowe Szkolenia wewn\u0119trzne Pomoc techniczna Porady dla profesjonalist\u00f3w Produkty niestandardowe<\/p>\n","protected":false},"author":29,"featured_media":0,"parent":0,"menu_order":266,"comment_status":"closed","ping_status":"closed","template":"","meta":{"ngg_post_thumbnail":0,"_joinchat":[],"footnotes":""},"class_list":["post-20000","page","type-page","status-publish","hentry"],"yoast_head":"<!-- This site is optimized with the Yoast SEO plugin v25.5 - https:\/\/yoast.com\/wordpress\/plugins\/seo\/ -->\n<title>Dzia\u0142ania i us\u0142ugi - Maxima SpA<\/title>\n<meta name=\"robots\" content=\"index, follow, max-snippet:-1, max-image-preview:large, max-video-preview:-1\" \/>\n<link rel=\"canonical\" href=\"https:\/\/www.maxima-dia.com\/pl\/dzialania-i-uslugi\/\" \/>\n<meta property=\"og:locale\" content=\"pl_PL\" \/>\n<meta property=\"og:type\" content=\"article\" \/>\n<meta property=\"og:title\" content=\"Dzia\u0142ania i us\u0142ugi - Maxima SpA\" \/>\n<meta property=\"og:description\" content=\"Dzia\u0142ania i us\u0142ugi Inicjatywy organizowane przez Maxima w celu promowania swoich produkt\u00f3w, marki i wizerunku s\u0105 liczne i zr\u00f3\u017cnicowane. W ci\u0105gu roku dzia\u0142ania w ramach otwartego domu, profesjonalne pokazy z firmami, kursy szkoleniowe nast\u0119puj\u0105 po sobie, aby utrzyma\u0107 zawsze aktywne relacje z klientem. To na kliencie koncentruj\u0105 si\u0119 profesjonalne wybory Maxima. Sprzedawcy mog\u0105 liczy\u0107 na seri\u0119 specjalistycznych us\u0142ug zarezerwowanych wy\u0142\u0105cznie dla nich. Otwarty dom dostawy w 24 godziny Obs\u0142uga klienta Wystawy lokalne i mi\u0119dzynarodowe Szkolenia wewn\u0119trzne Pomoc techniczna Porady dla profesjonalist\u00f3w Produkty niestandardowe\" \/>\n<meta property=\"og:url\" content=\"https:\/\/www.maxima-dia.com\/pl\/dzialania-i-uslugi\/\" \/>\n<meta property=\"og:site_name\" content=\"Maxima SpA\" \/>\n<meta property=\"article:publisher\" content=\"https:\/\/www.facebook.com\/Maxima-spa-106098566139597\" \/>\n<meta property=\"article:modified_time\" content=\"2022-01-27T08:55:36+00:00\" \/>\n<meta property=\"og:image\" content=\"https:\/\/www.maxima-dia.com\/wp-content\/uploads\/2013\/10\/attserv2015-openhouse-300x212.jpg\" \/>\n<meta name=\"twitter:card\" content=\"summary_large_image\" \/>\n<meta name=\"twitter:site\" content=\"@Maximadia\" \/>\n<script type=\"application\/ld+json\" class=\"yoast-schema-graph\">{\"@context\":\"https:\/\/schema.org\",\"@graph\":[{\"@type\":\"WebPage\",\"@id\":\"https:\/\/www.maxima-dia.com\/pl\/dzialania-i-uslugi\/\",\"url\":\"https:\/\/www.maxima-dia.com\/pl\/dzialania-i-uslugi\/\",\"name\":\"Dzia\u0142ania i us\u0142ugi - Maxima SpA\",\"isPartOf\":{\"@id\":\"https:\/\/www.maxima-dia.com\/pl\/#website\"},\"primaryImageOfPage\":{\"@id\":\"https:\/\/www.maxima-dia.com\/pl\/dzialania-i-uslugi\/#primaryimage\"},\"image\":{\"@id\":\"https:\/\/www.maxima-dia.com\/pl\/dzialania-i-uslugi\/#primaryimage\"},\"thumbnailUrl\":\"https:\/\/www.maxima-dia.com\/wp-content\/uploads\/2013\/10\/attserv2015-openhouse-300x212.jpg\",\"datePublished\":\"2019-06-04T07:40:08+00:00\",\"dateModified\":\"2022-01-27T08:55:36+00:00\",\"breadcrumb\":{\"@id\":\"https:\/\/www.maxima-dia.com\/pl\/dzialania-i-uslugi\/#breadcrumb\"},\"inLanguage\":\"pl-PL\",\"potentialAction\":[{\"@type\":\"ReadAction\",\"target\":[\"https:\/\/www.maxima-dia.com\/pl\/dzialania-i-uslugi\/\"]}]},{\"@type\":\"ImageObject\",\"inLanguage\":\"pl-PL\",\"@id\":\"https:\/\/www.maxima-dia.com\/pl\/dzialania-i-uslugi\/#primaryimage\",\"url\":\"https:\/\/www.maxima-dia.com\/wp-content\/uploads\/2013\/10\/attserv2015-openhouse-300x212.jpg\",\"contentUrl\":\"https:\/\/www.maxima-dia.com\/wp-content\/uploads\/2013\/10\/attserv2015-openhouse-300x212.jpg\"},{\"@type\":\"BreadcrumbList\",\"@id\":\"https:\/\/www.maxima-dia.com\/pl\/dzialania-i-uslugi\/#breadcrumb\",\"itemListElement\":[{\"@type\":\"ListItem\",\"position\":1,\"name\":\"Home\",\"item\":\"https:\/\/www.maxima-dia.com\/pl\/\"},{\"@type\":\"ListItem\",\"position\":2,\"name\":\"Dzia\u0142ania i us\u0142ugi\"}]},{\"@type\":\"WebSite\",\"@id\":\"https:\/\/www.maxima-dia.com\/pl\/#website\",\"url\":\"https:\/\/www.maxima-dia.com\/pl\/\",\"name\":\"Maxima SpA\",\"description\":\"Only for the real professionals\",\"potentialAction\":[{\"@type\":\"SearchAction\",\"target\":{\"@type\":\"EntryPoint\",\"urlTemplate\":\"https:\/\/www.maxima-dia.com\/pl\/?s={search_term_string}\"},\"query-input\":{\"@type\":\"PropertyValueSpecification\",\"valueRequired\":true,\"valueName\":\"search_term_string\"}}],\"inLanguage\":\"pl-PL\"}]}<\/script>\n<!-- \/ Yoast SEO plugin. -->","yoast_head_json":{"title":"Dzia\u0142ania i us\u0142ugi - Maxima SpA","robots":{"index":"index","follow":"follow","max-snippet":"max-snippet:-1","max-image-preview":"max-image-preview:large","max-video-preview":"max-video-preview:-1"},"canonical":"https:\/\/www.maxima-dia.com\/pl\/dzialania-i-uslugi\/","og_locale":"pl_PL","og_type":"article","og_title":"Dzia\u0142ania i us\u0142ugi - Maxima SpA","og_description":"Dzia\u0142ania i us\u0142ugi Inicjatywy organizowane przez Maxima w celu promowania swoich produkt\u00f3w, marki i wizerunku s\u0105 liczne i zr\u00f3\u017cnicowane. W ci\u0105gu roku dzia\u0142ania w ramach otwartego domu, profesjonalne pokazy z firmami, kursy szkoleniowe nast\u0119puj\u0105 po sobie, aby utrzyma\u0107 zawsze aktywne relacje z klientem. To na kliencie koncentruj\u0105 si\u0119 profesjonalne wybory Maxima. Sprzedawcy mog\u0105 liczy\u0107 na seri\u0119 specjalistycznych us\u0142ug zarezerwowanych wy\u0142\u0105cznie dla nich. Otwarty dom dostawy w 24 godziny Obs\u0142uga klienta Wystawy lokalne i mi\u0119dzynarodowe Szkolenia wewn\u0119trzne Pomoc techniczna Porady dla profesjonalist\u00f3w Produkty niestandardowe","og_url":"https:\/\/www.maxima-dia.com\/pl\/dzialania-i-uslugi\/","og_site_name":"Maxima SpA","article_publisher":"https:\/\/www.facebook.com\/Maxima-spa-106098566139597","article_modified_time":"2022-01-27T08:55:36+00:00","og_image":[{"url":"https:\/\/www.maxima-dia.com\/wp-content\/uploads\/2013\/10\/attserv2015-openhouse-300x212.jpg","type":"","width":"","height":""}],"twitter_card":"summary_large_image","twitter_site":"@Maximadia","schema":{"@context":"https:\/\/schema.org","@graph":[{"@type":"WebPage","@id":"https:\/\/www.maxima-dia.com\/pl\/dzialania-i-uslugi\/","url":"https:\/\/www.maxima-dia.com\/pl\/dzialania-i-uslugi\/","name":"Dzia\u0142ania i us\u0142ugi - Maxima SpA","isPartOf":{"@id":"https:\/\/www.maxima-dia.com\/pl\/#website"},"primaryImageOfPage":{"@id":"https:\/\/www.maxima-dia.com\/pl\/dzialania-i-uslugi\/#primaryimage"},"image":{"@id":"https:\/\/www.maxima-dia.com\/pl\/dzialania-i-uslugi\/#primaryimage"},"thumbnailUrl":"https:\/\/www.maxima-dia.com\/wp-content\/uploads\/2013\/10\/attserv2015-openhouse-300x212.jpg","datePublished":"2019-06-04T07:40:08+00:00","dateModified":"2022-01-27T08:55:36+00:00","breadcrumb":{"@id":"https:\/\/www.maxima-dia.com\/pl\/dzialania-i-uslugi\/#breadcrumb"},"inLanguage":"pl-PL","potentialAction":[{"@type":"ReadAction","target":["https:\/\/www.maxima-dia.com\/pl\/dzialania-i-uslugi\/"]}]},{"@type":"ImageObject","inLanguage":"pl-PL","@id":"https:\/\/www.maxima-dia.com\/pl\/dzialania-i-uslugi\/#primaryimage","url":"https:\/\/www.maxima-dia.com\/wp-content\/uploads\/2013\/10\/attserv2015-openhouse-300x212.jpg","contentUrl":"https:\/\/www.maxima-dia.com\/wp-content\/uploads\/2013\/10\/attserv2015-openhouse-300x212.jpg"},{"@type":"BreadcrumbList","@id":"https:\/\/www.maxima-dia.com\/pl\/dzialania-i-uslugi\/#breadcrumb","itemListElement":[{"@type":"ListItem","position":1,"name":"Home","item":"https:\/\/www.maxima-dia.com\/pl\/"},{"@type":"ListItem","position":2,"name":"Dzia\u0142ania i us\u0142ugi"}]},{"@type":"WebSite","@id":"https:\/\/www.maxima-dia.com\/pl\/#website","url":"https:\/\/www.maxima-dia.com\/pl\/","name":"Maxima SpA","description":"Only for the real professionals","potentialAction":[{"@type":"SearchAction","target":{"@type":"EntryPoint","urlTemplate":"https:\/\/www.maxima-dia.com\/pl\/?s={search_term_string}"},"query-input":{"@type":"PropertyValueSpecification","valueRequired":true,"valueName":"search_term_string"}}],"inLanguage":"pl-PL"}]}},"_links":{"self":[{"href":"https:\/\/www.maxima-dia.com\/pl\/wp-json\/wp\/v2\/pages\/20000"}],"collection":[{"href":"https:\/\/www.maxima-dia.com\/pl\/wp-json\/wp\/v2\/pages"}],"about":[{"href":"https:\/\/www.maxima-dia.com\/pl\/wp-json\/wp\/v2\/types\/page"}],"author":[{"embeddable":true,"href":"https:\/\/www.maxima-dia.com\/pl\/wp-json\/wp\/v2\/users\/29"}],"replies":[{"embeddable":true,"href":"https:\/\/www.maxima-dia.com\/pl\/wp-json\/wp\/v2\/comments?post=20000"}],"version-history":[{"count":2,"href":"https:\/\/www.maxima-dia.com\/pl\/wp-json\/wp\/v2\/pages\/20000\/revisions"}],"predecessor-version":[{"id":33820,"href":"https:\/\/www.maxima-dia.com\/pl\/wp-json\/wp\/v2\/pages\/20000\/revisions\/33820"}],"wp:attachment":[{"href":"https:\/\/www.maxima-dia.com\/pl\/wp-json\/wp\/v2\/media?parent=20000"}],"curies":[{"name":"wp","href":"https:\/\/api.w.org\/{rel}","templated":true}]}}