{"id":20020,"date":"2019-06-04T09:46:40","date_gmt":"2019-06-04T07:46:40","guid":{"rendered":"https:\/\/www.maxima-dia.com\/?page_id=20020"},"modified":"2019-08-07T11:34:37","modified_gmt":"2019-08-07T09:34:37","slug":"marketing-komunikacja-i-wsparcie-sprzedazy","status":"publish","type":"page","link":"https:\/\/www.maxima-dia.com\/pl\/marketing-komunikacja-i-wsparcie-sprzedazy\/","title":{"rendered":"Marketing, komunikacja i wsparcie sprzeda\u017cy"},"content":{"rendered":"<p class=\"p1\">Maxima wierzy w warto\u015b\u0107 marketingu i komunikacji. By\u0142a to pierwsza firma w tym sektorze, kt\u00f3ra dokona\u0142a du\u017cych inwestycji w tym kierunku dzi\u0119ki inicjatywom, na kt\u00f3re klienci byli entuzjastycznie nastawieni, uzyskuj\u0105c wzrost jako\u015bci, dzi\u0119ki czemu w ci\u0105gu zaledwie kilku lat Maxima sta\u0142a si\u0119 punktem odniesienia w tym sektorze.<\/p>\n<p class=\"p1\">Maxima wspiera dystrybutor\u00f3w, oferuj\u0105c szerok\u0105 gam\u0119 instrument\u00f3w do prawid\u0142owego i skutecznego prezentowania produkt\u00f3w, informowania i szkolenia klienta, sprzedawc\u00f3w detalicznych lub u\u017cytkownik\u00f3w ko\u0144cowych.<\/p>\n<table style=\"width: 100%;\" border=\"0\" cellspacing=\"2\" cellpadding=\"5\">\n<tbody>\n<tr>\n<td style=\"width: 350px; vertical-align: middle;\"><a href=\"\/wp-content\/uploads\/2013\/10\/mk2015-packaging.jpg\"><img loading=\"lazy\" decoding=\"async\" class=\"alignnone wp-image-11165 size-medium\" src=\"\/wp-content\/uploads\/2013\/10\/mk2015-packaging-300x208.jpg\" alt=\"\" width=\"300\" height=\"208\" srcset=\"https:\/\/www.maxima-dia.com\/wp-content\/uploads\/2013\/10\/mk2015-packaging-300x208.jpg 300w, https:\/\/www.maxima-dia.com\/wp-content\/uploads\/2013\/10\/mk2015-packaging-1020x712.jpg 1020w, https:\/\/www.maxima-dia.com\/wp-content\/uploads\/2013\/10\/mk2015-packaging-191x132.jpg 191w, https:\/\/www.maxima-dia.com\/wp-content\/uploads\/2013\/10\/mk2015-packaging.jpg 1024w\" sizes=\"(max-width: 300px) 100vw, 300px\" \/><\/a><\/td>\n<td style=\"vertical-align: middle;\">\n<h3>Opakowanie<\/h3>\n<\/td>\n<\/tr>\n<tr>\n<td style=\"width: 350px; vertical-align: middle;\"><a href=\"\/wp-content\/uploads\/2013\/10\/mk2015-tabledisplays.jpg\"><img loading=\"lazy\" decoding=\"async\" class=\"alignnone wp-image-11166 size-medium\" src=\"\/wp-content\/uploads\/2013\/10\/mk2015-tabledisplays-300x213.jpg\" alt=\"mk2015-tabledisplays\" width=\"300\" height=\"213\" srcset=\"https:\/\/www.maxima-dia.com\/wp-content\/uploads\/2013\/10\/mk2015-tabledisplays-300x213.jpg 300w, https:\/\/www.maxima-dia.com\/wp-content\/uploads\/2013\/10\/mk2015-tabledisplays.jpg 1024w\" sizes=\"(max-width: 300px) 100vw, 300px\" \/><\/a><\/td>\n<td style=\"vertical-align: middle;\" valign=\"top\">\n<h3>Ekspozytory sto\u0142owe<\/h3>\n<\/td>\n<\/tr>\n<tr>\n<td style=\"width: 350px; vertical-align: middle;\"><a href=\"\/wp-content\/uploads\/2013\/10\/mk2015-display.jpg\"><img loading=\"lazy\" decoding=\"async\" class=\"alignnone wp-image-11162 size-medium\" src=\"\/wp-content\/uploads\/2013\/10\/mk2015-display-300x218.jpg\" alt=\"mk2015-display\" width=\"300\" height=\"218\" srcset=\"https:\/\/www.maxima-dia.com\/wp-content\/uploads\/2013\/10\/mk2015-display-300x218.jpg 300w, https:\/\/www.maxima-dia.com\/wp-content\/uploads\/2013\/10\/mk2015-display.jpg 857w\" sizes=\"(max-width: 300px) 100vw, 300px\" \/><\/a><\/td>\n<td style=\"vertical-align: middle;\" valign=\"top\">\n<h3>Ekspozytory pod\u0142ogowe<\/h3>\n<\/td>\n<\/tr>\n<tr>\n<td style=\"width: 350px; vertical-align: middle;\"><a href=\"\/wp-content\/uploads\/2013\/10\/mk2015-corners.jpg\"><img loading=\"lazy\" decoding=\"async\" class=\"alignnone wp-image-11161 size-medium\" src=\"\/wp-content\/uploads\/2013\/10\/mk2015-corners-300x213.jpg\" alt=\"mk2015-corners\" width=\"300\" height=\"213\" srcset=\"https:\/\/www.maxima-dia.com\/wp-content\/uploads\/2013\/10\/mk2015-corners-300x213.jpg 300w, https:\/\/www.maxima-dia.com\/wp-content\/uploads\/2013\/10\/mk2015-corners-1020x729.jpg 1020w, https:\/\/www.maxima-dia.com\/wp-content\/uploads\/2013\/10\/mk2015-corners.jpg 1024w\" sizes=\"(max-width: 300px) 100vw, 300px\" \/><\/a><\/td>\n<td style=\"vertical-align: middle;\" valign=\"top\">\n<h3>Corners<\/h3>\n<\/td>\n<\/tr>\n<tr>\n<td style=\"width: 350px; vertical-align: middle;\"><a href=\"\/wp-content\/uploads\/2013\/10\/mk2015-adv.jpg\"><img loading=\"lazy\" decoding=\"async\" class=\"alignnone wp-image-11159 size-medium\" src=\"\/wp-content\/uploads\/2013\/10\/mk2015-adv-300x212.jpg\" alt=\"mk2015-adv\" width=\"300\" height=\"212\" srcset=\"https:\/\/www.maxima-dia.com\/wp-content\/uploads\/2013\/10\/mk2015-adv-300x212.jpg 300w, https:\/\/www.maxima-dia.com\/wp-content\/uploads\/2013\/10\/mk2015-adv-1020x725.jpg 1020w, https:\/\/www.maxima-dia.com\/wp-content\/uploads\/2013\/10\/mk2015-adv.jpg 1024w\" sizes=\"(max-width: 300px) 100vw, 300px\" \/><\/a><\/td>\n<td style=\"vertical-align: middle;\" valign=\"top\">\n<h3>Reklama<\/h3>\n<\/td>\n<\/tr>\n<tr>\n<td style=\"width: 350px; vertical-align: middle;\"><a href=\"\/wp-content\/uploads\/2013\/10\/mk2015-cataloghi.jpg\"><img loading=\"lazy\" decoding=\"async\" class=\"alignnone wp-image-11160 size-medium\" src=\"\/wp-content\/uploads\/2013\/10\/mk2015-cataloghi-300x212.jpg\" alt=\"mk2015-cataloghi\" width=\"300\" height=\"212\" srcset=\"https:\/\/www.maxima-dia.com\/wp-content\/uploads\/2013\/10\/mk2015-cataloghi-300x212.jpg 300w, https:\/\/www.maxima-dia.com\/wp-content\/uploads\/2013\/10\/mk2015-cataloghi-1020x725.jpg 1020w, https:\/\/www.maxima-dia.com\/wp-content\/uploads\/2013\/10\/mk2015-cataloghi.jpg 1024w\" sizes=\"(max-width: 300px) 100vw, 300px\" \/><\/a><\/td>\n<td style=\"vertical-align: middle;\" valign=\"top\">\n<h3>Katalogi<\/h3>\n<\/td>\n<\/tr>\n<tr>\n<td style=\"width: 350px; vertical-align: middle;\"><a href=\"\/wp-content\/uploads\/2013\/10\/mk2015-gadgets.jpg\"><img loading=\"lazy\" decoding=\"async\" class=\"alignnone wp-image-11163 size-medium\" src=\"\/wp-content\/uploads\/2013\/10\/mk2015-gadgets-300x212.jpg\" alt=\"mk2015-gadgets\" width=\"300\" height=\"212\" srcset=\"https:\/\/www.maxima-dia.com\/wp-content\/uploads\/2013\/10\/mk2015-gadgets-300x212.jpg 300w, https:\/\/www.maxima-dia.com\/wp-content\/uploads\/2013\/10\/mk2015-gadgets-1020x724.jpg 1020w, https:\/\/www.maxima-dia.com\/wp-content\/uploads\/2013\/10\/mk2015-gadgets.jpg 1024w\" sizes=\"(max-width: 300px) 100vw, 300px\" \/><\/a><\/td>\n<td style=\"vertical-align: middle;\" valign=\"top\">\n<h3>Gad\u017cety<\/h3>\n<\/td>\n<\/tr>\n<tr>\n<td style=\"width: 350px; vertical-align: middle;\"><a href=\"\/wp-content\/uploads\/2013\/10\/mk2015-merchandising.jpg\"><img loading=\"lazy\" decoding=\"async\" class=\"alignnone wp-image-11164 size-medium\" src=\"\/wp-content\/uploads\/2013\/10\/mk2015-merchandising-300x212.jpg\" alt=\"mk2015-merchandising\" width=\"300\" height=\"212\" srcset=\"https:\/\/www.maxima-dia.com\/wp-content\/uploads\/2013\/10\/mk2015-merchandising-300x212.jpg 300w, https:\/\/www.maxima-dia.com\/wp-content\/uploads\/2013\/10\/mk2015-merchandising-1020x725.jpg 1020w, https:\/\/www.maxima-dia.com\/wp-content\/uploads\/2013\/10\/mk2015-merchandising.jpg 1024w\" sizes=\"(max-width: 300px) 100vw, 300px\" \/><\/a><\/td>\n<td style=\"vertical-align: middle;\" valign=\"top\">\n<h3>Merchandising Maxirent<\/h3>\n<\/td>\n<\/tr>\n<\/tbody>\n<\/table>\n","protected":false},"excerpt":{"rendered":"<p>Maxima wierzy w warto\u015b\u0107 marketingu i komunikacji. By\u0142a to pierwsza firma w tym sektorze, kt\u00f3ra dokona\u0142a du\u017cych inwestycji w tym kierunku dzi\u0119ki inicjatywom, na kt\u00f3re klienci byli entuzjastycznie nastawieni, uzyskuj\u0105c wzrost jako\u015bci, dzi\u0119ki czemu w ci\u0105gu zaledwie kilku lat Maxima sta\u0142a si\u0119 punktem odniesienia w tym sektorze. Maxima wspiera dystrybutor\u00f3w, oferuj\u0105c szerok\u0105 gam\u0119 instrument\u00f3w do prawid\u0142owego i skutecznego prezentowania produkt\u00f3w, informowania i szkolenia klienta, sprzedawc\u00f3w detalicznych lub u\u017cytkownik\u00f3w ko\u0144cowych. Opakowanie Ekspozytory sto\u0142owe Ekspozytory pod\u0142ogowe Corners Reklama Katalogi Gad\u017cety Merchandising Maxirent<\/p>\n","protected":false},"author":29,"featured_media":0,"parent":0,"menu_order":301,"comment_status":"closed","ping_status":"closed","template":"","meta":{"ngg_post_thumbnail":0,"_joinchat":[],"footnotes":""},"class_list":["post-20020","page","type-page","status-publish","hentry"],"yoast_head":"<!-- This site is optimized with the Yoast SEO plugin v25.5 - https:\/\/yoast.com\/wordpress\/plugins\/seo\/ -->\n<title>Marketing, komunikacja i wsparcie sprzeda\u017cy - Maxima SpA<\/title>\n<meta name=\"robots\" content=\"index, follow, max-snippet:-1, max-image-preview:large, max-video-preview:-1\" \/>\n<link rel=\"canonical\" href=\"https:\/\/www.maxima-dia.com\/pl\/marketing-komunikacja-i-wsparcie-sprzedazy\/\" \/>\n<meta property=\"og:locale\" content=\"pl_PL\" \/>\n<meta property=\"og:type\" content=\"article\" \/>\n<meta property=\"og:title\" content=\"Marketing, komunikacja i wsparcie sprzeda\u017cy - Maxima SpA\" \/>\n<meta property=\"og:description\" content=\"Maxima wierzy w warto\u015b\u0107 marketingu i komunikacji. By\u0142a to pierwsza firma w tym sektorze, kt\u00f3ra dokona\u0142a du\u017cych inwestycji w tym kierunku dzi\u0119ki inicjatywom, na kt\u00f3re klienci byli entuzjastycznie nastawieni, uzyskuj\u0105c wzrost jako\u015bci, dzi\u0119ki czemu w ci\u0105gu zaledwie kilku lat Maxima sta\u0142a si\u0119 punktem odniesienia w tym sektorze. Maxima wspiera dystrybutor\u00f3w, oferuj\u0105c szerok\u0105 gam\u0119 instrument\u00f3w do prawid\u0142owego i skutecznego prezentowania produkt\u00f3w, informowania i szkolenia klienta, sprzedawc\u00f3w detalicznych lub u\u017cytkownik\u00f3w ko\u0144cowych. Opakowanie Ekspozytory sto\u0142owe Ekspozytory pod\u0142ogowe Corners Reklama Katalogi Gad\u017cety Merchandising Maxirent\" \/>\n<meta property=\"og:url\" content=\"https:\/\/www.maxima-dia.com\/pl\/marketing-komunikacja-i-wsparcie-sprzedazy\/\" \/>\n<meta property=\"og:site_name\" content=\"Maxima SpA\" \/>\n<meta property=\"article:publisher\" content=\"https:\/\/www.facebook.com\/Maxima-spa-106098566139597\" \/>\n<meta property=\"article:modified_time\" content=\"2019-08-07T09:34:37+00:00\" \/>\n<meta property=\"og:image\" content=\"https:\/\/www.maxima-dia.com\/wp-content\/uploads\/2013\/10\/mk2015-packaging-300x208.jpg\" \/>\n<meta name=\"twitter:card\" content=\"summary_large_image\" \/>\n<meta name=\"twitter:site\" content=\"@Maximadia\" \/>\n<meta name=\"twitter:label1\" content=\"Szacowany czas czytania\" \/>\n\t<meta name=\"twitter:data1\" content=\"1 minuta\" \/>\n<script type=\"application\/ld+json\" class=\"yoast-schema-graph\">{\"@context\":\"https:\/\/schema.org\",\"@graph\":[{\"@type\":\"WebPage\",\"@id\":\"https:\/\/www.maxima-dia.com\/pl\/marketing-komunikacja-i-wsparcie-sprzedazy\/\",\"url\":\"https:\/\/www.maxima-dia.com\/pl\/marketing-komunikacja-i-wsparcie-sprzedazy\/\",\"name\":\"Marketing, komunikacja i wsparcie sprzeda\u017cy - Maxima SpA\",\"isPartOf\":{\"@id\":\"https:\/\/www.maxima-dia.com\/pl\/#website\"},\"datePublished\":\"2019-06-04T07:46:40+00:00\",\"dateModified\":\"2019-08-07T09:34:37+00:00\",\"breadcrumb\":{\"@id\":\"https:\/\/www.maxima-dia.com\/pl\/marketing-komunikacja-i-wsparcie-sprzedazy\/#breadcrumb\"},\"inLanguage\":\"pl-PL\",\"potentialAction\":[{\"@type\":\"ReadAction\",\"target\":[\"https:\/\/www.maxima-dia.com\/pl\/marketing-komunikacja-i-wsparcie-sprzedazy\/\"]}]},{\"@type\":\"BreadcrumbList\",\"@id\":\"https:\/\/www.maxima-dia.com\/pl\/marketing-komunikacja-i-wsparcie-sprzedazy\/#breadcrumb\",\"itemListElement\":[{\"@type\":\"ListItem\",\"position\":1,\"name\":\"Home\",\"item\":\"https:\/\/www.maxima-dia.com\/pl\/\"},{\"@type\":\"ListItem\",\"position\":2,\"name\":\"Marketing, komunikacja i wsparcie sprzeda\u017cy\"}]},{\"@type\":\"WebSite\",\"@id\":\"https:\/\/www.maxima-dia.com\/pl\/#website\",\"url\":\"https:\/\/www.maxima-dia.com\/pl\/\",\"name\":\"Maxima SpA\",\"description\":\"Only for the real professionals\",\"potentialAction\":[{\"@type\":\"SearchAction\",\"target\":{\"@type\":\"EntryPoint\",\"urlTemplate\":\"https:\/\/www.maxima-dia.com\/pl\/?s={search_term_string}\"},\"query-input\":{\"@type\":\"PropertyValueSpecification\",\"valueRequired\":true,\"valueName\":\"search_term_string\"}}],\"inLanguage\":\"pl-PL\"}]}<\/script>\n<!-- \/ Yoast SEO plugin. -->","yoast_head_json":{"title":"Marketing, komunikacja i wsparcie sprzeda\u017cy - Maxima SpA","robots":{"index":"index","follow":"follow","max-snippet":"max-snippet:-1","max-image-preview":"max-image-preview:large","max-video-preview":"max-video-preview:-1"},"canonical":"https:\/\/www.maxima-dia.com\/pl\/marketing-komunikacja-i-wsparcie-sprzedazy\/","og_locale":"pl_PL","og_type":"article","og_title":"Marketing, komunikacja i wsparcie sprzeda\u017cy - Maxima SpA","og_description":"Maxima wierzy w warto\u015b\u0107 marketingu i komunikacji. By\u0142a to pierwsza firma w tym sektorze, kt\u00f3ra dokona\u0142a du\u017cych inwestycji w tym kierunku dzi\u0119ki inicjatywom, na kt\u00f3re klienci byli entuzjastycznie nastawieni, uzyskuj\u0105c wzrost jako\u015bci, dzi\u0119ki czemu w ci\u0105gu zaledwie kilku lat Maxima sta\u0142a si\u0119 punktem odniesienia w tym sektorze. Maxima wspiera dystrybutor\u00f3w, oferuj\u0105c szerok\u0105 gam\u0119 instrument\u00f3w do prawid\u0142owego i skutecznego prezentowania produkt\u00f3w, informowania i szkolenia klienta, sprzedawc\u00f3w detalicznych lub u\u017cytkownik\u00f3w ko\u0144cowych. Opakowanie Ekspozytory sto\u0142owe Ekspozytory pod\u0142ogowe Corners Reklama Katalogi Gad\u017cety Merchandising Maxirent","og_url":"https:\/\/www.maxima-dia.com\/pl\/marketing-komunikacja-i-wsparcie-sprzedazy\/","og_site_name":"Maxima SpA","article_publisher":"https:\/\/www.facebook.com\/Maxima-spa-106098566139597","article_modified_time":"2019-08-07T09:34:37+00:00","og_image":[{"url":"https:\/\/www.maxima-dia.com\/wp-content\/uploads\/2013\/10\/mk2015-packaging-300x208.jpg","type":"","width":"","height":""}],"twitter_card":"summary_large_image","twitter_site":"@Maximadia","twitter_misc":{"Szacowany czas czytania":"1 minuta"},"schema":{"@context":"https:\/\/schema.org","@graph":[{"@type":"WebPage","@id":"https:\/\/www.maxima-dia.com\/pl\/marketing-komunikacja-i-wsparcie-sprzedazy\/","url":"https:\/\/www.maxima-dia.com\/pl\/marketing-komunikacja-i-wsparcie-sprzedazy\/","name":"Marketing, komunikacja i wsparcie sprzeda\u017cy - Maxima SpA","isPartOf":{"@id":"https:\/\/www.maxima-dia.com\/pl\/#website"},"datePublished":"2019-06-04T07:46:40+00:00","dateModified":"2019-08-07T09:34:37+00:00","breadcrumb":{"@id":"https:\/\/www.maxima-dia.com\/pl\/marketing-komunikacja-i-wsparcie-sprzedazy\/#breadcrumb"},"inLanguage":"pl-PL","potentialAction":[{"@type":"ReadAction","target":["https:\/\/www.maxima-dia.com\/pl\/marketing-komunikacja-i-wsparcie-sprzedazy\/"]}]},{"@type":"BreadcrumbList","@id":"https:\/\/www.maxima-dia.com\/pl\/marketing-komunikacja-i-wsparcie-sprzedazy\/#breadcrumb","itemListElement":[{"@type":"ListItem","position":1,"name":"Home","item":"https:\/\/www.maxima-dia.com\/pl\/"},{"@type":"ListItem","position":2,"name":"Marketing, komunikacja i wsparcie sprzeda\u017cy"}]},{"@type":"WebSite","@id":"https:\/\/www.maxima-dia.com\/pl\/#website","url":"https:\/\/www.maxima-dia.com\/pl\/","name":"Maxima SpA","description":"Only for the real professionals","potentialAction":[{"@type":"SearchAction","target":{"@type":"EntryPoint","urlTemplate":"https:\/\/www.maxima-dia.com\/pl\/?s={search_term_string}"},"query-input":{"@type":"PropertyValueSpecification","valueRequired":true,"valueName":"search_term_string"}}],"inLanguage":"pl-PL"}]}},"_links":{"self":[{"href":"https:\/\/www.maxima-dia.com\/pl\/wp-json\/wp\/v2\/pages\/20020"}],"collection":[{"href":"https:\/\/www.maxima-dia.com\/pl\/wp-json\/wp\/v2\/pages"}],"about":[{"href":"https:\/\/www.maxima-dia.com\/pl\/wp-json\/wp\/v2\/types\/page"}],"author":[{"embeddable":true,"href":"https:\/\/www.maxima-dia.com\/pl\/wp-json\/wp\/v2\/users\/29"}],"replies":[{"embeddable":true,"href":"https:\/\/www.maxima-dia.com\/pl\/wp-json\/wp\/v2\/comments?post=20020"}],"version-history":[{"count":0,"href":"https:\/\/www.maxima-dia.com\/pl\/wp-json\/wp\/v2\/pages\/20020\/revisions"}],"wp:attachment":[{"href":"https:\/\/www.maxima-dia.com\/pl\/wp-json\/wp\/v2\/media?parent=20020"}],"curies":[{"name":"wp","href":"https:\/\/api.w.org\/{rel}","templated":true}]}}