{"id":20041,"date":"2019-06-04T09:53:43","date_gmt":"2019-06-04T07:53:43","guid":{"rendered":"https:\/\/www.maxima-dia.com\/?page_id=20041"},"modified":"2019-09-11T18:01:43","modified_gmt":"2019-09-11T16:01:43","slug":"rozwoj","status":"publish","type":"page","link":"https:\/\/www.maxima-dia.com\/pl\/rozwoj\/","title":{"rendered":"Rozw\u00f3j"},"content":{"rendered":"<h3 align=\"justify\">Rozw\u00f3j<\/h3>\n<p style=\"text-align: justify;\" align=\"justify\"><img loading=\"lazy\" decoding=\"async\" title=\"grafico\" src=\"\/wp-content\/uploads\/2011\/09\/grafico.jpg\" alt=\"\" width=\"610\" height=\"400\"><\/p>\n<p>Od za\u0142o\u017cenia firmy w 2001 roku, Maxima notuje trend sta\u0142ego wzrostu, kt\u00f3ry pozwoli\u0142 jej zosta\u0107 jednym z lider\u00f3w sektora na rynku.<\/p>\n<p>Powody tego wzrostu znajduj\u0105 si\u0119 nie tylko w dok\u0142adnym wyborze produkt\u00f3w i dostawc\u00f3w, ale tak\u017ce w strategii marketingowej, kt\u00f3rej celem jest rozpoznawalno\u015b\u0107 marki i wyb\u00f3r pracownik\u00f3w, kt\u00f3rzy s\u0105 w stanie dzieli\u0107 si\u0119 duchem firmy i skutecznie promowa\u0107 nasz przekaz.<\/p>\n<p>Umiej\u0119tno\u015b\u0107 uproszczenia i wyja\u015bnienia zwykle skomplikowanego j\u0119zyka technicznego, pozwala nam na bardziej wydajn\u0105 komunikacj\u0119 z klientami i da\u0142a Maximie wiod\u0105c\u0105 pozycj\u0119 w tej bran\u017cy.<\/p>\n<p>Estetyka produkt\u00f3w Maxima zdecydowanie wyr\u00f3\u017cnia nas spo\u015br\u00f3d konkurencji.<\/p>\n","protected":false},"excerpt":{"rendered":"<p>Rozw\u00f3j Od za\u0142o\u017cenia firmy w 2001 roku, Maxima notuje trend sta\u0142ego wzrostu, kt\u00f3ry pozwoli\u0142 jej zosta\u0107 jednym z lider\u00f3w sektora na rynku. Powody tego wzrostu znajduj\u0105 si\u0119 nie tylko w dok\u0142adnym wyborze produkt\u00f3w i dostawc\u00f3w, ale tak\u017ce w strategii marketingowej, kt\u00f3rej celem jest rozpoznawalno\u015b\u0107 marki i wyb\u00f3r pracownik\u00f3w, kt\u00f3rzy s\u0105 w stanie dzieli\u0107 si\u0119 duchem firmy i skutecznie promowa\u0107 nasz przekaz. Umiej\u0119tno\u015b\u0107 uproszczenia i wyja\u015bnienia zwykle skomplikowanego j\u0119zyka technicznego, pozwala nam na bardziej wydajn\u0105 komunikacj\u0119 z klientami i da\u0142a Maximie wiod\u0105c\u0105 pozycj\u0119 w tej bran\u017cy. Estetyka produkt\u00f3w Maxima zdecydowanie wyr\u00f3\u017cnia nas spo\u015br\u00f3d konkurencji.<\/p>\n","protected":false},"author":29,"featured_media":0,"parent":0,"menu_order":255,"comment_status":"closed","ping_status":"closed","template":"","meta":{"ngg_post_thumbnail":0,"_joinchat":[],"footnotes":""},"class_list":["post-20041","page","type-page","status-publish","hentry"],"yoast_head":"<!-- This site is optimized with the Yoast SEO plugin v25.5 - https:\/\/yoast.com\/wordpress\/plugins\/seo\/ -->\n<title>Rozw\u00f3j - Maxima SpA<\/title>\n<meta name=\"robots\" content=\"index, follow, max-snippet:-1, max-image-preview:large, max-video-preview:-1\" \/>\n<link rel=\"canonical\" href=\"https:\/\/www.maxima-dia.com\/pl\/rozwoj\/\" \/>\n<meta property=\"og:locale\" content=\"pl_PL\" \/>\n<meta property=\"og:type\" content=\"article\" \/>\n<meta property=\"og:title\" content=\"Rozw\u00f3j - Maxima SpA\" \/>\n<meta property=\"og:description\" content=\"Rozw\u00f3j Od za\u0142o\u017cenia firmy w 2001 roku, Maxima notuje trend sta\u0142ego wzrostu, kt\u00f3ry pozwoli\u0142 jej zosta\u0107 jednym z lider\u00f3w sektora na rynku. Powody tego wzrostu znajduj\u0105 si\u0119 nie tylko w dok\u0142adnym wyborze produkt\u00f3w i dostawc\u00f3w, ale tak\u017ce w strategii marketingowej, kt\u00f3rej celem jest rozpoznawalno\u015b\u0107 marki i wyb\u00f3r pracownik\u00f3w, kt\u00f3rzy s\u0105 w stanie dzieli\u0107 si\u0119 duchem firmy i skutecznie promowa\u0107 nasz przekaz. Umiej\u0119tno\u015b\u0107 uproszczenia i wyja\u015bnienia zwykle skomplikowanego j\u0119zyka technicznego, pozwala nam na bardziej wydajn\u0105 komunikacj\u0119 z klientami i da\u0142a Maximie wiod\u0105c\u0105 pozycj\u0119 w tej bran\u017cy. Estetyka produkt\u00f3w Maxima zdecydowanie wyr\u00f3\u017cnia nas spo\u015br\u00f3d konkurencji.\" \/>\n<meta property=\"og:url\" content=\"https:\/\/www.maxima-dia.com\/pl\/rozwoj\/\" \/>\n<meta property=\"og:site_name\" content=\"Maxima SpA\" \/>\n<meta property=\"article:publisher\" content=\"https:\/\/www.facebook.com\/Maxima-spa-106098566139597\" \/>\n<meta property=\"article:modified_time\" content=\"2019-09-11T16:01:43+00:00\" \/>\n<meta property=\"og:image\" content=\"https:\/\/www.maxima-dia.com\/wp-content\/uploads\/2011\/09\/grafico.jpg\" \/>\n<meta name=\"twitter:card\" content=\"summary_large_image\" \/>\n<meta name=\"twitter:site\" content=\"@Maximadia\" \/>\n<meta name=\"twitter:label1\" content=\"Szacowany czas czytania\" \/>\n\t<meta name=\"twitter:data1\" content=\"1 minuta\" \/>\n<script type=\"application\/ld+json\" class=\"yoast-schema-graph\">{\"@context\":\"https:\/\/schema.org\",\"@graph\":[{\"@type\":\"WebPage\",\"@id\":\"https:\/\/www.maxima-dia.com\/pl\/rozwoj\/\",\"url\":\"https:\/\/www.maxima-dia.com\/pl\/rozwoj\/\",\"name\":\"Rozw\u00f3j - Maxima SpA\",\"isPartOf\":{\"@id\":\"https:\/\/www.maxima-dia.com\/pl\/#website\"},\"datePublished\":\"2019-06-04T07:53:43+00:00\",\"dateModified\":\"2019-09-11T16:01:43+00:00\",\"breadcrumb\":{\"@id\":\"https:\/\/www.maxima-dia.com\/pl\/rozwoj\/#breadcrumb\"},\"inLanguage\":\"pl-PL\",\"potentialAction\":[{\"@type\":\"ReadAction\",\"target\":[\"https:\/\/www.maxima-dia.com\/pl\/rozwoj\/\"]}]},{\"@type\":\"BreadcrumbList\",\"@id\":\"https:\/\/www.maxima-dia.com\/pl\/rozwoj\/#breadcrumb\",\"itemListElement\":[{\"@type\":\"ListItem\",\"position\":1,\"name\":\"Home\",\"item\":\"https:\/\/www.maxima-dia.com\/pl\/\"},{\"@type\":\"ListItem\",\"position\":2,\"name\":\"Rozw\u00f3j\"}]},{\"@type\":\"WebSite\",\"@id\":\"https:\/\/www.maxima-dia.com\/pl\/#website\",\"url\":\"https:\/\/www.maxima-dia.com\/pl\/\",\"name\":\"Maxima SpA\",\"description\":\"Only for the real professionals\",\"potentialAction\":[{\"@type\":\"SearchAction\",\"target\":{\"@type\":\"EntryPoint\",\"urlTemplate\":\"https:\/\/www.maxima-dia.com\/pl\/?s={search_term_string}\"},\"query-input\":{\"@type\":\"PropertyValueSpecification\",\"valueRequired\":true,\"valueName\":\"search_term_string\"}}],\"inLanguage\":\"pl-PL\"}]}<\/script>\n<!-- \/ Yoast SEO plugin. -->","yoast_head_json":{"title":"Rozw\u00f3j - Maxima SpA","robots":{"index":"index","follow":"follow","max-snippet":"max-snippet:-1","max-image-preview":"max-image-preview:large","max-video-preview":"max-video-preview:-1"},"canonical":"https:\/\/www.maxima-dia.com\/pl\/rozwoj\/","og_locale":"pl_PL","og_type":"article","og_title":"Rozw\u00f3j - Maxima SpA","og_description":"Rozw\u00f3j Od za\u0142o\u017cenia firmy w 2001 roku, Maxima notuje trend sta\u0142ego wzrostu, kt\u00f3ry pozwoli\u0142 jej zosta\u0107 jednym z lider\u00f3w sektora na rynku. Powody tego wzrostu znajduj\u0105 si\u0119 nie tylko w dok\u0142adnym wyborze produkt\u00f3w i dostawc\u00f3w, ale tak\u017ce w strategii marketingowej, kt\u00f3rej celem jest rozpoznawalno\u015b\u0107 marki i wyb\u00f3r pracownik\u00f3w, kt\u00f3rzy s\u0105 w stanie dzieli\u0107 si\u0119 duchem firmy i skutecznie promowa\u0107 nasz przekaz. Umiej\u0119tno\u015b\u0107 uproszczenia i wyja\u015bnienia zwykle skomplikowanego j\u0119zyka technicznego, pozwala nam na bardziej wydajn\u0105 komunikacj\u0119 z klientami i da\u0142a Maximie wiod\u0105c\u0105 pozycj\u0119 w tej bran\u017cy. Estetyka produkt\u00f3w Maxima zdecydowanie wyr\u00f3\u017cnia nas spo\u015br\u00f3d konkurencji.","og_url":"https:\/\/www.maxima-dia.com\/pl\/rozwoj\/","og_site_name":"Maxima SpA","article_publisher":"https:\/\/www.facebook.com\/Maxima-spa-106098566139597","article_modified_time":"2019-09-11T16:01:43+00:00","og_image":[{"url":"https:\/\/www.maxima-dia.com\/wp-content\/uploads\/2011\/09\/grafico.jpg","type":"","width":"","height":""}],"twitter_card":"summary_large_image","twitter_site":"@Maximadia","twitter_misc":{"Szacowany czas czytania":"1 minuta"},"schema":{"@context":"https:\/\/schema.org","@graph":[{"@type":"WebPage","@id":"https:\/\/www.maxima-dia.com\/pl\/rozwoj\/","url":"https:\/\/www.maxima-dia.com\/pl\/rozwoj\/","name":"Rozw\u00f3j - Maxima SpA","isPartOf":{"@id":"https:\/\/www.maxima-dia.com\/pl\/#website"},"datePublished":"2019-06-04T07:53:43+00:00","dateModified":"2019-09-11T16:01:43+00:00","breadcrumb":{"@id":"https:\/\/www.maxima-dia.com\/pl\/rozwoj\/#breadcrumb"},"inLanguage":"pl-PL","potentialAction":[{"@type":"ReadAction","target":["https:\/\/www.maxima-dia.com\/pl\/rozwoj\/"]}]},{"@type":"BreadcrumbList","@id":"https:\/\/www.maxima-dia.com\/pl\/rozwoj\/#breadcrumb","itemListElement":[{"@type":"ListItem","position":1,"name":"Home","item":"https:\/\/www.maxima-dia.com\/pl\/"},{"@type":"ListItem","position":2,"name":"Rozw\u00f3j"}]},{"@type":"WebSite","@id":"https:\/\/www.maxima-dia.com\/pl\/#website","url":"https:\/\/www.maxima-dia.com\/pl\/","name":"Maxima SpA","description":"Only for the real professionals","potentialAction":[{"@type":"SearchAction","target":{"@type":"EntryPoint","urlTemplate":"https:\/\/www.maxima-dia.com\/pl\/?s={search_term_string}"},"query-input":{"@type":"PropertyValueSpecification","valueRequired":true,"valueName":"search_term_string"}}],"inLanguage":"pl-PL"}]}},"_links":{"self":[{"href":"https:\/\/www.maxima-dia.com\/pl\/wp-json\/wp\/v2\/pages\/20041"}],"collection":[{"href":"https:\/\/www.maxima-dia.com\/pl\/wp-json\/wp\/v2\/pages"}],"about":[{"href":"https:\/\/www.maxima-dia.com\/pl\/wp-json\/wp\/v2\/types\/page"}],"author":[{"embeddable":true,"href":"https:\/\/www.maxima-dia.com\/pl\/wp-json\/wp\/v2\/users\/29"}],"replies":[{"embeddable":true,"href":"https:\/\/www.maxima-dia.com\/pl\/wp-json\/wp\/v2\/comments?post=20041"}],"version-history":[{"count":0,"href":"https:\/\/www.maxima-dia.com\/pl\/wp-json\/wp\/v2\/pages\/20041\/revisions"}],"wp:attachment":[{"href":"https:\/\/www.maxima-dia.com\/pl\/wp-json\/wp\/v2\/media?parent=20041"}],"curies":[{"name":"wp","href":"https:\/\/api.w.org\/{rel}","templated":true}]}}