{"id":20045,"date":"2019-06-04T10:17:04","date_gmt":"2019-06-04T08:17:04","guid":{"rendered":"https:\/\/www.maxima-dia.com\/?page_id=20045"},"modified":"2019-09-11T18:03:29","modified_gmt":"2019-09-11T16:03:29","slug":"przyszlosc","status":"publish","type":"page","link":"https:\/\/www.maxima-dia.com\/pl\/przyszlosc\/","title":{"rendered":"Przysz\u0142o\u015b\u0107"},"content":{"rendered":"<h3 align=\"justify\">Przysz\u0142o\u015b\u0107<\/h3>\n<p align=\"justify\"><a href=\"\/wp-content\/uploads\/2011\/09\/maxima_green.jpg\"><img loading=\"lazy\" decoding=\"async\" class=\"alignnone wp-image-8276\" src=\"\/wp-content\/uploads\/2011\/09\/maxima_green.jpg\" alt=\"maxima_green\" width=\"631\" height=\"317\" srcset=\"https:\/\/www.maxima-dia.com\/wp-content\/uploads\/2011\/09\/maxima_green.jpg 854w, https:\/\/www.maxima-dia.com\/wp-content\/uploads\/2011\/09\/maxima_green-300x150.jpg 300w\" sizes=\"(max-width: 631px) 100vw, 631px\" \/><\/a><\/p>\n<p>Zaanga\u017cowanie i podtrzymanie idea\u0142\u00f3w, wok\u00f3\u0142 kt\u00f3rych zosta\u0142a za\u0142o\u017cona i rozwija\u0142a si\u0119 przez ostatnie 10 lat nasza firma.<\/p>\n<p>Projekt Maxima przewiduje dalsz\u0105 konsolidacj\u0119 na rynku w\u0142oskim i ekspansj\u0119 na rynki zagraniczne, za spraw\u0105 stale rosn\u0105cego specjalistycznego asortymentu.<\/p>\n<p>Przenoszenie w\u0142oskiej doskona\u0142o\u015bci na rynki zagraniczne ma na celu nadanie presti\u017cu i promowanie naszej kreatywno\u015bci, i jest bez w\u0105tpienia naszym atutem w czasach globalizacji rynk\u00f3w.<\/p>\n","protected":false},"excerpt":{"rendered":"<p>Przysz\u0142o\u015b\u0107 Zaanga\u017cowanie i podtrzymanie idea\u0142\u00f3w, wok\u00f3\u0142 kt\u00f3rych zosta\u0142a za\u0142o\u017cona i rozwija\u0142a si\u0119 przez ostatnie 10 lat nasza firma. Projekt Maxima przewiduje dalsz\u0105 konsolidacj\u0119 na rynku w\u0142oskim i ekspansj\u0119 na rynki zagraniczne, za spraw\u0105 stale rosn\u0105cego specjalistycznego asortymentu. Przenoszenie w\u0142oskiej doskona\u0142o\u015bci na rynki zagraniczne ma na celu nadanie presti\u017cu i promowanie naszej kreatywno\u015bci, i jest bez w\u0105tpienia naszym atutem w czasach globalizacji rynk\u00f3w.<\/p>\n","protected":false},"author":29,"featured_media":0,"parent":0,"menu_order":223,"comment_status":"closed","ping_status":"closed","template":"","meta":{"ngg_post_thumbnail":0,"_joinchat":[],"footnotes":""},"class_list":["post-20045","page","type-page","status-publish","hentry"],"yoast_head":"<!-- This site is optimized with the Yoast SEO plugin v25.5 - https:\/\/yoast.com\/wordpress\/plugins\/seo\/ -->\n<title>Przysz\u0142o\u015b\u0107 - Maxima SpA<\/title>\n<meta name=\"robots\" content=\"index, follow, max-snippet:-1, max-image-preview:large, max-video-preview:-1\" \/>\n<link rel=\"canonical\" href=\"https:\/\/www.maxima-dia.com\/pl\/przyszlosc\/\" \/>\n<meta property=\"og:locale\" content=\"pl_PL\" \/>\n<meta property=\"og:type\" content=\"article\" \/>\n<meta property=\"og:title\" content=\"Przysz\u0142o\u015b\u0107 - Maxima SpA\" \/>\n<meta property=\"og:description\" content=\"Przysz\u0142o\u015b\u0107 Zaanga\u017cowanie i podtrzymanie idea\u0142\u00f3w, wok\u00f3\u0142 kt\u00f3rych zosta\u0142a za\u0142o\u017cona i rozwija\u0142a si\u0119 przez ostatnie 10 lat nasza firma. Projekt Maxima przewiduje dalsz\u0105 konsolidacj\u0119 na rynku w\u0142oskim i ekspansj\u0119 na rynki zagraniczne, za spraw\u0105 stale rosn\u0105cego specjalistycznego asortymentu. Przenoszenie w\u0142oskiej doskona\u0142o\u015bci na rynki zagraniczne ma na celu nadanie presti\u017cu i promowanie naszej kreatywno\u015bci, i jest bez w\u0105tpienia naszym atutem w czasach globalizacji rynk\u00f3w.\" \/>\n<meta property=\"og:url\" content=\"https:\/\/www.maxima-dia.com\/pl\/przyszlosc\/\" \/>\n<meta property=\"og:site_name\" content=\"Maxima SpA\" \/>\n<meta property=\"article:publisher\" content=\"https:\/\/www.facebook.com\/Maxima-spa-106098566139597\" \/>\n<meta property=\"article:modified_time\" content=\"2019-09-11T16:03:29+00:00\" \/>\n<meta property=\"og:image\" content=\"https:\/\/www.maxima-dia.com\/wp-content\/uploads\/2011\/09\/maxima_green.jpg\" \/>\n<meta name=\"twitter:card\" content=\"summary_large_image\" \/>\n<meta name=\"twitter:site\" content=\"@Maximadia\" \/>\n<script type=\"application\/ld+json\" class=\"yoast-schema-graph\">{\"@context\":\"https:\/\/schema.org\",\"@graph\":[{\"@type\":\"WebPage\",\"@id\":\"https:\/\/www.maxima-dia.com\/pl\/przyszlosc\/\",\"url\":\"https:\/\/www.maxima-dia.com\/pl\/przyszlosc\/\",\"name\":\"Przysz\u0142o\u015b\u0107 - Maxima SpA\",\"isPartOf\":{\"@id\":\"https:\/\/www.maxima-dia.com\/pl\/#website\"},\"datePublished\":\"2019-06-04T08:17:04+00:00\",\"dateModified\":\"2019-09-11T16:03:29+00:00\",\"breadcrumb\":{\"@id\":\"https:\/\/www.maxima-dia.com\/pl\/przyszlosc\/#breadcrumb\"},\"inLanguage\":\"pl-PL\",\"potentialAction\":[{\"@type\":\"ReadAction\",\"target\":[\"https:\/\/www.maxima-dia.com\/pl\/przyszlosc\/\"]}]},{\"@type\":\"BreadcrumbList\",\"@id\":\"https:\/\/www.maxima-dia.com\/pl\/przyszlosc\/#breadcrumb\",\"itemListElement\":[{\"@type\":\"ListItem\",\"position\":1,\"name\":\"Home\",\"item\":\"https:\/\/www.maxima-dia.com\/pl\/\"},{\"@type\":\"ListItem\",\"position\":2,\"name\":\"Przysz\u0142o\u015b\u0107\"}]},{\"@type\":\"WebSite\",\"@id\":\"https:\/\/www.maxima-dia.com\/pl\/#website\",\"url\":\"https:\/\/www.maxima-dia.com\/pl\/\",\"name\":\"Maxima SpA\",\"description\":\"Only for the real professionals\",\"potentialAction\":[{\"@type\":\"SearchAction\",\"target\":{\"@type\":\"EntryPoint\",\"urlTemplate\":\"https:\/\/www.maxima-dia.com\/pl\/?s={search_term_string}\"},\"query-input\":{\"@type\":\"PropertyValueSpecification\",\"valueRequired\":true,\"valueName\":\"search_term_string\"}}],\"inLanguage\":\"pl-PL\"}]}<\/script>\n<!-- \/ Yoast SEO plugin. -->","yoast_head_json":{"title":"Przysz\u0142o\u015b\u0107 - Maxima SpA","robots":{"index":"index","follow":"follow","max-snippet":"max-snippet:-1","max-image-preview":"max-image-preview:large","max-video-preview":"max-video-preview:-1"},"canonical":"https:\/\/www.maxima-dia.com\/pl\/przyszlosc\/","og_locale":"pl_PL","og_type":"article","og_title":"Przysz\u0142o\u015b\u0107 - Maxima SpA","og_description":"Przysz\u0142o\u015b\u0107 Zaanga\u017cowanie i podtrzymanie idea\u0142\u00f3w, wok\u00f3\u0142 kt\u00f3rych zosta\u0142a za\u0142o\u017cona i rozwija\u0142a si\u0119 przez ostatnie 10 lat nasza firma. Projekt Maxima przewiduje dalsz\u0105 konsolidacj\u0119 na rynku w\u0142oskim i ekspansj\u0119 na rynki zagraniczne, za spraw\u0105 stale rosn\u0105cego specjalistycznego asortymentu. Przenoszenie w\u0142oskiej doskona\u0142o\u015bci na rynki zagraniczne ma na celu nadanie presti\u017cu i promowanie naszej kreatywno\u015bci, i jest bez w\u0105tpienia naszym atutem w czasach globalizacji rynk\u00f3w.","og_url":"https:\/\/www.maxima-dia.com\/pl\/przyszlosc\/","og_site_name":"Maxima SpA","article_publisher":"https:\/\/www.facebook.com\/Maxima-spa-106098566139597","article_modified_time":"2019-09-11T16:03:29+00:00","og_image":[{"url":"https:\/\/www.maxima-dia.com\/wp-content\/uploads\/2011\/09\/maxima_green.jpg","type":"","width":"","height":""}],"twitter_card":"summary_large_image","twitter_site":"@Maximadia","schema":{"@context":"https:\/\/schema.org","@graph":[{"@type":"WebPage","@id":"https:\/\/www.maxima-dia.com\/pl\/przyszlosc\/","url":"https:\/\/www.maxima-dia.com\/pl\/przyszlosc\/","name":"Przysz\u0142o\u015b\u0107 - Maxima SpA","isPartOf":{"@id":"https:\/\/www.maxima-dia.com\/pl\/#website"},"datePublished":"2019-06-04T08:17:04+00:00","dateModified":"2019-09-11T16:03:29+00:00","breadcrumb":{"@id":"https:\/\/www.maxima-dia.com\/pl\/przyszlosc\/#breadcrumb"},"inLanguage":"pl-PL","potentialAction":[{"@type":"ReadAction","target":["https:\/\/www.maxima-dia.com\/pl\/przyszlosc\/"]}]},{"@type":"BreadcrumbList","@id":"https:\/\/www.maxima-dia.com\/pl\/przyszlosc\/#breadcrumb","itemListElement":[{"@type":"ListItem","position":1,"name":"Home","item":"https:\/\/www.maxima-dia.com\/pl\/"},{"@type":"ListItem","position":2,"name":"Przysz\u0142o\u015b\u0107"}]},{"@type":"WebSite","@id":"https:\/\/www.maxima-dia.com\/pl\/#website","url":"https:\/\/www.maxima-dia.com\/pl\/","name":"Maxima SpA","description":"Only for the real professionals","potentialAction":[{"@type":"SearchAction","target":{"@type":"EntryPoint","urlTemplate":"https:\/\/www.maxima-dia.com\/pl\/?s={search_term_string}"},"query-input":{"@type":"PropertyValueSpecification","valueRequired":true,"valueName":"search_term_string"}}],"inLanguage":"pl-PL"}]}},"_links":{"self":[{"href":"https:\/\/www.maxima-dia.com\/pl\/wp-json\/wp\/v2\/pages\/20045"}],"collection":[{"href":"https:\/\/www.maxima-dia.com\/pl\/wp-json\/wp\/v2\/pages"}],"about":[{"href":"https:\/\/www.maxima-dia.com\/pl\/wp-json\/wp\/v2\/types\/page"}],"author":[{"embeddable":true,"href":"https:\/\/www.maxima-dia.com\/pl\/wp-json\/wp\/v2\/users\/29"}],"replies":[{"embeddable":true,"href":"https:\/\/www.maxima-dia.com\/pl\/wp-json\/wp\/v2\/comments?post=20045"}],"version-history":[{"count":0,"href":"https:\/\/www.maxima-dia.com\/pl\/wp-json\/wp\/v2\/pages\/20045\/revisions"}],"wp:attachment":[{"href":"https:\/\/www.maxima-dia.com\/pl\/wp-json\/wp\/v2\/media?parent=20045"}],"curies":[{"name":"wp","href":"https:\/\/api.w.org\/{rel}","templated":true}]}}