{"id":20050,"date":"2019-06-04T10:22:17","date_gmt":"2019-06-04T08:22:17","guid":{"rendered":"https:\/\/www.maxima-dia.com\/?page_id=20050"},"modified":"2019-09-11T18:04:56","modified_gmt":"2019-09-11T16:04:56","slug":"referencje-maxima-2013","status":"publish","type":"page","link":"https:\/\/www.maxima-dia.com\/pl\/referencje-maxima-2013\/","title":{"rendered":"Referencje Maxima 2013"},"content":{"rendered":"<h3>Fabio Cannavaro, s\u0142ynny kapitan zwyci\u0119skiej w\u0142oskiej dru\u017cyny z mistrzostw \u015bwiata w 2006 roku, jest \u015bwiadectwem Maxima 2013<\/h3>\n<div id=\"attachment_5069\" style=\"width: 310px\" class=\"wp-caption alignright\"><a title=\"Fabio Cannavaro, \u00e8 il nuovo testimonial 2013 di Maxima\" href=\"\/wp-content\/uploads\/2013\/04\/fabio-cannavaro-1.jpg\"><img loading=\"lazy\" decoding=\"async\" aria-describedby=\"caption-attachment-5069\" class=\"wp-image-5069 size-medium\" title=\"Mirco Dall\u2019Olio owner of Maxima S.p.A. together with Fabio Cannavaro\" src=\"https:\/\/www.maxima-dia.com\/wp-content\/uploads\/2013\/04\/fabio-cannavaro-1-300x232.jpg\" alt=\"Mirco Dall\u2019Olio owner of Maxima S.p.A. together with Fabio Cannavaro\" width=\"300\" height=\"232\" srcset=\"https:\/\/www.maxima-dia.com\/wp-content\/uploads\/2013\/04\/fabio-cannavaro-1-300x232.jpg 300w, https:\/\/www.maxima-dia.com\/wp-content\/uploads\/2013\/04\/fabio-cannavaro-1.jpg 481w\" sizes=\"(max-width: 300px) 100vw, 300px\" \/><\/a><p id=\"caption-attachment-5069\" class=\"wp-caption-text\">Mirco Dall\u2019Olio, w\u0142a\u015bciciel Maxima S.p.A. razem z Fabio Cannavaro<\/p><\/div>\n<p>Maxima to m\u0142oda i przedsi\u0119biorcza w\u0142oska firma, kt\u00f3ra dystrybuuje na ca\u0142ym \u015bwiecie narz\u0119dzia i sprz\u0119t diamentowy dla rynku budowlanego i hydraulicznego. Wyb\u00f3r Fabio Cannavaro jest zgodny z wyborem dokonanym w 2012 r., Kiedy \u015bwiadectwem by\u0142 Martin Castrogiovanni, popularny w\u0142osko-argenty\u0144ski zawodnik rugby, pod\u0105\u017caj\u0105cy za trendem reprezentowanym przez wybitne postacie sportowe.<\/p>\n<p>Mirco Dall\u2019Olio, prezes Maxima, wyja\u015bnia powody takiego wyboru: \u201eFabio Cannavaro doskonale reprezentuje nasz\u0105 firm\u0119, a nasze motto &#8211; tylko dla prawdziwych profesjonalist\u00f3w dok\u0142adnie opisuje to, co robimy i jak to robimy. Naszym celem jest powi\u0119kszanie naszego rynku, szczeg\u00f3lnie za granic\u0105, ale tak\u017ce w po\u0142udniowych W\u0142oszech. Uznali\u015bmy zatem, \u017ce Fabio Cannavaro b\u0119dzie jedn\u0105 z najlepszych mo\u017cliwych opcji. Pomimo trudnej sytuacji na rynku w\u0142oskim postanowili\u015bmy mocno zainwestowa\u0107 w nasz\u0105 mark\u0119, maj\u0105c nadziej\u0119, \u017ce wkr\u00f3tce osi\u0105gn\u0105 dobre wyniki. Co wi\u0119cej, Fabio to zwyci\u0119ska i znana na ca\u0142ym \u015bwiecie posta\u0107, powinna by\u0107 bardzo pomocna dla naszej widoczno\u015bci.\u201d<\/p>\nngg_shortcode_0_placeholder\n","protected":false},"excerpt":{"rendered":"<p>Fabio Cannavaro, s\u0142ynny kapitan zwyci\u0119skiej w\u0142oskiej dru\u017cyny z mistrzostw \u015bwiata w 2006 roku, jest \u015bwiadectwem Maxima 2013 Maxima to m\u0142oda i przedsi\u0119biorcza w\u0142oska firma, kt\u00f3ra dystrybuuje na ca\u0142ym \u015bwiecie narz\u0119dzia i sprz\u0119t diamentowy dla rynku budowlanego i hydraulicznego. Wyb\u00f3r Fabio Cannavaro jest zgodny z wyborem dokonanym w 2012 r., Kiedy \u015bwiadectwem by\u0142 Martin Castrogiovanni, popularny w\u0142osko-argenty\u0144ski zawodnik rugby, pod\u0105\u017caj\u0105cy za trendem reprezentowanym przez wybitne postacie sportowe. Mirco Dall\u2019Olio, prezes Maxima, wyja\u015bnia powody takiego wyboru: \u201eFabio Cannavaro doskonale reprezentuje nasz\u0105 firm\u0119, a nasze motto &#8211; tylko dla prawdziwych profesjonalist\u00f3w dok\u0142adnie opisuje to, co robimy i jak to robimy. Naszym celem jest powi\u0119kszanie naszego rynku, szczeg\u00f3lnie za granic\u0105, ale tak\u017ce w po\u0142udniowych W\u0142oszech. Uznali\u015bmy zatem, \u017ce Fabio Cannavaro b\u0119dzie jedn\u0105 z najlepszych mo\u017cliwych opcji. Pomimo trudnej sytuacji na rynku w\u0142oskim postanowili\u015bmy mocno zainwestowa\u0107 w nasz\u0105 mark\u0119, maj\u0105c nadziej\u0119, \u017ce wkr\u00f3tce osi\u0105gn\u0105 dobre wyniki. Co wi\u0119cej, Fabio to zwyci\u0119ska i znana na ca\u0142ym \u015bwiecie posta\u0107, powinna by\u0107 bardzo pomocna dla naszej widoczno\u015bci.\u201d<\/p>\n","protected":false},"author":29,"featured_media":0,"parent":0,"menu_order":396,"comment_status":"closed","ping_status":"closed","template":"","meta":{"ngg_post_thumbnail":0,"_joinchat":[],"footnotes":""},"class_list":["post-20050","page","type-page","status-publish","hentry"],"yoast_head":"<!-- This site is optimized with the Yoast SEO plugin v25.5 - https:\/\/yoast.com\/wordpress\/plugins\/seo\/ -->\n<title>Referencje Maxima 2013 - Maxima SpA<\/title>\n<meta name=\"robots\" content=\"index, follow, max-snippet:-1, max-image-preview:large, max-video-preview:-1\" \/>\n<link rel=\"canonical\" href=\"https:\/\/www.maxima-dia.com\/pl\/referencje-maxima-2013\/\" \/>\n<meta property=\"og:locale\" content=\"pl_PL\" \/>\n<meta property=\"og:type\" content=\"article\" \/>\n<meta property=\"og:title\" content=\"Referencje Maxima 2013 - Maxima SpA\" \/>\n<meta property=\"og:description\" content=\"Fabio Cannavaro, s\u0142ynny kapitan zwyci\u0119skiej w\u0142oskiej dru\u017cyny z mistrzostw \u015bwiata w 2006 roku, jest \u015bwiadectwem Maxima 2013 Maxima to m\u0142oda i przedsi\u0119biorcza w\u0142oska firma, kt\u00f3ra dystrybuuje na ca\u0142ym \u015bwiecie narz\u0119dzia i sprz\u0119t diamentowy dla rynku budowlanego i hydraulicznego. Wyb\u00f3r Fabio Cannavaro jest zgodny z wyborem dokonanym w 2012 r., Kiedy \u015bwiadectwem by\u0142 Martin Castrogiovanni, popularny w\u0142osko-argenty\u0144ski zawodnik rugby, pod\u0105\u017caj\u0105cy za trendem reprezentowanym przez wybitne postacie sportowe. Mirco Dall\u2019Olio, prezes Maxima, wyja\u015bnia powody takiego wyboru: \u201eFabio Cannavaro doskonale reprezentuje nasz\u0105 firm\u0119, a nasze motto &#8211; tylko dla prawdziwych profesjonalist\u00f3w dok\u0142adnie opisuje to, co robimy i jak to robimy. Naszym celem jest powi\u0119kszanie naszego rynku, szczeg\u00f3lnie za granic\u0105, ale tak\u017ce w po\u0142udniowych W\u0142oszech. Uznali\u015bmy zatem, \u017ce Fabio Cannavaro b\u0119dzie jedn\u0105 z najlepszych mo\u017cliwych opcji. Pomimo trudnej sytuacji na rynku w\u0142oskim postanowili\u015bmy mocno zainwestowa\u0107 w nasz\u0105 mark\u0119, maj\u0105c nadziej\u0119, \u017ce wkr\u00f3tce osi\u0105gn\u0105 dobre wyniki. Co wi\u0119cej, Fabio to zwyci\u0119ska i znana na ca\u0142ym \u015bwiecie posta\u0107, powinna by\u0107 bardzo pomocna dla naszej widoczno\u015bci.\u201d\" \/>\n<meta property=\"og:url\" content=\"https:\/\/www.maxima-dia.com\/pl\/referencje-maxima-2013\/\" \/>\n<meta property=\"og:site_name\" content=\"Maxima SpA\" \/>\n<meta property=\"article:publisher\" content=\"https:\/\/www.facebook.com\/Maxima-spa-106098566139597\" \/>\n<meta property=\"article:modified_time\" content=\"2019-09-11T16:04:56+00:00\" \/>\n<meta property=\"og:image\" content=\"https:\/\/www.maxima-dia.com\/wp-content\/uploads\/2013\/04\/fabio-cannavaro-1-300x232.jpg\" \/>\n<meta name=\"twitter:card\" content=\"summary_large_image\" \/>\n<meta name=\"twitter:site\" content=\"@Maximadia\" \/>\n<meta name=\"twitter:label1\" content=\"Szacowany czas czytania\" \/>\n\t<meta name=\"twitter:data1\" content=\"1 minuta\" \/>\n<script type=\"application\/ld+json\" class=\"yoast-schema-graph\">{\"@context\":\"https:\/\/schema.org\",\"@graph\":[{\"@type\":\"WebPage\",\"@id\":\"https:\/\/www.maxima-dia.com\/pl\/referencje-maxima-2013\/\",\"url\":\"https:\/\/www.maxima-dia.com\/pl\/referencje-maxima-2013\/\",\"name\":\"Referencje Maxima 2013 - Maxima SpA\",\"isPartOf\":{\"@id\":\"https:\/\/www.maxima-dia.com\/pl\/#website\"},\"primaryImageOfPage\":{\"@id\":\"https:\/\/www.maxima-dia.com\/pl\/referencje-maxima-2013\/#primaryimage\"},\"image\":{\"@id\":\"https:\/\/www.maxima-dia.com\/pl\/referencje-maxima-2013\/#primaryimage\"},\"thumbnailUrl\":\"https:\/\/www.maxima-dia.com\/wp-content\/uploads\/2013\/04\/fabio-cannavaro-1-300x232.jpg\",\"datePublished\":\"2019-06-04T08:22:17+00:00\",\"dateModified\":\"2019-09-11T16:04:56+00:00\",\"breadcrumb\":{\"@id\":\"https:\/\/www.maxima-dia.com\/pl\/referencje-maxima-2013\/#breadcrumb\"},\"inLanguage\":\"pl-PL\",\"potentialAction\":[{\"@type\":\"ReadAction\",\"target\":[\"https:\/\/www.maxima-dia.com\/pl\/referencje-maxima-2013\/\"]}]},{\"@type\":\"ImageObject\",\"inLanguage\":\"pl-PL\",\"@id\":\"https:\/\/www.maxima-dia.com\/pl\/referencje-maxima-2013\/#primaryimage\",\"url\":\"https:\/\/www.maxima-dia.com\/wp-content\/uploads\/2013\/04\/fabio-cannavaro-1-300x232.jpg\",\"contentUrl\":\"https:\/\/www.maxima-dia.com\/wp-content\/uploads\/2013\/04\/fabio-cannavaro-1-300x232.jpg\"},{\"@type\":\"BreadcrumbList\",\"@id\":\"https:\/\/www.maxima-dia.com\/pl\/referencje-maxima-2013\/#breadcrumb\",\"itemListElement\":[{\"@type\":\"ListItem\",\"position\":1,\"name\":\"Home\",\"item\":\"https:\/\/www.maxima-dia.com\/pl\/\"},{\"@type\":\"ListItem\",\"position\":2,\"name\":\"Referencje Maxima 2013\"}]},{\"@type\":\"WebSite\",\"@id\":\"https:\/\/www.maxima-dia.com\/pl\/#website\",\"url\":\"https:\/\/www.maxima-dia.com\/pl\/\",\"name\":\"Maxima SpA\",\"description\":\"Only for the real professionals\",\"potentialAction\":[{\"@type\":\"SearchAction\",\"target\":{\"@type\":\"EntryPoint\",\"urlTemplate\":\"https:\/\/www.maxima-dia.com\/pl\/?s={search_term_string}\"},\"query-input\":{\"@type\":\"PropertyValueSpecification\",\"valueRequired\":true,\"valueName\":\"search_term_string\"}}],\"inLanguage\":\"pl-PL\"}]}<\/script>\n<!-- \/ Yoast SEO plugin. -->","yoast_head_json":{"title":"Referencje Maxima 2013 - Maxima SpA","robots":{"index":"index","follow":"follow","max-snippet":"max-snippet:-1","max-image-preview":"max-image-preview:large","max-video-preview":"max-video-preview:-1"},"canonical":"https:\/\/www.maxima-dia.com\/pl\/referencje-maxima-2013\/","og_locale":"pl_PL","og_type":"article","og_title":"Referencje Maxima 2013 - Maxima SpA","og_description":"Fabio Cannavaro, s\u0142ynny kapitan zwyci\u0119skiej w\u0142oskiej dru\u017cyny z mistrzostw \u015bwiata w 2006 roku, jest \u015bwiadectwem Maxima 2013 Maxima to m\u0142oda i przedsi\u0119biorcza w\u0142oska firma, kt\u00f3ra dystrybuuje na ca\u0142ym \u015bwiecie narz\u0119dzia i sprz\u0119t diamentowy dla rynku budowlanego i hydraulicznego. Wyb\u00f3r Fabio Cannavaro jest zgodny z wyborem dokonanym w 2012 r., Kiedy \u015bwiadectwem by\u0142 Martin Castrogiovanni, popularny w\u0142osko-argenty\u0144ski zawodnik rugby, pod\u0105\u017caj\u0105cy za trendem reprezentowanym przez wybitne postacie sportowe. Mirco Dall\u2019Olio, prezes Maxima, wyja\u015bnia powody takiego wyboru: \u201eFabio Cannavaro doskonale reprezentuje nasz\u0105 firm\u0119, a nasze motto &#8211; tylko dla prawdziwych profesjonalist\u00f3w dok\u0142adnie opisuje to, co robimy i jak to robimy. Naszym celem jest powi\u0119kszanie naszego rynku, szczeg\u00f3lnie za granic\u0105, ale tak\u017ce w po\u0142udniowych W\u0142oszech. Uznali\u015bmy zatem, \u017ce Fabio Cannavaro b\u0119dzie jedn\u0105 z najlepszych mo\u017cliwych opcji. Pomimo trudnej sytuacji na rynku w\u0142oskim postanowili\u015bmy mocno zainwestowa\u0107 w nasz\u0105 mark\u0119, maj\u0105c nadziej\u0119, \u017ce wkr\u00f3tce osi\u0105gn\u0105 dobre wyniki. Co wi\u0119cej, Fabio to zwyci\u0119ska i znana na ca\u0142ym \u015bwiecie posta\u0107, powinna by\u0107 bardzo pomocna dla naszej widoczno\u015bci.\u201d","og_url":"https:\/\/www.maxima-dia.com\/pl\/referencje-maxima-2013\/","og_site_name":"Maxima SpA","article_publisher":"https:\/\/www.facebook.com\/Maxima-spa-106098566139597","article_modified_time":"2019-09-11T16:04:56+00:00","og_image":[{"url":"https:\/\/www.maxima-dia.com\/wp-content\/uploads\/2013\/04\/fabio-cannavaro-1-300x232.jpg","type":"","width":"","height":""}],"twitter_card":"summary_large_image","twitter_site":"@Maximadia","twitter_misc":{"Szacowany czas czytania":"1 minuta"},"schema":{"@context":"https:\/\/schema.org","@graph":[{"@type":"WebPage","@id":"https:\/\/www.maxima-dia.com\/pl\/referencje-maxima-2013\/","url":"https:\/\/www.maxima-dia.com\/pl\/referencje-maxima-2013\/","name":"Referencje Maxima 2013 - Maxima SpA","isPartOf":{"@id":"https:\/\/www.maxima-dia.com\/pl\/#website"},"primaryImageOfPage":{"@id":"https:\/\/www.maxima-dia.com\/pl\/referencje-maxima-2013\/#primaryimage"},"image":{"@id":"https:\/\/www.maxima-dia.com\/pl\/referencje-maxima-2013\/#primaryimage"},"thumbnailUrl":"https:\/\/www.maxima-dia.com\/wp-content\/uploads\/2013\/04\/fabio-cannavaro-1-300x232.jpg","datePublished":"2019-06-04T08:22:17+00:00","dateModified":"2019-09-11T16:04:56+00:00","breadcrumb":{"@id":"https:\/\/www.maxima-dia.com\/pl\/referencje-maxima-2013\/#breadcrumb"},"inLanguage":"pl-PL","potentialAction":[{"@type":"ReadAction","target":["https:\/\/www.maxima-dia.com\/pl\/referencje-maxima-2013\/"]}]},{"@type":"ImageObject","inLanguage":"pl-PL","@id":"https:\/\/www.maxima-dia.com\/pl\/referencje-maxima-2013\/#primaryimage","url":"https:\/\/www.maxima-dia.com\/wp-content\/uploads\/2013\/04\/fabio-cannavaro-1-300x232.jpg","contentUrl":"https:\/\/www.maxima-dia.com\/wp-content\/uploads\/2013\/04\/fabio-cannavaro-1-300x232.jpg"},{"@type":"BreadcrumbList","@id":"https:\/\/www.maxima-dia.com\/pl\/referencje-maxima-2013\/#breadcrumb","itemListElement":[{"@type":"ListItem","position":1,"name":"Home","item":"https:\/\/www.maxima-dia.com\/pl\/"},{"@type":"ListItem","position":2,"name":"Referencje Maxima 2013"}]},{"@type":"WebSite","@id":"https:\/\/www.maxima-dia.com\/pl\/#website","url":"https:\/\/www.maxima-dia.com\/pl\/","name":"Maxima SpA","description":"Only for the real professionals","potentialAction":[{"@type":"SearchAction","target":{"@type":"EntryPoint","urlTemplate":"https:\/\/www.maxima-dia.com\/pl\/?s={search_term_string}"},"query-input":{"@type":"PropertyValueSpecification","valueRequired":true,"valueName":"search_term_string"}}],"inLanguage":"pl-PL"}]}},"_links":{"self":[{"href":"https:\/\/www.maxima-dia.com\/pl\/wp-json\/wp\/v2\/pages\/20050"}],"collection":[{"href":"https:\/\/www.maxima-dia.com\/pl\/wp-json\/wp\/v2\/pages"}],"about":[{"href":"https:\/\/www.maxima-dia.com\/pl\/wp-json\/wp\/v2\/types\/page"}],"author":[{"embeddable":true,"href":"https:\/\/www.maxima-dia.com\/pl\/wp-json\/wp\/v2\/users\/29"}],"replies":[{"embeddable":true,"href":"https:\/\/www.maxima-dia.com\/pl\/wp-json\/wp\/v2\/comments?post=20050"}],"version-history":[{"count":0,"href":"https:\/\/www.maxima-dia.com\/pl\/wp-json\/wp\/v2\/pages\/20050\/revisions"}],"wp:attachment":[{"href":"https:\/\/www.maxima-dia.com\/pl\/wp-json\/wp\/v2\/media?parent=20050"}],"curies":[{"name":"wp","href":"https:\/\/api.w.org\/{rel}","templated":true}]}}