{"id":20055,"date":"2019-06-04T10:31:27","date_gmt":"2019-06-04T08:31:27","guid":{"rendered":"https:\/\/www.maxima-dia.com\/?page_id=20055"},"modified":"2019-09-11T18:08:07","modified_gmt":"2019-09-11T16:08:07","slug":"referencje-maxima-2012-zawodnik-rugby-martin-castrogiovanni","status":"publish","type":"page","link":"https:\/\/www.maxima-dia.com\/pl\/referencje-maxima-2012-zawodnik-rugby-martin-castrogiovanni\/","title":{"rendered":"Referencje Maxima 2012: zawodnik rugby Martin Castrogiovanni"},"content":{"rendered":"<h3>Referencje Maxima 2012: zawodnik rugby Martin Castrogiovanni<\/h3>\n<div id=\"attachment_7567\" style=\"width: 280px\" class=\"wp-caption alignright\"><a href=\"\/wp-content\/uploads\/2012\/10\/castrogiovanni_mirco.jpg\"><img loading=\"lazy\" decoding=\"async\" aria-describedby=\"caption-attachment-7567\" class=\" wp-image-7567\" title=\"Mirco Dall\u2019Olio and Martin Castrogiovanni\" src=\"\/wp-content\/uploads\/2012\/10\/castrogiovanni_mirco-300x234.jpg\" alt=\"Mirco Dall\u2019Olio and Martin Castrogiovanni\" width=\"270\" height=\"234\"><\/a><p id=\"caption-attachment-7567\" class=\"wp-caption-text\">Mirco Dall\u2019Olio i Martin Castrogiovanni<\/p><\/div>\n<p>Martin Castrogiovanni jest popularnym mistrzem w\u0142oskiej dru\u017cyny rugby, a tak\u017ce nowym \u015bwiadectwem Maximy na rok 2012. Maxima jest przedsi\u0119biorcz\u0105 firm\u0105 handlow\u0105, dzia\u0142aj\u0105c\u0105 na rynku budowlanym i dystrybuuj\u0105c\u0105 narz\u0119dzia i sprz\u0119t diamentowy do ci\u0119cia i wiercenia.<\/p>\n<p>Poni\u017cej zamieszczamy kr\u00f3tki fragment w\u0142oskiej gazety Gazzetta di Reggio z 10 lipca 2012 r<\/p>\n<p>\u201eMartin Castrogiovanni jest kapitanem w\u0142oskiej dru\u017cyny rugby i gra z Leichester Tigers. Zosta\u0142 wybrany przez Maxim\u0119, wiod\u0105c\u0105 firm\u0119 w dystrybucji narz\u0119dzi diamentowych i sprz\u0119tu do ci\u0119cia i wiercenia, jako \u015bwiadectwo najnowszej kampanii reklamowej &#8222;&#8221;Potenza Maxima&#8221;&#8221; (\u201e Maxima Power \u201d).<br \/>\nJest to zwi\u0105zek mi\u0119dzy Maxim\u0105, kt\u00f3ra od 2001 roku stale zwi\u0119ksza obroty, a Martinem Castrogiovannim, prawdziwym gigantem jego sportu, a tak\u017ce wz\u00f3r si\u0142y, zaparcia i profesjonalizmu.<\/p>\n<p>Pan Mirco Dall\u2019Olio, w\u0142a\u015bciciel Maximy, m\u00f3wi: \u201eMartin Castrogiovanni zosta\u0142 wybrany dzi\u0119ki swojej sile, sportowi, kt\u00f3ry reprezentuje oraz przejrzysto\u015bci, kt\u00f3r\u0105 uciele\u015bnia.<br \/>\nW ten spos\u00f3b nasza firma dzia\u0142a na rynku. Nasz\u0105 potrzeb\u0105 jest, aby ludzie wiedzieli, \u017ce nasze produkty s\u0105 mocne, trwa\u0142e, z najwy\u017cszymi osi\u0105gami i nie ma lepszego \u015bwiadectwa ni\u017c pan Castrogiovanni.<br \/>\nRugby to wyra\u017any sport i uwa\u017camy, \u017ce reprezentuje nasz\u0105 firm\u0119, jest to r\u00f3wnie\u017c sport mi\u0119dzynarodowy, bardzo ceniony we W\u0142oszech i wielu krajach, na kt\u00f3rych chcieliby\u015bmy rozszerzy\u0107 nasz\u0105 ofert\u0119 \u201d.<\/p>\nngg_shortcode_0_placeholder\n","protected":false},"excerpt":{"rendered":"<p>Referencje Maxima 2012: zawodnik rugby Martin Castrogiovanni Martin Castrogiovanni jest popularnym mistrzem w\u0142oskiej dru\u017cyny rugby, a tak\u017ce nowym \u015bwiadectwem Maximy na rok 2012. Maxima jest przedsi\u0119biorcz\u0105 firm\u0105 handlow\u0105, dzia\u0142aj\u0105c\u0105 na rynku budowlanym i dystrybuuj\u0105c\u0105 narz\u0119dzia i sprz\u0119t diamentowy do ci\u0119cia i wiercenia. Poni\u017cej zamieszczamy kr\u00f3tki fragment w\u0142oskiej gazety Gazzetta di Reggio z 10 lipca 2012 r \u201eMartin Castrogiovanni jest kapitanem w\u0142oskiej dru\u017cyny rugby i gra z Leichester Tigers. Zosta\u0142 wybrany przez Maxim\u0119, wiod\u0105c\u0105 firm\u0119 w dystrybucji narz\u0119dzi diamentowych i sprz\u0119tu do ci\u0119cia i wiercenia, jako \u015bwiadectwo najnowszej kampanii reklamowej &#8222;&#8221;Potenza Maxima&#8221;&#8221; (\u201e Maxima Power \u201d). Jest to zwi\u0105zek mi\u0119dzy Maxim\u0105, kt\u00f3ra od 2001 roku stale zwi\u0119ksza obroty, a Martinem Castrogiovannim, prawdziwym gigantem jego sportu, a tak\u017ce wz\u00f3r si\u0142y, zaparcia i profesjonalizmu. Pan Mirco Dall\u2019Olio, w\u0142a\u015bciciel Maximy, m\u00f3wi: \u201eMartin Castrogiovanni zosta\u0142 wybrany dzi\u0119ki swojej sile, sportowi, kt\u00f3ry reprezentuje oraz przejrzysto\u015bci, kt\u00f3r\u0105 uciele\u015bnia. W ten spos\u00f3b nasza firma dzia\u0142a na rynku. Nasz\u0105 potrzeb\u0105 jest, aby ludzie wiedzieli, \u017ce nasze produkty s\u0105 mocne, trwa\u0142e, z najwy\u017cszymi osi\u0105gami i nie ma lepszego \u015bwiadectwa ni\u017c pan Castrogiovanni. Rugby to wyra\u017any sport i uwa\u017camy, \u017ce reprezentuje nasz\u0105 firm\u0119, jest to r\u00f3wnie\u017c sport mi\u0119dzynarodowy, bardzo ceniony we W\u0142oszech i wielu krajach, na kt\u00f3rych chcieliby\u015bmy rozszerzy\u0107 nasz\u0105 ofert\u0119 [&hellip;]<\/p>\n","protected":false},"author":29,"featured_media":0,"parent":0,"menu_order":322,"comment_status":"closed","ping_status":"closed","template":"","meta":{"ngg_post_thumbnail":0,"_joinchat":[],"footnotes":""},"class_list":["post-20055","page","type-page","status-publish","hentry"],"yoast_head":"<!-- This site is optimized with the Yoast SEO plugin v25.5 - https:\/\/yoast.com\/wordpress\/plugins\/seo\/ -->\n<title>Referencje Maxima 2012: zawodnik rugby Martin Castrogiovanni - Maxima SpA<\/title>\n<meta name=\"robots\" content=\"index, follow, max-snippet:-1, max-image-preview:large, max-video-preview:-1\" \/>\n<link rel=\"canonical\" href=\"https:\/\/www.maxima-dia.com\/pl\/referencje-maxima-2012-zawodnik-rugby-martin-castrogiovanni\/\" \/>\n<meta property=\"og:locale\" content=\"pl_PL\" \/>\n<meta property=\"og:type\" content=\"article\" \/>\n<meta property=\"og:title\" content=\"Referencje Maxima 2012: zawodnik rugby Martin Castrogiovanni - Maxima SpA\" \/>\n<meta property=\"og:description\" content=\"Referencje Maxima 2012: zawodnik rugby Martin Castrogiovanni Martin Castrogiovanni jest popularnym mistrzem w\u0142oskiej dru\u017cyny rugby, a tak\u017ce nowym \u015bwiadectwem Maximy na rok 2012. Maxima jest przedsi\u0119biorcz\u0105 firm\u0105 handlow\u0105, dzia\u0142aj\u0105c\u0105 na rynku budowlanym i dystrybuuj\u0105c\u0105 narz\u0119dzia i sprz\u0119t diamentowy do ci\u0119cia i wiercenia. Poni\u017cej zamieszczamy kr\u00f3tki fragment w\u0142oskiej gazety Gazzetta di Reggio z 10 lipca 2012 r \u201eMartin Castrogiovanni jest kapitanem w\u0142oskiej dru\u017cyny rugby i gra z Leichester Tigers. Zosta\u0142 wybrany przez Maxim\u0119, wiod\u0105c\u0105 firm\u0119 w dystrybucji narz\u0119dzi diamentowych i sprz\u0119tu do ci\u0119cia i wiercenia, jako \u015bwiadectwo najnowszej kampanii reklamowej &#8222;&#8221;Potenza Maxima&#8221;&#8221; (\u201e Maxima Power \u201d). Jest to zwi\u0105zek mi\u0119dzy Maxim\u0105, kt\u00f3ra od 2001 roku stale zwi\u0119ksza obroty, a Martinem Castrogiovannim, prawdziwym gigantem jego sportu, a tak\u017ce wz\u00f3r si\u0142y, zaparcia i profesjonalizmu. Pan Mirco Dall\u2019Olio, w\u0142a\u015bciciel Maximy, m\u00f3wi: \u201eMartin Castrogiovanni zosta\u0142 wybrany dzi\u0119ki swojej sile, sportowi, kt\u00f3ry reprezentuje oraz przejrzysto\u015bci, kt\u00f3r\u0105 uciele\u015bnia. W ten spos\u00f3b nasza firma dzia\u0142a na rynku. Nasz\u0105 potrzeb\u0105 jest, aby ludzie wiedzieli, \u017ce nasze produkty s\u0105 mocne, trwa\u0142e, z najwy\u017cszymi osi\u0105gami i nie ma lepszego \u015bwiadectwa ni\u017c pan Castrogiovanni. Rugby to wyra\u017any sport i uwa\u017camy, \u017ce reprezentuje nasz\u0105 firm\u0119, jest to r\u00f3wnie\u017c sport mi\u0119dzynarodowy, bardzo ceniony we W\u0142oszech i wielu krajach, na kt\u00f3rych chcieliby\u015bmy rozszerzy\u0107 nasz\u0105 ofert\u0119 [&hellip;]\" \/>\n<meta property=\"og:url\" content=\"https:\/\/www.maxima-dia.com\/pl\/referencje-maxima-2012-zawodnik-rugby-martin-castrogiovanni\/\" \/>\n<meta property=\"og:site_name\" content=\"Maxima SpA\" \/>\n<meta property=\"article:publisher\" content=\"https:\/\/www.facebook.com\/Maxima-spa-106098566139597\" \/>\n<meta property=\"article:modified_time\" content=\"2019-09-11T16:08:07+00:00\" \/>\n<meta property=\"og:image\" content=\"https:\/\/www.maxima-dia.com\/wp-content\/uploads\/2012\/10\/castrogiovanni_mirco-300x234.jpg\" \/>\n<meta name=\"twitter:card\" content=\"summary_large_image\" \/>\n<meta name=\"twitter:site\" content=\"@Maximadia\" \/>\n<meta name=\"twitter:label1\" content=\"Szacowany czas czytania\" \/>\n\t<meta name=\"twitter:data1\" content=\"1 minuta\" \/>\n<script type=\"application\/ld+json\" class=\"yoast-schema-graph\">{\"@context\":\"https:\/\/schema.org\",\"@graph\":[{\"@type\":\"WebPage\",\"@id\":\"https:\/\/www.maxima-dia.com\/pl\/referencje-maxima-2012-zawodnik-rugby-martin-castrogiovanni\/\",\"url\":\"https:\/\/www.maxima-dia.com\/pl\/referencje-maxima-2012-zawodnik-rugby-martin-castrogiovanni\/\",\"name\":\"Referencje Maxima 2012: zawodnik rugby Martin Castrogiovanni - Maxima SpA\",\"isPartOf\":{\"@id\":\"https:\/\/www.maxima-dia.com\/pl\/#website\"},\"datePublished\":\"2019-06-04T08:31:27+00:00\",\"dateModified\":\"2019-09-11T16:08:07+00:00\",\"breadcrumb\":{\"@id\":\"https:\/\/www.maxima-dia.com\/pl\/referencje-maxima-2012-zawodnik-rugby-martin-castrogiovanni\/#breadcrumb\"},\"inLanguage\":\"pl-PL\",\"potentialAction\":[{\"@type\":\"ReadAction\",\"target\":[\"https:\/\/www.maxima-dia.com\/pl\/referencje-maxima-2012-zawodnik-rugby-martin-castrogiovanni\/\"]}]},{\"@type\":\"BreadcrumbList\",\"@id\":\"https:\/\/www.maxima-dia.com\/pl\/referencje-maxima-2012-zawodnik-rugby-martin-castrogiovanni\/#breadcrumb\",\"itemListElement\":[{\"@type\":\"ListItem\",\"position\":1,\"name\":\"Home\",\"item\":\"https:\/\/www.maxima-dia.com\/pl\/\"},{\"@type\":\"ListItem\",\"position\":2,\"name\":\"Referencje Maxima 2012: zawodnik rugby Martin Castrogiovanni\"}]},{\"@type\":\"WebSite\",\"@id\":\"https:\/\/www.maxima-dia.com\/pl\/#website\",\"url\":\"https:\/\/www.maxima-dia.com\/pl\/\",\"name\":\"Maxima SpA\",\"description\":\"Only for the real professionals\",\"potentialAction\":[{\"@type\":\"SearchAction\",\"target\":{\"@type\":\"EntryPoint\",\"urlTemplate\":\"https:\/\/www.maxima-dia.com\/pl\/?s={search_term_string}\"},\"query-input\":{\"@type\":\"PropertyValueSpecification\",\"valueRequired\":true,\"valueName\":\"search_term_string\"}}],\"inLanguage\":\"pl-PL\"}]}<\/script>\n<!-- \/ Yoast SEO plugin. -->","yoast_head_json":{"title":"Referencje Maxima 2012: zawodnik rugby Martin Castrogiovanni - Maxima SpA","robots":{"index":"index","follow":"follow","max-snippet":"max-snippet:-1","max-image-preview":"max-image-preview:large","max-video-preview":"max-video-preview:-1"},"canonical":"https:\/\/www.maxima-dia.com\/pl\/referencje-maxima-2012-zawodnik-rugby-martin-castrogiovanni\/","og_locale":"pl_PL","og_type":"article","og_title":"Referencje Maxima 2012: zawodnik rugby Martin Castrogiovanni - Maxima SpA","og_description":"Referencje Maxima 2012: zawodnik rugby Martin Castrogiovanni Martin Castrogiovanni jest popularnym mistrzem w\u0142oskiej dru\u017cyny rugby, a tak\u017ce nowym \u015bwiadectwem Maximy na rok 2012. Maxima jest przedsi\u0119biorcz\u0105 firm\u0105 handlow\u0105, dzia\u0142aj\u0105c\u0105 na rynku budowlanym i dystrybuuj\u0105c\u0105 narz\u0119dzia i sprz\u0119t diamentowy do ci\u0119cia i wiercenia. Poni\u017cej zamieszczamy kr\u00f3tki fragment w\u0142oskiej gazety Gazzetta di Reggio z 10 lipca 2012 r \u201eMartin Castrogiovanni jest kapitanem w\u0142oskiej dru\u017cyny rugby i gra z Leichester Tigers. Zosta\u0142 wybrany przez Maxim\u0119, wiod\u0105c\u0105 firm\u0119 w dystrybucji narz\u0119dzi diamentowych i sprz\u0119tu do ci\u0119cia i wiercenia, jako \u015bwiadectwo najnowszej kampanii reklamowej &#8222;&#8221;Potenza Maxima&#8221;&#8221; (\u201e Maxima Power \u201d). Jest to zwi\u0105zek mi\u0119dzy Maxim\u0105, kt\u00f3ra od 2001 roku stale zwi\u0119ksza obroty, a Martinem Castrogiovannim, prawdziwym gigantem jego sportu, a tak\u017ce wz\u00f3r si\u0142y, zaparcia i profesjonalizmu. Pan Mirco Dall\u2019Olio, w\u0142a\u015bciciel Maximy, m\u00f3wi: \u201eMartin Castrogiovanni zosta\u0142 wybrany dzi\u0119ki swojej sile, sportowi, kt\u00f3ry reprezentuje oraz przejrzysto\u015bci, kt\u00f3r\u0105 uciele\u015bnia. W ten spos\u00f3b nasza firma dzia\u0142a na rynku. Nasz\u0105 potrzeb\u0105 jest, aby ludzie wiedzieli, \u017ce nasze produkty s\u0105 mocne, trwa\u0142e, z najwy\u017cszymi osi\u0105gami i nie ma lepszego \u015bwiadectwa ni\u017c pan Castrogiovanni. Rugby to wyra\u017any sport i uwa\u017camy, \u017ce reprezentuje nasz\u0105 firm\u0119, jest to r\u00f3wnie\u017c sport mi\u0119dzynarodowy, bardzo ceniony we W\u0142oszech i wielu krajach, na kt\u00f3rych chcieliby\u015bmy rozszerzy\u0107 nasz\u0105 ofert\u0119 [&hellip;]","og_url":"https:\/\/www.maxima-dia.com\/pl\/referencje-maxima-2012-zawodnik-rugby-martin-castrogiovanni\/","og_site_name":"Maxima SpA","article_publisher":"https:\/\/www.facebook.com\/Maxima-spa-106098566139597","article_modified_time":"2019-09-11T16:08:07+00:00","og_image":[{"url":"https:\/\/www.maxima-dia.com\/wp-content\/uploads\/2012\/10\/castrogiovanni_mirco-300x234.jpg","type":"","width":"","height":""}],"twitter_card":"summary_large_image","twitter_site":"@Maximadia","twitter_misc":{"Szacowany czas czytania":"1 minuta"},"schema":{"@context":"https:\/\/schema.org","@graph":[{"@type":"WebPage","@id":"https:\/\/www.maxima-dia.com\/pl\/referencje-maxima-2012-zawodnik-rugby-martin-castrogiovanni\/","url":"https:\/\/www.maxima-dia.com\/pl\/referencje-maxima-2012-zawodnik-rugby-martin-castrogiovanni\/","name":"Referencje Maxima 2012: zawodnik rugby Martin Castrogiovanni - Maxima SpA","isPartOf":{"@id":"https:\/\/www.maxima-dia.com\/pl\/#website"},"datePublished":"2019-06-04T08:31:27+00:00","dateModified":"2019-09-11T16:08:07+00:00","breadcrumb":{"@id":"https:\/\/www.maxima-dia.com\/pl\/referencje-maxima-2012-zawodnik-rugby-martin-castrogiovanni\/#breadcrumb"},"inLanguage":"pl-PL","potentialAction":[{"@type":"ReadAction","target":["https:\/\/www.maxima-dia.com\/pl\/referencje-maxima-2012-zawodnik-rugby-martin-castrogiovanni\/"]}]},{"@type":"BreadcrumbList","@id":"https:\/\/www.maxima-dia.com\/pl\/referencje-maxima-2012-zawodnik-rugby-martin-castrogiovanni\/#breadcrumb","itemListElement":[{"@type":"ListItem","position":1,"name":"Home","item":"https:\/\/www.maxima-dia.com\/pl\/"},{"@type":"ListItem","position":2,"name":"Referencje Maxima 2012: zawodnik rugby Martin Castrogiovanni"}]},{"@type":"WebSite","@id":"https:\/\/www.maxima-dia.com\/pl\/#website","url":"https:\/\/www.maxima-dia.com\/pl\/","name":"Maxima SpA","description":"Only for the real professionals","potentialAction":[{"@type":"SearchAction","target":{"@type":"EntryPoint","urlTemplate":"https:\/\/www.maxima-dia.com\/pl\/?s={search_term_string}"},"query-input":{"@type":"PropertyValueSpecification","valueRequired":true,"valueName":"search_term_string"}}],"inLanguage":"pl-PL"}]}},"_links":{"self":[{"href":"https:\/\/www.maxima-dia.com\/pl\/wp-json\/wp\/v2\/pages\/20055"}],"collection":[{"href":"https:\/\/www.maxima-dia.com\/pl\/wp-json\/wp\/v2\/pages"}],"about":[{"href":"https:\/\/www.maxima-dia.com\/pl\/wp-json\/wp\/v2\/types\/page"}],"author":[{"embeddable":true,"href":"https:\/\/www.maxima-dia.com\/pl\/wp-json\/wp\/v2\/users\/29"}],"replies":[{"embeddable":true,"href":"https:\/\/www.maxima-dia.com\/pl\/wp-json\/wp\/v2\/comments?post=20055"}],"version-history":[{"count":0,"href":"https:\/\/www.maxima-dia.com\/pl\/wp-json\/wp\/v2\/pages\/20055\/revisions"}],"wp:attachment":[{"href":"https:\/\/www.maxima-dia.com\/pl\/wp-json\/wp\/v2\/media?parent=20055"}],"curies":[{"name":"wp","href":"https:\/\/api.w.org\/{rel}","templated":true}]}}