{"id":20063,"date":"2019-06-04T11:10:14","date_gmt":"2019-06-04T09:10:14","guid":{"rendered":"https:\/\/www.maxima-dia.com\/?page_id=20063"},"modified":"2019-09-12T10:30:54","modified_gmt":"2019-09-12T08:30:54","slug":"wspolpracuj-z-nami","status":"publish","type":"page","link":"https:\/\/www.maxima-dia.com\/pl\/wspolpracuj-z-nami\/","title":{"rendered":"Wsp\u00f3\u0142pracuj z nami"},"content":{"rendered":"<h3>Wsp\u00f3\u0142pracuj z nami<\/h3>\n<p>Poszukujemy wykwalifikowanych i kreatywnych ludzi, kt\u00f3rzy chc\u0105 po\u0142\u0105czy\u0107 swoje do\u015bwiadczenie z nasz\u0105 firm\u0105 i jej histori\u0105.<\/p>\n<p>Wype\u0142nij poni\u017csze pole danych i prze\u015blij \u017cyciorys w formacie Word lub PDF.<br \/>\nUwaga! Pami\u0119taj, aby wyrazi\u0107 zgod\u0119 na przetwarzanie danych osobowych.<\/p>\n\n<div class=\"wpcf7 no-js\" id=\"wpcf7-f20062-o1\" lang=\"it-IT\" dir=\"ltr\" data-wpcf7-id=\"20062\">\n<div class=\"screen-reader-response\"><p role=\"status\" aria-live=\"polite\" aria-atomic=\"true\"><\/p> <ul><\/ul><\/div>\n<form action=\"\/pl\/wp-json\/wp\/v2\/pages\/20063#wpcf7-f20062-o1\" method=\"post\" class=\"wpcf7-form init\" aria-label=\"Modulo di contatto\" enctype=\"multipart\/form-data\" novalidate=\"novalidate\" data-status=\"init\">\n<div style=\"display: none;\">\n<input type=\"hidden\" name=\"_wpcf7\" value=\"20062\" \/>\n<input type=\"hidden\" name=\"_wpcf7_version\" value=\"6.0.6\" \/>\n<input type=\"hidden\" name=\"_wpcf7_locale\" value=\"it_IT\" \/>\n<input type=\"hidden\" name=\"_wpcf7_unit_tag\" value=\"wpcf7-f20062-o1\" \/>\n<input type=\"hidden\" name=\"_wpcf7_container_post\" value=\"0\" \/>\n<input type=\"hidden\" name=\"_wpcf7_posted_data_hash\" value=\"\" \/>\n<input type=\"hidden\" name=\"_wpcf7_recaptcha_response\" value=\"\" \/>\n<\/div>\n<div class=\"main-contact-page\" style=\"margin: 10px 0 0 50px;\">\n\t<p style=\"font-weight: bold;\">Dane\n\t<\/p>\n\t<p>Imi\u0119:\n\t<\/p>\n\t<p><span class=\"wpcf7-form-control-wrap\" data-name=\"nomecandidato\"><input size=\"40\" maxlength=\"400\" class=\"wpcf7-form-control wpcf7-text wpcf7-validates-as-required\" aria-required=\"true\" aria-invalid=\"false\" value=\"\" type=\"text\" name=\"nomecandidato\" \/><\/span>\n\t<\/p>\n\t<p>Nazwisko:\n\t<\/p>\n\t<p><span class=\"wpcf7-form-control-wrap\" data-name=\"cognomecandidato\"><input size=\"40\" maxlength=\"400\" class=\"wpcf7-form-control wpcf7-text wpcf7-validates-as-required\" aria-required=\"true\" aria-invalid=\"false\" value=\"\" type=\"text\" name=\"cognomecandidato\" \/><\/span>\n\t<\/p>\n\t<p>E-mail:\n\t<\/p>\n\t<p><span class=\"wpcf7-form-control-wrap\" data-name=\"emailcandidato\"><input size=\"40\" maxlength=\"400\" class=\"wpcf7-form-control wpcf7-email wpcf7-validates-as-required wpcf7-text wpcf7-validates-as-email\" aria-required=\"true\" aria-invalid=\"false\" value=\"\" type=\"email\" name=\"emailcandidato\" \/><\/span>\n\t<\/p>\n\t<p>Data urodzenia (np.. 15\/06\/1973):\n\t<\/p>\n\t<p><span class=\"wpcf7-form-control-wrap\" data-name=\"datanascitacandidato\"><input size=\"20\" maxlength=\"10\" class=\"wpcf7-form-control wpcf7-text wpcf7-validates-as-required\" aria-required=\"true\" aria-invalid=\"false\" value=\"\" type=\"text\" name=\"datanascitacandidato\" \/><\/span>\n\t<\/p>\n\t<p>&nbsp;\n\t<\/p>\n\t<p style=\"font-weight: bold;\">Kontakt\n\t<\/p>\n\t<p>Telefon kom\u00f3rkowy:\n\t<\/p>\n\t<p><span class=\"wpcf7-form-control-wrap\" data-name=\"telcandidato\"><input size=\"40\" maxlength=\"400\" class=\"wpcf7-form-control wpcf7-text wpcf7-validates-as-required\" aria-required=\"true\" aria-invalid=\"false\" value=\"\" type=\"text\" name=\"telcandidato\" \/><\/span>\n\t<\/p>\n\t<p>Adres:\n\t<\/p>\n\t<p><span class=\"wpcf7-form-control-wrap\" data-name=\"indirizzocandidato\"><input size=\"40\" maxlength=\"400\" class=\"wpcf7-form-control wpcf7-text wpcf7-validates-as-required\" aria-required=\"true\" aria-invalid=\"false\" value=\"\" type=\"text\" name=\"indirizzocandidato\" \/><\/span>\n\t<\/p>\n\t<p>Adres cd.:\n\t<\/p>\n\t<p><span class=\"wpcf7-form-control-wrap\" data-name=\"cittacandidato\"><input size=\"40\" maxlength=\"400\" class=\"wpcf7-form-control wpcf7-text wpcf7-validates-as-required\" aria-required=\"true\" aria-invalid=\"false\" value=\"\" type=\"text\" name=\"cittacandidato\" \/><\/span>\n\t<\/p>\n\t<p>Kod Pocztowy:\n\t<\/p>\n\t<p><span class=\"wpcf7-form-control-wrap\" data-name=\"capcandidato\"><input size=\"10\" maxlength=\"5\" class=\"wpcf7-form-control wpcf7-text wpcf7-validates-as-required\" aria-required=\"true\" aria-invalid=\"false\" value=\"\" type=\"text\" name=\"capcandidato\" \/><\/span>\n\t<\/p>\n\t<p>Kraj:\n\t<\/p>\n\t<p><span class=\"wpcf7-form-control-wrap\" data-name=\"provinciacandidato\"><input size=\"40\" maxlength=\"400\" class=\"wpcf7-form-control wpcf7-text wpcf7-validates-as-required\" aria-required=\"true\" aria-invalid=\"false\" value=\"\" type=\"text\" name=\"provinciacandidato\" \/><\/span>\n\t<\/p>\n\t<p>&nbsp;\n\t<\/p>\n\t<p style=\"font-weight: bold;\">Do\u015bwiadczenie\n\t<\/p>\n\t<p>Umiej\u0119tno\u015bci:\n\t<\/p>\n\t<p><span class=\"wpcf7-form-control-wrap\" data-name=\"areecompetenzacandidato\"><select class=\"wpcf7-form-control wpcf7-select\" aria-invalid=\"false\" multiple=\"multiple\" name=\"areecompetenzacandidato[]\"><option value=\"None\">None<\/option><option value=\"Zakupy, logistyka, transport\">Zakupy, logistyka, transport<\/option><option value=\"Administracja, finanse\">Administracja, finanse<\/option><option value=\"Obszar komercyjny\">Obszar komercyjny<\/option><option value=\"Technologie informatyczne\">Technologie informatyczne<\/option><option value=\"Marketing i komunikacja\">Marketing i komunikacja<\/option><option value=\"Produkcja\">Produkcja<\/option><option value=\"Manager projektu, zarz\u0105dzanie\">Manager projektu, zarz\u0105dzanie<\/option><option value=\"Jako\u015b\u0107, bezpiecze\u0144stwo, \u015brodowisko\">Jako\u015b\u0107, bezpiecze\u0144stwo, \u015brodowisko<\/option><option value=\"Badania i rozw\u00f3j\">Badania i rozw\u00f3j<\/option><option value=\"Sekretarz\/Sekretarka\">Sekretarz\/Sekretarka<\/option><option value=\"Us\u0142ugi\">Us\u0142ugi<\/option><option value=\"Inne\">Inne<\/option><\/select><\/span>\n\t<\/p>\n\t<p>Wymagany typ umowy:\n\t<\/p>\n\t<p><span class=\"wpcf7-form-control-wrap\" data-name=\"tipocontrattocandidato\"><select class=\"wpcf7-form-control wpcf7-select wpcf7-validates-as-required\" aria-required=\"true\" aria-invalid=\"false\" name=\"tipocontrattocandidato\"><option value=\"Otwarty kontrakt\">Otwarty kontrakt<\/option><option value=\"Kontrakt terminowy\">Kontrakt terminowy<\/option><option value=\"Umowa etapowa\">Umowa etapowa<\/option><\/select><\/span>\n\t<\/p>\n\t<p>Za\u0142\u0105cz CV:\n\t<\/p>\n\t<p><span class=\"wpcf7-form-control-wrap\" data-name=\"cvcandidato\"><input size=\"40\" class=\"wpcf7-form-control wpcf7-file wpcf7-validates-as-required\" accept=\".docx,.doc,.pdf\" aria-required=\"true\" aria-invalid=\"false\" type=\"file\" name=\"cvcandidato\" \/><\/span>\n\t<\/p>\n\t<p>Przetwarzanie danych osobowych:<br \/>\nIn riferimento all'<a href=\"https:\/\/www.maxima-dia.com\/it\/privacy-policy\/\" target=\"_blank\">informativa<\/a> sui dati personali e privacy del Regolamento (UE) 2016\/679, l'interessato dichiara espressamente di prestare il proprio consenso e quindi autorizza il trattamento e l'utilizzo, da parte di Maxima S.p.A., dei propri dati personali.\n\t<\/p>\n\t<p>Accetto: <span class=\"wpcf7-form-control-wrap\" data-name=\"accettazioneprivacy\"><span class=\"wpcf7-form-control wpcf7-acceptance\"><span class=\"wpcf7-list-item\"><input type=\"checkbox\" name=\"accettazioneprivacy\" value=\"1\" aria-invalid=\"false\" \/><\/span><\/span><\/span>\n\t<\/p>\n\t<p>\n\t\n\t<\/p>\n\t<p>&nbsp;\n\t<\/p>\n\t<p><input class=\"wpcf7-form-control wpcf7-submit has-spinner\" type=\"submit\" value=\"Wy\u015blij swoj\u0105 kandydatur\u0119\" \/>\n\t<\/p>\n<\/div><div class=\"wpcf7-response-output\" aria-hidden=\"true\"><\/div>\n<\/form>\n<\/div>\n\n<p>&nbsp;<\/p>\n","protected":false},"excerpt":{"rendered":"<p>Wsp\u00f3\u0142pracuj z nami Poszukujemy wykwalifikowanych i kreatywnych ludzi, kt\u00f3rzy chc\u0105 po\u0142\u0105czy\u0107 swoje do\u015bwiadczenie z nasz\u0105 firm\u0105 i jej histori\u0105. Wype\u0142nij poni\u017csze pole danych i prze\u015blij \u017cyciorys w formacie Word lub PDF. Uwaga! Pami\u0119taj, aby wyrazi\u0107 zgod\u0119 na przetwarzanie danych osobowych. &nbsp;<\/p>\n","protected":false},"author":29,"featured_media":0,"parent":0,"menu_order":258,"comment_status":"closed","ping_status":"closed","template":"","meta":{"ngg_post_thumbnail":0,"_joinchat":[],"footnotes":""},"class_list":["post-20063","page","type-page","status-publish","hentry"],"yoast_head":"<!-- This site is optimized with the Yoast SEO plugin v25.5 - https:\/\/yoast.com\/wordpress\/plugins\/seo\/ -->\n<title>Wsp\u00f3\u0142pracuj z nami - Maxima SpA<\/title>\n<meta name=\"robots\" content=\"index, follow, max-snippet:-1, max-image-preview:large, max-video-preview:-1\" \/>\n<link rel=\"canonical\" href=\"https:\/\/www.maxima-dia.com\/pl\/wspolpracuj-z-nami\/\" \/>\n<meta property=\"og:locale\" content=\"pl_PL\" \/>\n<meta property=\"og:type\" content=\"article\" \/>\n<meta property=\"og:title\" content=\"Wsp\u00f3\u0142pracuj z nami - Maxima SpA\" \/>\n<meta property=\"og:description\" content=\"Wsp\u00f3\u0142pracuj z nami Poszukujemy wykwalifikowanych i kreatywnych ludzi, kt\u00f3rzy chc\u0105 po\u0142\u0105czy\u0107 swoje do\u015bwiadczenie z nasz\u0105 firm\u0105 i jej histori\u0105. Wype\u0142nij poni\u017csze pole danych i prze\u015blij \u017cyciorys w formacie Word lub PDF. Uwaga! Pami\u0119taj, aby wyrazi\u0107 zgod\u0119 na przetwarzanie danych osobowych. &nbsp;\" \/>\n<meta property=\"og:url\" content=\"https:\/\/www.maxima-dia.com\/pl\/wspolpracuj-z-nami\/\" \/>\n<meta property=\"og:site_name\" content=\"Maxima SpA\" \/>\n<meta property=\"article:publisher\" content=\"https:\/\/www.facebook.com\/Maxima-spa-106098566139597\" \/>\n<meta property=\"article:modified_time\" content=\"2019-09-12T08:30:54+00:00\" \/>\n<meta property=\"og:image\" content=\"https:\/\/www.maxima-dia.com\/wp-content\/uploads\/2022\/03\/MaximaSpA-logo-quadrato.jpg\" \/>\n\t<meta property=\"og:image:width\" content=\"500\" \/>\n\t<meta property=\"og:image:height\" content=\"500\" \/>\n\t<meta property=\"og:image:type\" content=\"image\/jpeg\" \/>\n<meta name=\"twitter:card\" content=\"summary_large_image\" \/>\n<meta name=\"twitter:site\" content=\"@Maximadia\" \/>\n<script type=\"application\/ld+json\" class=\"yoast-schema-graph\">{\"@context\":\"https:\/\/schema.org\",\"@graph\":[{\"@type\":\"WebPage\",\"@id\":\"https:\/\/www.maxima-dia.com\/pl\/wspolpracuj-z-nami\/\",\"url\":\"https:\/\/www.maxima-dia.com\/pl\/wspolpracuj-z-nami\/\",\"name\":\"Wsp\u00f3\u0142pracuj z nami - Maxima SpA\",\"isPartOf\":{\"@id\":\"https:\/\/www.maxima-dia.com\/pl\/#website\"},\"datePublished\":\"2019-06-04T09:10:14+00:00\",\"dateModified\":\"2019-09-12T08:30:54+00:00\",\"breadcrumb\":{\"@id\":\"https:\/\/www.maxima-dia.com\/pl\/wspolpracuj-z-nami\/#breadcrumb\"},\"inLanguage\":\"pl-PL\",\"potentialAction\":[{\"@type\":\"ReadAction\",\"target\":[\"https:\/\/www.maxima-dia.com\/pl\/wspolpracuj-z-nami\/\"]}]},{\"@type\":\"BreadcrumbList\",\"@id\":\"https:\/\/www.maxima-dia.com\/pl\/wspolpracuj-z-nami\/#breadcrumb\",\"itemListElement\":[{\"@type\":\"ListItem\",\"position\":1,\"name\":\"Home\",\"item\":\"https:\/\/www.maxima-dia.com\/pl\/\"},{\"@type\":\"ListItem\",\"position\":2,\"name\":\"Wsp\u00f3\u0142pracuj z nami\"}]},{\"@type\":\"WebSite\",\"@id\":\"https:\/\/www.maxima-dia.com\/pl\/#website\",\"url\":\"https:\/\/www.maxima-dia.com\/pl\/\",\"name\":\"Maxima SpA\",\"description\":\"Only for the real professionals\",\"potentialAction\":[{\"@type\":\"SearchAction\",\"target\":{\"@type\":\"EntryPoint\",\"urlTemplate\":\"https:\/\/www.maxima-dia.com\/pl\/?s={search_term_string}\"},\"query-input\":{\"@type\":\"PropertyValueSpecification\",\"valueRequired\":true,\"valueName\":\"search_term_string\"}}],\"inLanguage\":\"pl-PL\"}]}<\/script>\n<!-- \/ Yoast SEO plugin. -->","yoast_head_json":{"title":"Wsp\u00f3\u0142pracuj z nami - Maxima SpA","robots":{"index":"index","follow":"follow","max-snippet":"max-snippet:-1","max-image-preview":"max-image-preview:large","max-video-preview":"max-video-preview:-1"},"canonical":"https:\/\/www.maxima-dia.com\/pl\/wspolpracuj-z-nami\/","og_locale":"pl_PL","og_type":"article","og_title":"Wsp\u00f3\u0142pracuj z nami - Maxima SpA","og_description":"Wsp\u00f3\u0142pracuj z nami Poszukujemy wykwalifikowanych i kreatywnych ludzi, kt\u00f3rzy chc\u0105 po\u0142\u0105czy\u0107 swoje do\u015bwiadczenie z nasz\u0105 firm\u0105 i jej histori\u0105. Wype\u0142nij poni\u017csze pole danych i prze\u015blij \u017cyciorys w formacie Word lub PDF. Uwaga! Pami\u0119taj, aby wyrazi\u0107 zgod\u0119 na przetwarzanie danych osobowych. &nbsp;","og_url":"https:\/\/www.maxima-dia.com\/pl\/wspolpracuj-z-nami\/","og_site_name":"Maxima SpA","article_publisher":"https:\/\/www.facebook.com\/Maxima-spa-106098566139597","article_modified_time":"2019-09-12T08:30:54+00:00","og_image":[{"width":500,"height":500,"url":"https:\/\/www.maxima-dia.com\/wp-content\/uploads\/2022\/03\/MaximaSpA-logo-quadrato.jpg","type":"image\/jpeg"}],"twitter_card":"summary_large_image","twitter_site":"@Maximadia","schema":{"@context":"https:\/\/schema.org","@graph":[{"@type":"WebPage","@id":"https:\/\/www.maxima-dia.com\/pl\/wspolpracuj-z-nami\/","url":"https:\/\/www.maxima-dia.com\/pl\/wspolpracuj-z-nami\/","name":"Wsp\u00f3\u0142pracuj z nami - Maxima SpA","isPartOf":{"@id":"https:\/\/www.maxima-dia.com\/pl\/#website"},"datePublished":"2019-06-04T09:10:14+00:00","dateModified":"2019-09-12T08:30:54+00:00","breadcrumb":{"@id":"https:\/\/www.maxima-dia.com\/pl\/wspolpracuj-z-nami\/#breadcrumb"},"inLanguage":"pl-PL","potentialAction":[{"@type":"ReadAction","target":["https:\/\/www.maxima-dia.com\/pl\/wspolpracuj-z-nami\/"]}]},{"@type":"BreadcrumbList","@id":"https:\/\/www.maxima-dia.com\/pl\/wspolpracuj-z-nami\/#breadcrumb","itemListElement":[{"@type":"ListItem","position":1,"name":"Home","item":"https:\/\/www.maxima-dia.com\/pl\/"},{"@type":"ListItem","position":2,"name":"Wsp\u00f3\u0142pracuj z nami"}]},{"@type":"WebSite","@id":"https:\/\/www.maxima-dia.com\/pl\/#website","url":"https:\/\/www.maxima-dia.com\/pl\/","name":"Maxima SpA","description":"Only for the real professionals","potentialAction":[{"@type":"SearchAction","target":{"@type":"EntryPoint","urlTemplate":"https:\/\/www.maxima-dia.com\/pl\/?s={search_term_string}"},"query-input":{"@type":"PropertyValueSpecification","valueRequired":true,"valueName":"search_term_string"}}],"inLanguage":"pl-PL"}]}},"_links":{"self":[{"href":"https:\/\/www.maxima-dia.com\/pl\/wp-json\/wp\/v2\/pages\/20063"}],"collection":[{"href":"https:\/\/www.maxima-dia.com\/pl\/wp-json\/wp\/v2\/pages"}],"about":[{"href":"https:\/\/www.maxima-dia.com\/pl\/wp-json\/wp\/v2\/types\/page"}],"author":[{"embeddable":true,"href":"https:\/\/www.maxima-dia.com\/pl\/wp-json\/wp\/v2\/users\/29"}],"replies":[{"embeddable":true,"href":"https:\/\/www.maxima-dia.com\/pl\/wp-json\/wp\/v2\/comments?post=20063"}],"version-history":[{"count":0,"href":"https:\/\/www.maxima-dia.com\/pl\/wp-json\/wp\/v2\/pages\/20063\/revisions"}],"wp:attachment":[{"href":"https:\/\/www.maxima-dia.com\/pl\/wp-json\/wp\/v2\/media?parent=20063"}],"curies":[{"name":"wp","href":"https:\/\/api.w.org\/{rel}","templated":true}]}}