{"id":20214,"date":"2019-06-20T11:13:19","date_gmt":"2019-06-20T09:13:19","guid":{"rendered":"https:\/\/www.maxima-dia.com\/?page_id=20214"},"modified":"2019-09-20T09:11:39","modified_gmt":"2019-09-20T07:11:39","slug":"uniwersalne-tarcze-laser","status":"publish","type":"page","link":"https:\/\/www.maxima-dia.com\/pl\/uniwersalne-tarcze-laser\/","title":{"rendered":"Uniwersalne tarcze Laser"},"content":{"rendered":"<div class=\"wpb-content-wrapper\"><p>[vc_row bottom_padding=&#8221;50&#8243;][vc_column width=&#8221;1\/1&#8243;][vc_column_text]Wszystkie uniwersalne tarcze segmentowe, zwane tak\u017ce LASER, s\u0105 przeznaczone przede wszystkim do maszyn do szlifowania. Niekt\u00f3re produkty s\u0105 r\u00f3wnie\u017c dost\u0119pne ze \u015brednicami do odpowiednimi stosowania na pi\u0142ach lub pi\u0142ach do ci\u0119cia.[\/vc_column_text][\/vc_column][\/vc_row][vc_row][vc_column width=&#8221;1\/1&#8243;][vc_basic_grid post_type=&#8221;custom&#8221; element_width=&#8221;3&#8243; gap=&#8221;10&#8243; item=&#8221;15386&#8243; initial_loading_animation=&#8221;none&#8221; grid_id=&#8221;vc_gid:1568281554376-c71171d1-8f4f-1&#8243; custom_query=&#8221;post_type=page&amp;post_parent=20214&amp;sort_column=menu_order&amp;orderby=menu_order&amp;order=ASC&amp;post_status=publish&amp;posts_per_page=100&#8243;][\/vc_column][\/vc_row]<\/p>\n<\/div>","protected":false},"excerpt":{"rendered":"<p>[vc_row bottom_padding=&#8221;50&#8243;][vc_column width=&#8221;1\/1&#8243;][vc_column_text]Wszystkie uniwersalne tarcze segmentowe, zwane tak\u017ce LASER, s\u0105 przeznaczone przede wszystkim do maszyn do szlifowania. Niekt\u00f3re produkty s\u0105 r\u00f3wnie\u017c dost\u0119pne ze \u015brednicami do odpowiednimi stosowania na pi\u0142ach lub pi\u0142ach do ci\u0119cia.[\/vc_column_text][\/vc_column][\/vc_row][vc_row][vc_column width=&#8221;1\/1&#8243;][vc_basic_grid post_type=&#8221;custom&#8221; element_width=&#8221;3&#8243; gap=&#8221;10&#8243; item=&#8221;15386&#8243; initial_loading_animation=&#8221;none&#8221; grid_id=&#8221;vc_gid:1568281554376-c71171d1-8f4f-1&#8243; custom_query=&#8221;post_type=page&amp;post_parent=20214&amp;sort_column=menu_order&amp;orderby=menu_order&amp;order=ASC&amp;post_status=publish&amp;posts_per_page=100&#8243;][\/vc_column][\/vc_row]<\/p>\n","protected":false},"author":29,"featured_media":0,"parent":0,"menu_order":307,"comment_status":"closed","ping_status":"closed","template":"","meta":{"ngg_post_thumbnail":0,"_joinchat":[],"footnotes":""},"class_list":["post-20214","page","type-page","status-publish","hentry"],"yoast_head":"<!-- This site is optimized with the Yoast SEO plugin v25.5 - https:\/\/yoast.com\/wordpress\/plugins\/seo\/ -->\n<title>Uniwersalne tarcze Laser - Maxima SpA<\/title>\n<meta name=\"robots\" content=\"index, follow, max-snippet:-1, max-image-preview:large, max-video-preview:-1\" \/>\n<link rel=\"canonical\" href=\"https:\/\/www.maxima-dia.com\/pl\/uniwersalne-tarcze-laser\/\" \/>\n<meta property=\"og:locale\" content=\"pl_PL\" \/>\n<meta property=\"og:type\" content=\"article\" \/>\n<meta property=\"og:title\" content=\"Uniwersalne tarcze Laser - Maxima SpA\" \/>\n<meta property=\"og:description\" content=\"[vc_row bottom_padding=&#8221;50&#8243;][vc_column width=&#8221;1\/1&#8243;][vc_column_text]Wszystkie uniwersalne tarcze segmentowe, zwane tak\u017ce LASER, s\u0105 przeznaczone przede wszystkim do maszyn do szlifowania. Niekt\u00f3re produkty s\u0105 r\u00f3wnie\u017c dost\u0119pne ze \u015brednicami do odpowiednimi stosowania na pi\u0142ach lub pi\u0142ach do ci\u0119cia.[\/vc_column_text][\/vc_column][\/vc_row][vc_row][vc_column width=&#8221;1\/1&#8243;][vc_basic_grid post_type=&#8221;custom&#8221; element_width=&#8221;3&#8243; gap=&#8221;10&#8243; item=&#8221;15386&#8243; initial_loading_animation=&#8221;none&#8221; grid_id=&#8221;vc_gid:1568281554376-c71171d1-8f4f-1&#8243; custom_query=&#8221;post_type=page&amp;post_parent=20214&amp;sort_column=menu_order&amp;orderby=menu_order&amp;order=ASC&amp;post_status=publish&amp;posts_per_page=100&#8243;][\/vc_column][\/vc_row]\" \/>\n<meta property=\"og:url\" content=\"https:\/\/www.maxima-dia.com\/pl\/uniwersalne-tarcze-laser\/\" \/>\n<meta property=\"og:site_name\" content=\"Maxima SpA\" \/>\n<meta property=\"article:publisher\" content=\"https:\/\/www.facebook.com\/Maxima-spa-106098566139597\" \/>\n<meta property=\"article:modified_time\" content=\"2019-09-20T07:11:39+00:00\" \/>\n<meta property=\"og:image\" content=\"https:\/\/www.maxima-dia.com\/wp-content\/uploads\/2022\/03\/MaximaSpA-logo-quadrato.jpg\" \/>\n\t<meta property=\"og:image:width\" content=\"500\" \/>\n\t<meta property=\"og:image:height\" content=\"500\" \/>\n\t<meta property=\"og:image:type\" content=\"image\/jpeg\" \/>\n<meta name=\"twitter:card\" content=\"summary_large_image\" \/>\n<meta name=\"twitter:site\" content=\"@Maximadia\" \/>\n<meta name=\"twitter:label1\" content=\"Szacowany czas czytania\" \/>\n\t<meta name=\"twitter:data1\" content=\"1 minuta\" \/>\n<script type=\"application\/ld+json\" class=\"yoast-schema-graph\">{\"@context\":\"https:\/\/schema.org\",\"@graph\":[{\"@type\":\"WebPage\",\"@id\":\"https:\/\/www.maxima-dia.com\/pl\/uniwersalne-tarcze-laser\/\",\"url\":\"https:\/\/www.maxima-dia.com\/pl\/uniwersalne-tarcze-laser\/\",\"name\":\"Uniwersalne tarcze Laser - Maxima SpA\",\"isPartOf\":{\"@id\":\"https:\/\/www.maxima-dia.com\/pl\/#website\"},\"datePublished\":\"2019-06-20T09:13:19+00:00\",\"dateModified\":\"2019-09-20T07:11:39+00:00\",\"breadcrumb\":{\"@id\":\"https:\/\/www.maxima-dia.com\/pl\/uniwersalne-tarcze-laser\/#breadcrumb\"},\"inLanguage\":\"pl-PL\",\"potentialAction\":[{\"@type\":\"ReadAction\",\"target\":[\"https:\/\/www.maxima-dia.com\/pl\/uniwersalne-tarcze-laser\/\"]}]},{\"@type\":\"BreadcrumbList\",\"@id\":\"https:\/\/www.maxima-dia.com\/pl\/uniwersalne-tarcze-laser\/#breadcrumb\",\"itemListElement\":[{\"@type\":\"ListItem\",\"position\":1,\"name\":\"Home\",\"item\":\"https:\/\/www.maxima-dia.com\/pl\/\"},{\"@type\":\"ListItem\",\"position\":2,\"name\":\"Uniwersalne tarcze Laser\"}]},{\"@type\":\"WebSite\",\"@id\":\"https:\/\/www.maxima-dia.com\/pl\/#website\",\"url\":\"https:\/\/www.maxima-dia.com\/pl\/\",\"name\":\"Maxima SpA\",\"description\":\"Only for the real professionals\",\"potentialAction\":[{\"@type\":\"SearchAction\",\"target\":{\"@type\":\"EntryPoint\",\"urlTemplate\":\"https:\/\/www.maxima-dia.com\/pl\/?s={search_term_string}\"},\"query-input\":{\"@type\":\"PropertyValueSpecification\",\"valueRequired\":true,\"valueName\":\"search_term_string\"}}],\"inLanguage\":\"pl-PL\"}]}<\/script>\n<!-- \/ Yoast SEO plugin. -->","yoast_head_json":{"title":"Uniwersalne tarcze Laser - Maxima SpA","robots":{"index":"index","follow":"follow","max-snippet":"max-snippet:-1","max-image-preview":"max-image-preview:large","max-video-preview":"max-video-preview:-1"},"canonical":"https:\/\/www.maxima-dia.com\/pl\/uniwersalne-tarcze-laser\/","og_locale":"pl_PL","og_type":"article","og_title":"Uniwersalne tarcze Laser - Maxima SpA","og_description":"[vc_row bottom_padding=&#8221;50&#8243;][vc_column width=&#8221;1\/1&#8243;][vc_column_text]Wszystkie uniwersalne tarcze segmentowe, zwane tak\u017ce LASER, s\u0105 przeznaczone przede wszystkim do maszyn do szlifowania. Niekt\u00f3re produkty s\u0105 r\u00f3wnie\u017c dost\u0119pne ze \u015brednicami do odpowiednimi stosowania na pi\u0142ach lub pi\u0142ach do ci\u0119cia.[\/vc_column_text][\/vc_column][\/vc_row][vc_row][vc_column width=&#8221;1\/1&#8243;][vc_basic_grid post_type=&#8221;custom&#8221; element_width=&#8221;3&#8243; gap=&#8221;10&#8243; item=&#8221;15386&#8243; initial_loading_animation=&#8221;none&#8221; grid_id=&#8221;vc_gid:1568281554376-c71171d1-8f4f-1&#8243; custom_query=&#8221;post_type=page&amp;post_parent=20214&amp;sort_column=menu_order&amp;orderby=menu_order&amp;order=ASC&amp;post_status=publish&amp;posts_per_page=100&#8243;][\/vc_column][\/vc_row]","og_url":"https:\/\/www.maxima-dia.com\/pl\/uniwersalne-tarcze-laser\/","og_site_name":"Maxima SpA","article_publisher":"https:\/\/www.facebook.com\/Maxima-spa-106098566139597","article_modified_time":"2019-09-20T07:11:39+00:00","og_image":[{"width":500,"height":500,"url":"https:\/\/www.maxima-dia.com\/wp-content\/uploads\/2022\/03\/MaximaSpA-logo-quadrato.jpg","type":"image\/jpeg"}],"twitter_card":"summary_large_image","twitter_site":"@Maximadia","twitter_misc":{"Szacowany czas czytania":"1 minuta"},"schema":{"@context":"https:\/\/schema.org","@graph":[{"@type":"WebPage","@id":"https:\/\/www.maxima-dia.com\/pl\/uniwersalne-tarcze-laser\/","url":"https:\/\/www.maxima-dia.com\/pl\/uniwersalne-tarcze-laser\/","name":"Uniwersalne tarcze Laser - Maxima SpA","isPartOf":{"@id":"https:\/\/www.maxima-dia.com\/pl\/#website"},"datePublished":"2019-06-20T09:13:19+00:00","dateModified":"2019-09-20T07:11:39+00:00","breadcrumb":{"@id":"https:\/\/www.maxima-dia.com\/pl\/uniwersalne-tarcze-laser\/#breadcrumb"},"inLanguage":"pl-PL","potentialAction":[{"@type":"ReadAction","target":["https:\/\/www.maxima-dia.com\/pl\/uniwersalne-tarcze-laser\/"]}]},{"@type":"BreadcrumbList","@id":"https:\/\/www.maxima-dia.com\/pl\/uniwersalne-tarcze-laser\/#breadcrumb","itemListElement":[{"@type":"ListItem","position":1,"name":"Home","item":"https:\/\/www.maxima-dia.com\/pl\/"},{"@type":"ListItem","position":2,"name":"Uniwersalne tarcze Laser"}]},{"@type":"WebSite","@id":"https:\/\/www.maxima-dia.com\/pl\/#website","url":"https:\/\/www.maxima-dia.com\/pl\/","name":"Maxima SpA","description":"Only for the real professionals","potentialAction":[{"@type":"SearchAction","target":{"@type":"EntryPoint","urlTemplate":"https:\/\/www.maxima-dia.com\/pl\/?s={search_term_string}"},"query-input":{"@type":"PropertyValueSpecification","valueRequired":true,"valueName":"search_term_string"}}],"inLanguage":"pl-PL"}]}},"_links":{"self":[{"href":"https:\/\/www.maxima-dia.com\/pl\/wp-json\/wp\/v2\/pages\/20214"}],"collection":[{"href":"https:\/\/www.maxima-dia.com\/pl\/wp-json\/wp\/v2\/pages"}],"about":[{"href":"https:\/\/www.maxima-dia.com\/pl\/wp-json\/wp\/v2\/types\/page"}],"author":[{"embeddable":true,"href":"https:\/\/www.maxima-dia.com\/pl\/wp-json\/wp\/v2\/users\/29"}],"replies":[{"embeddable":true,"href":"https:\/\/www.maxima-dia.com\/pl\/wp-json\/wp\/v2\/comments?post=20214"}],"version-history":[{"count":0,"href":"https:\/\/www.maxima-dia.com\/pl\/wp-json\/wp\/v2\/pages\/20214\/revisions"}],"wp:attachment":[{"href":"https:\/\/www.maxima-dia.com\/pl\/wp-json\/wp\/v2\/media?parent=20214"}],"curies":[{"name":"wp","href":"https:\/\/api.w.org\/{rel}","templated":true}]}}