{"id":20337,"date":"2019-06-28T11:35:29","date_gmt":"2019-06-28T09:35:29","guid":{"rendered":"https:\/\/www.maxima-dia.com\/?page_id=20337"},"modified":"2021-06-25T12:13:17","modified_gmt":"2021-06-25T10:13:17","slug":"tarcze-scierne","status":"publish","type":"page","link":"https:\/\/www.maxima-dia.com\/pl\/tarcze-dedykowane\/tarcze-scierne\/","title":{"rendered":"Tarcze \u015bcierne"},"content":{"rendered":"<div class=\"wpb-content-wrapper\"><p>[vc_row][vc_column text_align=&#8221;center&#8221; width=&#8221;1\/4&#8243;][vc_column_text]<a href=\"\/wp-content\/uploads\/2017\/02\/mole-abrasive-inox-argento.jpg\"><img loading=\"lazy\" decoding=\"async\" class=\"alignnone wp-image-13889 size-thumbnail\" src=\"\/wp-content\/uploads\/2017\/02\/mole-abrasive-inox-argento-150x150.jpg\" width=\"150\" height=\"150\" srcset=\"https:\/\/www.maxima-dia.com\/wp-content\/uploads\/2017\/02\/mole-abrasive-inox-argento-150x150.jpg 150w, https:\/\/www.maxima-dia.com\/wp-content\/uploads\/2017\/02\/mole-abrasive-inox-argento-300x300.jpg 300w, https:\/\/www.maxima-dia.com\/wp-content\/uploads\/2017\/02\/mole-abrasive-inox-argento-768x768.jpg 768w, https:\/\/www.maxima-dia.com\/wp-content\/uploads\/2017\/02\/mole-abrasive-inox-argento-1024x1024.jpg 1024w, https:\/\/www.maxima-dia.com\/wp-content\/uploads\/2017\/02\/mole-abrasive-inox-argento-80x80.jpg 80w, https:\/\/www.maxima-dia.com\/wp-content\/uploads\/2017\/02\/mole-abrasive-inox-argento-500x500.jpg 500w, https:\/\/www.maxima-dia.com\/wp-content\/uploads\/2017\/02\/mole-abrasive-inox-argento-1000x1000.jpg 1000w, https:\/\/www.maxima-dia.com\/wp-content\/uploads\/2017\/02\/mole-abrasive-inox-argento.jpg 1200w\" sizes=\"(max-width: 150px) 100vw, 150px\" \/><\/a><\/p>\n<p><img loading=\"lazy\" decoding=\"async\" class=\"wp-image-14985 alignleft\" src=\"\/wp-content\/uploads\/2017\/03\/made-in-italy-150x150.png\" width=\"80\" height=\"80\"><br \/>\nPATENTED<br \/>\nOpatentowany system wentylacji[\/vc_column_text][vc_column_text]<a href=\"\/wp-content\/uploads\/2017\/02\/mole-abrasive-ferro-amaranto.jpg\"><img loading=\"lazy\" decoding=\"async\" class=\"alignnone wp-image-13887 size-thumbnail\" src=\"\/wp-content\/uploads\/2017\/02\/mole-abrasive-ferro-amaranto-150x150.jpg\" width=\"150\" height=\"150\" srcset=\"https:\/\/www.maxima-dia.com\/wp-content\/uploads\/2017\/02\/mole-abrasive-ferro-amaranto-150x150.jpg 150w, https:\/\/www.maxima-dia.com\/wp-content\/uploads\/2017\/02\/mole-abrasive-ferro-amaranto-300x300.jpg 300w, https:\/\/www.maxima-dia.com\/wp-content\/uploads\/2017\/02\/mole-abrasive-ferro-amaranto-768x768.jpg 768w, https:\/\/www.maxima-dia.com\/wp-content\/uploads\/2017\/02\/mole-abrasive-ferro-amaranto-1024x1024.jpg 1024w, https:\/\/www.maxima-dia.com\/wp-content\/uploads\/2017\/02\/mole-abrasive-ferro-amaranto-80x80.jpg 80w, https:\/\/www.maxima-dia.com\/wp-content\/uploads\/2017\/02\/mole-abrasive-ferro-amaranto-500x500.jpg 500w, https:\/\/www.maxima-dia.com\/wp-content\/uploads\/2017\/02\/mole-abrasive-ferro-amaranto-1000x1000.jpg 1000w, https:\/\/www.maxima-dia.com\/wp-content\/uploads\/2017\/02\/mole-abrasive-ferro-amaranto.jpg 1200w\" sizes=\"(max-width: 150px) 100vw, 150px\" \/><\/a><\/p>\n<p><img loading=\"lazy\" decoding=\"async\" class=\"wp-image-14985 alignleft\" src=\"\/wp-content\/uploads\/2017\/03\/made-in-italy-150x150.png\" width=\"80\" height=\"80\"><br \/>\nPATENTED<br \/>\nOpatentowany system wentylacji[\/vc_column_text][vc_column_text]<a href=\"\/wp-content\/uploads\/2017\/02\/mole-abrasive-ferro-verde.jpg\"><img loading=\"lazy\" decoding=\"async\" class=\"alignnone wp-image-13888 size-thumbnail\" src=\"\/wp-content\/uploads\/2017\/02\/mole-abrasive-ferro-verde-150x150.jpg\" width=\"150\" height=\"150\" srcset=\"https:\/\/www.maxima-dia.com\/wp-content\/uploads\/2017\/02\/mole-abrasive-ferro-verde-150x150.jpg 150w, https:\/\/www.maxima-dia.com\/wp-content\/uploads\/2017\/02\/mole-abrasive-ferro-verde-300x300.jpg 300w, https:\/\/www.maxima-dia.com\/wp-content\/uploads\/2017\/02\/mole-abrasive-ferro-verde-768x768.jpg 768w, https:\/\/www.maxima-dia.com\/wp-content\/uploads\/2017\/02\/mole-abrasive-ferro-verde-1024x1024.jpg 1024w, https:\/\/www.maxima-dia.com\/wp-content\/uploads\/2017\/02\/mole-abrasive-ferro-verde-80x80.jpg 80w, https:\/\/www.maxima-dia.com\/wp-content\/uploads\/2017\/02\/mole-abrasive-ferro-verde-500x500.jpg 500w, https:\/\/www.maxima-dia.com\/wp-content\/uploads\/2017\/02\/mole-abrasive-ferro-verde-1000x1000.jpg 1000w, https:\/\/www.maxima-dia.com\/wp-content\/uploads\/2017\/02\/mole-abrasive-ferro-verde.jpg 1200w\" sizes=\"(max-width: 150px) 100vw, 150px\" \/><\/a><\/p>\n<p><img loading=\"lazy\" decoding=\"async\" class=\"wp-image-14985 alignleft\" src=\"\/wp-content\/uploads\/2017\/03\/made-in-italy-150x150.png\" width=\"80\" height=\"80\"><br \/>\nPATENTED<br \/>\nOpatentowany system wentylacji[\/vc_column_text][\/vc_column][vc_column width=&#8221;3\/4&#8243;][vc_column_text]S\u0105 one szczeg\u00f3lnie odpowiednie do uzyskania maksymalnej wydajno\u015bci ci\u0119cia \u017celaza i stali. W por\u00f3wnaniu ze standardowymi tarczami charakteryzuj\u0105 si\u0119 wyj\u0105tkowym bezpiecze\u0144stwem i \u017cywotno\u015bci\u0105, a tak\u017ce wysok\u0105 wydajno\u015bci\u0105 ci\u0119cia. Tarcze \u015bcierne osi\u0105gaj\u0105 maksymaln\u0105 skuteczno\u015b\u0107 ci\u0119cia o grubo\u015bci 1,0mm przy najwy\u017cszej pr\u0119dko\u015bci obrotowej. Odpowiedni\u0105 r\u00f3wnowag\u0119 mi\u0119dzy pr\u0119dko\u015bci\u0105, \u017cywotno\u015bci\u0105 i zdolno\u015bci\u0105 penetracji uzyskuje si\u0119 przy grubo\u015bci 1,3.<\/p>\n<p>\u017belazo Amarant i stal nierdzewna Srebro 1,3, 1,6 i 2,0 maj\u0105 helikoidalny wz\u00f3r, kt\u00f3ry okre\u015bla niski wsp\u00f3\u0142czynnik tarcia podczas ci\u0119cia i zwi\u0119ksza ruch powietrza, co poprawia ch\u0142odzenie tarczy \u015bciernej. Iron Green to \u015bciernica idealna dla tych, kt\u00f3rzy potrzebuj\u0105 odpowiedniej r\u00f3wnowagi mi\u0119dzy wysok\u0105 wydajno\u015bci\u0105 ci\u0119cia, bezpiecze\u0144stwem, trwa\u0142o\u015bci\u0105 i cen\u0105.<\/p>\n<p>Nie mo\u017cna ich u\u017cywa\u0107 do szlifowania. Tarcze \u015bcierne s\u0105 sprzedawane w praktycznych, opatentowanych plastikowych pude\u0142kach, kt\u00f3re chroni\u0105 je przed zmianami wilgotno\u015bci lub ci\u015bnienia i umo\u017cliwiaj\u0105 lepsze przechowywanie.<\/p>\n<table class=\"tabellatecnica mole\" style=\"width: 80%;\" border=\"0\" cellspacing=\"0\" cellpadding=\"0\">\n<thead>\n<tr>\n<td class=\"testatafirst\">Tabela techniczna<\/td>\n<td class=\"testatacol\">Stal nierdzewna srebrny<\/td>\n<td class=\"testatacol\">\u017belazny Amarant<\/td>\n<td class=\"testatalast\">Iron Green<\/td>\n<\/tr>\n<\/thead>\n<tbody>\n<tr>\n<td class=\"prima\">Niskostopowa stal w\u0119glowa<\/td>\n<td class=\"seconda\"><b class=\"txtred\">\u2605<\/b><b class=\"txtred\">\u2605<\/b><b class=\"txtred\">\u2605<\/b><b class=\"txtred\">\u2605<\/b><\/td>\n<td class=\"terza\"><b class=\"txtred\">\u2605<\/b><b class=\"txtred\">\u2605<\/b><b class=\"txtred\">\u2605<\/b><b class=\"txtred\">\u2605<\/b><b class=\"txtred\">\u2605<\/b><\/td>\n<td class=\"quarta\"><b class=\"txtred\">\u2605<\/b><b class=\"txtred\">\u2605<\/b><b class=\"txtred\">\u2605<\/b><b class=\"txtred\">\u2605<\/b><\/td>\n<\/tr>\n<tr>\n<td class=\"prima\">Wysokostopowa stal w\u0119glowa<\/td>\n<td class=\"seconda\"><b class=\"txtred\">\u2605<\/b><b class=\"txtred\">\u2605<\/b><b class=\"txtred\">\u2605<\/b><b class=\"txtred\">\u2605<\/b><\/td>\n<td class=\"terza\"><b class=\"txtred\">\u2605<\/b><b class=\"txtred\">\u2605<\/b><b class=\"txtred\">\u2605<\/b><b class=\"txtred\">\u2605<\/b><b class=\"txtred\">\u2605<\/b><\/td>\n<td class=\"quarta\"><b class=\"txtred\">\u2605<\/b><b class=\"txtred\">\u2605<\/b><b class=\"txtred\">\u2605<\/b><b class=\"txtred\">\u2605<\/b>&nbsp;<\/td>\n<\/tr>\n<tr>\n<td class=\"prima\">Niskostopowa stal nierdzewna<\/td>\n<td class=\"seconda\"><b class=\"txtred\">\u2605<\/b><b class=\"txtred\">\u2605<\/b><b class=\"txtred\">\u2605<\/b><b class=\"txtred\">\u2605<\/b><b class=\"txtred\">\u2605<\/b><\/td>\n<td class=\"terza\"><b class=\"txtred\">\u2605<\/b><b class=\"txtred\">\u2605<\/b><b class=\"txtred\">\u2605<\/b><b class=\"txtred\">\u2605<\/b><\/td>\n<td class=\"quarta\"><b class=\"txtred\">\u2605<\/b><b class=\"txtred\">\u2605<\/b><\/td>\n<\/tr>\n<tr>\n<td class=\"prima\">Wysokostopowa stal nierdzewna<\/td>\n<td class=\"seconda\"><b class=\"txtred\">\u2605<\/b><b class=\"txtred\">\u2605<\/b><b class=\"txtred\">\u2605<\/b><b class=\"txtred\">\u2605<\/b><b class=\"txtred\">\u2605<\/b><\/td>\n<td class=\"terza\"><b class=\"txtred\">\u2605<\/b><b class=\"txtred\">\u2605<\/b><b class=\"txtred\">\u2605<\/b><\/td>\n<td class=\"quarta\"><b class=\"txtred\">\u2605<\/b><b class=\"txtred\">\u2605<\/b><\/td>\n<\/tr>\n<tr>\n<td class=\"prima\">\u017beliwo<\/td>\n<td class=\"seconda\"><b class=\"txtred\">\u2605<\/b><b class=\"txtred\">\u2605<\/b><b class=\"txtred\">\u2605<\/b><b class=\"txtred\">\u2605<\/b><\/td>\n<td class=\"terza\"><b class=\"txtred\">\u2605<\/b><b class=\"txtred\">\u2605<\/b><\/td>\n<td class=\"quarta\"><b class=\"txtred\">\u2605<\/b><b class=\"txtred\">\u2605<\/b><\/td>\n<\/tr>\n<tr>\n<td class=\"prima\">Pr\u0119dko\u015b\u0107 ci\u0119cia<\/td>\n<td class=\"seconda\"><b class=\"txtred\">\u2605<\/b><b class=\"txtred\">\u2605<\/b><b class=\"txtred\">\u2605<\/b><b class=\"txtred\">\u2605<\/b><b class=\"txtred\">\u2605<\/b><\/td>\n<td class=\"terza\"><b class=\"txtred\">\u2605<\/b><b class=\"txtred\">\u2605<\/b><b class=\"txtred\">\u2605<\/b><b class=\"txtred\">\u2605<\/b><b class=\"txtred\">\u2605<\/b><\/td>\n<td class=\"quarta\"><b class=\"txtred\">\u2605<\/b><b class=\"txtred\">\u2605<\/b><b class=\"txtred\">\u2605<\/b><b class=\"txtred\">\u2605<\/b><\/td>\n<\/tr>\n<tr>\n<td class=\"prima\">Wa\u017cno\u015b\u0107 od daty produkcji<\/td>\n<td class=\"seconda\"><span style=\"color: #ff0000;\"><strong>3 lata<\/strong><\/span><\/td>\n<td class=\"terza\"><span style=\"color: #ff0000;\"><strong>3 lata<\/strong><\/span><\/td>\n<td class=\"quarta\"><span style=\"color: #ff0000;\"><strong>3 lata<\/strong><\/span><\/td>\n<\/tr>\n<tr>\n<td class=\"legenda\" colspan=\"4\"><strong>Wystarczaj\u0105cy<\/strong> <b class=\"txtred\">\u2605<\/b> &nbsp;&nbsp; &nbsp;<strong>\u015aredni<\/strong><b class=\"txtred\">\u2605<\/b><b class=\"txtred\">\u2605<\/b> &nbsp;&nbsp; &nbsp;<strong>Dobry<\/strong><b class=\"txtred\">\u2605<\/b><b class=\"txtred\">\u2605<\/b><b class=\"txtred\">\u2605<\/b> &nbsp;&nbsp; &nbsp;<strong>Doskona\u0142y<\/strong><b class=\"txtred\">\u2605<\/b><b class=\"txtred\">\u2605<\/b><b class=\"txtred\">\u2605<\/b><b class=\"txtred\">\u2605<\/b> &nbsp;&nbsp; &nbsp;<strong>Wspania\u0142y<\/strong>&nbsp;<b class=\"txtred\">\u2605<\/b><b class=\"txtred\">\u2605<\/b><b class=\"txtred\">\u2605<\/b><b class=\"txtred\">\u2605<\/b><b class=\"txtred\">\u2605<\/b><\/td>\n<\/tr>\n<\/tbody>\n<\/table>\n<p>&nbsp;<\/p>\n<table class=\"tabellatecnica\" style=\"width: 80%;\" border=\"0\" cellspacing=\"0\" cellpadding=\"0\">\n<thead>\n<tr>\n<td class=\"testata\">Dost\u0119pne \u015brednice<\/td>\n<\/tr>\n<\/thead>\n<tbody>\n<tr>\n<td><img loading=\"lazy\" decoding=\"async\" class=\"alignleft\" style=\"margin-bottom: 30px;\" src=\"\/wp-content\/uploads\/2013\/10\/s-taglio1.png\" alt=\"s-taglio1\" width=\"64\" height=\"30\"> 115-125-230<\/td>\n<\/tr>\n<\/tbody>\n<\/table>\n<p>&nbsp;[\/vc_column_text][\/vc_column][\/vc_row]<\/p>\n<\/div>","protected":false},"excerpt":{"rendered":"<p>[vc_row][vc_column text_align=&#8221;center&#8221; width=&#8221;1\/4&#8243;][vc_column_text] PATENTED Opatentowany system wentylacji[\/vc_column_text][vc_column_text] PATENTED Opatentowany system wentylacji[\/vc_column_text][vc_column_text] PATENTED Opatentowany system wentylacji[\/vc_column_text][\/vc_column][vc_column width=&#8221;3\/4&#8243;][vc_column_text]S\u0105 one szczeg\u00f3lnie odpowiednie do uzyskania maksymalnej wydajno\u015bci ci\u0119cia \u017celaza i stali. W por\u00f3wnaniu ze standardowymi tarczami charakteryzuj\u0105 si\u0119 wyj\u0105tkowym bezpiecze\u0144stwem i \u017cywotno\u015bci\u0105, a tak\u017ce wysok\u0105 wydajno\u015bci\u0105 ci\u0119cia. Tarcze \u015bcierne osi\u0105gaj\u0105 maksymaln\u0105 skuteczno\u015b\u0107 ci\u0119cia o grubo\u015bci 1,0mm przy najwy\u017cszej pr\u0119dko\u015bci obrotowej. Odpowiedni\u0105 r\u00f3wnowag\u0119 mi\u0119dzy pr\u0119dko\u015bci\u0105, \u017cywotno\u015bci\u0105 i zdolno\u015bci\u0105 penetracji uzyskuje si\u0119 przy grubo\u015bci 1,3. \u017belazo Amarant i stal nierdzewna Srebro 1,3, 1,6 i 2,0 maj\u0105 helikoidalny wz\u00f3r, kt\u00f3ry okre\u015bla niski wsp\u00f3\u0142czynnik tarcia podczas ci\u0119cia i zwi\u0119ksza ruch powietrza, co poprawia ch\u0142odzenie tarczy \u015bciernej. Iron Green to \u015bciernica idealna dla tych, kt\u00f3rzy potrzebuj\u0105 odpowiedniej r\u00f3wnowagi mi\u0119dzy wysok\u0105 wydajno\u015bci\u0105 ci\u0119cia, bezpiecze\u0144stwem, trwa\u0142o\u015bci\u0105 i cen\u0105. Nie mo\u017cna ich u\u017cywa\u0107 do szlifowania. Tarcze \u015bcierne s\u0105 sprzedawane w praktycznych, opatentowanych plastikowych pude\u0142kach, kt\u00f3re chroni\u0105 je przed zmianami wilgotno\u015bci lub ci\u015bnienia i umo\u017cliwiaj\u0105 lepsze przechowywanie. Tabela techniczna Stal nierdzewna srebrny \u017belazny Amarant Iron Green Niskostopowa stal w\u0119glowa \u2605\u2605\u2605\u2605 \u2605\u2605\u2605\u2605\u2605 \u2605\u2605\u2605\u2605 Wysokostopowa stal w\u0119glowa \u2605\u2605\u2605\u2605 \u2605\u2605\u2605\u2605\u2605 \u2605\u2605\u2605\u2605&nbsp; Niskostopowa stal nierdzewna \u2605\u2605\u2605\u2605\u2605 \u2605\u2605\u2605\u2605 \u2605\u2605 Wysokostopowa stal nierdzewna \u2605\u2605\u2605\u2605\u2605 \u2605\u2605\u2605 \u2605\u2605 \u017beliwo \u2605\u2605\u2605\u2605 \u2605\u2605 \u2605\u2605 Pr\u0119dko\u015b\u0107 ci\u0119cia \u2605\u2605\u2605\u2605\u2605 \u2605\u2605\u2605\u2605\u2605 \u2605\u2605\u2605\u2605 Wa\u017cno\u015b\u0107 od daty produkcji 3 lata 3 lata 3 lata Wystarczaj\u0105cy \u2605 &nbsp;&nbsp; &nbsp;\u015aredni\u2605\u2605 [&hellip;]<\/p>\n","protected":false},"author":29,"featured_media":20339,"parent":20331,"menu_order":5,"comment_status":"closed","ping_status":"closed","template":"","meta":{"ngg_post_thumbnail":0,"_joinchat":[],"footnotes":""},"class_list":["post-20337","page","type-page","status-publish","has-post-thumbnail","hentry"],"yoast_head":"<!-- This site is optimized with the Yoast SEO plugin v25.5 - https:\/\/yoast.com\/wordpress\/plugins\/seo\/ -->\n<title>Tarcze \u015bcierne - Maxima SpA<\/title>\n<meta name=\"robots\" content=\"index, follow, max-snippet:-1, max-image-preview:large, max-video-preview:-1\" \/>\n<link rel=\"canonical\" href=\"https:\/\/www.maxima-dia.com\/pl\/tarcze-dedykowane\/tarcze-scierne\/\" \/>\n<meta property=\"og:locale\" content=\"pl_PL\" \/>\n<meta property=\"og:type\" content=\"article\" \/>\n<meta property=\"og:title\" content=\"Tarcze \u015bcierne - Maxima SpA\" \/>\n<meta property=\"og:description\" content=\"[vc_row][vc_column text_align=&#8221;center&#8221; width=&#8221;1\/4&#8243;][vc_column_text] PATENTED Opatentowany system wentylacji[\/vc_column_text][vc_column_text] PATENTED Opatentowany system wentylacji[\/vc_column_text][vc_column_text] PATENTED Opatentowany system wentylacji[\/vc_column_text][\/vc_column][vc_column width=&#8221;3\/4&#8243;][vc_column_text]S\u0105 one szczeg\u00f3lnie odpowiednie do uzyskania maksymalnej wydajno\u015bci ci\u0119cia \u017celaza i stali. W por\u00f3wnaniu ze standardowymi tarczami charakteryzuj\u0105 si\u0119 wyj\u0105tkowym bezpiecze\u0144stwem i \u017cywotno\u015bci\u0105, a tak\u017ce wysok\u0105 wydajno\u015bci\u0105 ci\u0119cia. Tarcze \u015bcierne osi\u0105gaj\u0105 maksymaln\u0105 skuteczno\u015b\u0107 ci\u0119cia o grubo\u015bci 1,0mm przy najwy\u017cszej pr\u0119dko\u015bci obrotowej. Odpowiedni\u0105 r\u00f3wnowag\u0119 mi\u0119dzy pr\u0119dko\u015bci\u0105, \u017cywotno\u015bci\u0105 i zdolno\u015bci\u0105 penetracji uzyskuje si\u0119 przy grubo\u015bci 1,3. \u017belazo Amarant i stal nierdzewna Srebro 1,3, 1,6 i 2,0 maj\u0105 helikoidalny wz\u00f3r, kt\u00f3ry okre\u015bla niski wsp\u00f3\u0142czynnik tarcia podczas ci\u0119cia i zwi\u0119ksza ruch powietrza, co poprawia ch\u0142odzenie tarczy \u015bciernej. Iron Green to \u015bciernica idealna dla tych, kt\u00f3rzy potrzebuj\u0105 odpowiedniej r\u00f3wnowagi mi\u0119dzy wysok\u0105 wydajno\u015bci\u0105 ci\u0119cia, bezpiecze\u0144stwem, trwa\u0142o\u015bci\u0105 i cen\u0105. Nie mo\u017cna ich u\u017cywa\u0107 do szlifowania. Tarcze \u015bcierne s\u0105 sprzedawane w praktycznych, opatentowanych plastikowych pude\u0142kach, kt\u00f3re chroni\u0105 je przed zmianami wilgotno\u015bci lub ci\u015bnienia i umo\u017cliwiaj\u0105 lepsze przechowywanie. Tabela techniczna Stal nierdzewna srebrny \u017belazny Amarant Iron Green Niskostopowa stal w\u0119glowa \u2605\u2605\u2605\u2605 \u2605\u2605\u2605\u2605\u2605 \u2605\u2605\u2605\u2605 Wysokostopowa stal w\u0119glowa \u2605\u2605\u2605\u2605 \u2605\u2605\u2605\u2605\u2605 \u2605\u2605\u2605\u2605&nbsp; Niskostopowa stal nierdzewna \u2605\u2605\u2605\u2605\u2605 \u2605\u2605\u2605\u2605 \u2605\u2605 Wysokostopowa stal nierdzewna \u2605\u2605\u2605\u2605\u2605 \u2605\u2605\u2605 \u2605\u2605 \u017beliwo \u2605\u2605\u2605\u2605 \u2605\u2605 \u2605\u2605 Pr\u0119dko\u015b\u0107 ci\u0119cia \u2605\u2605\u2605\u2605\u2605 \u2605\u2605\u2605\u2605\u2605 \u2605\u2605\u2605\u2605 Wa\u017cno\u015b\u0107 od daty produkcji 3 lata 3 lata 3 lata Wystarczaj\u0105cy \u2605 &nbsp;&nbsp; &nbsp;\u015aredni\u2605\u2605 [&hellip;]\" \/>\n<meta property=\"og:url\" content=\"https:\/\/www.maxima-dia.com\/pl\/tarcze-dedykowane\/tarcze-scierne\/\" \/>\n<meta property=\"og:site_name\" content=\"Maxima SpA\" \/>\n<meta property=\"article:publisher\" content=\"https:\/\/www.facebook.com\/Maxima-spa-106098566139597\" \/>\n<meta property=\"article:modified_time\" content=\"2021-06-25T10:13:17+00:00\" \/>\n<meta property=\"og:image\" content=\"https:\/\/www.maxima-dia.com\/wp-content\/uploads\/2017\/02\/mole-abrasive-ferro-verde.jpg\" \/>\n\t<meta property=\"og:image:width\" content=\"1200\" \/>\n\t<meta property=\"og:image:height\" content=\"1200\" \/>\n\t<meta property=\"og:image:type\" content=\"image\/jpeg\" \/>\n<meta name=\"twitter:card\" content=\"summary_large_image\" \/>\n<meta name=\"twitter:site\" content=\"@Maximadia\" \/>\n<meta name=\"twitter:label1\" content=\"Szacowany czas czytania\" \/>\n\t<meta name=\"twitter:data1\" content=\"20 minut\" \/>\n<script type=\"application\/ld+json\" class=\"yoast-schema-graph\">{\"@context\":\"https:\/\/schema.org\",\"@graph\":[{\"@type\":\"WebPage\",\"@id\":\"https:\/\/www.maxima-dia.com\/pl\/tarcze-dedykowane\/tarcze-scierne\/\",\"url\":\"https:\/\/www.maxima-dia.com\/pl\/tarcze-dedykowane\/tarcze-scierne\/\",\"name\":\"Tarcze \u015bcierne - Maxima SpA\",\"isPartOf\":{\"@id\":\"https:\/\/www.maxima-dia.com\/pl\/#website\"},\"primaryImageOfPage\":{\"@id\":\"https:\/\/www.maxima-dia.com\/pl\/tarcze-dedykowane\/tarcze-scierne\/#primaryimage\"},\"image\":{\"@id\":\"https:\/\/www.maxima-dia.com\/pl\/tarcze-dedykowane\/tarcze-scierne\/#primaryimage\"},\"thumbnailUrl\":\"https:\/\/www.maxima-dia.com\/wp-content\/uploads\/2017\/02\/mole-abrasive-ferro-verde.jpg\",\"datePublished\":\"2019-06-28T09:35:29+00:00\",\"dateModified\":\"2021-06-25T10:13:17+00:00\",\"breadcrumb\":{\"@id\":\"https:\/\/www.maxima-dia.com\/pl\/tarcze-dedykowane\/tarcze-scierne\/#breadcrumb\"},\"inLanguage\":\"pl-PL\",\"potentialAction\":[{\"@type\":\"ReadAction\",\"target\":[\"https:\/\/www.maxima-dia.com\/pl\/tarcze-dedykowane\/tarcze-scierne\/\"]}]},{\"@type\":\"ImageObject\",\"inLanguage\":\"pl-PL\",\"@id\":\"https:\/\/www.maxima-dia.com\/pl\/tarcze-dedykowane\/tarcze-scierne\/#primaryimage\",\"url\":\"https:\/\/www.maxima-dia.com\/wp-content\/uploads\/2017\/02\/mole-abrasive-ferro-verde.jpg\",\"contentUrl\":\"https:\/\/www.maxima-dia.com\/wp-content\/uploads\/2017\/02\/mole-abrasive-ferro-verde.jpg\",\"width\":1200,\"height\":1200},{\"@type\":\"BreadcrumbList\",\"@id\":\"https:\/\/www.maxima-dia.com\/pl\/tarcze-dedykowane\/tarcze-scierne\/#breadcrumb\",\"itemListElement\":[{\"@type\":\"ListItem\",\"position\":1,\"name\":\"Home\",\"item\":\"https:\/\/www.maxima-dia.com\/pl\/\"},{\"@type\":\"ListItem\",\"position\":2,\"name\":\"Tarcze dedykowane\",\"item\":\"https:\/\/www.maxima-dia.com\/pl\/tarcze-dedykowane\/\"},{\"@type\":\"ListItem\",\"position\":3,\"name\":\"Tarcze \u015bcierne\"}]},{\"@type\":\"WebSite\",\"@id\":\"https:\/\/www.maxima-dia.com\/pl\/#website\",\"url\":\"https:\/\/www.maxima-dia.com\/pl\/\",\"name\":\"Maxima SpA\",\"description\":\"Only for the real professionals\",\"potentialAction\":[{\"@type\":\"SearchAction\",\"target\":{\"@type\":\"EntryPoint\",\"urlTemplate\":\"https:\/\/www.maxima-dia.com\/pl\/?s={search_term_string}\"},\"query-input\":{\"@type\":\"PropertyValueSpecification\",\"valueRequired\":true,\"valueName\":\"search_term_string\"}}],\"inLanguage\":\"pl-PL\"}]}<\/script>\n<!-- \/ Yoast SEO plugin. -->","yoast_head_json":{"title":"Tarcze \u015bcierne - Maxima SpA","robots":{"index":"index","follow":"follow","max-snippet":"max-snippet:-1","max-image-preview":"max-image-preview:large","max-video-preview":"max-video-preview:-1"},"canonical":"https:\/\/www.maxima-dia.com\/pl\/tarcze-dedykowane\/tarcze-scierne\/","og_locale":"pl_PL","og_type":"article","og_title":"Tarcze \u015bcierne - Maxima SpA","og_description":"[vc_row][vc_column text_align=&#8221;center&#8221; width=&#8221;1\/4&#8243;][vc_column_text] PATENTED Opatentowany system wentylacji[\/vc_column_text][vc_column_text] PATENTED Opatentowany system wentylacji[\/vc_column_text][vc_column_text] PATENTED Opatentowany system wentylacji[\/vc_column_text][\/vc_column][vc_column width=&#8221;3\/4&#8243;][vc_column_text]S\u0105 one szczeg\u00f3lnie odpowiednie do uzyskania maksymalnej wydajno\u015bci ci\u0119cia \u017celaza i stali. W por\u00f3wnaniu ze standardowymi tarczami charakteryzuj\u0105 si\u0119 wyj\u0105tkowym bezpiecze\u0144stwem i \u017cywotno\u015bci\u0105, a tak\u017ce wysok\u0105 wydajno\u015bci\u0105 ci\u0119cia. Tarcze \u015bcierne osi\u0105gaj\u0105 maksymaln\u0105 skuteczno\u015b\u0107 ci\u0119cia o grubo\u015bci 1,0mm przy najwy\u017cszej pr\u0119dko\u015bci obrotowej. Odpowiedni\u0105 r\u00f3wnowag\u0119 mi\u0119dzy pr\u0119dko\u015bci\u0105, \u017cywotno\u015bci\u0105 i zdolno\u015bci\u0105 penetracji uzyskuje si\u0119 przy grubo\u015bci 1,3. \u017belazo Amarant i stal nierdzewna Srebro 1,3, 1,6 i 2,0 maj\u0105 helikoidalny wz\u00f3r, kt\u00f3ry okre\u015bla niski wsp\u00f3\u0142czynnik tarcia podczas ci\u0119cia i zwi\u0119ksza ruch powietrza, co poprawia ch\u0142odzenie tarczy \u015bciernej. Iron Green to \u015bciernica idealna dla tych, kt\u00f3rzy potrzebuj\u0105 odpowiedniej r\u00f3wnowagi mi\u0119dzy wysok\u0105 wydajno\u015bci\u0105 ci\u0119cia, bezpiecze\u0144stwem, trwa\u0142o\u015bci\u0105 i cen\u0105. Nie mo\u017cna ich u\u017cywa\u0107 do szlifowania. Tarcze \u015bcierne s\u0105 sprzedawane w praktycznych, opatentowanych plastikowych pude\u0142kach, kt\u00f3re chroni\u0105 je przed zmianami wilgotno\u015bci lub ci\u015bnienia i umo\u017cliwiaj\u0105 lepsze przechowywanie. Tabela techniczna Stal nierdzewna srebrny \u017belazny Amarant Iron Green Niskostopowa stal w\u0119glowa \u2605\u2605\u2605\u2605 \u2605\u2605\u2605\u2605\u2605 \u2605\u2605\u2605\u2605 Wysokostopowa stal w\u0119glowa \u2605\u2605\u2605\u2605 \u2605\u2605\u2605\u2605\u2605 \u2605\u2605\u2605\u2605&nbsp; Niskostopowa stal nierdzewna \u2605\u2605\u2605\u2605\u2605 \u2605\u2605\u2605\u2605 \u2605\u2605 Wysokostopowa stal nierdzewna \u2605\u2605\u2605\u2605\u2605 \u2605\u2605\u2605 \u2605\u2605 \u017beliwo \u2605\u2605\u2605\u2605 \u2605\u2605 \u2605\u2605 Pr\u0119dko\u015b\u0107 ci\u0119cia \u2605\u2605\u2605\u2605\u2605 \u2605\u2605\u2605\u2605\u2605 \u2605\u2605\u2605\u2605 Wa\u017cno\u015b\u0107 od daty produkcji 3 lata 3 lata 3 lata Wystarczaj\u0105cy \u2605 &nbsp;&nbsp; &nbsp;\u015aredni\u2605\u2605 [&hellip;]","og_url":"https:\/\/www.maxima-dia.com\/pl\/tarcze-dedykowane\/tarcze-scierne\/","og_site_name":"Maxima SpA","article_publisher":"https:\/\/www.facebook.com\/Maxima-spa-106098566139597","article_modified_time":"2021-06-25T10:13:17+00:00","og_image":[{"width":1200,"height":1200,"url":"https:\/\/www.maxima-dia.com\/wp-content\/uploads\/2017\/02\/mole-abrasive-ferro-verde.jpg","type":"image\/jpeg"}],"twitter_card":"summary_large_image","twitter_site":"@Maximadia","twitter_misc":{"Szacowany czas czytania":"20 minut"},"schema":{"@context":"https:\/\/schema.org","@graph":[{"@type":"WebPage","@id":"https:\/\/www.maxima-dia.com\/pl\/tarcze-dedykowane\/tarcze-scierne\/","url":"https:\/\/www.maxima-dia.com\/pl\/tarcze-dedykowane\/tarcze-scierne\/","name":"Tarcze \u015bcierne - Maxima SpA","isPartOf":{"@id":"https:\/\/www.maxima-dia.com\/pl\/#website"},"primaryImageOfPage":{"@id":"https:\/\/www.maxima-dia.com\/pl\/tarcze-dedykowane\/tarcze-scierne\/#primaryimage"},"image":{"@id":"https:\/\/www.maxima-dia.com\/pl\/tarcze-dedykowane\/tarcze-scierne\/#primaryimage"},"thumbnailUrl":"https:\/\/www.maxima-dia.com\/wp-content\/uploads\/2017\/02\/mole-abrasive-ferro-verde.jpg","datePublished":"2019-06-28T09:35:29+00:00","dateModified":"2021-06-25T10:13:17+00:00","breadcrumb":{"@id":"https:\/\/www.maxima-dia.com\/pl\/tarcze-dedykowane\/tarcze-scierne\/#breadcrumb"},"inLanguage":"pl-PL","potentialAction":[{"@type":"ReadAction","target":["https:\/\/www.maxima-dia.com\/pl\/tarcze-dedykowane\/tarcze-scierne\/"]}]},{"@type":"ImageObject","inLanguage":"pl-PL","@id":"https:\/\/www.maxima-dia.com\/pl\/tarcze-dedykowane\/tarcze-scierne\/#primaryimage","url":"https:\/\/www.maxima-dia.com\/wp-content\/uploads\/2017\/02\/mole-abrasive-ferro-verde.jpg","contentUrl":"https:\/\/www.maxima-dia.com\/wp-content\/uploads\/2017\/02\/mole-abrasive-ferro-verde.jpg","width":1200,"height":1200},{"@type":"BreadcrumbList","@id":"https:\/\/www.maxima-dia.com\/pl\/tarcze-dedykowane\/tarcze-scierne\/#breadcrumb","itemListElement":[{"@type":"ListItem","position":1,"name":"Home","item":"https:\/\/www.maxima-dia.com\/pl\/"},{"@type":"ListItem","position":2,"name":"Tarcze dedykowane","item":"https:\/\/www.maxima-dia.com\/pl\/tarcze-dedykowane\/"},{"@type":"ListItem","position":3,"name":"Tarcze \u015bcierne"}]},{"@type":"WebSite","@id":"https:\/\/www.maxima-dia.com\/pl\/#website","url":"https:\/\/www.maxima-dia.com\/pl\/","name":"Maxima SpA","description":"Only for the real professionals","potentialAction":[{"@type":"SearchAction","target":{"@type":"EntryPoint","urlTemplate":"https:\/\/www.maxima-dia.com\/pl\/?s={search_term_string}"},"query-input":{"@type":"PropertyValueSpecification","valueRequired":true,"valueName":"search_term_string"}}],"inLanguage":"pl-PL"}]}},"_links":{"self":[{"href":"https:\/\/www.maxima-dia.com\/pl\/wp-json\/wp\/v2\/pages\/20337"}],"collection":[{"href":"https:\/\/www.maxima-dia.com\/pl\/wp-json\/wp\/v2\/pages"}],"about":[{"href":"https:\/\/www.maxima-dia.com\/pl\/wp-json\/wp\/v2\/types\/page"}],"author":[{"embeddable":true,"href":"https:\/\/www.maxima-dia.com\/pl\/wp-json\/wp\/v2\/users\/29"}],"replies":[{"embeddable":true,"href":"https:\/\/www.maxima-dia.com\/pl\/wp-json\/wp\/v2\/comments?post=20337"}],"version-history":[{"count":0,"href":"https:\/\/www.maxima-dia.com\/pl\/wp-json\/wp\/v2\/pages\/20337\/revisions"}],"up":[{"embeddable":true,"href":"https:\/\/www.maxima-dia.com\/pl\/wp-json\/wp\/v2\/pages\/20331"}],"wp:featuredmedia":[{"embeddable":true,"href":"https:\/\/www.maxima-dia.com\/pl\/wp-json\/wp\/v2\/media\/20339"}],"wp:attachment":[{"href":"https:\/\/www.maxima-dia.com\/pl\/wp-json\/wp\/v2\/media?parent=20337"}],"curies":[{"name":"wp","href":"https:\/\/api.w.org\/{rel}","templated":true}]}}