{"id":20349,"date":"2019-06-28T12:03:03","date_gmt":"2019-06-28T10:03:03","guid":{"rendered":"https:\/\/www.maxima-dia.com\/?page_id=20349"},"modified":"2024-04-30T15:55:38","modified_gmt":"2024-04-30T13:55:38","slug":"red-metal","status":"publish","type":"page","link":"https:\/\/www.maxima-dia.com\/pl\/tarcze-dedykowane\/red-metal\/","title":{"rendered":"Red Metal"},"content":{"rendered":"<div class=\"wpb-content-wrapper\"><p>[vc_row][vc_column text_align=&#8221;center&#8221; width=&#8221;1\/4&#8243;][vc_column_text]<a href=\"\/wp-content\/uploads\/2017\/02\/rosso-metal.jpg\"><img loading=\"lazy\" decoding=\"async\" class=\"alignnone size-thumbnail wp-image-13909\" src=\"\/wp-content\/uploads\/2017\/02\/rosso-metal-150x150.jpg\" alt=\"ROSSO METAL\" width=\"150\" height=\"150\" srcset=\"https:\/\/www.maxima-dia.com\/wp-content\/uploads\/2017\/02\/rosso-metal-150x150.jpg 150w, https:\/\/www.maxima-dia.com\/wp-content\/uploads\/2017\/02\/rosso-metal-300x300.jpg 300w, https:\/\/www.maxima-dia.com\/wp-content\/uploads\/2017\/02\/rosso-metal-768x768.jpg 768w, https:\/\/www.maxima-dia.com\/wp-content\/uploads\/2017\/02\/rosso-metal-1024x1024.jpg 1024w, https:\/\/www.maxima-dia.com\/wp-content\/uploads\/2017\/02\/rosso-metal-80x80.jpg 80w, https:\/\/www.maxima-dia.com\/wp-content\/uploads\/2017\/02\/rosso-metal-500x500.jpg 500w, https:\/\/www.maxima-dia.com\/wp-content\/uploads\/2017\/02\/rosso-metal-1000x1000.jpg 1000w, https:\/\/www.maxima-dia.com\/wp-content\/uploads\/2017\/02\/rosso-metal.jpg 1200w\" sizes=\"(max-width: 150px) 100vw, 150px\" \/><\/a><\/p>\n<p><span style=\"background-color: #cc0000; color: #ffffff; padding: 5px;\">H. 1,3 mm<\/span>[\/vc_column_text][\/vc_column][vc_column width=&#8221;3\/4&#8243;][vc_column_text]Nowa generacja narz\u0119dzi diamentowych do metalu, kt\u00f3re definitywnie zast\u0105pi\u0105 tradycyjne materia\u0142y \u015bcierne.<br \/>\n\u017bywotno\u015b\u0107 <strong>Red Metal<\/strong> jest do 100 razy d\u0142u\u017csza ni\u017c w przypadku innych ostrzy \u015bciernych do \u017celaza,&nbsp; jest bezpieczniejsza i bardziej przyjazna dla \u015brodowiska, a to wszystko dzi\u0119ki specjalnym technologiom produkcyjnym i wysokiej jako\u015bci surowcom. Zachowuje swoj\u0105 w\u0142asn\u0105 \u015brednic\u0119 do ko\u0144ca \u017cycia. Ponadto jest ta\u0144szy ni\u017c zwyk\u0142e ostrza \u015bcierne. <strong>Red Metal<\/strong> charakteryzuje si\u0119 du\u017c\u0105 pr\u0119dko\u015bci\u0105 ci\u0119cia dzi\u0119ki bardzo cienkiej grubo\u015bci.<\/p>\n<table class=\"tabellatecnica\" style=\"width: 80%;\" border=\"0\" cellspacing=\"0\" cellpadding=\"0\">\n<thead>\n<tr>\n<td class=\"testata\" colspan=\"2\">Tabela techniczna<\/td>\n<\/tr>\n<\/thead>\n<tbody>\n<tr>\n<td class=\"prima\">Mi\u0119kka stal \/ okr\u0105g\u0142e rury<\/td>\n<td class=\"seconda\"><span style=\"color: #ff0000; font-size: 14px;\"><strong>EXTRA<\/strong><\/span><\/td>\n<\/tr>\n<tr>\n<td class=\"prima\">Mi\u0119kkie stalowe \/ kwadratowe rury<\/td>\n<td class=\"seconda\"><b class=\"txtred\">\u2605<\/b><b class=\"txtred\">\u2605<\/b><b class=\"txtred\">\u2605<\/b><b class=\"txtred\">\u2605<\/b><b class=\"txtred\">\u2605<\/b><\/td>\n<\/tr>\n<tr>\n<td class=\"prima\">\u017beliwo<\/td>\n<td class=\"seconda\"><b class=\"txtred\">\u2605<\/b><b class=\"txtred\">\u2605<\/b><b class=\"txtred\">\u2605<\/b><b class=\"txtred\">\u2605<\/b><b class=\"txtred\">\u2605<\/b><\/td>\n<\/tr>\n<tr>\n<td class=\"prima\">Miedziane rury<\/td>\n<td class=\"seconda\"><b class=\"txtred\">\u2605<\/b><b class=\"txtred\">\u2605\u2605<\/b><\/td>\n<\/tr>\n<tr>\n<td class=\"prima\">Profile stalowe<\/td>\n<td class=\"seconda\"><b class=\"txtred\">\u2605<\/b><b class=\"txtred\">\u2605<\/b><b class=\"txtred\">\u2605<\/b><b class=\"txtred\">\u2605<\/b><b class=\"txtred\">\u2605<\/b><\/td>\n<\/tr>\n<tr>\n<td class=\"prima\">Stal nierdzewna<\/td>\n<td class=\"seconda\"><b class=\"txtred\">\u2605<\/b><b class=\"txtred\">\u2605<\/b><b class=\"txtred\">\u2605<\/b><\/td>\n<\/tr>\n<tr>\n<td class=\"prima\">Stal o niskiej zawarto\u015bci w\u0119gla<\/td>\n<td class=\"seconda\"><b class=\"txtred\">\u2605<\/b><b class=\"txtred\">\u2605<\/b><b class=\"txtred\">\u2605<\/b><b class=\"txtred\">\u2605<\/b><b class=\"txtred\">\u2605<\/b><\/td>\n<\/tr>\n<tr>\n<td class=\"prima\">Stal o wysokiej zawarto\u015bci w\u0119gla<\/td>\n<td class=\"seconda\"><b class=\"txtred\">\u2605<\/b><b class=\"txtred\">\u2605<\/b><b class=\"txtred\">\u2605<\/b><b class=\"txtred\">\u2605<\/b><\/td>\n<\/tr>\n<tr>\n<td class=\"prima\">Szyny<\/td>\n<td class=\"seconda\"><b class=\"txtred\">\u2605<\/b><b class=\"txtred\">\u2605<\/b><b class=\"txtred\">\u2605<\/b><b class=\"txtred\">\u2605<\/b><b class=\"txtred\">\u2605<\/b><\/td>\n<\/tr>\n<tr>\n<td class=\"prima\">\u017beliwo sferoidalne<\/td>\n<td class=\"seconda\"><b class=\"txtred\">\u2605<\/b><b class=\"txtred\">\u2605<\/b><b class=\"txtred\">\u2605<\/b><b class=\"txtred\">\u2605<\/b><b class=\"txtred\">\u2605<\/b><\/td>\n<\/tr>\n<tr>\n<td class=\"prima\">Ci\u0119\u017cki stop<\/td>\n<td class=\"seconda\"><b class=\"txtred\">\u2605<\/b><b class=\"txtred\">\u2605<\/b><b class=\"txtred\">\u2605<\/b><b class=\"txtred\">\u2605<\/b><b class=\"txtred\">\u2605<\/b><\/td>\n<\/tr>\n<tr>\n<td class=\"prima\">&nbsp;<\/td>\n<td class=\"seconda\">&nbsp;<\/td>\n<\/tr>\n<tr>\n<td class=\"intervallo\" colspan=\"2\">&nbsp;<\/td>\n<\/tr>\n<tr>\n<td class=\"prima\">Pr\u0119dko\u015b\u0107 ci\u0119cia<\/td>\n<td class=\"seconda\"><b class=\"txtred\">\u2605<\/b><b class=\"txtred\">\u2605<\/b><b class=\"txtred\">\u2605<\/b><b class=\"txtred\">\u2605<\/b><b class=\"txtred\">\u2605<\/b><\/td>\n<\/tr>\n<tr>\n<td class=\"prima\">Przeci\u0119tne \u017cycie<\/td>\n<td class=\"seconda\"><span style=\"color: #ff0000; font-size: 14px;\"><strong>EXTRA<\/strong><\/span><\/td>\n<\/tr>\n<tr>\n<td class=\"legenda\" colspan=\"2\"><strong>Wystarczaj\u0105cy<\/strong> <b class=\"txtred\">\u2605<\/b> &nbsp;&nbsp; &nbsp;<strong>\u015aredni<\/strong><b class=\"txtred\">\u2605<\/b><b class=\"txtred\">\u2605<\/b> &nbsp;&nbsp; &nbsp;<strong>Dobry<\/strong><b class=\"txtred\">\u2605<\/b><b class=\"txtred\">\u2605<\/b><b class=\"txtred\">\u2605<\/b> &nbsp;&nbsp; &nbsp;<strong>Doskona\u0142y<\/strong><b class=\"txtred\">\u2605<\/b><b class=\"txtred\">\u2605<\/b><b class=\"txtred\">\u2605<\/b><b class=\"txtred\">\u2605<\/b> &nbsp;&nbsp; &nbsp;<strong>Wspania\u0142y<\/strong>&nbsp;<b class=\"txtred\">\u2605<\/b><b class=\"txtred\">\u2605<\/b><b class=\"txtred\">\u2605<\/b><b class=\"txtred\">\u2605<\/b><b class=\"txtred\">\u2605<\/b><\/td>\n<\/tr>\n<\/tbody>\n<\/table>\n<p>&nbsp;<\/p>\n<table class=\"tabellatecnica\" style=\"width: 80%;\" border=\"0\" cellspacing=\"0\" cellpadding=\"0\">\n<thead>\n<tr>\n<td class=\"testata\" colspan=\"3\">Dost\u0119pne \u015brednice<\/td>\n<\/tr>\n<\/thead>\n<tbody>\n<tr>\n<td colspan=\"3\"><img decoding=\"async\" class=\"alignleft\" src=\"\/wp-content\/uploads\/2013\/10\/s-taglio1.png\" alt=\"s-taglio1\" height=\"30\"> 115-125-230<\/td>\n<\/tr>\n<\/tbody>\n<\/table>\n<p>&nbsp;[\/vc_column_text][\/vc_column][\/vc_row]<\/p>\n<\/div>","protected":false},"excerpt":{"rendered":"<p>[vc_row][vc_column text_align=&#8221;center&#8221; width=&#8221;1\/4&#8243;][vc_column_text] H. 1,3 mm[\/vc_column_text][\/vc_column][vc_column width=&#8221;3\/4&#8243;][vc_column_text]Nowa generacja narz\u0119dzi diamentowych do metalu, kt\u00f3re definitywnie zast\u0105pi\u0105 tradycyjne materia\u0142y \u015bcierne. \u017bywotno\u015b\u0107 Red Metal jest do 100 razy d\u0142u\u017csza ni\u017c w przypadku innych ostrzy \u015bciernych do \u017celaza,&nbsp; jest bezpieczniejsza i bardziej przyjazna dla \u015brodowiska, a to wszystko dzi\u0119ki specjalnym technologiom produkcyjnym i wysokiej jako\u015bci surowcom. Zachowuje swoj\u0105 w\u0142asn\u0105 \u015brednic\u0119 do ko\u0144ca \u017cycia. Ponadto jest ta\u0144szy ni\u017c zwyk\u0142e ostrza \u015bcierne. Red Metal charakteryzuje si\u0119 du\u017c\u0105 pr\u0119dko\u015bci\u0105 ci\u0119cia dzi\u0119ki bardzo cienkiej grubo\u015bci. Tabela techniczna Mi\u0119kka stal \/ okr\u0105g\u0142e rury EXTRA Mi\u0119kkie stalowe \/ kwadratowe rury \u2605\u2605\u2605\u2605\u2605 \u017beliwo \u2605\u2605\u2605\u2605\u2605 Miedziane rury \u2605\u2605\u2605 Profile stalowe \u2605\u2605\u2605\u2605\u2605 Stal nierdzewna \u2605\u2605\u2605 Stal o niskiej zawarto\u015bci w\u0119gla \u2605\u2605\u2605\u2605\u2605 Stal o wysokiej zawarto\u015bci w\u0119gla \u2605\u2605\u2605\u2605 Szyny \u2605\u2605\u2605\u2605\u2605 \u017beliwo sferoidalne \u2605\u2605\u2605\u2605\u2605 Ci\u0119\u017cki stop \u2605\u2605\u2605\u2605\u2605 &nbsp; &nbsp; &nbsp; Pr\u0119dko\u015b\u0107 ci\u0119cia \u2605\u2605\u2605\u2605\u2605 Przeci\u0119tne \u017cycie EXTRA Wystarczaj\u0105cy \u2605 &nbsp;&nbsp; &nbsp;\u015aredni\u2605\u2605 &nbsp;&nbsp; &nbsp;Dobry\u2605\u2605\u2605 &nbsp;&nbsp; &nbsp;Doskona\u0142y\u2605\u2605\u2605\u2605 &nbsp;&nbsp; &nbsp;Wspania\u0142y&nbsp;\u2605\u2605\u2605\u2605\u2605 &nbsp; Dost\u0119pne \u015brednice 115-125-230 &nbsp;[\/vc_column_text][\/vc_column][\/vc_row]<\/p>\n","protected":false},"author":29,"featured_media":20351,"parent":20331,"menu_order":4,"comment_status":"closed","ping_status":"closed","template":"","meta":{"ngg_post_thumbnail":0,"_joinchat":[],"footnotes":""},"class_list":["post-20349","page","type-page","status-publish","has-post-thumbnail","hentry"],"yoast_head":"<!-- This site is optimized with the Yoast SEO plugin v25.5 - https:\/\/yoast.com\/wordpress\/plugins\/seo\/ -->\n<title>Red Metal - Maxima SpA<\/title>\n<meta name=\"robots\" content=\"index, follow, max-snippet:-1, max-image-preview:large, max-video-preview:-1\" \/>\n<link rel=\"canonical\" href=\"https:\/\/www.maxima-dia.com\/pl\/tarcze-dedykowane\/red-metal\/\" \/>\n<meta property=\"og:locale\" content=\"pl_PL\" \/>\n<meta property=\"og:type\" content=\"article\" \/>\n<meta property=\"og:title\" content=\"Red Metal - Maxima SpA\" \/>\n<meta property=\"og:description\" content=\"[vc_row][vc_column text_align=&#8221;center&#8221; width=&#8221;1\/4&#8243;][vc_column_text] H. 1,3 mm[\/vc_column_text][\/vc_column][vc_column width=&#8221;3\/4&#8243;][vc_column_text]Nowa generacja narz\u0119dzi diamentowych do metalu, kt\u00f3re definitywnie zast\u0105pi\u0105 tradycyjne materia\u0142y \u015bcierne. \u017bywotno\u015b\u0107 Red Metal jest do 100 razy d\u0142u\u017csza ni\u017c w przypadku innych ostrzy \u015bciernych do \u017celaza,&nbsp; jest bezpieczniejsza i bardziej przyjazna dla \u015brodowiska, a to wszystko dzi\u0119ki specjalnym technologiom produkcyjnym i wysokiej jako\u015bci surowcom. Zachowuje swoj\u0105 w\u0142asn\u0105 \u015brednic\u0119 do ko\u0144ca \u017cycia. Ponadto jest ta\u0144szy ni\u017c zwyk\u0142e ostrza \u015bcierne. Red Metal charakteryzuje si\u0119 du\u017c\u0105 pr\u0119dko\u015bci\u0105 ci\u0119cia dzi\u0119ki bardzo cienkiej grubo\u015bci. Tabela techniczna Mi\u0119kka stal \/ okr\u0105g\u0142e rury EXTRA Mi\u0119kkie stalowe \/ kwadratowe rury \u2605\u2605\u2605\u2605\u2605 \u017beliwo \u2605\u2605\u2605\u2605\u2605 Miedziane rury \u2605\u2605\u2605 Profile stalowe \u2605\u2605\u2605\u2605\u2605 Stal nierdzewna \u2605\u2605\u2605 Stal o niskiej zawarto\u015bci w\u0119gla \u2605\u2605\u2605\u2605\u2605 Stal o wysokiej zawarto\u015bci w\u0119gla \u2605\u2605\u2605\u2605 Szyny \u2605\u2605\u2605\u2605\u2605 \u017beliwo sferoidalne \u2605\u2605\u2605\u2605\u2605 Ci\u0119\u017cki stop \u2605\u2605\u2605\u2605\u2605 &nbsp; &nbsp; &nbsp; Pr\u0119dko\u015b\u0107 ci\u0119cia \u2605\u2605\u2605\u2605\u2605 Przeci\u0119tne \u017cycie EXTRA Wystarczaj\u0105cy \u2605 &nbsp;&nbsp; &nbsp;\u015aredni\u2605\u2605 &nbsp;&nbsp; &nbsp;Dobry\u2605\u2605\u2605 &nbsp;&nbsp; &nbsp;Doskona\u0142y\u2605\u2605\u2605\u2605 &nbsp;&nbsp; &nbsp;Wspania\u0142y&nbsp;\u2605\u2605\u2605\u2605\u2605 &nbsp; Dost\u0119pne \u015brednice 115-125-230 &nbsp;[\/vc_column_text][\/vc_column][\/vc_row]\" \/>\n<meta property=\"og:url\" content=\"https:\/\/www.maxima-dia.com\/pl\/tarcze-dedykowane\/red-metal\/\" \/>\n<meta property=\"og:site_name\" content=\"Maxima SpA\" \/>\n<meta property=\"article:publisher\" content=\"https:\/\/www.facebook.com\/Maxima-spa-106098566139597\" \/>\n<meta property=\"article:modified_time\" content=\"2024-04-30T13:55:38+00:00\" \/>\n<meta property=\"og:image\" content=\"https:\/\/www.maxima-dia.com\/wp-content\/uploads\/2017\/02\/rosso-metal.jpg\" \/>\n\t<meta property=\"og:image:width\" content=\"1200\" \/>\n\t<meta property=\"og:image:height\" content=\"1200\" \/>\n\t<meta property=\"og:image:type\" content=\"image\/jpeg\" \/>\n<meta name=\"twitter:card\" content=\"summary_large_image\" \/>\n<meta name=\"twitter:site\" content=\"@Maximadia\" \/>\n<meta name=\"twitter:label1\" content=\"Szacowany czas czytania\" \/>\n\t<meta name=\"twitter:data1\" content=\"14 minut\" \/>\n<script type=\"application\/ld+json\" class=\"yoast-schema-graph\">{\"@context\":\"https:\/\/schema.org\",\"@graph\":[{\"@type\":\"WebPage\",\"@id\":\"https:\/\/www.maxima-dia.com\/pl\/tarcze-dedykowane\/red-metal\/\",\"url\":\"https:\/\/www.maxima-dia.com\/pl\/tarcze-dedykowane\/red-metal\/\",\"name\":\"Red Metal - Maxima SpA\",\"isPartOf\":{\"@id\":\"https:\/\/www.maxima-dia.com\/pl\/#website\"},\"primaryImageOfPage\":{\"@id\":\"https:\/\/www.maxima-dia.com\/pl\/tarcze-dedykowane\/red-metal\/#primaryimage\"},\"image\":{\"@id\":\"https:\/\/www.maxima-dia.com\/pl\/tarcze-dedykowane\/red-metal\/#primaryimage\"},\"thumbnailUrl\":\"https:\/\/www.maxima-dia.com\/wp-content\/uploads\/2017\/02\/rosso-metal.jpg\",\"datePublished\":\"2019-06-28T10:03:03+00:00\",\"dateModified\":\"2024-04-30T13:55:38+00:00\",\"breadcrumb\":{\"@id\":\"https:\/\/www.maxima-dia.com\/pl\/tarcze-dedykowane\/red-metal\/#breadcrumb\"},\"inLanguage\":\"pl-PL\",\"potentialAction\":[{\"@type\":\"ReadAction\",\"target\":[\"https:\/\/www.maxima-dia.com\/pl\/tarcze-dedykowane\/red-metal\/\"]}]},{\"@type\":\"ImageObject\",\"inLanguage\":\"pl-PL\",\"@id\":\"https:\/\/www.maxima-dia.com\/pl\/tarcze-dedykowane\/red-metal\/#primaryimage\",\"url\":\"https:\/\/www.maxima-dia.com\/wp-content\/uploads\/2017\/02\/rosso-metal.jpg\",\"contentUrl\":\"https:\/\/www.maxima-dia.com\/wp-content\/uploads\/2017\/02\/rosso-metal.jpg\",\"width\":1200,\"height\":1200},{\"@type\":\"BreadcrumbList\",\"@id\":\"https:\/\/www.maxima-dia.com\/pl\/tarcze-dedykowane\/red-metal\/#breadcrumb\",\"itemListElement\":[{\"@type\":\"ListItem\",\"position\":1,\"name\":\"Home\",\"item\":\"https:\/\/www.maxima-dia.com\/pl\/\"},{\"@type\":\"ListItem\",\"position\":2,\"name\":\"Tarcze dedykowane\",\"item\":\"https:\/\/www.maxima-dia.com\/pl\/tarcze-dedykowane\/\"},{\"@type\":\"ListItem\",\"position\":3,\"name\":\"Red Metal\"}]},{\"@type\":\"WebSite\",\"@id\":\"https:\/\/www.maxima-dia.com\/pl\/#website\",\"url\":\"https:\/\/www.maxima-dia.com\/pl\/\",\"name\":\"Maxima SpA\",\"description\":\"Only for the real professionals\",\"potentialAction\":[{\"@type\":\"SearchAction\",\"target\":{\"@type\":\"EntryPoint\",\"urlTemplate\":\"https:\/\/www.maxima-dia.com\/pl\/?s={search_term_string}\"},\"query-input\":{\"@type\":\"PropertyValueSpecification\",\"valueRequired\":true,\"valueName\":\"search_term_string\"}}],\"inLanguage\":\"pl-PL\"}]}<\/script>\n<!-- \/ Yoast SEO plugin. -->","yoast_head_json":{"title":"Red Metal - Maxima SpA","robots":{"index":"index","follow":"follow","max-snippet":"max-snippet:-1","max-image-preview":"max-image-preview:large","max-video-preview":"max-video-preview:-1"},"canonical":"https:\/\/www.maxima-dia.com\/pl\/tarcze-dedykowane\/red-metal\/","og_locale":"pl_PL","og_type":"article","og_title":"Red Metal - Maxima SpA","og_description":"[vc_row][vc_column text_align=&#8221;center&#8221; width=&#8221;1\/4&#8243;][vc_column_text] H. 1,3 mm[\/vc_column_text][\/vc_column][vc_column width=&#8221;3\/4&#8243;][vc_column_text]Nowa generacja narz\u0119dzi diamentowych do metalu, kt\u00f3re definitywnie zast\u0105pi\u0105 tradycyjne materia\u0142y \u015bcierne. \u017bywotno\u015b\u0107 Red Metal jest do 100 razy d\u0142u\u017csza ni\u017c w przypadku innych ostrzy \u015bciernych do \u017celaza,&nbsp; jest bezpieczniejsza i bardziej przyjazna dla \u015brodowiska, a to wszystko dzi\u0119ki specjalnym technologiom produkcyjnym i wysokiej jako\u015bci surowcom. Zachowuje swoj\u0105 w\u0142asn\u0105 \u015brednic\u0119 do ko\u0144ca \u017cycia. Ponadto jest ta\u0144szy ni\u017c zwyk\u0142e ostrza \u015bcierne. Red Metal charakteryzuje si\u0119 du\u017c\u0105 pr\u0119dko\u015bci\u0105 ci\u0119cia dzi\u0119ki bardzo cienkiej grubo\u015bci. Tabela techniczna Mi\u0119kka stal \/ okr\u0105g\u0142e rury EXTRA Mi\u0119kkie stalowe \/ kwadratowe rury \u2605\u2605\u2605\u2605\u2605 \u017beliwo \u2605\u2605\u2605\u2605\u2605 Miedziane rury \u2605\u2605\u2605 Profile stalowe \u2605\u2605\u2605\u2605\u2605 Stal nierdzewna \u2605\u2605\u2605 Stal o niskiej zawarto\u015bci w\u0119gla \u2605\u2605\u2605\u2605\u2605 Stal o wysokiej zawarto\u015bci w\u0119gla \u2605\u2605\u2605\u2605 Szyny \u2605\u2605\u2605\u2605\u2605 \u017beliwo sferoidalne \u2605\u2605\u2605\u2605\u2605 Ci\u0119\u017cki stop \u2605\u2605\u2605\u2605\u2605 &nbsp; &nbsp; &nbsp; Pr\u0119dko\u015b\u0107 ci\u0119cia \u2605\u2605\u2605\u2605\u2605 Przeci\u0119tne \u017cycie EXTRA Wystarczaj\u0105cy \u2605 &nbsp;&nbsp; &nbsp;\u015aredni\u2605\u2605 &nbsp;&nbsp; &nbsp;Dobry\u2605\u2605\u2605 &nbsp;&nbsp; &nbsp;Doskona\u0142y\u2605\u2605\u2605\u2605 &nbsp;&nbsp; &nbsp;Wspania\u0142y&nbsp;\u2605\u2605\u2605\u2605\u2605 &nbsp; Dost\u0119pne \u015brednice 115-125-230 &nbsp;[\/vc_column_text][\/vc_column][\/vc_row]","og_url":"https:\/\/www.maxima-dia.com\/pl\/tarcze-dedykowane\/red-metal\/","og_site_name":"Maxima SpA","article_publisher":"https:\/\/www.facebook.com\/Maxima-spa-106098566139597","article_modified_time":"2024-04-30T13:55:38+00:00","og_image":[{"width":1200,"height":1200,"url":"https:\/\/www.maxima-dia.com\/wp-content\/uploads\/2017\/02\/rosso-metal.jpg","type":"image\/jpeg"}],"twitter_card":"summary_large_image","twitter_site":"@Maximadia","twitter_misc":{"Szacowany czas czytania":"14 minut"},"schema":{"@context":"https:\/\/schema.org","@graph":[{"@type":"WebPage","@id":"https:\/\/www.maxima-dia.com\/pl\/tarcze-dedykowane\/red-metal\/","url":"https:\/\/www.maxima-dia.com\/pl\/tarcze-dedykowane\/red-metal\/","name":"Red Metal - Maxima SpA","isPartOf":{"@id":"https:\/\/www.maxima-dia.com\/pl\/#website"},"primaryImageOfPage":{"@id":"https:\/\/www.maxima-dia.com\/pl\/tarcze-dedykowane\/red-metal\/#primaryimage"},"image":{"@id":"https:\/\/www.maxima-dia.com\/pl\/tarcze-dedykowane\/red-metal\/#primaryimage"},"thumbnailUrl":"https:\/\/www.maxima-dia.com\/wp-content\/uploads\/2017\/02\/rosso-metal.jpg","datePublished":"2019-06-28T10:03:03+00:00","dateModified":"2024-04-30T13:55:38+00:00","breadcrumb":{"@id":"https:\/\/www.maxima-dia.com\/pl\/tarcze-dedykowane\/red-metal\/#breadcrumb"},"inLanguage":"pl-PL","potentialAction":[{"@type":"ReadAction","target":["https:\/\/www.maxima-dia.com\/pl\/tarcze-dedykowane\/red-metal\/"]}]},{"@type":"ImageObject","inLanguage":"pl-PL","@id":"https:\/\/www.maxima-dia.com\/pl\/tarcze-dedykowane\/red-metal\/#primaryimage","url":"https:\/\/www.maxima-dia.com\/wp-content\/uploads\/2017\/02\/rosso-metal.jpg","contentUrl":"https:\/\/www.maxima-dia.com\/wp-content\/uploads\/2017\/02\/rosso-metal.jpg","width":1200,"height":1200},{"@type":"BreadcrumbList","@id":"https:\/\/www.maxima-dia.com\/pl\/tarcze-dedykowane\/red-metal\/#breadcrumb","itemListElement":[{"@type":"ListItem","position":1,"name":"Home","item":"https:\/\/www.maxima-dia.com\/pl\/"},{"@type":"ListItem","position":2,"name":"Tarcze dedykowane","item":"https:\/\/www.maxima-dia.com\/pl\/tarcze-dedykowane\/"},{"@type":"ListItem","position":3,"name":"Red Metal"}]},{"@type":"WebSite","@id":"https:\/\/www.maxima-dia.com\/pl\/#website","url":"https:\/\/www.maxima-dia.com\/pl\/","name":"Maxima SpA","description":"Only for the real professionals","potentialAction":[{"@type":"SearchAction","target":{"@type":"EntryPoint","urlTemplate":"https:\/\/www.maxima-dia.com\/pl\/?s={search_term_string}"},"query-input":{"@type":"PropertyValueSpecification","valueRequired":true,"valueName":"search_term_string"}}],"inLanguage":"pl-PL"}]}},"_links":{"self":[{"href":"https:\/\/www.maxima-dia.com\/pl\/wp-json\/wp\/v2\/pages\/20349"}],"collection":[{"href":"https:\/\/www.maxima-dia.com\/pl\/wp-json\/wp\/v2\/pages"}],"about":[{"href":"https:\/\/www.maxima-dia.com\/pl\/wp-json\/wp\/v2\/types\/page"}],"author":[{"embeddable":true,"href":"https:\/\/www.maxima-dia.com\/pl\/wp-json\/wp\/v2\/users\/29"}],"replies":[{"embeddable":true,"href":"https:\/\/www.maxima-dia.com\/pl\/wp-json\/wp\/v2\/comments?post=20349"}],"version-history":[{"count":1,"href":"https:\/\/www.maxima-dia.com\/pl\/wp-json\/wp\/v2\/pages\/20349\/revisions"}],"predecessor-version":[{"id":43071,"href":"https:\/\/www.maxima-dia.com\/pl\/wp-json\/wp\/v2\/pages\/20349\/revisions\/43071"}],"up":[{"embeddable":true,"href":"https:\/\/www.maxima-dia.com\/pl\/wp-json\/wp\/v2\/pages\/20331"}],"wp:featuredmedia":[{"embeddable":true,"href":"https:\/\/www.maxima-dia.com\/pl\/wp-json\/wp\/v2\/media\/20351"}],"wp:attachment":[{"href":"https:\/\/www.maxima-dia.com\/pl\/wp-json\/wp\/v2\/media?parent=20349"}],"curies":[{"name":"wp","href":"https:\/\/api.w.org\/{rel}","templated":true}]}}