{"id":20376,"date":"2019-07-01T17:39:38","date_gmt":"2019-07-01T15:39:38","guid":{"rendered":"https:\/\/www.maxima-dia.com\/?page_id=20376"},"modified":"2021-06-28T11:34:12","modified_gmt":"2021-06-28T09:34:12","slug":"amaranth-cement-duramax","status":"publish","type":"page","link":"https:\/\/www.maxima-dia.com\/pl\/tarcze-dedykowane\/amaranth-cement-duramax\/","title":{"rendered":"Amaranth Cement Duramax\u00ae"},"content":{"rendered":"<div class=\"wpb-content-wrapper\"><p>[vc_row][vc_column text_align=&#8221;center&#8221; width=&#8221;1\/4&#8243;][vc_column_text]<a href=\"\/wp-content\/uploads\/2017\/02\/amaranto-cemento-duramax.jpg\"><img loading=\"lazy\" decoding=\"async\" class=\"alignnone size-thumbnail wp-image-13823\" src=\"\/wp-content\/uploads\/2017\/02\/amaranto-cemento-duramax-150x150.jpg\" alt=\"AMARANTO CEMENTO DURAMAX\" width=\"150\" height=\"150\" srcset=\"https:\/\/www.maxima-dia.com\/wp-content\/uploads\/2017\/02\/amaranto-cemento-duramax-150x150.jpg 150w, https:\/\/www.maxima-dia.com\/wp-content\/uploads\/2017\/02\/amaranto-cemento-duramax-300x300.jpg 300w, https:\/\/www.maxima-dia.com\/wp-content\/uploads\/2017\/02\/amaranto-cemento-duramax-768x768.jpg 768w, https:\/\/www.maxima-dia.com\/wp-content\/uploads\/2017\/02\/amaranto-cemento-duramax-1024x1024.jpg 1024w, https:\/\/www.maxima-dia.com\/wp-content\/uploads\/2017\/02\/amaranto-cemento-duramax-80x80.jpg 80w, https:\/\/www.maxima-dia.com\/wp-content\/uploads\/2017\/02\/amaranto-cemento-duramax-500x500.jpg 500w, https:\/\/www.maxima-dia.com\/wp-content\/uploads\/2017\/02\/amaranto-cemento-duramax-1000x1000.jpg 1000w, https:\/\/www.maxima-dia.com\/wp-content\/uploads\/2017\/02\/amaranto-cemento-duramax.jpg 1200w\" sizes=\"(max-width: 150px) 100vw, 150px\" \/><\/a><\/p>\n<p><span style=\"background-color: #cc0000; color: #ffffff; padding: 5px;\">H.12 mm<\/span><\/p>\n<p><img loading=\"lazy\" decoding=\"async\" class=\"wp-image-11771\" src=\"\/wp-content\/uploads\/2013\/11\/duramax.jpg\" alt=\"duramax\" width=\"128\" height=\"67\">[\/vc_column_text][\/vc_column][vc_column width=&#8221;3\/4&#8243;][vc_column_text]The latest in the range, <strong>Amaranth Cement Duramax<\/strong> is for those who do not want any compromises when it comes to quality. In this sense, it is the 12 mm high segment. The innovative patented <strong>Duramax<\/strong>\u00ae technology ensures precise distribution of the diamond guaranteeing a decidedly longer life and faster cutting speed.<\/p>\n<table class=\"tabellatecnica\" style=\"width: 99.7917%;\" border=\"0\" cellspacing=\"0\" cellpadding=\"0\">\n<thead>\n<tr>\n<td class=\"testata\" style=\"width: 99.7917%;\" colspan=\"2\">Tabela techniczna<\/td>\n<\/tr>\n<\/thead>\n<tbody>\n<tr style=\"height: 35px;\">\n<td class=\"prima\" style=\"height: 35px; width: 75.1042%;\">Utwardzony beton \/ ceg\u0142y \/ dach\u00f3wki<\/td>\n<td class=\"seconda\" style=\"width: 24.6875%;\"><b class=\"txtred\">\u2605<\/b><b class=\"txtred\">\u2605<\/b><b class=\"txtred\">\u2605<\/b><b class=\"txtred\">\u2605<\/b><b class=\"txtred\">\u2605<\/b><\/td>\n<\/tr>\n<tr style=\"height: 35px;\">\n<td class=\"prima\" style=\"height: 35px; width: 75.1042%;\">S\u0142aby \u017celbet<\/td>\n<td class=\"seconda\" style=\"width: 24.6875%;\"><b class=\"txtred\">\u2605<\/b><b class=\"txtred\">\u2605<\/b><b class=\"txtred\">\u2605<\/b><b class=\"txtred\">\u2605<\/b><b class=\"txtred\">\u2605<\/b><\/td>\n<\/tr>\n<tr style=\"height: 35px;\">\n<td class=\"prima\" style=\"height: 35px; width: 75.1042%;\">Wysoce zbrojony beton<\/td>\n<td class=\"seconda\" style=\"width: 24.6875%;\"><b class=\"txtred\">\u2605<\/b><b class=\"txtred\">\u2605<\/b><b class=\"txtred\">\u2605<\/b><b class=\"txtred\">\u2605<\/b><b class=\"txtred\">\u2605<\/b><\/td>\n<\/tr>\n<tr style=\"height: 35px;\">\n<td class=\"prima\" style=\"height: 35px; width: 75.1042%;\">Granit \/ Kamie\u0144 naturalny \/ Porfiry<\/td>\n<td class=\"seconda\" style=\"width: 24.6875%;\"><b class=\"txtred\">\u2605<\/b><b class=\"txtred\">\u2605<\/b><\/td>\n<\/tr>\n<tr style=\"height: 35px;\">\n<td class=\"prima\" style=\"height: 35px; width: 75.1042%;\">Marmur<\/td>\n<td class=\"seconda\" style=\"width: 24.6875%;\">&nbsp;<\/td>\n<\/tr>\n<tr style=\"height: 35px;\">\n<td class=\"prima\" style=\"height: 35px; width: 75.1042%;\">Materia\u0142y ogniotrwa\u0142e<\/td>\n<td class=\"seconda\" style=\"width: 24.6875%;\"><b class=\"txtred\">\u2605<\/b><\/td>\n<\/tr>\n<tr style=\"height: 35px;\">\n<td class=\"prima\" style=\"height: 35px; width: 75.1042%;\">\n<div dir=\"ltr\" data-angle=\"0\" data-font-name=\"g_font_4859_0\" data-canvas-width=\"160.9459263954163\">Piaskowiec \/ Umyte \u017cwirowe p\u0142yty<\/div>\n<\/td>\n<td class=\"seconda\" style=\"width: 24.6875%;\">&nbsp;<\/td>\n<\/tr>\n<tr style=\"height: 35px;\">\n<td class=\"prima\" style=\"height: 35px; width: 75.1042%;\">\n<div dir=\"ltr\" data-angle=\"0\" data-font-name=\"g_font_4859_0\" data-canvas-width=\"133.13664529037476\">Podw\u00f3jnie wypalane p\u0142ytki ceramiczne<\/div>\n<\/td>\n<td class=\"seconda\" style=\"width: 24.6875%;\">&nbsp;<\/td>\n<\/tr>\n<tr style=\"height: 35px;\">\n<td class=\"prima\" style=\"height: 35px; width: 75.1042%;\">\n<div dir=\"ltr\" data-angle=\"0\" data-font-name=\"g_font_4859_0\" data-canvas-width=\"133.13664529037476\">\n<div dir=\"ltr\" data-angle=\"0\" data-font-name=\"g_font_4859_0\" data-canvas-width=\"128.0793650894165\">Single fired ceramic tiles<\/div>\n<\/div>\n<\/td>\n<td class=\"seconda\" style=\"width: 24.6875%;\">&nbsp;<\/td>\n<\/tr>\n<tr style=\"height: 35px;\">\n<td class=\"prima\" style=\"height: 35px; width: 75.1042%;\">P\u0142ytki ceramiczne wypalane pojedynczo<\/td>\n<td class=\"seconda\" style=\"width: 24.6875%;\">&nbsp;<\/td>\n<\/tr>\n<tr style=\"height: 35px;\">\n<td class=\"prima\" style=\"height: 35px; width: 75.1042%;\">\n<div dir=\"ltr\" data-angle=\"0\" data-font-name=\"g_font_4859_0\" data-canvas-width=\"172.2470468444824\">\n<div dir=\"ltr\" data-angle=\"0\" data-font-name=\"g_font_4859_0\" data-canvas-width=\"69.90336277770997\">\u015awie\u017cy cement<\/div>\n<\/div>\n<\/td>\n<td class=\"seconda\" style=\"width: 24.6875%;\">&nbsp;<\/td>\n<\/tr>\n<tr style=\"height: 24px;\">\n<td class=\"prima\" style=\"height: 24px; width: 75.1042%;\">Asfalt<\/td>\n<td class=\"seconda\" style=\"width: 24.6875%;\">&nbsp;<\/td>\n<\/tr>\n<tr>\n<td class=\"intervallo\" style=\"width: 99.7917%;\" colspan=\"2\">&nbsp;<\/td>\n<\/tr>\n<tr style=\"height: 35px;\">\n<td class=\"prima\" style=\"height: 35px; width: 75.1042%;\">Pr\u0119dko\u015b\u0107 ci\u0119cia<\/td>\n<td class=\"seconda\" style=\"width: 24.6875%;\"><b class=\"txtred\">\u2605<\/b><b class=\"txtred\">\u2605<\/b><b class=\"txtred\">\u2605<\/b><b class=\"txtred\">\u2605<\/b><\/td>\n<\/tr>\n<tr style=\"height: 24px;\">\n<td class=\"prima\" style=\"height: 24px; width: 75.1042%;\">\u015arednie \u017cycie dodatkowe<\/td>\n<td class=\"seconda\" style=\"width: 24.6875%;\"><span style=\"color: #ff0000; font-size: 14px;\"><strong>EXTRA<\/strong><\/span><\/td>\n<\/tr>\n<tr>\n<td class=\"legenda\" style=\"width: 99.7917%;\" colspan=\"2\"><strong>Wystarczaj\u0105cy<\/strong> <b class=\"txtred\">\u2605<\/b> &nbsp;&nbsp; &nbsp;<strong>\u015aredni<\/strong><b class=\"txtred\">\u2605<\/b><b class=\"txtred\">\u2605<\/b> &nbsp;&nbsp; &nbsp;<strong>Dobry<\/strong><b class=\"txtred\">\u2605<\/b><b class=\"txtred\">\u2605<\/b><b class=\"txtred\">\u2605<\/b> &nbsp;&nbsp; &nbsp;<strong>Doskona\u0142y<\/strong><b class=\"txtred\">\u2605<\/b><b class=\"txtred\">\u2605<\/b><b class=\"txtred\">\u2605<\/b><b class=\"txtred\">\u2605<\/b> &nbsp;&nbsp; &nbsp;<strong>Wspania\u0142y<\/strong>&nbsp;<b class=\"txtred\">\u2605<\/b><b class=\"txtred\">\u2605<\/b><b class=\"txtred\">\u2605<\/b><b class=\"txtred\">\u2605<\/b><b class=\"txtred\">\u2605<\/b><\/td>\n<\/tr>\n<\/tbody>\n<\/table>\n<p>&nbsp;<\/p>\n<table class=\"tabellatecnica\" style=\"width: 80%;\" border=\"0\" cellspacing=\"0\" cellpadding=\"0\">\n<thead>\n<tr>\n<td class=\"testata\" colspan=\"2\">Dost\u0119pne \u015brednice<\/td>\n<\/tr>\n<\/thead>\n<tbody>\n<tr>\n<td><a href=\"\/wp-content\/uploads\/2013\/11\/s-taglio2.png\"><img decoding=\"async\" class=\" wp-image-7025 alignleft\" src=\"\/wp-content\/uploads\/2013\/11\/s-taglio2.png\" alt=\"s-taglio2\" height=\"30\" srcset=\"https:\/\/www.maxima-dia.com\/wp-content\/uploads\/2013\/11\/s-taglio2.png 365w, https:\/\/www.maxima-dia.com\/wp-content\/uploads\/2013\/11\/s-taglio2-300x138.png 300w\" sizes=\"(max-width: 365px) 100vw, 365px\" \/><\/a>350-400<\/td>\n<td><img decoding=\"async\" class=\" wp-image-7109 alignleft\" src=\"\/wp-content\/uploads\/2013\/11\/s-taglio6.png\" alt=\"s-taglio6\" height=\"50\" srcset=\"https:\/\/www.maxima-dia.com\/wp-content\/uploads\/2013\/11\/s-taglio6.png 382w, https:\/\/www.maxima-dia.com\/wp-content\/uploads\/2013\/11\/s-taglio6-300x203.png 300w, https:\/\/www.maxima-dia.com\/wp-content\/uploads\/2013\/11\/s-taglio6-120x80.png 120w\" sizes=\"(max-width: 382px) 100vw, 382px\" \/>350-400-450-500-600<\/td>\n<\/tr>\n<\/tbody>\n<\/table>\n<p>&nbsp;[\/vc_column_text][\/vc_column][\/vc_row]<\/p>\n<\/div>","protected":false},"excerpt":{"rendered":"<p>[vc_row][vc_column text_align=&#8221;center&#8221; width=&#8221;1\/4&#8243;][vc_column_text] H.12 mm [\/vc_column_text][\/vc_column][vc_column width=&#8221;3\/4&#8243;][vc_column_text]The latest in the range, Amaranth Cement Duramax is for those who do not want any compromises when it comes to quality. In this sense, it is the 12 mm high segment. The innovative patented Duramax\u00ae technology ensures precise distribution of the diamond guaranteeing a decidedly longer life and faster cutting speed. Tabela techniczna Utwardzony beton \/ ceg\u0142y \/ dach\u00f3wki \u2605\u2605\u2605\u2605\u2605 S\u0142aby \u017celbet \u2605\u2605\u2605\u2605\u2605 Wysoce zbrojony beton \u2605\u2605\u2605\u2605\u2605 Granit \/ Kamie\u0144 naturalny \/ Porfiry \u2605\u2605 Marmur &nbsp; Materia\u0142y ogniotrwa\u0142e \u2605 Piaskowiec \/ Umyte \u017cwirowe p\u0142yty &nbsp; Podw\u00f3jnie wypalane p\u0142ytki ceramiczne &nbsp; Single fired ceramic tiles &nbsp; P\u0142ytki ceramiczne wypalane pojedynczo &nbsp; \u015awie\u017cy cement &nbsp; Asfalt &nbsp; &nbsp; Pr\u0119dko\u015b\u0107 ci\u0119cia \u2605\u2605\u2605\u2605 \u015arednie \u017cycie dodatkowe EXTRA Wystarczaj\u0105cy \u2605 &nbsp;&nbsp; &nbsp;\u015aredni\u2605\u2605 &nbsp;&nbsp; &nbsp;Dobry\u2605\u2605\u2605 &nbsp;&nbsp; &nbsp;Doskona\u0142y\u2605\u2605\u2605\u2605 &nbsp;&nbsp; &nbsp;Wspania\u0142y&nbsp;\u2605\u2605\u2605\u2605\u2605 &nbsp; Dost\u0119pne \u015brednice 350-400 350-400-450-500-600 &nbsp;[\/vc_column_text][\/vc_column][\/vc_row]<\/p>\n","protected":false},"author":29,"featured_media":20379,"parent":20331,"menu_order":7,"comment_status":"closed","ping_status":"closed","template":"","meta":{"ngg_post_thumbnail":0,"_joinchat":[],"footnotes":""},"class_list":["post-20376","page","type-page","status-publish","has-post-thumbnail","hentry"],"yoast_head":"<!-- This site is optimized with the Yoast SEO plugin v25.5 - https:\/\/yoast.com\/wordpress\/plugins\/seo\/ -->\n<title>Amaranth Cement Duramax\u00ae - Maxima SpA<\/title>\n<meta name=\"robots\" content=\"index, follow, max-snippet:-1, max-image-preview:large, max-video-preview:-1\" \/>\n<link rel=\"canonical\" href=\"https:\/\/www.maxima-dia.com\/pl\/tarcze-dedykowane\/amaranth-cement-duramax\/\" \/>\n<meta property=\"og:locale\" content=\"pl_PL\" \/>\n<meta property=\"og:type\" content=\"article\" \/>\n<meta property=\"og:title\" content=\"Amaranth Cement Duramax\u00ae - Maxima SpA\" \/>\n<meta property=\"og:description\" content=\"[vc_row][vc_column text_align=&#8221;center&#8221; width=&#8221;1\/4&#8243;][vc_column_text] H.12 mm [\/vc_column_text][\/vc_column][vc_column width=&#8221;3\/4&#8243;][vc_column_text]The latest in the range, Amaranth Cement Duramax is for those who do not want any compromises when it comes to quality. In this sense, it is the 12 mm high segment. The innovative patented Duramax\u00ae technology ensures precise distribution of the diamond guaranteeing a decidedly longer life and faster cutting speed. Tabela techniczna Utwardzony beton \/ ceg\u0142y \/ dach\u00f3wki \u2605\u2605\u2605\u2605\u2605 S\u0142aby \u017celbet \u2605\u2605\u2605\u2605\u2605 Wysoce zbrojony beton \u2605\u2605\u2605\u2605\u2605 Granit \/ Kamie\u0144 naturalny \/ Porfiry \u2605\u2605 Marmur &nbsp; Materia\u0142y ogniotrwa\u0142e \u2605 Piaskowiec \/ Umyte \u017cwirowe p\u0142yty &nbsp; Podw\u00f3jnie wypalane p\u0142ytki ceramiczne &nbsp; Single fired ceramic tiles &nbsp; P\u0142ytki ceramiczne wypalane pojedynczo &nbsp; \u015awie\u017cy cement &nbsp; Asfalt &nbsp; &nbsp; Pr\u0119dko\u015b\u0107 ci\u0119cia \u2605\u2605\u2605\u2605 \u015arednie \u017cycie dodatkowe EXTRA Wystarczaj\u0105cy \u2605 &nbsp;&nbsp; &nbsp;\u015aredni\u2605\u2605 &nbsp;&nbsp; &nbsp;Dobry\u2605\u2605\u2605 &nbsp;&nbsp; &nbsp;Doskona\u0142y\u2605\u2605\u2605\u2605 &nbsp;&nbsp; &nbsp;Wspania\u0142y&nbsp;\u2605\u2605\u2605\u2605\u2605 &nbsp; Dost\u0119pne \u015brednice 350-400 350-400-450-500-600 &nbsp;[\/vc_column_text][\/vc_column][\/vc_row]\" \/>\n<meta property=\"og:url\" content=\"https:\/\/www.maxima-dia.com\/pl\/tarcze-dedykowane\/amaranth-cement-duramax\/\" \/>\n<meta property=\"og:site_name\" content=\"Maxima SpA\" \/>\n<meta property=\"article:publisher\" content=\"https:\/\/www.facebook.com\/Maxima-spa-106098566139597\" \/>\n<meta property=\"article:modified_time\" content=\"2021-06-28T09:34:12+00:00\" \/>\n<meta property=\"og:image\" content=\"https:\/\/www.maxima-dia.com\/wp-content\/uploads\/2017\/02\/amaranto-cemento-duramax.jpg\" \/>\n\t<meta property=\"og:image:width\" content=\"1200\" \/>\n\t<meta property=\"og:image:height\" content=\"1200\" \/>\n\t<meta property=\"og:image:type\" content=\"image\/jpeg\" \/>\n<meta name=\"twitter:card\" content=\"summary_large_image\" \/>\n<meta name=\"twitter:site\" content=\"@Maximadia\" \/>\n<meta name=\"twitter:label1\" content=\"Szacowany czas czytania\" \/>\n\t<meta name=\"twitter:data1\" content=\"9 minut\" \/>\n<script type=\"application\/ld+json\" class=\"yoast-schema-graph\">{\"@context\":\"https:\/\/schema.org\",\"@graph\":[{\"@type\":\"WebPage\",\"@id\":\"https:\/\/www.maxima-dia.com\/pl\/tarcze-dedykowane\/amaranth-cement-duramax\/\",\"url\":\"https:\/\/www.maxima-dia.com\/pl\/tarcze-dedykowane\/amaranth-cement-duramax\/\",\"name\":\"Amaranth Cement Duramax\u00ae - Maxima SpA\",\"isPartOf\":{\"@id\":\"https:\/\/www.maxima-dia.com\/pl\/#website\"},\"primaryImageOfPage\":{\"@id\":\"https:\/\/www.maxima-dia.com\/pl\/tarcze-dedykowane\/amaranth-cement-duramax\/#primaryimage\"},\"image\":{\"@id\":\"https:\/\/www.maxima-dia.com\/pl\/tarcze-dedykowane\/amaranth-cement-duramax\/#primaryimage\"},\"thumbnailUrl\":\"https:\/\/www.maxima-dia.com\/wp-content\/uploads\/2017\/02\/amaranto-cemento-duramax.jpg\",\"datePublished\":\"2019-07-01T15:39:38+00:00\",\"dateModified\":\"2021-06-28T09:34:12+00:00\",\"breadcrumb\":{\"@id\":\"https:\/\/www.maxima-dia.com\/pl\/tarcze-dedykowane\/amaranth-cement-duramax\/#breadcrumb\"},\"inLanguage\":\"pl-PL\",\"potentialAction\":[{\"@type\":\"ReadAction\",\"target\":[\"https:\/\/www.maxima-dia.com\/pl\/tarcze-dedykowane\/amaranth-cement-duramax\/\"]}]},{\"@type\":\"ImageObject\",\"inLanguage\":\"pl-PL\",\"@id\":\"https:\/\/www.maxima-dia.com\/pl\/tarcze-dedykowane\/amaranth-cement-duramax\/#primaryimage\",\"url\":\"https:\/\/www.maxima-dia.com\/wp-content\/uploads\/2017\/02\/amaranto-cemento-duramax.jpg\",\"contentUrl\":\"https:\/\/www.maxima-dia.com\/wp-content\/uploads\/2017\/02\/amaranto-cemento-duramax.jpg\",\"width\":1200,\"height\":1200},{\"@type\":\"BreadcrumbList\",\"@id\":\"https:\/\/www.maxima-dia.com\/pl\/tarcze-dedykowane\/amaranth-cement-duramax\/#breadcrumb\",\"itemListElement\":[{\"@type\":\"ListItem\",\"position\":1,\"name\":\"Home\",\"item\":\"https:\/\/www.maxima-dia.com\/pl\/\"},{\"@type\":\"ListItem\",\"position\":2,\"name\":\"Tarcze dedykowane\",\"item\":\"https:\/\/www.maxima-dia.com\/pl\/tarcze-dedykowane\/\"},{\"@type\":\"ListItem\",\"position\":3,\"name\":\"Amaranth Cement Duramax\u00ae\"}]},{\"@type\":\"WebSite\",\"@id\":\"https:\/\/www.maxima-dia.com\/pl\/#website\",\"url\":\"https:\/\/www.maxima-dia.com\/pl\/\",\"name\":\"Maxima SpA\",\"description\":\"Only for the real professionals\",\"potentialAction\":[{\"@type\":\"SearchAction\",\"target\":{\"@type\":\"EntryPoint\",\"urlTemplate\":\"https:\/\/www.maxima-dia.com\/pl\/?s={search_term_string}\"},\"query-input\":{\"@type\":\"PropertyValueSpecification\",\"valueRequired\":true,\"valueName\":\"search_term_string\"}}],\"inLanguage\":\"pl-PL\"}]}<\/script>\n<!-- \/ Yoast SEO plugin. -->","yoast_head_json":{"title":"Amaranth Cement Duramax\u00ae - Maxima SpA","robots":{"index":"index","follow":"follow","max-snippet":"max-snippet:-1","max-image-preview":"max-image-preview:large","max-video-preview":"max-video-preview:-1"},"canonical":"https:\/\/www.maxima-dia.com\/pl\/tarcze-dedykowane\/amaranth-cement-duramax\/","og_locale":"pl_PL","og_type":"article","og_title":"Amaranth Cement Duramax\u00ae - Maxima SpA","og_description":"[vc_row][vc_column text_align=&#8221;center&#8221; width=&#8221;1\/4&#8243;][vc_column_text] H.12 mm [\/vc_column_text][\/vc_column][vc_column width=&#8221;3\/4&#8243;][vc_column_text]The latest in the range, Amaranth Cement Duramax is for those who do not want any compromises when it comes to quality. In this sense, it is the 12 mm high segment. The innovative patented Duramax\u00ae technology ensures precise distribution of the diamond guaranteeing a decidedly longer life and faster cutting speed. Tabela techniczna Utwardzony beton \/ ceg\u0142y \/ dach\u00f3wki \u2605\u2605\u2605\u2605\u2605 S\u0142aby \u017celbet \u2605\u2605\u2605\u2605\u2605 Wysoce zbrojony beton \u2605\u2605\u2605\u2605\u2605 Granit \/ Kamie\u0144 naturalny \/ Porfiry \u2605\u2605 Marmur &nbsp; Materia\u0142y ogniotrwa\u0142e \u2605 Piaskowiec \/ Umyte \u017cwirowe p\u0142yty &nbsp; Podw\u00f3jnie wypalane p\u0142ytki ceramiczne &nbsp; Single fired ceramic tiles &nbsp; P\u0142ytki ceramiczne wypalane pojedynczo &nbsp; \u015awie\u017cy cement &nbsp; Asfalt &nbsp; &nbsp; Pr\u0119dko\u015b\u0107 ci\u0119cia \u2605\u2605\u2605\u2605 \u015arednie \u017cycie dodatkowe EXTRA Wystarczaj\u0105cy \u2605 &nbsp;&nbsp; &nbsp;\u015aredni\u2605\u2605 &nbsp;&nbsp; &nbsp;Dobry\u2605\u2605\u2605 &nbsp;&nbsp; &nbsp;Doskona\u0142y\u2605\u2605\u2605\u2605 &nbsp;&nbsp; &nbsp;Wspania\u0142y&nbsp;\u2605\u2605\u2605\u2605\u2605 &nbsp; Dost\u0119pne \u015brednice 350-400 350-400-450-500-600 &nbsp;[\/vc_column_text][\/vc_column][\/vc_row]","og_url":"https:\/\/www.maxima-dia.com\/pl\/tarcze-dedykowane\/amaranth-cement-duramax\/","og_site_name":"Maxima SpA","article_publisher":"https:\/\/www.facebook.com\/Maxima-spa-106098566139597","article_modified_time":"2021-06-28T09:34:12+00:00","og_image":[{"width":1200,"height":1200,"url":"https:\/\/www.maxima-dia.com\/wp-content\/uploads\/2017\/02\/amaranto-cemento-duramax.jpg","type":"image\/jpeg"}],"twitter_card":"summary_large_image","twitter_site":"@Maximadia","twitter_misc":{"Szacowany czas czytania":"9 minut"},"schema":{"@context":"https:\/\/schema.org","@graph":[{"@type":"WebPage","@id":"https:\/\/www.maxima-dia.com\/pl\/tarcze-dedykowane\/amaranth-cement-duramax\/","url":"https:\/\/www.maxima-dia.com\/pl\/tarcze-dedykowane\/amaranth-cement-duramax\/","name":"Amaranth Cement Duramax\u00ae - Maxima SpA","isPartOf":{"@id":"https:\/\/www.maxima-dia.com\/pl\/#website"},"primaryImageOfPage":{"@id":"https:\/\/www.maxima-dia.com\/pl\/tarcze-dedykowane\/amaranth-cement-duramax\/#primaryimage"},"image":{"@id":"https:\/\/www.maxima-dia.com\/pl\/tarcze-dedykowane\/amaranth-cement-duramax\/#primaryimage"},"thumbnailUrl":"https:\/\/www.maxima-dia.com\/wp-content\/uploads\/2017\/02\/amaranto-cemento-duramax.jpg","datePublished":"2019-07-01T15:39:38+00:00","dateModified":"2021-06-28T09:34:12+00:00","breadcrumb":{"@id":"https:\/\/www.maxima-dia.com\/pl\/tarcze-dedykowane\/amaranth-cement-duramax\/#breadcrumb"},"inLanguage":"pl-PL","potentialAction":[{"@type":"ReadAction","target":["https:\/\/www.maxima-dia.com\/pl\/tarcze-dedykowane\/amaranth-cement-duramax\/"]}]},{"@type":"ImageObject","inLanguage":"pl-PL","@id":"https:\/\/www.maxima-dia.com\/pl\/tarcze-dedykowane\/amaranth-cement-duramax\/#primaryimage","url":"https:\/\/www.maxima-dia.com\/wp-content\/uploads\/2017\/02\/amaranto-cemento-duramax.jpg","contentUrl":"https:\/\/www.maxima-dia.com\/wp-content\/uploads\/2017\/02\/amaranto-cemento-duramax.jpg","width":1200,"height":1200},{"@type":"BreadcrumbList","@id":"https:\/\/www.maxima-dia.com\/pl\/tarcze-dedykowane\/amaranth-cement-duramax\/#breadcrumb","itemListElement":[{"@type":"ListItem","position":1,"name":"Home","item":"https:\/\/www.maxima-dia.com\/pl\/"},{"@type":"ListItem","position":2,"name":"Tarcze dedykowane","item":"https:\/\/www.maxima-dia.com\/pl\/tarcze-dedykowane\/"},{"@type":"ListItem","position":3,"name":"Amaranth Cement Duramax\u00ae"}]},{"@type":"WebSite","@id":"https:\/\/www.maxima-dia.com\/pl\/#website","url":"https:\/\/www.maxima-dia.com\/pl\/","name":"Maxima SpA","description":"Only for the real professionals","potentialAction":[{"@type":"SearchAction","target":{"@type":"EntryPoint","urlTemplate":"https:\/\/www.maxima-dia.com\/pl\/?s={search_term_string}"},"query-input":{"@type":"PropertyValueSpecification","valueRequired":true,"valueName":"search_term_string"}}],"inLanguage":"pl-PL"}]}},"_links":{"self":[{"href":"https:\/\/www.maxima-dia.com\/pl\/wp-json\/wp\/v2\/pages\/20376"}],"collection":[{"href":"https:\/\/www.maxima-dia.com\/pl\/wp-json\/wp\/v2\/pages"}],"about":[{"href":"https:\/\/www.maxima-dia.com\/pl\/wp-json\/wp\/v2\/types\/page"}],"author":[{"embeddable":true,"href":"https:\/\/www.maxima-dia.com\/pl\/wp-json\/wp\/v2\/users\/29"}],"replies":[{"embeddable":true,"href":"https:\/\/www.maxima-dia.com\/pl\/wp-json\/wp\/v2\/comments?post=20376"}],"version-history":[{"count":0,"href":"https:\/\/www.maxima-dia.com\/pl\/wp-json\/wp\/v2\/pages\/20376\/revisions"}],"up":[{"embeddable":true,"href":"https:\/\/www.maxima-dia.com\/pl\/wp-json\/wp\/v2\/pages\/20331"}],"wp:featuredmedia":[{"embeddable":true,"href":"https:\/\/www.maxima-dia.com\/pl\/wp-json\/wp\/v2\/media\/20379"}],"wp:attachment":[{"href":"https:\/\/www.maxima-dia.com\/pl\/wp-json\/wp\/v2\/media?parent=20376"}],"curies":[{"name":"wp","href":"https:\/\/api.w.org\/{rel}","templated":true}]}}