{"id":20404,"date":"2019-07-02T11:27:51","date_gmt":"2019-07-02T09:27:51","guid":{"rendered":"https:\/\/www.maxima-dia.com\/?page_id=20404"},"modified":"2019-09-20T09:10:36","modified_gmt":"2019-09-20T07:10:36","slug":"produkty-do-ciecia","status":"publish","type":"page","link":"https:\/\/www.maxima-dia.com\/pl\/produkty-do-ciecia\/","title":{"rendered":"Produkty do Ci\u0119cia"},"content":{"rendered":"<div class=\"wpb-content-wrapper\"><p>[vc_row bottom_padding=&#8221;50&#8243;][vc_column width=&#8221;1\/1&#8243;][vc_column_text]Dla najbardziej wymagaj\u0105cych profesjonalist\u00f3w Maxima oferuje najszersz\u0105 gam\u0119 narz\u0119dzi diamentowych do ci\u0119cia. Obejmuje ona uniwersalne ostrza turbo z ci\u0105g\u0142\u0105 koronk\u0105, uniwersalne segmentowe ostrza laserowe do stosowania na szlifierkach, pi\u0142y sto\u0142owe i przecinarki, diamentowe ostrza do ceramiki, znajduj\u0105ce stosowanie w ka\u017cdym typie elektrycznych maszyn budowlanych, specjalne diamentowe ostrza do ci\u0119cia asfaltu, cementu, materia\u0142\u00f3w ogniotrwa\u0142ych, porfiru, marmuru i granitu, a tak\u017ce \u015bciernice uniwersalnego i specyficznego zastosowania. Aby uzupe\u0142ni\u0107 t\u0119 szerok\u0105 ofert\u0119, proponujemy r\u00f3wnie\u017c nasze maszyny budowlane: pi\u0142y do pod\u0142\u00f3g, szlifierki do \u015bcian, szlifierki, pi\u0142y sto\u0142owe budowlane i ubijaki.<br \/>\nWszystkie nasze maszyny s\u0105 oznaczone znakiem CE i s\u0105 produkowane w UE <img loading=\"lazy\" decoding=\"async\" class=\"alignnone wp-image-6471\" src=\"\/wp-content\/uploads\/2011\/09\/eu_flag.png\" alt=\"\" width=\"20\" height=\"16\">.[\/vc_column_text][\/vc_column][\/vc_row][vc_row bottom_padding=&#8221;50&#8243;][vc_column width=&#8221;1\/4&#8243;]<div class=\"single_image wpb_content_element align-left    \" data-animation=\"none\" data-delay=\"0\"><a href=\"\/pl\/uniwersalne-tarcze-turbo\/\" target=\"_self\"><img loading=\"lazy\" decoding=\"async\" width=\"600\" height=\"600\" src=\"https:\/\/www.maxima-dia.com\/wp-content\/uploads\/2017\/04\/dischi-turbo-icon.jpg\" class=\"attachment-full\" alt=\"Maxima SpA dischi universali turbo\" title=\"Maxima SpA dischi universali turbo\" srcset=\"https:\/\/www.maxima-dia.com\/wp-content\/uploads\/2017\/04\/dischi-turbo-icon.jpg 600w, https:\/\/www.maxima-dia.com\/wp-content\/uploads\/2017\/04\/dischi-turbo-icon-150x150.jpg 150w, https:\/\/www.maxima-dia.com\/wp-content\/uploads\/2017\/04\/dischi-turbo-icon-300x300.jpg 300w, https:\/\/www.maxima-dia.com\/wp-content\/uploads\/2017\/04\/dischi-turbo-icon-80x80.jpg 80w, https:\/\/www.maxima-dia.com\/wp-content\/uploads\/2017\/04\/dischi-turbo-icon-500x500.jpg 500w\" sizes=\"(max-width: 600px) 100vw, 600px\" \/><\/a><\/div>[\/vc_column][vc_column width=&#8221;3\/4&#8243;][vc_column_text]<\/p>\n<h2><a href=\"\/pl\/uniwersalne-tarcze-turbo\/\">Uniwersalne tarcze Turbo<\/a><\/h2>\n<p>Ta sekcja zawiera wszystkie uniwersalne ostrza z ci\u0105g\u0142\u0105 koronk\u0105, zwane r\u00f3wnie\u017c TURBO, stosowane g\u0142\u00f3wnie w maszynach do szlifowania. Niekt\u00f3re produkty s\u0105 r\u00f3wnie\u017c dost\u0119pne ze \u015brednicami odpowiednimi do stosowania na pi\u0142ach.[\/vc_column_text][\/vc_column][\/vc_row][vc_row bottom_padding=&#8221;50&#8243;][vc_column width=&#8221;1\/4&#8243;]<div class=\"single_image wpb_content_element align-left    \" data-animation=\"none\" data-delay=\"0\"><a href=\"\/pl\/uniwersalne-tarcze-laser\/\" target=\"_self\"><img loading=\"lazy\" decoding=\"async\" width=\"600\" height=\"600\" src=\"https:\/\/www.maxima-dia.com\/wp-content\/uploads\/2017\/04\/dischi-laser-universali-icon.jpg\" class=\"attachment-full\" alt=\"Maxima SpA dischi laser universali\" title=\"Maxima SpA dischi laser universali\" srcset=\"https:\/\/www.maxima-dia.com\/wp-content\/uploads\/2017\/04\/dischi-laser-universali-icon.jpg 600w, https:\/\/www.maxima-dia.com\/wp-content\/uploads\/2017\/04\/dischi-laser-universali-icon-150x150.jpg 150w, https:\/\/www.maxima-dia.com\/wp-content\/uploads\/2017\/04\/dischi-laser-universali-icon-300x300.jpg 300w, https:\/\/www.maxima-dia.com\/wp-content\/uploads\/2017\/04\/dischi-laser-universali-icon-80x80.jpg 80w, https:\/\/www.maxima-dia.com\/wp-content\/uploads\/2017\/04\/dischi-laser-universali-icon-500x500.jpg 500w\" sizes=\"(max-width: 600px) 100vw, 600px\" \/><\/a><\/div>[\/vc_column][vc_column width=&#8221;3\/4&#8243;][vc_column_text]<\/p>\n<h2><a href=\"\/pl\/uniwersalne-tarcze-laser\/\">Uniwersalne tarcze Laser<\/a><\/h2>\n<p>Wszystkie uniwersalne tarcze segmentowe, zwane tak\u017ce LASER, s\u0105 przeznaczone przede wszystkim do maszyn do szlifowania. Niekt\u00f3re produkty s\u0105 r\u00f3wnie\u017c dost\u0119pne ze \u015brednicami do odpowiednimi stosowania na pi\u0142ach lub pi\u0142ach do ci\u0119cia.[\/vc_column_text][\/vc_column][\/vc_row][vc_row bottom_padding=&#8221;50&#8243;][vc_column width=&#8221;1\/4&#8243;]<div class=\"single_image wpb_content_element align-left    \" data-animation=\"none\" data-delay=\"0\"><a href=\"\/pl\/tarcze-do-ceramiki\/\" target=\"_self\"><img loading=\"lazy\" decoding=\"async\" width=\"600\" height=\"600\" src=\"https:\/\/www.maxima-dia.com\/wp-content\/uploads\/2017\/04\/dischi-ceramica-icon.jpg\" class=\"attachment-full\" alt=\"Maxima SpA dischi ceramica\" title=\"Maxima SpA dischi ceramica\" srcset=\"https:\/\/www.maxima-dia.com\/wp-content\/uploads\/2017\/04\/dischi-ceramica-icon.jpg 600w, https:\/\/www.maxima-dia.com\/wp-content\/uploads\/2017\/04\/dischi-ceramica-icon-150x150.jpg 150w, https:\/\/www.maxima-dia.com\/wp-content\/uploads\/2017\/04\/dischi-ceramica-icon-300x300.jpg 300w, https:\/\/www.maxima-dia.com\/wp-content\/uploads\/2017\/04\/dischi-ceramica-icon-80x80.jpg 80w, https:\/\/www.maxima-dia.com\/wp-content\/uploads\/2017\/04\/dischi-ceramica-icon-500x500.jpg 500w\" sizes=\"(max-width: 600px) 100vw, 600px\" \/><\/a><\/div>[\/vc_column][vc_column width=&#8221;3\/4&#8243;][vc_column_text]<\/p>\n<h2><a href=\"\/pl\/tarcze-do-ceramiki\/\">Tarcze do Ceramiki<\/a><\/h2>\n<p>Ta sekcja zawiera pe\u0142n\u0105 ofert\u0119 tarcz do ceramiki. Mog\u0105 one ci\u0105\u0107 wszystkie materia\u0142y ceramiczne, niezale\u017cnie od ich \u015brednicy, i mog\u0105 by\u0107 instalowane na dowolnych typach maszyn u\u017cytkowanych na placach budowy. Cer Pink Turbo to bestseller spo\u015br\u00f3d ca\u0142ej gamy narz\u0119dzi diamentowych.[\/vc_column_text][\/vc_column][\/vc_row][vc_row bottom_padding=&#8221;50&#8243;][vc_column width=&#8221;1\/4&#8243;]<div class=\"single_image wpb_content_element align-left    \" data-animation=\"none\" data-delay=\"0\"><a href=\"\/pl\/tarcze-dedykowane\/\" target=\"_self\"><img loading=\"lazy\" decoding=\"async\" width=\"600\" height=\"600\" src=\"https:\/\/www.maxima-dia.com\/wp-content\/uploads\/2017\/04\/dischi-specifici-icon.jpg\" class=\"attachment-full\" alt=\"Maxima SpA dischi specifici\" title=\"Maxima SpA dischi specifici\" srcset=\"https:\/\/www.maxima-dia.com\/wp-content\/uploads\/2017\/04\/dischi-specifici-icon.jpg 600w, https:\/\/www.maxima-dia.com\/wp-content\/uploads\/2017\/04\/dischi-specifici-icon-150x150.jpg 150w, https:\/\/www.maxima-dia.com\/wp-content\/uploads\/2017\/04\/dischi-specifici-icon-300x300.jpg 300w, https:\/\/www.maxima-dia.com\/wp-content\/uploads\/2017\/04\/dischi-specifici-icon-80x80.jpg 80w, https:\/\/www.maxima-dia.com\/wp-content\/uploads\/2017\/04\/dischi-specifici-icon-500x500.jpg 500w\" sizes=\"(max-width: 600px) 100vw, 600px\" \/><\/a><\/div>[\/vc_column][vc_column width=&#8221;3\/4&#8243;][vc_column_text]<\/p>\n<h2><a href=\"\/pl\/tarcze-dedykowane\/\">Tarcze dedykowane<\/a><\/h2>\n<p>Tarcze dedykowane zosta\u0142y zaprojektowane z my\u015bl\u0105 o ci\u0119ciu okre\u015blonego typu materia\u0142u. Maxima opracowa\u0142a ca\u0142\u0105 gam\u0119 narz\u0119dzi dedykowanych do ci\u0119cia r\u00f3\u017cnych materia\u0142\u00f3w, takich jak asfalt, cement, materia\u0142y ogniotrwa\u0142e, porfir, marmur lub granit. Dost\u0119pne \u015brednice wynosz\u0105 od 125 do 800 mm dla r\u00f3\u017cnych typ\u00f3w maszyn.[\/vc_column_text][\/vc_column][\/vc_row][vc_row bottom_padding=&#8221;50&#8243;][vc_column width=&#8221;1\/4&#8243;]<div class=\"single_image wpb_content_element align-left    \" data-animation=\"none\" data-delay=\"0\"><a href=\"\/pl\/tarcze-do-szlifowania\/\" target=\"_self\"><img loading=\"lazy\" decoding=\"async\" width=\"600\" height=\"600\" src=\"https:\/\/www.maxima-dia.com\/wp-content\/uploads\/2017\/04\/platorelli-icon.jpg\" class=\"attachment-full\" alt=\"Maxima SpA platorelli\" title=\"Maxima SpA platorelli\" srcset=\"https:\/\/www.maxima-dia.com\/wp-content\/uploads\/2017\/04\/platorelli-icon.jpg 600w, https:\/\/www.maxima-dia.com\/wp-content\/uploads\/2017\/04\/platorelli-icon-150x150.jpg 150w, https:\/\/www.maxima-dia.com\/wp-content\/uploads\/2017\/04\/platorelli-icon-300x300.jpg 300w, https:\/\/www.maxima-dia.com\/wp-content\/uploads\/2017\/04\/platorelli-icon-80x80.jpg 80w, https:\/\/www.maxima-dia.com\/wp-content\/uploads\/2017\/04\/platorelli-icon-500x500.jpg 500w\" sizes=\"(max-width: 600px) 100vw, 600px\" \/><\/a><\/div>[\/vc_column][vc_column width=&#8221;3\/4&#8243;][vc_column_text]<\/p>\n<h2><a href=\"\/pl\/tarcze-do-szlifowania\/\">Tarcze do szlifowania<\/a><\/h2>\n<p>Gama diamentowych tarcz szlifierskich Maxima zosta\u0142a zaprojektowana zar\u00f3wno do uniwersalnego zastosowania w budownictwie, jak i do specyficznych zastosowa\u0144 w pracy kamieniem. Opr\u00f3cz modeli z koron\u0105 ci\u0105g\u0142\u0105 i segmentow\u0105, oferowany jest r\u00f3wnie\u017c nowy model, Laser Blue Plus, tarcza szlifierska, kt\u00f3ra tnie i szlifuje jednocze\u015bnie. Dost\u0119pne \u015brednice wynosz\u0105 od 100 do 180 mm.[\/vc_column_text][\/vc_column][\/vc_row][vc_row bottom_padding=&#8221;50&#8243;][vc_column width=&#8221;1\/4&#8243;]<div class=\"single_image wpb_content_element align-left    \" data-animation=\"none\" data-delay=\"0\"><a href=\"\/pl\/maszyny-do-ciecia\/\" target=\"_self\"><img loading=\"lazy\" decoding=\"async\" width=\"600\" height=\"600\" src=\"https:\/\/www.maxima-dia.com\/wp-content\/uploads\/2017\/04\/macchine-edili-taglio-icon.jpg\" class=\"attachment-full\" alt=\"Maxima SpA macchine edili taglio\" title=\"Maxima SpA macchine edili taglio\" srcset=\"https:\/\/www.maxima-dia.com\/wp-content\/uploads\/2017\/04\/macchine-edili-taglio-icon.jpg 600w, https:\/\/www.maxima-dia.com\/wp-content\/uploads\/2017\/04\/macchine-edili-taglio-icon-150x150.jpg 150w, https:\/\/www.maxima-dia.com\/wp-content\/uploads\/2017\/04\/macchine-edili-taglio-icon-300x300.jpg 300w, https:\/\/www.maxima-dia.com\/wp-content\/uploads\/2017\/04\/macchine-edili-taglio-icon-80x80.jpg 80w, https:\/\/www.maxima-dia.com\/wp-content\/uploads\/2017\/04\/macchine-edili-taglio-icon-500x500.jpg 500w\" sizes=\"(max-width: 600px) 100vw, 600px\" \/><\/a><\/div>[\/vc_column][vc_column width=&#8221;3\/4&#8243;][vc_column_text]<\/p>\n<h2><a href=\"\/pl\/maszyny-do-ciecia\/\"><strong>Maszyny do Ci\u0119cia<\/strong><\/a><\/h2>\n<p>W tej sekcji przedstawiamy wszystkie maszyny budowlane do ci\u0119cia narz\u0119dziami diamentowymi z oferty Maximy, takie jak bruzdownice, szlifierki, pi\u0142y sto\u0142owe, pi\u0142y do pod\u0142\u00f3g, seri\u0119 zag\u0119szczarek Vibramax do prac wyko\u0144czeniowych, sprz\u0119t dla firm budowlanych i drogowych. Wszystkie nasze maszyny s\u0105 produkowane w Unii Europejskiej&nbsp;<img loading=\"lazy\" decoding=\"async\" class=\"wp-image-6471\" src=\"\/wp-content\/uploads\/2011\/09\/eu_flag.png\" alt=\"\" width=\"18\" height=\"15\"> oraz posiadaj\u0105 certyfikat <strong>CE<\/strong>.[\/vc_column_text][\/vc_column][\/vc_row][vc_row bottom_padding=&#8221;50&#8243;][vc_column width=&#8221;1\/4&#8243;]<div class=\"single_image wpb_content_element align-left    \" data-animation=\"none\" data-delay=\"0\"><a href=\"\/pl\/akcesoria-do-ciecia\/\" target=\"_self\"><img loading=\"lazy\" decoding=\"async\" width=\"600\" height=\"600\" src=\"https:\/\/www.maxima-dia.com\/wp-content\/uploads\/2017\/04\/accessori-taglio-icon.jpg\" class=\"attachment-full\" alt=\"Maxima SpA accessori taglio\" title=\"Maxima SpA accessori taglio\" srcset=\"https:\/\/www.maxima-dia.com\/wp-content\/uploads\/2017\/04\/accessori-taglio-icon.jpg 600w, https:\/\/www.maxima-dia.com\/wp-content\/uploads\/2017\/04\/accessori-taglio-icon-150x150.jpg 150w, https:\/\/www.maxima-dia.com\/wp-content\/uploads\/2017\/04\/accessori-taglio-icon-300x300.jpg 300w, https:\/\/www.maxima-dia.com\/wp-content\/uploads\/2017\/04\/accessori-taglio-icon-80x80.jpg 80w, https:\/\/www.maxima-dia.com\/wp-content\/uploads\/2017\/04\/accessori-taglio-icon-500x500.jpg 500w\" sizes=\"(max-width: 600px) 100vw, 600px\" \/><\/a><\/div>[\/vc_column][vc_column width=&#8221;3\/4&#8243;][vc_column_text]<\/p>\n<h2><a href=\"\/pl\/akcesoria-do-ciecia\/\">Akcesoria do Ci\u0119cia<\/a><\/h2>\n<p>Ta sekcja zawiera akcesoria do ci\u0119cia, takie jak podw\u00f3jne ko\u0142nierze, redukcje ostrzy, podk\u0142adki dystansowe i narz\u0119dzia do ostrzenia.[\/vc_column_text][\/vc_column][\/vc_row]<\/p>\n<\/div>","protected":false},"excerpt":{"rendered":"<p>[vc_row bottom_padding=&#8221;50&#8243;][vc_column width=&#8221;1\/1&#8243;][vc_column_text]Dla najbardziej wymagaj\u0105cych profesjonalist\u00f3w Maxima oferuje najszersz\u0105 gam\u0119 narz\u0119dzi diamentowych do ci\u0119cia. Obejmuje ona uniwersalne ostrza turbo z ci\u0105g\u0142\u0105 koronk\u0105, uniwersalne segmentowe ostrza laserowe do stosowania na szlifierkach, pi\u0142y sto\u0142owe i przecinarki, diamentowe ostrza do ceramiki, znajduj\u0105ce stosowanie w ka\u017cdym typie elektrycznych maszyn budowlanych, specjalne diamentowe ostrza do ci\u0119cia asfaltu, cementu, materia\u0142\u00f3w ogniotrwa\u0142ych, porfiru, marmuru i granitu, a tak\u017ce \u015bciernice uniwersalnego i specyficznego zastosowania. Aby uzupe\u0142ni\u0107 t\u0119 szerok\u0105 ofert\u0119, proponujemy r\u00f3wnie\u017c nasze maszyny budowlane: pi\u0142y do pod\u0142\u00f3g, szlifierki do \u015bcian, szlifierki, pi\u0142y sto\u0142owe budowlane i ubijaki. Wszystkie nasze maszyny s\u0105 oznaczone znakiem CE i s\u0105 produkowane w UE .[\/vc_column_text][\/vc_column][\/vc_row][vc_row bottom_padding=&#8221;50&#8243;][vc_column width=&#8221;1\/4&#8243;][\/vc_column][vc_column width=&#8221;3\/4&#8243;][vc_column_text] Uniwersalne tarcze Turbo Ta sekcja zawiera wszystkie uniwersalne ostrza z ci\u0105g\u0142\u0105 koronk\u0105, zwane r\u00f3wnie\u017c TURBO, stosowane g\u0142\u00f3wnie w maszynach do szlifowania. Niekt\u00f3re produkty s\u0105 r\u00f3wnie\u017c dost\u0119pne ze \u015brednicami odpowiednimi do stosowania na pi\u0142ach.[\/vc_column_text][\/vc_column][\/vc_row][vc_row bottom_padding=&#8221;50&#8243;][vc_column width=&#8221;1\/4&#8243;][\/vc_column][vc_column width=&#8221;3\/4&#8243;][vc_column_text] Uniwersalne tarcze Laser Wszystkie uniwersalne tarcze segmentowe, zwane tak\u017ce LASER, s\u0105 przeznaczone przede wszystkim do maszyn do szlifowania. Niekt\u00f3re produkty s\u0105 r\u00f3wnie\u017c dost\u0119pne ze \u015brednicami do odpowiednimi stosowania na pi\u0142ach lub pi\u0142ach do ci\u0119cia.[\/vc_column_text][\/vc_column][\/vc_row][vc_row bottom_padding=&#8221;50&#8243;][vc_column width=&#8221;1\/4&#8243;][\/vc_column][vc_column width=&#8221;3\/4&#8243;][vc_column_text] Tarcze do Ceramiki Ta sekcja zawiera pe\u0142n\u0105 ofert\u0119 tarcz do ceramiki. Mog\u0105 one ci\u0105\u0107 wszystkie materia\u0142y ceramiczne, niezale\u017cnie od ich \u015brednicy, i mog\u0105 [&hellip;]<\/p>\n","protected":false},"author":29,"featured_media":0,"parent":0,"menu_order":443,"comment_status":"closed","ping_status":"closed","template":"","meta":{"ngg_post_thumbnail":0,"_joinchat":[],"footnotes":""},"class_list":["post-20404","page","type-page","status-publish","hentry"],"yoast_head":"<!-- This site is optimized with the Yoast SEO plugin v25.5 - https:\/\/yoast.com\/wordpress\/plugins\/seo\/ -->\n<title>Produkty do Ci\u0119cia - Maxima SpA<\/title>\n<meta name=\"robots\" content=\"index, follow, max-snippet:-1, max-image-preview:large, max-video-preview:-1\" \/>\n<link rel=\"canonical\" href=\"https:\/\/www.maxima-dia.com\/pl\/produkty-do-ciecia\/\" \/>\n<meta property=\"og:locale\" content=\"pl_PL\" \/>\n<meta property=\"og:type\" content=\"article\" \/>\n<meta property=\"og:title\" content=\"Produkty do Ci\u0119cia - Maxima SpA\" \/>\n<meta property=\"og:description\" content=\"[vc_row bottom_padding=&#8221;50&#8243;][vc_column width=&#8221;1\/1&#8243;][vc_column_text]Dla najbardziej wymagaj\u0105cych profesjonalist\u00f3w Maxima oferuje najszersz\u0105 gam\u0119 narz\u0119dzi diamentowych do ci\u0119cia. Obejmuje ona uniwersalne ostrza turbo z ci\u0105g\u0142\u0105 koronk\u0105, uniwersalne segmentowe ostrza laserowe do stosowania na szlifierkach, pi\u0142y sto\u0142owe i przecinarki, diamentowe ostrza do ceramiki, znajduj\u0105ce stosowanie w ka\u017cdym typie elektrycznych maszyn budowlanych, specjalne diamentowe ostrza do ci\u0119cia asfaltu, cementu, materia\u0142\u00f3w ogniotrwa\u0142ych, porfiru, marmuru i granitu, a tak\u017ce \u015bciernice uniwersalnego i specyficznego zastosowania. Aby uzupe\u0142ni\u0107 t\u0119 szerok\u0105 ofert\u0119, proponujemy r\u00f3wnie\u017c nasze maszyny budowlane: pi\u0142y do pod\u0142\u00f3g, szlifierki do \u015bcian, szlifierki, pi\u0142y sto\u0142owe budowlane i ubijaki. Wszystkie nasze maszyny s\u0105 oznaczone znakiem CE i s\u0105 produkowane w UE .[\/vc_column_text][\/vc_column][\/vc_row][vc_row bottom_padding=&#8221;50&#8243;][vc_column width=&#8221;1\/4&#8243;][\/vc_column][vc_column width=&#8221;3\/4&#8243;][vc_column_text] Uniwersalne tarcze Turbo Ta sekcja zawiera wszystkie uniwersalne ostrza z ci\u0105g\u0142\u0105 koronk\u0105, zwane r\u00f3wnie\u017c TURBO, stosowane g\u0142\u00f3wnie w maszynach do szlifowania. Niekt\u00f3re produkty s\u0105 r\u00f3wnie\u017c dost\u0119pne ze \u015brednicami odpowiednimi do stosowania na pi\u0142ach.[\/vc_column_text][\/vc_column][\/vc_row][vc_row bottom_padding=&#8221;50&#8243;][vc_column width=&#8221;1\/4&#8243;][\/vc_column][vc_column width=&#8221;3\/4&#8243;][vc_column_text] Uniwersalne tarcze Laser Wszystkie uniwersalne tarcze segmentowe, zwane tak\u017ce LASER, s\u0105 przeznaczone przede wszystkim do maszyn do szlifowania. Niekt\u00f3re produkty s\u0105 r\u00f3wnie\u017c dost\u0119pne ze \u015brednicami do odpowiednimi stosowania na pi\u0142ach lub pi\u0142ach do ci\u0119cia.[\/vc_column_text][\/vc_column][\/vc_row][vc_row bottom_padding=&#8221;50&#8243;][vc_column width=&#8221;1\/4&#8243;][\/vc_column][vc_column width=&#8221;3\/4&#8243;][vc_column_text] Tarcze do Ceramiki Ta sekcja zawiera pe\u0142n\u0105 ofert\u0119 tarcz do ceramiki. Mog\u0105 one ci\u0105\u0107 wszystkie materia\u0142y ceramiczne, niezale\u017cnie od ich \u015brednicy, i mog\u0105 [&hellip;]\" \/>\n<meta property=\"og:url\" content=\"https:\/\/www.maxima-dia.com\/pl\/produkty-do-ciecia\/\" \/>\n<meta property=\"og:site_name\" content=\"Maxima SpA\" \/>\n<meta property=\"article:publisher\" content=\"https:\/\/www.facebook.com\/Maxima-spa-106098566139597\" \/>\n<meta property=\"article:modified_time\" content=\"2019-09-20T07:10:36+00:00\" \/>\n<meta property=\"og:image\" content=\"https:\/\/www.maxima-dia.com\/wp-content\/uploads\/2011\/09\/eu_flag.png\" \/>\n<meta name=\"twitter:card\" content=\"summary_large_image\" \/>\n<meta name=\"twitter:site\" content=\"@Maximadia\" \/>\n<meta name=\"twitter:label1\" content=\"Szacowany czas czytania\" \/>\n\t<meta name=\"twitter:data1\" content=\"3 minuty\" \/>\n<script type=\"application\/ld+json\" class=\"yoast-schema-graph\">{\"@context\":\"https:\/\/schema.org\",\"@graph\":[{\"@type\":\"WebPage\",\"@id\":\"https:\/\/www.maxima-dia.com\/pl\/produkty-do-ciecia\/\",\"url\":\"https:\/\/www.maxima-dia.com\/pl\/produkty-do-ciecia\/\",\"name\":\"Produkty do Ci\u0119cia - Maxima SpA\",\"isPartOf\":{\"@id\":\"https:\/\/www.maxima-dia.com\/pl\/#website\"},\"datePublished\":\"2019-07-02T09:27:51+00:00\",\"dateModified\":\"2019-09-20T07:10:36+00:00\",\"breadcrumb\":{\"@id\":\"https:\/\/www.maxima-dia.com\/pl\/produkty-do-ciecia\/#breadcrumb\"},\"inLanguage\":\"pl-PL\",\"potentialAction\":[{\"@type\":\"ReadAction\",\"target\":[\"https:\/\/www.maxima-dia.com\/pl\/produkty-do-ciecia\/\"]}]},{\"@type\":\"BreadcrumbList\",\"@id\":\"https:\/\/www.maxima-dia.com\/pl\/produkty-do-ciecia\/#breadcrumb\",\"itemListElement\":[{\"@type\":\"ListItem\",\"position\":1,\"name\":\"Home\",\"item\":\"https:\/\/www.maxima-dia.com\/pl\/\"},{\"@type\":\"ListItem\",\"position\":2,\"name\":\"Produkty do Ci\u0119cia\"}]},{\"@type\":\"WebSite\",\"@id\":\"https:\/\/www.maxima-dia.com\/pl\/#website\",\"url\":\"https:\/\/www.maxima-dia.com\/pl\/\",\"name\":\"Maxima SpA\",\"description\":\"Only for the real professionals\",\"potentialAction\":[{\"@type\":\"SearchAction\",\"target\":{\"@type\":\"EntryPoint\",\"urlTemplate\":\"https:\/\/www.maxima-dia.com\/pl\/?s={search_term_string}\"},\"query-input\":{\"@type\":\"PropertyValueSpecification\",\"valueRequired\":true,\"valueName\":\"search_term_string\"}}],\"inLanguage\":\"pl-PL\"}]}<\/script>\n<!-- \/ Yoast SEO plugin. -->","yoast_head_json":{"title":"Produkty do Ci\u0119cia - Maxima SpA","robots":{"index":"index","follow":"follow","max-snippet":"max-snippet:-1","max-image-preview":"max-image-preview:large","max-video-preview":"max-video-preview:-1"},"canonical":"https:\/\/www.maxima-dia.com\/pl\/produkty-do-ciecia\/","og_locale":"pl_PL","og_type":"article","og_title":"Produkty do Ci\u0119cia - Maxima SpA","og_description":"[vc_row bottom_padding=&#8221;50&#8243;][vc_column width=&#8221;1\/1&#8243;][vc_column_text]Dla najbardziej wymagaj\u0105cych profesjonalist\u00f3w Maxima oferuje najszersz\u0105 gam\u0119 narz\u0119dzi diamentowych do ci\u0119cia. Obejmuje ona uniwersalne ostrza turbo z ci\u0105g\u0142\u0105 koronk\u0105, uniwersalne segmentowe ostrza laserowe do stosowania na szlifierkach, pi\u0142y sto\u0142owe i przecinarki, diamentowe ostrza do ceramiki, znajduj\u0105ce stosowanie w ka\u017cdym typie elektrycznych maszyn budowlanych, specjalne diamentowe ostrza do ci\u0119cia asfaltu, cementu, materia\u0142\u00f3w ogniotrwa\u0142ych, porfiru, marmuru i granitu, a tak\u017ce \u015bciernice uniwersalnego i specyficznego zastosowania. Aby uzupe\u0142ni\u0107 t\u0119 szerok\u0105 ofert\u0119, proponujemy r\u00f3wnie\u017c nasze maszyny budowlane: pi\u0142y do pod\u0142\u00f3g, szlifierki do \u015bcian, szlifierki, pi\u0142y sto\u0142owe budowlane i ubijaki. Wszystkie nasze maszyny s\u0105 oznaczone znakiem CE i s\u0105 produkowane w UE .[\/vc_column_text][\/vc_column][\/vc_row][vc_row bottom_padding=&#8221;50&#8243;][vc_column width=&#8221;1\/4&#8243;][\/vc_column][vc_column width=&#8221;3\/4&#8243;][vc_column_text] Uniwersalne tarcze Turbo Ta sekcja zawiera wszystkie uniwersalne ostrza z ci\u0105g\u0142\u0105 koronk\u0105, zwane r\u00f3wnie\u017c TURBO, stosowane g\u0142\u00f3wnie w maszynach do szlifowania. Niekt\u00f3re produkty s\u0105 r\u00f3wnie\u017c dost\u0119pne ze \u015brednicami odpowiednimi do stosowania na pi\u0142ach.[\/vc_column_text][\/vc_column][\/vc_row][vc_row bottom_padding=&#8221;50&#8243;][vc_column width=&#8221;1\/4&#8243;][\/vc_column][vc_column width=&#8221;3\/4&#8243;][vc_column_text] Uniwersalne tarcze Laser Wszystkie uniwersalne tarcze segmentowe, zwane tak\u017ce LASER, s\u0105 przeznaczone przede wszystkim do maszyn do szlifowania. Niekt\u00f3re produkty s\u0105 r\u00f3wnie\u017c dost\u0119pne ze \u015brednicami do odpowiednimi stosowania na pi\u0142ach lub pi\u0142ach do ci\u0119cia.[\/vc_column_text][\/vc_column][\/vc_row][vc_row bottom_padding=&#8221;50&#8243;][vc_column width=&#8221;1\/4&#8243;][\/vc_column][vc_column width=&#8221;3\/4&#8243;][vc_column_text] Tarcze do Ceramiki Ta sekcja zawiera pe\u0142n\u0105 ofert\u0119 tarcz do ceramiki. Mog\u0105 one ci\u0105\u0107 wszystkie materia\u0142y ceramiczne, niezale\u017cnie od ich \u015brednicy, i mog\u0105 [&hellip;]","og_url":"https:\/\/www.maxima-dia.com\/pl\/produkty-do-ciecia\/","og_site_name":"Maxima SpA","article_publisher":"https:\/\/www.facebook.com\/Maxima-spa-106098566139597","article_modified_time":"2019-09-20T07:10:36+00:00","og_image":[{"url":"https:\/\/www.maxima-dia.com\/wp-content\/uploads\/2011\/09\/eu_flag.png","type":"","width":"","height":""}],"twitter_card":"summary_large_image","twitter_site":"@Maximadia","twitter_misc":{"Szacowany czas czytania":"3 minuty"},"schema":{"@context":"https:\/\/schema.org","@graph":[{"@type":"WebPage","@id":"https:\/\/www.maxima-dia.com\/pl\/produkty-do-ciecia\/","url":"https:\/\/www.maxima-dia.com\/pl\/produkty-do-ciecia\/","name":"Produkty do Ci\u0119cia - Maxima SpA","isPartOf":{"@id":"https:\/\/www.maxima-dia.com\/pl\/#website"},"datePublished":"2019-07-02T09:27:51+00:00","dateModified":"2019-09-20T07:10:36+00:00","breadcrumb":{"@id":"https:\/\/www.maxima-dia.com\/pl\/produkty-do-ciecia\/#breadcrumb"},"inLanguage":"pl-PL","potentialAction":[{"@type":"ReadAction","target":["https:\/\/www.maxima-dia.com\/pl\/produkty-do-ciecia\/"]}]},{"@type":"BreadcrumbList","@id":"https:\/\/www.maxima-dia.com\/pl\/produkty-do-ciecia\/#breadcrumb","itemListElement":[{"@type":"ListItem","position":1,"name":"Home","item":"https:\/\/www.maxima-dia.com\/pl\/"},{"@type":"ListItem","position":2,"name":"Produkty do Ci\u0119cia"}]},{"@type":"WebSite","@id":"https:\/\/www.maxima-dia.com\/pl\/#website","url":"https:\/\/www.maxima-dia.com\/pl\/","name":"Maxima SpA","description":"Only for the real professionals","potentialAction":[{"@type":"SearchAction","target":{"@type":"EntryPoint","urlTemplate":"https:\/\/www.maxima-dia.com\/pl\/?s={search_term_string}"},"query-input":{"@type":"PropertyValueSpecification","valueRequired":true,"valueName":"search_term_string"}}],"inLanguage":"pl-PL"}]}},"_links":{"self":[{"href":"https:\/\/www.maxima-dia.com\/pl\/wp-json\/wp\/v2\/pages\/20404"}],"collection":[{"href":"https:\/\/www.maxima-dia.com\/pl\/wp-json\/wp\/v2\/pages"}],"about":[{"href":"https:\/\/www.maxima-dia.com\/pl\/wp-json\/wp\/v2\/types\/page"}],"author":[{"embeddable":true,"href":"https:\/\/www.maxima-dia.com\/pl\/wp-json\/wp\/v2\/users\/29"}],"replies":[{"embeddable":true,"href":"https:\/\/www.maxima-dia.com\/pl\/wp-json\/wp\/v2\/comments?post=20404"}],"version-history":[{"count":0,"href":"https:\/\/www.maxima-dia.com\/pl\/wp-json\/wp\/v2\/pages\/20404\/revisions"}],"wp:attachment":[{"href":"https:\/\/www.maxima-dia.com\/pl\/wp-json\/wp\/v2\/media?parent=20404"}],"curies":[{"name":"wp","href":"https:\/\/api.w.org\/{rel}","templated":true}]}}