{"id":20427,"date":"2019-07-02T11:40:04","date_gmt":"2019-07-02T09:40:04","guid":{"rendered":"https:\/\/www.maxima-dia.com\/?page_id=20427"},"modified":"2019-09-12T12:25:02","modified_gmt":"2019-09-12T10:25:02","slug":"produkty-wiercenie","status":"publish","type":"page","link":"https:\/\/www.maxima-dia.com\/pl\/produkty-wiercenie\/","title":{"rendered":"Produkty &#8211; Wiercenie"},"content":{"rendered":"<div class=\"wpb-content-wrapper\"><p>[vc_row bottom_padding=&#8221;50&#8243;][vc_column width=&#8221;1\/1&#8243;][vc_column_text]Dla najbardziej wymagaj\u0105cych profesjonalist\u00f3w Maxima oferuje szerok\u0105 gam\u0119 narz\u0119dzi diamentowych do wiercenia. Obejmuje ona diamentowe wiert\u0142a koronkowe do wiercenia na sucho przy pomocy narz\u0119dzi r\u0119cznych, oraz diamentowe wiert\u0142a koronkowe do wiercenia na mokro przy pomocy urz\u0105dze\u0144 stacjonarnych. oferujemy szeroki wyb\u00f3r d\u0142ugo\u015bci i \u015brednic, \u0142\u0105cznie z wiert\u0142ami koronkowymi do wiercenia na g\u0142\u0119boko\u015bci ponad dw\u00f3ch metr\u00f3w. Oferujemy r\u00f3wnie\u017c szeroki wyb\u00f3r urz\u0105dze\u0144 do wiercenia otwor\u00f3w o mocy do 5200 W, maszyny do wiercenia na sucho z funkcj\u0105 odsysania py\u0142u, a tak\u017ce wiercenia na mokro za pomoc\u0105 profesjonalnych stojak\u00f3w wiertniczych.<br \/>\nWszystkie nasze maszyny s\u0105 oznaczone znakiem CE i s\u0105 produkowane w UE <img loading=\"lazy\" decoding=\"async\" class=\"alignnone wp-image-6471\" src=\"\/wp-content\/uploads\/2011\/09\/eu_flag.png\" alt=\"\" width=\"20\" height=\"16\">.[\/vc_column_text][\/vc_column][\/vc_row][vc_row bottom_padding=&#8221;50&#8243;][vc_column width=&#8221;1\/4&#8243;]<div class=\"single_image wpb_content_element align-left    \" data-animation=\"none\" data-delay=\"0\"><a href=\"\/pl\/wiertla-do-wiercenia-na-sucho\/\" target=\"_self\"><img loading=\"lazy\" decoding=\"async\" width=\"600\" height=\"600\" src=\"https:\/\/www.maxima-dia.com\/wp-content\/uploads\/2017\/04\/foretti-secco-icon.jpg\" class=\"attachment-full\" alt=\"Maxima SpA foretti secco\" title=\"Maxima SpA foretti secco\" srcset=\"https:\/\/www.maxima-dia.com\/wp-content\/uploads\/2017\/04\/foretti-secco-icon.jpg 600w, https:\/\/www.maxima-dia.com\/wp-content\/uploads\/2017\/04\/foretti-secco-icon-150x150.jpg 150w, https:\/\/www.maxima-dia.com\/wp-content\/uploads\/2017\/04\/foretti-secco-icon-300x300.jpg 300w, https:\/\/www.maxima-dia.com\/wp-content\/uploads\/2017\/04\/foretti-secco-icon-80x80.jpg 80w, https:\/\/www.maxima-dia.com\/wp-content\/uploads\/2017\/04\/foretti-secco-icon-500x500.jpg 500w\" sizes=\"(max-width: 600px) 100vw, 600px\" \/><\/a><\/div>[\/vc_column][vc_column width=&#8221;3\/4&#8243;][vc_column_text]<\/p>\n<h2><a href=\"\/pl\/wiertla-do-wiercenia-na-sucho\/\">Wiert\u0142a do Wiercenia na sucho<\/a><\/h2>\n<p>Ta sekcja zawiera szeroki asortyment diamentowych wierte\u0142 koronkowych Maxima do wiercenia na sucho przy pomocy narz\u0119dzi r\u0119cznych. Zosta\u0142y one zaprojektowane do wiercenia na sucho w betonie zbrojonym (\u017celbecie), oraz s\u0105 dost\u0119pne z \u0142\u0105cznikami M16 i 1 \u00bc&#8221;. Model Gold Spiral Core Bit od czasu swojej prezentacji w 2002 roku, dzi\u0119ki swojej niezr\u00f3wnanej wydajno\u015bci sta\u0142 si\u0119 przebojem na rynku w\u0142oskim.[\/vc_column_text][\/vc_column][\/vc_row][vc_row bottom_padding=&#8221;50&#8243;][vc_column width=&#8221;1\/4&#8243;]<div class=\"single_image wpb_content_element align-left    \" data-animation=\"none\" data-delay=\"0\"><a href=\"\/pl\/wiertla-diamentowe-koronowe-na-mokro\/\" target=\"_self\"><img loading=\"lazy\" decoding=\"async\" width=\"600\" height=\"600\" src=\"https:\/\/www.maxima-dia.com\/wp-content\/uploads\/2017\/04\/foretti-acqua-icon.jpg\" class=\"attachment-full\" alt=\"Maxima SpA foretti acqua\" title=\"Maxima SpA foretti acqua\" srcset=\"https:\/\/www.maxima-dia.com\/wp-content\/uploads\/2017\/04\/foretti-acqua-icon.jpg 600w, https:\/\/www.maxima-dia.com\/wp-content\/uploads\/2017\/04\/foretti-acqua-icon-150x150.jpg 150w, https:\/\/www.maxima-dia.com\/wp-content\/uploads\/2017\/04\/foretti-acqua-icon-300x300.jpg 300w, https:\/\/www.maxima-dia.com\/wp-content\/uploads\/2017\/04\/foretti-acqua-icon-80x80.jpg 80w, https:\/\/www.maxima-dia.com\/wp-content\/uploads\/2017\/04\/foretti-acqua-icon-500x500.jpg 500w\" sizes=\"(max-width: 600px) 100vw, 600px\" \/><\/a><\/div>[\/vc_column][vc_column width=&#8221;3\/4&#8243;][vc_column_text]<\/p>\n<h2><a href=\"\/pl\/wiertla-diamentowe-koronowe-na-mokro\/\">Wiert\u0142a Diamentowe Koronowe na mokro<\/a><\/h2>\n<p>Szeroka gama wierte\u0142 koronowych do wiercenia na mokro jest dost\u0119pna z przy\u0142\u0105czami 1\/2 i 1 \u00bc, spawane laserowo lub lutowane na twardo, o \u015brednicach od 6 do 700 mm. Z wyj\u0105tkiem wiert\u0142a kamionkowego Gold Core, s\u0105 one przeznaczone do maszyn kolumnowych.[\/vc_column_text][\/vc_column][\/vc_row][vc_row bottom_padding=&#8221;50&#8243;][vc_column width=&#8221;1\/4&#8243;]<div class=\"single_image wpb_content_element align-left    \" data-animation=\"none\" data-delay=\"0\"><a href=\"\/pl\/wiertnice\/\" target=\"_self\"><img loading=\"lazy\" decoding=\"async\" width=\"600\" height=\"600\" src=\"https:\/\/www.maxima-dia.com\/wp-content\/uploads\/2017\/04\/macchine-edili-attrezzature-accessorie-icon.jpg\" class=\"attachment-full\" alt=\"Maxima SpA macchine edili attrezzature accessorie\" title=\"Maxima SpA macchine edili attrezzature accessorie\" srcset=\"https:\/\/www.maxima-dia.com\/wp-content\/uploads\/2017\/04\/macchine-edili-attrezzature-accessorie-icon.jpg 600w, https:\/\/www.maxima-dia.com\/wp-content\/uploads\/2017\/04\/macchine-edili-attrezzature-accessorie-icon-150x150.jpg 150w, https:\/\/www.maxima-dia.com\/wp-content\/uploads\/2017\/04\/macchine-edili-attrezzature-accessorie-icon-300x300.jpg 300w, https:\/\/www.maxima-dia.com\/wp-content\/uploads\/2017\/04\/macchine-edili-attrezzature-accessorie-icon-80x80.jpg 80w, https:\/\/www.maxima-dia.com\/wp-content\/uploads\/2017\/04\/macchine-edili-attrezzature-accessorie-icon-500x500.jpg 500w\" sizes=\"(max-width: 600px) 100vw, 600px\" \/><\/a><\/div>[\/vc_column][vc_column width=&#8221;3\/4&#8243;][vc_column_text]<\/p>\n<h2><a href=\"\/pl\/wiertnice\/\">Wiertnice<\/a><\/h2>\n<p>Oferta wiertnic firmy Maxima jest jedn\u0105 z najbardziej kompletnych na rynku, znajduj\u0105 one szerokie zastosowanie w wielu segmentach rynku, od instalacji w sektorze hydraulicznym lub elektrycznym po zastosowania w sektorze budownictwa domowego i przemys\u0142owego. Znale\u017a\u0107 mo\u017cna w\u015br\u00f3d nich dwa przeboje r\u0119cznego wiercenia, CAROMAX 800 i CAROMAX 1800: maszyny, kt\u00f3re zawsze znajduj\u0105 si\u0119 w zestawie narz\u0119dzi profesjonalnego montera. Wszystkie proponowane maszyny s\u0105 produkowane na terenie Unii Europejskiej <img loading=\"lazy\" decoding=\"async\" src=\"\/wp-content\/uploads\/2011\/09\/eu_flag.png\" alt=\"\" width=\"18\" height=\"15\">, a ka\u017cda z nich ma certyfikat <strong>CE<\/strong>.[\/vc_column_text][\/vc_column][\/vc_row][vc_row bottom_padding=&#8221;50&#8243;][vc_column width=&#8221;1\/4&#8243;]<div class=\"single_image wpb_content_element align-left    \" data-animation=\"none\" data-delay=\"0\"><a href=\"\/pl\/wyposazenie-dodatkowe\/\" target=\"_self\"><img loading=\"lazy\" decoding=\"async\" width=\"600\" height=\"600\" src=\"https:\/\/www.maxima-dia.com\/wp-content\/uploads\/2017\/04\/macchine-edili-attrezzature-accessorie-icon.jpg\" class=\"attachment-full\" alt=\"Maxima SpA macchine edili attrezzature accessorie\" title=\"Maxima SpA macchine edili attrezzature accessorie\" srcset=\"https:\/\/www.maxima-dia.com\/wp-content\/uploads\/2017\/04\/macchine-edili-attrezzature-accessorie-icon.jpg 600w, https:\/\/www.maxima-dia.com\/wp-content\/uploads\/2017\/04\/macchine-edili-attrezzature-accessorie-icon-150x150.jpg 150w, https:\/\/www.maxima-dia.com\/wp-content\/uploads\/2017\/04\/macchine-edili-attrezzature-accessorie-icon-300x300.jpg 300w, https:\/\/www.maxima-dia.com\/wp-content\/uploads\/2017\/04\/macchine-edili-attrezzature-accessorie-icon-80x80.jpg 80w, https:\/\/www.maxima-dia.com\/wp-content\/uploads\/2017\/04\/macchine-edili-attrezzature-accessorie-icon-500x500.jpg 500w\" sizes=\"(max-width: 600px) 100vw, 600px\" \/><\/a><\/div>[\/vc_column][vc_column width=&#8221;3\/4&#8243;][vc_column_text]<\/p>\n<h2><a href=\"\/pl\/wyposazenie-dodatkowe\/\">Wyposa\u017cenie dodatkowe<\/a><\/h2>\n<p>W tej sekcji znajduje si\u0119 wyposa\u017cenie dodatkowe do wiertnic.[\/vc_column_text][\/vc_column][\/vc_row][vc_row bottom_padding=&#8221;50&#8243;][vc_column width=&#8221;1\/4&#8243;]<div class=\"single_image wpb_content_element align-left    \" data-animation=\"none\" data-delay=\"0\"><a href=\"\/pl\/akcesoria-do-wiercenia-na-sucho\/\" target=\"_self\"><img loading=\"lazy\" decoding=\"async\" width=\"600\" height=\"600\" src=\"https:\/\/www.maxima-dia.com\/wp-content\/uploads\/2017\/04\/accessori-carotaggio-icon.jpg\" class=\"attachment-full\" alt=\"Maxima SpA accessori carotaggio\" title=\"Maxima SpA accessori carotaggio\" srcset=\"https:\/\/www.maxima-dia.com\/wp-content\/uploads\/2017\/04\/accessori-carotaggio-icon.jpg 600w, https:\/\/www.maxima-dia.com\/wp-content\/uploads\/2017\/04\/accessori-carotaggio-icon-150x150.jpg 150w, https:\/\/www.maxima-dia.com\/wp-content\/uploads\/2017\/04\/accessori-carotaggio-icon-300x300.jpg 300w, https:\/\/www.maxima-dia.com\/wp-content\/uploads\/2017\/04\/accessori-carotaggio-icon-80x80.jpg 80w, https:\/\/www.maxima-dia.com\/wp-content\/uploads\/2017\/04\/accessori-carotaggio-icon-500x500.jpg 500w\" sizes=\"(max-width: 600px) 100vw, 600px\" \/><\/a><\/div>[\/vc_column][vc_column width=&#8221;3\/4&#8243;][vc_column_text]<\/p>\n<h2><a href=\"\/pl\/akcesoria-do-wiercenia-na-sucho\/\">Akcesoria do wiercenia na sucho<\/a><\/h2>\n<p>W tej sekcji znajduje si\u0119 sprz\u0119t i akcesoria do wiercenia otwor\u00f3w na sucho, takie jak wiert\u0142a centruj\u0105ce, adaptery i mocowania, a tak\u017ce przed\u0142u\u017cki i adaptery do monta\u017cu narz\u0119dzi diamentowych Maxima na wi\u0119kszo\u015bci maszyn na rynku.[\/vc_column_text][\/vc_column][\/vc_row][vc_row bottom_padding=&#8221;50&#8243;][vc_column width=&#8221;1\/4&#8243;]<div class=\"single_image wpb_content_element align-left    \" data-animation=\"none\" data-delay=\"0\"><a href=\"\/pl\/akcesoria-do-wiercenia-na-mokro\/\" target=\"_self\"><img loading=\"lazy\" decoding=\"async\" width=\"600\" height=\"600\" src=\"https:\/\/www.maxima-dia.com\/wp-content\/uploads\/2017\/04\/accessori-carotaggio-icon.jpg\" class=\"attachment-full\" alt=\"Maxima SpA accessori carotaggio\" title=\"Maxima SpA accessori carotaggio\" srcset=\"https:\/\/www.maxima-dia.com\/wp-content\/uploads\/2017\/04\/accessori-carotaggio-icon.jpg 600w, https:\/\/www.maxima-dia.com\/wp-content\/uploads\/2017\/04\/accessori-carotaggio-icon-150x150.jpg 150w, https:\/\/www.maxima-dia.com\/wp-content\/uploads\/2017\/04\/accessori-carotaggio-icon-300x300.jpg 300w, https:\/\/www.maxima-dia.com\/wp-content\/uploads\/2017\/04\/accessori-carotaggio-icon-80x80.jpg 80w, https:\/\/www.maxima-dia.com\/wp-content\/uploads\/2017\/04\/accessori-carotaggio-icon-500x500.jpg 500w\" sizes=\"(max-width: 600px) 100vw, 600px\" \/><\/a><\/div>[\/vc_column][vc_column width=&#8221;3\/4&#8243;][vc_column_text]<\/p>\n<h2><a href=\"\/en\/accessories-for-wet-drilling\/\">Akcesoria do wiercenia na mokro<\/a><\/h2>\n<p>W tej sekcji znajduje si\u0119 sprz\u0119t i akcesoria do wiercenia na mokro, takie jak adaptery, przed\u0142u\u017cki i zaciski.[\/vc_column_text][\/vc_column][\/vc_row]<\/p>\n<\/div>","protected":false},"excerpt":{"rendered":"<p>[vc_row bottom_padding=&#8221;50&#8243;][vc_column width=&#8221;1\/1&#8243;][vc_column_text]Dla najbardziej wymagaj\u0105cych profesjonalist\u00f3w Maxima oferuje szerok\u0105 gam\u0119 narz\u0119dzi diamentowych do wiercenia. Obejmuje ona diamentowe wiert\u0142a koronkowe do wiercenia na sucho przy pomocy narz\u0119dzi r\u0119cznych, oraz diamentowe wiert\u0142a koronkowe do wiercenia na mokro przy pomocy urz\u0105dze\u0144 stacjonarnych. oferujemy szeroki wyb\u00f3r d\u0142ugo\u015bci i \u015brednic, \u0142\u0105cznie z wiert\u0142ami koronkowymi do wiercenia na g\u0142\u0119boko\u015bci ponad dw\u00f3ch metr\u00f3w. Oferujemy r\u00f3wnie\u017c szeroki wyb\u00f3r urz\u0105dze\u0144 do wiercenia otwor\u00f3w o mocy do 5200 W, maszyny do wiercenia na sucho z funkcj\u0105 odsysania py\u0142u, a tak\u017ce wiercenia na mokro za pomoc\u0105 profesjonalnych stojak\u00f3w wiertniczych. Wszystkie nasze maszyny s\u0105 oznaczone znakiem CE i s\u0105 produkowane w UE .[\/vc_column_text][\/vc_column][\/vc_row][vc_row bottom_padding=&#8221;50&#8243;][vc_column width=&#8221;1\/4&#8243;][\/vc_column][vc_column width=&#8221;3\/4&#8243;][vc_column_text] Wiert\u0142a do Wiercenia na sucho Ta sekcja zawiera szeroki asortyment diamentowych wierte\u0142 koronkowych Maxima do wiercenia na sucho przy pomocy narz\u0119dzi r\u0119cznych. Zosta\u0142y one zaprojektowane do wiercenia na sucho w betonie zbrojonym (\u017celbecie), oraz s\u0105 dost\u0119pne z \u0142\u0105cznikami M16 i 1 \u00bc&#8221;. Model Gold Spiral Core Bit od czasu swojej prezentacji w 2002 roku, dzi\u0119ki swojej niezr\u00f3wnanej wydajno\u015bci sta\u0142 si\u0119 przebojem na rynku w\u0142oskim.[\/vc_column_text][\/vc_column][\/vc_row][vc_row bottom_padding=&#8221;50&#8243;][vc_column width=&#8221;1\/4&#8243;][\/vc_column][vc_column width=&#8221;3\/4&#8243;][vc_column_text] Wiert\u0142a Diamentowe Koronowe na mokro Szeroka gama wierte\u0142 koronowych do wiercenia na mokro jest dost\u0119pna z przy\u0142\u0105czami 1\/2 i 1 \u00bc, spawane laserowo lub lutowane na twardo, o \u015brednicach [&hellip;]<\/p>\n","protected":false},"author":29,"featured_media":0,"parent":0,"menu_order":433,"comment_status":"closed","ping_status":"closed","template":"","meta":{"ngg_post_thumbnail":0,"_joinchat":[],"footnotes":""},"class_list":["post-20427","page","type-page","status-publish","hentry"],"yoast_head":"<!-- This site is optimized with the Yoast SEO plugin v25.5 - https:\/\/yoast.com\/wordpress\/plugins\/seo\/ -->\n<title>Produkty - Wiercenie - Maxima SpA<\/title>\n<meta name=\"robots\" content=\"index, follow, max-snippet:-1, max-image-preview:large, max-video-preview:-1\" \/>\n<link rel=\"canonical\" href=\"https:\/\/www.maxima-dia.com\/pl\/produkty-wiercenie\/\" \/>\n<meta property=\"og:locale\" content=\"pl_PL\" \/>\n<meta property=\"og:type\" content=\"article\" \/>\n<meta property=\"og:title\" content=\"Produkty - Wiercenie - Maxima SpA\" \/>\n<meta property=\"og:description\" content=\"[vc_row bottom_padding=&#8221;50&#8243;][vc_column width=&#8221;1\/1&#8243;][vc_column_text]Dla najbardziej wymagaj\u0105cych profesjonalist\u00f3w Maxima oferuje szerok\u0105 gam\u0119 narz\u0119dzi diamentowych do wiercenia. Obejmuje ona diamentowe wiert\u0142a koronkowe do wiercenia na sucho przy pomocy narz\u0119dzi r\u0119cznych, oraz diamentowe wiert\u0142a koronkowe do wiercenia na mokro przy pomocy urz\u0105dze\u0144 stacjonarnych. oferujemy szeroki wyb\u00f3r d\u0142ugo\u015bci i \u015brednic, \u0142\u0105cznie z wiert\u0142ami koronkowymi do wiercenia na g\u0142\u0119boko\u015bci ponad dw\u00f3ch metr\u00f3w. Oferujemy r\u00f3wnie\u017c szeroki wyb\u00f3r urz\u0105dze\u0144 do wiercenia otwor\u00f3w o mocy do 5200 W, maszyny do wiercenia na sucho z funkcj\u0105 odsysania py\u0142u, a tak\u017ce wiercenia na mokro za pomoc\u0105 profesjonalnych stojak\u00f3w wiertniczych. Wszystkie nasze maszyny s\u0105 oznaczone znakiem CE i s\u0105 produkowane w UE .[\/vc_column_text][\/vc_column][\/vc_row][vc_row bottom_padding=&#8221;50&#8243;][vc_column width=&#8221;1\/4&#8243;][\/vc_column][vc_column width=&#8221;3\/4&#8243;][vc_column_text] Wiert\u0142a do Wiercenia na sucho Ta sekcja zawiera szeroki asortyment diamentowych wierte\u0142 koronkowych Maxima do wiercenia na sucho przy pomocy narz\u0119dzi r\u0119cznych. Zosta\u0142y one zaprojektowane do wiercenia na sucho w betonie zbrojonym (\u017celbecie), oraz s\u0105 dost\u0119pne z \u0142\u0105cznikami M16 i 1 \u00bc&#8221;. Model Gold Spiral Core Bit od czasu swojej prezentacji w 2002 roku, dzi\u0119ki swojej niezr\u00f3wnanej wydajno\u015bci sta\u0142 si\u0119 przebojem na rynku w\u0142oskim.[\/vc_column_text][\/vc_column][\/vc_row][vc_row bottom_padding=&#8221;50&#8243;][vc_column width=&#8221;1\/4&#8243;][\/vc_column][vc_column width=&#8221;3\/4&#8243;][vc_column_text] Wiert\u0142a Diamentowe Koronowe na mokro Szeroka gama wierte\u0142 koronowych do wiercenia na mokro jest dost\u0119pna z przy\u0142\u0105czami 1\/2 i 1 \u00bc, spawane laserowo lub lutowane na twardo, o \u015brednicach [&hellip;]\" \/>\n<meta property=\"og:url\" content=\"https:\/\/www.maxima-dia.com\/pl\/produkty-wiercenie\/\" \/>\n<meta property=\"og:site_name\" content=\"Maxima SpA\" \/>\n<meta property=\"article:publisher\" content=\"https:\/\/www.facebook.com\/Maxima-spa-106098566139597\" \/>\n<meta property=\"article:modified_time\" content=\"2019-09-12T10:25:02+00:00\" \/>\n<meta property=\"og:image\" content=\"https:\/\/www.maxima-dia.com\/wp-content\/uploads\/2011\/09\/eu_flag.png\" \/>\n<meta name=\"twitter:card\" content=\"summary_large_image\" \/>\n<meta name=\"twitter:site\" content=\"@Maximadia\" \/>\n<meta name=\"twitter:label1\" content=\"Szacowany czas czytania\" \/>\n\t<meta name=\"twitter:data1\" content=\"3 minuty\" \/>\n<script type=\"application\/ld+json\" class=\"yoast-schema-graph\">{\"@context\":\"https:\/\/schema.org\",\"@graph\":[{\"@type\":\"WebPage\",\"@id\":\"https:\/\/www.maxima-dia.com\/pl\/produkty-wiercenie\/\",\"url\":\"https:\/\/www.maxima-dia.com\/pl\/produkty-wiercenie\/\",\"name\":\"Produkty - Wiercenie - Maxima SpA\",\"isPartOf\":{\"@id\":\"https:\/\/www.maxima-dia.com\/pl\/#website\"},\"datePublished\":\"2019-07-02T09:40:04+00:00\",\"dateModified\":\"2019-09-12T10:25:02+00:00\",\"breadcrumb\":{\"@id\":\"https:\/\/www.maxima-dia.com\/pl\/produkty-wiercenie\/#breadcrumb\"},\"inLanguage\":\"pl-PL\",\"potentialAction\":[{\"@type\":\"ReadAction\",\"target\":[\"https:\/\/www.maxima-dia.com\/pl\/produkty-wiercenie\/\"]}]},{\"@type\":\"BreadcrumbList\",\"@id\":\"https:\/\/www.maxima-dia.com\/pl\/produkty-wiercenie\/#breadcrumb\",\"itemListElement\":[{\"@type\":\"ListItem\",\"position\":1,\"name\":\"Home\",\"item\":\"https:\/\/www.maxima-dia.com\/pl\/\"},{\"@type\":\"ListItem\",\"position\":2,\"name\":\"Produkty &#8211; Wiercenie\"}]},{\"@type\":\"WebSite\",\"@id\":\"https:\/\/www.maxima-dia.com\/pl\/#website\",\"url\":\"https:\/\/www.maxima-dia.com\/pl\/\",\"name\":\"Maxima SpA\",\"description\":\"Only for the real professionals\",\"potentialAction\":[{\"@type\":\"SearchAction\",\"target\":{\"@type\":\"EntryPoint\",\"urlTemplate\":\"https:\/\/www.maxima-dia.com\/pl\/?s={search_term_string}\"},\"query-input\":{\"@type\":\"PropertyValueSpecification\",\"valueRequired\":true,\"valueName\":\"search_term_string\"}}],\"inLanguage\":\"pl-PL\"}]}<\/script>\n<!-- \/ Yoast SEO plugin. -->","yoast_head_json":{"title":"Produkty - Wiercenie - Maxima SpA","robots":{"index":"index","follow":"follow","max-snippet":"max-snippet:-1","max-image-preview":"max-image-preview:large","max-video-preview":"max-video-preview:-1"},"canonical":"https:\/\/www.maxima-dia.com\/pl\/produkty-wiercenie\/","og_locale":"pl_PL","og_type":"article","og_title":"Produkty - Wiercenie - Maxima SpA","og_description":"[vc_row bottom_padding=&#8221;50&#8243;][vc_column width=&#8221;1\/1&#8243;][vc_column_text]Dla najbardziej wymagaj\u0105cych profesjonalist\u00f3w Maxima oferuje szerok\u0105 gam\u0119 narz\u0119dzi diamentowych do wiercenia. Obejmuje ona diamentowe wiert\u0142a koronkowe do wiercenia na sucho przy pomocy narz\u0119dzi r\u0119cznych, oraz diamentowe wiert\u0142a koronkowe do wiercenia na mokro przy pomocy urz\u0105dze\u0144 stacjonarnych. oferujemy szeroki wyb\u00f3r d\u0142ugo\u015bci i \u015brednic, \u0142\u0105cznie z wiert\u0142ami koronkowymi do wiercenia na g\u0142\u0119boko\u015bci ponad dw\u00f3ch metr\u00f3w. Oferujemy r\u00f3wnie\u017c szeroki wyb\u00f3r urz\u0105dze\u0144 do wiercenia otwor\u00f3w o mocy do 5200 W, maszyny do wiercenia na sucho z funkcj\u0105 odsysania py\u0142u, a tak\u017ce wiercenia na mokro za pomoc\u0105 profesjonalnych stojak\u00f3w wiertniczych. Wszystkie nasze maszyny s\u0105 oznaczone znakiem CE i s\u0105 produkowane w UE .[\/vc_column_text][\/vc_column][\/vc_row][vc_row bottom_padding=&#8221;50&#8243;][vc_column width=&#8221;1\/4&#8243;][\/vc_column][vc_column width=&#8221;3\/4&#8243;][vc_column_text] Wiert\u0142a do Wiercenia na sucho Ta sekcja zawiera szeroki asortyment diamentowych wierte\u0142 koronkowych Maxima do wiercenia na sucho przy pomocy narz\u0119dzi r\u0119cznych. Zosta\u0142y one zaprojektowane do wiercenia na sucho w betonie zbrojonym (\u017celbecie), oraz s\u0105 dost\u0119pne z \u0142\u0105cznikami M16 i 1 \u00bc&#8221;. Model Gold Spiral Core Bit od czasu swojej prezentacji w 2002 roku, dzi\u0119ki swojej niezr\u00f3wnanej wydajno\u015bci sta\u0142 si\u0119 przebojem na rynku w\u0142oskim.[\/vc_column_text][\/vc_column][\/vc_row][vc_row bottom_padding=&#8221;50&#8243;][vc_column width=&#8221;1\/4&#8243;][\/vc_column][vc_column width=&#8221;3\/4&#8243;][vc_column_text] Wiert\u0142a Diamentowe Koronowe na mokro Szeroka gama wierte\u0142 koronowych do wiercenia na mokro jest dost\u0119pna z przy\u0142\u0105czami 1\/2 i 1 \u00bc, spawane laserowo lub lutowane na twardo, o \u015brednicach [&hellip;]","og_url":"https:\/\/www.maxima-dia.com\/pl\/produkty-wiercenie\/","og_site_name":"Maxima SpA","article_publisher":"https:\/\/www.facebook.com\/Maxima-spa-106098566139597","article_modified_time":"2019-09-12T10:25:02+00:00","og_image":[{"url":"https:\/\/www.maxima-dia.com\/wp-content\/uploads\/2011\/09\/eu_flag.png","type":"","width":"","height":""}],"twitter_card":"summary_large_image","twitter_site":"@Maximadia","twitter_misc":{"Szacowany czas czytania":"3 minuty"},"schema":{"@context":"https:\/\/schema.org","@graph":[{"@type":"WebPage","@id":"https:\/\/www.maxima-dia.com\/pl\/produkty-wiercenie\/","url":"https:\/\/www.maxima-dia.com\/pl\/produkty-wiercenie\/","name":"Produkty - Wiercenie - Maxima SpA","isPartOf":{"@id":"https:\/\/www.maxima-dia.com\/pl\/#website"},"datePublished":"2019-07-02T09:40:04+00:00","dateModified":"2019-09-12T10:25:02+00:00","breadcrumb":{"@id":"https:\/\/www.maxima-dia.com\/pl\/produkty-wiercenie\/#breadcrumb"},"inLanguage":"pl-PL","potentialAction":[{"@type":"ReadAction","target":["https:\/\/www.maxima-dia.com\/pl\/produkty-wiercenie\/"]}]},{"@type":"BreadcrumbList","@id":"https:\/\/www.maxima-dia.com\/pl\/produkty-wiercenie\/#breadcrumb","itemListElement":[{"@type":"ListItem","position":1,"name":"Home","item":"https:\/\/www.maxima-dia.com\/pl\/"},{"@type":"ListItem","position":2,"name":"Produkty &#8211; Wiercenie"}]},{"@type":"WebSite","@id":"https:\/\/www.maxima-dia.com\/pl\/#website","url":"https:\/\/www.maxima-dia.com\/pl\/","name":"Maxima SpA","description":"Only for the real professionals","potentialAction":[{"@type":"SearchAction","target":{"@type":"EntryPoint","urlTemplate":"https:\/\/www.maxima-dia.com\/pl\/?s={search_term_string}"},"query-input":{"@type":"PropertyValueSpecification","valueRequired":true,"valueName":"search_term_string"}}],"inLanguage":"pl-PL"}]}},"_links":{"self":[{"href":"https:\/\/www.maxima-dia.com\/pl\/wp-json\/wp\/v2\/pages\/20427"}],"collection":[{"href":"https:\/\/www.maxima-dia.com\/pl\/wp-json\/wp\/v2\/pages"}],"about":[{"href":"https:\/\/www.maxima-dia.com\/pl\/wp-json\/wp\/v2\/types\/page"}],"author":[{"embeddable":true,"href":"https:\/\/www.maxima-dia.com\/pl\/wp-json\/wp\/v2\/users\/29"}],"replies":[{"embeddable":true,"href":"https:\/\/www.maxima-dia.com\/pl\/wp-json\/wp\/v2\/comments?post=20427"}],"version-history":[{"count":0,"href":"https:\/\/www.maxima-dia.com\/pl\/wp-json\/wp\/v2\/pages\/20427\/revisions"}],"wp:attachment":[{"href":"https:\/\/www.maxima-dia.com\/pl\/wp-json\/wp\/v2\/media?parent=20427"}],"curies":[{"name":"wp","href":"https:\/\/api.w.org\/{rel}","templated":true}]}}